{"id":97269,"date":"2026-02-04T15:43:10","date_gmt":"2026-02-04T15:43:10","guid":{"rendered":"https:\/\/beta.truzzer.com\/revocation\/"},"modified":"2026-02-13T08:23:05","modified_gmt":"2026-02-13T08:23:05","slug":"revocation","status":"publish","type":"page","link":"https:\/\/www.truzzer.com\/es\/revocation\/","title":{"rendered":"Revocaci\u00f3n"},"content":{"rendered":"<article class=\"entrada-contenido post-22031 tipo de p\u00e1gina-estado de p\u00e1gina-publicaci\u00f3n hentry\" id=\"post-22031\">\n<p><strong>\u00a0<\/strong><\/p>\n<p><strong>Aviso a los consumidores sobre la rescisi\u00f3n de contratos de bienes suministrados en un solo env\u00edo<\/strong><\/p>\n<p><em>Pol\u00edtica de cancelaci\u00f3n<\/em><br \/>\nUn consumidor es cualquier persona f\u00edsica que realiza un negocio jur\u00eddico con fines que en su mayor parte no son imputables a ninguna actividad profesional, ya sea comercial o aut\u00f3noma, que desarrolle.<\/p>\n<p><em>Derecho de cancelaci\u00f3n<\/em><br \/>\nTiene derecho a cancelar este contrato sin dar motivos dentro de un per\u00edodo de cancelaci\u00f3n de catorce d\u00edas que comienza el d\u00eda en que usted o un tercero designado por usted (no puede designar al transportista) recibe la mercanc\u00eda. Para ejercer su derecho de cancelaci\u00f3n deber\u00e1 comunic\u00e1rnoslo (<\/p>\n<p><strong>truzzer.com<\/strong><br \/>\nASMUS&amp;HOCK GbR<br \/>\nMoltkestr. 25<br \/>\n42799 AlemaniaN\u00famero de tel\u00e9fono: +49 2175 978 366 3<br \/>\nDirecci\u00f3n de correo electr\u00f3nico: <a class=\"__cf_email__\" data-cfemail=\"d7bfb2bbbbb897a3a5a2adadb2a5f9b4b8ba\" href=\"\/cdn-cgi\/l\/email-protection\">[correo electr\u00f3nico protegido]<\/a><\/p>\n<p>). Puede (pero no est\u00e1 obligado a hacerlo) utilizar la plantilla de formulario de cancelaci\u00f3n adjunta a esta pol\u00edtica de cancelaci\u00f3n. Se considerar\u00e1 que ha cumplido con el plazo de cancelaci\u00f3n antes mencionado si su carta, fax o correo electr\u00f3nico notific\u00e1ndonos el uso de su derecho de cancelaci\u00f3n fue enviado antes de que expirara el plazo de cancelaci\u00f3n.<\/p>\n<p><em>Consecuencias de la cancelaci\u00f3n<\/em><br \/>\nSi cancela este contrato, estamos obligados a devolver todos los pagos que hemos recibido de usted (incluidos los costos de env\u00edo, pero excluyendo los costos adicionales incurridos como resultado de que usted seleccione una opci\u00f3n de env\u00edo diferente a la opci\u00f3n de env\u00edo est\u00e1ndar y de menor costo que ofrecemos) sin demora y dentro de un per\u00edodo m\u00e1ximo de catorce d\u00edas a partir de la fecha en que recibamos su carta, fax o correo electr\u00f3nico notific\u00e1ndonos la cancelaci\u00f3n del contrato. El reembolso se produce utilizando el mismo tipo de pago que utiliz\u00f3 para la transacci\u00f3n original, a menos que se acuerde lo contrario con usted; bajo ninguna circunstancia se le cobrar\u00e1n tarifas relacionadas con el reembolso. Nos reservamos el derecho de rechazar el reembolso hasta el momento en que hayamos recibido los productos devueltos o hasta que usted haya proporcionado evidencia de que ha devuelto los productos (lo que ocurra primero). Est\u00e1 obligado a devolvernos la mercanc\u00eda sin demora y en un plazo m\u00e1ximo de catorce d\u00edas a partir de la fecha en que nos notifique la cancelaci\u00f3n de este contrato. Se considerar\u00e1 que ha cumplido el plazo de devoluci\u00f3n antes mencionado si env\u00eda la mercanc\u00eda antes de que expire el plazo de catorce d\u00edas.<\/p>\n<p>Usted es responsable del costo directo de devoluci\u00f3n de la mercanc\u00eda.<br \/>\nUsted s\u00f3lo es responsable de cualquier depreciaci\u00f3n en el valor de los bienes si dicha depreciaci\u00f3n es atribuible a la manipulaci\u00f3n no esencial de los bienes por su parte para fines distintos a la verificaci\u00f3n de la naturaleza, propiedades y funcionalidad de los mismos.<\/p>\n<p><em>Plantilla de formulario de cancelaci\u00f3n<\/em><br \/>\n(Si desea cancelar el contrato, complete este formulario y env\u00edenoslo).<br \/>\n\u2013 Para<\/p>\n<p><strong>truzzer.com<\/strong><br \/>\nASMUS&amp;HOCK GbR<br \/>\nMoltkestr. 25<br \/>\n42799 AlemaniaN\u00famero de tel\u00e9fono: +49 2175 978 366 3<br \/>\nDirecci\u00f3n de correo electr\u00f3nico: <a class=\"__cf_email__\" data-cfemail=\"2e464b4242416e5a5c5b54544b5c004d4143\" href=\"\/cdn-cgi\/l\/email-protection\">[correo electr\u00f3nico protegido]<\/a><\/p>\n<p>:<br \/>\n\u2013 Yo\/nosotros (*) cancelamos por la presente el contrato que yo\/nosotros (*) celebramos para la compra de los siguientes bienes (*)\/la prestaci\u00f3n del siguiente servicio (*)<br \/>\n\u2013 Pedido (*)\/Recibido (*)<br \/>\n\u2013 Nombre del(los) consumidor(es)<br \/>\n\u2013 Direcci\u00f3n del(los) consumidor(es)<br \/>\n\u2013 Firma del consumidor (s\u00f3lo requerida si la cancelaci\u00f3n se presenta en papel)<br \/>\n\u2013 Fecha<br \/>\n\u2014\u2014\u2014\u2014\u2014\u2014\u2014\u2014\u2014\u2014\u2014\u2014\u2014<br \/>\n(*) Eliminar lo que no corresponda.<\/p>\n<p><em>Exclusi\u00f3n y caducidad prematura del derecho de cancelaci\u00f3n<\/em><br \/>\nEl derecho de cancelaci\u00f3n no se aplica a los contratos para el<br \/>\nsuministro de bienes que no sean prefabricados y cuya fabricaci\u00f3n est\u00e9 definida por las opciones seleccionadas y los fines previstos por el consumidor o claramente adaptadas a las necesidades personales del consumidor;<br \/>\nel suministro de bienes que puedan perecer r\u00e1pidamente o exceder r\u00e1pidamente su fecha de caducidad;<br \/>\nel suministro de bebidas alcoh\u00f3licas cuyo precio se haya acordado en el momento de la celebraci\u00f3n del contrato, pero que s\u00f3lo puedan entregarse como m\u00ednimo 30 d\u00edas despu\u00e9s de la celebraci\u00f3n del contrato y cuyo valor actual est\u00e9 sujeto a fluctuaciones en el mercado sobre las cuales el empresario no tiene influencia;<br \/>\nel suministro de peri\u00f3dicos, revistas o revistas de moda, excepto aquellos para los que exista una suscripci\u00f3n. El derecho de rescisi\u00f3n expira prematuramente en el caso de contratos de suministro de bienes precintados que, por razones de protecci\u00f3n de la salud o de higiene, se consideren no aptos para su devoluci\u00f3n en la medida en que su precinto se haya roto despu\u00e9s de la entrega; su sello fue retirado despu\u00e9s de la entrega.<\/p>\n<p><strong>Aviso a los consumidores sobre la cancelaci\u00f3n de contratos de suministro de m\u00faltiples bienes pedidos como un solo pedido pero entregados por separado<\/strong><\/p>\n<p><em>Pol\u00edtica de cancelaci\u00f3n<\/em><br \/>\nUn consumidor es cualquier persona f\u00edsica que realiza un negocio jur\u00eddico con fines que en su mayor parte no son imputables a ninguna actividad profesional, ya sea comercial o aut\u00f3noma, que desarrolle.<\/p>\n<p><em>Derecho de cancelaci\u00f3n<\/em><br \/>\nTiene derecho a cancelar este contrato sin dar motivos dentro de un per\u00edodo de cancelaci\u00f3n de catorce d\u00edas que comienza el d\u00eda en que usted o un tercero designado por usted (no puede designar al transportista) recibe la \u00faltima mercanc\u00eda. Para ejercer su derecho de cancelaci\u00f3n deber\u00e1 comunic\u00e1rnoslo (<\/p>\n<p><strong>truzzer.com<\/strong><br \/>\nASMUS&amp;HOCK GbR<br \/>\nMoltkestr. 25<br \/>\n42799 AlemaniaN\u00famero de tel\u00e9fono: +49 2175 978 366 3<br \/>\nDirecci\u00f3n de correo electr\u00f3nico: <a class=\"__cf_email__\" data-cfemail=\"375f525b5b58774345424d4d52451954585a\" href=\"\/cdn-cgi\/l\/email-protection\">[email\u00a0protected]<\/a>) de su decisi\u00f3n de cancelar este contrato mediante una declaraci\u00f3n inequ\u00edvoca (por ejemplo, en forma de carta enviada por correo postal, fax o correo electr\u00f3nico). Puede (pero no est\u00e1 obligado a hacerlo) utilizar la plantilla de formulario de cancelaci\u00f3n adjunta a esta pol\u00edtica de cancelaci\u00f3n. Se considerar\u00e1 que ha cumplido con el plazo de cancelaci\u00f3n antes mencionado si su carta, fax o correo electr\u00f3nico notific\u00e1ndonos el uso de su derecho de cancelaci\u00f3n fue enviado antes de que expirara el plazo de cancelaci\u00f3n.<\/p>\n<p><em>Consecuencias de la cancelaci\u00f3n<\/em><br \/>\nSi cancela este contrato, estamos obligados a devolver todos los pagos que hemos recibido de usted (incluidos los costos de env\u00edo, pero excluyendo los costos adicionales incurridos como resultado de que usted seleccione una opci\u00f3n de env\u00edo diferente a la opci\u00f3n de env\u00edo est\u00e1ndar y de menor costo que ofrecemos) sin demora y dentro de un per\u00edodo m\u00e1ximo de catorce d\u00edas a partir de la fecha en que recibamos su carta, fax o correo electr\u00f3nico notific\u00e1ndonos la cancelaci\u00f3n de este contrato. El reembolso se produce utilizando el mismo tipo de pago que utiliz\u00f3 para la transacci\u00f3n original, a menos que se acuerde lo contrario con usted; bajo ninguna circunstancia se le cobrar\u00e1n tarifas relacionadas con el reembolso. Nos reservamos el derecho de rechazar el reembolso hasta el momento en que hayamos recibido los productos devueltos o hasta que usted haya proporcionado evidencia de que ha devuelto los productos (lo que ocurra primero). Est\u00e1 obligado a devolvernos la mercanc\u00eda sin demora y en un plazo m\u00e1ximo de catorce d\u00edas a partir de la fecha en que nos notifique la cancelaci\u00f3n de este contrato. Se considerar\u00e1 que ha cumplido el plazo de devoluci\u00f3n antes mencionado si env\u00eda la mercanc\u00eda antes de que expire el plazo de catorce d\u00edas.<\/p>\n<p>Usted es responsable del costo directo de devoluci\u00f3n de la mercanc\u00eda. Usted s\u00f3lo es responsable de cualquier depreciaci\u00f3n en el valor de los bienes si dicha depreciaci\u00f3n es atribuible a la manipulaci\u00f3n no esencial de los bienes por su parte para fines distintos a la verificaci\u00f3n de la naturaleza, propiedades y funcionalidad de los mismos.<\/p>\n<p><em>Plantilla de formulario de cancelaci\u00f3n<\/em><br \/>\n(Si desea cancelar el contrato, complete este formulario y env\u00edenoslo).<br \/>\n\u2013 Para<\/p>\n<p><strong>truzzer.com<\/strong><br \/>\nASMUS&amp;HOCK GbR<br \/>\nMoltkestr. 25<br \/>\n42799 AlemaniaN\u00famero de tel\u00e9fono: +49 2175 978 366 3<br \/>\nDirecci\u00f3n de correo electr\u00f3nico: <a class=\"__cf_email__\" data-cfemail=\"1f777a7373705f6b6d6a65657a6d317c7072\" href=\"\/cdn-cgi\/l\/email-protection\">[correo electr\u00f3nico protegido]<\/a><\/p>\n<p>:<br \/>\n\u2013 Yo\/nosotros (*) cancelamos por la presente el contrato que yo\/nosotros (*) celebramos para la compra de los siguientes bienes (*)\/la prestaci\u00f3n del siguiente servicio (*)<br \/>\n\u2013 Pedido (*)\/Recibido (*)<br \/>\n\u2013 Nombre del(los) consumidor(es)<br \/>\n\u2013 Direcci\u00f3n del(los) consumidor(es)<br \/>\n\u2013 Firma del consumidor (s\u00f3lo requerida si la cancelaci\u00f3n se presenta en papel)<br \/>\n\u2013 Fecha<br \/>\n\u2014\u2014\u2014\u2014\u2014\u2014\u2014\u2014\u2014\u2014\u2014\u2014\u2014<br \/>\n(*) Eliminar lo que no corresponda.<\/p>\n<p><em>Exclusi\u00f3n y caducidad prematura del derecho de cancelaci\u00f3n<\/em><br \/>\nEl derecho de cancelaci\u00f3n no se aplica a los contratos de suministro de bienes que no sean prefabricados y cuya fabricaci\u00f3n est\u00e9 definida por las opciones seleccionadas y los fines previstos por el consumidor o claramente adaptadas a las necesidades personales del consumidor;<br \/>\nel suministro de bienes que puedan perecer r\u00e1pidamente o exceder r\u00e1pidamente su fecha de caducidad;<br \/>\nel suministro de bebidas alcoh\u00f3licas cuyo precio se haya acordado en el momento de la celebraci\u00f3n del contrato, pero que s\u00f3lo puedan entregarse como m\u00ednimo 30 d\u00edas despu\u00e9s de la celebraci\u00f3n del contrato y cuyo valor actual est\u00e9 sujeto a fluctuaciones en el mercado sobre las cuales el empresario no tiene influencia;<br \/>\nel suministro de peri\u00f3dicos, revistas o revistas de moda, excepto aquellos para los que exista una suscripci\u00f3n. El derecho de rescisi\u00f3n expira prematuramente en el caso de contratos de suministro de bienes precintados que, por razones de protecci\u00f3n de la salud o de higiene, se consideren no aptos para su devoluci\u00f3n en la medida en que su precinto se haya roto despu\u00e9s de la entrega; su sello fue retirado despu\u00e9s de la entrega.<\/p>\n<p><strong>Aviso a los consumidores sobre la cancelaci\u00f3n de contratos de bienes suministrados en m\u00faltiples env\u00edos o en partes<\/strong><\/p>\n<p><em>Pol\u00edtica de cancelaci\u00f3n<\/em><br \/>\nUn consumidor es cualquier persona f\u00edsica que realiza un negocio jur\u00eddico con fines que en su mayor parte no son imputables a ninguna actividad profesional, ya sea comercial o aut\u00f3noma, que desarrolle.<\/p>\n<p><em>Derecho de cancelaci\u00f3n<\/em><br \/>\nTiene derecho a cancelar este contrato sin dar motivos dentro de un per\u00edodo de cancelaci\u00f3n de catorce d\u00edas que comienza el d\u00eda en que usted o un tercero designado por usted (no puede designar al transportista) recibe el \u00faltimo env\u00edo o la \u00faltima parte de los bienes solicitados. Para ejercer su derecho de cancelaci\u00f3n deber\u00e1 comunic\u00e1rnoslo (<\/p>\n<p><strong>truzzer.com<\/strong><br \/>\nASMUS&amp;HOCK GbR<br \/>\nMoltkestr. 25<br \/>\n42799 AlemaniaN\u00famero de tel\u00e9fono: +49 2175 978 366 3<br \/>\nDirecci\u00f3n de correo electr\u00f3nico: <a class=\"__cf_email__\" data-cfemail=\"640c0108080b241016111e1e01164a070b09\" href=\"\/cdn-cgi\/l\/email-protection\">[correo electr\u00f3nico protegido]<\/a><\/p>\n<p>) de su decisi\u00f3n de cancelar este contrato mediante una declaraci\u00f3n inequ\u00edvoca (por ejemplo, en forma de carta enviada por correo postal, fax o correo electr\u00f3nico). Puede (pero no est\u00e1 obligado a hacerlo) utilizar la plantilla de formulario de cancelaci\u00f3n adjunta a esta pol\u00edtica de cancelaci\u00f3n. Se considerar\u00e1 que ha cumplido con el plazo de cancelaci\u00f3n antes mencionado si su carta, fax o correo electr\u00f3nico notific\u00e1ndonos el uso de su derecho de cancelaci\u00f3n fue enviado antes de que expirara el plazo de cancelaci\u00f3n.<\/p>\n<p><em>Consecuencias de la cancelaci\u00f3n<\/em><br \/>\nSi cancela este contrato, estamos obligados a devolver todos los pagos que hemos recibido de usted (incluidos los costos de env\u00edo, pero excluyendo los costos adicionales incurridos como resultado de que usted seleccione una opci\u00f3n de env\u00edo diferente a la opci\u00f3n de env\u00edo est\u00e1ndar y de menor costo que ofrecemos) sin demora y dentro de un per\u00edodo m\u00e1ximo de catorce d\u00edas a partir de la fecha en que recibamos su carta, fax o correo electr\u00f3nico notific\u00e1ndonos la cancelaci\u00f3n de este contrato. El reembolso se produce utilizando el mismo tipo de pago que utiliz\u00f3 para la transacci\u00f3n original, a menos que se acuerde lo contrario con usted; bajo ninguna circunstancia se le cobrar\u00e1n tarifas relacionadas con el reembolso. Nos reservamos el derecho de rechazar el reembolso hasta el momento en que hayamos recibido los productos devueltos o hasta que usted haya proporcionado evidencia de que ha devuelto los productos (lo que ocurra primero). Est\u00e1 obligado a devolvernos la mercanc\u00eda sin demora y en un plazo m\u00e1ximo de catorce d\u00edas a partir de la fecha en que nos informe de la cancelaci\u00f3n de este contrato. Se considerar\u00e1 que ha cumplido el plazo de devoluci\u00f3n antes mencionado si env\u00eda la mercanc\u00eda antes de que expire el plazo de catorce d\u00edas.<\/p>\n<p>Usted es responsable del costo directo de devoluci\u00f3n de la mercanc\u00eda. Usted solo es responsable de cualquier depreciaci\u00f3n en el valor de los bienes si dicha depreciaci\u00f3n es atribuible a la manipulaci\u00f3n no esencial de los bienes por su parte para fines distintos a la verificaci\u00f3n de la naturaleza, propiedades y funcionalidad de los mismos.<em>Plantilla de formulario de cancelaci\u00f3n<\/em>(Si desea cancelar el contrato, complete este formulario y env\u00edenoslo).<br \/>\n\u2013 Para :<\/p>\n<p><strong>truzzer.com<\/strong><br \/>\nASMUS&amp;HOCK GbR<br \/>\nMoltkestr. 25<br \/>\n42799 AlemaniaN\u00famero de tel\u00e9fono: +49 2175 978 366 3<br \/>\nDirecci\u00f3n de correo electr\u00f3nico: <a class=\"__cf_email__\" data-cfemail=\"5f373a3333301f2b2d2a25253a2d713c3032\" href=\"\/cdn-cgi\/l\/email-protection\">[correo electr\u00f3nico protegido]<\/a><\/p>\n<p>\u2013 Cancelo\/nosotros (*) por la presente cancelo el contrato que\/nosotros (*) celebramos para la compra de los siguientes bienes (*)\/la prestaci\u00f3n del siguiente servicio (*)<br \/>\n\u2013 Pedido (*)\/Recibido (*)<br \/>\n\u2013 Nombre del(los) consumidor(es)<br \/>\n\u2013 Direcci\u00f3n del(los) consumidor(es)<br \/>\n\u2013 Firma del consumidor (s\u00f3lo requerida si la cancelaci\u00f3n se presenta en papel)<br \/>\n\u2013 Fecha<br \/>\n\u2014\u2014\u2014\u2014\u2014\u2014\u2014\u2014\u2014\u2014\u2014\u2014\u2014<br \/>\n(*) Eliminar lo que no corresponda.<\/p>\n<p><em>Exclusi\u00f3n y caducidad prematura del derecho de cancelaci\u00f3n<\/em><br \/>\nEl derecho de cancelaci\u00f3n no se aplica a los contratos para el<br \/>\nsuministro de bienes que no sean prefabricados y cuya fabricaci\u00f3n est\u00e9 definida por las opciones seleccionadas y los fines previstos por el consumidor o claramente adaptadas a las necesidades personales del consumidor;<br \/>\nel suministro de bienes que puedan perecer r\u00e1pidamente o exceder r\u00e1pidamente su fecha de caducidad;<br \/>\nel suministro de bebidas alcoh\u00f3licas cuyo precio se haya acordado en el momento de la celebraci\u00f3n del contrato, pero que s\u00f3lo puedan entregarse como m\u00ednimo 30 d\u00edas despu\u00e9s de la celebraci\u00f3n del contrato y cuyo valor actual est\u00e9 sujeto a fluctuaciones en el mercado sobre las cuales el empresario no tiene influencia;<br \/>\nel suministro de peri\u00f3dicos, revistas o revistas de moda, excepto aquellos para los que exista una suscripci\u00f3n. El derecho de rescisi\u00f3n expira prematuramente en el caso de contratos de suministro de bienes precintados que, por razones de protecci\u00f3n de la salud o de higiene, se consideren no aptos para su devoluci\u00f3n en la medida en que su precinto se haya roto despu\u00e9s de la entrega; su sello fue retirado despu\u00e9s de la entrega.<\/p>\n<p><\/art\u00edculo><\/p>\n","protected":false},"excerpt":{"rendered":"<p>\u00a0 Aviso a los consumidores sobre la rescisi\u00f3n de contratos de bienes suministrados en un solo env\u00edo Pol\u00edtica de cancelaci\u00f3n<\/p>\n","protected":false},"author":1,"featured_media":0,"parent":0,"menu_order":0,"comment_status":"closed","ping_status":"closed","template":"","meta":{"_acf_changed":false,"_yoast_wpseo_focuskw":"","_yoast_wpseo_title":"","_yoast_wpseo_metadesc":"","footnotes":""},"class_list":["post-97269","page","type-page","status-publish","hentry"],"acf":[],"yoast_head":"<!-- This site is optimized with the Yoast SEO plugin v27.0 - https:\/\/yoast.com\/product\/yoast-seo-wordpress\/ -->\n<title>Revocaci\u00f3n | truzzer<\/title>\n<meta name=\"robots\" content=\"index, follow, max-snippet:-1, max-image-preview:large, max-video-preview:-1\" \/>\n<link rel=\"canonical\" href=\"https:\/\/www.truzzer.com\/es\/revocation\/\" \/>\n<meta property=\"og:locale\" content=\"es_ES\" \/>\n<meta property=\"og:type\" content=\"article\" \/>\n<meta property=\"og:title\" content=\"Revocaci\u00f3n | truzzer\" \/>\n<meta property=\"og:description\" content=\"\u00a0 Aviso a los consumidores sobre la rescisi\u00f3n de contratos de bienes suministrados en un solo env\u00edo Pol\u00edtica de cancelaci\u00f3n\" \/>\n<meta property=\"og:url\" content=\"https:\/\/www.truzzer.com\/es\/revocation\/\" \/>\n<meta property=\"og:site_name\" content=\"truzzer\" \/>\n<meta property=\"article:modified_time\" content=\"2026-02-13T08:23:05+00:00\" \/>\n<meta name=\"twitter:card\" content=\"summary_large_image\" \/>\n<meta name=\"twitter:label1\" content=\"Tiempo de lectura\" \/>\n\t<meta name=\"twitter:data1\" content=\"12 minutos\" \/>\n<script type=\"application\/ld+json\" class=\"yoast-schema-graph\">{\"@context\":\"https:\/\/schema.org\",\"@graph\":[{\"@type\":\"WebPage\",\"@id\":\"https:\/\/www.truzzer.com\/es\/revocation\/\",\"url\":\"https:\/\/www.truzzer.com\/es\/revocation\/\",\"name\":\"Revocaci\u00f3n | truzzer\",\"isPartOf\":{\"@id\":\"https:\/\/www.truzzer.com\/es\/#website\"},\"datePublished\":\"2026-02-04T15:43:10+00:00\",\"dateModified\":\"2026-02-13T08:23:05+00:00\",\"breadcrumb\":{\"@id\":\"https:\/\/www.truzzer.com\/es\/revocation\/#breadcrumb\"},\"inLanguage\":\"es\",\"potentialAction\":[{\"@type\":\"ReadAction\",\"target\":[\"https:\/\/www.truzzer.com\/es\/revocation\/\"]}]},{\"@type\":\"BreadcrumbList\",\"@id\":\"https:\/\/www.truzzer.com\/es\/revocation\/#breadcrumb\",\"itemListElement\":[{\"@type\":\"ListItem\",\"position\":1,\"name\":\"Home\",\"item\":\"https:\/\/www.truzzer.com\/es\/\"},{\"@type\":\"ListItem\",\"position\":2,\"name\":\"Revocaci\u00f3n\"}]},{\"@type\":\"WebSite\",\"@id\":\"https:\/\/www.truzzer.com\/es\/#website\",\"url\":\"https:\/\/www.truzzer.com\/es\/\",\"name\":\"truzzer\",\"description\":\"Experts for customer trust\",\"publisher\":{\"@id\":\"https:\/\/www.truzzer.com\/es\/#organization\"},\"potentialAction\":[{\"@type\":\"SearchAction\",\"target\":{\"@type\":\"EntryPoint\",\"urlTemplate\":\"https:\/\/www.truzzer.com\/es\/?s={search_term_string}\"},\"query-input\":{\"@type\":\"PropertyValueSpecification\",\"valueRequired\":true,\"valueName\":\"search_term_string\"}}],\"inLanguage\":\"es\"},{\"@type\":\"Organization\",\"@id\":\"https:\/\/www.truzzer.com\/es\/#organization\",\"name\":\"truzzer\",\"url\":\"https:\/\/www.truzzer.com\/es\/\",\"logo\":{\"@type\":\"ImageObject\",\"inLanguage\":\"es\",\"@id\":\"https:\/\/www.truzzer.com\/es\/#\/schema\/logo\/image\/\",\"url\":\"https:\/\/truzzer.com\/wp-content\/uploads\/2026\/01\/truzzer-logo-black-1.svg\",\"contentUrl\":\"https:\/\/truzzer.com\/wp-content\/uploads\/2026\/01\/truzzer-logo-black-1.svg\",\"width\":938,\"height\":199,\"caption\":\"truzzer\"},\"image\":{\"@id\":\"https:\/\/www.truzzer.com\/es\/#\/schema\/logo\/image\/\"}}]}<\/script>\n<!-- \/ Yoast SEO plugin. -->","yoast_head_json":{"title":"Revocaci\u00f3n | truzzer","robots":{"index":"index","follow":"follow","max-snippet":"max-snippet:-1","max-image-preview":"max-image-preview:large","max-video-preview":"max-video-preview:-1"},"canonical":"https:\/\/www.truzzer.com\/es\/revocation\/","og_locale":"es_ES","og_type":"article","og_title":"Revocaci\u00f3n | truzzer","og_description":"\u00a0 Aviso a los consumidores sobre la rescisi\u00f3n de contratos de bienes suministrados en un solo env\u00edo Pol\u00edtica de cancelaci\u00f3n","og_url":"https:\/\/www.truzzer.com\/es\/revocation\/","og_site_name":"truzzer","article_modified_time":"2026-02-13T08:23:05+00:00","twitter_card":"summary_large_image","twitter_misc":{"Tiempo de lectura":"12 minutos"},"schema":{"@context":"https:\/\/schema.org","@graph":[{"@type":"WebPage","@id":"https:\/\/www.truzzer.com\/es\/revocation\/","url":"https:\/\/www.truzzer.com\/es\/revocation\/","name":"Revocaci\u00f3n | truzzer","isPartOf":{"@id":"https:\/\/www.truzzer.com\/es\/#website"},"datePublished":"2026-02-04T15:43:10+00:00","dateModified":"2026-02-13T08:23:05+00:00","breadcrumb":{"@id":"https:\/\/www.truzzer.com\/es\/revocation\/#breadcrumb"},"inLanguage":"es","potentialAction":[{"@type":"ReadAction","target":["https:\/\/www.truzzer.com\/es\/revocation\/"]}]},{"@type":"BreadcrumbList","@id":"https:\/\/www.truzzer.com\/es\/revocation\/#breadcrumb","itemListElement":[{"@type":"ListItem","position":1,"name":"Home","item":"https:\/\/www.truzzer.com\/es\/"},{"@type":"ListItem","position":2,"name":"Revocaci\u00f3n"}]},{"@type":"WebSite","@id":"https:\/\/www.truzzer.com\/es\/#website","url":"https:\/\/www.truzzer.com\/es\/","name":"truzzer","description":"Experts for customer trust","publisher":{"@id":"https:\/\/www.truzzer.com\/es\/#organization"},"potentialAction":[{"@type":"SearchAction","target":{"@type":"EntryPoint","urlTemplate":"https:\/\/www.truzzer.com\/es\/?s={search_term_string}"},"query-input":{"@type":"PropertyValueSpecification","valueRequired":true,"valueName":"search_term_string"}}],"inLanguage":"es"},{"@type":"Organization","@id":"https:\/\/www.truzzer.com\/es\/#organization","name":"truzzer","url":"https:\/\/www.truzzer.com\/es\/","logo":{"@type":"ImageObject","inLanguage":"es","@id":"https:\/\/www.truzzer.com\/es\/#\/schema\/logo\/image\/","url":"https:\/\/truzzer.com\/wp-content\/uploads\/2026\/01\/truzzer-logo-black-1.svg","contentUrl":"https:\/\/truzzer.com\/wp-content\/uploads\/2026\/01\/truzzer-logo-black-1.svg","width":938,"height":199,"caption":"truzzer"},"image":{"@id":"https:\/\/www.truzzer.com\/es\/#\/schema\/logo\/image\/"}}]}},"_links":{"self":[{"href":"https:\/\/www.truzzer.com\/es\/wp-json\/wp\/v2\/pages\/97269","targetHints":{"allow":["GET"]}}],"collection":[{"href":"https:\/\/www.truzzer.com\/es\/wp-json\/wp\/v2\/pages"}],"about":[{"href":"https:\/\/www.truzzer.com\/es\/wp-json\/wp\/v2\/types\/page"}],"author":[{"embeddable":true,"href":"https:\/\/www.truzzer.com\/es\/wp-json\/wp\/v2\/users\/1"}],"replies":[{"embeddable":true,"href":"https:\/\/www.truzzer.com\/es\/wp-json\/wp\/v2\/comments?post=97269"}],"version-history":[{"count":0,"href":"https:\/\/www.truzzer.com\/es\/wp-json\/wp\/v2\/pages\/97269\/revisions"}],"wp:attachment":[{"href":"https:\/\/www.truzzer.com\/es\/wp-json\/wp\/v2\/media?parent=97269"}],"curies":[{"name":"wp","href":"https:\/\/api.w.org\/{rel}","templated":true}]}}