{"id":97271,"date":"2026-02-04T15:42:54","date_gmt":"2026-02-04T15:42:54","guid":{"rendered":"https:\/\/beta.truzzer.com\/payment-methods\/"},"modified":"2026-02-13T08:25:04","modified_gmt":"2026-02-13T08:25:04","slug":"payment-methods","status":"publish","type":"page","link":"https:\/\/www.truzzer.com\/es\/payment-methods\/","title":{"rendered":"M\u00e9todos de pago"},"content":{"rendered":"<article class=\"entrada-contenido post-22034 tipo de p\u00e1gina-estado de p\u00e1gina-publicaci\u00f3n hentry\" id=\"post-22034\">\n<p><strong>\u00a0<\/strong><\/p>\n<p><strong>Tipos de pago<\/strong><\/p>\n<p>Le ofrecemos los siguientes tipos de pago. Simplemente explore la lista para encontrar el mejor tipo de pago para usted. Los costos de env\u00edo pueden variar seg\u00fan el tipo de pago seleccionado. Los precios indicados en las respectivas ofertas son finales e incluyen todos los componentes del precio (incluido cualquier impuesto aplicable, como el impuesto al valor agregado (IVA)). Otros impuestos (por ejemplo, los aplicables a compras intracomunitarias) y\/o derechos (por ejemplo, derechos de aduana) solo se generan en relaci\u00f3n con transacciones transfronterizas y se pagan a las respectivas autoridades aduaneras y\/o fiscales y no al vendedor. Los gastos de env\u00edo y entrega no est\u00e1n incluidos en el precio de compra y se pueden consultar en la p\u00e1gina \u201cGastos de env\u00edo\u201d. Se indican por separado durante el proceso de pedido y usted deber\u00e1 pagarlos adem\u00e1s del precio de compra.<\/p>\n<p><em>pago de amazon<\/em><\/p>\n<p><em>ideal<\/em><\/p>\n<p><em>Transferencia bancaria directa<\/em><\/p>\n<p>EPS<\/p>\n<p><\/art\u00edculo><\/p>\n","protected":false},"excerpt":{"rendered":"<p>\u00a0 Tipos de pago Le ofrecemos los siguientes tipos de pago. Simplemente explore la lista para encontrar el mejor tipo<\/p>\n","protected":false},"author":1,"featured_media":0,"parent":0,"menu_order":0,"comment_status":"closed","ping_status":"closed","template":"","meta":{"_acf_changed":false,"_yoast_wpseo_focuskw":"","_yoast_wpseo_title":"","_yoast_wpseo_metadesc":"","footnotes":""},"class_list":["post-97271","page","type-page","status-publish","hentry"],"acf":[],"yoast_head":"<!-- This site is optimized with the Yoast SEO plugin v27.0 - https:\/\/yoast.com\/product\/yoast-seo-wordpress\/ -->\n<title>M\u00e9todos de pago | truzzer<\/title>\n<meta name=\"robots\" content=\"index, follow, max-snippet:-1, max-image-preview:large, max-video-preview:-1\" \/>\n<link rel=\"canonical\" href=\"https:\/\/www.truzzer.com\/es\/payment-methods\/\" \/>\n<meta property=\"og:locale\" content=\"es_ES\" \/>\n<meta property=\"og:type\" content=\"article\" \/>\n<meta property=\"og:title\" content=\"M\u00e9todos de pago | truzzer\" \/>\n<meta property=\"og:description\" content=\"\u00a0 Tipos de pago Le ofrecemos los siguientes tipos de pago. Simplemente explore la lista para encontrar el mejor tipo\" \/>\n<meta property=\"og:url\" content=\"https:\/\/www.truzzer.com\/es\/payment-methods\/\" \/>\n<meta property=\"og:site_name\" content=\"truzzer\" \/>\n<meta property=\"article:modified_time\" content=\"2026-02-13T08:25:04+00:00\" \/>\n<meta name=\"twitter:card\" content=\"summary_large_image\" \/>\n<meta name=\"twitter:label1\" content=\"Tiempo de lectura\" \/>\n\t<meta name=\"twitter:data1\" content=\"1 minuto\" \/>\n<script type=\"application\/ld+json\" class=\"yoast-schema-graph\">{\"@context\":\"https:\/\/schema.org\",\"@graph\":[{\"@type\":\"WebPage\",\"@id\":\"https:\/\/www.truzzer.com\/es\/payment-methods\/\",\"url\":\"https:\/\/www.truzzer.com\/es\/payment-methods\/\",\"name\":\"M\u00e9todos de pago | truzzer\",\"isPartOf\":{\"@id\":\"https:\/\/www.truzzer.com\/es\/#website\"},\"datePublished\":\"2026-02-04T15:42:54+00:00\",\"dateModified\":\"2026-02-13T08:25:04+00:00\",\"breadcrumb\":{\"@id\":\"https:\/\/www.truzzer.com\/es\/payment-methods\/#breadcrumb\"},\"inLanguage\":\"es\",\"potentialAction\":[{\"@type\":\"ReadAction\",\"target\":[\"https:\/\/www.truzzer.com\/es\/payment-methods\/\"]}]},{\"@type\":\"BreadcrumbList\",\"@id\":\"https:\/\/www.truzzer.com\/es\/payment-methods\/#breadcrumb\",\"itemListElement\":[{\"@type\":\"ListItem\",\"position\":1,\"name\":\"Home\",\"item\":\"https:\/\/www.truzzer.com\/es\/\"},{\"@type\":\"ListItem\",\"position\":2,\"name\":\"M\u00e9todos de pago\"}]},{\"@type\":\"WebSite\",\"@id\":\"https:\/\/www.truzzer.com\/es\/#website\",\"url\":\"https:\/\/www.truzzer.com\/es\/\",\"name\":\"truzzer\",\"description\":\"Experts for customer trust\",\"publisher\":{\"@id\":\"https:\/\/www.truzzer.com\/es\/#organization\"},\"potentialAction\":[{\"@type\":\"SearchAction\",\"target\":{\"@type\":\"EntryPoint\",\"urlTemplate\":\"https:\/\/www.truzzer.com\/es\/?s={search_term_string}\"},\"query-input\":{\"@type\":\"PropertyValueSpecification\",\"valueRequired\":true,\"valueName\":\"search_term_string\"}}],\"inLanguage\":\"es\"},{\"@type\":\"Organization\",\"@id\":\"https:\/\/www.truzzer.com\/es\/#organization\",\"name\":\"truzzer\",\"url\":\"https:\/\/www.truzzer.com\/es\/\",\"logo\":{\"@type\":\"ImageObject\",\"inLanguage\":\"es\",\"@id\":\"https:\/\/www.truzzer.com\/es\/#\/schema\/logo\/image\/\",\"url\":\"https:\/\/truzzer.com\/wp-content\/uploads\/2026\/01\/truzzer-logo-black-1.svg\",\"contentUrl\":\"https:\/\/truzzer.com\/wp-content\/uploads\/2026\/01\/truzzer-logo-black-1.svg\",\"width\":938,\"height\":199,\"caption\":\"truzzer\"},\"image\":{\"@id\":\"https:\/\/www.truzzer.com\/es\/#\/schema\/logo\/image\/\"}}]}<\/script>\n<!-- \/ Yoast SEO plugin. -->","yoast_head_json":{"title":"M\u00e9todos de pago | truzzer","robots":{"index":"index","follow":"follow","max-snippet":"max-snippet:-1","max-image-preview":"max-image-preview:large","max-video-preview":"max-video-preview:-1"},"canonical":"https:\/\/www.truzzer.com\/es\/payment-methods\/","og_locale":"es_ES","og_type":"article","og_title":"M\u00e9todos de pago | truzzer","og_description":"\u00a0 Tipos de pago Le ofrecemos los siguientes tipos de pago. Simplemente explore la lista para encontrar el mejor tipo","og_url":"https:\/\/www.truzzer.com\/es\/payment-methods\/","og_site_name":"truzzer","article_modified_time":"2026-02-13T08:25:04+00:00","twitter_card":"summary_large_image","twitter_misc":{"Tiempo de lectura":"1 minuto"},"schema":{"@context":"https:\/\/schema.org","@graph":[{"@type":"WebPage","@id":"https:\/\/www.truzzer.com\/es\/payment-methods\/","url":"https:\/\/www.truzzer.com\/es\/payment-methods\/","name":"M\u00e9todos de pago | truzzer","isPartOf":{"@id":"https:\/\/www.truzzer.com\/es\/#website"},"datePublished":"2026-02-04T15:42:54+00:00","dateModified":"2026-02-13T08:25:04+00:00","breadcrumb":{"@id":"https:\/\/www.truzzer.com\/es\/payment-methods\/#breadcrumb"},"inLanguage":"es","potentialAction":[{"@type":"ReadAction","target":["https:\/\/www.truzzer.com\/es\/payment-methods\/"]}]},{"@type":"BreadcrumbList","@id":"https:\/\/www.truzzer.com\/es\/payment-methods\/#breadcrumb","itemListElement":[{"@type":"ListItem","position":1,"name":"Home","item":"https:\/\/www.truzzer.com\/es\/"},{"@type":"ListItem","position":2,"name":"M\u00e9todos de pago"}]},{"@type":"WebSite","@id":"https:\/\/www.truzzer.com\/es\/#website","url":"https:\/\/www.truzzer.com\/es\/","name":"truzzer","description":"Experts for customer trust","publisher":{"@id":"https:\/\/www.truzzer.com\/es\/#organization"},"potentialAction":[{"@type":"SearchAction","target":{"@type":"EntryPoint","urlTemplate":"https:\/\/www.truzzer.com\/es\/?s={search_term_string}"},"query-input":{"@type":"PropertyValueSpecification","valueRequired":true,"valueName":"search_term_string"}}],"inLanguage":"es"},{"@type":"Organization","@id":"https:\/\/www.truzzer.com\/es\/#organization","name":"truzzer","url":"https:\/\/www.truzzer.com\/es\/","logo":{"@type":"ImageObject","inLanguage":"es","@id":"https:\/\/www.truzzer.com\/es\/#\/schema\/logo\/image\/","url":"https:\/\/truzzer.com\/wp-content\/uploads\/2026\/01\/truzzer-logo-black-1.svg","contentUrl":"https:\/\/truzzer.com\/wp-content\/uploads\/2026\/01\/truzzer-logo-black-1.svg","width":938,"height":199,"caption":"truzzer"},"image":{"@id":"https:\/\/www.truzzer.com\/es\/#\/schema\/logo\/image\/"}}]}},"_links":{"self":[{"href":"https:\/\/www.truzzer.com\/es\/wp-json\/wp\/v2\/pages\/97271","targetHints":{"allow":["GET"]}}],"collection":[{"href":"https:\/\/www.truzzer.com\/es\/wp-json\/wp\/v2\/pages"}],"about":[{"href":"https:\/\/www.truzzer.com\/es\/wp-json\/wp\/v2\/types\/page"}],"author":[{"embeddable":true,"href":"https:\/\/www.truzzer.com\/es\/wp-json\/wp\/v2\/users\/1"}],"replies":[{"embeddable":true,"href":"https:\/\/www.truzzer.com\/es\/wp-json\/wp\/v2\/comments?post=97271"}],"version-history":[{"count":0,"href":"https:\/\/www.truzzer.com\/es\/wp-json\/wp\/v2\/pages\/97271\/revisions"}],"wp:attachment":[{"href":"https:\/\/www.truzzer.com\/es\/wp-json\/wp\/v2\/media?parent=97271"}],"curies":[{"name":"wp","href":"https:\/\/api.w.org\/{rel}","templated":true}]}}