{"id":102247,"date":"2026-02-11T10:12:12","date_gmt":"2026-02-11T10:12:12","guid":{"rendered":"https:\/\/beta.truzzer.com\/product\/instagram-tiktok-starter-visittkort-qr-kode\/"},"modified":"2026-02-13T10:35:24","modified_gmt":"2026-02-13T10:35:24","slug":"instagram-tiktok-starter-visittkort-qr-kode","status":"publish","type":"product","link":"https:\/\/www.truzzer.com\/es\/producto\/instagram-tiktok-starter-visittkort-qr-kode\/","title":{"rendered":"Instagram &amperio; Tarjeta de visita inicial TikTok &#8211; C\u00f3digo QR"},"content":{"rendered":"<p>\nEl Instagram &amp; La tarjeta de presentaci\u00f3n inicial TikTok es perfecta para cualquiera que utilice activamente las redes sociales.<br \/>\nEn el frente, el c\u00f3digo QR enlaza directamente con su perfil Instagram; en la parte posterior, lleva a los clientes a su cuenta TikTok.\n<\/p>\n<p>\nEsto convierte cada interacci\u00f3n fuera de l\u00ednea en seguidores, vistas y alcance, sin necesidad de buscar, escribir ni desviarse.\n<\/p>\n<p>\nFormato cl\u00e1sico de tarjeta de presentaci\u00f3n vertical para m\u00e1xima aceptaci\u00f3n diaria.<\/p>\n","protected":false},"excerpt":{"rendered":"<h2>\n  <img decoding=\"async\" class=\"alignnone size-full wp-image-56732\" src=\"https:\/\/truzzer.com\/wp-content\/uploads\/2026\/02\/qrscan-ezgif.com-video-to-webp-converter-1.webp\" alt=\"\" width=\"150\" height=\"150\" \/><br \/>\n<\/h2>\n<p>\nTarjeta de presentaci\u00f3n inicial de doble cara:<br \/>\nFrontal: Instagram \u2022 Posterior: TikTok, ambos directamente mediante el c\u00f3digo QR.<br \/>\nLa tarjeta de presentaci\u00f3n ideal para iniciar alcance y crecimiento social.\n<\/p>\n<p><strong>Ideal para empresas que quieran crecer en Instagram y TikTok al mismo tiempo.<\/strong><\/p>\n<p><strong>Aspectos destacados:<\/strong><\/p>\n<ul>\n<li>Frente: perfil Instagram mediante c\u00f3digo QR<\/li>\n<li>Atr\u00e1s: perfil TikTok mediante c\u00f3digo QR<\/li>\n<li>Formato de tarjeta de visita est\u00e1ndar y vertical<\/li>\n<li>Funciona con cualquier tel\u00e9fono inteligente<\/li>\n<\/ul>\n","protected":false},"featured_media":102248,"comment_status":"open","ping_status":"closed","template":"","meta":{"_acf_changed":false,"_yoast_wpseo_focuskw":"Instagram TikTok Tarjeta de visita","_yoast_wpseo_title":"Instagram & TikTok Starter Visittkort \u2013 QR-kode | truzzer","_yoast_wpseo_metadesc":"M\u00e1s seguidores en Instagram con Instagram & TikTok Starter Visittkort \u2013 QR-kode de truzzer. F\u00e1cil configuraci\u00f3n, listo para usar. \u00a1Pide ahora!"},"product_brand":[1660,1677],"product_cat":[531,612,831,916,628,1140,1141],"product_tag":[],"class_list":{"0":"post-102247","1":"product","2":"type-product","3":"status-publish","4":"has-post-thumbnail","6":"product_brand-instagram","7":"product_brand-tiktok","8":"product_cat-codigo-qr-productos","9":"product_cat-codigo-qr-tarjetas-de-visita","10":"product_cat-seguidores-de-instagram-productos","11":"product_cat-seguidores-de-instagram-tarjetas-de-visita-con-codigo-qr","12":"product_cat-seguidores-de-tiktok-productos","13":"product_cat-seguidores-de-tiktok-tarjetas-de-visita","14":"product_cat-seguidores-de-tiktok-tarjetas-de-visita-con-codigo-qr","15":"pa_material-carton","16":"pa_orientation-portrett","17":"pa_placement-bon","18":"pa_placement-folleto","19":"pa_placement-lommebok-personlig","20":"pa_placement-portemonnee-personallijk","21":"pa_product-type-visitekaartjes","22":"pa_shape-rechthoek","23":"pa_technology-codigo-qr","25":"first","26":"instock","27":"taxable","28":"shipping-taxable","29":"purchasable","30":"product-type-simple"},"acf":[],"yoast_head":"<!-- This site is optimized with the Yoast SEO plugin v27.0 - https:\/\/yoast.com\/product\/yoast-seo-wordpress\/ -->\n<title>Instagram &amp; TikTok Starter Visittkort \u2013 QR-kode | truzzer<\/title>\n<meta name=\"description\" content=\"M\u00e1s seguidores en Instagram con Instagram &amp; TikTok Starter Visittkort \u2013 QR-kode de truzzer. F\u00e1cil configuraci\u00f3n, listo para usar. \u00a1Pide ahora!\" \/>\n<meta name=\"robots\" content=\"index, follow, max-snippet:-1, max-image-preview:large, max-video-preview:-1\" \/>\n<link rel=\"canonical\" href=\"https:\/\/www.truzzer.com\/es\/producto\/instagram-tiktok-starter-visittkort-qr-kode\/\" \/>\n<meta property=\"og:locale\" content=\"es_ES\" \/>\n<meta property=\"og:type\" content=\"article\" \/>\n<meta property=\"og:title\" content=\"Instagram &amp; TikTok Starter Visittkort \u2013 QR-kode | truzzer\" \/>\n<meta property=\"og:description\" content=\"M\u00e1s seguidores en Instagram con Instagram &amp; TikTok Starter Visittkort \u2013 QR-kode de truzzer. F\u00e1cil configuraci\u00f3n, listo para usar. \u00a1Pide ahora!\" \/>\n<meta property=\"og:url\" content=\"https:\/\/www.truzzer.com\/es\/producto\/instagram-tiktok-starter-visittkort-qr-kode\/\" \/>\n<meta property=\"og:site_name\" content=\"truzzer\" \/>\n<meta property=\"article:modified_time\" content=\"2026-02-13T10:35:24+00:00\" \/>\n<meta property=\"og:image\" content=\"https:\/\/www.truzzer.com\/wp-content\/uploads\/2026\/02\/tik-insta-3.jpg\" \/>\n\t<meta property=\"og:image:width\" content=\"1200\" \/>\n\t<meta property=\"og:image:height\" content=\"1200\" \/>\n\t<meta property=\"og:image:type\" content=\"image\/jpeg\" \/>\n<meta name=\"twitter:card\" content=\"summary_large_image\" \/>\n<script type=\"application\/ld+json\" class=\"yoast-schema-graph\">{\"@context\":\"https:\/\/schema.org\",\"@graph\":[{\"@type\":\"WebPage\",\"@id\":\"https:\/\/www.truzzer.com\/es\/producto\/instagram-tiktok-starter-visittkort-qr-kode\/\",\"url\":\"https:\/\/www.truzzer.com\/es\/producto\/instagram-tiktok-starter-visittkort-qr-kode\/\",\"name\":\"Instagram & TikTok Starter Visittkort \u2013 QR-kode | truzzer\",\"isPartOf\":{\"@id\":\"https:\/\/www.truzzer.com\/es\/#website\"},\"primaryImageOfPage\":{\"@id\":\"https:\/\/www.truzzer.com\/es\/producto\/instagram-tiktok-starter-visittkort-qr-kode\/#primaryimage\"},\"image\":{\"@id\":\"https:\/\/www.truzzer.com\/es\/producto\/instagram-tiktok-starter-visittkort-qr-kode\/#primaryimage\"},\"thumbnailUrl\":\"https:\/\/www.truzzer.com\/wp-content\/uploads\/2026\/02\/tik-insta-3.jpg\",\"datePublished\":\"2026-02-11T10:12:12+00:00\",\"dateModified\":\"2026-02-13T10:35:24+00:00\",\"description\":\"M\u00e1s seguidores en Instagram con Instagram & TikTok Starter Visittkort \u2013 QR-kode de truzzer. F\u00e1cil configuraci\u00f3n, listo para usar. \u00a1Pide ahora!\",\"breadcrumb\":{\"@id\":\"https:\/\/www.truzzer.com\/es\/producto\/instagram-tiktok-starter-visittkort-qr-kode\/#breadcrumb\"},\"inLanguage\":\"es\",\"potentialAction\":[{\"@type\":\"ReadAction\",\"target\":[\"https:\/\/www.truzzer.com\/es\/producto\/instagram-tiktok-starter-visittkort-qr-kode\/\"]}]},{\"@type\":\"ImageObject\",\"inLanguage\":\"es\",\"@id\":\"https:\/\/www.truzzer.com\/es\/producto\/instagram-tiktok-starter-visittkort-qr-kode\/#primaryimage\",\"url\":\"https:\/\/www.truzzer.com\/wp-content\/uploads\/2026\/02\/tik-insta-3.jpg\",\"contentUrl\":\"https:\/\/www.truzzer.com\/wp-content\/uploads\/2026\/02\/tik-insta-3.jpg\",\"width\":1200,\"height\":1200},{\"@type\":\"BreadcrumbList\",\"@id\":\"https:\/\/www.truzzer.com\/es\/producto\/instagram-tiktok-starter-visittkort-qr-kode\/#breadcrumb\",\"itemListElement\":[{\"@type\":\"ListItem\",\"position\":1,\"name\":\"Home\",\"item\":\"https:\/\/www.truzzer.com\/es\/\"},{\"@type\":\"ListItem\",\"position\":2,\"name\":\"Tienda\",\"item\":\"https:\/\/www.truzzer.com\/es\/tienda\/\"},{\"@type\":\"ListItem\",\"position\":3,\"name\":\"Instagram &amperio; Tarjeta de visita inicial TikTok &#8211; C\u00f3digo QR\"}]},{\"@type\":\"WebSite\",\"@id\":\"https:\/\/www.truzzer.com\/es\/#website\",\"url\":\"https:\/\/www.truzzer.com\/es\/\",\"name\":\"truzzer\",\"description\":\"Experts for customer trust\",\"publisher\":{\"@id\":\"https:\/\/www.truzzer.com\/es\/#organization\"},\"potentialAction\":[{\"@type\":\"SearchAction\",\"target\":{\"@type\":\"EntryPoint\",\"urlTemplate\":\"https:\/\/www.truzzer.com\/es\/?s={search_term_string}\"},\"query-input\":{\"@type\":\"PropertyValueSpecification\",\"valueRequired\":true,\"valueName\":\"search_term_string\"}}],\"inLanguage\":\"es\"},{\"@type\":\"Organization\",\"@id\":\"https:\/\/www.truzzer.com\/es\/#organization\",\"name\":\"truzzer\",\"url\":\"https:\/\/www.truzzer.com\/es\/\",\"logo\":{\"@type\":\"ImageObject\",\"inLanguage\":\"es\",\"@id\":\"https:\/\/www.truzzer.com\/es\/#\/schema\/logo\/image\/\",\"url\":\"https:\/\/truzzer.com\/wp-content\/uploads\/2026\/01\/truzzer-logo-black-1.svg\",\"contentUrl\":\"https:\/\/truzzer.com\/wp-content\/uploads\/2026\/01\/truzzer-logo-black-1.svg\",\"width\":938,\"height\":199,\"caption\":\"truzzer\"},\"image\":{\"@id\":\"https:\/\/www.truzzer.com\/es\/#\/schema\/logo\/image\/\"}}]}<\/script>\n<!-- \/ Yoast SEO plugin. -->","yoast_head_json":{"title":"Instagram & TikTok Starter Visittkort \u2013 QR-kode | truzzer","description":"M\u00e1s seguidores en Instagram con Instagram & TikTok Starter Visittkort \u2013 QR-kode de truzzer. F\u00e1cil configuraci\u00f3n, listo para usar. \u00a1Pide ahora!","robots":{"index":"index","follow":"follow","max-snippet":"max-snippet:-1","max-image-preview":"max-image-preview:large","max-video-preview":"max-video-preview:-1"},"canonical":"https:\/\/www.truzzer.com\/es\/producto\/instagram-tiktok-starter-visittkort-qr-kode\/","og_locale":"es_ES","og_type":"article","og_title":"Instagram & TikTok Starter Visittkort \u2013 QR-kode | truzzer","og_description":"M\u00e1s seguidores en Instagram con Instagram & TikTok Starter Visittkort \u2013 QR-kode de truzzer. F\u00e1cil configuraci\u00f3n, listo para usar. \u00a1Pide ahora!","og_url":"https:\/\/www.truzzer.com\/es\/producto\/instagram-tiktok-starter-visittkort-qr-kode\/","og_site_name":"truzzer","article_modified_time":"2026-02-13T10:35:24+00:00","og_image":[{"width":1200,"height":1200,"url":"https:\/\/www.truzzer.com\/wp-content\/uploads\/2026\/02\/tik-insta-3.jpg","type":"image\/jpeg"}],"twitter_card":"summary_large_image","schema":{"@context":"https:\/\/schema.org","@graph":[{"@type":"WebPage","@id":"https:\/\/www.truzzer.com\/es\/producto\/instagram-tiktok-starter-visittkort-qr-kode\/","url":"https:\/\/www.truzzer.com\/es\/producto\/instagram-tiktok-starter-visittkort-qr-kode\/","name":"Instagram & TikTok Starter Visittkort \u2013 QR-kode | truzzer","isPartOf":{"@id":"https:\/\/www.truzzer.com\/es\/#website"},"primaryImageOfPage":{"@id":"https:\/\/www.truzzer.com\/es\/producto\/instagram-tiktok-starter-visittkort-qr-kode\/#primaryimage"},"image":{"@id":"https:\/\/www.truzzer.com\/es\/producto\/instagram-tiktok-starter-visittkort-qr-kode\/#primaryimage"},"thumbnailUrl":"https:\/\/www.truzzer.com\/wp-content\/uploads\/2026\/02\/tik-insta-3.jpg","datePublished":"2026-02-11T10:12:12+00:00","dateModified":"2026-02-13T10:35:24+00:00","description":"M\u00e1s seguidores en Instagram con Instagram & TikTok Starter Visittkort \u2013 QR-kode de truzzer. F\u00e1cil configuraci\u00f3n, listo para usar. \u00a1Pide ahora!","breadcrumb":{"@id":"https:\/\/www.truzzer.com\/es\/producto\/instagram-tiktok-starter-visittkort-qr-kode\/#breadcrumb"},"inLanguage":"es","potentialAction":[{"@type":"ReadAction","target":["https:\/\/www.truzzer.com\/es\/producto\/instagram-tiktok-starter-visittkort-qr-kode\/"]}]},{"@type":"ImageObject","inLanguage":"es","@id":"https:\/\/www.truzzer.com\/es\/producto\/instagram-tiktok-starter-visittkort-qr-kode\/#primaryimage","url":"https:\/\/www.truzzer.com\/wp-content\/uploads\/2026\/02\/tik-insta-3.jpg","contentUrl":"https:\/\/www.truzzer.com\/wp-content\/uploads\/2026\/02\/tik-insta-3.jpg","width":1200,"height":1200},{"@type":"BreadcrumbList","@id":"https:\/\/www.truzzer.com\/es\/producto\/instagram-tiktok-starter-visittkort-qr-kode\/#breadcrumb","itemListElement":[{"@type":"ListItem","position":1,"name":"Home","item":"https:\/\/www.truzzer.com\/es\/"},{"@type":"ListItem","position":2,"name":"Tienda","item":"https:\/\/www.truzzer.com\/es\/tienda\/"},{"@type":"ListItem","position":3,"name":"Instagram &amperio; Tarjeta de visita inicial TikTok &#8211; C\u00f3digo QR"}]},{"@type":"WebSite","@id":"https:\/\/www.truzzer.com\/es\/#website","url":"https:\/\/www.truzzer.com\/es\/","name":"truzzer","description":"Experts for customer trust","publisher":{"@id":"https:\/\/www.truzzer.com\/es\/#organization"},"potentialAction":[{"@type":"SearchAction","target":{"@type":"EntryPoint","urlTemplate":"https:\/\/www.truzzer.com\/es\/?s={search_term_string}"},"query-input":{"@type":"PropertyValueSpecification","valueRequired":true,"valueName":"search_term_string"}}],"inLanguage":"es"},{"@type":"Organization","@id":"https:\/\/www.truzzer.com\/es\/#organization","name":"truzzer","url":"https:\/\/www.truzzer.com\/es\/","logo":{"@type":"ImageObject","inLanguage":"es","@id":"https:\/\/www.truzzer.com\/es\/#\/schema\/logo\/image\/","url":"https:\/\/truzzer.com\/wp-content\/uploads\/2026\/01\/truzzer-logo-black-1.svg","contentUrl":"https:\/\/truzzer.com\/wp-content\/uploads\/2026\/01\/truzzer-logo-black-1.svg","width":938,"height":199,"caption":"truzzer"},"image":{"@id":"https:\/\/www.truzzer.com\/es\/#\/schema\/logo\/image\/"}}]}},"tiered_pricing_type":"fixed","tiered_pricing_fixed_rules":[],"tiered_pricing_product_settings":{"layout":"default","base_unit_name":{"singular":null,"plural":null},"default_variation":null},"tiered_pricing_minimum_quantity":null,"tiered_pricing_roles_data":[],"tiered_pricing_percentage_rules":[],"tiered_pricing_maximum_quantity":null,"tiered_pricing_quantity_step":null,"_links":{"self":[{"href":"https:\/\/www.truzzer.com\/es\/wp-json\/wp\/v2\/product\/102247","targetHints":{"allow":["GET"]}}],"collection":[{"href":"https:\/\/www.truzzer.com\/es\/wp-json\/wp\/v2\/product"}],"about":[{"href":"https:\/\/www.truzzer.com\/es\/wp-json\/wp\/v2\/types\/product"}],"replies":[{"embeddable":true,"href":"https:\/\/www.truzzer.com\/es\/wp-json\/wp\/v2\/comments?post=102247"}],"wp:featuredmedia":[{"embeddable":true,"href":"https:\/\/www.truzzer.com\/es\/wp-json\/wp\/v2\/media\/102248"}],"wp:attachment":[{"href":"https:\/\/www.truzzer.com\/es\/wp-json\/wp\/v2\/media?parent=102247"}],"wp:term":[{"taxonomy":"product_brand","embeddable":true,"href":"https:\/\/www.truzzer.com\/es\/wp-json\/wp\/v2\/product_brand?post=102247"},{"taxonomy":"product_cat","embeddable":true,"href":"https:\/\/www.truzzer.com\/es\/wp-json\/wp\/v2\/product_cat?post=102247"},{"taxonomy":"product_tag","embeddable":true,"href":"https:\/\/www.truzzer.com\/es\/wp-json\/wp\/v2\/product_tag?post=102247"}],"curies":[{"name":"wp","href":"https:\/\/api.w.org\/{rel}","templated":true}]}}