{"id":102311,"date":"2026-02-11T10:11:47","date_gmt":"2026-02-11T10:11:47","guid":{"rendered":"https:\/\/beta.truzzer.com\/product\/instagram-whatsapp-starter-visittkort-qr-kode\/"},"modified":"2026-02-13T10:38:07","modified_gmt":"2026-02-13T10:38:07","slug":"instagram-whatsapp-starter-visittkort-qr-kode","status":"publish","type":"product","link":"https:\/\/www.truzzer.com\/es\/producto\/instagram-whatsapp-starter-visittkort-qr-kode\/","title":{"rendered":"Instagram &amperio; Tarjeta de visita inicial WhatsApp &#8211; C\u00f3digo QR"},"content":{"rendered":"<p>\nCon el <strong>Instagram &amp; WhatsApp Tarjeta de visita inicial<\/strong>, combina alcance y comunicaci\u00f3n directa con el cliente en una sola tarjeta.\n<\/p>\n<p>\nEn el frente, el c\u00f3digo QR enlaza directamente con su perfil Instagram, ideal para aumentar los seguidores y la visibilidad.<br \/>\nEn la parte posterior, los clientes escanean un c\u00f3digo QR para acceder directamente a un chat WhatsApp con usted, perfecto para consultas r\u00e1pidas, citas o servicio al cliente.\n<\/p>\n<p>\nLa tarjeta se mantiene intencionalmente simple, en un formato cl\u00e1sico de tarjeta de presentaci\u00f3n vertical y optimizada para el uso comercial diario: en la tienda, despu\u00e9s de citas, en eventos o en conversaciones directas con los clientes.\n<\/p>\n<p>\nSimplemente entr\u00e9guelo, d\u00e9jelos escanear y listo.\n<\/p>\n<p>\u00ab<\/p>\n","protected":false},"excerpt":{"rendered":"<h2>\n  <img decoding=\"async\" class=\"alignnone size-full wp-image-56732\" src=\"https:\/\/truzzer.com\/wp-content\/uploads\/2026\/02\/qrscan-ezgif.com-video-to-webp-converter-1.webp\" alt=\"\" width=\"150\" height=\"150\" \/><br \/>\n<\/h2>\n<p>\nTarjeta de presentaci\u00f3n inicial de doble cara:<br \/>\nFrontal: perfil Instagram \u2022 Atr\u00e1s: contacto WhatsApp, cada uno mediante el c\u00f3digo QR.<br \/>\nFormato de tarjeta de visita vertical, cl\u00e1sico, listo para usar de inmediato.\n<\/p>\n<p><strong>Ideal para empresas que quieran combinar eficientemente las redes sociales y el contacto directo con el cliente.<\/strong><\/p>\n<p><strong>Aspectos destacados:<\/strong><\/p>\n<ul>\n<li>Frente: perfil Instagram mediante c\u00f3digo QR<\/li>\n<li>Volver: contacto WhatsApp mediante c\u00f3digo QR<\/li>\n<li>Impreso por ambas caras<\/li>\n<li>Formato de tarjeta de visita est\u00e1ndar y vertical<\/li>\n<li>Funciona con cualquier tel\u00e9fono inteligente<\/li>\n<\/ul>\n","protected":false},"featured_media":102816,"comment_status":"open","ping_status":"closed","template":"","meta":{"_acf_changed":false,"_yoast_wpseo_focuskw":"Instagram WhatsApp Tarjeta de visita","_yoast_wpseo_title":"Instagram & WhatsApp Starter Visittkort \u2013 QR-kode | truzzer","_yoast_wpseo_metadesc":"M\u00e1s seguidores en Instagram con Instagram & WhatsApp Starter Visittkort \u2013 QR-kode de truzzer. F\u00e1cil configuraci\u00f3n, listo para usar. \u00a1Pide ahora!"},"product_brand":[1660,1705],"product_cat":[934,950,951,531,612,831,915,916],"product_tag":[],"class_list":{"0":"post-102311","1":"product","2":"type-product","3":"status-publish","4":"has-post-thumbnail","6":"product_brand-instagram","7":"product_brand-whatsapp","8":"product_cat-chat-de-whatsapp-productos","9":"product_cat-chat-de-whatsapp-tarjetas-de-visita","10":"product_cat-chat-de-whatsapp-tarjetas-de-visita-con-codigo-qr","11":"product_cat-codigo-qr-productos","12":"product_cat-codigo-qr-tarjetas-de-visita","13":"product_cat-seguidores-de-instagram-productos","14":"product_cat-seguidores-de-instagram-tarjetas-de-visita","15":"product_cat-seguidores-de-instagram-tarjetas-de-visita-con-codigo-qr","16":"pa_material-carton","17":"pa_orientation-portrett","18":"pa_placement-bon","19":"pa_placement-folleto","20":"pa_placement-lommebok-personlig","21":"pa_placement-portemonnee-personallijk","22":"pa_product-type-visitekaartjes","23":"pa_shape-rechthoek","24":"pa_technology-codigo-qr","26":"first","27":"instock","28":"taxable","29":"shipping-taxable","30":"purchasable","31":"product-type-simple"},"acf":[],"yoast_head":"<!-- This site is optimized with the Yoast SEO plugin v27.0 - https:\/\/yoast.com\/product\/yoast-seo-wordpress\/ -->\n<title>Instagram &amp; WhatsApp Starter Visittkort \u2013 QR-kode | truzzer<\/title>\n<meta name=\"description\" content=\"M\u00e1s seguidores en Instagram con Instagram &amp; WhatsApp Starter Visittkort \u2013 QR-kode de truzzer. F\u00e1cil configuraci\u00f3n, listo para usar. \u00a1Pide ahora!\" \/>\n<meta name=\"robots\" content=\"index, follow, max-snippet:-1, max-image-preview:large, max-video-preview:-1\" \/>\n<link rel=\"canonical\" href=\"https:\/\/www.truzzer.com\/es\/producto\/instagram-whatsapp-starter-visittkort-qr-kode\/\" \/>\n<meta property=\"og:locale\" content=\"es_ES\" \/>\n<meta property=\"og:type\" content=\"article\" \/>\n<meta property=\"og:title\" content=\"Instagram &amp; WhatsApp Starter Visittkort \u2013 QR-kode | truzzer\" \/>\n<meta property=\"og:description\" content=\"M\u00e1s seguidores en Instagram con Instagram &amp; WhatsApp Starter Visittkort \u2013 QR-kode de truzzer. F\u00e1cil configuraci\u00f3n, listo para usar. \u00a1Pide ahora!\" \/>\n<meta property=\"og:url\" content=\"https:\/\/www.truzzer.com\/es\/producto\/instagram-whatsapp-starter-visittkort-qr-kode\/\" \/>\n<meta property=\"og:site_name\" content=\"truzzer\" \/>\n<meta property=\"article:modified_time\" content=\"2026-02-13T10:38:07+00:00\" \/>\n<meta property=\"og:image\" content=\"https:\/\/www.truzzer.com\/wp-content\/uploads\/2026\/02\/double-social-card-2-en.jpg\" \/>\n\t<meta property=\"og:image:width\" content=\"1024\" \/>\n\t<meta property=\"og:image:height\" content=\"1024\" \/>\n\t<meta property=\"og:image:type\" content=\"image\/jpeg\" \/>\n<meta name=\"twitter:card\" content=\"summary_large_image\" \/>\n<meta name=\"twitter:label1\" content=\"Tiempo de lectura\" \/>\n\t<meta name=\"twitter:data1\" content=\"1 minuto\" \/>\n<script type=\"application\/ld+json\" class=\"yoast-schema-graph\">{\"@context\":\"https:\/\/schema.org\",\"@graph\":[{\"@type\":\"WebPage\",\"@id\":\"https:\/\/www.truzzer.com\/es\/producto\/instagram-whatsapp-starter-visittkort-qr-kode\/\",\"url\":\"https:\/\/www.truzzer.com\/es\/producto\/instagram-whatsapp-starter-visittkort-qr-kode\/\",\"name\":\"Instagram & WhatsApp Starter Visittkort \u2013 QR-kode | truzzer\",\"isPartOf\":{\"@id\":\"https:\/\/www.truzzer.com\/es\/#website\"},\"primaryImageOfPage\":{\"@id\":\"https:\/\/www.truzzer.com\/es\/producto\/instagram-whatsapp-starter-visittkort-qr-kode\/#primaryimage\"},\"image\":{\"@id\":\"https:\/\/www.truzzer.com\/es\/producto\/instagram-whatsapp-starter-visittkort-qr-kode\/#primaryimage\"},\"thumbnailUrl\":\"https:\/\/www.truzzer.com\/wp-content\/uploads\/2026\/02\/double-social-card-2-en.jpg\",\"datePublished\":\"2026-02-11T10:11:47+00:00\",\"dateModified\":\"2026-02-13T10:38:07+00:00\",\"description\":\"M\u00e1s seguidores en Instagram con Instagram & WhatsApp Starter Visittkort \u2013 QR-kode de truzzer. F\u00e1cil configuraci\u00f3n, listo para usar. \u00a1Pide ahora!\",\"breadcrumb\":{\"@id\":\"https:\/\/www.truzzer.com\/es\/producto\/instagram-whatsapp-starter-visittkort-qr-kode\/#breadcrumb\"},\"inLanguage\":\"es\",\"potentialAction\":[{\"@type\":\"ReadAction\",\"target\":[\"https:\/\/www.truzzer.com\/es\/producto\/instagram-whatsapp-starter-visittkort-qr-kode\/\"]}]},{\"@type\":\"ImageObject\",\"inLanguage\":\"es\",\"@id\":\"https:\/\/www.truzzer.com\/es\/producto\/instagram-whatsapp-starter-visittkort-qr-kode\/#primaryimage\",\"url\":\"https:\/\/www.truzzer.com\/wp-content\/uploads\/2026\/02\/double-social-card-2-en.jpg\",\"contentUrl\":\"https:\/\/www.truzzer.com\/wp-content\/uploads\/2026\/02\/double-social-card-2-en.jpg\",\"width\":1024,\"height\":1024},{\"@type\":\"BreadcrumbList\",\"@id\":\"https:\/\/www.truzzer.com\/es\/producto\/instagram-whatsapp-starter-visittkort-qr-kode\/#breadcrumb\",\"itemListElement\":[{\"@type\":\"ListItem\",\"position\":1,\"name\":\"Home\",\"item\":\"https:\/\/www.truzzer.com\/es\/\"},{\"@type\":\"ListItem\",\"position\":2,\"name\":\"Tienda\",\"item\":\"https:\/\/www.truzzer.com\/es\/tienda\/\"},{\"@type\":\"ListItem\",\"position\":3,\"name\":\"Instagram &amperio; Tarjeta de visita inicial WhatsApp &#8211; C\u00f3digo QR\"}]},{\"@type\":\"WebSite\",\"@id\":\"https:\/\/www.truzzer.com\/es\/#website\",\"url\":\"https:\/\/www.truzzer.com\/es\/\",\"name\":\"truzzer\",\"description\":\"Experts for customer trust\",\"publisher\":{\"@id\":\"https:\/\/www.truzzer.com\/es\/#organization\"},\"potentialAction\":[{\"@type\":\"SearchAction\",\"target\":{\"@type\":\"EntryPoint\",\"urlTemplate\":\"https:\/\/www.truzzer.com\/es\/?s={search_term_string}\"},\"query-input\":{\"@type\":\"PropertyValueSpecification\",\"valueRequired\":true,\"valueName\":\"search_term_string\"}}],\"inLanguage\":\"es\"},{\"@type\":\"Organization\",\"@id\":\"https:\/\/www.truzzer.com\/es\/#organization\",\"name\":\"truzzer\",\"url\":\"https:\/\/www.truzzer.com\/es\/\",\"logo\":{\"@type\":\"ImageObject\",\"inLanguage\":\"es\",\"@id\":\"https:\/\/www.truzzer.com\/es\/#\/schema\/logo\/image\/\",\"url\":\"https:\/\/truzzer.com\/wp-content\/uploads\/2026\/01\/truzzer-logo-black-1.svg\",\"contentUrl\":\"https:\/\/truzzer.com\/wp-content\/uploads\/2026\/01\/truzzer-logo-black-1.svg\",\"width\":938,\"height\":199,\"caption\":\"truzzer\"},\"image\":{\"@id\":\"https:\/\/www.truzzer.com\/es\/#\/schema\/logo\/image\/\"}}]}<\/script>\n<!-- \/ Yoast SEO plugin. -->","yoast_head_json":{"title":"Instagram & WhatsApp Starter Visittkort \u2013 QR-kode | truzzer","description":"M\u00e1s seguidores en Instagram con Instagram & WhatsApp Starter Visittkort \u2013 QR-kode de truzzer. F\u00e1cil configuraci\u00f3n, listo para usar. \u00a1Pide ahora!","robots":{"index":"index","follow":"follow","max-snippet":"max-snippet:-1","max-image-preview":"max-image-preview:large","max-video-preview":"max-video-preview:-1"},"canonical":"https:\/\/www.truzzer.com\/es\/producto\/instagram-whatsapp-starter-visittkort-qr-kode\/","og_locale":"es_ES","og_type":"article","og_title":"Instagram & WhatsApp Starter Visittkort \u2013 QR-kode | truzzer","og_description":"M\u00e1s seguidores en Instagram con Instagram & WhatsApp Starter Visittkort \u2013 QR-kode de truzzer. F\u00e1cil configuraci\u00f3n, listo para usar. \u00a1Pide ahora!","og_url":"https:\/\/www.truzzer.com\/es\/producto\/instagram-whatsapp-starter-visittkort-qr-kode\/","og_site_name":"truzzer","article_modified_time":"2026-02-13T10:38:07+00:00","og_image":[{"width":1024,"height":1024,"url":"https:\/\/www.truzzer.com\/wp-content\/uploads\/2026\/02\/double-social-card-2-en.jpg","type":"image\/jpeg"}],"twitter_card":"summary_large_image","twitter_misc":{"Tiempo de lectura":"1 minuto"},"schema":{"@context":"https:\/\/schema.org","@graph":[{"@type":"WebPage","@id":"https:\/\/www.truzzer.com\/es\/producto\/instagram-whatsapp-starter-visittkort-qr-kode\/","url":"https:\/\/www.truzzer.com\/es\/producto\/instagram-whatsapp-starter-visittkort-qr-kode\/","name":"Instagram & WhatsApp Starter Visittkort \u2013 QR-kode | truzzer","isPartOf":{"@id":"https:\/\/www.truzzer.com\/es\/#website"},"primaryImageOfPage":{"@id":"https:\/\/www.truzzer.com\/es\/producto\/instagram-whatsapp-starter-visittkort-qr-kode\/#primaryimage"},"image":{"@id":"https:\/\/www.truzzer.com\/es\/producto\/instagram-whatsapp-starter-visittkort-qr-kode\/#primaryimage"},"thumbnailUrl":"https:\/\/www.truzzer.com\/wp-content\/uploads\/2026\/02\/double-social-card-2-en.jpg","datePublished":"2026-02-11T10:11:47+00:00","dateModified":"2026-02-13T10:38:07+00:00","description":"M\u00e1s seguidores en Instagram con Instagram & WhatsApp Starter Visittkort \u2013 QR-kode de truzzer. F\u00e1cil configuraci\u00f3n, listo para usar. \u00a1Pide ahora!","breadcrumb":{"@id":"https:\/\/www.truzzer.com\/es\/producto\/instagram-whatsapp-starter-visittkort-qr-kode\/#breadcrumb"},"inLanguage":"es","potentialAction":[{"@type":"ReadAction","target":["https:\/\/www.truzzer.com\/es\/producto\/instagram-whatsapp-starter-visittkort-qr-kode\/"]}]},{"@type":"ImageObject","inLanguage":"es","@id":"https:\/\/www.truzzer.com\/es\/producto\/instagram-whatsapp-starter-visittkort-qr-kode\/#primaryimage","url":"https:\/\/www.truzzer.com\/wp-content\/uploads\/2026\/02\/double-social-card-2-en.jpg","contentUrl":"https:\/\/www.truzzer.com\/wp-content\/uploads\/2026\/02\/double-social-card-2-en.jpg","width":1024,"height":1024},{"@type":"BreadcrumbList","@id":"https:\/\/www.truzzer.com\/es\/producto\/instagram-whatsapp-starter-visittkort-qr-kode\/#breadcrumb","itemListElement":[{"@type":"ListItem","position":1,"name":"Home","item":"https:\/\/www.truzzer.com\/es\/"},{"@type":"ListItem","position":2,"name":"Tienda","item":"https:\/\/www.truzzer.com\/es\/tienda\/"},{"@type":"ListItem","position":3,"name":"Instagram &amperio; Tarjeta de visita inicial WhatsApp &#8211; C\u00f3digo QR"}]},{"@type":"WebSite","@id":"https:\/\/www.truzzer.com\/es\/#website","url":"https:\/\/www.truzzer.com\/es\/","name":"truzzer","description":"Experts for customer trust","publisher":{"@id":"https:\/\/www.truzzer.com\/es\/#organization"},"potentialAction":[{"@type":"SearchAction","target":{"@type":"EntryPoint","urlTemplate":"https:\/\/www.truzzer.com\/es\/?s={search_term_string}"},"query-input":{"@type":"PropertyValueSpecification","valueRequired":true,"valueName":"search_term_string"}}],"inLanguage":"es"},{"@type":"Organization","@id":"https:\/\/www.truzzer.com\/es\/#organization","name":"truzzer","url":"https:\/\/www.truzzer.com\/es\/","logo":{"@type":"ImageObject","inLanguage":"es","@id":"https:\/\/www.truzzer.com\/es\/#\/schema\/logo\/image\/","url":"https:\/\/truzzer.com\/wp-content\/uploads\/2026\/01\/truzzer-logo-black-1.svg","contentUrl":"https:\/\/truzzer.com\/wp-content\/uploads\/2026\/01\/truzzer-logo-black-1.svg","width":938,"height":199,"caption":"truzzer"},"image":{"@id":"https:\/\/www.truzzer.com\/es\/#\/schema\/logo\/image\/"}}]}},"tiered_pricing_type":"fixed","tiered_pricing_fixed_rules":[],"tiered_pricing_product_settings":{"layout":"default","base_unit_name":{"singular":null,"plural":null},"default_variation":null},"tiered_pricing_minimum_quantity":null,"tiered_pricing_roles_data":[],"tiered_pricing_percentage_rules":[],"tiered_pricing_maximum_quantity":null,"tiered_pricing_quantity_step":null,"_links":{"self":[{"href":"https:\/\/www.truzzer.com\/es\/wp-json\/wp\/v2\/product\/102311","targetHints":{"allow":["GET"]}}],"collection":[{"href":"https:\/\/www.truzzer.com\/es\/wp-json\/wp\/v2\/product"}],"about":[{"href":"https:\/\/www.truzzer.com\/es\/wp-json\/wp\/v2\/types\/product"}],"replies":[{"embeddable":true,"href":"https:\/\/www.truzzer.com\/es\/wp-json\/wp\/v2\/comments?post=102311"}],"wp:featuredmedia":[{"embeddable":true,"href":"https:\/\/www.truzzer.com\/es\/wp-json\/wp\/v2\/media\/102816"}],"wp:attachment":[{"href":"https:\/\/www.truzzer.com\/es\/wp-json\/wp\/v2\/media?parent=102311"}],"wp:term":[{"taxonomy":"product_brand","embeddable":true,"href":"https:\/\/www.truzzer.com\/es\/wp-json\/wp\/v2\/product_brand?post=102311"},{"taxonomy":"product_cat","embeddable":true,"href":"https:\/\/www.truzzer.com\/es\/wp-json\/wp\/v2\/product_cat?post=102311"},{"taxonomy":"product_tag","embeddable":true,"href":"https:\/\/www.truzzer.com\/es\/wp-json\/wp\/v2\/product_tag?post=102311"}],"curies":[{"name":"wp","href":"https:\/\/api.w.org\/{rel}","templated":true}]}}