{"id":102355,"date":"2026-02-11T10:12:31","date_gmt":"2026-02-11T10:12:31","guid":{"rendered":"https:\/\/beta.truzzer.com\/product\/instagram-followmonster-klistremerke-qr-kode-klistremerke-folgermagnet-i-3-storrelser\/"},"modified":"2026-02-13T10:32:49","modified_gmt":"2026-02-13T10:32:49","slug":"instagram-followmonster-klistremerke-qr-kode-klistremerke-folgermagnet-i-3-storrelser","status":"publish","type":"product","link":"https:\/\/www.truzzer.com\/es\/producto\/instagram-followmonster-klistremerke-qr-kode-klistremerke-folgermagnet-i-3-storrelser\/","title":{"rendered":"Instagram Pegatina SeguirMonster | QR Etiqueta adhesiva con c\u00f3digo | Im\u00e1n seguidor en 3 tama\u00f1os"},"content":{"rendered":"<p>\nObtenga la <strong>etiqueta de FollowMonster Instagram<\/strong> \u00fanica en su tipo: un dise\u00f1o colorido y llamativo que gu\u00eda a los clientes, invitados y fan\u00e1ticos directamente a su perfil Instagram.\n<\/p>\n<p>\u2705 <strong>C\u00f3mo funciona:<\/strong><\/p>\n<ul>\n<li>El simp\u00e1tico FollowMonster apunta directamente a tu c\u00f3digo QR<\/li>\n<li>Sost\u00e9n tu tel\u00e9fono inteligente sobre \u00e9l y \u00a1listo!<\/li>\n<li>Sin aplicaci\u00f3n, sin complicaciones: empieza a generar seguidores al instante<\/li>\n<\/ul>\n<p>\u2b50 <strong>\u00bfPor qu\u00e9 seguir a Monster?<\/strong><\/p>\n<ul>\n<li>Un simp\u00e1tico que llama la atenci\u00f3n con un aspecto de arco\u00edris<\/li>\n<li>Funciona con cualquier tel\u00e9fono inteligente<\/li>\n<li>Duradero y duradero. resistente a la intemperie<\/li>\n<li>Ideal para tiendas, cafeter\u00edas, estudios, eventos y espacios. m\u00e1s<\/li>\n<\/ul>\n<p>\ud83d\udccf <strong>Disponible en 3 tama\u00f1os:<\/strong><\/p>\n<ul>\n<li><strong>9,5 cm<\/strong>: perfecto para la zona de caja o un ordenador port\u00e1til<\/li>\n<li><strong>14,8 cm<\/strong>: ideal para puertas y puertas. espejos<\/li>\n<li><strong>21 cm<\/strong>: m\u00e1xima visibilidad para escaparates y escaparates. contadores<\/li>\n<\/ul>\n<p>\nConvierta su perfil Instagram en una verdadera m\u00e1quina de seguimiento, con la <strong>etiqueta FollowMonster<\/strong> de Truzzer \ud83d\udc7e\ud83c\udf08\n<\/p>\n<h3>Paso 1: El cliente escanea el c\u00f3digo QR<\/h3>\n<p>\nPara seguirle, el cliente simplemente escanea el c\u00f3digo QR. Todo lo que tienen que hacer es apuntar la c\u00e1mara de su tel\u00e9fono inteligente a la pegatina.\n<\/p>\n<p>\n<img decoding=\"async\" class=\"alignnone wp-image-13588 size-full\" src=\"https:\/\/truzzer.de\/wp-content\/uploads\/2020\/12\/truzzer-so-gehts-instagram-scan-11.jpg\" alt=\"\" width=\"1200\" height=\"792\" \/>\n<\/p>\n<p>\nLuego, aparece una ventana emergente en la pantalla (iPhone) o aparece un \u00edcono de c\u00f3digo QR (tel\u00e9fonos inteligentes Android \/ Google).\n<\/p>\n<h3>Paso 2: El cliente es llevado directamente a su perfil Instagram<\/h3>\n<p>\nSe abre Instagram y el cliente puede seguirlo inmediatamente, as\u00ed de simple.\n<\/p>\n<p>\n<img decoding=\"async\" class=\"alignleft wp-image-13589 size-full\" src=\"https:\/\/truzzer.de\/wp-content\/uploads\/2020\/12\/truzzer-so-gehts-instagram-scan-1.jpg\" alt=\"\" width=\"1200\" height=\"792\" \/>\n<\/p>\n<p><strong>Nota:<\/strong><\/p>\n<p>\nTenga en cuenta que se requiere un perfil Instagram para ganar seguidores.\n<\/p><\/p>\n","protected":false},"excerpt":{"rendered":"<p>Cute FollowMonster + C\u00f3digo Instagram QR = \u00a1m\u00e1s seguidores en poco tiempo!<br \/>\nSimplemente deja que la gente lo escanee y comienza a ganar nuevos seguidores al instante.<\/p>\n<p>\nObtenga la exclusiva <strong>etiqueta Instagram FollowMonster<\/strong>: su colorido y llamativo elemento que llama la atenci\u00f3n y gu\u00eda a los clientes, invitados y fan\u00e1ticos directamente a su perfil Instagram.\n<\/p>\n<p>\u2705 <strong>C\u00f3mo funciona:<\/strong><\/p>\n<ul>\n<li>El simp\u00e1tico FollowMonster apunta directamente a tu c\u00f3digo QR<\/li>\n<li>Sost\u00e9n un tel\u00e9fono inteligente sobre \u00e9l y \u00a1listo!<\/li>\n<li>Sin aplicaci\u00f3n, sin complicaciones: empieza a generar seguidores al instante<\/li>\n<\/ul>\n<p>\u2b50 <strong>\u00bfPor qu\u00e9 seguir a Monster?<\/strong><\/p>\n<ul>\n<li>Un simp\u00e1tico que llama la atenci\u00f3n con un aspecto de arco\u00edris<\/li>\n<li>Funciona con cualquier tel\u00e9fono inteligente<\/li>\n<li>Duradero y duradero. resistente a la intemperie<\/li>\n<li>Ideal para tiendas, cafeter\u00edas, estudios, eventos y espacios. m\u00e1s<\/li>\n<\/ul>\n<p>\ud83d\udccf <strong>Disponible en 3 tama\u00f1os:<\/strong><\/p>\n<ul>\n<li><strong>9,5 cm<\/strong>: perfecto para la zona de caja o un ordenador port\u00e1til<\/li>\n<li><strong>14,8 cm<\/strong>: ideal para puertas y puertas. espejos<\/li>\n<li><strong>21 cm<\/strong>: m\u00e1xima visibilidad para escaparates y escaparates. contadores<\/li>\n<\/ul>\n<p>\nConvierta su perfil Instagram en una verdadera m\u00e1quina de seguimiento, con la <strong>etiqueta FollowMonster<\/strong> de Truzzer \ud83d\udc7e\ud83c\udf08\n<\/p>\n<h3><\/h3>\n","protected":false},"featured_media":102356,"comment_status":"open","ping_status":"closed","template":"","meta":{"_acf_changed":false,"_yoast_wpseo_focuskw":"Instagram c\u00f3digo QR Adhesivo","_yoast_wpseo_title":"Instagram FollowMonster-klistremerke |QR-kode-k... | truzzer","_yoast_wpseo_metadesc":"M\u00e1s seguidores Instagram con Instagram FollowMonster-klistremerke |QR-kode-klistremerke |F\u00f8lgermagnet i 3 ... de truzzer. F\u00e1cil configuraci\u00f3n. \u00a1Pide ahora!"},"product_brand":[1660],"product_cat":[532,531,845,846,831],"product_tag":[],"class_list":{"0":"post-102355","1":"product","2":"type-product","3":"status-publish","4":"has-post-thumbnail","6":"product_brand-instagram","7":"product_cat-codigo-qr-pegatinas","8":"product_cat-codigo-qr-productos","9":"product_cat-seguidores-de-instagram-pegatinas","10":"product_cat-seguidores-de-instagram-pegatinas-con-codigo-qr","11":"product_cat-seguidores-de-instagram-productos","12":"pa_product-type-etiqueta-engomada","14":"first","15":"instock","16":"taxable","17":"shipping-taxable","18":"purchasable","19":"product-type-variable","20":"has-default-attributes"},"acf":[],"yoast_head":"<!-- This site is optimized with the Yoast SEO plugin v27.0 - https:\/\/yoast.com\/product\/yoast-seo-wordpress\/ -->\n<title>Instagram FollowMonster-klistremerke |QR-kode-k... | truzzer<\/title>\n<meta name=\"description\" content=\"M\u00e1s seguidores Instagram con Instagram FollowMonster-klistremerke |QR-kode-klistremerke |F\u00f8lgermagnet i 3 ... de truzzer. F\u00e1cil configuraci\u00f3n. \u00a1Pide ahora!\" \/>\n<meta name=\"robots\" content=\"index, follow, max-snippet:-1, max-image-preview:large, max-video-preview:-1\" \/>\n<link rel=\"canonical\" href=\"https:\/\/www.truzzer.com\/es\/producto\/instagram-followmonster-klistremerke-qr-kode-klistremerke-folgermagnet-i-3-storrelser\/\" \/>\n<meta property=\"og:locale\" content=\"es_ES\" \/>\n<meta property=\"og:type\" content=\"article\" \/>\n<meta property=\"og:title\" content=\"Instagram FollowMonster-klistremerke |QR-kode-k... | truzzer\" \/>\n<meta property=\"og:description\" content=\"M\u00e1s seguidores Instagram con Instagram FollowMonster-klistremerke |QR-kode-klistremerke |F\u00f8lgermagnet i 3 ... de truzzer. F\u00e1cil configuraci\u00f3n. \u00a1Pide ahora!\" \/>\n<meta property=\"og:url\" content=\"https:\/\/www.truzzer.com\/es\/producto\/instagram-followmonster-klistremerke-qr-kode-klistremerke-folgermagnet-i-3-storrelser\/\" \/>\n<meta property=\"og:site_name\" content=\"truzzer\" \/>\n<meta property=\"article:modified_time\" content=\"2026-02-13T10:32:49+00:00\" \/>\n<meta property=\"og:image\" content=\"https:\/\/www.truzzer.com\/wp-content\/uploads\/2026\/02\/followmonster-simple-3.jpg\" \/>\n\t<meta property=\"og:image:width\" content=\"1200\" \/>\n\t<meta property=\"og:image:height\" content=\"1200\" \/>\n\t<meta property=\"og:image:type\" content=\"image\/jpeg\" \/>\n<meta name=\"twitter:card\" content=\"summary_large_image\" \/>\n<meta name=\"twitter:label1\" content=\"Tiempo de lectura\" \/>\n\t<meta name=\"twitter:data1\" content=\"1 minuto\" \/>\n<script type=\"application\/ld+json\" class=\"yoast-schema-graph\">{\"@context\":\"https:\/\/schema.org\",\"@graph\":[{\"@type\":\"WebPage\",\"@id\":\"https:\/\/www.truzzer.com\/es\/producto\/instagram-followmonster-klistremerke-qr-kode-klistremerke-folgermagnet-i-3-storrelser\/\",\"url\":\"https:\/\/www.truzzer.com\/es\/producto\/instagram-followmonster-klistremerke-qr-kode-klistremerke-folgermagnet-i-3-storrelser\/\",\"name\":\"Instagram FollowMonster-klistremerke |QR-kode-k... | truzzer\",\"isPartOf\":{\"@id\":\"https:\/\/www.truzzer.com\/es\/#website\"},\"primaryImageOfPage\":{\"@id\":\"https:\/\/www.truzzer.com\/es\/producto\/instagram-followmonster-klistremerke-qr-kode-klistremerke-folgermagnet-i-3-storrelser\/#primaryimage\"},\"image\":{\"@id\":\"https:\/\/www.truzzer.com\/es\/producto\/instagram-followmonster-klistremerke-qr-kode-klistremerke-folgermagnet-i-3-storrelser\/#primaryimage\"},\"thumbnailUrl\":\"https:\/\/www.truzzer.com\/wp-content\/uploads\/2026\/02\/followmonster-simple-3.jpg\",\"datePublished\":\"2026-02-11T10:12:31+00:00\",\"dateModified\":\"2026-02-13T10:32:49+00:00\",\"description\":\"M\u00e1s seguidores Instagram con Instagram FollowMonster-klistremerke |QR-kode-klistremerke |F\u00f8lgermagnet i 3 ... de truzzer. F\u00e1cil configuraci\u00f3n. \u00a1Pide ahora!\",\"breadcrumb\":{\"@id\":\"https:\/\/www.truzzer.com\/es\/producto\/instagram-followmonster-klistremerke-qr-kode-klistremerke-folgermagnet-i-3-storrelser\/#breadcrumb\"},\"inLanguage\":\"es\",\"potentialAction\":[{\"@type\":\"ReadAction\",\"target\":[\"https:\/\/www.truzzer.com\/es\/producto\/instagram-followmonster-klistremerke-qr-kode-klistremerke-folgermagnet-i-3-storrelser\/\"]}]},{\"@type\":\"ImageObject\",\"inLanguage\":\"es\",\"@id\":\"https:\/\/www.truzzer.com\/es\/producto\/instagram-followmonster-klistremerke-qr-kode-klistremerke-folgermagnet-i-3-storrelser\/#primaryimage\",\"url\":\"https:\/\/www.truzzer.com\/wp-content\/uploads\/2026\/02\/followmonster-simple-3.jpg\",\"contentUrl\":\"https:\/\/www.truzzer.com\/wp-content\/uploads\/2026\/02\/followmonster-simple-3.jpg\",\"width\":1200,\"height\":1200},{\"@type\":\"BreadcrumbList\",\"@id\":\"https:\/\/www.truzzer.com\/es\/producto\/instagram-followmonster-klistremerke-qr-kode-klistremerke-folgermagnet-i-3-storrelser\/#breadcrumb\",\"itemListElement\":[{\"@type\":\"ListItem\",\"position\":1,\"name\":\"Home\",\"item\":\"https:\/\/www.truzzer.com\/es\/\"},{\"@type\":\"ListItem\",\"position\":2,\"name\":\"Tienda\",\"item\":\"https:\/\/www.truzzer.com\/es\/tienda\/\"},{\"@type\":\"ListItem\",\"position\":3,\"name\":\"Instagram Pegatina SeguirMonster | QR Etiqueta adhesiva con c\u00f3digo | Im\u00e1n seguidor en 3 tama\u00f1os\"}]},{\"@type\":\"WebSite\",\"@id\":\"https:\/\/www.truzzer.com\/es\/#website\",\"url\":\"https:\/\/www.truzzer.com\/es\/\",\"name\":\"truzzer\",\"description\":\"Experts for customer trust\",\"publisher\":{\"@id\":\"https:\/\/www.truzzer.com\/es\/#organization\"},\"potentialAction\":[{\"@type\":\"SearchAction\",\"target\":{\"@type\":\"EntryPoint\",\"urlTemplate\":\"https:\/\/www.truzzer.com\/es\/?s={search_term_string}\"},\"query-input\":{\"@type\":\"PropertyValueSpecification\",\"valueRequired\":true,\"valueName\":\"search_term_string\"}}],\"inLanguage\":\"es\"},{\"@type\":\"Organization\",\"@id\":\"https:\/\/www.truzzer.com\/es\/#organization\",\"name\":\"truzzer\",\"url\":\"https:\/\/www.truzzer.com\/es\/\",\"logo\":{\"@type\":\"ImageObject\",\"inLanguage\":\"es\",\"@id\":\"https:\/\/www.truzzer.com\/es\/#\/schema\/logo\/image\/\",\"url\":\"https:\/\/truzzer.com\/wp-content\/uploads\/2026\/01\/truzzer-logo-black-1.svg\",\"contentUrl\":\"https:\/\/truzzer.com\/wp-content\/uploads\/2026\/01\/truzzer-logo-black-1.svg\",\"width\":938,\"height\":199,\"caption\":\"truzzer\"},\"image\":{\"@id\":\"https:\/\/www.truzzer.com\/es\/#\/schema\/logo\/image\/\"}}]}<\/script>\n<!-- \/ Yoast SEO plugin. -->","yoast_head_json":{"title":"Instagram FollowMonster-klistremerke |QR-kode-k... | truzzer","description":"M\u00e1s seguidores Instagram con Instagram FollowMonster-klistremerke |QR-kode-klistremerke |F\u00f8lgermagnet i 3 ... de truzzer. F\u00e1cil configuraci\u00f3n. \u00a1Pide ahora!","robots":{"index":"index","follow":"follow","max-snippet":"max-snippet:-1","max-image-preview":"max-image-preview:large","max-video-preview":"max-video-preview:-1"},"canonical":"https:\/\/www.truzzer.com\/es\/producto\/instagram-followmonster-klistremerke-qr-kode-klistremerke-folgermagnet-i-3-storrelser\/","og_locale":"es_ES","og_type":"article","og_title":"Instagram FollowMonster-klistremerke |QR-kode-k... | truzzer","og_description":"M\u00e1s seguidores Instagram con Instagram FollowMonster-klistremerke |QR-kode-klistremerke |F\u00f8lgermagnet i 3 ... de truzzer. F\u00e1cil configuraci\u00f3n. \u00a1Pide ahora!","og_url":"https:\/\/www.truzzer.com\/es\/producto\/instagram-followmonster-klistremerke-qr-kode-klistremerke-folgermagnet-i-3-storrelser\/","og_site_name":"truzzer","article_modified_time":"2026-02-13T10:32:49+00:00","og_image":[{"width":1200,"height":1200,"url":"https:\/\/www.truzzer.com\/wp-content\/uploads\/2026\/02\/followmonster-simple-3.jpg","type":"image\/jpeg"}],"twitter_card":"summary_large_image","twitter_misc":{"Tiempo de lectura":"1 minuto"},"schema":{"@context":"https:\/\/schema.org","@graph":[{"@type":"WebPage","@id":"https:\/\/www.truzzer.com\/es\/producto\/instagram-followmonster-klistremerke-qr-kode-klistremerke-folgermagnet-i-3-storrelser\/","url":"https:\/\/www.truzzer.com\/es\/producto\/instagram-followmonster-klistremerke-qr-kode-klistremerke-folgermagnet-i-3-storrelser\/","name":"Instagram FollowMonster-klistremerke |QR-kode-k... | truzzer","isPartOf":{"@id":"https:\/\/www.truzzer.com\/es\/#website"},"primaryImageOfPage":{"@id":"https:\/\/www.truzzer.com\/es\/producto\/instagram-followmonster-klistremerke-qr-kode-klistremerke-folgermagnet-i-3-storrelser\/#primaryimage"},"image":{"@id":"https:\/\/www.truzzer.com\/es\/producto\/instagram-followmonster-klistremerke-qr-kode-klistremerke-folgermagnet-i-3-storrelser\/#primaryimage"},"thumbnailUrl":"https:\/\/www.truzzer.com\/wp-content\/uploads\/2026\/02\/followmonster-simple-3.jpg","datePublished":"2026-02-11T10:12:31+00:00","dateModified":"2026-02-13T10:32:49+00:00","description":"M\u00e1s seguidores Instagram con Instagram FollowMonster-klistremerke |QR-kode-klistremerke |F\u00f8lgermagnet i 3 ... de truzzer. F\u00e1cil configuraci\u00f3n. \u00a1Pide ahora!","breadcrumb":{"@id":"https:\/\/www.truzzer.com\/es\/producto\/instagram-followmonster-klistremerke-qr-kode-klistremerke-folgermagnet-i-3-storrelser\/#breadcrumb"},"inLanguage":"es","potentialAction":[{"@type":"ReadAction","target":["https:\/\/www.truzzer.com\/es\/producto\/instagram-followmonster-klistremerke-qr-kode-klistremerke-folgermagnet-i-3-storrelser\/"]}]},{"@type":"ImageObject","inLanguage":"es","@id":"https:\/\/www.truzzer.com\/es\/producto\/instagram-followmonster-klistremerke-qr-kode-klistremerke-folgermagnet-i-3-storrelser\/#primaryimage","url":"https:\/\/www.truzzer.com\/wp-content\/uploads\/2026\/02\/followmonster-simple-3.jpg","contentUrl":"https:\/\/www.truzzer.com\/wp-content\/uploads\/2026\/02\/followmonster-simple-3.jpg","width":1200,"height":1200},{"@type":"BreadcrumbList","@id":"https:\/\/www.truzzer.com\/es\/producto\/instagram-followmonster-klistremerke-qr-kode-klistremerke-folgermagnet-i-3-storrelser\/#breadcrumb","itemListElement":[{"@type":"ListItem","position":1,"name":"Home","item":"https:\/\/www.truzzer.com\/es\/"},{"@type":"ListItem","position":2,"name":"Tienda","item":"https:\/\/www.truzzer.com\/es\/tienda\/"},{"@type":"ListItem","position":3,"name":"Instagram Pegatina SeguirMonster | QR Etiqueta adhesiva con c\u00f3digo | Im\u00e1n seguidor en 3 tama\u00f1os"}]},{"@type":"WebSite","@id":"https:\/\/www.truzzer.com\/es\/#website","url":"https:\/\/www.truzzer.com\/es\/","name":"truzzer","description":"Experts for customer trust","publisher":{"@id":"https:\/\/www.truzzer.com\/es\/#organization"},"potentialAction":[{"@type":"SearchAction","target":{"@type":"EntryPoint","urlTemplate":"https:\/\/www.truzzer.com\/es\/?s={search_term_string}"},"query-input":{"@type":"PropertyValueSpecification","valueRequired":true,"valueName":"search_term_string"}}],"inLanguage":"es"},{"@type":"Organization","@id":"https:\/\/www.truzzer.com\/es\/#organization","name":"truzzer","url":"https:\/\/www.truzzer.com\/es\/","logo":{"@type":"ImageObject","inLanguage":"es","@id":"https:\/\/www.truzzer.com\/es\/#\/schema\/logo\/image\/","url":"https:\/\/truzzer.com\/wp-content\/uploads\/2026\/01\/truzzer-logo-black-1.svg","contentUrl":"https:\/\/truzzer.com\/wp-content\/uploads\/2026\/01\/truzzer-logo-black-1.svg","width":938,"height":199,"caption":"truzzer"},"image":{"@id":"https:\/\/www.truzzer.com\/es\/#\/schema\/logo\/image\/"}}]}},"tiered_pricing_type":"fixed","tiered_pricing_fixed_rules":[],"tiered_pricing_product_settings":{"layout":"default","base_unit_name":{"singular":null,"plural":null},"default_variation":null},"tiered_pricing_minimum_quantity":null,"tiered_pricing_roles_data":[],"tiered_pricing_percentage_rules":[],"tiered_pricing_maximum_quantity":null,"tiered_pricing_quantity_step":null,"_links":{"self":[{"href":"https:\/\/www.truzzer.com\/es\/wp-json\/wp\/v2\/product\/102355","targetHints":{"allow":["GET"]}}],"collection":[{"href":"https:\/\/www.truzzer.com\/es\/wp-json\/wp\/v2\/product"}],"about":[{"href":"https:\/\/www.truzzer.com\/es\/wp-json\/wp\/v2\/types\/product"}],"replies":[{"embeddable":true,"href":"https:\/\/www.truzzer.com\/es\/wp-json\/wp\/v2\/comments?post=102355"}],"wp:featuredmedia":[{"embeddable":true,"href":"https:\/\/www.truzzer.com\/es\/wp-json\/wp\/v2\/media\/102356"}],"wp:attachment":[{"href":"https:\/\/www.truzzer.com\/es\/wp-json\/wp\/v2\/media?parent=102355"}],"wp:term":[{"taxonomy":"product_brand","embeddable":true,"href":"https:\/\/www.truzzer.com\/es\/wp-json\/wp\/v2\/product_brand?post=102355"},{"taxonomy":"product_cat","embeddable":true,"href":"https:\/\/www.truzzer.com\/es\/wp-json\/wp\/v2\/product_cat?post=102355"},{"taxonomy":"product_tag","embeddable":true,"href":"https:\/\/www.truzzer.com\/es\/wp-json\/wp\/v2\/product_tag?post=102355"}],"curies":[{"name":"wp","href":"https:\/\/api.w.org\/{rel}","templated":true}]}}