{"id":102517,"date":"2026-02-11T10:12:42","date_gmt":"2026-02-11T10:12:42","guid":{"rendered":"https:\/\/beta.truzzer.com\/product\/instagram-qr-kode-klistremerke-iconic-hologram-edition\/"},"modified":"2026-02-13T10:31:34","modified_gmt":"2026-02-13T10:31:34","slug":"instagram-qr-kode-klistremerke-iconic-hologram-edition","status":"publish","type":"product","link":"https:\/\/www.truzzer.com\/es\/producto\/instagram-qr-kode-klistremerke-iconic-hologram-edition\/","title":{"rendered":"**Instagram QR Etiqueta adhesiva con c\u00f3digo \u201cIconic\u201d \u2013 Edici\u00f3n holograma**"},"content":{"rendered":"<p>\nLa <strong>Instagram QR Etiqueta adhesiva con c\u00f3digo \u201cIconic\u201d (Edici\u00f3n Holograma)<\/strong> combina un dise\u00f1o moderno con la m\u00e1xima visibilidad.<br \/>\nGracias a su efecto hologr\u00e1fico, la pegatina refleja todos los colores del arco\u00edris en funci\u00f3n de la luz: un verdadero atractivo que destaca al instante.\n<\/p>\n<p>\nSu <strong>c\u00f3digo QR<\/strong> personalizado lleva a los clientes directamente a su perfil Instagram.<br \/>\nSin buscar ni escribir: basta con un escaneo y estar\u00e1 presente instant\u00e1neamente en el tel\u00e9fono inteligente de su audiencia.\n<\/p>\n<p><strong>Beneficios de un vistazo:<\/strong><\/p>\n<ul>\n<li>\u2728 <strong>Acabado holograma<\/strong>: un aspecto \u00fanico que atrae todas las miradas.<\/li>\n<li>\ud83d\udcf2 <strong>Con el c\u00f3digo QR<\/strong>: acceso directo a su perfil Instagram.<\/li>\n<li>\ud83d\udccd <strong>Ubicaci\u00f3n flexible<\/strong>: para escaparates, puertas, espejos, \u00e1reas de pago, embalajes de productos o eventos.<\/li>\n<li>\ud83d\udccf <strong>Disponible en tres tama\u00f1os<\/strong>: 9,5 cm, 14,8 cm y 21 cm.<\/li>\n<li>\ud83c\udde9\ud83c\uddea <strong>Calidad superior<\/strong>: robusta, resistente a la intemperie y producida en Alemania.<\/li>\n<\/ul>\n<p>\nYa sea en comercios minoristas, hosteler\u00eda, estudios o eventos, esta pegatina ayuda a que su perfil Instagram se destaque.\n<\/p>\n<p>\n\u2705 <strong>La combinaci\u00f3n perfecta de estilo y estilo. funci\u00f3n para su negocio.<\/strong>\n<\/p>\n<h3>Paso 1: El cliente escanea el c\u00f3digo QR<\/h3>\n<p>\nPara seguirle, el cliente simplemente escanea el c\u00f3digo QR. Todo lo que tienen que hacer es apuntar la c\u00e1mara de su tel\u00e9fono inteligente a la pegatina.\n<\/p>\n<p>\n<img decoding=\"async\" class=\"alignnone wp-image-13588 size-full\" src=\"https:\/\/truzzer.de\/wp-content\/uploads\/2020\/12\/truzzer-so-gehts-instagram-scan-11.jpg\" alt=\"\" width=\"1200\" height=\"792\" \/>\n<\/p>\n<p>\nLuego, aparece una ventana emergente en la pantalla (iPhone) o aparece un \u00edcono de c\u00f3digo QR (tel\u00e9fonos inteligentes Android \/ Google).\n<\/p>\n<h3>Paso 2: El cliente es llevado directamente a su perfil Instagram<\/h3>\n<p>\nSe abre Instagram y el cliente puede seguirlo inmediatamente, as\u00ed de simple.\n<\/p>\n<p>\n<img decoding=\"async\" class=\"alignleft wp-image-13589 size-full\" src=\"https:\/\/truzzer.de\/wp-content\/uploads\/2020\/12\/truzzer-so-gehts-instagram-scan-1.jpg\" alt=\"\" width=\"1200\" height=\"792\" \/>\n<\/p>\n<p><strong>Nota:<\/strong><\/p>\n<p>\nTenga en cuenta que se requiere un perfil Instagram para ganar seguidores.<\/p>\n","protected":false},"excerpt":{"rendered":"<p>\n\u00a1Pon tu Instagram en el centro de atenci\u00f3n!<br \/>\nCon la <strong>etiqueta hologr\u00e1fica ic\u00f3nica Instagram<\/strong> obtendr\u00e1s lo \u00faltimo en atractivo para tu negocio.<br \/>\nEl dise\u00f1o hologr\u00e1fico garantiza la m\u00e1xima atenci\u00f3n y, por supuesto, su c\u00f3digo QR funciona de manera confiable.<br \/>\nPerfecto para escaparates, puertas, espejos, mostradores, embalajes y accesorios. eventos<\/strong>.\n<\/p>\n<p>\nDisponible en <strong>3 tama\u00f1os<\/strong>: 9,5 cm, 14,8 cm, 21 cm.<\/p>\n","protected":false},"featured_media":102518,"comment_status":"open","ping_status":"closed","template":"","meta":{"_acf_changed":false,"_yoast_wpseo_focuskw":"Instagram c\u00f3digo QR Adhesivo","_yoast_wpseo_title":"Instagram QR-kode-klistremerke \u00abIconic\u00bb \u2013 Holog... | truzzer","_yoast_wpseo_metadesc":"M\u00e1s seguidores en Instagram con Instagram QR-kode-klistremerke \u00abIconic\u00bb \u2013 Hologram Edition de truzzer. F\u00e1cil configuraci\u00f3n, listo para usar. \u00a1Pide ahora!"},"product_brand":[1660],"product_cat":[792,845,846,831],"product_tag":[],"class_list":{"0":"post-102517","1":"product","2":"type-product","3":"status-publish","4":"has-post-thumbnail","6":"product_brand-instagram","7":"product_cat-resena-de-google-tarjetas","8":"product_cat-seguidores-de-instagram-pegatinas","9":"product_cat-seguidores-de-instagram-pegatinas-con-codigo-qr","10":"product_cat-seguidores-de-instagram-productos","11":"pa_material-vinyl","12":"pa_product-type-etiqueta-engomada","13":"pa_shape-ronda","14":"pa_technology-codigo-qr","16":"first","17":"instock","18":"taxable","19":"shipping-taxable","20":"purchasable","21":"product-type-variable","22":"has-default-attributes"},"acf":[],"yoast_head":"<!-- This site is optimized with the Yoast SEO plugin v27.0 - https:\/\/yoast.com\/product\/yoast-seo-wordpress\/ -->\n<title>Instagram QR-kode-klistremerke \u00abIconic\u00bb \u2013 Holog... | truzzer<\/title>\n<meta name=\"description\" content=\"M\u00e1s seguidores en Instagram con Instagram QR-kode-klistremerke \u00abIconic\u00bb \u2013 Hologram Edition de truzzer. F\u00e1cil configuraci\u00f3n, listo para usar. \u00a1Pide ahora!\" \/>\n<meta name=\"robots\" content=\"index, follow, max-snippet:-1, max-image-preview:large, max-video-preview:-1\" \/>\n<link rel=\"canonical\" href=\"https:\/\/www.truzzer.com\/es\/producto\/instagram-qr-kode-klistremerke-iconic-hologram-edition\/\" \/>\n<meta property=\"og:locale\" content=\"es_ES\" \/>\n<meta property=\"og:type\" content=\"article\" \/>\n<meta property=\"og:title\" content=\"Instagram QR-kode-klistremerke \u00abIconic\u00bb \u2013 Holog... | truzzer\" \/>\n<meta property=\"og:description\" content=\"M\u00e1s seguidores en Instagram con Instagram QR-kode-klistremerke \u00abIconic\u00bb \u2013 Hologram Edition de truzzer. F\u00e1cil configuraci\u00f3n, listo para usar. \u00a1Pide ahora!\" \/>\n<meta property=\"og:url\" content=\"https:\/\/www.truzzer.com\/es\/producto\/instagram-qr-kode-klistremerke-iconic-hologram-edition\/\" \/>\n<meta property=\"og:site_name\" content=\"truzzer\" \/>\n<meta property=\"article:modified_time\" content=\"2026-02-13T10:31:34+00:00\" \/>\n<meta property=\"og:image\" content=\"https:\/\/www.truzzer.com\/wp-content\/uploads\/2026\/02\/holo-sticker-icon-phone-3.jpg\" \/>\n\t<meta property=\"og:image:width\" content=\"1200\" \/>\n\t<meta property=\"og:image:height\" content=\"1200\" \/>\n\t<meta property=\"og:image:type\" content=\"image\/jpeg\" \/>\n<meta name=\"twitter:card\" content=\"summary_large_image\" \/>\n<meta name=\"twitter:label1\" content=\"Tiempo de lectura\" \/>\n\t<meta name=\"twitter:data1\" content=\"1 minuto\" \/>\n<script type=\"application\/ld+json\" class=\"yoast-schema-graph\">{\"@context\":\"https:\/\/schema.org\",\"@graph\":[{\"@type\":\"WebPage\",\"@id\":\"https:\/\/www.truzzer.com\/es\/producto\/instagram-qr-kode-klistremerke-iconic-hologram-edition\/\",\"url\":\"https:\/\/www.truzzer.com\/es\/producto\/instagram-qr-kode-klistremerke-iconic-hologram-edition\/\",\"name\":\"Instagram QR-kode-klistremerke \u00abIconic\u00bb \u2013 Holog... | truzzer\",\"isPartOf\":{\"@id\":\"https:\/\/www.truzzer.com\/es\/#website\"},\"primaryImageOfPage\":{\"@id\":\"https:\/\/www.truzzer.com\/es\/producto\/instagram-qr-kode-klistremerke-iconic-hologram-edition\/#primaryimage\"},\"image\":{\"@id\":\"https:\/\/www.truzzer.com\/es\/producto\/instagram-qr-kode-klistremerke-iconic-hologram-edition\/#primaryimage\"},\"thumbnailUrl\":\"https:\/\/www.truzzer.com\/wp-content\/uploads\/2026\/02\/holo-sticker-icon-phone-3.jpg\",\"datePublished\":\"2026-02-11T10:12:42+00:00\",\"dateModified\":\"2026-02-13T10:31:34+00:00\",\"description\":\"M\u00e1s seguidores en Instagram con Instagram QR-kode-klistremerke \u00abIconic\u00bb \u2013 Hologram Edition de truzzer. F\u00e1cil configuraci\u00f3n, listo para usar. \u00a1Pide ahora!\",\"breadcrumb\":{\"@id\":\"https:\/\/www.truzzer.com\/es\/producto\/instagram-qr-kode-klistremerke-iconic-hologram-edition\/#breadcrumb\"},\"inLanguage\":\"es\",\"potentialAction\":[{\"@type\":\"ReadAction\",\"target\":[\"https:\/\/www.truzzer.com\/es\/producto\/instagram-qr-kode-klistremerke-iconic-hologram-edition\/\"]}]},{\"@type\":\"ImageObject\",\"inLanguage\":\"es\",\"@id\":\"https:\/\/www.truzzer.com\/es\/producto\/instagram-qr-kode-klistremerke-iconic-hologram-edition\/#primaryimage\",\"url\":\"https:\/\/www.truzzer.com\/wp-content\/uploads\/2026\/02\/holo-sticker-icon-phone-3.jpg\",\"contentUrl\":\"https:\/\/www.truzzer.com\/wp-content\/uploads\/2026\/02\/holo-sticker-icon-phone-3.jpg\",\"width\":1200,\"height\":1200},{\"@type\":\"BreadcrumbList\",\"@id\":\"https:\/\/www.truzzer.com\/es\/producto\/instagram-qr-kode-klistremerke-iconic-hologram-edition\/#breadcrumb\",\"itemListElement\":[{\"@type\":\"ListItem\",\"position\":1,\"name\":\"Home\",\"item\":\"https:\/\/www.truzzer.com\/es\/\"},{\"@type\":\"ListItem\",\"position\":2,\"name\":\"Tienda\",\"item\":\"https:\/\/www.truzzer.com\/es\/tienda\/\"},{\"@type\":\"ListItem\",\"position\":3,\"name\":\"**Instagram QR Etiqueta adhesiva con c\u00f3digo \u201cIconic\u201d \u2013 Edici\u00f3n holograma**\"}]},{\"@type\":\"WebSite\",\"@id\":\"https:\/\/www.truzzer.com\/es\/#website\",\"url\":\"https:\/\/www.truzzer.com\/es\/\",\"name\":\"truzzer\",\"description\":\"Experts for customer trust\",\"publisher\":{\"@id\":\"https:\/\/www.truzzer.com\/es\/#organization\"},\"potentialAction\":[{\"@type\":\"SearchAction\",\"target\":{\"@type\":\"EntryPoint\",\"urlTemplate\":\"https:\/\/www.truzzer.com\/es\/?s={search_term_string}\"},\"query-input\":{\"@type\":\"PropertyValueSpecification\",\"valueRequired\":true,\"valueName\":\"search_term_string\"}}],\"inLanguage\":\"es\"},{\"@type\":\"Organization\",\"@id\":\"https:\/\/www.truzzer.com\/es\/#organization\",\"name\":\"truzzer\",\"url\":\"https:\/\/www.truzzer.com\/es\/\",\"logo\":{\"@type\":\"ImageObject\",\"inLanguage\":\"es\",\"@id\":\"https:\/\/www.truzzer.com\/es\/#\/schema\/logo\/image\/\",\"url\":\"https:\/\/truzzer.com\/wp-content\/uploads\/2026\/01\/truzzer-logo-black-1.svg\",\"contentUrl\":\"https:\/\/truzzer.com\/wp-content\/uploads\/2026\/01\/truzzer-logo-black-1.svg\",\"width\":938,\"height\":199,\"caption\":\"truzzer\"},\"image\":{\"@id\":\"https:\/\/www.truzzer.com\/es\/#\/schema\/logo\/image\/\"}}]}<\/script>\n<!-- \/ Yoast SEO plugin. -->","yoast_head_json":{"title":"Instagram QR-kode-klistremerke \u00abIconic\u00bb \u2013 Holog... | truzzer","description":"M\u00e1s seguidores en Instagram con Instagram QR-kode-klistremerke \u00abIconic\u00bb \u2013 Hologram Edition de truzzer. F\u00e1cil configuraci\u00f3n, listo para usar. \u00a1Pide ahora!","robots":{"index":"index","follow":"follow","max-snippet":"max-snippet:-1","max-image-preview":"max-image-preview:large","max-video-preview":"max-video-preview:-1"},"canonical":"https:\/\/www.truzzer.com\/es\/producto\/instagram-qr-kode-klistremerke-iconic-hologram-edition\/","og_locale":"es_ES","og_type":"article","og_title":"Instagram QR-kode-klistremerke \u00abIconic\u00bb \u2013 Holog... | truzzer","og_description":"M\u00e1s seguidores en Instagram con Instagram QR-kode-klistremerke \u00abIconic\u00bb \u2013 Hologram Edition de truzzer. F\u00e1cil configuraci\u00f3n, listo para usar. \u00a1Pide ahora!","og_url":"https:\/\/www.truzzer.com\/es\/producto\/instagram-qr-kode-klistremerke-iconic-hologram-edition\/","og_site_name":"truzzer","article_modified_time":"2026-02-13T10:31:34+00:00","og_image":[{"width":1200,"height":1200,"url":"https:\/\/www.truzzer.com\/wp-content\/uploads\/2026\/02\/holo-sticker-icon-phone-3.jpg","type":"image\/jpeg"}],"twitter_card":"summary_large_image","twitter_misc":{"Tiempo de lectura":"1 minuto"},"schema":{"@context":"https:\/\/schema.org","@graph":[{"@type":"WebPage","@id":"https:\/\/www.truzzer.com\/es\/producto\/instagram-qr-kode-klistremerke-iconic-hologram-edition\/","url":"https:\/\/www.truzzer.com\/es\/producto\/instagram-qr-kode-klistremerke-iconic-hologram-edition\/","name":"Instagram QR-kode-klistremerke \u00abIconic\u00bb \u2013 Holog... | truzzer","isPartOf":{"@id":"https:\/\/www.truzzer.com\/es\/#website"},"primaryImageOfPage":{"@id":"https:\/\/www.truzzer.com\/es\/producto\/instagram-qr-kode-klistremerke-iconic-hologram-edition\/#primaryimage"},"image":{"@id":"https:\/\/www.truzzer.com\/es\/producto\/instagram-qr-kode-klistremerke-iconic-hologram-edition\/#primaryimage"},"thumbnailUrl":"https:\/\/www.truzzer.com\/wp-content\/uploads\/2026\/02\/holo-sticker-icon-phone-3.jpg","datePublished":"2026-02-11T10:12:42+00:00","dateModified":"2026-02-13T10:31:34+00:00","description":"M\u00e1s seguidores en Instagram con Instagram QR-kode-klistremerke \u00abIconic\u00bb \u2013 Hologram Edition de truzzer. F\u00e1cil configuraci\u00f3n, listo para usar. \u00a1Pide ahora!","breadcrumb":{"@id":"https:\/\/www.truzzer.com\/es\/producto\/instagram-qr-kode-klistremerke-iconic-hologram-edition\/#breadcrumb"},"inLanguage":"es","potentialAction":[{"@type":"ReadAction","target":["https:\/\/www.truzzer.com\/es\/producto\/instagram-qr-kode-klistremerke-iconic-hologram-edition\/"]}]},{"@type":"ImageObject","inLanguage":"es","@id":"https:\/\/www.truzzer.com\/es\/producto\/instagram-qr-kode-klistremerke-iconic-hologram-edition\/#primaryimage","url":"https:\/\/www.truzzer.com\/wp-content\/uploads\/2026\/02\/holo-sticker-icon-phone-3.jpg","contentUrl":"https:\/\/www.truzzer.com\/wp-content\/uploads\/2026\/02\/holo-sticker-icon-phone-3.jpg","width":1200,"height":1200},{"@type":"BreadcrumbList","@id":"https:\/\/www.truzzer.com\/es\/producto\/instagram-qr-kode-klistremerke-iconic-hologram-edition\/#breadcrumb","itemListElement":[{"@type":"ListItem","position":1,"name":"Home","item":"https:\/\/www.truzzer.com\/es\/"},{"@type":"ListItem","position":2,"name":"Tienda","item":"https:\/\/www.truzzer.com\/es\/tienda\/"},{"@type":"ListItem","position":3,"name":"**Instagram QR Etiqueta adhesiva con c\u00f3digo \u201cIconic\u201d \u2013 Edici\u00f3n holograma**"}]},{"@type":"WebSite","@id":"https:\/\/www.truzzer.com\/es\/#website","url":"https:\/\/www.truzzer.com\/es\/","name":"truzzer","description":"Experts for customer trust","publisher":{"@id":"https:\/\/www.truzzer.com\/es\/#organization"},"potentialAction":[{"@type":"SearchAction","target":{"@type":"EntryPoint","urlTemplate":"https:\/\/www.truzzer.com\/es\/?s={search_term_string}"},"query-input":{"@type":"PropertyValueSpecification","valueRequired":true,"valueName":"search_term_string"}}],"inLanguage":"es"},{"@type":"Organization","@id":"https:\/\/www.truzzer.com\/es\/#organization","name":"truzzer","url":"https:\/\/www.truzzer.com\/es\/","logo":{"@type":"ImageObject","inLanguage":"es","@id":"https:\/\/www.truzzer.com\/es\/#\/schema\/logo\/image\/","url":"https:\/\/truzzer.com\/wp-content\/uploads\/2026\/01\/truzzer-logo-black-1.svg","contentUrl":"https:\/\/truzzer.com\/wp-content\/uploads\/2026\/01\/truzzer-logo-black-1.svg","width":938,"height":199,"caption":"truzzer"},"image":{"@id":"https:\/\/www.truzzer.com\/es\/#\/schema\/logo\/image\/"}}]}},"tiered_pricing_type":"fixed","tiered_pricing_fixed_rules":[],"tiered_pricing_product_settings":{"layout":"default","base_unit_name":{"singular":null,"plural":null},"default_variation":null},"tiered_pricing_minimum_quantity":null,"tiered_pricing_roles_data":[],"tiered_pricing_percentage_rules":[],"tiered_pricing_maximum_quantity":null,"tiered_pricing_quantity_step":null,"_links":{"self":[{"href":"https:\/\/www.truzzer.com\/es\/wp-json\/wp\/v2\/product\/102517","targetHints":{"allow":["GET"]}}],"collection":[{"href":"https:\/\/www.truzzer.com\/es\/wp-json\/wp\/v2\/product"}],"about":[{"href":"https:\/\/www.truzzer.com\/es\/wp-json\/wp\/v2\/types\/product"}],"replies":[{"embeddable":true,"href":"https:\/\/www.truzzer.com\/es\/wp-json\/wp\/v2\/comments?post=102517"}],"wp:featuredmedia":[{"embeddable":true,"href":"https:\/\/www.truzzer.com\/es\/wp-json\/wp\/v2\/media\/102518"}],"wp:attachment":[{"href":"https:\/\/www.truzzer.com\/es\/wp-json\/wp\/v2\/media?parent=102517"}],"wp:term":[{"taxonomy":"product_brand","embeddable":true,"href":"https:\/\/www.truzzer.com\/es\/wp-json\/wp\/v2\/product_brand?post=102517"},{"taxonomy":"product_cat","embeddable":true,"href":"https:\/\/www.truzzer.com\/es\/wp-json\/wp\/v2\/product_cat?post=102517"},{"taxonomy":"product_tag","embeddable":true,"href":"https:\/\/www.truzzer.com\/es\/wp-json\/wp\/v2\/product_tag?post=102517"}],"curies":[{"name":"wp","href":"https:\/\/api.w.org\/{rel}","templated":true}]}}