{"id":102557,"date":"2026-02-11T10:13:35","date_gmt":"2026-02-11T10:13:35","guid":{"rendered":"https:\/\/beta.truzzer.com\/product\/google-review-qr-code-visittkort-standard-pro\/"},"modified":"2026-02-13T10:26:39","modified_gmt":"2026-02-13T10:26:39","slug":"google-review-qr-code-visittkort-standard-pro","status":"publish","type":"product","link":"https:\/\/www.truzzer.com\/es\/producto\/google-review-qr-code-visittkort-standard-pro\/","title":{"rendered":"Google Revisi\u00f3n QR C\u00f3digo Tarjeta de visita Est\u00e1ndar Pro"},"content":{"rendered":"<h2>Google Revisi\u00f3n Tarjeta de visita con c\u00f3digo QR &#8211; Est\u00e1ndar PRO<\/h2>\n<p>\nLa <strong>Tarjeta de presentaci\u00f3n PRO est\u00e1ndar Truzzer<\/strong> es la forma inteligente de llevar a sus clientes directamente a una rese\u00f1a de Google: simple, r\u00e1pida y profesional.<br \/>\nCombina un <strong>dise\u00f1o funcional<\/strong> con un <strong>impacto m\u00e1ximo<\/strong> y fue creado espec\u00edficamente para empresas que valoran resultados medibles.\n<\/p>\n<h3>El comienzo inteligente para obtener m\u00e1s rese\u00f1as de Google<\/h3>\n<p>\nEsta <strong>Tarjeta de presentaci\u00f3n con c\u00f3digo QR<\/strong> es su compa\u00f1era diaria en las interacciones con los clientes, ya sea en la tienda, durante citas o en ferias comerciales.<br \/>\nUn escaneo con un tel\u00e9fono inteligente es suficiente y el cliente llega instant\u00e1neamente a la p\u00e1gina de rese\u00f1as de su perfil comercial Google.<br \/>\nEsto convierte cada encuentro en una oportunidad para una <strong>rese\u00f1a de 5 estrellas<\/strong>.\n<\/p>\n<ul>\n<li><strong>Dise\u00f1o funcional y moderno<\/strong>: acabado compacto y de primera calidad<\/li>\n<li><strong>Dirige el c\u00f3digo QR a tu p\u00e1gina de rese\u00f1as de Google<\/strong>: sin b\u00fasquedas ni desv\u00edos<\/li>\n<li><strong>Completamente configurado y actualizado. configurado individualmente<\/strong><\/li>\n<li><strong>Personalizaci\u00f3n opcional<\/strong> con su logotipo y nombre comercial<\/li>\n<li><strong>Fabricado en Alemania<\/strong>: calidad y fiabilidad desde Berl\u00edn<\/li>\n<li><strong>Ideal para comercios, servicios, hosteler\u00eda y venta al por menor<\/strong><\/li>\n<\/ul>\n<h3>C\u00f3mo funciona<\/h3>\n<p>\n1. Ingresa el nombre de su empresa al realizar su pedido.<br \/>\n2. Creamos autom\u00e1ticamente el <strong>enlace de revisi\u00f3n Google<\/strong> correcto y generamos su c\u00f3digo QR.<br \/>\n3. Recibir\u00e1 su <strong>tarjeta completamente configurada<\/strong>: simplemente desempaqu\u00e9tela y \u00fasela.\n<\/p>\n<p>\nSus clientes escanean el c\u00f3digo QR y pueden dejar una rese\u00f1a de inmediato: f\u00e1cil, seguro y respetuoso con la privacidad.\n<\/p>\n<h3>M\u00e1s rese\u00f1as, m\u00e1s visibilidad, m\u00e1s confianza<\/h3>\n<p>\nLa <strong>Tarjeta PRO Est\u00e1ndar Google Review<\/strong> es la soluci\u00f3n ideal para empresas que desean <strong>construir activamente su reputaci\u00f3n en l\u00ednea<\/strong>.<br \/>\nCuantas m\u00e1s rese\u00f1as aut\u00e9nticas reciba su empresa, m\u00e1s fuerte ser\u00e1 su presencia en la b\u00fasqueda Google y, con ella, su alcance y potencial de ingresos.\n<\/p>\n<h3>Por qu\u00e9 Truzzer<\/h3>\n<p>\nComo <strong>l\u00edder del mercado de QR &amp; Productos NFC<\/strong> creados para revisiones Google, brindamos soluciones completamente preparadas.<br \/>\nNuestros productos est\u00e1n listos para usar de inmediato, probados y adaptados a su negocio, sin necesidad de configuraci\u00f3n t\u00e9cnica de su parte.\n<\/p>\n<ul>\n<li>Inventor y creador l\u00edder del mercado en Alemania<\/li>\n<li>Soporte alem\u00e1n y soporte t\u00e9cnico. asistencia personal<\/li>\n<li>Mejor valorado en Google<\/li>\n<li>Compatible con todos los tel\u00e9fonos inteligentes<\/li>\n<li>No se requiere aplicaci\u00f3n ni registro<\/li>\n<\/ul>\n<h3>Detalles t\u00e9cnicos<\/h3>\n<ul>\n<li>Formato: tarjeta de visita est\u00e1ndar<\/li>\n<li>Material: tarjeta de pl\u00e1stico duradera con acabado mate o brillante<\/li>\n<li>Tecnolog\u00eda: c\u00f3digo QR (opcional con NFC)<\/li>\n<li>Enlace: enlace directo a su p\u00e1gina de rese\u00f1as de Google<\/li>\n<li>Personalizaci\u00f3n: nombre comercial y nombre. logotipo opcional<\/li>\n<\/ul>\n<h3>Conclusi\u00f3n<\/h3>\n<p>\nLa <strong>Google Review QR Code Business Card Standard PRO<\/strong> es la herramienta perfecta para convertir a clientes satisfechos en verdaderos embajadores de la marca.<br \/>\nM\u00e1s rese\u00f1as significan m\u00e1s visibilidad, y este producto le ayuda a lograr exactamente eso de la manera m\u00e1s sencilla.\n<\/p>\n<p><hora><\/p>\n<p>\n<strong>Haga su pedido ahora, incluida la configuraci\u00f3n personal y el c\u00f3digo QR.<\/strong><br \/>\nFacilite a sus clientes recomendarle: r\u00e1pido, seguro y profesional.\n<\/p>\n<p>`<\/p>\n","protected":false},"excerpt":{"rendered":"<h2><img decoding=\"async\" class=\"alignnone size-full wp-image-56732\" src=\"https:\/\/truzzer.com\/wp-content\/uploads\/2026\/02\/qrscan-ezgif.com-video-to-webp-converter-1.webp\" alt=\"\" width=\"150\" height=\"150\" \/><\/h2>\n<h2>Einfach mehr Google Reviewen erhalten with Google Review QR Code Business Cardn<\/h2>\n<p>Entdecke die neuen Standard Business Cardn for mehr Google Reviewen im ansprechenden and cleanen Design, welche sich nahtlos in jedes Unternehmen eingliedern.<\/p>\n<p>Mit den Google Review QR Code Business Cardn gewinnst Du im Handumdrehen mehr Google Reviewen.<\/p>\n<p>Alles, fue Deine Kandinnen &amp; Kanden hierzu tun m\u00fcssen, ist es el c\u00f3digo QR with der Smartphone Camera zu scannen and schon gelangen diese zur direkten Google Review.<\/p>\n<p>Bitte erg\u00e4nze im Konfigruationsfeld weiter an Deine Firmenadresse and Deinen Firmennamen. Anhand this Angaben erstellen wir den individual Reviewslink for Dich, sodass Du dich um nichts weiter k\u00fcmmern mustst.<\/p>\n","protected":false},"featured_media":102795,"comment_status":"open","ping_status":"closed","template":"","meta":{"_acf_changed":false,"_yoast_wpseo_focuskw":"Rese\u00f1a Google Tarjeta de visita","_yoast_wpseo_title":"Google Review QR Code Visittkort Standard Pro | truzzer","_yoast_wpseo_metadesc":"M\u00e1s rese\u00f1as de 5 estrellas en Google con Google Review QR Code Visittkort Standard Pro de truzzer. F\u00e1cil configuraci\u00f3n, listo para usar. \u00a1Pide ahora!"},"product_brand":[1654],"product_cat":[531,612,791,817,818,1622],"product_tag":[],"class_list":{"0":"post-102557","1":"product","2":"type-product","3":"status-publish","4":"has-post-thumbnail","6":"product_brand-google","7":"product_cat-codigo-qr-productos","8":"product_cat-codigo-qr-tarjetas-de-visita","9":"product_cat-resena-de-google-productos","10":"product_cat-resena-de-google-tarjetas-de-visita","11":"product_cat-resena-de-google-tarjetas-de-visita-con-codigo-qr","12":"product_cat-wifi-productos","13":"pa_material-carton","14":"pa_orientation-portrett","15":"pa_placement-bon","16":"pa_placement-folleto","17":"pa_placement-lommebok-personlig","18":"pa_placement-portemonnee-personallijk","19":"pa_product-type-visitekaartjes","20":"pa_shape-rechthoek","21":"pa_technology-codigo-qr","23":"first","24":"instock","25":"taxable","26":"shipping-taxable","27":"purchasable","28":"product-type-simple"},"acf":[],"yoast_head":"<!-- This site is optimized with the Yoast SEO plugin v27.0 - https:\/\/yoast.com\/product\/yoast-seo-wordpress\/ -->\n<title>Google Review QR Code Visittkort Standard Pro | truzzer<\/title>\n<meta name=\"description\" content=\"M\u00e1s rese\u00f1as de 5 estrellas en Google con Google Review QR Code Visittkort Standard Pro de truzzer. F\u00e1cil configuraci\u00f3n, listo para usar. \u00a1Pide ahora!\" \/>\n<meta name=\"robots\" content=\"index, follow, max-snippet:-1, max-image-preview:large, max-video-preview:-1\" \/>\n<link rel=\"canonical\" href=\"https:\/\/www.truzzer.com\/es\/producto\/google-review-qr-code-visittkort-standard-pro\/\" \/>\n<meta property=\"og:locale\" content=\"es_ES\" \/>\n<meta property=\"og:type\" content=\"article\" \/>\n<meta property=\"og:title\" content=\"Google Review QR Code Visittkort Standard Pro | truzzer\" \/>\n<meta property=\"og:description\" content=\"M\u00e1s rese\u00f1as de 5 estrellas en Google con Google Review QR Code Visittkort Standard Pro de truzzer. F\u00e1cil configuraci\u00f3n, listo para usar. \u00a1Pide ahora!\" \/>\n<meta property=\"og:url\" content=\"https:\/\/www.truzzer.com\/es\/producto\/google-review-qr-code-visittkort-standard-pro\/\" \/>\n<meta property=\"og:site_name\" content=\"truzzer\" \/>\n<meta property=\"article:modified_time\" content=\"2026-02-13T10:26:39+00:00\" \/>\n<meta property=\"og:image\" content=\"https:\/\/www.truzzer.com\/wp-content\/uploads\/2026\/02\/Google-Bewertung-QR-Code-VIsitenkarte-Pro-3-empfehlio-2-en.jpg\" \/>\n\t<meta property=\"og:image:width\" content=\"1024\" \/>\n\t<meta property=\"og:image:height\" content=\"1024\" \/>\n\t<meta property=\"og:image:type\" content=\"image\/jpeg\" \/>\n<meta name=\"twitter:card\" content=\"summary_large_image\" \/>\n<meta name=\"twitter:label1\" content=\"Tiempo de lectura\" \/>\n\t<meta name=\"twitter:data1\" content=\"3 minutos\" \/>\n<script type=\"application\/ld+json\" class=\"yoast-schema-graph\">{\"@context\":\"https:\/\/schema.org\",\"@graph\":[{\"@type\":\"WebPage\",\"@id\":\"https:\/\/www.truzzer.com\/es\/producto\/google-review-qr-code-visittkort-standard-pro\/\",\"url\":\"https:\/\/www.truzzer.com\/es\/producto\/google-review-qr-code-visittkort-standard-pro\/\",\"name\":\"Google Review QR Code Visittkort Standard Pro | truzzer\",\"isPartOf\":{\"@id\":\"https:\/\/www.truzzer.com\/es\/#website\"},\"primaryImageOfPage\":{\"@id\":\"https:\/\/www.truzzer.com\/es\/producto\/google-review-qr-code-visittkort-standard-pro\/#primaryimage\"},\"image\":{\"@id\":\"https:\/\/www.truzzer.com\/es\/producto\/google-review-qr-code-visittkort-standard-pro\/#primaryimage\"},\"thumbnailUrl\":\"https:\/\/www.truzzer.com\/wp-content\/uploads\/2026\/02\/Google-Bewertung-QR-Code-VIsitenkarte-Pro-3-empfehlio-2-en.jpg\",\"datePublished\":\"2026-02-11T10:13:35+00:00\",\"dateModified\":\"2026-02-13T10:26:39+00:00\",\"description\":\"M\u00e1s rese\u00f1as de 5 estrellas en Google con Google Review QR Code Visittkort Standard Pro de truzzer. F\u00e1cil configuraci\u00f3n, listo para usar. \u00a1Pide ahora!\",\"breadcrumb\":{\"@id\":\"https:\/\/www.truzzer.com\/es\/producto\/google-review-qr-code-visittkort-standard-pro\/#breadcrumb\"},\"inLanguage\":\"es\",\"potentialAction\":[{\"@type\":\"ReadAction\",\"target\":[\"https:\/\/www.truzzer.com\/es\/producto\/google-review-qr-code-visittkort-standard-pro\/\"]}]},{\"@type\":\"ImageObject\",\"inLanguage\":\"es\",\"@id\":\"https:\/\/www.truzzer.com\/es\/producto\/google-review-qr-code-visittkort-standard-pro\/#primaryimage\",\"url\":\"https:\/\/www.truzzer.com\/wp-content\/uploads\/2026\/02\/Google-Bewertung-QR-Code-VIsitenkarte-Pro-3-empfehlio-2-en.jpg\",\"contentUrl\":\"https:\/\/www.truzzer.com\/wp-content\/uploads\/2026\/02\/Google-Bewertung-QR-Code-VIsitenkarte-Pro-3-empfehlio-2-en.jpg\",\"width\":1024,\"height\":1024},{\"@type\":\"BreadcrumbList\",\"@id\":\"https:\/\/www.truzzer.com\/es\/producto\/google-review-qr-code-visittkort-standard-pro\/#breadcrumb\",\"itemListElement\":[{\"@type\":\"ListItem\",\"position\":1,\"name\":\"Home\",\"item\":\"https:\/\/www.truzzer.com\/es\/\"},{\"@type\":\"ListItem\",\"position\":2,\"name\":\"Tienda\",\"item\":\"https:\/\/www.truzzer.com\/es\/tienda\/\"},{\"@type\":\"ListItem\",\"position\":3,\"name\":\"Google Revisi\u00f3n QR C\u00f3digo Tarjeta de visita Est\u00e1ndar Pro\"}]},{\"@type\":\"WebSite\",\"@id\":\"https:\/\/www.truzzer.com\/es\/#website\",\"url\":\"https:\/\/www.truzzer.com\/es\/\",\"name\":\"truzzer\",\"description\":\"Experts for customer trust\",\"publisher\":{\"@id\":\"https:\/\/www.truzzer.com\/es\/#organization\"},\"potentialAction\":[{\"@type\":\"SearchAction\",\"target\":{\"@type\":\"EntryPoint\",\"urlTemplate\":\"https:\/\/www.truzzer.com\/es\/?s={search_term_string}\"},\"query-input\":{\"@type\":\"PropertyValueSpecification\",\"valueRequired\":true,\"valueName\":\"search_term_string\"}}],\"inLanguage\":\"es\"},{\"@type\":\"Organization\",\"@id\":\"https:\/\/www.truzzer.com\/es\/#organization\",\"name\":\"truzzer\",\"url\":\"https:\/\/www.truzzer.com\/es\/\",\"logo\":{\"@type\":\"ImageObject\",\"inLanguage\":\"es\",\"@id\":\"https:\/\/www.truzzer.com\/es\/#\/schema\/logo\/image\/\",\"url\":\"https:\/\/truzzer.com\/wp-content\/uploads\/2026\/01\/truzzer-logo-black-1.svg\",\"contentUrl\":\"https:\/\/truzzer.com\/wp-content\/uploads\/2026\/01\/truzzer-logo-black-1.svg\",\"width\":938,\"height\":199,\"caption\":\"truzzer\"},\"image\":{\"@id\":\"https:\/\/www.truzzer.com\/es\/#\/schema\/logo\/image\/\"}}]}<\/script>\n<!-- \/ Yoast SEO plugin. -->","yoast_head_json":{"title":"Google Review QR Code Visittkort Standard Pro | truzzer","description":"M\u00e1s rese\u00f1as de 5 estrellas en Google con Google Review QR Code Visittkort Standard Pro de truzzer. F\u00e1cil configuraci\u00f3n, listo para usar. \u00a1Pide ahora!","robots":{"index":"index","follow":"follow","max-snippet":"max-snippet:-1","max-image-preview":"max-image-preview:large","max-video-preview":"max-video-preview:-1"},"canonical":"https:\/\/www.truzzer.com\/es\/producto\/google-review-qr-code-visittkort-standard-pro\/","og_locale":"es_ES","og_type":"article","og_title":"Google Review QR Code Visittkort Standard Pro | truzzer","og_description":"M\u00e1s rese\u00f1as de 5 estrellas en Google con Google Review QR Code Visittkort Standard Pro de truzzer. F\u00e1cil configuraci\u00f3n, listo para usar. \u00a1Pide ahora!","og_url":"https:\/\/www.truzzer.com\/es\/producto\/google-review-qr-code-visittkort-standard-pro\/","og_site_name":"truzzer","article_modified_time":"2026-02-13T10:26:39+00:00","og_image":[{"width":1024,"height":1024,"url":"https:\/\/www.truzzer.com\/wp-content\/uploads\/2026\/02\/Google-Bewertung-QR-Code-VIsitenkarte-Pro-3-empfehlio-2-en.jpg","type":"image\/jpeg"}],"twitter_card":"summary_large_image","twitter_misc":{"Tiempo de lectura":"3 minutos"},"schema":{"@context":"https:\/\/schema.org","@graph":[{"@type":"WebPage","@id":"https:\/\/www.truzzer.com\/es\/producto\/google-review-qr-code-visittkort-standard-pro\/","url":"https:\/\/www.truzzer.com\/es\/producto\/google-review-qr-code-visittkort-standard-pro\/","name":"Google Review QR Code Visittkort Standard Pro | truzzer","isPartOf":{"@id":"https:\/\/www.truzzer.com\/es\/#website"},"primaryImageOfPage":{"@id":"https:\/\/www.truzzer.com\/es\/producto\/google-review-qr-code-visittkort-standard-pro\/#primaryimage"},"image":{"@id":"https:\/\/www.truzzer.com\/es\/producto\/google-review-qr-code-visittkort-standard-pro\/#primaryimage"},"thumbnailUrl":"https:\/\/www.truzzer.com\/wp-content\/uploads\/2026\/02\/Google-Bewertung-QR-Code-VIsitenkarte-Pro-3-empfehlio-2-en.jpg","datePublished":"2026-02-11T10:13:35+00:00","dateModified":"2026-02-13T10:26:39+00:00","description":"M\u00e1s rese\u00f1as de 5 estrellas en Google con Google Review QR Code Visittkort Standard Pro de truzzer. F\u00e1cil configuraci\u00f3n, listo para usar. \u00a1Pide ahora!","breadcrumb":{"@id":"https:\/\/www.truzzer.com\/es\/producto\/google-review-qr-code-visittkort-standard-pro\/#breadcrumb"},"inLanguage":"es","potentialAction":[{"@type":"ReadAction","target":["https:\/\/www.truzzer.com\/es\/producto\/google-review-qr-code-visittkort-standard-pro\/"]}]},{"@type":"ImageObject","inLanguage":"es","@id":"https:\/\/www.truzzer.com\/es\/producto\/google-review-qr-code-visittkort-standard-pro\/#primaryimage","url":"https:\/\/www.truzzer.com\/wp-content\/uploads\/2026\/02\/Google-Bewertung-QR-Code-VIsitenkarte-Pro-3-empfehlio-2-en.jpg","contentUrl":"https:\/\/www.truzzer.com\/wp-content\/uploads\/2026\/02\/Google-Bewertung-QR-Code-VIsitenkarte-Pro-3-empfehlio-2-en.jpg","width":1024,"height":1024},{"@type":"BreadcrumbList","@id":"https:\/\/www.truzzer.com\/es\/producto\/google-review-qr-code-visittkort-standard-pro\/#breadcrumb","itemListElement":[{"@type":"ListItem","position":1,"name":"Home","item":"https:\/\/www.truzzer.com\/es\/"},{"@type":"ListItem","position":2,"name":"Tienda","item":"https:\/\/www.truzzer.com\/es\/tienda\/"},{"@type":"ListItem","position":3,"name":"Google Revisi\u00f3n QR C\u00f3digo Tarjeta de visita Est\u00e1ndar Pro"}]},{"@type":"WebSite","@id":"https:\/\/www.truzzer.com\/es\/#website","url":"https:\/\/www.truzzer.com\/es\/","name":"truzzer","description":"Experts for customer trust","publisher":{"@id":"https:\/\/www.truzzer.com\/es\/#organization"},"potentialAction":[{"@type":"SearchAction","target":{"@type":"EntryPoint","urlTemplate":"https:\/\/www.truzzer.com\/es\/?s={search_term_string}"},"query-input":{"@type":"PropertyValueSpecification","valueRequired":true,"valueName":"search_term_string"}}],"inLanguage":"es"},{"@type":"Organization","@id":"https:\/\/www.truzzer.com\/es\/#organization","name":"truzzer","url":"https:\/\/www.truzzer.com\/es\/","logo":{"@type":"ImageObject","inLanguage":"es","@id":"https:\/\/www.truzzer.com\/es\/#\/schema\/logo\/image\/","url":"https:\/\/truzzer.com\/wp-content\/uploads\/2026\/01\/truzzer-logo-black-1.svg","contentUrl":"https:\/\/truzzer.com\/wp-content\/uploads\/2026\/01\/truzzer-logo-black-1.svg","width":938,"height":199,"caption":"truzzer"},"image":{"@id":"https:\/\/www.truzzer.com\/es\/#\/schema\/logo\/image\/"}}]}},"tiered_pricing_type":"fixed","tiered_pricing_fixed_rules":[],"tiered_pricing_product_settings":{"layout":"default","base_unit_name":{"singular":null,"plural":null},"default_variation":null},"tiered_pricing_minimum_quantity":null,"tiered_pricing_roles_data":[],"tiered_pricing_percentage_rules":[],"tiered_pricing_maximum_quantity":null,"tiered_pricing_quantity_step":null,"_links":{"self":[{"href":"https:\/\/www.truzzer.com\/es\/wp-json\/wp\/v2\/product\/102557","targetHints":{"allow":["GET"]}}],"collection":[{"href":"https:\/\/www.truzzer.com\/es\/wp-json\/wp\/v2\/product"}],"about":[{"href":"https:\/\/www.truzzer.com\/es\/wp-json\/wp\/v2\/types\/product"}],"replies":[{"embeddable":true,"href":"https:\/\/www.truzzer.com\/es\/wp-json\/wp\/v2\/comments?post=102557"}],"wp:featuredmedia":[{"embeddable":true,"href":"https:\/\/www.truzzer.com\/es\/wp-json\/wp\/v2\/media\/102795"}],"wp:attachment":[{"href":"https:\/\/www.truzzer.com\/es\/wp-json\/wp\/v2\/media?parent=102557"}],"wp:term":[{"taxonomy":"product_brand","embeddable":true,"href":"https:\/\/www.truzzer.com\/es\/wp-json\/wp\/v2\/product_brand?post=102557"},{"taxonomy":"product_cat","embeddable":true,"href":"https:\/\/www.truzzer.com\/es\/wp-json\/wp\/v2\/product_cat?post=102557"},{"taxonomy":"product_tag","embeddable":true,"href":"https:\/\/www.truzzer.com\/es\/wp-json\/wp\/v2\/product_tag?post=102557"}],"curies":[{"name":"wp","href":"https:\/\/api.w.org\/{rel}","templated":true}]}}