{"id":102609,"date":"2026-02-11T10:13:14","date_gmt":"2026-02-11T10:13:14","guid":{"rendered":"https:\/\/beta.truzzer.com\/product\/tiktok-follower-qr-code-sticker-label-roll-mer-rekkevidde-med-qr-klistremerker\/"},"modified":"2026-02-13T10:27:55","modified_gmt":"2026-02-13T10:27:55","slug":"tiktok-follower-qr-code-sticker-label-roll-mer-rekkevidde-med-qr-klistremerker","status":"publish","type":"product","link":"https:\/\/www.truzzer.com\/es\/producto\/tiktok-follower-qr-code-sticker-label-roll-mer-rekkevidde-med-qr-klistremerker\/","title":{"rendered":"TikTok Seguidor QR Rollo de etiquetas adhesivas con c\u00f3digo: mayor alcance con las pegatinas QR"},"content":{"rendered":"<p>\nCon el <strong>rollo de etiquetas de c\u00f3digo de seguidor Instagram QR<\/strong>, facilita que los clientes y fans lo sigan en Instagram.<br \/>\nCada pegatina incluye un c\u00f3digo QR individual que enlaza directamente con su perfil Instagram.<br \/>\nEsto le ayuda a ganar m\u00e1s seguidores, aumentar su alcance y fortalecer su comunidad.\n<\/p>\n<p>\nLas etiquetas son extremadamente vers\u00e1tiles: perfectas para <strong>cajas de env\u00edo, embalajes, facturas, mostradores de tiendas o eventos<\/strong>.<br \/>\nSimplemente p\u00e9lelos, p\u00e9guelos y col\u00f3quelos donde sean visibles, y sus clientes podr\u00e1n encontrarlo y seguirlo en Instagram con un escaneo r\u00e1pido.\n<\/p>\n<p><strong>Beneficios:<\/strong><\/p>\n<ul>\n<li>Llegue instant\u00e1neamente a m\u00e1s personas y gane m\u00e1s seguidores de Instagram<\/li>\n<li>Ideal para minoristas, restaurantes, empresas de servicios y tiendas. eventos<\/li>\n<li>Apto para todas las superficies lisas<\/li>\n<li>Fabricado en Alemania, calidad de impresi\u00f3n superior<\/li>\n<li>Disponible en tres pr\u00e1cticos tama\u00f1os<\/li>\n<\/ul>\n<p>\nCon las <strong>Etiquetas de c\u00f3digo de seguidor Instagram QR<\/strong>, conecta su mundo fuera de l\u00ednea con su comunidad en l\u00ednea: simple, moderno y efectivo.<\/p>\n","protected":false},"excerpt":{"rendered":"<p>Ideal para: packaging, facturas, comercios minoristas, restaurantes, eventos.<\/p>\n<ul>\n<li>Adecuado para cualquier superficie lisa<\/li>\n<li>Conduce directamente a su perfil TikTok<\/li>\n<li>Simplemente escanee y registre. seguir<\/li>\n<li>Hecho a medida para su negocio<\/li>\n<li>Disponible en tres tama\u00f1os<\/li>\n<\/ul>\n","protected":false},"featured_media":102610,"comment_status":"open","ping_status":"closed","template":"","meta":{"_acf_changed":false,"_yoast_wpseo_focuskw":"TikTok c\u00f3digo QR Rollo de adhesivos","_yoast_wpseo_title":"TikTok Follower QR Code Sticker Label Roll \u2013 Me... | truzzer","_yoast_wpseo_metadesc":"M\u00e1s alcance TikTok con TikTok Follower QR Code Sticker Label Roll \u2013 Mer rekkevidde med QR-klistremerker de truzzer. F\u00e1cil configuraci\u00f3n. \u00a1Pide ahora!"},"product_brand":[1677],"product_cat":[532,1237,628,629],"product_tag":[],"class_list":{"0":"post-102609","1":"product","2":"type-product","3":"status-publish","4":"has-post-thumbnail","6":"product_brand-tiktok","7":"product_cat-codigo-qr-pegatinas","8":"product_cat-codigo-qr-rollos-de-pegatinas","9":"product_cat-seguidores-de-tiktok-productos","10":"product_cat-tiktok-pegatinas","11":"pa_material-vinyl","12":"pa_product-type-sticker-roll","13":"pa_shape-ronda","14":"pa_technology-codigo-qr","16":"first","17":"instock","18":"taxable","19":"shipping-taxable","20":"purchasable","21":"product-type-variable","22":"has-default-attributes"},"acf":[],"yoast_head":"<!-- This site is optimized with the Yoast SEO plugin v27.0 - https:\/\/yoast.com\/product\/yoast-seo-wordpress\/ -->\n<title>TikTok Follower QR Code Sticker Label Roll \u2013 Me... | truzzer<\/title>\n<meta name=\"description\" content=\"M\u00e1s alcance TikTok con TikTok Follower QR Code Sticker Label Roll \u2013 Mer rekkevidde med QR-klistremerker de truzzer. F\u00e1cil configuraci\u00f3n. \u00a1Pide ahora!\" \/>\n<meta name=\"robots\" content=\"index, follow, max-snippet:-1, max-image-preview:large, max-video-preview:-1\" \/>\n<link rel=\"canonical\" href=\"https:\/\/www.truzzer.com\/es\/producto\/tiktok-follower-qr-code-sticker-label-roll-mer-rekkevidde-med-qr-klistremerker\/\" \/>\n<meta property=\"og:locale\" content=\"es_ES\" \/>\n<meta property=\"og:type\" content=\"article\" \/>\n<meta property=\"og:title\" content=\"TikTok Follower QR Code Sticker Label Roll \u2013 Me... | truzzer\" \/>\n<meta property=\"og:description\" content=\"M\u00e1s alcance TikTok con TikTok Follower QR Code Sticker Label Roll \u2013 Mer rekkevidde med QR-klistremerker de truzzer. F\u00e1cil configuraci\u00f3n. \u00a1Pide ahora!\" \/>\n<meta property=\"og:url\" content=\"https:\/\/www.truzzer.com\/es\/producto\/tiktok-follower-qr-code-sticker-label-roll-mer-rekkevidde-med-qr-klistremerker\/\" \/>\n<meta property=\"og:site_name\" content=\"truzzer\" \/>\n<meta property=\"article:modified_time\" content=\"2026-02-13T10:27:55+00:00\" \/>\n<meta property=\"og:image\" content=\"https:\/\/www.truzzer.com\/wp-content\/uploads\/2026\/02\/tiktok-sticker-roll-3-2.jpg\" \/>\n\t<meta property=\"og:image:width\" content=\"1400\" \/>\n\t<meta property=\"og:image:height\" content=\"1400\" \/>\n\t<meta property=\"og:image:type\" content=\"image\/jpeg\" \/>\n<meta name=\"twitter:card\" content=\"summary_large_image\" \/>\n<meta name=\"twitter:label1\" content=\"Tiempo de lectura\" \/>\n\t<meta name=\"twitter:data1\" content=\"1 minuto\" \/>\n<script type=\"application\/ld+json\" class=\"yoast-schema-graph\">{\"@context\":\"https:\/\/schema.org\",\"@graph\":[{\"@type\":\"WebPage\",\"@id\":\"https:\/\/www.truzzer.com\/es\/producto\/tiktok-follower-qr-code-sticker-label-roll-mer-rekkevidde-med-qr-klistremerker\/\",\"url\":\"https:\/\/www.truzzer.com\/es\/producto\/tiktok-follower-qr-code-sticker-label-roll-mer-rekkevidde-med-qr-klistremerker\/\",\"name\":\"TikTok Follower QR Code Sticker Label Roll \u2013 Me... | truzzer\",\"isPartOf\":{\"@id\":\"https:\/\/www.truzzer.com\/es\/#website\"},\"primaryImageOfPage\":{\"@id\":\"https:\/\/www.truzzer.com\/es\/producto\/tiktok-follower-qr-code-sticker-label-roll-mer-rekkevidde-med-qr-klistremerker\/#primaryimage\"},\"image\":{\"@id\":\"https:\/\/www.truzzer.com\/es\/producto\/tiktok-follower-qr-code-sticker-label-roll-mer-rekkevidde-med-qr-klistremerker\/#primaryimage\"},\"thumbnailUrl\":\"https:\/\/www.truzzer.com\/wp-content\/uploads\/2026\/02\/tiktok-sticker-roll-3-2.jpg\",\"datePublished\":\"2026-02-11T10:13:14+00:00\",\"dateModified\":\"2026-02-13T10:27:55+00:00\",\"description\":\"M\u00e1s alcance TikTok con TikTok Follower QR Code Sticker Label Roll \u2013 Mer rekkevidde med QR-klistremerker de truzzer. F\u00e1cil configuraci\u00f3n. \u00a1Pide ahora!\",\"breadcrumb\":{\"@id\":\"https:\/\/www.truzzer.com\/es\/producto\/tiktok-follower-qr-code-sticker-label-roll-mer-rekkevidde-med-qr-klistremerker\/#breadcrumb\"},\"inLanguage\":\"es\",\"potentialAction\":[{\"@type\":\"ReadAction\",\"target\":[\"https:\/\/www.truzzer.com\/es\/producto\/tiktok-follower-qr-code-sticker-label-roll-mer-rekkevidde-med-qr-klistremerker\/\"]}]},{\"@type\":\"ImageObject\",\"inLanguage\":\"es\",\"@id\":\"https:\/\/www.truzzer.com\/es\/producto\/tiktok-follower-qr-code-sticker-label-roll-mer-rekkevidde-med-qr-klistremerker\/#primaryimage\",\"url\":\"https:\/\/www.truzzer.com\/wp-content\/uploads\/2026\/02\/tiktok-sticker-roll-3-2.jpg\",\"contentUrl\":\"https:\/\/www.truzzer.com\/wp-content\/uploads\/2026\/02\/tiktok-sticker-roll-3-2.jpg\",\"width\":1400,\"height\":1400},{\"@type\":\"BreadcrumbList\",\"@id\":\"https:\/\/www.truzzer.com\/es\/producto\/tiktok-follower-qr-code-sticker-label-roll-mer-rekkevidde-med-qr-klistremerker\/#breadcrumb\",\"itemListElement\":[{\"@type\":\"ListItem\",\"position\":1,\"name\":\"Home\",\"item\":\"https:\/\/www.truzzer.com\/es\/\"},{\"@type\":\"ListItem\",\"position\":2,\"name\":\"Tienda\",\"item\":\"https:\/\/www.truzzer.com\/es\/tienda\/\"},{\"@type\":\"ListItem\",\"position\":3,\"name\":\"TikTok Seguidor QR Rollo de etiquetas adhesivas con c\u00f3digo: mayor alcance con las pegatinas QR\"}]},{\"@type\":\"WebSite\",\"@id\":\"https:\/\/www.truzzer.com\/es\/#website\",\"url\":\"https:\/\/www.truzzer.com\/es\/\",\"name\":\"truzzer\",\"description\":\"Experts for customer trust\",\"publisher\":{\"@id\":\"https:\/\/www.truzzer.com\/es\/#organization\"},\"potentialAction\":[{\"@type\":\"SearchAction\",\"target\":{\"@type\":\"EntryPoint\",\"urlTemplate\":\"https:\/\/www.truzzer.com\/es\/?s={search_term_string}\"},\"query-input\":{\"@type\":\"PropertyValueSpecification\",\"valueRequired\":true,\"valueName\":\"search_term_string\"}}],\"inLanguage\":\"es\"},{\"@type\":\"Organization\",\"@id\":\"https:\/\/www.truzzer.com\/es\/#organization\",\"name\":\"truzzer\",\"url\":\"https:\/\/www.truzzer.com\/es\/\",\"logo\":{\"@type\":\"ImageObject\",\"inLanguage\":\"es\",\"@id\":\"https:\/\/www.truzzer.com\/es\/#\/schema\/logo\/image\/\",\"url\":\"https:\/\/truzzer.com\/wp-content\/uploads\/2026\/01\/truzzer-logo-black-1.svg\",\"contentUrl\":\"https:\/\/truzzer.com\/wp-content\/uploads\/2026\/01\/truzzer-logo-black-1.svg\",\"width\":938,\"height\":199,\"caption\":\"truzzer\"},\"image\":{\"@id\":\"https:\/\/www.truzzer.com\/es\/#\/schema\/logo\/image\/\"}}]}<\/script>\n<!-- \/ Yoast SEO plugin. -->","yoast_head_json":{"title":"TikTok Follower QR Code Sticker Label Roll \u2013 Me... | truzzer","description":"M\u00e1s alcance TikTok con TikTok Follower QR Code Sticker Label Roll \u2013 Mer rekkevidde med QR-klistremerker de truzzer. F\u00e1cil configuraci\u00f3n. \u00a1Pide ahora!","robots":{"index":"index","follow":"follow","max-snippet":"max-snippet:-1","max-image-preview":"max-image-preview:large","max-video-preview":"max-video-preview:-1"},"canonical":"https:\/\/www.truzzer.com\/es\/producto\/tiktok-follower-qr-code-sticker-label-roll-mer-rekkevidde-med-qr-klistremerker\/","og_locale":"es_ES","og_type":"article","og_title":"TikTok Follower QR Code Sticker Label Roll \u2013 Me... | truzzer","og_description":"M\u00e1s alcance TikTok con TikTok Follower QR Code Sticker Label Roll \u2013 Mer rekkevidde med QR-klistremerker de truzzer. F\u00e1cil configuraci\u00f3n. \u00a1Pide ahora!","og_url":"https:\/\/www.truzzer.com\/es\/producto\/tiktok-follower-qr-code-sticker-label-roll-mer-rekkevidde-med-qr-klistremerker\/","og_site_name":"truzzer","article_modified_time":"2026-02-13T10:27:55+00:00","og_image":[{"width":1400,"height":1400,"url":"https:\/\/www.truzzer.com\/wp-content\/uploads\/2026\/02\/tiktok-sticker-roll-3-2.jpg","type":"image\/jpeg"}],"twitter_card":"summary_large_image","twitter_misc":{"Tiempo de lectura":"1 minuto"},"schema":{"@context":"https:\/\/schema.org","@graph":[{"@type":"WebPage","@id":"https:\/\/www.truzzer.com\/es\/producto\/tiktok-follower-qr-code-sticker-label-roll-mer-rekkevidde-med-qr-klistremerker\/","url":"https:\/\/www.truzzer.com\/es\/producto\/tiktok-follower-qr-code-sticker-label-roll-mer-rekkevidde-med-qr-klistremerker\/","name":"TikTok Follower QR Code Sticker Label Roll \u2013 Me... | truzzer","isPartOf":{"@id":"https:\/\/www.truzzer.com\/es\/#website"},"primaryImageOfPage":{"@id":"https:\/\/www.truzzer.com\/es\/producto\/tiktok-follower-qr-code-sticker-label-roll-mer-rekkevidde-med-qr-klistremerker\/#primaryimage"},"image":{"@id":"https:\/\/www.truzzer.com\/es\/producto\/tiktok-follower-qr-code-sticker-label-roll-mer-rekkevidde-med-qr-klistremerker\/#primaryimage"},"thumbnailUrl":"https:\/\/www.truzzer.com\/wp-content\/uploads\/2026\/02\/tiktok-sticker-roll-3-2.jpg","datePublished":"2026-02-11T10:13:14+00:00","dateModified":"2026-02-13T10:27:55+00:00","description":"M\u00e1s alcance TikTok con TikTok Follower QR Code Sticker Label Roll \u2013 Mer rekkevidde med QR-klistremerker de truzzer. F\u00e1cil configuraci\u00f3n. \u00a1Pide ahora!","breadcrumb":{"@id":"https:\/\/www.truzzer.com\/es\/producto\/tiktok-follower-qr-code-sticker-label-roll-mer-rekkevidde-med-qr-klistremerker\/#breadcrumb"},"inLanguage":"es","potentialAction":[{"@type":"ReadAction","target":["https:\/\/www.truzzer.com\/es\/producto\/tiktok-follower-qr-code-sticker-label-roll-mer-rekkevidde-med-qr-klistremerker\/"]}]},{"@type":"ImageObject","inLanguage":"es","@id":"https:\/\/www.truzzer.com\/es\/producto\/tiktok-follower-qr-code-sticker-label-roll-mer-rekkevidde-med-qr-klistremerker\/#primaryimage","url":"https:\/\/www.truzzer.com\/wp-content\/uploads\/2026\/02\/tiktok-sticker-roll-3-2.jpg","contentUrl":"https:\/\/www.truzzer.com\/wp-content\/uploads\/2026\/02\/tiktok-sticker-roll-3-2.jpg","width":1400,"height":1400},{"@type":"BreadcrumbList","@id":"https:\/\/www.truzzer.com\/es\/producto\/tiktok-follower-qr-code-sticker-label-roll-mer-rekkevidde-med-qr-klistremerker\/#breadcrumb","itemListElement":[{"@type":"ListItem","position":1,"name":"Home","item":"https:\/\/www.truzzer.com\/es\/"},{"@type":"ListItem","position":2,"name":"Tienda","item":"https:\/\/www.truzzer.com\/es\/tienda\/"},{"@type":"ListItem","position":3,"name":"TikTok Seguidor QR Rollo de etiquetas adhesivas con c\u00f3digo: mayor alcance con las pegatinas QR"}]},{"@type":"WebSite","@id":"https:\/\/www.truzzer.com\/es\/#website","url":"https:\/\/www.truzzer.com\/es\/","name":"truzzer","description":"Experts for customer trust","publisher":{"@id":"https:\/\/www.truzzer.com\/es\/#organization"},"potentialAction":[{"@type":"SearchAction","target":{"@type":"EntryPoint","urlTemplate":"https:\/\/www.truzzer.com\/es\/?s={search_term_string}"},"query-input":{"@type":"PropertyValueSpecification","valueRequired":true,"valueName":"search_term_string"}}],"inLanguage":"es"},{"@type":"Organization","@id":"https:\/\/www.truzzer.com\/es\/#organization","name":"truzzer","url":"https:\/\/www.truzzer.com\/es\/","logo":{"@type":"ImageObject","inLanguage":"es","@id":"https:\/\/www.truzzer.com\/es\/#\/schema\/logo\/image\/","url":"https:\/\/truzzer.com\/wp-content\/uploads\/2026\/01\/truzzer-logo-black-1.svg","contentUrl":"https:\/\/truzzer.com\/wp-content\/uploads\/2026\/01\/truzzer-logo-black-1.svg","width":938,"height":199,"caption":"truzzer"},"image":{"@id":"https:\/\/www.truzzer.com\/es\/#\/schema\/logo\/image\/"}}]}},"tiered_pricing_type":"fixed","tiered_pricing_fixed_rules":[],"tiered_pricing_product_settings":{"layout":"default","base_unit_name":{"singular":null,"plural":null},"default_variation":null},"tiered_pricing_minimum_quantity":null,"tiered_pricing_roles_data":[],"tiered_pricing_percentage_rules":[],"tiered_pricing_maximum_quantity":null,"tiered_pricing_quantity_step":null,"_links":{"self":[{"href":"https:\/\/www.truzzer.com\/es\/wp-json\/wp\/v2\/product\/102609","targetHints":{"allow":["GET"]}}],"collection":[{"href":"https:\/\/www.truzzer.com\/es\/wp-json\/wp\/v2\/product"}],"about":[{"href":"https:\/\/www.truzzer.com\/es\/wp-json\/wp\/v2\/types\/product"}],"replies":[{"embeddable":true,"href":"https:\/\/www.truzzer.com\/es\/wp-json\/wp\/v2\/comments?post=102609"}],"wp:featuredmedia":[{"embeddable":true,"href":"https:\/\/www.truzzer.com\/es\/wp-json\/wp\/v2\/media\/102610"}],"wp:attachment":[{"href":"https:\/\/www.truzzer.com\/es\/wp-json\/wp\/v2\/media?parent=102609"}],"wp:term":[{"taxonomy":"product_brand","embeddable":true,"href":"https:\/\/www.truzzer.com\/es\/wp-json\/wp\/v2\/product_brand?post=102609"},{"taxonomy":"product_cat","embeddable":true,"href":"https:\/\/www.truzzer.com\/es\/wp-json\/wp\/v2\/product_cat?post=102609"},{"taxonomy":"product_tag","embeddable":true,"href":"https:\/\/www.truzzer.com\/es\/wp-json\/wp\/v2\/product_tag?post=102609"}],"curies":[{"name":"wp","href":"https:\/\/api.w.org\/{rel}","templated":true}]}}