{"id":102674,"date":"2026-02-11T10:14:57","date_gmt":"2026-02-11T10:14:57","guid":{"rendered":"https:\/\/beta.truzzer.com\/product\/google-anmeldelse-qr-kode-visittkorttelefon\/"},"modified":"2026-02-13T10:24:06","modified_gmt":"2026-02-13T10:24:06","slug":"google-anmeldelse-qr-kode-visittkorttelefon","status":"publish","type":"product","link":"https:\/\/www.truzzer.com\/es\/producto\/google-anmeldelse-qr-kode-visittkorttelefon\/","title":{"rendered":"Google Revisi\u00f3n QR C\u00f3digo Tarjeta de visita Tel\u00e9fono"},"content":{"rendered":"<h2>Revisi\u00f3n de Google Tarjeta de visita con c\u00f3digo QR &#8211; Edici\u00f3n PHONE<\/h2>\n<p>La <strong>Truzzer PHONE Edition<\/strong> es la tarjeta de visita moderna de \u00faltima generaci\u00f3n.<br \/>\nDise\u00f1ado espec\u00edficamente para una excelente <strong>experiencia del cliente m\u00f3vil<\/strong>, lleva su negocio directamente a los tel\u00e9fonos inteligentes de sus clientes con un solo escaneo:<br \/>\ny desde all\u00ed directamente a su <strong>p\u00e1gina de rese\u00f1as de Google<\/strong>.<br \/>\nPerfecto para cualquiera que quiera presentar su marca como algo m\u00f3vil, digital y preparado para el futuro.<\/p>\n<h3>La soluci\u00f3n inteligente para rese\u00f1as m\u00f3viles<\/h3>\n<p>Con la <strong>Tarjeta de visita con c\u00f3digo QR Edici\u00f3n PHONE<\/strong>, podr\u00e1 reunirse con sus clientes donde ya est\u00e1n: en sus tel\u00e9fonos.<br \/>\nEscanear, revisar y listo.<br \/>\nYa sea en la tienda, en un restaurante, en ferias comerciales o mientras viajan, los clientes pueden dejar una rese\u00f1a en segundos, sin instalar una aplicaci\u00f3n ni buscar su anuncio.<\/p>\n<ul>\n<li><strong>Dise\u00f1o moderno y minimalista<\/strong> con apariencia de tel\u00e9fono inteligente<\/li>\n<li><strong>Acceso instant\u00e1neo al c\u00f3digo QR<\/strong> a su p\u00e1gina de rese\u00f1as de Google<\/li>\n<li><strong>Configurado individualmente<\/strong> con el nombre y logotipo de tu empresa<\/li>\n<li><strong>Completamente configurado y actualizado. listo para usar<\/strong> de inmediato<\/li>\n<li><strong>Ideal para proveedores de servicios m\u00f3viles, hoteler\u00eda, belleza y servicios. eventos<\/strong><\/li>\n<li><strong>Fabricado en Alemania<\/strong>: alta calidad, probado y personalizado<\/li>\n<\/ul>\n<h3>C\u00f3mo funciona<\/h3>\n<p>1. Ingresas el nombre de tu empresa al realizar tu pedido.<br \/>\n2. Creamos su <strong>enlace de revisi\u00f3n Google<\/strong> y el c\u00f3digo QR individuales.<br \/>\n3. Su tarjeta est\u00e1 completamente configurada y se le env\u00eda directamente.<\/p>\n<p>Los clientes simplemente escanean el c\u00f3digo QR con la c\u00e1mara de su tel\u00e9fono inteligente y acceden instant\u00e1neamente a su p\u00e1gina de rese\u00f1as.<br \/>\nsin desv\u00edos, sin necesidad de iniciar sesi\u00f3n y sin obst\u00e1culos t\u00e9cnicos.<\/p>\n<h3>Por qu\u00e9 la edici\u00f3n PHONE<\/h3>\n<p>PHONE Edition fue dise\u00f1ada espec\u00edficamente para uso m\u00f3vil.<br \/>\nCombina el aspecto familiar de la interfaz de un tel\u00e9fono inteligente con el <strong>proceso de revisi\u00f3n m\u00e1s sencillo del mundo<\/strong>.<br \/>\nEl dise\u00f1o es intuitivo, llamativo y anima activamente a los clientes a dejar una rese\u00f1a de inmediato.<\/p>\n<h3>Beneficios para tu negocio<\/h3>\n<ul>\n<li>M\u00e1s <strong>rese\u00f1as reales de 5 estrellas<\/strong> en menos tiempo<\/li>\n<li>Visibilidad <strong>m\u00e1s fuerte en Google<\/strong> y clasificaciones mejoradas<\/li>\n<li>M\u00e1s confianza de los nuevos clientes<\/li>\n<li>Menos esfuerzo para su equipo: la tarjeta hace el marketing por usted<\/li>\n<\/ul>\n<h3>Por qu\u00e9 Truzzer<\/h3>\n<p>Como <strong>l\u00edder del mercado e inventor<\/strong> de QR &amp; Productos NFC para revisiones Google,<br \/>\nTruzzer ofrece todo listo para funcionar: desde el enlace de revisi\u00f3n personal y el dise\u00f1o hasta el producto final probado.<br \/>\nNuestros productos se utilizan en toda Alemania, desde peque\u00f1as empresas locales hasta grandes cadenas.<\/p>\n<ul>\n<li>Inventor y creador l\u00edder del mercado en Alemania<\/li>\n<li>Soporte alem\u00e1n y soporte t\u00e9cnico. configuraci\u00f3n personal<\/li>\n<li>Mejor valorado en Google<\/li>\n<li>Compatible con cualquier tel\u00e9fono inteligente<\/li>\n<li>Sin suscripci\u00f3n, sin aplicaci\u00f3n, no se requieren conocimientos t\u00e9cnicos<\/li>\n<\/ul>\n<h3>Detalles t\u00e9cnicos<\/h3>\n<ul>\n<li>Tama\u00f1o: formato de tarjeta de cr\u00e9dito con un dise\u00f1o inspirado en un tel\u00e9fono inteligente<\/li>\n<li>Material: tarjeta de pl\u00e1stico duradera, acabado mate o brillante opcional<\/li>\n<li>Tecnolog\u00eda: c\u00f3digo QR (combinaci\u00f3n NFC opcional disponible)<\/li>\n<li>Enlace: enlace directo a su perfil de rese\u00f1as de Google<\/li>\n<li>Personalizaci\u00f3n: logotipo, nombre comercial y formato. concepto de color<\/li>\n<\/ul>\n<h3>Conclusi\u00f3n<\/h3>\n<p>La <strong>Tarjeta de visita con c\u00f3digo Google Review QR \u2013 Edici\u00f3n PHONE<\/strong> es la herramienta perfecta<br \/>\npara generar rese\u00f1as directamente en el punto de venta o en interacciones personales.<br \/>\nEl dise\u00f1o moderno logra un impacto medible: para lograr mayor alcance, confianza y crecimiento.<\/p>\n<p><hora\/><\/p>\n<p><strong>Haga su pedido ahora, incluido el c\u00f3digo QR y el c\u00f3digo. configuraci\u00f3n completa.<\/strong><br \/>\nHaga que el camino hacia su pr\u00f3xima rese\u00f1a de 5 estrellas sea tan f\u00e1cil como escanear con su tel\u00e9fono inteligente.<\/p>\n","protected":false},"excerpt":{"rendered":"<h2>\n  <img decoding=\"async\" class=\"alignnone size-full wp-image-56732\" src=\"https:\/\/truzzer.com\/wp-content\/uploads\/2026\/02\/qrscan-ezgif.com-video-to-webp-converter-1.webp\" alt=\"\" width=\"150\" height=\"150\" \/><br \/>\n<\/h2>\n<h2>Obtenga m\u00e1s rese\u00f1as de Google f\u00e1cilmente con las tarjetas de presentaci\u00f3n del c\u00f3digo Google Review QR<\/h2>\n<p>Descubra las nuevas tarjetas de presentaci\u00f3n est\u00e1ndar dise\u00f1adas para ayudarlo a recopilar m\u00e1s rese\u00f1as de Google, con una apariencia limpia y moderna que se adapta perfectamente a cualquier negocio.<\/p>\n<p>Con nuestras tarjetas de presentaci\u00f3n del c\u00f3digo Google Review QR, puede obtener m\u00e1s revisiones Google en poco tiempo.<\/p>\n<p>Todo lo que sus clientes deben hacer es escanear el c\u00f3digo QR con la c\u00e1mara de su tel\u00e9fono inteligente y ser\u00e1n llevados directamente a su p\u00e1gina de revisi\u00f3n de Google.<\/p>\n<p>Introduzca tambi\u00e9n la direcci\u00f3n y el nombre de su empresa en el campo de configuraci\u00f3n. Con esta informaci\u00f3n, creamos su enlace de revisi\u00f3n individual para usted, para que no tenga que preocuparse por nada.<\/p>\n","protected":false},"featured_media":102779,"comment_status":"closed","ping_status":"closed","template":"","meta":{"_acf_changed":false,"_yoast_wpseo_focuskw":"Rese\u00f1a Google Tarjeta de visita","_yoast_wpseo_title":"Google anmeldelse QR-kode visittkorttelefon | truzzer","_yoast_wpseo_metadesc":"M\u00e1s rese\u00f1as de 5 estrellas en Google con Google anmeldelse QR-kode visittkorttelefon de truzzer. F\u00e1cil configuraci\u00f3n, listo para usar. \u00a1Pide ahora!"},"product_brand":[1654],"product_cat":[531,612,791,817,818],"product_tag":[],"class_list":{"0":"post-102674","1":"product","2":"type-product","3":"status-publish","4":"has-post-thumbnail","6":"product_brand-google","7":"product_cat-codigo-qr-productos","8":"product_cat-codigo-qr-tarjetas-de-visita","9":"product_cat-resena-de-google-productos","10":"product_cat-resena-de-google-tarjetas-de-visita","11":"product_cat-resena-de-google-tarjetas-de-visita-con-codigo-qr","12":"pa_material-carton","13":"pa_orientation-portrett","14":"pa_placement-bon","15":"pa_placement-folleto","16":"pa_placement-lommebok-personlig","17":"pa_placement-portemonnee-personallijk","18":"pa_product-type-visitekaartjes","19":"pa_shape-rechthoek","20":"pa_technology-codigo-qr","22":"first","23":"instock","24":"taxable","25":"shipping-taxable","26":"purchasable","27":"product-type-simple"},"acf":[],"yoast_head":"<!-- This site is optimized with the Yoast SEO plugin v27.0 - https:\/\/yoast.com\/product\/yoast-seo-wordpress\/ -->\n<title>Google anmeldelse QR-kode visittkorttelefon | truzzer<\/title>\n<meta name=\"description\" content=\"M\u00e1s rese\u00f1as de 5 estrellas en Google con Google anmeldelse QR-kode visittkorttelefon de truzzer. F\u00e1cil configuraci\u00f3n, listo para usar. \u00a1Pide ahora!\" \/>\n<meta name=\"robots\" content=\"index, follow, max-snippet:-1, max-image-preview:large, max-video-preview:-1\" \/>\n<link rel=\"canonical\" href=\"https:\/\/www.truzzer.com\/es\/producto\/google-anmeldelse-qr-kode-visittkorttelefon\/\" \/>\n<meta property=\"og:locale\" content=\"es_ES\" \/>\n<meta property=\"og:type\" content=\"article\" \/>\n<meta property=\"og:title\" content=\"Google anmeldelse QR-kode visittkorttelefon | truzzer\" \/>\n<meta property=\"og:description\" content=\"M\u00e1s rese\u00f1as de 5 estrellas en Google con Google anmeldelse QR-kode visittkorttelefon de truzzer. F\u00e1cil configuraci\u00f3n, listo para usar. \u00a1Pide ahora!\" \/>\n<meta property=\"og:url\" content=\"https:\/\/www.truzzer.com\/es\/producto\/google-anmeldelse-qr-kode-visittkorttelefon\/\" \/>\n<meta property=\"og:site_name\" content=\"truzzer\" \/>\n<meta property=\"article:modified_time\" content=\"2026-02-13T10:24:06+00:00\" \/>\n<meta property=\"og:image\" content=\"https:\/\/www.truzzer.com\/wp-content\/uploads\/2026\/02\/Google-Bewertung-QR-Code-VIsitenkarte-Phone-2-empfehlio-3-en.jpg\" \/>\n\t<meta property=\"og:image:width\" content=\"1024\" \/>\n\t<meta property=\"og:image:height\" content=\"1024\" \/>\n\t<meta property=\"og:image:type\" content=\"image\/jpeg\" \/>\n<meta name=\"twitter:card\" content=\"summary_large_image\" \/>\n<meta name=\"twitter:label1\" content=\"Tiempo de lectura\" \/>\n\t<meta name=\"twitter:data1\" content=\"3 minutos\" \/>\n<script type=\"application\/ld+json\" class=\"yoast-schema-graph\">{\"@context\":\"https:\/\/schema.org\",\"@graph\":[{\"@type\":\"WebPage\",\"@id\":\"https:\/\/www.truzzer.com\/es\/producto\/google-anmeldelse-qr-kode-visittkorttelefon\/\",\"url\":\"https:\/\/www.truzzer.com\/es\/producto\/google-anmeldelse-qr-kode-visittkorttelefon\/\",\"name\":\"Google anmeldelse QR-kode visittkorttelefon | truzzer\",\"isPartOf\":{\"@id\":\"https:\/\/www.truzzer.com\/es\/#website\"},\"primaryImageOfPage\":{\"@id\":\"https:\/\/www.truzzer.com\/es\/producto\/google-anmeldelse-qr-kode-visittkorttelefon\/#primaryimage\"},\"image\":{\"@id\":\"https:\/\/www.truzzer.com\/es\/producto\/google-anmeldelse-qr-kode-visittkorttelefon\/#primaryimage\"},\"thumbnailUrl\":\"https:\/\/www.truzzer.com\/wp-content\/uploads\/2026\/02\/Google-Bewertung-QR-Code-VIsitenkarte-Phone-2-empfehlio-3-en.jpg\",\"datePublished\":\"2026-02-11T10:14:57+00:00\",\"dateModified\":\"2026-02-13T10:24:06+00:00\",\"description\":\"M\u00e1s rese\u00f1as de 5 estrellas en Google con Google anmeldelse QR-kode visittkorttelefon de truzzer. F\u00e1cil configuraci\u00f3n, listo para usar. \u00a1Pide ahora!\",\"breadcrumb\":{\"@id\":\"https:\/\/www.truzzer.com\/es\/producto\/google-anmeldelse-qr-kode-visittkorttelefon\/#breadcrumb\"},\"inLanguage\":\"es\",\"potentialAction\":[{\"@type\":\"ReadAction\",\"target\":[\"https:\/\/www.truzzer.com\/es\/producto\/google-anmeldelse-qr-kode-visittkorttelefon\/\"]}]},{\"@type\":\"ImageObject\",\"inLanguage\":\"es\",\"@id\":\"https:\/\/www.truzzer.com\/es\/producto\/google-anmeldelse-qr-kode-visittkorttelefon\/#primaryimage\",\"url\":\"https:\/\/www.truzzer.com\/wp-content\/uploads\/2026\/02\/Google-Bewertung-QR-Code-VIsitenkarte-Phone-2-empfehlio-3-en.jpg\",\"contentUrl\":\"https:\/\/www.truzzer.com\/wp-content\/uploads\/2026\/02\/Google-Bewertung-QR-Code-VIsitenkarte-Phone-2-empfehlio-3-en.jpg\",\"width\":1024,\"height\":1024},{\"@type\":\"BreadcrumbList\",\"@id\":\"https:\/\/www.truzzer.com\/es\/producto\/google-anmeldelse-qr-kode-visittkorttelefon\/#breadcrumb\",\"itemListElement\":[{\"@type\":\"ListItem\",\"position\":1,\"name\":\"Home\",\"item\":\"https:\/\/www.truzzer.com\/es\/\"},{\"@type\":\"ListItem\",\"position\":2,\"name\":\"Tienda\",\"item\":\"https:\/\/www.truzzer.com\/es\/tienda\/\"},{\"@type\":\"ListItem\",\"position\":3,\"name\":\"Google Revisi\u00f3n QR C\u00f3digo Tarjeta de visita Tel\u00e9fono\"}]},{\"@type\":\"WebSite\",\"@id\":\"https:\/\/www.truzzer.com\/es\/#website\",\"url\":\"https:\/\/www.truzzer.com\/es\/\",\"name\":\"truzzer\",\"description\":\"Experts for customer trust\",\"publisher\":{\"@id\":\"https:\/\/www.truzzer.com\/es\/#organization\"},\"potentialAction\":[{\"@type\":\"SearchAction\",\"target\":{\"@type\":\"EntryPoint\",\"urlTemplate\":\"https:\/\/www.truzzer.com\/es\/?s={search_term_string}\"},\"query-input\":{\"@type\":\"PropertyValueSpecification\",\"valueRequired\":true,\"valueName\":\"search_term_string\"}}],\"inLanguage\":\"es\"},{\"@type\":\"Organization\",\"@id\":\"https:\/\/www.truzzer.com\/es\/#organization\",\"name\":\"truzzer\",\"url\":\"https:\/\/www.truzzer.com\/es\/\",\"logo\":{\"@type\":\"ImageObject\",\"inLanguage\":\"es\",\"@id\":\"https:\/\/www.truzzer.com\/es\/#\/schema\/logo\/image\/\",\"url\":\"https:\/\/truzzer.com\/wp-content\/uploads\/2026\/01\/truzzer-logo-black-1.svg\",\"contentUrl\":\"https:\/\/truzzer.com\/wp-content\/uploads\/2026\/01\/truzzer-logo-black-1.svg\",\"width\":938,\"height\":199,\"caption\":\"truzzer\"},\"image\":{\"@id\":\"https:\/\/www.truzzer.com\/es\/#\/schema\/logo\/image\/\"}}]}<\/script>\n<!-- \/ Yoast SEO plugin. -->","yoast_head_json":{"title":"Google anmeldelse QR-kode visittkorttelefon | truzzer","description":"M\u00e1s rese\u00f1as de 5 estrellas en Google con Google anmeldelse QR-kode visittkorttelefon de truzzer. F\u00e1cil configuraci\u00f3n, listo para usar. \u00a1Pide ahora!","robots":{"index":"index","follow":"follow","max-snippet":"max-snippet:-1","max-image-preview":"max-image-preview:large","max-video-preview":"max-video-preview:-1"},"canonical":"https:\/\/www.truzzer.com\/es\/producto\/google-anmeldelse-qr-kode-visittkorttelefon\/","og_locale":"es_ES","og_type":"article","og_title":"Google anmeldelse QR-kode visittkorttelefon | truzzer","og_description":"M\u00e1s rese\u00f1as de 5 estrellas en Google con Google anmeldelse QR-kode visittkorttelefon de truzzer. F\u00e1cil configuraci\u00f3n, listo para usar. \u00a1Pide ahora!","og_url":"https:\/\/www.truzzer.com\/es\/producto\/google-anmeldelse-qr-kode-visittkorttelefon\/","og_site_name":"truzzer","article_modified_time":"2026-02-13T10:24:06+00:00","og_image":[{"width":1024,"height":1024,"url":"https:\/\/www.truzzer.com\/wp-content\/uploads\/2026\/02\/Google-Bewertung-QR-Code-VIsitenkarte-Phone-2-empfehlio-3-en.jpg","type":"image\/jpeg"}],"twitter_card":"summary_large_image","twitter_misc":{"Tiempo de lectura":"3 minutos"},"schema":{"@context":"https:\/\/schema.org","@graph":[{"@type":"WebPage","@id":"https:\/\/www.truzzer.com\/es\/producto\/google-anmeldelse-qr-kode-visittkorttelefon\/","url":"https:\/\/www.truzzer.com\/es\/producto\/google-anmeldelse-qr-kode-visittkorttelefon\/","name":"Google anmeldelse QR-kode visittkorttelefon | truzzer","isPartOf":{"@id":"https:\/\/www.truzzer.com\/es\/#website"},"primaryImageOfPage":{"@id":"https:\/\/www.truzzer.com\/es\/producto\/google-anmeldelse-qr-kode-visittkorttelefon\/#primaryimage"},"image":{"@id":"https:\/\/www.truzzer.com\/es\/producto\/google-anmeldelse-qr-kode-visittkorttelefon\/#primaryimage"},"thumbnailUrl":"https:\/\/www.truzzer.com\/wp-content\/uploads\/2026\/02\/Google-Bewertung-QR-Code-VIsitenkarte-Phone-2-empfehlio-3-en.jpg","datePublished":"2026-02-11T10:14:57+00:00","dateModified":"2026-02-13T10:24:06+00:00","description":"M\u00e1s rese\u00f1as de 5 estrellas en Google con Google anmeldelse QR-kode visittkorttelefon de truzzer. F\u00e1cil configuraci\u00f3n, listo para usar. \u00a1Pide ahora!","breadcrumb":{"@id":"https:\/\/www.truzzer.com\/es\/producto\/google-anmeldelse-qr-kode-visittkorttelefon\/#breadcrumb"},"inLanguage":"es","potentialAction":[{"@type":"ReadAction","target":["https:\/\/www.truzzer.com\/es\/producto\/google-anmeldelse-qr-kode-visittkorttelefon\/"]}]},{"@type":"ImageObject","inLanguage":"es","@id":"https:\/\/www.truzzer.com\/es\/producto\/google-anmeldelse-qr-kode-visittkorttelefon\/#primaryimage","url":"https:\/\/www.truzzer.com\/wp-content\/uploads\/2026\/02\/Google-Bewertung-QR-Code-VIsitenkarte-Phone-2-empfehlio-3-en.jpg","contentUrl":"https:\/\/www.truzzer.com\/wp-content\/uploads\/2026\/02\/Google-Bewertung-QR-Code-VIsitenkarte-Phone-2-empfehlio-3-en.jpg","width":1024,"height":1024},{"@type":"BreadcrumbList","@id":"https:\/\/www.truzzer.com\/es\/producto\/google-anmeldelse-qr-kode-visittkorttelefon\/#breadcrumb","itemListElement":[{"@type":"ListItem","position":1,"name":"Home","item":"https:\/\/www.truzzer.com\/es\/"},{"@type":"ListItem","position":2,"name":"Tienda","item":"https:\/\/www.truzzer.com\/es\/tienda\/"},{"@type":"ListItem","position":3,"name":"Google Revisi\u00f3n QR C\u00f3digo Tarjeta de visita Tel\u00e9fono"}]},{"@type":"WebSite","@id":"https:\/\/www.truzzer.com\/es\/#website","url":"https:\/\/www.truzzer.com\/es\/","name":"truzzer","description":"Experts for customer trust","publisher":{"@id":"https:\/\/www.truzzer.com\/es\/#organization"},"potentialAction":[{"@type":"SearchAction","target":{"@type":"EntryPoint","urlTemplate":"https:\/\/www.truzzer.com\/es\/?s={search_term_string}"},"query-input":{"@type":"PropertyValueSpecification","valueRequired":true,"valueName":"search_term_string"}}],"inLanguage":"es"},{"@type":"Organization","@id":"https:\/\/www.truzzer.com\/es\/#organization","name":"truzzer","url":"https:\/\/www.truzzer.com\/es\/","logo":{"@type":"ImageObject","inLanguage":"es","@id":"https:\/\/www.truzzer.com\/es\/#\/schema\/logo\/image\/","url":"https:\/\/truzzer.com\/wp-content\/uploads\/2026\/01\/truzzer-logo-black-1.svg","contentUrl":"https:\/\/truzzer.com\/wp-content\/uploads\/2026\/01\/truzzer-logo-black-1.svg","width":938,"height":199,"caption":"truzzer"},"image":{"@id":"https:\/\/www.truzzer.com\/es\/#\/schema\/logo\/image\/"}}]}},"tiered_pricing_type":"fixed","tiered_pricing_fixed_rules":[],"tiered_pricing_product_settings":{"layout":"default","base_unit_name":{"singular":null,"plural":null},"default_variation":null},"tiered_pricing_minimum_quantity":null,"tiered_pricing_roles_data":[],"tiered_pricing_percentage_rules":[],"tiered_pricing_maximum_quantity":null,"tiered_pricing_quantity_step":null,"_links":{"self":[{"href":"https:\/\/www.truzzer.com\/es\/wp-json\/wp\/v2\/product\/102674","targetHints":{"allow":["GET"]}}],"collection":[{"href":"https:\/\/www.truzzer.com\/es\/wp-json\/wp\/v2\/product"}],"about":[{"href":"https:\/\/www.truzzer.com\/es\/wp-json\/wp\/v2\/types\/product"}],"replies":[{"embeddable":true,"href":"https:\/\/www.truzzer.com\/es\/wp-json\/wp\/v2\/comments?post=102674"}],"wp:featuredmedia":[{"embeddable":true,"href":"https:\/\/www.truzzer.com\/es\/wp-json\/wp\/v2\/media\/102779"}],"wp:attachment":[{"href":"https:\/\/www.truzzer.com\/es\/wp-json\/wp\/v2\/media?parent=102674"}],"wp:term":[{"taxonomy":"product_brand","embeddable":true,"href":"https:\/\/www.truzzer.com\/es\/wp-json\/wp\/v2\/product_brand?post=102674"},{"taxonomy":"product_cat","embeddable":true,"href":"https:\/\/www.truzzer.com\/es\/wp-json\/wp\/v2\/product_cat?post=102674"},{"taxonomy":"product_tag","embeddable":true,"href":"https:\/\/www.truzzer.com\/es\/wp-json\/wp\/v2\/product_tag?post=102674"}],"curies":[{"name":"wp","href":"https:\/\/api.w.org\/{rel}","templated":true}]}}