{"id":102706,"date":"2026-02-11T10:14:30","date_gmt":"2026-02-11T10:14:30","guid":{"rendered":"https:\/\/beta.truzzer.com\/product\/google-review-qr-code-business-card-standard\/"},"modified":"2026-02-13T10:25:23","modified_gmt":"2026-02-13T10:25:23","slug":"google-review-qr-code-business-card-standard","status":"publish","type":"product","link":"https:\/\/www.truzzer.com\/es\/producto\/google-review-qr-code-business-card-standard\/","title":{"rendered":"Google Revisi\u00f3n QR C\u00f3digo Tarjeta de visita est\u00e1ndar"},"content":{"rendered":"<h2>Google Revisi\u00f3n Tarjeta de visita con c\u00f3digo QR &#8211; Est\u00e1ndar<\/h2>\n<p>\nLa <strong>Tarjeta de visita est\u00e1ndar Truzzer<\/strong> es la entrada sencilla y eficaz al mundo de las rese\u00f1as Google.<br \/>\nCombina un dise\u00f1o moderno y profesional con el poder directo de un <strong>c\u00f3digo QR individual<\/strong><br \/>\nque lleva a sus clientes directamente a la p\u00e1gina de rese\u00f1as Google de su empresa.<br \/>\nEsto hace que las rese\u00f1as sean una parte natural de cada interacci\u00f3n con el cliente.\n<\/p>\n<h3>La manera f\u00e1cil de obtener m\u00e1s rese\u00f1as de Google<\/h3>\n<p>\nCon la <strong>Tarjeta de visita con c\u00f3digo est\u00e1ndar QR<\/strong>, podr\u00e1s hacer que los clientes te recomienden sin esfuerzo.<br \/>\nBasta con un escaneo r\u00e1pido con un tel\u00e9fono inteligente y llegar\u00e1n directamente a su p\u00e1gina de rese\u00f1as de Google \u2014<br \/>\nsin b\u00fasquedas, sin desv\u00edos, sin barreras t\u00e9cnicas.<br \/>\nEsta tarjeta es ideal para cualquiera que quiera generar m\u00e1s confianza con una <strong>presencia profesional<\/strong> y al mismo tiempo aumentar su <strong>visibilidad online<\/strong>.\n<\/p>\n<ul>\n<li><strong>Dise\u00f1o limpio y profesional<\/strong>: perfecto para el uso diario<\/li>\n<li><strong>C\u00f3digo QR directo<\/strong> a su perfil comercial Google<\/li>\n<li><strong>Completamente configurado y actualizado. listo para usar<\/strong> inmediatamente<\/li>\n<li><strong>Personalizable<\/strong> con su logotipo y nombre comercial<\/li>\n<li><strong>Fabricado en Alemania<\/strong>: probado, configurado y listo para enviar<\/li>\n<li><strong>Perfecto<\/strong> para comercios, servicios, hosteler\u00eda, fitness &amp; venta al por menor<\/li>\n<\/ul>\n<h3>C\u00f3mo funciona<\/h3>\n<p>\n1. Ingresa el nombre de su empresa al realizar su pedido.<br \/>\n2. Generamos su <strong>enlace de revisi\u00f3n individual<\/strong> y creamos el c\u00f3digo QR.<br \/>\n3. Recibir\u00e1 la tarjeta <strong>completamente configurada<\/strong>; simplemente entr\u00e9guela y deje que los clientes la escaneen.\n<\/p>\n<p>\nCon un escaneo, los clientes abren la p\u00e1gina de rese\u00f1as Google de su empresa:<br \/>\ny pueden compartir su experiencia de inmediato.\n<\/p>\n<h3>Por qu\u00e9 la versi\u00f3n est\u00e1ndar<\/h3>\n<p>\nEsta tarjeta est\u00e1 dise\u00f1ada intencionalmente para ser <strong>minimalista y de uso universal<\/strong>.<br \/>\nFunciona para cualquier negocio y entorno, ya sea en conversaciones de ventas, citas o servicio al cliente.<br \/>\nLa atenci\u00f3n se centra en la m\u00e1xima simplicidad y eficacia.\n<\/p>\n<h3>Beneficios para tu negocio<\/h3>\n<ul>\n<li>M\u00e1s <strong>rese\u00f1as genuinas de clientes<\/strong> sin herramientas adicionales<\/li>\n<li>Visibilidad y clasificaci\u00f3n de <strong>Google<\/strong> mejoradas<\/li>\n<li>M\u00e1s confianza a trav\u00e9s de comentarios aut\u00e9nticos de los clientes<\/li>\n<li>Sin suscripci\u00f3n, sin aplicaci\u00f3n, sin esfuerzo<\/li>\n<\/ul>\n<h3>Por qu\u00e9 Truzzer<\/h3>\n<p>\nTruzzer es el <strong>inventor y l\u00edder del mercado<\/strong> de QR &amp; Productos NFC creados para revisiones de Google.<br \/>\nNuestros productos ya son utilizados por miles de empresas y ayudan a generar m\u00e1s rese\u00f1as y generar confianza todos los d\u00edas.<br \/>\nNos encargamos de toda la configuraci\u00f3n por usted: recibir\u00e1 todo listo para funcionar.\n<\/p>\n<ul>\n<li>L\u00edder del mercado &amp; inventor en Alemania<\/li>\n<li>Soporte alem\u00e1n y soporte t\u00e9cnico. configuraci\u00f3n personal<\/li>\n<li>Mejor valorado en Google<\/li>\n<li>Compatible con cualquier tel\u00e9fono inteligente<\/li>\n<li>Sin aplicaci\u00f3n, no es necesario iniciar sesi\u00f3n<\/li>\n<\/ul>\n<h3>Detalles t\u00e9cnicos<\/h3>\n<ul>\n<li>Formato: tarjeta de visita est\u00e1ndar<\/li>\n<li>Material: tarjeta de pl\u00e1stico duradera (mate o brillante)<\/li>\n<li>Tecnolog\u00eda: c\u00f3digo QR (opcional con NFC)<\/li>\n<li>Enlace: enlace de revisi\u00f3n directo a su perfil Google<\/li>\n<li>Personalizaci\u00f3n: logotipo y nombre comercial opcionales<\/li>\n<\/ul>\n<h3>Conclusi\u00f3n<\/h3>\n<p>\nLa <strong>Tarjeta de visita con c\u00f3digo Google Review QR \u2013 Est\u00e1ndar<\/strong> es la herramienta ideal para empresas<br \/>\nque quieran aumentar activamente las rese\u00f1as sin tecnolog\u00eda ni esfuerzo adicionales.<br \/>\nUna soluci\u00f3n simple, probada y efectiva para lograr mayor alcance, confianza y crecimiento.\n<\/p>\n<p><hora><\/p>\n<p>\n<strong>Haga su pedido ahora, incluida la configuraci\u00f3n y el servicio. C\u00f3digo QR.<\/strong><br \/>\nM\u00e1s rese\u00f1as. M\u00e1s visibilidad. M\u00e1s \u00e9xito con Truzzer.<\/p>\n","protected":false},"excerpt":{"rendered":"<h2>\n  <img decoding=\"async\" class=\"alignnone size-full wp-image-56732\" src=\"https:\/\/truzzer.com\/wp-content\/uploads\/2026\/02\/qrscan-ezgif.com-video-to-webp-converter-1.webp\" alt=\"\" width=\"150\" height=\"150\" \/><br \/>\n<\/h2>\n<h2>Obtenga m\u00e1s rese\u00f1as de Google f\u00e1cilmente con las tarjetas de visita con c\u00f3digo Google Review QR<\/h2>\n<p>\nDescubra nuestras nuevas tarjetas de presentaci\u00f3n est\u00e1ndar dise\u00f1adas para ayudarlo a recopilar m\u00e1s rese\u00f1as de Google, con una apariencia limpia y moderna que se adapta perfectamente a cualquier negocio.\n<\/p>\n<p>\nCon las tarjetas de visita con c\u00f3digo Google Review QR, puede obtener m\u00e1s revisiones Google en poco tiempo.\n<\/p>\n<p>\nTodo lo que sus clientes deben hacer es escanear el c\u00f3digo QR con la c\u00e1mara de su tel\u00e9fono inteligente y ser\u00e1n llevados directamente a su p\u00e1gina de revisi\u00f3n de Google.\n<\/p>\n<p>\nEn el campo de configuraci\u00f3n, simplemente ingrese el nombre y la direcci\u00f3n de su empresa. Bas\u00e1ndonos en esta informaci\u00f3n, crearemos su enlace de revisi\u00f3n individual para usted, para que no tenga que preocuparse por nada.<\/p>\n","protected":false},"featured_media":102786,"comment_status":"open","ping_status":"closed","template":"","meta":{"_acf_changed":false,"_yoast_wpseo_focuskw":"Rese\u00f1a Google Tarjeta de visita","_yoast_wpseo_title":"Google Review QR Code Business Card Standard | truzzer","_yoast_wpseo_metadesc":"M\u00e1s rese\u00f1as de 5 estrellas en Google con Google Review QR Code Business Card Standard de truzzer. F\u00e1cil configuraci\u00f3n, listo para usar. \u00a1Pide ahora!"},"product_brand":[1654],"product_cat":[531,612,791,817,818,1622],"product_tag":[],"class_list":{"0":"post-102706","1":"product","2":"type-product","3":"status-publish","4":"has-post-thumbnail","6":"product_brand-google","7":"product_cat-codigo-qr-productos","8":"product_cat-codigo-qr-tarjetas-de-visita","9":"product_cat-resena-de-google-productos","10":"product_cat-resena-de-google-tarjetas-de-visita","11":"product_cat-resena-de-google-tarjetas-de-visita-con-codigo-qr","12":"product_cat-wifi-productos","13":"pa_material-carton","14":"pa_orientation-portrett","15":"pa_placement-bon","16":"pa_placement-folleto","17":"pa_placement-lommebok-personlig","18":"pa_placement-portemonnee-personallijk","19":"pa_product-type-visitekaartjes","20":"pa_shape-rechthoek","21":"pa_technology-codigo-qr","23":"first","24":"instock","25":"taxable","26":"shipping-taxable","27":"purchasable","28":"product-type-simple"},"acf":[],"yoast_head":"<!-- This site is optimized with the Yoast SEO plugin v27.0 - https:\/\/yoast.com\/product\/yoast-seo-wordpress\/ -->\n<title>Google Review QR Code Business Card Standard | truzzer<\/title>\n<meta name=\"description\" content=\"M\u00e1s rese\u00f1as de 5 estrellas en Google con Google Review QR Code Business Card Standard de truzzer. F\u00e1cil configuraci\u00f3n, listo para usar. \u00a1Pide ahora!\" \/>\n<meta name=\"robots\" content=\"index, follow, max-snippet:-1, max-image-preview:large, max-video-preview:-1\" \/>\n<link rel=\"canonical\" href=\"https:\/\/www.truzzer.com\/es\/producto\/google-review-qr-code-business-card-standard\/\" \/>\n<meta property=\"og:locale\" content=\"es_ES\" \/>\n<meta property=\"og:type\" content=\"article\" \/>\n<meta property=\"og:title\" content=\"Google Review QR Code Business Card Standard | truzzer\" \/>\n<meta property=\"og:description\" content=\"M\u00e1s rese\u00f1as de 5 estrellas en Google con Google Review QR Code Business Card Standard de truzzer. F\u00e1cil configuraci\u00f3n, listo para usar. \u00a1Pide ahora!\" \/>\n<meta property=\"og:url\" content=\"https:\/\/www.truzzer.com\/es\/producto\/google-review-qr-code-business-card-standard\/\" \/>\n<meta property=\"og:site_name\" content=\"truzzer\" \/>\n<meta property=\"article:modified_time\" content=\"2026-02-13T10:25:23+00:00\" \/>\n<meta property=\"og:image\" content=\"https:\/\/www.truzzer.com\/wp-content\/uploads\/2026\/02\/Google-Bewertung-QR-Code-VIsitenkarte-Standard-2-empfehlio-1-en.jpg\" \/>\n\t<meta property=\"og:image:width\" content=\"1024\" \/>\n\t<meta property=\"og:image:height\" content=\"1024\" \/>\n\t<meta property=\"og:image:type\" content=\"image\/jpeg\" \/>\n<meta name=\"twitter:card\" content=\"summary_large_image\" \/>\n<meta name=\"twitter:label1\" content=\"Tiempo de lectura\" \/>\n\t<meta name=\"twitter:data1\" content=\"3 minutos\" \/>\n<script type=\"application\/ld+json\" class=\"yoast-schema-graph\">{\"@context\":\"https:\/\/schema.org\",\"@graph\":[{\"@type\":\"WebPage\",\"@id\":\"https:\/\/www.truzzer.com\/es\/producto\/google-review-qr-code-business-card-standard\/\",\"url\":\"https:\/\/www.truzzer.com\/es\/producto\/google-review-qr-code-business-card-standard\/\",\"name\":\"Google Review QR Code Business Card Standard | truzzer\",\"isPartOf\":{\"@id\":\"https:\/\/www.truzzer.com\/es\/#website\"},\"primaryImageOfPage\":{\"@id\":\"https:\/\/www.truzzer.com\/es\/producto\/google-review-qr-code-business-card-standard\/#primaryimage\"},\"image\":{\"@id\":\"https:\/\/www.truzzer.com\/es\/producto\/google-review-qr-code-business-card-standard\/#primaryimage\"},\"thumbnailUrl\":\"https:\/\/www.truzzer.com\/wp-content\/uploads\/2026\/02\/Google-Bewertung-QR-Code-VIsitenkarte-Standard-2-empfehlio-1-en.jpg\",\"datePublished\":\"2026-02-11T10:14:30+00:00\",\"dateModified\":\"2026-02-13T10:25:23+00:00\",\"description\":\"M\u00e1s rese\u00f1as de 5 estrellas en Google con Google Review QR Code Business Card Standard de truzzer. F\u00e1cil configuraci\u00f3n, listo para usar. \u00a1Pide ahora!\",\"breadcrumb\":{\"@id\":\"https:\/\/www.truzzer.com\/es\/producto\/google-review-qr-code-business-card-standard\/#breadcrumb\"},\"inLanguage\":\"es\",\"potentialAction\":[{\"@type\":\"ReadAction\",\"target\":[\"https:\/\/www.truzzer.com\/es\/producto\/google-review-qr-code-business-card-standard\/\"]}]},{\"@type\":\"ImageObject\",\"inLanguage\":\"es\",\"@id\":\"https:\/\/www.truzzer.com\/es\/producto\/google-review-qr-code-business-card-standard\/#primaryimage\",\"url\":\"https:\/\/www.truzzer.com\/wp-content\/uploads\/2026\/02\/Google-Bewertung-QR-Code-VIsitenkarte-Standard-2-empfehlio-1-en.jpg\",\"contentUrl\":\"https:\/\/www.truzzer.com\/wp-content\/uploads\/2026\/02\/Google-Bewertung-QR-Code-VIsitenkarte-Standard-2-empfehlio-1-en.jpg\",\"width\":1024,\"height\":1024},{\"@type\":\"BreadcrumbList\",\"@id\":\"https:\/\/www.truzzer.com\/es\/producto\/google-review-qr-code-business-card-standard\/#breadcrumb\",\"itemListElement\":[{\"@type\":\"ListItem\",\"position\":1,\"name\":\"Home\",\"item\":\"https:\/\/www.truzzer.com\/es\/\"},{\"@type\":\"ListItem\",\"position\":2,\"name\":\"Tienda\",\"item\":\"https:\/\/www.truzzer.com\/es\/tienda\/\"},{\"@type\":\"ListItem\",\"position\":3,\"name\":\"Google Revisi\u00f3n QR C\u00f3digo Tarjeta de visita est\u00e1ndar\"}]},{\"@type\":\"WebSite\",\"@id\":\"https:\/\/www.truzzer.com\/es\/#website\",\"url\":\"https:\/\/www.truzzer.com\/es\/\",\"name\":\"truzzer\",\"description\":\"Experts for customer trust\",\"publisher\":{\"@id\":\"https:\/\/www.truzzer.com\/es\/#organization\"},\"potentialAction\":[{\"@type\":\"SearchAction\",\"target\":{\"@type\":\"EntryPoint\",\"urlTemplate\":\"https:\/\/www.truzzer.com\/es\/?s={search_term_string}\"},\"query-input\":{\"@type\":\"PropertyValueSpecification\",\"valueRequired\":true,\"valueName\":\"search_term_string\"}}],\"inLanguage\":\"es\"},{\"@type\":\"Organization\",\"@id\":\"https:\/\/www.truzzer.com\/es\/#organization\",\"name\":\"truzzer\",\"url\":\"https:\/\/www.truzzer.com\/es\/\",\"logo\":{\"@type\":\"ImageObject\",\"inLanguage\":\"es\",\"@id\":\"https:\/\/www.truzzer.com\/es\/#\/schema\/logo\/image\/\",\"url\":\"https:\/\/truzzer.com\/wp-content\/uploads\/2026\/01\/truzzer-logo-black-1.svg\",\"contentUrl\":\"https:\/\/truzzer.com\/wp-content\/uploads\/2026\/01\/truzzer-logo-black-1.svg\",\"width\":938,\"height\":199,\"caption\":\"truzzer\"},\"image\":{\"@id\":\"https:\/\/www.truzzer.com\/es\/#\/schema\/logo\/image\/\"}}]}<\/script>\n<!-- \/ Yoast SEO plugin. -->","yoast_head_json":{"title":"Google Review QR Code Business Card Standard | truzzer","description":"M\u00e1s rese\u00f1as de 5 estrellas en Google con Google Review QR Code Business Card Standard de truzzer. F\u00e1cil configuraci\u00f3n, listo para usar. \u00a1Pide ahora!","robots":{"index":"index","follow":"follow","max-snippet":"max-snippet:-1","max-image-preview":"max-image-preview:large","max-video-preview":"max-video-preview:-1"},"canonical":"https:\/\/www.truzzer.com\/es\/producto\/google-review-qr-code-business-card-standard\/","og_locale":"es_ES","og_type":"article","og_title":"Google Review QR Code Business Card Standard | truzzer","og_description":"M\u00e1s rese\u00f1as de 5 estrellas en Google con Google Review QR Code Business Card Standard de truzzer. F\u00e1cil configuraci\u00f3n, listo para usar. \u00a1Pide ahora!","og_url":"https:\/\/www.truzzer.com\/es\/producto\/google-review-qr-code-business-card-standard\/","og_site_name":"truzzer","article_modified_time":"2026-02-13T10:25:23+00:00","og_image":[{"width":1024,"height":1024,"url":"https:\/\/www.truzzer.com\/wp-content\/uploads\/2026\/02\/Google-Bewertung-QR-Code-VIsitenkarte-Standard-2-empfehlio-1-en.jpg","type":"image\/jpeg"}],"twitter_card":"summary_large_image","twitter_misc":{"Tiempo de lectura":"3 minutos"},"schema":{"@context":"https:\/\/schema.org","@graph":[{"@type":"WebPage","@id":"https:\/\/www.truzzer.com\/es\/producto\/google-review-qr-code-business-card-standard\/","url":"https:\/\/www.truzzer.com\/es\/producto\/google-review-qr-code-business-card-standard\/","name":"Google Review QR Code Business Card Standard | truzzer","isPartOf":{"@id":"https:\/\/www.truzzer.com\/es\/#website"},"primaryImageOfPage":{"@id":"https:\/\/www.truzzer.com\/es\/producto\/google-review-qr-code-business-card-standard\/#primaryimage"},"image":{"@id":"https:\/\/www.truzzer.com\/es\/producto\/google-review-qr-code-business-card-standard\/#primaryimage"},"thumbnailUrl":"https:\/\/www.truzzer.com\/wp-content\/uploads\/2026\/02\/Google-Bewertung-QR-Code-VIsitenkarte-Standard-2-empfehlio-1-en.jpg","datePublished":"2026-02-11T10:14:30+00:00","dateModified":"2026-02-13T10:25:23+00:00","description":"M\u00e1s rese\u00f1as de 5 estrellas en Google con Google Review QR Code Business Card Standard de truzzer. F\u00e1cil configuraci\u00f3n, listo para usar. \u00a1Pide ahora!","breadcrumb":{"@id":"https:\/\/www.truzzer.com\/es\/producto\/google-review-qr-code-business-card-standard\/#breadcrumb"},"inLanguage":"es","potentialAction":[{"@type":"ReadAction","target":["https:\/\/www.truzzer.com\/es\/producto\/google-review-qr-code-business-card-standard\/"]}]},{"@type":"ImageObject","inLanguage":"es","@id":"https:\/\/www.truzzer.com\/es\/producto\/google-review-qr-code-business-card-standard\/#primaryimage","url":"https:\/\/www.truzzer.com\/wp-content\/uploads\/2026\/02\/Google-Bewertung-QR-Code-VIsitenkarte-Standard-2-empfehlio-1-en.jpg","contentUrl":"https:\/\/www.truzzer.com\/wp-content\/uploads\/2026\/02\/Google-Bewertung-QR-Code-VIsitenkarte-Standard-2-empfehlio-1-en.jpg","width":1024,"height":1024},{"@type":"BreadcrumbList","@id":"https:\/\/www.truzzer.com\/es\/producto\/google-review-qr-code-business-card-standard\/#breadcrumb","itemListElement":[{"@type":"ListItem","position":1,"name":"Home","item":"https:\/\/www.truzzer.com\/es\/"},{"@type":"ListItem","position":2,"name":"Tienda","item":"https:\/\/www.truzzer.com\/es\/tienda\/"},{"@type":"ListItem","position":3,"name":"Google Revisi\u00f3n QR C\u00f3digo Tarjeta de visita est\u00e1ndar"}]},{"@type":"WebSite","@id":"https:\/\/www.truzzer.com\/es\/#website","url":"https:\/\/www.truzzer.com\/es\/","name":"truzzer","description":"Experts for customer trust","publisher":{"@id":"https:\/\/www.truzzer.com\/es\/#organization"},"potentialAction":[{"@type":"SearchAction","target":{"@type":"EntryPoint","urlTemplate":"https:\/\/www.truzzer.com\/es\/?s={search_term_string}"},"query-input":{"@type":"PropertyValueSpecification","valueRequired":true,"valueName":"search_term_string"}}],"inLanguage":"es"},{"@type":"Organization","@id":"https:\/\/www.truzzer.com\/es\/#organization","name":"truzzer","url":"https:\/\/www.truzzer.com\/es\/","logo":{"@type":"ImageObject","inLanguage":"es","@id":"https:\/\/www.truzzer.com\/es\/#\/schema\/logo\/image\/","url":"https:\/\/truzzer.com\/wp-content\/uploads\/2026\/01\/truzzer-logo-black-1.svg","contentUrl":"https:\/\/truzzer.com\/wp-content\/uploads\/2026\/01\/truzzer-logo-black-1.svg","width":938,"height":199,"caption":"truzzer"},"image":{"@id":"https:\/\/www.truzzer.com\/es\/#\/schema\/logo\/image\/"}}]}},"tiered_pricing_type":"fixed","tiered_pricing_fixed_rules":[],"tiered_pricing_product_settings":{"layout":"default","base_unit_name":{"singular":null,"plural":null},"default_variation":null},"tiered_pricing_minimum_quantity":null,"tiered_pricing_roles_data":[],"tiered_pricing_percentage_rules":[],"tiered_pricing_maximum_quantity":null,"tiered_pricing_quantity_step":null,"_links":{"self":[{"href":"https:\/\/www.truzzer.com\/es\/wp-json\/wp\/v2\/product\/102706","targetHints":{"allow":["GET"]}}],"collection":[{"href":"https:\/\/www.truzzer.com\/es\/wp-json\/wp\/v2\/product"}],"about":[{"href":"https:\/\/www.truzzer.com\/es\/wp-json\/wp\/v2\/types\/product"}],"replies":[{"embeddable":true,"href":"https:\/\/www.truzzer.com\/es\/wp-json\/wp\/v2\/comments?post=102706"}],"wp:featuredmedia":[{"embeddable":true,"href":"https:\/\/www.truzzer.com\/es\/wp-json\/wp\/v2\/media\/102786"}],"wp:attachment":[{"href":"https:\/\/www.truzzer.com\/es\/wp-json\/wp\/v2\/media?parent=102706"}],"wp:term":[{"taxonomy":"product_brand","embeddable":true,"href":"https:\/\/www.truzzer.com\/es\/wp-json\/wp\/v2\/product_brand?post=102706"},{"taxonomy":"product_cat","embeddable":true,"href":"https:\/\/www.truzzer.com\/es\/wp-json\/wp\/v2\/product_cat?post=102706"},{"taxonomy":"product_tag","embeddable":true,"href":"https:\/\/www.truzzer.com\/es\/wp-json\/wp\/v2\/product_tag?post=102706"}],"curies":[{"name":"wp","href":"https:\/\/api.w.org\/{rel}","templated":true}]}}