{"id":92821,"date":"2026-02-05T11:45:15","date_gmt":"2026-02-05T11:45:15","guid":{"rendered":"https:\/\/beta.truzzer.com\/product\/ganido-revise-el-color-de-la-etiqueta-con-el-codigo-qr-de-revision\/"},"modified":"2026-02-13T08:32:15","modified_gmt":"2026-02-13T08:32:15","slug":"ganido-revise-el-color-de-la-etiqueta-con-el-codigo-qr-de-revision","status":"publish","type":"product","link":"https:\/\/www.truzzer.com\/es\/producto\/ganido-revise-el-color-de-la-etiqueta-con-el-codigo-qr-de-revision\/","title":{"rendered":"Yelp! Revise el color de la etiqueta con el c\u00f3digo QR de revisi\u00f3n"},"content":{"rendered":"<p>con guarida Truzzer Yelp! ReviewsStickern con QR Code-Link y su propio logotipo k\u00f6nnen Sie schnell positivo Reviewen von youren zufriedenen Kanden direkt in yourem Business get.<\/p>\n<p>Soy pr\u00e1ctico y pr\u00e1ctico. \u00a1El formato puede ser el Yelp! Rese\u00f1a para ti, Kanden greifbar. Platzieren Sie die Sticker gut sichtbar im Kassenbereich, an der Eingangst\u00fcr or \u00fcberall dort, wo youre Kanden die Sticker sehen k\u00f6nnen.<\/p>\n<p>Geeignet para den Innen- y Au\u00dfenbereich<\/p>\n<p>festival h\u00famedo<\/p>\n<p>para jede glatte Oberfl\u00e4che geeignet<\/p>\n<p>para EinzelhandelsBusinesse, T\u00fcren o como Auto-Yelp-Sticker<\/p>\n<p>Zeigt youren Kanden, dass sie Sie auch auf Yelp! encontrar k\u00f6nnen<\/p>\n<p>personalizado para Sie angefertigt<\/p>\n<p>\u00a1Puedes morir Yelp! Rese\u00f1asPegatina con su logotipo ganz einfach personalisieren y an your Unternehmen anpassen.<\/p>\n<p>Am Beispiel der Google-Sticker k\u00f6nnen Sie sehen, wie the Sticker funktionieren (identische Funktionalit\u00e4t).<\/p>\n<h3>Escritura 1: El c\u00f3digo Scannt del c\u00f3digo QR<\/h3>\n<p>Um Ihnen zu folgen, muss der Kande nur den QR Code scan. Dazu muss die Kamera des Smartphones (keine zus\u00e4tzliche Scanner-App erforderlich) einfach \u00fcber das Produkt gehalten werden. <img decoding=\"async\" src=\"https:\/\/www.truzzer.com\/wp-content\/uploads\/2026\/02\/how-to-use-the-product-truzzer-google.jpg.webp\" height=\"933\" width=\"1400\" class=\"alignnone wp-image-22402 size-full\" alt=\"Hand scanning a QR code for Google reviews on a smartphone.\"  > <\/p>\n<p>Una ventana emergente aparece en la imagen (iPhone) o un c\u00f3digo QR (tel\u00e9fonos inteligentes Android\/Google).<\/p>\n<h3>Escritura 2: Der Kande gelangt direkt zum Google-Reviewsformular<\/h3>\n<p>La f\u00f3rmula de rese\u00f1as est\u00e1 disponible en el navegador de tel\u00e9fonos inteligentes y el usuario puede acceder directamente a ella.<\/p>\n","protected":false},"excerpt":{"rendered":"<p>Die \u201eBewerten Sie uns auf Yelp!\u201c-Sticker helfen Ihnen, schneller More Yelp-Reviewen von youren Kanden zu get.<\/p>\n<p>Selbstklebend passen sich die \u201eBewerten Sie uns auf Yelp!\u201c-Sticker nahtlos in jedes Unternehmen ein and haften auf jeder glatten Oberfl\u00e4che.<\/p>\n<p>Wir erstellen and verlinken den QR Code for the direkte Review auf yourem Yelp-Profil for Sie!<\/p>\n<p>Esta informaci\u00f3n se incluye en su direcci\u00f3n de firma.<\/p>\n","protected":false},"featured_media":92822,"comment_status":"open","ping_status":"closed","template":"","meta":{"_acf_changed":false,"_yoast_wpseo_focuskw":"Rese\u00f1a Yelp Adhesivo","_yoast_wpseo_title":"Yelp! Review Sticker Color with review QR Code | truzzer","_yoast_wpseo_metadesc":"M\u00e1s rese\u00f1as en Yelp con Yelp! Review Sticker Color with review QR Code de truzzer. F\u00e1cil configuraci\u00f3n, listo para usar. \u00a1Pide ahora!"},"product_brand":[1711],"product_cat":[532,531,534,533],"product_tag":[],"class_list":{"0":"post-92821","1":"product","2":"type-product","3":"status-publish","4":"has-post-thumbnail","6":"product_brand-yelp","7":"product_cat-codigo-qr-pegatinas","8":"product_cat-codigo-qr-productos","9":"product_cat-resena-yelp-pegatinas","10":"product_cat-resenas-yelp","11":"pa_product-type-etiqueta-engomada","12":"pa_shape-ronda","13":"pa_technology-codigo-qr","15":"first","16":"instock","17":"taxable","18":"shipping-taxable","19":"purchasable","20":"product-type-variable","21":"has-default-attributes"},"acf":[],"yoast_head":"<!-- This site is optimized with the Yoast SEO plugin v27.0 - https:\/\/yoast.com\/product\/yoast-seo-wordpress\/ -->\n<title>Yelp! Review Sticker Color with review QR Code | truzzer<\/title>\n<meta name=\"description\" content=\"M\u00e1s rese\u00f1as en Yelp con Yelp! Review Sticker Color with review QR Code de truzzer. F\u00e1cil configuraci\u00f3n, listo para usar. \u00a1Pide ahora!\" \/>\n<meta name=\"robots\" content=\"index, follow, max-snippet:-1, max-image-preview:large, max-video-preview:-1\" \/>\n<link rel=\"canonical\" href=\"https:\/\/www.truzzer.com\/es\/producto\/ganido-revise-el-color-de-la-etiqueta-con-el-codigo-qr-de-revision\/\" \/>\n<meta property=\"og:locale\" content=\"es_ES\" \/>\n<meta property=\"og:type\" content=\"article\" \/>\n<meta property=\"og:title\" content=\"Yelp! Review Sticker Color with review QR Code | truzzer\" \/>\n<meta property=\"og:description\" content=\"M\u00e1s rese\u00f1as en Yelp con Yelp! Review Sticker Color with review QR Code de truzzer. F\u00e1cil configuraci\u00f3n, listo para usar. \u00a1Pide ahora!\" \/>\n<meta property=\"og:url\" content=\"https:\/\/www.truzzer.com\/es\/producto\/ganido-revise-el-color-de-la-etiqueta-con-el-codigo-qr-de-revision\/\" \/>\n<meta property=\"og:site_name\" content=\"truzzer\" \/>\n<meta property=\"article:modified_time\" content=\"2026-02-13T08:32:15+00:00\" \/>\n<meta property=\"og:image\" content=\"https:\/\/www.truzzer.com\/wp-content\/uploads\/2026\/02\/review-us-on-yelp-sticker-with-review-qr-code-color-truzzer-1-2.jpg\" \/>\n\t<meta property=\"og:image:width\" content=\"1200\" \/>\n\t<meta property=\"og:image:height\" content=\"1200\" \/>\n\t<meta property=\"og:image:type\" content=\"image\/jpeg\" \/>\n<meta name=\"twitter:card\" content=\"summary_large_image\" \/>\n<meta name=\"twitter:label1\" content=\"Tiempo de lectura\" \/>\n\t<meta name=\"twitter:data1\" content=\"1 minuto\" \/>\n<script type=\"application\/ld+json\" class=\"yoast-schema-graph\">{\"@context\":\"https:\/\/schema.org\",\"@graph\":[{\"@type\":\"WebPage\",\"@id\":\"https:\/\/www.truzzer.com\/es\/producto\/ganido-revise-el-color-de-la-etiqueta-con-el-codigo-qr-de-revision\/\",\"url\":\"https:\/\/www.truzzer.com\/es\/producto\/ganido-revise-el-color-de-la-etiqueta-con-el-codigo-qr-de-revision\/\",\"name\":\"Yelp! Review Sticker Color with review QR Code | truzzer\",\"isPartOf\":{\"@id\":\"https:\/\/www.truzzer.com\/es\/#website\"},\"primaryImageOfPage\":{\"@id\":\"https:\/\/www.truzzer.com\/es\/producto\/ganido-revise-el-color-de-la-etiqueta-con-el-codigo-qr-de-revision\/#primaryimage\"},\"image\":{\"@id\":\"https:\/\/www.truzzer.com\/es\/producto\/ganido-revise-el-color-de-la-etiqueta-con-el-codigo-qr-de-revision\/#primaryimage\"},\"thumbnailUrl\":\"https:\/\/www.truzzer.com\/wp-content\/uploads\/2026\/02\/review-us-on-yelp-sticker-with-review-qr-code-color-truzzer-1-2.jpg\",\"datePublished\":\"2026-02-05T11:45:15+00:00\",\"dateModified\":\"2026-02-13T08:32:15+00:00\",\"description\":\"M\u00e1s rese\u00f1as en Yelp con Yelp! Review Sticker Color with review QR Code de truzzer. F\u00e1cil configuraci\u00f3n, listo para usar. \u00a1Pide ahora!\",\"breadcrumb\":{\"@id\":\"https:\/\/www.truzzer.com\/es\/producto\/ganido-revise-el-color-de-la-etiqueta-con-el-codigo-qr-de-revision\/#breadcrumb\"},\"inLanguage\":\"es\",\"potentialAction\":[{\"@type\":\"ReadAction\",\"target\":[\"https:\/\/www.truzzer.com\/es\/producto\/ganido-revise-el-color-de-la-etiqueta-con-el-codigo-qr-de-revision\/\"]}]},{\"@type\":\"ImageObject\",\"inLanguage\":\"es\",\"@id\":\"https:\/\/www.truzzer.com\/es\/producto\/ganido-revise-el-color-de-la-etiqueta-con-el-codigo-qr-de-revision\/#primaryimage\",\"url\":\"https:\/\/www.truzzer.com\/wp-content\/uploads\/2026\/02\/review-us-on-yelp-sticker-with-review-qr-code-color-truzzer-1-2.jpg\",\"contentUrl\":\"https:\/\/www.truzzer.com\/wp-content\/uploads\/2026\/02\/review-us-on-yelp-sticker-with-review-qr-code-color-truzzer-1-2.jpg\",\"width\":1200,\"height\":1200},{\"@type\":\"BreadcrumbList\",\"@id\":\"https:\/\/www.truzzer.com\/es\/producto\/ganido-revise-el-color-de-la-etiqueta-con-el-codigo-qr-de-revision\/#breadcrumb\",\"itemListElement\":[{\"@type\":\"ListItem\",\"position\":1,\"name\":\"Home\",\"item\":\"https:\/\/www.truzzer.com\/es\/\"},{\"@type\":\"ListItem\",\"position\":2,\"name\":\"Tienda\",\"item\":\"https:\/\/www.truzzer.com\/es\/tienda\/\"},{\"@type\":\"ListItem\",\"position\":3,\"name\":\"Yelp! Revise el color de la etiqueta con el c\u00f3digo QR de revisi\u00f3n\"}]},{\"@type\":\"WebSite\",\"@id\":\"https:\/\/www.truzzer.com\/es\/#website\",\"url\":\"https:\/\/www.truzzer.com\/es\/\",\"name\":\"truzzer\",\"description\":\"Experts for customer trust\",\"publisher\":{\"@id\":\"https:\/\/www.truzzer.com\/es\/#organization\"},\"potentialAction\":[{\"@type\":\"SearchAction\",\"target\":{\"@type\":\"EntryPoint\",\"urlTemplate\":\"https:\/\/www.truzzer.com\/es\/?s={search_term_string}\"},\"query-input\":{\"@type\":\"PropertyValueSpecification\",\"valueRequired\":true,\"valueName\":\"search_term_string\"}}],\"inLanguage\":\"es\"},{\"@type\":\"Organization\",\"@id\":\"https:\/\/www.truzzer.com\/es\/#organization\",\"name\":\"truzzer\",\"url\":\"https:\/\/www.truzzer.com\/es\/\",\"logo\":{\"@type\":\"ImageObject\",\"inLanguage\":\"es\",\"@id\":\"https:\/\/www.truzzer.com\/es\/#\/schema\/logo\/image\/\",\"url\":\"https:\/\/truzzer.com\/wp-content\/uploads\/2026\/01\/truzzer-logo-black-1.svg\",\"contentUrl\":\"https:\/\/truzzer.com\/wp-content\/uploads\/2026\/01\/truzzer-logo-black-1.svg\",\"width\":938,\"height\":199,\"caption\":\"truzzer\"},\"image\":{\"@id\":\"https:\/\/www.truzzer.com\/es\/#\/schema\/logo\/image\/\"}}]}<\/script>\n<!-- \/ Yoast SEO plugin. -->","yoast_head_json":{"title":"Yelp! Review Sticker Color with review QR Code | truzzer","description":"M\u00e1s rese\u00f1as en Yelp con Yelp! Review Sticker Color with review QR Code de truzzer. F\u00e1cil configuraci\u00f3n, listo para usar. \u00a1Pide ahora!","robots":{"index":"index","follow":"follow","max-snippet":"max-snippet:-1","max-image-preview":"max-image-preview:large","max-video-preview":"max-video-preview:-1"},"canonical":"https:\/\/www.truzzer.com\/es\/producto\/ganido-revise-el-color-de-la-etiqueta-con-el-codigo-qr-de-revision\/","og_locale":"es_ES","og_type":"article","og_title":"Yelp! Review Sticker Color with review QR Code | truzzer","og_description":"M\u00e1s rese\u00f1as en Yelp con Yelp! Review Sticker Color with review QR Code de truzzer. F\u00e1cil configuraci\u00f3n, listo para usar. \u00a1Pide ahora!","og_url":"https:\/\/www.truzzer.com\/es\/producto\/ganido-revise-el-color-de-la-etiqueta-con-el-codigo-qr-de-revision\/","og_site_name":"truzzer","article_modified_time":"2026-02-13T08:32:15+00:00","og_image":[{"width":1200,"height":1200,"url":"https:\/\/www.truzzer.com\/wp-content\/uploads\/2026\/02\/review-us-on-yelp-sticker-with-review-qr-code-color-truzzer-1-2.jpg","type":"image\/jpeg"}],"twitter_card":"summary_large_image","twitter_misc":{"Tiempo de lectura":"1 minuto"},"schema":{"@context":"https:\/\/schema.org","@graph":[{"@type":"WebPage","@id":"https:\/\/www.truzzer.com\/es\/producto\/ganido-revise-el-color-de-la-etiqueta-con-el-codigo-qr-de-revision\/","url":"https:\/\/www.truzzer.com\/es\/producto\/ganido-revise-el-color-de-la-etiqueta-con-el-codigo-qr-de-revision\/","name":"Yelp! Review Sticker Color with review QR Code | truzzer","isPartOf":{"@id":"https:\/\/www.truzzer.com\/es\/#website"},"primaryImageOfPage":{"@id":"https:\/\/www.truzzer.com\/es\/producto\/ganido-revise-el-color-de-la-etiqueta-con-el-codigo-qr-de-revision\/#primaryimage"},"image":{"@id":"https:\/\/www.truzzer.com\/es\/producto\/ganido-revise-el-color-de-la-etiqueta-con-el-codigo-qr-de-revision\/#primaryimage"},"thumbnailUrl":"https:\/\/www.truzzer.com\/wp-content\/uploads\/2026\/02\/review-us-on-yelp-sticker-with-review-qr-code-color-truzzer-1-2.jpg","datePublished":"2026-02-05T11:45:15+00:00","dateModified":"2026-02-13T08:32:15+00:00","description":"M\u00e1s rese\u00f1as en Yelp con Yelp! Review Sticker Color with review QR Code de truzzer. F\u00e1cil configuraci\u00f3n, listo para usar. \u00a1Pide ahora!","breadcrumb":{"@id":"https:\/\/www.truzzer.com\/es\/producto\/ganido-revise-el-color-de-la-etiqueta-con-el-codigo-qr-de-revision\/#breadcrumb"},"inLanguage":"es","potentialAction":[{"@type":"ReadAction","target":["https:\/\/www.truzzer.com\/es\/producto\/ganido-revise-el-color-de-la-etiqueta-con-el-codigo-qr-de-revision\/"]}]},{"@type":"ImageObject","inLanguage":"es","@id":"https:\/\/www.truzzer.com\/es\/producto\/ganido-revise-el-color-de-la-etiqueta-con-el-codigo-qr-de-revision\/#primaryimage","url":"https:\/\/www.truzzer.com\/wp-content\/uploads\/2026\/02\/review-us-on-yelp-sticker-with-review-qr-code-color-truzzer-1-2.jpg","contentUrl":"https:\/\/www.truzzer.com\/wp-content\/uploads\/2026\/02\/review-us-on-yelp-sticker-with-review-qr-code-color-truzzer-1-2.jpg","width":1200,"height":1200},{"@type":"BreadcrumbList","@id":"https:\/\/www.truzzer.com\/es\/producto\/ganido-revise-el-color-de-la-etiqueta-con-el-codigo-qr-de-revision\/#breadcrumb","itemListElement":[{"@type":"ListItem","position":1,"name":"Home","item":"https:\/\/www.truzzer.com\/es\/"},{"@type":"ListItem","position":2,"name":"Tienda","item":"https:\/\/www.truzzer.com\/es\/tienda\/"},{"@type":"ListItem","position":3,"name":"Yelp! Revise el color de la etiqueta con el c\u00f3digo QR de revisi\u00f3n"}]},{"@type":"WebSite","@id":"https:\/\/www.truzzer.com\/es\/#website","url":"https:\/\/www.truzzer.com\/es\/","name":"truzzer","description":"Experts for customer trust","publisher":{"@id":"https:\/\/www.truzzer.com\/es\/#organization"},"potentialAction":[{"@type":"SearchAction","target":{"@type":"EntryPoint","urlTemplate":"https:\/\/www.truzzer.com\/es\/?s={search_term_string}"},"query-input":{"@type":"PropertyValueSpecification","valueRequired":true,"valueName":"search_term_string"}}],"inLanguage":"es"},{"@type":"Organization","@id":"https:\/\/www.truzzer.com\/es\/#organization","name":"truzzer","url":"https:\/\/www.truzzer.com\/es\/","logo":{"@type":"ImageObject","inLanguage":"es","@id":"https:\/\/www.truzzer.com\/es\/#\/schema\/logo\/image\/","url":"https:\/\/truzzer.com\/wp-content\/uploads\/2026\/01\/truzzer-logo-black-1.svg","contentUrl":"https:\/\/truzzer.com\/wp-content\/uploads\/2026\/01\/truzzer-logo-black-1.svg","width":938,"height":199,"caption":"truzzer"},"image":{"@id":"https:\/\/www.truzzer.com\/es\/#\/schema\/logo\/image\/"}}]}},"tiered_pricing_type":"fixed","tiered_pricing_fixed_rules":[],"tiered_pricing_product_settings":{"layout":"default","base_unit_name":{"singular":null,"plural":null},"default_variation":null},"tiered_pricing_minimum_quantity":null,"tiered_pricing_roles_data":[],"tiered_pricing_percentage_rules":[],"tiered_pricing_maximum_quantity":null,"tiered_pricing_quantity_step":null,"_links":{"self":[{"href":"https:\/\/www.truzzer.com\/es\/wp-json\/wp\/v2\/product\/92821","targetHints":{"allow":["GET"]}}],"collection":[{"href":"https:\/\/www.truzzer.com\/es\/wp-json\/wp\/v2\/product"}],"about":[{"href":"https:\/\/www.truzzer.com\/es\/wp-json\/wp\/v2\/types\/product"}],"replies":[{"embeddable":true,"href":"https:\/\/www.truzzer.com\/es\/wp-json\/wp\/v2\/comments?post=92821"}],"wp:featuredmedia":[{"embeddable":true,"href":"https:\/\/www.truzzer.com\/es\/wp-json\/wp\/v2\/media\/92822"}],"wp:attachment":[{"href":"https:\/\/www.truzzer.com\/es\/wp-json\/wp\/v2\/media?parent=92821"}],"wp:term":[{"taxonomy":"product_brand","embeddable":true,"href":"https:\/\/www.truzzer.com\/es\/wp-json\/wp\/v2\/product_brand?post=92821"},{"taxonomy":"product_cat","embeddable":true,"href":"https:\/\/www.truzzer.com\/es\/wp-json\/wp\/v2\/product_cat?post=92821"},{"taxonomy":"product_tag","embeddable":true,"href":"https:\/\/www.truzzer.com\/es\/wp-json\/wp\/v2\/product_tag?post=92821"}],"curies":[{"name":"wp","href":"https:\/\/api.w.org\/{rel}","templated":true}]}}