{"id":92875,"date":"2026-02-05T11:44:47","date_gmt":"2026-02-05T11:44:47","guid":{"rendered":"https:\/\/beta.truzzer.com\/product\/ganido-revise-el-color-de-la-tarjeta-de-presentacion-con-el-codigo-qr-de-la-revision-de-yelp\/"},"modified":"2026-02-13T08:35:23","modified_gmt":"2026-02-13T08:35:23","slug":"ganido-revise-el-color-de-la-tarjeta-de-presentacion-con-el-codigo-qr-de-la-revision-de-yelp","status":"publish","type":"product","link":"https:\/\/www.truzzer.com\/es\/producto\/ganido-revise-el-color-de-la-tarjeta-de-presentacion-con-el-codigo-qr-de-la-revision-de-yelp\/","title":{"rendered":"Yelp! Revise el color de la tarjeta de presentaci\u00f3n con Yelp revise el c\u00f3digo QR"},"content":{"rendered":"<h2>Obt\u00e9n Sie ganz einfach More Yelp-Reviewen von Kanden<\/h2>\n<p>\u00a1con la guarida truzzer Yelp! Tarjetas de visita \u00abLimpias\u00bb k\u00f6nnen Sie schneller positiv Reviewen von youren zufriedenen Kanden get and your Image sowie youre Reputation boost.<\/p>\n<p>Zus\u00e4tzlich st\u00e4rken Sie durch die positivn Reviewen die Bindung zu yourem Unternehmen and verbessern your SEO-Ranking.<\/p>\n<p>Im praktischen Business Cardsformat haben Sie jederzeit die M\u00f6glichkeit, More Yelp-Reviewen zu get and die Online-Review for youre Kanden zug\u00e4nglich zu machen.<\/p>\n<p>Geben Sie die truzzer Yelp Business Cards an youre Kanden, legen Sie sie in die Einkaufstasche, senden Sie sie with youren Produkten o platzieren Sie sie auf den Tischen im Restaurant. Fertig.<\/p>\n<p>Der QR Code f\u00fchrt youre Kanden direkt zu yourer Yelp-Review, OHNE dass sie your Unternehmen zuerst suchen m\u00fcssen. As\u00ed que evitemos la abstinencia del Yelp-Review.<\/p>\n<p>Puedes personalizar las tarjetas de visita Yelp inmediatamente con tu logotipo y tus archivos adjuntos.<\/p>\n<p>Die \u201eBewerten Sie uns auf Yelp\u201c-Produkte sind einfach zu verwenden, wie wir Ihnen unten am Beispiel der Google-ReviewsSticker zeigen.<\/p>\n<\/p>\n<h3>Escritura 1: El c\u00f3digo Scannt del c\u00f3digo QR<\/h3>\n<p>Um Ihnen zu folgen, muss der Kande nur den QR Code scan. Dazu muss die Kamera des Smartphones (keine zus\u00e4tzliche Scanner-App erforderlich) einfach \u00fcber das Produkt gehalten werden.<\/p>\n<p><img decoding=\"async\" src=\"https:\/\/www.truzzer.com\/wp-content\/uploads\/2026\/02\/how-to-use-the-product-truzzer-google.jpg.webp\" height=\"933\" width=\"1400\" class=\"alignnone wp-image-22402 size-full\" alt=\"Hand scanning a QR code for Google reviews on a smartphone.\"  > <\/p>\n<p>Una ventana emergente aparece en la imagen (iPhone) o un c\u00f3digo QR (Android\/Google-Smartphones).<\/p>\n<h3>Escritura 2: Der Kande gelangt direkt zum Google-Reviewsformular<\/h3>\n<p>Das Reviewsformular \u00f6ffnet sich im Browser des Smartphones, and der Kande kann Sie directamente bewerten.<\/p>\n<p>Hinweis:<\/p>\n<p>Bitte beachten Sie, dass ein Google My Business-Profil erforderlich ist, um Google-Reviewen zu get.<\/p><\/p>\n","protected":false},"excerpt":{"rendered":"<p>\u00a1Machen Sie es youren Kanden leicht, Sie auf Yelp zu bewerten!<\/p>\n<p>con las tarjetas de visita Yelp \u00abClean\u00bb con Yelp-Reviews-QR C\u00f3digo en un dise\u00f1o reducido y ansprechenden, das zu jedem Unternehmen passt, k\u00f6nnen Sie m\u00fchelos neue Yelp-Reviewen \u00fcberall gewinnen.<\/p>\n<p>Estoy manualmente en formato de tarjeta de visita sind die \u00abBewerten Sie uns auf Yelp\u00bb: tarjetas de visita ideales para jedermann y jedes Unternehmen.<\/p>\n<p>So helfen Ihnen die Yelp-Rese\u00f1as-Tarjetas de visita<\/p>\n<p>Las tarjetas de visita beseitigen die gr\u00f6\u00dften H\u00fcrden for youre Kanden bei der Yelp-Review:<\/p>\n<p>Keine unangenehmen Fragen and Bitten \u2013 einfach \u00fcberreichen. El llamado a la acci\u00f3n sobre todo para ti.<\/p>\n<p>Reviewen werden nicht vergessen, da die Kanden an die Yelp-Review erinnert werden.<\/p>\n<p>Kein Suchen and keine Schwierigkeiten: Der QR Code f\u00fchrt direkt zu yourem Reviewsformular.<\/p>\n<p>Greifbar: Las tarjetas de visita machen die Yelp-Review greifbar.<\/p>\n<p>Aplicaci\u00f3n no utilizada: el c\u00f3digo QR se puede utilizar simult\u00e1neamente con la c\u00e1mara del tel\u00e9fono inteligente.<\/p>\n<p>Wir erstellen and verlinken den QR Code for the direkte Review auf yourem Yelp-Profil! Esta informaci\u00f3n se incluye en su direcci\u00f3n de firma.<\/p>\n<p>Simplemente coloque su logotipo sobre la funci\u00f3n de carga y coloque sus datos de contacto en la tarjeta de presentaci\u00f3n.<\/p>\n","protected":false},"featured_media":92876,"comment_status":"open","ping_status":"closed","template":"","meta":{"_acf_changed":false,"_yoast_wpseo_focuskw":"Rese\u00f1a Yelp Tarjeta de visita","_yoast_wpseo_title":"Yelp! Review Business Card Color with Yelp revi... | truzzer","_yoast_wpseo_metadesc":"M\u00e1s rese\u00f1as en Yelp con Yelp! Review Business Card Color with Yelp review QR Code de truzzer. F\u00e1cil configuraci\u00f3n, listo para usar. \u00a1Pide ahora!"},"product_brand":[1711],"product_cat":[531,612,613,581,533],"product_tag":[],"class_list":{"0":"post-92875","1":"product","2":"type-product","3":"status-publish","4":"has-post-thumbnail","6":"product_brand-yelp","7":"product_cat-codigo-qr-productos","8":"product_cat-codigo-qr-tarjetas-de-visita","9":"product_cat-codigo-qr-tarjetas-de-visita-con-informacion-de-contacto","10":"product_cat-resena-yelp-tarjetas-de-visita","11":"product_cat-resenas-yelp","12":"pa_product-type-visitekaartjes","13":"pa_technology-codigo-qr","15":"first","16":"instock","17":"taxable","18":"shipping-taxable","19":"purchasable","20":"product-type-simple"},"acf":[],"yoast_head":"<!-- This site is optimized with the Yoast SEO plugin v27.0 - https:\/\/yoast.com\/product\/yoast-seo-wordpress\/ -->\n<title>Yelp! Review Business Card Color with Yelp revi... | truzzer<\/title>\n<meta name=\"description\" content=\"M\u00e1s rese\u00f1as en Yelp con Yelp! Review Business Card Color with Yelp review QR Code de truzzer. F\u00e1cil configuraci\u00f3n, listo para usar. \u00a1Pide ahora!\" \/>\n<meta name=\"robots\" content=\"index, follow, max-snippet:-1, max-image-preview:large, max-video-preview:-1\" \/>\n<link rel=\"canonical\" href=\"https:\/\/www.truzzer.com\/es\/producto\/ganido-revise-el-color-de-la-tarjeta-de-presentacion-con-el-codigo-qr-de-la-revision-de-yelp\/\" \/>\n<meta property=\"og:locale\" content=\"es_ES\" \/>\n<meta property=\"og:type\" content=\"article\" \/>\n<meta property=\"og:title\" content=\"Yelp! Review Business Card Color with Yelp revi... | truzzer\" \/>\n<meta property=\"og:description\" content=\"M\u00e1s rese\u00f1as en Yelp con Yelp! Review Business Card Color with Yelp review QR Code de truzzer. F\u00e1cil configuraci\u00f3n, listo para usar. \u00a1Pide ahora!\" \/>\n<meta property=\"og:url\" content=\"https:\/\/www.truzzer.com\/es\/producto\/ganido-revise-el-color-de-la-tarjeta-de-presentacion-con-el-codigo-qr-de-la-revision-de-yelp\/\" \/>\n<meta property=\"og:site_name\" content=\"truzzer\" \/>\n<meta property=\"article:modified_time\" content=\"2026-02-13T08:35:23+00:00\" \/>\n<meta property=\"og:image\" content=\"https:\/\/www.truzzer.com\/wp-content\/uploads\/2026\/02\/review-us-on-yelp-business-card-color-with-review-qr-code-color-truzzer-1.jpg\" \/>\n\t<meta property=\"og:image:width\" content=\"1200\" \/>\n\t<meta property=\"og:image:height\" content=\"1200\" \/>\n\t<meta property=\"og:image:type\" content=\"image\/jpeg\" \/>\n<meta name=\"twitter:card\" content=\"summary_large_image\" \/>\n<meta name=\"twitter:label1\" content=\"Tiempo de lectura\" \/>\n\t<meta name=\"twitter:data1\" content=\"1 minuto\" \/>\n<script type=\"application\/ld+json\" class=\"yoast-schema-graph\">{\"@context\":\"https:\/\/schema.org\",\"@graph\":[{\"@type\":\"WebPage\",\"@id\":\"https:\/\/www.truzzer.com\/es\/producto\/ganido-revise-el-color-de-la-tarjeta-de-presentacion-con-el-codigo-qr-de-la-revision-de-yelp\/\",\"url\":\"https:\/\/www.truzzer.com\/es\/producto\/ganido-revise-el-color-de-la-tarjeta-de-presentacion-con-el-codigo-qr-de-la-revision-de-yelp\/\",\"name\":\"Yelp! Review Business Card Color with Yelp revi... | truzzer\",\"isPartOf\":{\"@id\":\"https:\/\/www.truzzer.com\/es\/#website\"},\"primaryImageOfPage\":{\"@id\":\"https:\/\/www.truzzer.com\/es\/producto\/ganido-revise-el-color-de-la-tarjeta-de-presentacion-con-el-codigo-qr-de-la-revision-de-yelp\/#primaryimage\"},\"image\":{\"@id\":\"https:\/\/www.truzzer.com\/es\/producto\/ganido-revise-el-color-de-la-tarjeta-de-presentacion-con-el-codigo-qr-de-la-revision-de-yelp\/#primaryimage\"},\"thumbnailUrl\":\"https:\/\/www.truzzer.com\/wp-content\/uploads\/2026\/02\/review-us-on-yelp-business-card-color-with-review-qr-code-color-truzzer-1.jpg\",\"datePublished\":\"2026-02-05T11:44:47+00:00\",\"dateModified\":\"2026-02-13T08:35:23+00:00\",\"description\":\"M\u00e1s rese\u00f1as en Yelp con Yelp! Review Business Card Color with Yelp review QR Code de truzzer. F\u00e1cil configuraci\u00f3n, listo para usar. \u00a1Pide ahora!\",\"breadcrumb\":{\"@id\":\"https:\/\/www.truzzer.com\/es\/producto\/ganido-revise-el-color-de-la-tarjeta-de-presentacion-con-el-codigo-qr-de-la-revision-de-yelp\/#breadcrumb\"},\"inLanguage\":\"es\",\"potentialAction\":[{\"@type\":\"ReadAction\",\"target\":[\"https:\/\/www.truzzer.com\/es\/producto\/ganido-revise-el-color-de-la-tarjeta-de-presentacion-con-el-codigo-qr-de-la-revision-de-yelp\/\"]}]},{\"@type\":\"ImageObject\",\"inLanguage\":\"es\",\"@id\":\"https:\/\/www.truzzer.com\/es\/producto\/ganido-revise-el-color-de-la-tarjeta-de-presentacion-con-el-codigo-qr-de-la-revision-de-yelp\/#primaryimage\",\"url\":\"https:\/\/www.truzzer.com\/wp-content\/uploads\/2026\/02\/review-us-on-yelp-business-card-color-with-review-qr-code-color-truzzer-1.jpg\",\"contentUrl\":\"https:\/\/www.truzzer.com\/wp-content\/uploads\/2026\/02\/review-us-on-yelp-business-card-color-with-review-qr-code-color-truzzer-1.jpg\",\"width\":1200,\"height\":1200},{\"@type\":\"BreadcrumbList\",\"@id\":\"https:\/\/www.truzzer.com\/es\/producto\/ganido-revise-el-color-de-la-tarjeta-de-presentacion-con-el-codigo-qr-de-la-revision-de-yelp\/#breadcrumb\",\"itemListElement\":[{\"@type\":\"ListItem\",\"position\":1,\"name\":\"Home\",\"item\":\"https:\/\/www.truzzer.com\/es\/\"},{\"@type\":\"ListItem\",\"position\":2,\"name\":\"Tienda\",\"item\":\"https:\/\/www.truzzer.com\/es\/tienda\/\"},{\"@type\":\"ListItem\",\"position\":3,\"name\":\"Yelp! Revise el color de la tarjeta de presentaci\u00f3n con Yelp revise el c\u00f3digo QR\"}]},{\"@type\":\"WebSite\",\"@id\":\"https:\/\/www.truzzer.com\/es\/#website\",\"url\":\"https:\/\/www.truzzer.com\/es\/\",\"name\":\"truzzer\",\"description\":\"Experts for customer trust\",\"publisher\":{\"@id\":\"https:\/\/www.truzzer.com\/es\/#organization\"},\"potentialAction\":[{\"@type\":\"SearchAction\",\"target\":{\"@type\":\"EntryPoint\",\"urlTemplate\":\"https:\/\/www.truzzer.com\/es\/?s={search_term_string}\"},\"query-input\":{\"@type\":\"PropertyValueSpecification\",\"valueRequired\":true,\"valueName\":\"search_term_string\"}}],\"inLanguage\":\"es\"},{\"@type\":\"Organization\",\"@id\":\"https:\/\/www.truzzer.com\/es\/#organization\",\"name\":\"truzzer\",\"url\":\"https:\/\/www.truzzer.com\/es\/\",\"logo\":{\"@type\":\"ImageObject\",\"inLanguage\":\"es\",\"@id\":\"https:\/\/www.truzzer.com\/es\/#\/schema\/logo\/image\/\",\"url\":\"https:\/\/truzzer.com\/wp-content\/uploads\/2026\/01\/truzzer-logo-black-1.svg\",\"contentUrl\":\"https:\/\/truzzer.com\/wp-content\/uploads\/2026\/01\/truzzer-logo-black-1.svg\",\"width\":938,\"height\":199,\"caption\":\"truzzer\"},\"image\":{\"@id\":\"https:\/\/www.truzzer.com\/es\/#\/schema\/logo\/image\/\"}}]}<\/script>\n<!-- \/ Yoast SEO plugin. -->","yoast_head_json":{"title":"Yelp! Review Business Card Color with Yelp revi... | truzzer","description":"M\u00e1s rese\u00f1as en Yelp con Yelp! Review Business Card Color with Yelp review QR Code de truzzer. F\u00e1cil configuraci\u00f3n, listo para usar. \u00a1Pide ahora!","robots":{"index":"index","follow":"follow","max-snippet":"max-snippet:-1","max-image-preview":"max-image-preview:large","max-video-preview":"max-video-preview:-1"},"canonical":"https:\/\/www.truzzer.com\/es\/producto\/ganido-revise-el-color-de-la-tarjeta-de-presentacion-con-el-codigo-qr-de-la-revision-de-yelp\/","og_locale":"es_ES","og_type":"article","og_title":"Yelp! Review Business Card Color with Yelp revi... | truzzer","og_description":"M\u00e1s rese\u00f1as en Yelp con Yelp! Review Business Card Color with Yelp review QR Code de truzzer. F\u00e1cil configuraci\u00f3n, listo para usar. \u00a1Pide ahora!","og_url":"https:\/\/www.truzzer.com\/es\/producto\/ganido-revise-el-color-de-la-tarjeta-de-presentacion-con-el-codigo-qr-de-la-revision-de-yelp\/","og_site_name":"truzzer","article_modified_time":"2026-02-13T08:35:23+00:00","og_image":[{"width":1200,"height":1200,"url":"https:\/\/www.truzzer.com\/wp-content\/uploads\/2026\/02\/review-us-on-yelp-business-card-color-with-review-qr-code-color-truzzer-1.jpg","type":"image\/jpeg"}],"twitter_card":"summary_large_image","twitter_misc":{"Tiempo de lectura":"1 minuto"},"schema":{"@context":"https:\/\/schema.org","@graph":[{"@type":"WebPage","@id":"https:\/\/www.truzzer.com\/es\/producto\/ganido-revise-el-color-de-la-tarjeta-de-presentacion-con-el-codigo-qr-de-la-revision-de-yelp\/","url":"https:\/\/www.truzzer.com\/es\/producto\/ganido-revise-el-color-de-la-tarjeta-de-presentacion-con-el-codigo-qr-de-la-revision-de-yelp\/","name":"Yelp! Review Business Card Color with Yelp revi... | truzzer","isPartOf":{"@id":"https:\/\/www.truzzer.com\/es\/#website"},"primaryImageOfPage":{"@id":"https:\/\/www.truzzer.com\/es\/producto\/ganido-revise-el-color-de-la-tarjeta-de-presentacion-con-el-codigo-qr-de-la-revision-de-yelp\/#primaryimage"},"image":{"@id":"https:\/\/www.truzzer.com\/es\/producto\/ganido-revise-el-color-de-la-tarjeta-de-presentacion-con-el-codigo-qr-de-la-revision-de-yelp\/#primaryimage"},"thumbnailUrl":"https:\/\/www.truzzer.com\/wp-content\/uploads\/2026\/02\/review-us-on-yelp-business-card-color-with-review-qr-code-color-truzzer-1.jpg","datePublished":"2026-02-05T11:44:47+00:00","dateModified":"2026-02-13T08:35:23+00:00","description":"M\u00e1s rese\u00f1as en Yelp con Yelp! Review Business Card Color with Yelp review QR Code de truzzer. F\u00e1cil configuraci\u00f3n, listo para usar. \u00a1Pide ahora!","breadcrumb":{"@id":"https:\/\/www.truzzer.com\/es\/producto\/ganido-revise-el-color-de-la-tarjeta-de-presentacion-con-el-codigo-qr-de-la-revision-de-yelp\/#breadcrumb"},"inLanguage":"es","potentialAction":[{"@type":"ReadAction","target":["https:\/\/www.truzzer.com\/es\/producto\/ganido-revise-el-color-de-la-tarjeta-de-presentacion-con-el-codigo-qr-de-la-revision-de-yelp\/"]}]},{"@type":"ImageObject","inLanguage":"es","@id":"https:\/\/www.truzzer.com\/es\/producto\/ganido-revise-el-color-de-la-tarjeta-de-presentacion-con-el-codigo-qr-de-la-revision-de-yelp\/#primaryimage","url":"https:\/\/www.truzzer.com\/wp-content\/uploads\/2026\/02\/review-us-on-yelp-business-card-color-with-review-qr-code-color-truzzer-1.jpg","contentUrl":"https:\/\/www.truzzer.com\/wp-content\/uploads\/2026\/02\/review-us-on-yelp-business-card-color-with-review-qr-code-color-truzzer-1.jpg","width":1200,"height":1200},{"@type":"BreadcrumbList","@id":"https:\/\/www.truzzer.com\/es\/producto\/ganido-revise-el-color-de-la-tarjeta-de-presentacion-con-el-codigo-qr-de-la-revision-de-yelp\/#breadcrumb","itemListElement":[{"@type":"ListItem","position":1,"name":"Home","item":"https:\/\/www.truzzer.com\/es\/"},{"@type":"ListItem","position":2,"name":"Tienda","item":"https:\/\/www.truzzer.com\/es\/tienda\/"},{"@type":"ListItem","position":3,"name":"Yelp! Revise el color de la tarjeta de presentaci\u00f3n con Yelp revise el c\u00f3digo QR"}]},{"@type":"WebSite","@id":"https:\/\/www.truzzer.com\/es\/#website","url":"https:\/\/www.truzzer.com\/es\/","name":"truzzer","description":"Experts for customer trust","publisher":{"@id":"https:\/\/www.truzzer.com\/es\/#organization"},"potentialAction":[{"@type":"SearchAction","target":{"@type":"EntryPoint","urlTemplate":"https:\/\/www.truzzer.com\/es\/?s={search_term_string}"},"query-input":{"@type":"PropertyValueSpecification","valueRequired":true,"valueName":"search_term_string"}}],"inLanguage":"es"},{"@type":"Organization","@id":"https:\/\/www.truzzer.com\/es\/#organization","name":"truzzer","url":"https:\/\/www.truzzer.com\/es\/","logo":{"@type":"ImageObject","inLanguage":"es","@id":"https:\/\/www.truzzer.com\/es\/#\/schema\/logo\/image\/","url":"https:\/\/truzzer.com\/wp-content\/uploads\/2026\/01\/truzzer-logo-black-1.svg","contentUrl":"https:\/\/truzzer.com\/wp-content\/uploads\/2026\/01\/truzzer-logo-black-1.svg","width":938,"height":199,"caption":"truzzer"},"image":{"@id":"https:\/\/www.truzzer.com\/es\/#\/schema\/logo\/image\/"}}]}},"tiered_pricing_type":"fixed","tiered_pricing_fixed_rules":[],"tiered_pricing_product_settings":{"layout":"default","base_unit_name":{"singular":null,"plural":null},"default_variation":null},"tiered_pricing_minimum_quantity":null,"tiered_pricing_roles_data":[],"tiered_pricing_percentage_rules":[],"tiered_pricing_maximum_quantity":null,"tiered_pricing_quantity_step":null,"_links":{"self":[{"href":"https:\/\/www.truzzer.com\/es\/wp-json\/wp\/v2\/product\/92875","targetHints":{"allow":["GET"]}}],"collection":[{"href":"https:\/\/www.truzzer.com\/es\/wp-json\/wp\/v2\/product"}],"about":[{"href":"https:\/\/www.truzzer.com\/es\/wp-json\/wp\/v2\/types\/product"}],"replies":[{"embeddable":true,"href":"https:\/\/www.truzzer.com\/es\/wp-json\/wp\/v2\/comments?post=92875"}],"wp:featuredmedia":[{"embeddable":true,"href":"https:\/\/www.truzzer.com\/es\/wp-json\/wp\/v2\/media\/92876"}],"wp:attachment":[{"href":"https:\/\/www.truzzer.com\/es\/wp-json\/wp\/v2\/media?parent=92875"}],"wp:term":[{"taxonomy":"product_brand","embeddable":true,"href":"https:\/\/www.truzzer.com\/es\/wp-json\/wp\/v2\/product_brand?post=92875"},{"taxonomy":"product_cat","embeddable":true,"href":"https:\/\/www.truzzer.com\/es\/wp-json\/wp\/v2\/product_cat?post=92875"},{"taxonomy":"product_tag","embeddable":true,"href":"https:\/\/www.truzzer.com\/es\/wp-json\/wp\/v2\/product_tag?post=92875"}],"curies":[{"name":"wp","href":"https:\/\/api.w.org\/{rel}","templated":true}]}}