{"id":93029,"date":"2026-02-05T11:39:39","date_gmt":"2026-02-05T11:39:39","guid":{"rendered":"https:\/\/beta.truzzer.com\/product\/pegatina-de-tiktok-minimo\/"},"modified":"2026-02-13T08:36:48","modified_gmt":"2026-02-13T08:36:48","slug":"pegatina-de-tiktok-minimo","status":"publish","type":"product","link":"https:\/\/www.truzzer.com\/es\/producto\/pegatina-de-tiktok-minimo\/","title":{"rendered":"TikTok Adhesivo \u00abM\u00ednimo\u00bb"},"content":{"rendered":"<h2>Compra pegatinas TikTok online<\/h2>\n<p>\u00a1Con las pegatinas truzzer TikTok con el enlace del c\u00f3digo QR y su propio nombre de usuario, puede obtener f\u00e1cilmente nuevos seguidores en TikTok!<\/p>\n<p>En el pr\u00e1ctico formato redondo, usted hace que su cuenta sea tangible para sus clientes.<br \/>\nColoque las calcoman\u00edas en un lugar destacado en el \u00e1rea de pago, en la puerta principal, como calcoman\u00eda en el parachoques de su autom\u00f3vil o en cualquier lugar donde sus clientes puedan ver las calcoman\u00edas.<\/p>\n<p>-Adecuado para uso en interiores y exteriores.<br \/>\n&#8211; Resistente a la intemperie<br \/>\n-Adecuado para cualquier superficie lisa.<br \/>\n-Para tiendas minoristas, puertas o como pegatina de coche Instagram<br \/>\n-Muestra a tus clientes que tambi\u00e9n pueden encontrarte en Instagram<\/p>\n<p>Las pegatinas S\u00edguenos en TikTok con el enlace del c\u00f3digo QR dirigen a sus clientes a su perfil TikTok cuando escanean el c\u00f3digo QR.<\/p>\n<p>&nbsp;<\/p>\n<h2>M\u00e1s informaci\u00f3n<\/h2>\n<p>En los \u00faltimos a\u00f1os, TikTok se ha convertido en una de las plataformas de redes sociales m\u00e1s populares con m\u00e1s de mil millones de usuarios activos en todo el mundo. Con su formato de v\u00eddeo de formato corto, TikTok ha ganado popularidad entre las empresas y los profesionales del marketing que buscan promocionar su marca o producto a un p\u00fablico m\u00e1s amplio. Como resultado, se han desarrollado varias pegatinas TikTok para ayudar a las empresas a obtener una mayor exposici\u00f3n y, entre ellas, las pegatinas con c\u00f3digos Truzzer TikTok QR se est\u00e1n perfilando como las mejores pegatinas TikTok disponibles.<\/p>\n<p>Las pegatinas Truzzer TikTok est\u00e1n dise\u00f1adas con un c\u00f3digo QR integrado que se vincula directamente al perfil TikTok de la empresa o individuo que utiliza la pegatina. Esto significa que cuando un usuario escanea el c\u00f3digo QR en la etiqueta, se le dirige inmediatamente a la p\u00e1gina de perfil TikTok de la empresa o individuo. Esta funci\u00f3n proporciona una manera f\u00e1cil y conveniente para que los usuarios accedan al perfil TikTok de la empresa o individuo sin tener que buscarlo manualmente en la aplicaci\u00f3n.<\/p>\n<p>Adem\u00e1s, las pegatinas Truzzer TikTok tambi\u00e9n vienen con la opci\u00f3n de incluir un nombre de perfil junto con el c\u00f3digo QR. Esto es beneficioso para empresas y particulares, ya que les permite aumentar la visibilidad y el reconocimiento de su marca. Los usuarios que encuentren la pegatina pueden identificar f\u00e1cilmente el nombre del perfil y asociarlo con la marca o la persona que utiliza la pegatina.<\/p>\n<p>Se ha demostrado que el uso de stickers Truzzer TikTok con un nombre de perfil y un c\u00f3digo QR aumenta el \u00e9xito de una empresa al ganar m\u00e1s seguidores que nunca. Al proporcionar un enlace directo al perfil TikTok, las empresas y los individuos pueden aumentar su visibilidad y llegar a una audiencia m\u00e1s amplia. Esto conduce a un aumento de seguidores, participaci\u00f3n y, en \u00faltima instancia, conversiones.<\/p>\n<p>En conclusi\u00f3n, las pegatinas con c\u00f3digo Truzzer TikTok QR son las mejores pegatinas TikTok disponibles debido a su c\u00f3digo QR integrado y la opci\u00f3n de incluir un nombre de perfil. Estas calcoman\u00edas brindan una manera f\u00e1cil y conveniente para que los usuarios accedan al perfil TikTok de la empresa o individuo que utiliza la calcoman\u00eda. Adem\u00e1s, la inclusi\u00f3n de un nombre de perfil ayuda a aumentar la visibilidad y el reconocimiento de la marca. El uso de pegatinas Truzzer TikTok con un nombre de perfil y un c\u00f3digo QR puede ayudar a empresas e individuos a obtener m\u00e1s seguidores y, en \u00faltima instancia, aumentar su \u00e9xito en la plataforma.<\/p>\n<p>&nbsp;<\/p>\n<h3>Paso 1: El cliente escanea el c\u00f3digo QR<\/h3>\n<p>Para seguirte, el cliente s\u00f3lo tiene que escanear el c\u00f3digo QR. Todo lo que tiene que hacer es sostener la c\u00e1mara del tel\u00e9fono inteligente (no se necesita una aplicaci\u00f3n de esc\u00e1ner adicional) sobre el producto.<\/p>\n<p><img decoding=\"async\" class=\"alignnone wp-image-22380 size-full\" src=\"https:\/\/www.truzzer.com\/wp-content\/uploads\/2021\/04\/how-to-use-the-product-truzzer-tiktok.jpg\" alt=\"\" width=\"1400\" height=\"933\" \/><\/p>\n<p>Luego aparecer\u00e1 una ventana emergente en la pantalla (iPhone) o aparecer\u00e1 un c\u00f3digo QR (tel\u00e9fonos inteligentes Android\/Google).<\/p>\n<h3>Paso 2: El cliente va directamente al perfil TikTok<\/h3>\n<p>Luego se abrir\u00e1 TikTok y el cliente podr\u00e1 seguirlo directamente. Tan f\u00e1cil,<\/p>\n<p><strong>Aviso<\/strong>:<br \/>\nTenga en cuenta que se requiere un perfil TikTok para obtener seguidores.<\/p>\n<p>&nbsp;<\/p>\n","protected":false},"excerpt":{"rendered":"<p>Convierta a sus clientes en seguidores de TikTok con las calcoman\u00edas personalizadas S\u00edguenos en TikTok con su propio nombre de perfil y un enlace QR escaneable a su perfil TikTok.<\/p>\n<p>-Adecuado para uso en interiores y exteriores.<br \/>\n\u2013 Resistente a la intemperie<br \/>\n-Adecuado para cualquier superficie lisa.<br \/>\n-Para tiendas minoristas, puertas o como pegatina de coche TikTok<br \/>\n-Muestra a tus clientes que tambi\u00e9n pueden encontrarte en TikTok<br \/>\n\u2013 Hecho individualmente para usted<br \/>\n-Disponible en tres tama\u00f1os.<\/p>\n<p>\u00a1Vincularemos el c\u00f3digo QR a su perfil TikTok por usted!<br \/>\nAgregue su nombre de usuario m\u00e1s abajo en el proceso de pedido, p. \u201c@TuEmpresa\u201d.<\/p>\n","protected":false},"featured_media":93045,"comment_status":"open","ping_status":"closed","template":"","meta":{"_acf_changed":false,"_yoast_wpseo_focuskw":"TikTok c\u00f3digo QR Adhesivo","_yoast_wpseo_title":"TikTok Sticker \u00abMinimal\u00bb | truzzer","_yoast_wpseo_metadesc":"Aumenta tu alcance en TikTok con TikTok Sticker \u00abMinimal\u00bb de truzzer. F\u00e1cil configuraci\u00f3n, listo para usar. \u00a1Pide ahora!"},"product_brand":[1677],"product_cat":[532,531,628,629],"product_tag":[],"class_list":{"0":"post-93029","1":"product","2":"type-product","3":"status-publish","4":"has-post-thumbnail","6":"product_brand-tiktok","7":"product_cat-codigo-qr-pegatinas","8":"product_cat-codigo-qr-productos","9":"product_cat-seguidores-de-tiktok-productos","10":"product_cat-tiktok-pegatinas","11":"pa_product-type-etiqueta-engomada","12":"pa_shape-ronda","13":"pa_technology-codigo-qr","15":"first","16":"instock","17":"taxable","18":"shipping-taxable","19":"purchasable","20":"product-type-variable","21":"has-default-attributes"},"acf":[],"yoast_head":"<!-- This site is optimized with the Yoast SEO plugin v27.0 - https:\/\/yoast.com\/product\/yoast-seo-wordpress\/ -->\n<title>TikTok Sticker \u00abMinimal\u00bb | truzzer<\/title>\n<meta name=\"description\" content=\"Aumenta tu alcance en TikTok con TikTok Sticker \u00abMinimal\u00bb de truzzer. F\u00e1cil configuraci\u00f3n, listo para usar. \u00a1Pide ahora!\" \/>\n<meta name=\"robots\" content=\"index, follow, max-snippet:-1, max-image-preview:large, max-video-preview:-1\" \/>\n<link rel=\"canonical\" href=\"https:\/\/www.truzzer.com\/es\/producto\/pegatina-de-tiktok-minimo\/\" \/>\n<meta property=\"og:locale\" content=\"es_ES\" \/>\n<meta property=\"og:type\" content=\"article\" \/>\n<meta property=\"og:title\" content=\"TikTok Sticker \u00abMinimal\u00bb | truzzer\" \/>\n<meta property=\"og:description\" content=\"Aumenta tu alcance en TikTok con TikTok Sticker \u00abMinimal\u00bb de truzzer. F\u00e1cil configuraci\u00f3n, listo para usar. \u00a1Pide ahora!\" \/>\n<meta property=\"og:url\" content=\"https:\/\/www.truzzer.com\/es\/producto\/pegatina-de-tiktok-minimo\/\" \/>\n<meta property=\"og:site_name\" content=\"truzzer\" \/>\n<meta property=\"article:modified_time\" content=\"2026-02-13T08:36:48+00:00\" \/>\n<meta property=\"og:image\" content=\"https:\/\/www.truzzer.com\/wp-content\/uploads\/2026\/02\/follow-us-on-tiktok-sticker-qr-code-truzzer-icon-3.jpg\" \/>\n\t<meta property=\"og:image:width\" content=\"1400\" \/>\n\t<meta property=\"og:image:height\" content=\"1400\" \/>\n\t<meta property=\"og:image:type\" content=\"image\/jpeg\" \/>\n<meta name=\"twitter:card\" content=\"summary_large_image\" \/>\n<meta name=\"twitter:label1\" content=\"Tiempo de lectura\" \/>\n\t<meta name=\"twitter:data1\" content=\"4 minutos\" \/>\n<script type=\"application\/ld+json\" class=\"yoast-schema-graph\">{\"@context\":\"https:\/\/schema.org\",\"@graph\":[{\"@type\":\"WebPage\",\"@id\":\"https:\/\/www.truzzer.com\/es\/producto\/pegatina-de-tiktok-minimo\/\",\"url\":\"https:\/\/www.truzzer.com\/es\/producto\/pegatina-de-tiktok-minimo\/\",\"name\":\"TikTok Sticker \u00abMinimal\u00bb | truzzer\",\"isPartOf\":{\"@id\":\"https:\/\/www.truzzer.com\/es\/#website\"},\"primaryImageOfPage\":{\"@id\":\"https:\/\/www.truzzer.com\/es\/producto\/pegatina-de-tiktok-minimo\/#primaryimage\"},\"image\":{\"@id\":\"https:\/\/www.truzzer.com\/es\/producto\/pegatina-de-tiktok-minimo\/#primaryimage\"},\"thumbnailUrl\":\"https:\/\/www.truzzer.com\/wp-content\/uploads\/2026\/02\/follow-us-on-tiktok-sticker-qr-code-truzzer-icon-3.jpg\",\"datePublished\":\"2026-02-05T11:39:39+00:00\",\"dateModified\":\"2026-02-13T08:36:48+00:00\",\"description\":\"Aumenta tu alcance en TikTok con TikTok Sticker \u00abMinimal\u00bb de truzzer. F\u00e1cil configuraci\u00f3n, listo para usar. \u00a1Pide ahora!\",\"breadcrumb\":{\"@id\":\"https:\/\/www.truzzer.com\/es\/producto\/pegatina-de-tiktok-minimo\/#breadcrumb\"},\"inLanguage\":\"es\",\"potentialAction\":[{\"@type\":\"ReadAction\",\"target\":[\"https:\/\/www.truzzer.com\/es\/producto\/pegatina-de-tiktok-minimo\/\"]}]},{\"@type\":\"ImageObject\",\"inLanguage\":\"es\",\"@id\":\"https:\/\/www.truzzer.com\/es\/producto\/pegatina-de-tiktok-minimo\/#primaryimage\",\"url\":\"https:\/\/www.truzzer.com\/wp-content\/uploads\/2026\/02\/follow-us-on-tiktok-sticker-qr-code-truzzer-icon-3.jpg\",\"contentUrl\":\"https:\/\/www.truzzer.com\/wp-content\/uploads\/2026\/02\/follow-us-on-tiktok-sticker-qr-code-truzzer-icon-3.jpg\",\"width\":1400,\"height\":1400},{\"@type\":\"BreadcrumbList\",\"@id\":\"https:\/\/www.truzzer.com\/es\/producto\/pegatina-de-tiktok-minimo\/#breadcrumb\",\"itemListElement\":[{\"@type\":\"ListItem\",\"position\":1,\"name\":\"Home\",\"item\":\"https:\/\/www.truzzer.com\/es\/\"},{\"@type\":\"ListItem\",\"position\":2,\"name\":\"Tienda\",\"item\":\"https:\/\/www.truzzer.com\/es\/tienda\/\"},{\"@type\":\"ListItem\",\"position\":3,\"name\":\"TikTok Adhesivo \u00abM\u00ednimo\u00bb\"}]},{\"@type\":\"WebSite\",\"@id\":\"https:\/\/www.truzzer.com\/es\/#website\",\"url\":\"https:\/\/www.truzzer.com\/es\/\",\"name\":\"truzzer\",\"description\":\"Experts for customer trust\",\"publisher\":{\"@id\":\"https:\/\/www.truzzer.com\/es\/#organization\"},\"potentialAction\":[{\"@type\":\"SearchAction\",\"target\":{\"@type\":\"EntryPoint\",\"urlTemplate\":\"https:\/\/www.truzzer.com\/es\/?s={search_term_string}\"},\"query-input\":{\"@type\":\"PropertyValueSpecification\",\"valueRequired\":true,\"valueName\":\"search_term_string\"}}],\"inLanguage\":\"es\"},{\"@type\":\"Organization\",\"@id\":\"https:\/\/www.truzzer.com\/es\/#organization\",\"name\":\"truzzer\",\"url\":\"https:\/\/www.truzzer.com\/es\/\",\"logo\":{\"@type\":\"ImageObject\",\"inLanguage\":\"es\",\"@id\":\"https:\/\/www.truzzer.com\/es\/#\/schema\/logo\/image\/\",\"url\":\"https:\/\/truzzer.com\/wp-content\/uploads\/2026\/01\/truzzer-logo-black-1.svg\",\"contentUrl\":\"https:\/\/truzzer.com\/wp-content\/uploads\/2026\/01\/truzzer-logo-black-1.svg\",\"width\":938,\"height\":199,\"caption\":\"truzzer\"},\"image\":{\"@id\":\"https:\/\/www.truzzer.com\/es\/#\/schema\/logo\/image\/\"}}]}<\/script>\n<!-- \/ Yoast SEO plugin. -->","yoast_head_json":{"title":"TikTok Sticker \u00abMinimal\u00bb | truzzer","description":"Aumenta tu alcance en TikTok con TikTok Sticker \u00abMinimal\u00bb de truzzer. F\u00e1cil configuraci\u00f3n, listo para usar. \u00a1Pide ahora!","robots":{"index":"index","follow":"follow","max-snippet":"max-snippet:-1","max-image-preview":"max-image-preview:large","max-video-preview":"max-video-preview:-1"},"canonical":"https:\/\/www.truzzer.com\/es\/producto\/pegatina-de-tiktok-minimo\/","og_locale":"es_ES","og_type":"article","og_title":"TikTok Sticker \u00abMinimal\u00bb | truzzer","og_description":"Aumenta tu alcance en TikTok con TikTok Sticker \u00abMinimal\u00bb de truzzer. F\u00e1cil configuraci\u00f3n, listo para usar. \u00a1Pide ahora!","og_url":"https:\/\/www.truzzer.com\/es\/producto\/pegatina-de-tiktok-minimo\/","og_site_name":"truzzer","article_modified_time":"2026-02-13T08:36:48+00:00","og_image":[{"width":1400,"height":1400,"url":"https:\/\/www.truzzer.com\/wp-content\/uploads\/2026\/02\/follow-us-on-tiktok-sticker-qr-code-truzzer-icon-3.jpg","type":"image\/jpeg"}],"twitter_card":"summary_large_image","twitter_misc":{"Tiempo de lectura":"4 minutos"},"schema":{"@context":"https:\/\/schema.org","@graph":[{"@type":"WebPage","@id":"https:\/\/www.truzzer.com\/es\/producto\/pegatina-de-tiktok-minimo\/","url":"https:\/\/www.truzzer.com\/es\/producto\/pegatina-de-tiktok-minimo\/","name":"TikTok Sticker \u00abMinimal\u00bb | truzzer","isPartOf":{"@id":"https:\/\/www.truzzer.com\/es\/#website"},"primaryImageOfPage":{"@id":"https:\/\/www.truzzer.com\/es\/producto\/pegatina-de-tiktok-minimo\/#primaryimage"},"image":{"@id":"https:\/\/www.truzzer.com\/es\/producto\/pegatina-de-tiktok-minimo\/#primaryimage"},"thumbnailUrl":"https:\/\/www.truzzer.com\/wp-content\/uploads\/2026\/02\/follow-us-on-tiktok-sticker-qr-code-truzzer-icon-3.jpg","datePublished":"2026-02-05T11:39:39+00:00","dateModified":"2026-02-13T08:36:48+00:00","description":"Aumenta tu alcance en TikTok con TikTok Sticker \u00abMinimal\u00bb de truzzer. F\u00e1cil configuraci\u00f3n, listo para usar. \u00a1Pide ahora!","breadcrumb":{"@id":"https:\/\/www.truzzer.com\/es\/producto\/pegatina-de-tiktok-minimo\/#breadcrumb"},"inLanguage":"es","potentialAction":[{"@type":"ReadAction","target":["https:\/\/www.truzzer.com\/es\/producto\/pegatina-de-tiktok-minimo\/"]}]},{"@type":"ImageObject","inLanguage":"es","@id":"https:\/\/www.truzzer.com\/es\/producto\/pegatina-de-tiktok-minimo\/#primaryimage","url":"https:\/\/www.truzzer.com\/wp-content\/uploads\/2026\/02\/follow-us-on-tiktok-sticker-qr-code-truzzer-icon-3.jpg","contentUrl":"https:\/\/www.truzzer.com\/wp-content\/uploads\/2026\/02\/follow-us-on-tiktok-sticker-qr-code-truzzer-icon-3.jpg","width":1400,"height":1400},{"@type":"BreadcrumbList","@id":"https:\/\/www.truzzer.com\/es\/producto\/pegatina-de-tiktok-minimo\/#breadcrumb","itemListElement":[{"@type":"ListItem","position":1,"name":"Home","item":"https:\/\/www.truzzer.com\/es\/"},{"@type":"ListItem","position":2,"name":"Tienda","item":"https:\/\/www.truzzer.com\/es\/tienda\/"},{"@type":"ListItem","position":3,"name":"TikTok Adhesivo \u00abM\u00ednimo\u00bb"}]},{"@type":"WebSite","@id":"https:\/\/www.truzzer.com\/es\/#website","url":"https:\/\/www.truzzer.com\/es\/","name":"truzzer","description":"Experts for customer trust","publisher":{"@id":"https:\/\/www.truzzer.com\/es\/#organization"},"potentialAction":[{"@type":"SearchAction","target":{"@type":"EntryPoint","urlTemplate":"https:\/\/www.truzzer.com\/es\/?s={search_term_string}"},"query-input":{"@type":"PropertyValueSpecification","valueRequired":true,"valueName":"search_term_string"}}],"inLanguage":"es"},{"@type":"Organization","@id":"https:\/\/www.truzzer.com\/es\/#organization","name":"truzzer","url":"https:\/\/www.truzzer.com\/es\/","logo":{"@type":"ImageObject","inLanguage":"es","@id":"https:\/\/www.truzzer.com\/es\/#\/schema\/logo\/image\/","url":"https:\/\/truzzer.com\/wp-content\/uploads\/2026\/01\/truzzer-logo-black-1.svg","contentUrl":"https:\/\/truzzer.com\/wp-content\/uploads\/2026\/01\/truzzer-logo-black-1.svg","width":938,"height":199,"caption":"truzzer"},"image":{"@id":"https:\/\/www.truzzer.com\/es\/#\/schema\/logo\/image\/"}}]}},"tiered_pricing_type":"fixed","tiered_pricing_fixed_rules":[],"tiered_pricing_product_settings":{"layout":"default","base_unit_name":{"singular":null,"plural":null},"default_variation":null},"tiered_pricing_minimum_quantity":null,"tiered_pricing_roles_data":[],"tiered_pricing_percentage_rules":[],"tiered_pricing_maximum_quantity":null,"tiered_pricing_quantity_step":null,"_links":{"self":[{"href":"https:\/\/www.truzzer.com\/es\/wp-json\/wp\/v2\/product\/93029","targetHints":{"allow":["GET"]}}],"collection":[{"href":"https:\/\/www.truzzer.com\/es\/wp-json\/wp\/v2\/product"}],"about":[{"href":"https:\/\/www.truzzer.com\/es\/wp-json\/wp\/v2\/types\/product"}],"replies":[{"embeddable":true,"href":"https:\/\/www.truzzer.com\/es\/wp-json\/wp\/v2\/comments?post=93029"}],"wp:featuredmedia":[{"embeddable":true,"href":"https:\/\/www.truzzer.com\/es\/wp-json\/wp\/v2\/media\/93045"}],"wp:attachment":[{"href":"https:\/\/www.truzzer.com\/es\/wp-json\/wp\/v2\/media?parent=93029"}],"wp:term":[{"taxonomy":"product_brand","embeddable":true,"href":"https:\/\/www.truzzer.com\/es\/wp-json\/wp\/v2\/product_brand?post=93029"},{"taxonomy":"product_cat","embeddable":true,"href":"https:\/\/www.truzzer.com\/es\/wp-json\/wp\/v2\/product_cat?post=93029"},{"taxonomy":"product_tag","embeddable":true,"href":"https:\/\/www.truzzer.com\/es\/wp-json\/wp\/v2\/product_tag?post=93029"}],"curies":[{"name":"wp","href":"https:\/\/api.w.org\/{rel}","templated":true}]}}