{"id":93200,"date":"2026-02-01T20:11:31","date_gmt":"2026-02-01T20:11:31","guid":{"rendered":"https:\/\/beta.truzzer.com\/product\/resenanos-en-google-card-bold\/"},"modified":"2026-02-13T09:52:15","modified_gmt":"2026-02-13T09:52:15","slug":"resenanos-en-google-card-bold","status":"publish","type":"product","link":"https:\/\/www.truzzer.com\/es\/producto\/resenanos-en-google-card-bold\/","title":{"rendered":"Rese\u00f1anos en Google Card Bold"},"content":{"rendered":"<h2>Simplemente obtenga m\u00e1s rese\u00f1as de clientes en Google<\/h2>\n<p>Con las tarjetas de rese\u00f1as de Google de truzzer, puede obtener rese\u00f1as positivas de sus clientes satisfechos m\u00e1s r\u00e1pidamente y mejorar su imagen y reputaci\u00f3n.<br \/>\nAdem\u00e1s, aumentas el v\u00ednculo con tu empresa y tu ranking SEO a trav\u00e9s de las valoraciones positivas.<\/p>\n<p>En el pr\u00e1ctico y al mismo tiempo llamativo formato de postal ( 10,5 cm x 14,8 cm \/ 4,1&#8243; x 5,2&#8243;) , har\u00e1 que la rese\u00f1a online sea tangible para sus clientes.<br \/>\nColoca las tarjetas de rese\u00f1as de Google de truzzer en las bolsas de la compra de tus clientes, entr\u00e9galas en la cuenta, env\u00edalas junto con tus productos o col\u00f3calas en las mesas del restaurante. Hecho.<\/p>\n<p>El c\u00f3digo QR lleva a los clientes directamente a su formulario de revisi\u00f3n de Google SIN tener que buscarlo primero en Google. As\u00ed se reducen los saltos en la rese\u00f1a de Google.<\/p>\n<p>Puedes personalizar f\u00e1cilmente las tarjetas de rese\u00f1as de Google con tu logotipo y adaptarlas a tu empresa.<\/p>\n<p>Los productos Rese\u00f1anos en Google son f\u00e1ciles de usar y nos gustar\u00eda mostrarle a continuaci\u00f3n usando el ejemplo de las pegatinas de rese\u00f1as.<\/p>\n<p>&nbsp;<\/p>\n<h3>Paso 1: El cliente escanea el c\u00f3digo QR<\/h3>\n<p>Para seguirte, el cliente s\u00f3lo tiene que escanear el c\u00f3digo QR. Todo lo que tiene que hacer es sostener la c\u00e1mara del tel\u00e9fono inteligente (no se necesita una aplicaci\u00f3n de esc\u00e1ner adicional) sobre el producto.<\/p>\n<p><img decoding=\"async\" src=\"https:\/\/www.truzzer.com\/wp-content\/uploads\/2026\/02\/how-to-use-the-product-truzzer-google.jpg.webp\" class=\"alignnone wp-image-22402 tama\u00f1o-completo\" alt=\"Hand scanning a QR code for Google reviews on a smartphone.\" ancho=\"1400\" alto=\"933\"  > <\/p>\n<p>A continuaci\u00f3n, aparecer\u00e1 una ventana emergente en la pantalla (iPhone) o un c\u00f3digo QR (tel\u00e9fonos inteligentes Android\/Google).<\/p>\n<h3>Paso 2: el cliente va directamente al formulario de rese\u00f1as de Google<\/h3>\n<p>El formulario de revisi\u00f3n se abrir\u00e1 en el navegador del tel\u00e9fono inteligente y el cliente podr\u00e1 revisarlo directamente.<\/p>\n<p>Aviso:<br \/>\nTenga en cuenta que se requiere un perfil de Google My Business para obtener rese\u00f1as de Google.<\/p>\n<p>&nbsp;<\/p>\n","protected":false},"excerpt":{"rendered":"<p>Haga tangible la rese\u00f1a de Google para sus clientes y ay\u00fadelos a rese\u00f1arlo f\u00e1cilmente en Google con las tarjetas de rese\u00f1a \u00abBold\u00bb de Google en un dise\u00f1o reducido y atractivo que encaja perfectamente en cualquier empresa.<br \/>\nSimplemente entregue las tarjetas a sus clientes, mu\u00e9strelas en la tienda o p\u00f3ngalas en su bolsa de compras.<br \/>\nTus clientes ven la solicitud para revisarte y solo tienen que sostener la c\u00e1mara del tel\u00e9fono inteligente sobre el c\u00f3digo QR y revisarte directamente.<\/p>\n<p>Las tarjetas est\u00e1n personalizadas con su logotipo en el anverso y el reverso y el c\u00f3digo QR conduce directamente a su formulario de revisi\u00f3n en Google.<br \/>\n\u00a1Crearemos y vincularemos el c\u00f3digo QR para su revisi\u00f3n directa en su perfil de Google!<br \/>\nTomamos esta informaci\u00f3n de la direcci\u00f3n de su empresa.<\/p>\n<p>Las tarjetas de revisi\u00f3n te ayudar\u00e1n si:<\/p>\n<p>Quieres obtener m\u00e1s rese\u00f1as en Google<\/p>\n<p>Quieres atraer m\u00e1s clientes y aumentar tus ventas<\/p>\n<\/p>\n<p>Puedes encontrar m\u00e1s informaci\u00f3n sobre c\u00f3mo te ayudan las tarjetas aqu\u00ed: <a href=\"https:\/\/www.truzzer.com\/product\/google-bewertungskarte-minimal\/#tab-woodmart_custom_tab\"><\/a><\/p>\n","protected":false},"featured_media":93201,"comment_status":"open","ping_status":"closed","template":"","meta":{"_acf_changed":false,"_yoast_wpseo_focuskw":"Rese\u00f1a Google Tarjeta de visita","_yoast_wpseo_title":"Review us on Google Card Bold | truzzer","_yoast_wpseo_metadesc":"M\u00e1s rese\u00f1as de 5 estrellas en Google con Review us on Google Card Bold de truzzer. F\u00e1cil configuraci\u00f3n, listo para usar. \u00a1Pide ahora!"},"product_brand":[1654],"product_cat":[531,794,791,792,793],"product_tag":[],"class_list":{"0":"post-93200","1":"product","2":"type-product","3":"status-publish","4":"has-post-thumbnail","6":"product_brand-google","7":"product_cat-codigo-qr-productos","8":"product_cat-codigo-qr-tarjetas","9":"product_cat-resena-de-google-productos","10":"product_cat-resena-de-google-tarjetas","11":"product_cat-resena-de-google-tarjetas-de-resena-con-codigo-qr","12":"pa_industry-locales-diensten","13":"pa_industry-oficina-consultoria","14":"pa_industry-onroerend-goed","15":"pa_material-carton","16":"pa_placement-balie-receptie","17":"pa_placement-folleto","18":"pa_placement-portemonnee-personallijk","19":"pa_product-type-karten","20":"pa_shape-rechthoek","21":"pa_technology-codigo-qr","22":"pa_technology-qr-code","24":"first","25":"instock","26":"taxable","27":"shipping-taxable","28":"purchasable","29":"product-type-simple"},"acf":[],"yoast_head":"<!-- This site is optimized with the Yoast SEO plugin v27.0 - https:\/\/yoast.com\/product\/yoast-seo-wordpress\/ -->\n<title>Review us on Google Card Bold | truzzer<\/title>\n<meta name=\"description\" content=\"M\u00e1s rese\u00f1as de 5 estrellas en Google con Review us on Google Card Bold de truzzer. F\u00e1cil configuraci\u00f3n, listo para usar. \u00a1Pide ahora!\" \/>\n<meta name=\"robots\" content=\"index, follow, max-snippet:-1, max-image-preview:large, max-video-preview:-1\" \/>\n<link rel=\"canonical\" href=\"https:\/\/www.truzzer.com\/es\/producto\/resenanos-en-google-card-bold\/\" \/>\n<meta property=\"og:locale\" content=\"es_ES\" \/>\n<meta property=\"og:type\" content=\"article\" \/>\n<meta property=\"og:title\" content=\"Review us on Google Card Bold | truzzer\" \/>\n<meta property=\"og:description\" content=\"M\u00e1s rese\u00f1as de 5 estrellas en Google con Review us on Google Card Bold de truzzer. F\u00e1cil configuraci\u00f3n, listo para usar. \u00a1Pide ahora!\" \/>\n<meta property=\"og:url\" content=\"https:\/\/www.truzzer.com\/es\/producto\/resenanos-en-google-card-bold\/\" \/>\n<meta property=\"og:site_name\" content=\"truzzer\" \/>\n<meta property=\"article:modified_time\" content=\"2026-02-13T09:52:15+00:00\" \/>\n<meta property=\"og:image\" content=\"https:\/\/www.truzzer.com\/wp-content\/uploads\/2026\/02\/review-us-on-google-card-bold-front-qr-code-truzzer-1-von-11-3.jpg\" \/>\n\t<meta property=\"og:image:width\" content=\"1400\" \/>\n\t<meta property=\"og:image:height\" content=\"1400\" \/>\n\t<meta property=\"og:image:type\" content=\"image\/jpeg\" \/>\n<meta name=\"twitter:card\" content=\"summary_large_image\" \/>\n<meta name=\"twitter:label1\" content=\"Tiempo de lectura\" \/>\n\t<meta name=\"twitter:data1\" content=\"2 minutos\" \/>\n<script type=\"application\/ld+json\" class=\"yoast-schema-graph\">{\"@context\":\"https:\/\/schema.org\",\"@graph\":[{\"@type\":\"WebPage\",\"@id\":\"https:\/\/www.truzzer.com\/es\/producto\/resenanos-en-google-card-bold\/\",\"url\":\"https:\/\/www.truzzer.com\/es\/producto\/resenanos-en-google-card-bold\/\",\"name\":\"Review us on Google Card Bold | truzzer\",\"isPartOf\":{\"@id\":\"https:\/\/www.truzzer.com\/es\/#website\"},\"primaryImageOfPage\":{\"@id\":\"https:\/\/www.truzzer.com\/es\/producto\/resenanos-en-google-card-bold\/#primaryimage\"},\"image\":{\"@id\":\"https:\/\/www.truzzer.com\/es\/producto\/resenanos-en-google-card-bold\/#primaryimage\"},\"thumbnailUrl\":\"https:\/\/www.truzzer.com\/wp-content\/uploads\/2026\/02\/review-us-on-google-card-bold-front-qr-code-truzzer-1-von-11-3.jpg\",\"datePublished\":\"2026-02-01T20:11:31+00:00\",\"dateModified\":\"2026-02-13T09:52:15+00:00\",\"description\":\"M\u00e1s rese\u00f1as de 5 estrellas en Google con Review us on Google Card Bold de truzzer. F\u00e1cil configuraci\u00f3n, listo para usar. \u00a1Pide ahora!\",\"breadcrumb\":{\"@id\":\"https:\/\/www.truzzer.com\/es\/producto\/resenanos-en-google-card-bold\/#breadcrumb\"},\"inLanguage\":\"es\",\"potentialAction\":[{\"@type\":\"ReadAction\",\"target\":[\"https:\/\/www.truzzer.com\/es\/producto\/resenanos-en-google-card-bold\/\"]}]},{\"@type\":\"ImageObject\",\"inLanguage\":\"es\",\"@id\":\"https:\/\/www.truzzer.com\/es\/producto\/resenanos-en-google-card-bold\/#primaryimage\",\"url\":\"https:\/\/www.truzzer.com\/wp-content\/uploads\/2026\/02\/review-us-on-google-card-bold-front-qr-code-truzzer-1-von-11-3.jpg\",\"contentUrl\":\"https:\/\/www.truzzer.com\/wp-content\/uploads\/2026\/02\/review-us-on-google-card-bold-front-qr-code-truzzer-1-von-11-3.jpg\",\"width\":1400,\"height\":1400},{\"@type\":\"BreadcrumbList\",\"@id\":\"https:\/\/www.truzzer.com\/es\/producto\/resenanos-en-google-card-bold\/#breadcrumb\",\"itemListElement\":[{\"@type\":\"ListItem\",\"position\":1,\"name\":\"Home\",\"item\":\"https:\/\/www.truzzer.com\/es\/\"},{\"@type\":\"ListItem\",\"position\":2,\"name\":\"Tienda\",\"item\":\"https:\/\/www.truzzer.com\/es\/tienda\/\"},{\"@type\":\"ListItem\",\"position\":3,\"name\":\"Rese\u00f1anos en Google Card Bold\"}]},{\"@type\":\"WebSite\",\"@id\":\"https:\/\/www.truzzer.com\/es\/#website\",\"url\":\"https:\/\/www.truzzer.com\/es\/\",\"name\":\"truzzer\",\"description\":\"Experts for customer trust\",\"publisher\":{\"@id\":\"https:\/\/www.truzzer.com\/es\/#organization\"},\"potentialAction\":[{\"@type\":\"SearchAction\",\"target\":{\"@type\":\"EntryPoint\",\"urlTemplate\":\"https:\/\/www.truzzer.com\/es\/?s={search_term_string}\"},\"query-input\":{\"@type\":\"PropertyValueSpecification\",\"valueRequired\":true,\"valueName\":\"search_term_string\"}}],\"inLanguage\":\"es\"},{\"@type\":\"Organization\",\"@id\":\"https:\/\/www.truzzer.com\/es\/#organization\",\"name\":\"truzzer\",\"url\":\"https:\/\/www.truzzer.com\/es\/\",\"logo\":{\"@type\":\"ImageObject\",\"inLanguage\":\"es\",\"@id\":\"https:\/\/www.truzzer.com\/es\/#\/schema\/logo\/image\/\",\"url\":\"https:\/\/truzzer.com\/wp-content\/uploads\/2026\/01\/truzzer-logo-black-1.svg\",\"contentUrl\":\"https:\/\/truzzer.com\/wp-content\/uploads\/2026\/01\/truzzer-logo-black-1.svg\",\"width\":938,\"height\":199,\"caption\":\"truzzer\"},\"image\":{\"@id\":\"https:\/\/www.truzzer.com\/es\/#\/schema\/logo\/image\/\"}}]}<\/script>\n<!-- \/ Yoast SEO plugin. -->","yoast_head_json":{"title":"Review us on Google Card Bold | truzzer","description":"M\u00e1s rese\u00f1as de 5 estrellas en Google con Review us on Google Card Bold de truzzer. F\u00e1cil configuraci\u00f3n, listo para usar. \u00a1Pide ahora!","robots":{"index":"index","follow":"follow","max-snippet":"max-snippet:-1","max-image-preview":"max-image-preview:large","max-video-preview":"max-video-preview:-1"},"canonical":"https:\/\/www.truzzer.com\/es\/producto\/resenanos-en-google-card-bold\/","og_locale":"es_ES","og_type":"article","og_title":"Review us on Google Card Bold | truzzer","og_description":"M\u00e1s rese\u00f1as de 5 estrellas en Google con Review us on Google Card Bold de truzzer. F\u00e1cil configuraci\u00f3n, listo para usar. \u00a1Pide ahora!","og_url":"https:\/\/www.truzzer.com\/es\/producto\/resenanos-en-google-card-bold\/","og_site_name":"truzzer","article_modified_time":"2026-02-13T09:52:15+00:00","og_image":[{"width":1400,"height":1400,"url":"https:\/\/www.truzzer.com\/wp-content\/uploads\/2026\/02\/review-us-on-google-card-bold-front-qr-code-truzzer-1-von-11-3.jpg","type":"image\/jpeg"}],"twitter_card":"summary_large_image","twitter_misc":{"Tiempo de lectura":"2 minutos"},"schema":{"@context":"https:\/\/schema.org","@graph":[{"@type":"WebPage","@id":"https:\/\/www.truzzer.com\/es\/producto\/resenanos-en-google-card-bold\/","url":"https:\/\/www.truzzer.com\/es\/producto\/resenanos-en-google-card-bold\/","name":"Review us on Google Card Bold | truzzer","isPartOf":{"@id":"https:\/\/www.truzzer.com\/es\/#website"},"primaryImageOfPage":{"@id":"https:\/\/www.truzzer.com\/es\/producto\/resenanos-en-google-card-bold\/#primaryimage"},"image":{"@id":"https:\/\/www.truzzer.com\/es\/producto\/resenanos-en-google-card-bold\/#primaryimage"},"thumbnailUrl":"https:\/\/www.truzzer.com\/wp-content\/uploads\/2026\/02\/review-us-on-google-card-bold-front-qr-code-truzzer-1-von-11-3.jpg","datePublished":"2026-02-01T20:11:31+00:00","dateModified":"2026-02-13T09:52:15+00:00","description":"M\u00e1s rese\u00f1as de 5 estrellas en Google con Review us on Google Card Bold de truzzer. F\u00e1cil configuraci\u00f3n, listo para usar. \u00a1Pide ahora!","breadcrumb":{"@id":"https:\/\/www.truzzer.com\/es\/producto\/resenanos-en-google-card-bold\/#breadcrumb"},"inLanguage":"es","potentialAction":[{"@type":"ReadAction","target":["https:\/\/www.truzzer.com\/es\/producto\/resenanos-en-google-card-bold\/"]}]},{"@type":"ImageObject","inLanguage":"es","@id":"https:\/\/www.truzzer.com\/es\/producto\/resenanos-en-google-card-bold\/#primaryimage","url":"https:\/\/www.truzzer.com\/wp-content\/uploads\/2026\/02\/review-us-on-google-card-bold-front-qr-code-truzzer-1-von-11-3.jpg","contentUrl":"https:\/\/www.truzzer.com\/wp-content\/uploads\/2026\/02\/review-us-on-google-card-bold-front-qr-code-truzzer-1-von-11-3.jpg","width":1400,"height":1400},{"@type":"BreadcrumbList","@id":"https:\/\/www.truzzer.com\/es\/producto\/resenanos-en-google-card-bold\/#breadcrumb","itemListElement":[{"@type":"ListItem","position":1,"name":"Home","item":"https:\/\/www.truzzer.com\/es\/"},{"@type":"ListItem","position":2,"name":"Tienda","item":"https:\/\/www.truzzer.com\/es\/tienda\/"},{"@type":"ListItem","position":3,"name":"Rese\u00f1anos en Google Card Bold"}]},{"@type":"WebSite","@id":"https:\/\/www.truzzer.com\/es\/#website","url":"https:\/\/www.truzzer.com\/es\/","name":"truzzer","description":"Experts for customer trust","publisher":{"@id":"https:\/\/www.truzzer.com\/es\/#organization"},"potentialAction":[{"@type":"SearchAction","target":{"@type":"EntryPoint","urlTemplate":"https:\/\/www.truzzer.com\/es\/?s={search_term_string}"},"query-input":{"@type":"PropertyValueSpecification","valueRequired":true,"valueName":"search_term_string"}}],"inLanguage":"es"},{"@type":"Organization","@id":"https:\/\/www.truzzer.com\/es\/#organization","name":"truzzer","url":"https:\/\/www.truzzer.com\/es\/","logo":{"@type":"ImageObject","inLanguage":"es","@id":"https:\/\/www.truzzer.com\/es\/#\/schema\/logo\/image\/","url":"https:\/\/truzzer.com\/wp-content\/uploads\/2026\/01\/truzzer-logo-black-1.svg","contentUrl":"https:\/\/truzzer.com\/wp-content\/uploads\/2026\/01\/truzzer-logo-black-1.svg","width":938,"height":199,"caption":"truzzer"},"image":{"@id":"https:\/\/www.truzzer.com\/es\/#\/schema\/logo\/image\/"}}]}},"tiered_pricing_type":"fixed","tiered_pricing_fixed_rules":[],"tiered_pricing_product_settings":{"layout":"default","base_unit_name":{"singular":null,"plural":null},"default_variation":null},"tiered_pricing_minimum_quantity":null,"tiered_pricing_roles_data":[],"tiered_pricing_percentage_rules":[],"tiered_pricing_maximum_quantity":null,"tiered_pricing_quantity_step":null,"_links":{"self":[{"href":"https:\/\/www.truzzer.com\/es\/wp-json\/wp\/v2\/product\/93200","targetHints":{"allow":["GET"]}}],"collection":[{"href":"https:\/\/www.truzzer.com\/es\/wp-json\/wp\/v2\/product"}],"about":[{"href":"https:\/\/www.truzzer.com\/es\/wp-json\/wp\/v2\/types\/product"}],"replies":[{"embeddable":true,"href":"https:\/\/www.truzzer.com\/es\/wp-json\/wp\/v2\/comments?post=93200"}],"wp:featuredmedia":[{"embeddable":true,"href":"https:\/\/www.truzzer.com\/es\/wp-json\/wp\/v2\/media\/93201"}],"wp:attachment":[{"href":"https:\/\/www.truzzer.com\/es\/wp-json\/wp\/v2\/media?parent=93200"}],"wp:term":[{"taxonomy":"product_brand","embeddable":true,"href":"https:\/\/www.truzzer.com\/es\/wp-json\/wp\/v2\/product_brand?post=93200"},{"taxonomy":"product_cat","embeddable":true,"href":"https:\/\/www.truzzer.com\/es\/wp-json\/wp\/v2\/product_cat?post=93200"},{"taxonomy":"product_tag","embeddable":true,"href":"https:\/\/www.truzzer.com\/es\/wp-json\/wp\/v2\/product_tag?post=93200"}],"curies":[{"name":"wp","href":"https:\/\/api.w.org\/{rel}","templated":true}]}}