{"id":93444,"date":"2026-02-01T20:10:21","date_gmt":"2026-02-01T20:10:21","guid":{"rendered":"https:\/\/beta.truzzer.com\/product\/revisanos-en-google-etiqueta-con-codigo-qr-rectangulo-en-negrita-con-codigo-qr-de-revision-de-google\/"},"modified":"2026-02-13T09:55:44","modified_gmt":"2026-02-13T09:55:44","slug":"revisanos-en-google-etiqueta-con-codigo-qr-rectangulo-en-negrita-con-codigo-qr-de-revision-de-google","status":"publish","type":"product","link":"https:\/\/www.truzzer.com\/es\/producto\/revisanos-en-google-etiqueta-con-codigo-qr-rectangulo-en-negrita-con-codigo-qr-de-revision-de-google\/","title":{"rendered":"Rev\u00edsanos en Google Etiqueta con c\u00f3digo QR Rect\u00e1ngulo en negrita con c\u00f3digo QR de revisi\u00f3n de Google"},"content":{"rendered":"<p>Con las pegatinas de rese\u00f1as de Google de truzzer con un enlace de c\u00f3digo QR y su propio logotipo, podr\u00e1 recibir valoraciones positivas de sus clientes satisfechos m\u00e1s r\u00e1pidamente, directamente en su tienda.<\/p>\n<p>En el pr\u00e1ctico y al mismo tiempo llamativo formato DIN A6, har\u00e1 que la rese\u00f1a de Google sea tangible para sus clientes.<br \/>\nColoque las pegatinas en un lugar destacado en el \u00e1rea de pago, en la puerta principal o en cualquier lugar donde sus clientes puedan verlas.<\/p>\n<p>Puedes personalizar f\u00e1cilmente los stickers de rese\u00f1as de Google con tu logotipo y adaptarlos a tu empresa.<\/p>\n<p>Los productos Rese\u00f1anos en Google son f\u00e1ciles de usar y nos gustar\u00eda mostrarte a continuaci\u00f3n usando el ejemplo de las pegatinas de rese\u00f1as m\u00ednimas.<\/p>\n<\/p>\n<h3>Paso 1: El cliente escanea el c\u00f3digo QR<\/h3>\n<p>Para seguirte, el cliente s\u00f3lo tiene que escanear el c\u00f3digo QR. Todo lo que tienes que hacer es sostener la c\u00e1mara del tel\u00e9fono inteligente (no se necesita ninguna aplicaci\u00f3n de esc\u00e1ner adicional) sobre el producto.<\/p>\n<p><img decoding=\"async\" src=\"https:\/\/www.truzzer.com\/wp-content\/uploads\/2026\/02\/how-to-use-the-product-truzzer-google.jpg.webp\" height=\"933\" width=\"1400\" class=\"alignnone wp-image-22402 size-full\" alt=\"Hand scanning a QR code for Google reviews on a smartphone.\"  > <\/p>\n<p>A continuaci\u00f3n aparecer\u00e1 una ventana emergente en la pantalla (iPhone) o aparecer\u00e1 un c\u00f3digo QR (tel\u00e9fonos inteligentes Android\/Google).<\/p>\n<h3>Paso 2: el cliente va directamente al formulario de rese\u00f1as de Google<\/h3>\n<p>El formulario de rese\u00f1a se abrir\u00e1 en el navegador del tel\u00e9fono inteligente y el cliente podr\u00e1 rese\u00f1arlo directamente.<\/p>\n<p>Aviso:<br \/>\nTenga en cuenta que se requiere un perfil de Google My Business para obtener rese\u00f1as de Google.<\/p><\/p>\n","protected":false},"excerpt":{"rendered":"<p>Las calcoman\u00edas\/pegatinas autoadhesivas de Rese\u00f1anos en Google combinan con cualquier negocio y se adhieren a cualquier superficie plana.<br \/>\n\u00a1Creamos y vinculamos el c\u00f3digo QR para una evaluaci\u00f3n directa en su perfil de Google!<br \/>\nTomamos esta informaci\u00f3n de la direcci\u00f3n de su empresa. Puede encontrar m\u00e1s informaci\u00f3n sobre c\u00f3mo le ayudan las pegatinas aqu\u00ed: <a href=\"https:\/\/www.truzzer.com\/product\/bewerten-sie-uns-auf-google-aufkleber-mit-qr-code-rund\/#tab-woodmart_custom_tab\"><\/a><\/p>\n","protected":false},"featured_media":93445,"comment_status":"open","ping_status":"closed","template":"","meta":{"_acf_changed":false,"_yoast_wpseo_focuskw":"Rese\u00f1a Google Adhesivo","_yoast_wpseo_title":"Review us on Google Sticker with QR code Bold r... | truzzer","_yoast_wpseo_metadesc":"M\u00e1s rese\u00f1as Google con Review us on Google Sticker with QR code Bold rectangle with Google Review QR Code de truzzer. F\u00e1cil configuraci\u00f3n. \u00a1Pide ahora!"},"product_brand":[1654],"product_cat":[532,531,896],"product_tag":[],"class_list":{"0":"post-93444","1":"product","2":"type-product","3":"status-publish","4":"has-post-thumbnail","6":"product_brand-google","7":"product_cat-codigo-qr-pegatinas","8":"product_cat-codigo-qr-productos","9":"product_cat-resena-de-google-pegatinas-con-codigo-qr","10":"pa_product-type-etiqueta-engomada","11":"pa_shape-rechthoek","12":"pa_technology-codigo-qr","14":"first","15":"instock","16":"taxable","17":"shipping-taxable","18":"purchasable","19":"product-type-variable","20":"has-default-attributes"},"acf":[],"yoast_head":"<!-- This site is optimized with the Yoast SEO plugin v27.0 - https:\/\/yoast.com\/product\/yoast-seo-wordpress\/ -->\n<title>Review us on Google Sticker with QR code Bold r... | truzzer<\/title>\n<meta name=\"description\" content=\"M\u00e1s rese\u00f1as Google con Review us on Google Sticker with QR code Bold rectangle with Google Review QR Code de truzzer. F\u00e1cil configuraci\u00f3n. \u00a1Pide ahora!\" \/>\n<meta name=\"robots\" content=\"index, follow, max-snippet:-1, max-image-preview:large, max-video-preview:-1\" \/>\n<link rel=\"canonical\" href=\"https:\/\/www.truzzer.com\/es\/producto\/revisanos-en-google-etiqueta-con-codigo-qr-rectangulo-en-negrita-con-codigo-qr-de-revision-de-google\/\" \/>\n<meta property=\"og:locale\" content=\"es_ES\" \/>\n<meta property=\"og:type\" content=\"article\" \/>\n<meta property=\"og:title\" content=\"Review us on Google Sticker with QR code Bold r... | truzzer\" \/>\n<meta property=\"og:description\" content=\"M\u00e1s rese\u00f1as Google con Review us on Google Sticker with QR code Bold rectangle with Google Review QR Code de truzzer. F\u00e1cil configuraci\u00f3n. \u00a1Pide ahora!\" \/>\n<meta property=\"og:url\" content=\"https:\/\/www.truzzer.com\/es\/producto\/revisanos-en-google-etiqueta-con-codigo-qr-rectangulo-en-negrita-con-codigo-qr-de-revision-de-google\/\" \/>\n<meta property=\"og:site_name\" content=\"truzzer\" \/>\n<meta property=\"article:modified_time\" content=\"2026-02-13T09:55:44+00:00\" \/>\n<meta property=\"og:image\" content=\"https:\/\/www.truzzer.com\/wp-content\/uploads\/2026\/02\/review-us-on-google-sticker-qr-code-truzzer-2-von-2-1-2.jpg\" \/>\n\t<meta property=\"og:image:width\" content=\"1400\" \/>\n\t<meta property=\"og:image:height\" content=\"1400\" \/>\n\t<meta property=\"og:image:type\" content=\"image\/jpeg\" \/>\n<meta name=\"twitter:card\" content=\"summary_large_image\" \/>\n<meta name=\"twitter:label1\" content=\"Tiempo de lectura\" \/>\n\t<meta name=\"twitter:data1\" content=\"1 minuto\" \/>\n<script type=\"application\/ld+json\" class=\"yoast-schema-graph\">{\"@context\":\"https:\/\/schema.org\",\"@graph\":[{\"@type\":\"WebPage\",\"@id\":\"https:\/\/www.truzzer.com\/es\/producto\/revisanos-en-google-etiqueta-con-codigo-qr-rectangulo-en-negrita-con-codigo-qr-de-revision-de-google\/\",\"url\":\"https:\/\/www.truzzer.com\/es\/producto\/revisanos-en-google-etiqueta-con-codigo-qr-rectangulo-en-negrita-con-codigo-qr-de-revision-de-google\/\",\"name\":\"Review us on Google Sticker with QR code Bold r... | truzzer\",\"isPartOf\":{\"@id\":\"https:\/\/www.truzzer.com\/es\/#website\"},\"primaryImageOfPage\":{\"@id\":\"https:\/\/www.truzzer.com\/es\/producto\/revisanos-en-google-etiqueta-con-codigo-qr-rectangulo-en-negrita-con-codigo-qr-de-revision-de-google\/#primaryimage\"},\"image\":{\"@id\":\"https:\/\/www.truzzer.com\/es\/producto\/revisanos-en-google-etiqueta-con-codigo-qr-rectangulo-en-negrita-con-codigo-qr-de-revision-de-google\/#primaryimage\"},\"thumbnailUrl\":\"https:\/\/www.truzzer.com\/wp-content\/uploads\/2026\/02\/review-us-on-google-sticker-qr-code-truzzer-2-von-2-1-2.jpg\",\"datePublished\":\"2026-02-01T20:10:21+00:00\",\"dateModified\":\"2026-02-13T09:55:44+00:00\",\"description\":\"M\u00e1s rese\u00f1as Google con Review us on Google Sticker with QR code Bold rectangle with Google Review QR Code de truzzer. F\u00e1cil configuraci\u00f3n. \u00a1Pide ahora!\",\"breadcrumb\":{\"@id\":\"https:\/\/www.truzzer.com\/es\/producto\/revisanos-en-google-etiqueta-con-codigo-qr-rectangulo-en-negrita-con-codigo-qr-de-revision-de-google\/#breadcrumb\"},\"inLanguage\":\"es\",\"potentialAction\":[{\"@type\":\"ReadAction\",\"target\":[\"https:\/\/www.truzzer.com\/es\/producto\/revisanos-en-google-etiqueta-con-codigo-qr-rectangulo-en-negrita-con-codigo-qr-de-revision-de-google\/\"]}]},{\"@type\":\"ImageObject\",\"inLanguage\":\"es\",\"@id\":\"https:\/\/www.truzzer.com\/es\/producto\/revisanos-en-google-etiqueta-con-codigo-qr-rectangulo-en-negrita-con-codigo-qr-de-revision-de-google\/#primaryimage\",\"url\":\"https:\/\/www.truzzer.com\/wp-content\/uploads\/2026\/02\/review-us-on-google-sticker-qr-code-truzzer-2-von-2-1-2.jpg\",\"contentUrl\":\"https:\/\/www.truzzer.com\/wp-content\/uploads\/2026\/02\/review-us-on-google-sticker-qr-code-truzzer-2-von-2-1-2.jpg\",\"width\":1400,\"height\":1400},{\"@type\":\"BreadcrumbList\",\"@id\":\"https:\/\/www.truzzer.com\/es\/producto\/revisanos-en-google-etiqueta-con-codigo-qr-rectangulo-en-negrita-con-codigo-qr-de-revision-de-google\/#breadcrumb\",\"itemListElement\":[{\"@type\":\"ListItem\",\"position\":1,\"name\":\"Home\",\"item\":\"https:\/\/www.truzzer.com\/es\/\"},{\"@type\":\"ListItem\",\"position\":2,\"name\":\"Tienda\",\"item\":\"https:\/\/www.truzzer.com\/es\/tienda\/\"},{\"@type\":\"ListItem\",\"position\":3,\"name\":\"Rev\u00edsanos en Google Etiqueta con c\u00f3digo QR Rect\u00e1ngulo en negrita con c\u00f3digo QR de revisi\u00f3n de Google\"}]},{\"@type\":\"WebSite\",\"@id\":\"https:\/\/www.truzzer.com\/es\/#website\",\"url\":\"https:\/\/www.truzzer.com\/es\/\",\"name\":\"truzzer\",\"description\":\"Experts for customer trust\",\"publisher\":{\"@id\":\"https:\/\/www.truzzer.com\/es\/#organization\"},\"potentialAction\":[{\"@type\":\"SearchAction\",\"target\":{\"@type\":\"EntryPoint\",\"urlTemplate\":\"https:\/\/www.truzzer.com\/es\/?s={search_term_string}\"},\"query-input\":{\"@type\":\"PropertyValueSpecification\",\"valueRequired\":true,\"valueName\":\"search_term_string\"}}],\"inLanguage\":\"es\"},{\"@type\":\"Organization\",\"@id\":\"https:\/\/www.truzzer.com\/es\/#organization\",\"name\":\"truzzer\",\"url\":\"https:\/\/www.truzzer.com\/es\/\",\"logo\":{\"@type\":\"ImageObject\",\"inLanguage\":\"es\",\"@id\":\"https:\/\/www.truzzer.com\/es\/#\/schema\/logo\/image\/\",\"url\":\"https:\/\/truzzer.com\/wp-content\/uploads\/2026\/01\/truzzer-logo-black-1.svg\",\"contentUrl\":\"https:\/\/truzzer.com\/wp-content\/uploads\/2026\/01\/truzzer-logo-black-1.svg\",\"width\":938,\"height\":199,\"caption\":\"truzzer\"},\"image\":{\"@id\":\"https:\/\/www.truzzer.com\/es\/#\/schema\/logo\/image\/\"}}]}<\/script>\n<!-- \/ Yoast SEO plugin. -->","yoast_head_json":{"title":"Review us on Google Sticker with QR code Bold r... | truzzer","description":"M\u00e1s rese\u00f1as Google con Review us on Google Sticker with QR code Bold rectangle with Google Review QR Code de truzzer. F\u00e1cil configuraci\u00f3n. \u00a1Pide ahora!","robots":{"index":"index","follow":"follow","max-snippet":"max-snippet:-1","max-image-preview":"max-image-preview:large","max-video-preview":"max-video-preview:-1"},"canonical":"https:\/\/www.truzzer.com\/es\/producto\/revisanos-en-google-etiqueta-con-codigo-qr-rectangulo-en-negrita-con-codigo-qr-de-revision-de-google\/","og_locale":"es_ES","og_type":"article","og_title":"Review us on Google Sticker with QR code Bold r... | truzzer","og_description":"M\u00e1s rese\u00f1as Google con Review us on Google Sticker with QR code Bold rectangle with Google Review QR Code de truzzer. F\u00e1cil configuraci\u00f3n. \u00a1Pide ahora!","og_url":"https:\/\/www.truzzer.com\/es\/producto\/revisanos-en-google-etiqueta-con-codigo-qr-rectangulo-en-negrita-con-codigo-qr-de-revision-de-google\/","og_site_name":"truzzer","article_modified_time":"2026-02-13T09:55:44+00:00","og_image":[{"width":1400,"height":1400,"url":"https:\/\/www.truzzer.com\/wp-content\/uploads\/2026\/02\/review-us-on-google-sticker-qr-code-truzzer-2-von-2-1-2.jpg","type":"image\/jpeg"}],"twitter_card":"summary_large_image","twitter_misc":{"Tiempo de lectura":"1 minuto"},"schema":{"@context":"https:\/\/schema.org","@graph":[{"@type":"WebPage","@id":"https:\/\/www.truzzer.com\/es\/producto\/revisanos-en-google-etiqueta-con-codigo-qr-rectangulo-en-negrita-con-codigo-qr-de-revision-de-google\/","url":"https:\/\/www.truzzer.com\/es\/producto\/revisanos-en-google-etiqueta-con-codigo-qr-rectangulo-en-negrita-con-codigo-qr-de-revision-de-google\/","name":"Review us on Google Sticker with QR code Bold r... | truzzer","isPartOf":{"@id":"https:\/\/www.truzzer.com\/es\/#website"},"primaryImageOfPage":{"@id":"https:\/\/www.truzzer.com\/es\/producto\/revisanos-en-google-etiqueta-con-codigo-qr-rectangulo-en-negrita-con-codigo-qr-de-revision-de-google\/#primaryimage"},"image":{"@id":"https:\/\/www.truzzer.com\/es\/producto\/revisanos-en-google-etiqueta-con-codigo-qr-rectangulo-en-negrita-con-codigo-qr-de-revision-de-google\/#primaryimage"},"thumbnailUrl":"https:\/\/www.truzzer.com\/wp-content\/uploads\/2026\/02\/review-us-on-google-sticker-qr-code-truzzer-2-von-2-1-2.jpg","datePublished":"2026-02-01T20:10:21+00:00","dateModified":"2026-02-13T09:55:44+00:00","description":"M\u00e1s rese\u00f1as Google con Review us on Google Sticker with QR code Bold rectangle with Google Review QR Code de truzzer. F\u00e1cil configuraci\u00f3n. \u00a1Pide ahora!","breadcrumb":{"@id":"https:\/\/www.truzzer.com\/es\/producto\/revisanos-en-google-etiqueta-con-codigo-qr-rectangulo-en-negrita-con-codigo-qr-de-revision-de-google\/#breadcrumb"},"inLanguage":"es","potentialAction":[{"@type":"ReadAction","target":["https:\/\/www.truzzer.com\/es\/producto\/revisanos-en-google-etiqueta-con-codigo-qr-rectangulo-en-negrita-con-codigo-qr-de-revision-de-google\/"]}]},{"@type":"ImageObject","inLanguage":"es","@id":"https:\/\/www.truzzer.com\/es\/producto\/revisanos-en-google-etiqueta-con-codigo-qr-rectangulo-en-negrita-con-codigo-qr-de-revision-de-google\/#primaryimage","url":"https:\/\/www.truzzer.com\/wp-content\/uploads\/2026\/02\/review-us-on-google-sticker-qr-code-truzzer-2-von-2-1-2.jpg","contentUrl":"https:\/\/www.truzzer.com\/wp-content\/uploads\/2026\/02\/review-us-on-google-sticker-qr-code-truzzer-2-von-2-1-2.jpg","width":1400,"height":1400},{"@type":"BreadcrumbList","@id":"https:\/\/www.truzzer.com\/es\/producto\/revisanos-en-google-etiqueta-con-codigo-qr-rectangulo-en-negrita-con-codigo-qr-de-revision-de-google\/#breadcrumb","itemListElement":[{"@type":"ListItem","position":1,"name":"Home","item":"https:\/\/www.truzzer.com\/es\/"},{"@type":"ListItem","position":2,"name":"Tienda","item":"https:\/\/www.truzzer.com\/es\/tienda\/"},{"@type":"ListItem","position":3,"name":"Rev\u00edsanos en Google Etiqueta con c\u00f3digo QR Rect\u00e1ngulo en negrita con c\u00f3digo QR de revisi\u00f3n de Google"}]},{"@type":"WebSite","@id":"https:\/\/www.truzzer.com\/es\/#website","url":"https:\/\/www.truzzer.com\/es\/","name":"truzzer","description":"Experts for customer trust","publisher":{"@id":"https:\/\/www.truzzer.com\/es\/#organization"},"potentialAction":[{"@type":"SearchAction","target":{"@type":"EntryPoint","urlTemplate":"https:\/\/www.truzzer.com\/es\/?s={search_term_string}"},"query-input":{"@type":"PropertyValueSpecification","valueRequired":true,"valueName":"search_term_string"}}],"inLanguage":"es"},{"@type":"Organization","@id":"https:\/\/www.truzzer.com\/es\/#organization","name":"truzzer","url":"https:\/\/www.truzzer.com\/es\/","logo":{"@type":"ImageObject","inLanguage":"es","@id":"https:\/\/www.truzzer.com\/es\/#\/schema\/logo\/image\/","url":"https:\/\/truzzer.com\/wp-content\/uploads\/2026\/01\/truzzer-logo-black-1.svg","contentUrl":"https:\/\/truzzer.com\/wp-content\/uploads\/2026\/01\/truzzer-logo-black-1.svg","width":938,"height":199,"caption":"truzzer"},"image":{"@id":"https:\/\/www.truzzer.com\/es\/#\/schema\/logo\/image\/"}}]}},"tiered_pricing_type":"fixed","tiered_pricing_fixed_rules":[],"tiered_pricing_product_settings":{"layout":"default","base_unit_name":{"singular":null,"plural":null},"default_variation":null},"tiered_pricing_minimum_quantity":null,"tiered_pricing_roles_data":[],"tiered_pricing_percentage_rules":[],"tiered_pricing_maximum_quantity":null,"tiered_pricing_quantity_step":null,"_links":{"self":[{"href":"https:\/\/www.truzzer.com\/es\/wp-json\/wp\/v2\/product\/93444","targetHints":{"allow":["GET"]}}],"collection":[{"href":"https:\/\/www.truzzer.com\/es\/wp-json\/wp\/v2\/product"}],"about":[{"href":"https:\/\/www.truzzer.com\/es\/wp-json\/wp\/v2\/types\/product"}],"replies":[{"embeddable":true,"href":"https:\/\/www.truzzer.com\/es\/wp-json\/wp\/v2\/comments?post=93444"}],"wp:featuredmedia":[{"embeddable":true,"href":"https:\/\/www.truzzer.com\/es\/wp-json\/wp\/v2\/media\/93445"}],"wp:attachment":[{"href":"https:\/\/www.truzzer.com\/es\/wp-json\/wp\/v2\/media?parent=93444"}],"wp:term":[{"taxonomy":"product_brand","embeddable":true,"href":"https:\/\/www.truzzer.com\/es\/wp-json\/wp\/v2\/product_brand?post=93444"},{"taxonomy":"product_cat","embeddable":true,"href":"https:\/\/www.truzzer.com\/es\/wp-json\/wp\/v2\/product_cat?post=93444"},{"taxonomy":"product_tag","embeddable":true,"href":"https:\/\/www.truzzer.com\/es\/wp-json\/wp\/v2\/product_tag?post=93444"}],"curies":[{"name":"wp","href":"https:\/\/api.w.org\/{rel}","templated":true}]}}