{"id":93559,"date":"2026-02-01T20:09:45","date_gmt":"2026-02-01T20:09:45","guid":{"rendered":"https:\/\/beta.truzzer.com\/product\/ronda-de-pegatinas-de-whatsapp\/"},"modified":"2026-02-12T16:07:19","modified_gmt":"2026-02-12T16:07:19","slug":"ronda-de-pegatinas-de-whatsapp","status":"publish","type":"product","link":"https:\/\/www.truzzer.com\/es\/producto\/ronda-de-pegatinas-de-whatsapp\/","title":{"rendered":"WhatsApp Sticker round"},"content":{"rendered":"<h2>Contact us on WhatsApp order stickers online<\/h2>\n<p>Digital advice? appointment? Order and reserve online? No problem with WhatsApp! Simply scan the QR code and your customers can write to you via WhatsApp.<\/p>\n<p>In the practical round format you make the digital contact to you tangible for your customers.<br \/>\nPlace the stickers prominently in the checkout area, on the front door, as a bumper sticker on your car, or anywhere your customers can see the stickers.<\/p>\n<p>-Suitable for indoor and outdoor use<br \/>\n&#8211; Weather resistant<br \/>\n-Suitable for any smooth surface<br \/>\n-For stores, doors or as a car WhatsApp sticker<br \/>\n-Shows your customers that they can also find you on WhatsApp<\/p>\n<p><strong>Notice:<\/strong><br \/>\nPlease note that a WhatsApp profile is required to be contacted via WhatsApp.<\/p>\n<p>&nbsp;<\/p>\n","protected":false},"excerpt":{"rendered":"<p>Individual WhatsApp stickers with QR code link &#8211; Help your customers to get in touch with you with the WhatsApp stickers from truzzer.<br \/>\nThe QR code opens the chat window directly on your customers&#8217; mobile phones.<br \/>\nSimply hold the smartphone camera over the QR code and your customers can write to you.<br \/>\nSimply enter your WhatsApp phone number below and we will take care of the QR code, printing and shipping.<\/p>\n<ul>\n<li>Suitable for inside and outside<\/li>\n<li>weather resistant<\/li>\n<li>Suitable for any smooth surface<\/li>\n<li>For shops, doors or as a car WhatsApp sticker<\/li>\n<li>Helps customers contact you better<\/li>\n<li>Individually made for you<\/li>\n<li>Available in three sizes<\/li>\n<\/ul>\n","protected":false},"featured_media":93560,"comment_status":"open","ping_status":"closed","template":"","meta":{"_acf_changed":false,"_yoast_wpseo_focuskw":"WhatsApp c\u00f3digo QR Adhesivo","_yoast_wpseo_title":"WhatsApp Sticker round | truzzer","_yoast_wpseo_metadesc":"Con\u00e9ctate por WhatsApp con WhatsApp Sticker round de truzzer. F\u00e1cil configuraci\u00f3n, listo para usar. \u00a1Pide ahora!"},"product_brand":[1705],"product_cat":[935,936,934,532,531],"product_tag":[],"class_list":{"0":"post-93559","1":"product","2":"type-product","3":"status-publish","4":"has-post-thumbnail","6":"product_brand-whatsapp","7":"product_cat-chat-de-whatsapp-pegatinas","8":"product_cat-chat-de-whatsapp-pegatinas-con-codigo-qr","9":"product_cat-chat-de-whatsapp-productos","10":"product_cat-codigo-qr-pegatinas","11":"product_cat-codigo-qr-productos","12":"pa_product-type-etiqueta-engomada","13":"pa_shape-ronda","14":"pa_technology-codigo-qr","16":"first","17":"instock","18":"taxable","19":"shipping-taxable","20":"purchasable","21":"product-type-variable","22":"has-default-attributes"},"acf":[],"yoast_head":"<!-- This site is optimized with the Yoast SEO plugin v27.0 - https:\/\/yoast.com\/product\/yoast-seo-wordpress\/ -->\n<title>WhatsApp Sticker round | truzzer<\/title>\n<meta name=\"description\" content=\"Con\u00e9ctate por WhatsApp con WhatsApp Sticker round de truzzer. F\u00e1cil configuraci\u00f3n, listo para usar. \u00a1Pide ahora!\" \/>\n<meta name=\"robots\" content=\"index, follow, max-snippet:-1, max-image-preview:large, max-video-preview:-1\" \/>\n<link rel=\"canonical\" href=\"https:\/\/www.truzzer.com\/es\/producto\/ronda-de-pegatinas-de-whatsapp\/\" \/>\n<meta property=\"og:locale\" content=\"es_ES\" \/>\n<meta property=\"og:type\" content=\"article\" \/>\n<meta property=\"og:title\" content=\"WhatsApp Sticker round | truzzer\" \/>\n<meta property=\"og:description\" content=\"Con\u00e9ctate por WhatsApp con WhatsApp Sticker round de truzzer. F\u00e1cil configuraci\u00f3n, listo para usar. \u00a1Pide ahora!\" \/>\n<meta property=\"og:url\" content=\"https:\/\/www.truzzer.com\/es\/producto\/ronda-de-pegatinas-de-whatsapp\/\" \/>\n<meta property=\"og:site_name\" content=\"truzzer\" \/>\n<meta property=\"article:modified_time\" content=\"2026-02-12T16:07:19+00:00\" \/>\n<meta property=\"og:image\" content=\"https:\/\/www.truzzer.com\/wp-content\/uploads\/2026\/02\/whatsapp-sticker-with-qr-code-truzzer-3.jpg\" \/>\n\t<meta property=\"og:image:width\" content=\"1400\" \/>\n\t<meta property=\"og:image:height\" content=\"1400\" \/>\n\t<meta property=\"og:image:type\" content=\"image\/jpeg\" \/>\n<meta name=\"twitter:card\" content=\"summary_large_image\" \/>\n<meta name=\"twitter:label1\" content=\"Tiempo de lectura\" \/>\n\t<meta name=\"twitter:data1\" content=\"1 minuto\" \/>\n<script type=\"application\/ld+json\" class=\"yoast-schema-graph\">{\"@context\":\"https:\/\/schema.org\",\"@graph\":[{\"@type\":\"WebPage\",\"@id\":\"https:\/\/www.truzzer.com\/es\/producto\/ronda-de-pegatinas-de-whatsapp\/\",\"url\":\"https:\/\/www.truzzer.com\/es\/producto\/ronda-de-pegatinas-de-whatsapp\/\",\"name\":\"WhatsApp Sticker round | truzzer\",\"isPartOf\":{\"@id\":\"https:\/\/www.truzzer.com\/es\/#website\"},\"primaryImageOfPage\":{\"@id\":\"https:\/\/www.truzzer.com\/es\/producto\/ronda-de-pegatinas-de-whatsapp\/#primaryimage\"},\"image\":{\"@id\":\"https:\/\/www.truzzer.com\/es\/producto\/ronda-de-pegatinas-de-whatsapp\/#primaryimage\"},\"thumbnailUrl\":\"https:\/\/www.truzzer.com\/wp-content\/uploads\/2026\/02\/whatsapp-sticker-with-qr-code-truzzer-3.jpg\",\"datePublished\":\"2026-02-01T20:09:45+00:00\",\"dateModified\":\"2026-02-12T16:07:19+00:00\",\"description\":\"Con\u00e9ctate por WhatsApp con WhatsApp Sticker round de truzzer. F\u00e1cil configuraci\u00f3n, listo para usar. \u00a1Pide ahora!\",\"breadcrumb\":{\"@id\":\"https:\/\/www.truzzer.com\/es\/producto\/ronda-de-pegatinas-de-whatsapp\/#breadcrumb\"},\"inLanguage\":\"es\",\"potentialAction\":[{\"@type\":\"ReadAction\",\"target\":[\"https:\/\/www.truzzer.com\/es\/producto\/ronda-de-pegatinas-de-whatsapp\/\"]}]},{\"@type\":\"ImageObject\",\"inLanguage\":\"es\",\"@id\":\"https:\/\/www.truzzer.com\/es\/producto\/ronda-de-pegatinas-de-whatsapp\/#primaryimage\",\"url\":\"https:\/\/www.truzzer.com\/wp-content\/uploads\/2026\/02\/whatsapp-sticker-with-qr-code-truzzer-3.jpg\",\"contentUrl\":\"https:\/\/www.truzzer.com\/wp-content\/uploads\/2026\/02\/whatsapp-sticker-with-qr-code-truzzer-3.jpg\",\"width\":1400,\"height\":1400},{\"@type\":\"BreadcrumbList\",\"@id\":\"https:\/\/www.truzzer.com\/es\/producto\/ronda-de-pegatinas-de-whatsapp\/#breadcrumb\",\"itemListElement\":[{\"@type\":\"ListItem\",\"position\":1,\"name\":\"Home\",\"item\":\"https:\/\/www.truzzer.com\/es\/\"},{\"@type\":\"ListItem\",\"position\":2,\"name\":\"Tienda\",\"item\":\"https:\/\/www.truzzer.com\/es\/tienda\/\"},{\"@type\":\"ListItem\",\"position\":3,\"name\":\"WhatsApp Sticker round\"}]},{\"@type\":\"WebSite\",\"@id\":\"https:\/\/www.truzzer.com\/es\/#website\",\"url\":\"https:\/\/www.truzzer.com\/es\/\",\"name\":\"truzzer\",\"description\":\"Experts for customer trust\",\"publisher\":{\"@id\":\"https:\/\/www.truzzer.com\/es\/#organization\"},\"potentialAction\":[{\"@type\":\"SearchAction\",\"target\":{\"@type\":\"EntryPoint\",\"urlTemplate\":\"https:\/\/www.truzzer.com\/es\/?s={search_term_string}\"},\"query-input\":{\"@type\":\"PropertyValueSpecification\",\"valueRequired\":true,\"valueName\":\"search_term_string\"}}],\"inLanguage\":\"es\"},{\"@type\":\"Organization\",\"@id\":\"https:\/\/www.truzzer.com\/es\/#organization\",\"name\":\"truzzer\",\"url\":\"https:\/\/www.truzzer.com\/es\/\",\"logo\":{\"@type\":\"ImageObject\",\"inLanguage\":\"es\",\"@id\":\"https:\/\/www.truzzer.com\/es\/#\/schema\/logo\/image\/\",\"url\":\"https:\/\/truzzer.com\/wp-content\/uploads\/2026\/01\/truzzer-logo-black-1.svg\",\"contentUrl\":\"https:\/\/truzzer.com\/wp-content\/uploads\/2026\/01\/truzzer-logo-black-1.svg\",\"width\":938,\"height\":199,\"caption\":\"truzzer\"},\"image\":{\"@id\":\"https:\/\/www.truzzer.com\/es\/#\/schema\/logo\/image\/\"}}]}<\/script>\n<!-- \/ Yoast SEO plugin. -->","yoast_head_json":{"title":"WhatsApp Sticker round | truzzer","description":"Con\u00e9ctate por WhatsApp con WhatsApp Sticker round de truzzer. F\u00e1cil configuraci\u00f3n, listo para usar. \u00a1Pide ahora!","robots":{"index":"index","follow":"follow","max-snippet":"max-snippet:-1","max-image-preview":"max-image-preview:large","max-video-preview":"max-video-preview:-1"},"canonical":"https:\/\/www.truzzer.com\/es\/producto\/ronda-de-pegatinas-de-whatsapp\/","og_locale":"es_ES","og_type":"article","og_title":"WhatsApp Sticker round | truzzer","og_description":"Con\u00e9ctate por WhatsApp con WhatsApp Sticker round de truzzer. F\u00e1cil configuraci\u00f3n, listo para usar. \u00a1Pide ahora!","og_url":"https:\/\/www.truzzer.com\/es\/producto\/ronda-de-pegatinas-de-whatsapp\/","og_site_name":"truzzer","article_modified_time":"2026-02-12T16:07:19+00:00","og_image":[{"width":1400,"height":1400,"url":"https:\/\/www.truzzer.com\/wp-content\/uploads\/2026\/02\/whatsapp-sticker-with-qr-code-truzzer-3.jpg","type":"image\/jpeg"}],"twitter_card":"summary_large_image","twitter_misc":{"Tiempo de lectura":"1 minuto"},"schema":{"@context":"https:\/\/schema.org","@graph":[{"@type":"WebPage","@id":"https:\/\/www.truzzer.com\/es\/producto\/ronda-de-pegatinas-de-whatsapp\/","url":"https:\/\/www.truzzer.com\/es\/producto\/ronda-de-pegatinas-de-whatsapp\/","name":"WhatsApp Sticker round | truzzer","isPartOf":{"@id":"https:\/\/www.truzzer.com\/es\/#website"},"primaryImageOfPage":{"@id":"https:\/\/www.truzzer.com\/es\/producto\/ronda-de-pegatinas-de-whatsapp\/#primaryimage"},"image":{"@id":"https:\/\/www.truzzer.com\/es\/producto\/ronda-de-pegatinas-de-whatsapp\/#primaryimage"},"thumbnailUrl":"https:\/\/www.truzzer.com\/wp-content\/uploads\/2026\/02\/whatsapp-sticker-with-qr-code-truzzer-3.jpg","datePublished":"2026-02-01T20:09:45+00:00","dateModified":"2026-02-12T16:07:19+00:00","description":"Con\u00e9ctate por WhatsApp con WhatsApp Sticker round de truzzer. F\u00e1cil configuraci\u00f3n, listo para usar. \u00a1Pide ahora!","breadcrumb":{"@id":"https:\/\/www.truzzer.com\/es\/producto\/ronda-de-pegatinas-de-whatsapp\/#breadcrumb"},"inLanguage":"es","potentialAction":[{"@type":"ReadAction","target":["https:\/\/www.truzzer.com\/es\/producto\/ronda-de-pegatinas-de-whatsapp\/"]}]},{"@type":"ImageObject","inLanguage":"es","@id":"https:\/\/www.truzzer.com\/es\/producto\/ronda-de-pegatinas-de-whatsapp\/#primaryimage","url":"https:\/\/www.truzzer.com\/wp-content\/uploads\/2026\/02\/whatsapp-sticker-with-qr-code-truzzer-3.jpg","contentUrl":"https:\/\/www.truzzer.com\/wp-content\/uploads\/2026\/02\/whatsapp-sticker-with-qr-code-truzzer-3.jpg","width":1400,"height":1400},{"@type":"BreadcrumbList","@id":"https:\/\/www.truzzer.com\/es\/producto\/ronda-de-pegatinas-de-whatsapp\/#breadcrumb","itemListElement":[{"@type":"ListItem","position":1,"name":"Home","item":"https:\/\/www.truzzer.com\/es\/"},{"@type":"ListItem","position":2,"name":"Tienda","item":"https:\/\/www.truzzer.com\/es\/tienda\/"},{"@type":"ListItem","position":3,"name":"WhatsApp Sticker round"}]},{"@type":"WebSite","@id":"https:\/\/www.truzzer.com\/es\/#website","url":"https:\/\/www.truzzer.com\/es\/","name":"truzzer","description":"Experts for customer trust","publisher":{"@id":"https:\/\/www.truzzer.com\/es\/#organization"},"potentialAction":[{"@type":"SearchAction","target":{"@type":"EntryPoint","urlTemplate":"https:\/\/www.truzzer.com\/es\/?s={search_term_string}"},"query-input":{"@type":"PropertyValueSpecification","valueRequired":true,"valueName":"search_term_string"}}],"inLanguage":"es"},{"@type":"Organization","@id":"https:\/\/www.truzzer.com\/es\/#organization","name":"truzzer","url":"https:\/\/www.truzzer.com\/es\/","logo":{"@type":"ImageObject","inLanguage":"es","@id":"https:\/\/www.truzzer.com\/es\/#\/schema\/logo\/image\/","url":"https:\/\/truzzer.com\/wp-content\/uploads\/2026\/01\/truzzer-logo-black-1.svg","contentUrl":"https:\/\/truzzer.com\/wp-content\/uploads\/2026\/01\/truzzer-logo-black-1.svg","width":938,"height":199,"caption":"truzzer"},"image":{"@id":"https:\/\/www.truzzer.com\/es\/#\/schema\/logo\/image\/"}}]}},"tiered_pricing_type":"fixed","tiered_pricing_fixed_rules":[],"tiered_pricing_product_settings":{"layout":"default","base_unit_name":{"singular":null,"plural":null},"default_variation":null},"tiered_pricing_minimum_quantity":null,"tiered_pricing_roles_data":[],"tiered_pricing_percentage_rules":[],"tiered_pricing_maximum_quantity":null,"tiered_pricing_quantity_step":null,"_links":{"self":[{"href":"https:\/\/www.truzzer.com\/es\/wp-json\/wp\/v2\/product\/93559","targetHints":{"allow":["GET"]}}],"collection":[{"href":"https:\/\/www.truzzer.com\/es\/wp-json\/wp\/v2\/product"}],"about":[{"href":"https:\/\/www.truzzer.com\/es\/wp-json\/wp\/v2\/types\/product"}],"replies":[{"embeddable":true,"href":"https:\/\/www.truzzer.com\/es\/wp-json\/wp\/v2\/comments?post=93559"}],"wp:featuredmedia":[{"embeddable":true,"href":"https:\/\/www.truzzer.com\/es\/wp-json\/wp\/v2\/media\/93560"}],"wp:attachment":[{"href":"https:\/\/www.truzzer.com\/es\/wp-json\/wp\/v2\/media?parent=93559"}],"wp:term":[{"taxonomy":"product_brand","embeddable":true,"href":"https:\/\/www.truzzer.com\/es\/wp-json\/wp\/v2\/product_brand?post=93559"},{"taxonomy":"product_cat","embeddable":true,"href":"https:\/\/www.truzzer.com\/es\/wp-json\/wp\/v2\/product_cat?post=93559"},{"taxonomy":"product_tag","embeddable":true,"href":"https:\/\/www.truzzer.com\/es\/wp-json\/wp\/v2\/product_tag?post=93559"}],"curies":[{"name":"wp","href":"https:\/\/api.w.org\/{rel}","templated":true}]}}