{"id":93627,"date":"2026-02-01T20:09:17","date_gmt":"2026-02-01T20:09:17","guid":{"rendered":"https:\/\/beta.truzzer.com\/product\/revisanos-en-google-table-tent\/"},"modified":"2026-02-13T10:00:16","modified_gmt":"2026-02-13T10:00:16","slug":"revisanos-en-google-table-tent","status":"publish","type":"product","link":"https:\/\/www.truzzer.com\/es\/producto\/revisanos-en-google-table-tent\/","title":{"rendered":"Rev\u00edsanos en Google Table Tent"},"content":{"rendered":"<h2><strong>Carpas de mesa para obtener m\u00e1s rese\u00f1as de Google<br \/>\n<\/strong><\/h2>\n<p>Con las carpas de mesa \u00abRev\u00edsanos en Google\u00bb de truzzer\u00a0 podr\u00e1s obtener cr\u00edticas positivas de tus clientes m\u00e1s r\u00e1pido y mejorar tu imagen y reputaci\u00f3n.<br \/>\nAdem\u00e1s, aumentas el v\u00ednculo con tu empresa y tu ranking SEO a trav\u00e9s de las cr\u00edticas positivas.<\/p>\n<p>Ubicado idealmente, p. directamente en la mesa de un restaurante o en el mostrador de un consultorio\/tienda, animamos a sus clientes a calificarlo y dejar una rese\u00f1a en su perfil de Google My Business.<br \/>\nEn el frente de la carpa de la mesa, los clientes encontrar\u00e1n la solicitud para opinar sobre su negocio en Google, en la parte posterior hay un c\u00f3digo QR con breves instrucciones sobre c\u00f3mo funciona la rese\u00f1a.<\/p>\n<p>El c\u00f3digo QR lleva a los clientes directamente a su rese\u00f1a de Google SIN tener que buscarlo primero en Google. As\u00ed evitas saltos en el proceso de revisi\u00f3n de Google.<\/p>\n<p>Puedes personalizar f\u00e1cilmente las carpas de mesa \u00abRev\u00edsanos en Google\u00bb con tu logo y adaptarlas a tu empresa.<\/p>\n<p>Los productos Rese\u00f1anos en Google son f\u00e1ciles de usar y nos gustar\u00eda mostrarte a continuaci\u00f3n usando el ejemplo de las pegatinas de rese\u00f1as.<\/p>\n<\/p>\n<h3>Paso 1: El cliente escanea el c\u00f3digo QR<\/h3>\n<p>Para seguirte, el cliente s\u00f3lo tiene que escanear el c\u00f3digo QR. Todo lo que tienes que hacer es sostener la c\u00e1mara del tel\u00e9fono inteligente (no se necesita ninguna aplicaci\u00f3n de esc\u00e1ner adicional) sobre el producto.<\/p>\n<p><img decoding=\"async\" src=\"https:\/\/www.truzzer.com\/wp-content\/uploads\/2026\/02\/how-to-use-the-product-truzzer-google.jpg.webp\" height=\"933\" width=\"1400\" class=\"alignnone wp-image-22402 size-full\" alt=\"Hand scanning a QR code for Google reviews on a smartphone.\"  > <\/p>\n<p>A continuaci\u00f3n aparecer\u00e1 una ventana emergente en la pantalla (iPhone) o aparecer\u00e1 un c\u00f3digo QR (tel\u00e9fonos inteligentes Android\/Google).<\/p>\n<h3>Paso 2: el cliente va directamente al formulario de rese\u00f1as de Google<\/h3>\n<p>El formulario de rese\u00f1a se abrir\u00e1 en el navegador del tel\u00e9fono inteligente y el cliente podr\u00e1 rese\u00f1arlo directamente.<\/p>\n<p>Aviso:<br \/>\nTenga en cuenta que se requiere un perfil de Google My Business para obtener rese\u00f1as de Google.<\/p><\/p>\n","protected":false},"excerpt":{"rendered":"<p>Obtenga m\u00e1s rese\u00f1as de clientes en Google con la funci\u00f3n &#8220;Rev\u00edsenos en Google&#8221; carpas de mesa. Facilite a sus clientes opinar sobre usted en Google con las pantallas de sobremesa para rese\u00f1as de Google en el formato reducido y atractivo &#8220;m\u00ednimo&#8221; dise\u00f1o que se adapta a cualquier negocio.<br \/>\n\u00a1Crearemos y vincularemos el c\u00f3digo QR para una evaluaci\u00f3n directa en su perfil de Google para usted! Tomamos esta informaci\u00f3n de la direcci\u00f3n de su empresa.<br \/>\nPuede encontrar m\u00e1s informaci\u00f3n sobre c\u00f3mo le ayudan las visualizaciones de tablas aqu\u00ed:<\/p>\n","protected":false},"featured_media":93628,"comment_status":"open","ping_status":"closed","template":"","meta":{"_acf_changed":false,"_yoast_wpseo_focuskw":"Rese\u00f1a Google Expositor de mesa","_yoast_wpseo_title":"Review us on Google Table Tent | truzzer","_yoast_wpseo_metadesc":"M\u00e1s rese\u00f1as de 5 estrellas en Google con Review us on Google Table Tent de truzzer. F\u00e1cil configuraci\u00f3n, listo para usar. \u00a1Pide ahora!"},"product_brand":[1654],"product_cat":[1001,531,1023,1024,791],"product_tag":[],"class_list":{"0":"post-93627","1":"product","2":"type-product","3":"status-publish","4":"has-post-thumbnail","6":"product_brand-google","7":"product_cat-codigo-qr-expositores-y-soportes","8":"product_cat-codigo-qr-productos","9":"product_cat-resena-de-google-expositores-de-mesa","10":"product_cat-resena-de-google-expositores-de-mesa-con-codigo-qr","11":"product_cat-resena-de-google-productos","12":"pa_industry-hotel","13":"pa_industry-practica-medica","14":"pa_industry-restaurante-cafeteria","15":"pa_material-carton","16":"pa_placement-balie-receptie","17":"pa_placement-kassa-pos","18":"pa_placement-tafel","19":"pa_product-type-displays-y-stands","20":"pa_technology-codigo-qr","21":"pa_technology-qr-code","23":"first","24":"instock","25":"taxable","26":"shipping-taxable","27":"purchasable","28":"product-type-simple"},"acf":[],"yoast_head":"<!-- This site is optimized with the Yoast SEO plugin v27.0 - https:\/\/yoast.com\/product\/yoast-seo-wordpress\/ -->\n<title>Review us on Google Table Tent | truzzer<\/title>\n<meta name=\"description\" content=\"M\u00e1s rese\u00f1as de 5 estrellas en Google con Review us on Google Table Tent de truzzer. F\u00e1cil configuraci\u00f3n, listo para usar. \u00a1Pide ahora!\" \/>\n<meta name=\"robots\" content=\"index, follow, max-snippet:-1, max-image-preview:large, max-video-preview:-1\" \/>\n<link rel=\"canonical\" href=\"https:\/\/www.truzzer.com\/es\/producto\/revisanos-en-google-table-tent\/\" \/>\n<meta property=\"og:locale\" content=\"es_ES\" \/>\n<meta property=\"og:type\" content=\"article\" \/>\n<meta property=\"og:title\" content=\"Review us on Google Table Tent | truzzer\" \/>\n<meta property=\"og:description\" content=\"M\u00e1s rese\u00f1as de 5 estrellas en Google con Review us on Google Table Tent de truzzer. F\u00e1cil configuraci\u00f3n, listo para usar. \u00a1Pide ahora!\" \/>\n<meta property=\"og:url\" content=\"https:\/\/www.truzzer.com\/es\/producto\/revisanos-en-google-table-tent\/\" \/>\n<meta property=\"og:site_name\" content=\"truzzer\" \/>\n<meta property=\"article:modified_time\" content=\"2026-02-13T10:00:16+00:00\" \/>\n<meta property=\"og:image\" content=\"https:\/\/www.truzzer.com\/wp-content\/uploads\/2026\/02\/review-us-on-google-table-tent-qr-code-truzzer-5-von-11-2-1.jpg\" \/>\n\t<meta property=\"og:image:width\" content=\"1400\" \/>\n\t<meta property=\"og:image:height\" content=\"1400\" \/>\n\t<meta property=\"og:image:type\" content=\"image\/jpeg\" \/>\n<meta name=\"twitter:card\" content=\"summary_large_image\" \/>\n<meta name=\"twitter:label1\" content=\"Tiempo de lectura\" \/>\n\t<meta name=\"twitter:data1\" content=\"2 minutos\" \/>\n<script type=\"application\/ld+json\" class=\"yoast-schema-graph\">{\"@context\":\"https:\/\/schema.org\",\"@graph\":[{\"@type\":\"WebPage\",\"@id\":\"https:\/\/www.truzzer.com\/es\/producto\/revisanos-en-google-table-tent\/\",\"url\":\"https:\/\/www.truzzer.com\/es\/producto\/revisanos-en-google-table-tent\/\",\"name\":\"Review us on Google Table Tent | truzzer\",\"isPartOf\":{\"@id\":\"https:\/\/www.truzzer.com\/es\/#website\"},\"primaryImageOfPage\":{\"@id\":\"https:\/\/www.truzzer.com\/es\/producto\/revisanos-en-google-table-tent\/#primaryimage\"},\"image\":{\"@id\":\"https:\/\/www.truzzer.com\/es\/producto\/revisanos-en-google-table-tent\/#primaryimage\"},\"thumbnailUrl\":\"https:\/\/www.truzzer.com\/wp-content\/uploads\/2026\/02\/review-us-on-google-table-tent-qr-code-truzzer-5-von-11-2-1.jpg\",\"datePublished\":\"2026-02-01T20:09:17+00:00\",\"dateModified\":\"2026-02-13T10:00:16+00:00\",\"description\":\"M\u00e1s rese\u00f1as de 5 estrellas en Google con Review us on Google Table Tent de truzzer. F\u00e1cil configuraci\u00f3n, listo para usar. \u00a1Pide ahora!\",\"breadcrumb\":{\"@id\":\"https:\/\/www.truzzer.com\/es\/producto\/revisanos-en-google-table-tent\/#breadcrumb\"},\"inLanguage\":\"es\",\"potentialAction\":[{\"@type\":\"ReadAction\",\"target\":[\"https:\/\/www.truzzer.com\/es\/producto\/revisanos-en-google-table-tent\/\"]}]},{\"@type\":\"ImageObject\",\"inLanguage\":\"es\",\"@id\":\"https:\/\/www.truzzer.com\/es\/producto\/revisanos-en-google-table-tent\/#primaryimage\",\"url\":\"https:\/\/www.truzzer.com\/wp-content\/uploads\/2026\/02\/review-us-on-google-table-tent-qr-code-truzzer-5-von-11-2-1.jpg\",\"contentUrl\":\"https:\/\/www.truzzer.com\/wp-content\/uploads\/2026\/02\/review-us-on-google-table-tent-qr-code-truzzer-5-von-11-2-1.jpg\",\"width\":1400,\"height\":1400},{\"@type\":\"BreadcrumbList\",\"@id\":\"https:\/\/www.truzzer.com\/es\/producto\/revisanos-en-google-table-tent\/#breadcrumb\",\"itemListElement\":[{\"@type\":\"ListItem\",\"position\":1,\"name\":\"Home\",\"item\":\"https:\/\/www.truzzer.com\/es\/\"},{\"@type\":\"ListItem\",\"position\":2,\"name\":\"Tienda\",\"item\":\"https:\/\/www.truzzer.com\/es\/tienda\/\"},{\"@type\":\"ListItem\",\"position\":3,\"name\":\"Rev\u00edsanos en Google Table Tent\"}]},{\"@type\":\"WebSite\",\"@id\":\"https:\/\/www.truzzer.com\/es\/#website\",\"url\":\"https:\/\/www.truzzer.com\/es\/\",\"name\":\"truzzer\",\"description\":\"Experts for customer trust\",\"publisher\":{\"@id\":\"https:\/\/www.truzzer.com\/es\/#organization\"},\"potentialAction\":[{\"@type\":\"SearchAction\",\"target\":{\"@type\":\"EntryPoint\",\"urlTemplate\":\"https:\/\/www.truzzer.com\/es\/?s={search_term_string}\"},\"query-input\":{\"@type\":\"PropertyValueSpecification\",\"valueRequired\":true,\"valueName\":\"search_term_string\"}}],\"inLanguage\":\"es\"},{\"@type\":\"Organization\",\"@id\":\"https:\/\/www.truzzer.com\/es\/#organization\",\"name\":\"truzzer\",\"url\":\"https:\/\/www.truzzer.com\/es\/\",\"logo\":{\"@type\":\"ImageObject\",\"inLanguage\":\"es\",\"@id\":\"https:\/\/www.truzzer.com\/es\/#\/schema\/logo\/image\/\",\"url\":\"https:\/\/truzzer.com\/wp-content\/uploads\/2026\/01\/truzzer-logo-black-1.svg\",\"contentUrl\":\"https:\/\/truzzer.com\/wp-content\/uploads\/2026\/01\/truzzer-logo-black-1.svg\",\"width\":938,\"height\":199,\"caption\":\"truzzer\"},\"image\":{\"@id\":\"https:\/\/www.truzzer.com\/es\/#\/schema\/logo\/image\/\"}}]}<\/script>\n<!-- \/ Yoast SEO plugin. -->","yoast_head_json":{"title":"Review us on Google Table Tent | truzzer","description":"M\u00e1s rese\u00f1as de 5 estrellas en Google con Review us on Google Table Tent de truzzer. F\u00e1cil configuraci\u00f3n, listo para usar. \u00a1Pide ahora!","robots":{"index":"index","follow":"follow","max-snippet":"max-snippet:-1","max-image-preview":"max-image-preview:large","max-video-preview":"max-video-preview:-1"},"canonical":"https:\/\/www.truzzer.com\/es\/producto\/revisanos-en-google-table-tent\/","og_locale":"es_ES","og_type":"article","og_title":"Review us on Google Table Tent | truzzer","og_description":"M\u00e1s rese\u00f1as de 5 estrellas en Google con Review us on Google Table Tent de truzzer. F\u00e1cil configuraci\u00f3n, listo para usar. \u00a1Pide ahora!","og_url":"https:\/\/www.truzzer.com\/es\/producto\/revisanos-en-google-table-tent\/","og_site_name":"truzzer","article_modified_time":"2026-02-13T10:00:16+00:00","og_image":[{"width":1400,"height":1400,"url":"https:\/\/www.truzzer.com\/wp-content\/uploads\/2026\/02\/review-us-on-google-table-tent-qr-code-truzzer-5-von-11-2-1.jpg","type":"image\/jpeg"}],"twitter_card":"summary_large_image","twitter_misc":{"Tiempo de lectura":"2 minutos"},"schema":{"@context":"https:\/\/schema.org","@graph":[{"@type":"WebPage","@id":"https:\/\/www.truzzer.com\/es\/producto\/revisanos-en-google-table-tent\/","url":"https:\/\/www.truzzer.com\/es\/producto\/revisanos-en-google-table-tent\/","name":"Review us on Google Table Tent | truzzer","isPartOf":{"@id":"https:\/\/www.truzzer.com\/es\/#website"},"primaryImageOfPage":{"@id":"https:\/\/www.truzzer.com\/es\/producto\/revisanos-en-google-table-tent\/#primaryimage"},"image":{"@id":"https:\/\/www.truzzer.com\/es\/producto\/revisanos-en-google-table-tent\/#primaryimage"},"thumbnailUrl":"https:\/\/www.truzzer.com\/wp-content\/uploads\/2026\/02\/review-us-on-google-table-tent-qr-code-truzzer-5-von-11-2-1.jpg","datePublished":"2026-02-01T20:09:17+00:00","dateModified":"2026-02-13T10:00:16+00:00","description":"M\u00e1s rese\u00f1as de 5 estrellas en Google con Review us on Google Table Tent de truzzer. F\u00e1cil configuraci\u00f3n, listo para usar. \u00a1Pide ahora!","breadcrumb":{"@id":"https:\/\/www.truzzer.com\/es\/producto\/revisanos-en-google-table-tent\/#breadcrumb"},"inLanguage":"es","potentialAction":[{"@type":"ReadAction","target":["https:\/\/www.truzzer.com\/es\/producto\/revisanos-en-google-table-tent\/"]}]},{"@type":"ImageObject","inLanguage":"es","@id":"https:\/\/www.truzzer.com\/es\/producto\/revisanos-en-google-table-tent\/#primaryimage","url":"https:\/\/www.truzzer.com\/wp-content\/uploads\/2026\/02\/review-us-on-google-table-tent-qr-code-truzzer-5-von-11-2-1.jpg","contentUrl":"https:\/\/www.truzzer.com\/wp-content\/uploads\/2026\/02\/review-us-on-google-table-tent-qr-code-truzzer-5-von-11-2-1.jpg","width":1400,"height":1400},{"@type":"BreadcrumbList","@id":"https:\/\/www.truzzer.com\/es\/producto\/revisanos-en-google-table-tent\/#breadcrumb","itemListElement":[{"@type":"ListItem","position":1,"name":"Home","item":"https:\/\/www.truzzer.com\/es\/"},{"@type":"ListItem","position":2,"name":"Tienda","item":"https:\/\/www.truzzer.com\/es\/tienda\/"},{"@type":"ListItem","position":3,"name":"Rev\u00edsanos en Google Table Tent"}]},{"@type":"WebSite","@id":"https:\/\/www.truzzer.com\/es\/#website","url":"https:\/\/www.truzzer.com\/es\/","name":"truzzer","description":"Experts for customer trust","publisher":{"@id":"https:\/\/www.truzzer.com\/es\/#organization"},"potentialAction":[{"@type":"SearchAction","target":{"@type":"EntryPoint","urlTemplate":"https:\/\/www.truzzer.com\/es\/?s={search_term_string}"},"query-input":{"@type":"PropertyValueSpecification","valueRequired":true,"valueName":"search_term_string"}}],"inLanguage":"es"},{"@type":"Organization","@id":"https:\/\/www.truzzer.com\/es\/#organization","name":"truzzer","url":"https:\/\/www.truzzer.com\/es\/","logo":{"@type":"ImageObject","inLanguage":"es","@id":"https:\/\/www.truzzer.com\/es\/#\/schema\/logo\/image\/","url":"https:\/\/truzzer.com\/wp-content\/uploads\/2026\/01\/truzzer-logo-black-1.svg","contentUrl":"https:\/\/truzzer.com\/wp-content\/uploads\/2026\/01\/truzzer-logo-black-1.svg","width":938,"height":199,"caption":"truzzer"},"image":{"@id":"https:\/\/www.truzzer.com\/es\/#\/schema\/logo\/image\/"}}]}},"tiered_pricing_type":"fixed","tiered_pricing_fixed_rules":[],"tiered_pricing_product_settings":{"layout":"default","base_unit_name":{"singular":null,"plural":null},"default_variation":null},"tiered_pricing_minimum_quantity":null,"tiered_pricing_roles_data":[],"tiered_pricing_percentage_rules":[],"tiered_pricing_maximum_quantity":null,"tiered_pricing_quantity_step":null,"_links":{"self":[{"href":"https:\/\/www.truzzer.com\/es\/wp-json\/wp\/v2\/product\/93627","targetHints":{"allow":["GET"]}}],"collection":[{"href":"https:\/\/www.truzzer.com\/es\/wp-json\/wp\/v2\/product"}],"about":[{"href":"https:\/\/www.truzzer.com\/es\/wp-json\/wp\/v2\/types\/product"}],"replies":[{"embeddable":true,"href":"https:\/\/www.truzzer.com\/es\/wp-json\/wp\/v2\/comments?post=93627"}],"wp:featuredmedia":[{"embeddable":true,"href":"https:\/\/www.truzzer.com\/es\/wp-json\/wp\/v2\/media\/93628"}],"wp:attachment":[{"href":"https:\/\/www.truzzer.com\/es\/wp-json\/wp\/v2\/media?parent=93627"}],"wp:term":[{"taxonomy":"product_brand","embeddable":true,"href":"https:\/\/www.truzzer.com\/es\/wp-json\/wp\/v2\/product_brand?post=93627"},{"taxonomy":"product_cat","embeddable":true,"href":"https:\/\/www.truzzer.com\/es\/wp-json\/wp\/v2\/product_cat?post=93627"},{"taxonomy":"product_tag","embeddable":true,"href":"https:\/\/www.truzzer.com\/es\/wp-json\/wp\/v2\/product_tag?post=93627"}],"curies":[{"name":"wp","href":"https:\/\/api.w.org\/{rel}","templated":true}]}}