{"id":93656,"date":"2026-02-01T20:09:09","date_gmt":"2026-02-01T20:09:09","guid":{"rendered":"https:\/\/beta.truzzer.com\/product\/tripadvisor-review-cards\/"},"modified":"2026-02-13T10:01:30","modified_gmt":"2026-02-13T10:01:30","slug":"tripadvisor-review-cards","status":"publish","type":"product","link":"https:\/\/www.truzzer.com\/es\/producto\/tripadvisor-review-cards\/","title":{"rendered":"Tarjetas de revisi\u00f3n Tripadvisor"},"content":{"rendered":"<h2>Obtenga f\u00e1cilmente m\u00e1s rese\u00f1as Tripadvisor de los hu\u00e9spedes<\/h2>\n<p>Con las <strong>tarjetas de calificaci\u00f3n truzzer Tripadvisor<\/strong>, podr\u00e1s recibir calificaciones positivas de tus clientes satisfechos m\u00e1s r\u00e1pidamente y mejorar tu imagen y reputaci\u00f3n.<br \/>\nAdem\u00e1s, aumentas el v\u00ednculo con tu hotel a trav\u00e9s de las valoraciones positivas.<\/p>\n<p>En el pr\u00e1ctico y al mismo tiempo llamativo formato de postal DIN A6, podr\u00e1 hacer tangible la valoraci\u00f3n online del Tripadvisor para sus invitados.<br \/>\nEntregue las tarjetas de evaluaci\u00f3n a la cuenta, col\u00f3quelas en las mesas de las habitaciones o del restaurante. <strong>Listo<\/strong>.<\/p>\n<p>El c\u00f3digo QR lleva a los clientes directamente a su revisi\u00f3n de Tripadvisor SIN tener que buscarlo primero en Google. As\u00ed evitas rebotes en la calificaci\u00f3n Tripadvisor.<\/p>\n<p>Puedes personalizar f\u00e1cilmente las tarjetas de revisi\u00f3n Tripadvisor con tu logo y adaptarlas a tu empresa.<\/p>\n<h2>M\u00e1s informaci\u00f3n<\/h2>\n<p>La industria hotelera es un mercado competitivo y en constante evoluci\u00f3n. Para diferenciarse de la competencia, los hoteles y restaurantes deben encontrar formas de interactuar con sus clientes y brindarles una experiencia excepcional. Una forma de hacerlo es utilizando las tarjetas de c\u00f3digos de revisi\u00f3n Truzzer TripAdvisor QR.<\/p>\n<p>Truzzer TripAdvisor rese\u00f1a Las tarjetas de c\u00f3digos QR son una herramienta de marketing innovadora que permite a los clientes dejar f\u00e1cilmente una rese\u00f1a de su experiencia. Estas tarjetas contienen un c\u00f3digo QR que, cuando se escanea, lleva al cliente directamente a la p\u00e1gina TripAdvisor del hotel o restaurante. Desde all\u00ed, el cliente puede dejar una rese\u00f1a y brindar comentarios valiosos sobre su experiencia.<\/p>\n<p>Entonces, \u00bfc\u00f3mo pueden las tarjetas de c\u00f3digos Truzzer TripAdvisor revisar QR aumentar el \u00e9xito general de hoteles y restaurantes? Para empezar, las rese\u00f1as son una parte importante del proceso de toma de decisiones para muchos clientes. De hecho, una encuesta reciente encontr\u00f3 que el 97% de los consumidores leen rese\u00f1as en l\u00ednea antes de tomar una decisi\u00f3n de compra. Al facilitar que los clientes dejen una rese\u00f1a, los hoteles y restaurantes pueden aumentar su presencia en l\u00ednea y generar confianza con los clientes potenciales.<\/p>\n<p>Adem\u00e1s, las rese\u00f1as pueden tener un impacto directo en la clasificaci\u00f3n de una empresa en los motores de b\u00fasqueda. TripAdvisor es un sitio de rese\u00f1as popular y los motores de b\u00fasqueda como Google tienen en cuenta la cantidad y la calidad de las rese\u00f1as que tiene una empresa al determinar su clasificaci\u00f3n en los motores de b\u00fasqueda. Al alentar a los clientes a dejar rese\u00f1as mediante el uso de tarjetas de c\u00f3digos de rese\u00f1as Truzzer TripAdvisor QR, los hoteles y restaurantes pueden mejorar su visibilidad en l\u00ednea y atraer a m\u00e1s clientes.<\/p>\n<p>Truzzer TripAdvisor rese\u00f1a Las tarjetas de c\u00f3digo QR tambi\u00e9n brindan a hoteles y restaurantes comentarios valiosos sobre sus servicios. Al monitorear las revisiones, las empresas pueden identificar \u00e1reas en las que sobresalen y \u00e1reas en las que necesitan mejorar. Estos comentarios se pueden utilizar para realizar los cambios necesarios y brindar una experiencia a\u00fan mejor a los clientes en el futuro.<\/p>\n<p>Finalmente, las tarjetas de c\u00f3digos Truzzer TripAdvisor review QR son una herramienta de marketing rentable. Son f\u00e1ciles de distribuir y se pueden colocar en lugares estrat\u00e9gicos como habitaciones de hotel o mesas de restaurantes. Al alentar a los clientes a dejar una rese\u00f1a, los hoteles y restaurantes pueden aumentar su presencia en l\u00ednea sin gastar mucho dinero en m\u00e9todos de marketing tradicionales.<\/p>\n<p>En conclusi\u00f3n, las tarjetas de c\u00f3digos Truzzer TripAdvisor rese\u00f1a QR son una herramienta valiosa para hoteles y restaurantes que buscan aumentar su \u00e9xito general. Al facilitar que los clientes dejen una rese\u00f1a, las empresas pueden mejorar su presencia en l\u00ednea, atraer m\u00e1s clientes y brindar una mejor experiencia a sus invitados. Por lo tanto, si est\u00e1 buscando una manera de adelantarse a la competencia, considere utilizar tarjetas de c\u00f3digos Truzzer TripAdvisor de revisi\u00f3n QR en su estrategia de marketing.<\/p>\n<p><strong>Nota<\/strong>:<br \/>\nTenga en cuenta que necesita su propio perfil Tripadvisor para ser calificado.<\/p>\n","protected":false},"excerpt":{"rendered":"<p>Facilite a sus hu\u00e9spedes opinar sobre usted en Tripadvisor con las tarjetas de rese\u00f1as Tripadvisor en un dise\u00f1o reducido y atractivo que se puede integrar en cualquier hotel.<br \/>\n\u00a1Vincularemos el c\u00f3digo QR a su perfil Tripadvisor por usted!<\/p>\n","protected":false},"featured_media":93657,"comment_status":"open","ping_status":"closed","template":"","meta":{"_acf_changed":false,"_yoast_wpseo_focuskw":"Rese\u00f1a TripAdvisor Tarjeta de visita","_yoast_wpseo_title":"Tripadvisor Review Cards | truzzer","_yoast_wpseo_metadesc":"Refuerza tu reputaci\u00f3n en TripAdvisor con Tripadvisor Review Cards de truzzer. F\u00e1cil configuraci\u00f3n, listo para usar. \u00a1Pide ahora!"},"product_brand":[1691],"product_cat":[531,794,1066],"product_tag":[],"class_list":{"0":"post-93656","1":"product","2":"type-product","3":"status-publish","4":"has-post-thumbnail","6":"product_brand-tripadvisor","7":"product_cat-codigo-qr-productos","8":"product_cat-codigo-qr-tarjetas","9":"product_cat-resenas-de-tripadvisor-tarjetas-de-resena-con-codigo-qr","10":"pa_industry-autodealer","11":"pa_industry-detailhandel","12":"pa_industry-schoonheidssalon","13":"pa_material-carton","14":"pa_placement-bon","15":"pa_placement-folleto","16":"pa_placement-verpakking","17":"pa_product-type-karten","18":"pa_shape-rechthoek","19":"pa_technology-codigo-qr","20":"pa_technology-qr-code","22":"first","23":"instock","24":"taxable","25":"shipping-taxable","26":"purchasable","27":"product-type-simple"},"acf":[],"yoast_head":"<!-- This site is optimized with the Yoast SEO plugin v27.0 - https:\/\/yoast.com\/product\/yoast-seo-wordpress\/ -->\n<title>Tripadvisor Review Cards | truzzer<\/title>\n<meta name=\"description\" content=\"Refuerza tu reputaci\u00f3n en TripAdvisor con Tripadvisor Review Cards de truzzer. F\u00e1cil configuraci\u00f3n, listo para usar. \u00a1Pide ahora!\" \/>\n<meta name=\"robots\" content=\"index, follow, max-snippet:-1, max-image-preview:large, max-video-preview:-1\" \/>\n<link rel=\"canonical\" href=\"https:\/\/www.truzzer.com\/es\/producto\/tripadvisor-review-cards\/\" \/>\n<meta property=\"og:locale\" content=\"es_ES\" \/>\n<meta property=\"og:type\" content=\"article\" \/>\n<meta property=\"og:title\" content=\"Tripadvisor Review Cards | truzzer\" \/>\n<meta property=\"og:description\" content=\"Refuerza tu reputaci\u00f3n en TripAdvisor con Tripadvisor Review Cards de truzzer. F\u00e1cil configuraci\u00f3n, listo para usar. \u00a1Pide ahora!\" \/>\n<meta property=\"og:url\" content=\"https:\/\/www.truzzer.com\/es\/producto\/tripadvisor-review-cards\/\" \/>\n<meta property=\"og:site_name\" content=\"truzzer\" \/>\n<meta property=\"article:modified_time\" content=\"2026-02-13T10:01:30+00:00\" \/>\n<meta property=\"og:image\" content=\"https:\/\/www.truzzer.com\/wp-content\/uploads\/2026\/02\/review-us-on-tripadvisor-card-with-qr-code-full-front-2.jpg\" \/>\n\t<meta property=\"og:image:width\" content=\"1400\" \/>\n\t<meta property=\"og:image:height\" content=\"1400\" \/>\n\t<meta property=\"og:image:type\" content=\"image\/jpeg\" \/>\n<meta name=\"twitter:card\" content=\"summary_large_image\" \/>\n<meta name=\"twitter:label1\" content=\"Tiempo de lectura\" \/>\n\t<meta name=\"twitter:data1\" content=\"4 minutos\" \/>\n<script type=\"application\/ld+json\" class=\"yoast-schema-graph\">{\"@context\":\"https:\/\/schema.org\",\"@graph\":[{\"@type\":\"WebPage\",\"@id\":\"https:\/\/www.truzzer.com\/es\/producto\/tripadvisor-review-cards\/\",\"url\":\"https:\/\/www.truzzer.com\/es\/producto\/tripadvisor-review-cards\/\",\"name\":\"Tripadvisor Review Cards | truzzer\",\"isPartOf\":{\"@id\":\"https:\/\/www.truzzer.com\/es\/#website\"},\"primaryImageOfPage\":{\"@id\":\"https:\/\/www.truzzer.com\/es\/producto\/tripadvisor-review-cards\/#primaryimage\"},\"image\":{\"@id\":\"https:\/\/www.truzzer.com\/es\/producto\/tripadvisor-review-cards\/#primaryimage\"},\"thumbnailUrl\":\"https:\/\/www.truzzer.com\/wp-content\/uploads\/2026\/02\/review-us-on-tripadvisor-card-with-qr-code-full-front-2.jpg\",\"datePublished\":\"2026-02-01T20:09:09+00:00\",\"dateModified\":\"2026-02-13T10:01:30+00:00\",\"description\":\"Refuerza tu reputaci\u00f3n en TripAdvisor con Tripadvisor Review Cards de truzzer. F\u00e1cil configuraci\u00f3n, listo para usar. \u00a1Pide ahora!\",\"breadcrumb\":{\"@id\":\"https:\/\/www.truzzer.com\/es\/producto\/tripadvisor-review-cards\/#breadcrumb\"},\"inLanguage\":\"es\",\"potentialAction\":[{\"@type\":\"ReadAction\",\"target\":[\"https:\/\/www.truzzer.com\/es\/producto\/tripadvisor-review-cards\/\"]}]},{\"@type\":\"ImageObject\",\"inLanguage\":\"es\",\"@id\":\"https:\/\/www.truzzer.com\/es\/producto\/tripadvisor-review-cards\/#primaryimage\",\"url\":\"https:\/\/www.truzzer.com\/wp-content\/uploads\/2026\/02\/review-us-on-tripadvisor-card-with-qr-code-full-front-2.jpg\",\"contentUrl\":\"https:\/\/www.truzzer.com\/wp-content\/uploads\/2026\/02\/review-us-on-tripadvisor-card-with-qr-code-full-front-2.jpg\",\"width\":1400,\"height\":1400},{\"@type\":\"BreadcrumbList\",\"@id\":\"https:\/\/www.truzzer.com\/es\/producto\/tripadvisor-review-cards\/#breadcrumb\",\"itemListElement\":[{\"@type\":\"ListItem\",\"position\":1,\"name\":\"Home\",\"item\":\"https:\/\/www.truzzer.com\/es\/\"},{\"@type\":\"ListItem\",\"position\":2,\"name\":\"Tienda\",\"item\":\"https:\/\/www.truzzer.com\/es\/tienda\/\"},{\"@type\":\"ListItem\",\"position\":3,\"name\":\"Tarjetas de revisi\u00f3n Tripadvisor\"}]},{\"@type\":\"WebSite\",\"@id\":\"https:\/\/www.truzzer.com\/es\/#website\",\"url\":\"https:\/\/www.truzzer.com\/es\/\",\"name\":\"truzzer\",\"description\":\"Experts for customer trust\",\"publisher\":{\"@id\":\"https:\/\/www.truzzer.com\/es\/#organization\"},\"potentialAction\":[{\"@type\":\"SearchAction\",\"target\":{\"@type\":\"EntryPoint\",\"urlTemplate\":\"https:\/\/www.truzzer.com\/es\/?s={search_term_string}\"},\"query-input\":{\"@type\":\"PropertyValueSpecification\",\"valueRequired\":true,\"valueName\":\"search_term_string\"}}],\"inLanguage\":\"es\"},{\"@type\":\"Organization\",\"@id\":\"https:\/\/www.truzzer.com\/es\/#organization\",\"name\":\"truzzer\",\"url\":\"https:\/\/www.truzzer.com\/es\/\",\"logo\":{\"@type\":\"ImageObject\",\"inLanguage\":\"es\",\"@id\":\"https:\/\/www.truzzer.com\/es\/#\/schema\/logo\/image\/\",\"url\":\"https:\/\/truzzer.com\/wp-content\/uploads\/2026\/01\/truzzer-logo-black-1.svg\",\"contentUrl\":\"https:\/\/truzzer.com\/wp-content\/uploads\/2026\/01\/truzzer-logo-black-1.svg\",\"width\":938,\"height\":199,\"caption\":\"truzzer\"},\"image\":{\"@id\":\"https:\/\/www.truzzer.com\/es\/#\/schema\/logo\/image\/\"}}]}<\/script>\n<!-- \/ Yoast SEO plugin. -->","yoast_head_json":{"title":"Tripadvisor Review Cards | truzzer","description":"Refuerza tu reputaci\u00f3n en TripAdvisor con Tripadvisor Review Cards de truzzer. F\u00e1cil configuraci\u00f3n, listo para usar. \u00a1Pide ahora!","robots":{"index":"index","follow":"follow","max-snippet":"max-snippet:-1","max-image-preview":"max-image-preview:large","max-video-preview":"max-video-preview:-1"},"canonical":"https:\/\/www.truzzer.com\/es\/producto\/tripadvisor-review-cards\/","og_locale":"es_ES","og_type":"article","og_title":"Tripadvisor Review Cards | truzzer","og_description":"Refuerza tu reputaci\u00f3n en TripAdvisor con Tripadvisor Review Cards de truzzer. F\u00e1cil configuraci\u00f3n, listo para usar. \u00a1Pide ahora!","og_url":"https:\/\/www.truzzer.com\/es\/producto\/tripadvisor-review-cards\/","og_site_name":"truzzer","article_modified_time":"2026-02-13T10:01:30+00:00","og_image":[{"width":1400,"height":1400,"url":"https:\/\/www.truzzer.com\/wp-content\/uploads\/2026\/02\/review-us-on-tripadvisor-card-with-qr-code-full-front-2.jpg","type":"image\/jpeg"}],"twitter_card":"summary_large_image","twitter_misc":{"Tiempo de lectura":"4 minutos"},"schema":{"@context":"https:\/\/schema.org","@graph":[{"@type":"WebPage","@id":"https:\/\/www.truzzer.com\/es\/producto\/tripadvisor-review-cards\/","url":"https:\/\/www.truzzer.com\/es\/producto\/tripadvisor-review-cards\/","name":"Tripadvisor Review Cards | truzzer","isPartOf":{"@id":"https:\/\/www.truzzer.com\/es\/#website"},"primaryImageOfPage":{"@id":"https:\/\/www.truzzer.com\/es\/producto\/tripadvisor-review-cards\/#primaryimage"},"image":{"@id":"https:\/\/www.truzzer.com\/es\/producto\/tripadvisor-review-cards\/#primaryimage"},"thumbnailUrl":"https:\/\/www.truzzer.com\/wp-content\/uploads\/2026\/02\/review-us-on-tripadvisor-card-with-qr-code-full-front-2.jpg","datePublished":"2026-02-01T20:09:09+00:00","dateModified":"2026-02-13T10:01:30+00:00","description":"Refuerza tu reputaci\u00f3n en TripAdvisor con Tripadvisor Review Cards de truzzer. F\u00e1cil configuraci\u00f3n, listo para usar. \u00a1Pide ahora!","breadcrumb":{"@id":"https:\/\/www.truzzer.com\/es\/producto\/tripadvisor-review-cards\/#breadcrumb"},"inLanguage":"es","potentialAction":[{"@type":"ReadAction","target":["https:\/\/www.truzzer.com\/es\/producto\/tripadvisor-review-cards\/"]}]},{"@type":"ImageObject","inLanguage":"es","@id":"https:\/\/www.truzzer.com\/es\/producto\/tripadvisor-review-cards\/#primaryimage","url":"https:\/\/www.truzzer.com\/wp-content\/uploads\/2026\/02\/review-us-on-tripadvisor-card-with-qr-code-full-front-2.jpg","contentUrl":"https:\/\/www.truzzer.com\/wp-content\/uploads\/2026\/02\/review-us-on-tripadvisor-card-with-qr-code-full-front-2.jpg","width":1400,"height":1400},{"@type":"BreadcrumbList","@id":"https:\/\/www.truzzer.com\/es\/producto\/tripadvisor-review-cards\/#breadcrumb","itemListElement":[{"@type":"ListItem","position":1,"name":"Home","item":"https:\/\/www.truzzer.com\/es\/"},{"@type":"ListItem","position":2,"name":"Tienda","item":"https:\/\/www.truzzer.com\/es\/tienda\/"},{"@type":"ListItem","position":3,"name":"Tarjetas de revisi\u00f3n Tripadvisor"}]},{"@type":"WebSite","@id":"https:\/\/www.truzzer.com\/es\/#website","url":"https:\/\/www.truzzer.com\/es\/","name":"truzzer","description":"Experts for customer trust","publisher":{"@id":"https:\/\/www.truzzer.com\/es\/#organization"},"potentialAction":[{"@type":"SearchAction","target":{"@type":"EntryPoint","urlTemplate":"https:\/\/www.truzzer.com\/es\/?s={search_term_string}"},"query-input":{"@type":"PropertyValueSpecification","valueRequired":true,"valueName":"search_term_string"}}],"inLanguage":"es"},{"@type":"Organization","@id":"https:\/\/www.truzzer.com\/es\/#organization","name":"truzzer","url":"https:\/\/www.truzzer.com\/es\/","logo":{"@type":"ImageObject","inLanguage":"es","@id":"https:\/\/www.truzzer.com\/es\/#\/schema\/logo\/image\/","url":"https:\/\/truzzer.com\/wp-content\/uploads\/2026\/01\/truzzer-logo-black-1.svg","contentUrl":"https:\/\/truzzer.com\/wp-content\/uploads\/2026\/01\/truzzer-logo-black-1.svg","width":938,"height":199,"caption":"truzzer"},"image":{"@id":"https:\/\/www.truzzer.com\/es\/#\/schema\/logo\/image\/"}}]}},"tiered_pricing_type":"fixed","tiered_pricing_fixed_rules":[],"tiered_pricing_product_settings":{"layout":"default","base_unit_name":{"singular":null,"plural":null},"default_variation":null},"tiered_pricing_minimum_quantity":null,"tiered_pricing_roles_data":[],"tiered_pricing_percentage_rules":[],"tiered_pricing_maximum_quantity":null,"tiered_pricing_quantity_step":null,"_links":{"self":[{"href":"https:\/\/www.truzzer.com\/es\/wp-json\/wp\/v2\/product\/93656","targetHints":{"allow":["GET"]}}],"collection":[{"href":"https:\/\/www.truzzer.com\/es\/wp-json\/wp\/v2\/product"}],"about":[{"href":"https:\/\/www.truzzer.com\/es\/wp-json\/wp\/v2\/types\/product"}],"replies":[{"embeddable":true,"href":"https:\/\/www.truzzer.com\/es\/wp-json\/wp\/v2\/comments?post=93656"}],"wp:featuredmedia":[{"embeddable":true,"href":"https:\/\/www.truzzer.com\/es\/wp-json\/wp\/v2\/media\/93657"}],"wp:attachment":[{"href":"https:\/\/www.truzzer.com\/es\/wp-json\/wp\/v2\/media?parent=93656"}],"wp:term":[{"taxonomy":"product_brand","embeddable":true,"href":"https:\/\/www.truzzer.com\/es\/wp-json\/wp\/v2\/product_brand?post=93656"},{"taxonomy":"product_cat","embeddable":true,"href":"https:\/\/www.truzzer.com\/es\/wp-json\/wp\/v2\/product_cat?post=93656"},{"taxonomy":"product_tag","embeddable":true,"href":"https:\/\/www.truzzer.com\/es\/wp-json\/wp\/v2\/product_tag?post=93656"}],"curies":[{"name":"wp","href":"https:\/\/api.w.org\/{rel}","templated":true}]}}