{"id":93847,"date":"2026-02-01T20:08:22","date_gmt":"2026-02-01T20:08:22","guid":{"rendered":"https:\/\/beta.truzzer.com\/product\/google-review-business-card-icon-with-google-review-qr-code\/"},"modified":"2026-02-13T08:02:56","modified_gmt":"2026-02-13T08:02:56","slug":"google-review-business-card-icon-with-google-review-qr-code","status":"publish","type":"product","link":"https:\/\/www.truzzer.com\/es\/producto\/google-review-business-card-icon-with-google-review-qr-code\/","title":{"rendered":"Google Revisar icono de tarjeta de presentaci\u00f3n con Google Revisar c\u00f3digo QR"},"content":{"rendered":"<h2>Simplemente obtenga m\u00e1s rese\u00f1as de Google de los clientes<\/h2>\n<p>Con las tarjetas de visita truzzer Google con el c\u00f3digo QR de revisi\u00f3n de Google, puede obtener cr\u00edticas positivas de sus clientes satisfechos m\u00e1s r\u00e1pidamente y mejorar su reputaci\u00f3n.<br \/>\nAdem\u00e1s, aumentas el v\u00ednculo con tu empresa y tu ranking SEO a trav\u00e9s de las valoraciones positivas.<\/p>\n<p>En el pr\u00e1ctico formato de tarjeta de presentaci\u00f3n, siempre tendr\u00e1 la oportunidad de tener a mano m\u00e1s rese\u00f1as de Google y hacer que sus clientes puedan acceder a la rese\u00f1a en l\u00ednea a trav\u00e9s de Google en cualquier momento.<br \/>\nRegala a tus clientes las tarjetas de visita truzzer Google, m\u00e9telas en la bolsa de la compra, env\u00edalas junto con tus productos o ponlas en las mesas del restaurante. Terminado.<\/p>\n<p>El c\u00f3digo QR lleva a los clientes directamente a su rese\u00f1a de Google SIN tener que buscarlo primero en Google. As\u00ed evitas saltos en el proceso de revisi\u00f3n de Google.<\/p>\n<p>Puedes personalizar f\u00e1cilmente las Tarjetas de Visita Google con tu logotipo y adaptarlas a tu empresa.<br \/>\nLos productos Opina sobre Google son f\u00e1ciles de usar y nos gustar\u00eda mostrarte a continuaci\u00f3n usando el ejemplo de las pegatinas de rese\u00f1a.<\/p>\n<\/p>\n<h3>Paso 1: El cliente escanea el c\u00f3digo QR<\/h3>\n<p>Para seguirte, el cliente s\u00f3lo tiene que escanear el c\u00f3digo QR. Todo lo que tienes que hacer es sostener la c\u00e1mara del tel\u00e9fono inteligente (no se necesita ninguna aplicaci\u00f3n de esc\u00e1ner adicional) sobre el producto.<\/p>\n<p><img decoding=\"async\" src=\"https:\/\/www.truzzer.com\/wp-content\/uploads\/2026\/02\/how-to-use-the-product-truzzer-google.jpg.webp\" height=\"933\" width=\"1400\" class=\"alignnone wp-image-22402 size-full\" alt=\"Hand scanning a QR code for Google reviews on a smartphone.\"  > <\/p>\n<p>Luego aparecer\u00e1 una ventana emergente en la pantalla (iPhone) o aparecer\u00e1 un c\u00f3digo QR (tel\u00e9fonos inteligentes Android\/Google).<\/p>\n<h3>Paso 2: El cliente va directamente al formulario de revisi\u00f3n Google<\/h3>\n<p>El formulario de rese\u00f1a se abrir\u00e1 en el navegador del tel\u00e9fono inteligente y el cliente podr\u00e1 rese\u00f1arlo directamente.<\/p>\n<p>Aviso:<br \/>\nTenga en cuenta que se requiere un perfil Google My Business para obtener rese\u00f1as Google.<\/p><\/p>\n","protected":false},"excerpt":{"rendered":"<p><strong>\u00a1Haz que tus clientes puedan opinar sobre ti en Google f\u00e1cilmente!<\/strong><\/p>\n<p>Con las tarjetas de visita Google &#8220;Icon&#8221; con la revisi\u00f3n de Google QR C\u00f3digo en un dise\u00f1o reducido y atractivo, que se adapta a cualquier empresa, puede ganar f\u00e1cilmente nuevas revisiones Google en todas partes.<br \/>\nEn un pr\u00e1ctico formato de tarjeta de presentaci\u00f3n, el mensaje &#8220;Rev\u00edsenos en Google&#8221; Las tarjetas de visita son ideales para cualquiera que viaje mucho por trabajo. p.ej. para artesanos y vendedores.<\/p>\n<p><strong>As\u00ed te ayudan las tarjetas de visita de rese\u00f1as de Google<\/strong><\/p>\n<p>Las tarjetas de visita eliminan los mayores obst\u00e1culos de sus clientes en la revisi\u00f3n de Google:<\/p>\n<ul>\n<li>\u00a0Sin preguntas y respuestas desagradables. solicitudes, simplemente entr\u00e9guelo. La llamada a la acci\u00f3n lo hace por ti<\/li>\n<li>Las rese\u00f1as no se olvidar\u00e1n, porque los clientes recordar\u00e1n la rese\u00f1a Google.<\/li>\n<li>Sin b\u00fasquedas ni dificultades: el c\u00f3digo QR conduce directamente a su formulario de evaluaci\u00f3n<\/li>\n<li>Tangible: las tarjetas de presentaci\u00f3n hacen que la rese\u00f1a de Google sea tangible.<\/li>\n<li>Sin aplicaci\u00f3n adicional: el c\u00f3digo QR se puede escanear con la c\u00e1mara del tel\u00e9fono inteligente<\/li>\n<\/ul>\n<p>\u00a1Crearemos y vincularemos el c\u00f3digo QR para una evaluaci\u00f3n directa en su perfil Google! Tomamos esta informaci\u00f3n de la direcci\u00f3n de su empresa.<br \/>\nPuede encontrar m\u00e1s informaci\u00f3n sobre c\u00f3mo le ayudan las tarjetas aqu\u00ed: <a href=\"#tab-description\"><\/a><\/p>\n<p> e ingresa tus datos de contacto, que deber\u00edan aparecer en la tarjeta de presentaci\u00f3n.<\/p>\n<p>&nbsp;<\/p>\n","protected":false},"featured_media":93848,"comment_status":"open","ping_status":"closed","template":"","meta":{"_acf_changed":false,"_yoast_wpseo_focuskw":"Rese\u00f1a Google Tarjeta de visita","_yoast_wpseo_title":"Google Review Business Card Icon with Google Re... | truzzer","_yoast_wpseo_metadesc":"M\u00e1s rese\u00f1as Google con Google Review Business Card Icon with Google Review QR Code de truzzer. F\u00e1cil configuraci\u00f3n. \u00a1Pide ahora!"},"product_brand":[1654],"product_cat":[531,612,613,818],"product_tag":[],"class_list":{"0":"post-93847","1":"product","2":"type-product","3":"status-publish","4":"has-post-thumbnail","6":"product_brand-google","7":"product_cat-codigo-qr-productos","8":"product_cat-codigo-qr-tarjetas-de-visita","9":"product_cat-codigo-qr-tarjetas-de-visita-con-informacion-de-contacto","10":"product_cat-resena-de-google-tarjetas-de-visita-con-codigo-qr","11":"pa_industry-locales-diensten","12":"pa_industry-oficina-consultoria","13":"pa_industry-onroerend-goed","14":"pa_material-carton","15":"pa_placement-balie-receptie","16":"pa_placement-folleto","17":"pa_placement-portemonnee-personallijk","18":"pa_product-type-visitekaartjes","19":"pa_technology-codigo-qr","20":"pa_technology-qr-code","22":"first","23":"instock","24":"taxable","25":"shipping-taxable","26":"purchasable","27":"product-type-simple"},"acf":[],"yoast_head":"<!-- This site is optimized with the Yoast SEO plugin v27.0 - https:\/\/yoast.com\/product\/yoast-seo-wordpress\/ -->\n<title>Google Review Business Card Icon with Google Re... | truzzer<\/title>\n<meta name=\"description\" content=\"M\u00e1s rese\u00f1as Google con Google Review Business Card Icon with Google Review QR Code de truzzer. F\u00e1cil configuraci\u00f3n. \u00a1Pide ahora!\" \/>\n<meta name=\"robots\" content=\"index, follow, max-snippet:-1, max-image-preview:large, max-video-preview:-1\" \/>\n<link rel=\"canonical\" href=\"https:\/\/www.truzzer.com\/es\/producto\/google-review-business-card-icon-with-google-review-qr-code\/\" \/>\n<meta property=\"og:locale\" content=\"es_ES\" \/>\n<meta property=\"og:type\" content=\"article\" \/>\n<meta property=\"og:title\" content=\"Google Review Business Card Icon with Google Re... | truzzer\" \/>\n<meta property=\"og:description\" content=\"M\u00e1s rese\u00f1as Google con Google Review Business Card Icon with Google Review QR Code de truzzer. F\u00e1cil configuraci\u00f3n. \u00a1Pide ahora!\" \/>\n<meta property=\"og:url\" content=\"https:\/\/www.truzzer.com\/es\/producto\/google-review-business-card-icon-with-google-review-qr-code\/\" \/>\n<meta property=\"og:site_name\" content=\"truzzer\" \/>\n<meta property=\"article:modified_time\" content=\"2026-02-13T08:02:56+00:00\" \/>\n<meta property=\"og:image\" content=\"https:\/\/www.truzzer.com\/wp-content\/uploads\/2026\/02\/google-review-business-card-icon-with-qr-code-simple-truzzer.jpg\" \/>\n\t<meta property=\"og:image:width\" content=\"1400\" \/>\n\t<meta property=\"og:image:height\" content=\"1400\" \/>\n\t<meta property=\"og:image:type\" content=\"image\/jpeg\" \/>\n<meta name=\"twitter:card\" content=\"summary_large_image\" \/>\n<meta name=\"twitter:label1\" content=\"Tiempo de lectura\" \/>\n\t<meta name=\"twitter:data1\" content=\"2 minutos\" \/>\n<script type=\"application\/ld+json\" class=\"yoast-schema-graph\">{\"@context\":\"https:\/\/schema.org\",\"@graph\":[{\"@type\":\"WebPage\",\"@id\":\"https:\/\/www.truzzer.com\/es\/producto\/google-review-business-card-icon-with-google-review-qr-code\/\",\"url\":\"https:\/\/www.truzzer.com\/es\/producto\/google-review-business-card-icon-with-google-review-qr-code\/\",\"name\":\"Google Review Business Card Icon with Google Re... | truzzer\",\"isPartOf\":{\"@id\":\"https:\/\/www.truzzer.com\/es\/#website\"},\"primaryImageOfPage\":{\"@id\":\"https:\/\/www.truzzer.com\/es\/producto\/google-review-business-card-icon-with-google-review-qr-code\/#primaryimage\"},\"image\":{\"@id\":\"https:\/\/www.truzzer.com\/es\/producto\/google-review-business-card-icon-with-google-review-qr-code\/#primaryimage\"},\"thumbnailUrl\":\"https:\/\/www.truzzer.com\/wp-content\/uploads\/2026\/02\/google-review-business-card-icon-with-qr-code-simple-truzzer.jpg\",\"datePublished\":\"2026-02-01T20:08:22+00:00\",\"dateModified\":\"2026-02-13T08:02:56+00:00\",\"description\":\"M\u00e1s rese\u00f1as Google con Google Review Business Card Icon with Google Review QR Code de truzzer. F\u00e1cil configuraci\u00f3n. \u00a1Pide ahora!\",\"breadcrumb\":{\"@id\":\"https:\/\/www.truzzer.com\/es\/producto\/google-review-business-card-icon-with-google-review-qr-code\/#breadcrumb\"},\"inLanguage\":\"es\",\"potentialAction\":[{\"@type\":\"ReadAction\",\"target\":[\"https:\/\/www.truzzer.com\/es\/producto\/google-review-business-card-icon-with-google-review-qr-code\/\"]}]},{\"@type\":\"ImageObject\",\"inLanguage\":\"es\",\"@id\":\"https:\/\/www.truzzer.com\/es\/producto\/google-review-business-card-icon-with-google-review-qr-code\/#primaryimage\",\"url\":\"https:\/\/www.truzzer.com\/wp-content\/uploads\/2026\/02\/google-review-business-card-icon-with-qr-code-simple-truzzer.jpg\",\"contentUrl\":\"https:\/\/www.truzzer.com\/wp-content\/uploads\/2026\/02\/google-review-business-card-icon-with-qr-code-simple-truzzer.jpg\",\"width\":1400,\"height\":1400},{\"@type\":\"BreadcrumbList\",\"@id\":\"https:\/\/www.truzzer.com\/es\/producto\/google-review-business-card-icon-with-google-review-qr-code\/#breadcrumb\",\"itemListElement\":[{\"@type\":\"ListItem\",\"position\":1,\"name\":\"Home\",\"item\":\"https:\/\/www.truzzer.com\/es\/\"},{\"@type\":\"ListItem\",\"position\":2,\"name\":\"Tienda\",\"item\":\"https:\/\/www.truzzer.com\/es\/tienda\/\"},{\"@type\":\"ListItem\",\"position\":3,\"name\":\"Google Revisar icono de tarjeta de presentaci\u00f3n con Google Revisar c\u00f3digo QR\"}]},{\"@type\":\"WebSite\",\"@id\":\"https:\/\/www.truzzer.com\/es\/#website\",\"url\":\"https:\/\/www.truzzer.com\/es\/\",\"name\":\"truzzer\",\"description\":\"Experts for customer trust\",\"publisher\":{\"@id\":\"https:\/\/www.truzzer.com\/es\/#organization\"},\"potentialAction\":[{\"@type\":\"SearchAction\",\"target\":{\"@type\":\"EntryPoint\",\"urlTemplate\":\"https:\/\/www.truzzer.com\/es\/?s={search_term_string}\"},\"query-input\":{\"@type\":\"PropertyValueSpecification\",\"valueRequired\":true,\"valueName\":\"search_term_string\"}}],\"inLanguage\":\"es\"},{\"@type\":\"Organization\",\"@id\":\"https:\/\/www.truzzer.com\/es\/#organization\",\"name\":\"truzzer\",\"url\":\"https:\/\/www.truzzer.com\/es\/\",\"logo\":{\"@type\":\"ImageObject\",\"inLanguage\":\"es\",\"@id\":\"https:\/\/www.truzzer.com\/es\/#\/schema\/logo\/image\/\",\"url\":\"https:\/\/truzzer.com\/wp-content\/uploads\/2026\/01\/truzzer-logo-black-1.svg\",\"contentUrl\":\"https:\/\/truzzer.com\/wp-content\/uploads\/2026\/01\/truzzer-logo-black-1.svg\",\"width\":938,\"height\":199,\"caption\":\"truzzer\"},\"image\":{\"@id\":\"https:\/\/www.truzzer.com\/es\/#\/schema\/logo\/image\/\"}}]}<\/script>\n<!-- \/ Yoast SEO plugin. -->","yoast_head_json":{"title":"Google Review Business Card Icon with Google Re... | truzzer","description":"M\u00e1s rese\u00f1as Google con Google Review Business Card Icon with Google Review QR Code de truzzer. F\u00e1cil configuraci\u00f3n. \u00a1Pide ahora!","robots":{"index":"index","follow":"follow","max-snippet":"max-snippet:-1","max-image-preview":"max-image-preview:large","max-video-preview":"max-video-preview:-1"},"canonical":"https:\/\/www.truzzer.com\/es\/producto\/google-review-business-card-icon-with-google-review-qr-code\/","og_locale":"es_ES","og_type":"article","og_title":"Google Review Business Card Icon with Google Re... | truzzer","og_description":"M\u00e1s rese\u00f1as Google con Google Review Business Card Icon with Google Review QR Code de truzzer. F\u00e1cil configuraci\u00f3n. \u00a1Pide ahora!","og_url":"https:\/\/www.truzzer.com\/es\/producto\/google-review-business-card-icon-with-google-review-qr-code\/","og_site_name":"truzzer","article_modified_time":"2026-02-13T08:02:56+00:00","og_image":[{"width":1400,"height":1400,"url":"https:\/\/www.truzzer.com\/wp-content\/uploads\/2026\/02\/google-review-business-card-icon-with-qr-code-simple-truzzer.jpg","type":"image\/jpeg"}],"twitter_card":"summary_large_image","twitter_misc":{"Tiempo de lectura":"2 minutos"},"schema":{"@context":"https:\/\/schema.org","@graph":[{"@type":"WebPage","@id":"https:\/\/www.truzzer.com\/es\/producto\/google-review-business-card-icon-with-google-review-qr-code\/","url":"https:\/\/www.truzzer.com\/es\/producto\/google-review-business-card-icon-with-google-review-qr-code\/","name":"Google Review Business Card Icon with Google Re... | truzzer","isPartOf":{"@id":"https:\/\/www.truzzer.com\/es\/#website"},"primaryImageOfPage":{"@id":"https:\/\/www.truzzer.com\/es\/producto\/google-review-business-card-icon-with-google-review-qr-code\/#primaryimage"},"image":{"@id":"https:\/\/www.truzzer.com\/es\/producto\/google-review-business-card-icon-with-google-review-qr-code\/#primaryimage"},"thumbnailUrl":"https:\/\/www.truzzer.com\/wp-content\/uploads\/2026\/02\/google-review-business-card-icon-with-qr-code-simple-truzzer.jpg","datePublished":"2026-02-01T20:08:22+00:00","dateModified":"2026-02-13T08:02:56+00:00","description":"M\u00e1s rese\u00f1as Google con Google Review Business Card Icon with Google Review QR Code de truzzer. F\u00e1cil configuraci\u00f3n. \u00a1Pide ahora!","breadcrumb":{"@id":"https:\/\/www.truzzer.com\/es\/producto\/google-review-business-card-icon-with-google-review-qr-code\/#breadcrumb"},"inLanguage":"es","potentialAction":[{"@type":"ReadAction","target":["https:\/\/www.truzzer.com\/es\/producto\/google-review-business-card-icon-with-google-review-qr-code\/"]}]},{"@type":"ImageObject","inLanguage":"es","@id":"https:\/\/www.truzzer.com\/es\/producto\/google-review-business-card-icon-with-google-review-qr-code\/#primaryimage","url":"https:\/\/www.truzzer.com\/wp-content\/uploads\/2026\/02\/google-review-business-card-icon-with-qr-code-simple-truzzer.jpg","contentUrl":"https:\/\/www.truzzer.com\/wp-content\/uploads\/2026\/02\/google-review-business-card-icon-with-qr-code-simple-truzzer.jpg","width":1400,"height":1400},{"@type":"BreadcrumbList","@id":"https:\/\/www.truzzer.com\/es\/producto\/google-review-business-card-icon-with-google-review-qr-code\/#breadcrumb","itemListElement":[{"@type":"ListItem","position":1,"name":"Home","item":"https:\/\/www.truzzer.com\/es\/"},{"@type":"ListItem","position":2,"name":"Tienda","item":"https:\/\/www.truzzer.com\/es\/tienda\/"},{"@type":"ListItem","position":3,"name":"Google Revisar icono de tarjeta de presentaci\u00f3n con Google Revisar c\u00f3digo QR"}]},{"@type":"WebSite","@id":"https:\/\/www.truzzer.com\/es\/#website","url":"https:\/\/www.truzzer.com\/es\/","name":"truzzer","description":"Experts for customer trust","publisher":{"@id":"https:\/\/www.truzzer.com\/es\/#organization"},"potentialAction":[{"@type":"SearchAction","target":{"@type":"EntryPoint","urlTemplate":"https:\/\/www.truzzer.com\/es\/?s={search_term_string}"},"query-input":{"@type":"PropertyValueSpecification","valueRequired":true,"valueName":"search_term_string"}}],"inLanguage":"es"},{"@type":"Organization","@id":"https:\/\/www.truzzer.com\/es\/#organization","name":"truzzer","url":"https:\/\/www.truzzer.com\/es\/","logo":{"@type":"ImageObject","inLanguage":"es","@id":"https:\/\/www.truzzer.com\/es\/#\/schema\/logo\/image\/","url":"https:\/\/truzzer.com\/wp-content\/uploads\/2026\/01\/truzzer-logo-black-1.svg","contentUrl":"https:\/\/truzzer.com\/wp-content\/uploads\/2026\/01\/truzzer-logo-black-1.svg","width":938,"height":199,"caption":"truzzer"},"image":{"@id":"https:\/\/www.truzzer.com\/es\/#\/schema\/logo\/image\/"}}]}},"tiered_pricing_type":"fixed","tiered_pricing_fixed_rules":[],"tiered_pricing_product_settings":{"layout":"default","base_unit_name":{"singular":null,"plural":null},"default_variation":null},"tiered_pricing_minimum_quantity":null,"tiered_pricing_roles_data":[],"tiered_pricing_percentage_rules":[],"tiered_pricing_maximum_quantity":null,"tiered_pricing_quantity_step":null,"_links":{"self":[{"href":"https:\/\/www.truzzer.com\/es\/wp-json\/wp\/v2\/product\/93847","targetHints":{"allow":["GET"]}}],"collection":[{"href":"https:\/\/www.truzzer.com\/es\/wp-json\/wp\/v2\/product"}],"about":[{"href":"https:\/\/www.truzzer.com\/es\/wp-json\/wp\/v2\/types\/product"}],"replies":[{"embeddable":true,"href":"https:\/\/www.truzzer.com\/es\/wp-json\/wp\/v2\/comments?post=93847"}],"wp:featuredmedia":[{"embeddable":true,"href":"https:\/\/www.truzzer.com\/es\/wp-json\/wp\/v2\/media\/93848"}],"wp:attachment":[{"href":"https:\/\/www.truzzer.com\/es\/wp-json\/wp\/v2\/media?parent=93847"}],"wp:term":[{"taxonomy":"product_brand","embeddable":true,"href":"https:\/\/www.truzzer.com\/es\/wp-json\/wp\/v2\/product_brand?post=93847"},{"taxonomy":"product_cat","embeddable":true,"href":"https:\/\/www.truzzer.com\/es\/wp-json\/wp\/v2\/product_cat?post=93847"},{"taxonomy":"product_tag","embeddable":true,"href":"https:\/\/www.truzzer.com\/es\/wp-json\/wp\/v2\/product_tag?post=93847"}],"curies":[{"name":"wp","href":"https:\/\/api.w.org\/{rel}","templated":true}]}}