{"id":93907,"date":"2026-02-01T20:08:13","date_gmt":"2026-02-01T20:08:13","guid":{"rendered":"https:\/\/beta.truzzer.com\/product\/follow-us-on-instagram-package\/"},"modified":"2026-02-13T08:04:13","modified_gmt":"2026-02-13T08:04:13","slug":"follow-us-on-instagram-package","status":"publish","type":"product","link":"https:\/\/www.truzzer.com\/es\/producto\/follow-us-on-instagram-package\/","title":{"rendered":"S\u00edguenos en el paquete Instagram"},"content":{"rendered":"<h2>Simplemente convierta a los clientes en seguidores<\/h2>\n<p>El paquete truzzer Instagram consta de los m\u00e1s vendidos de nuestra tienda: 100 tarjetas de visita \u00abcolor\u00bb S\u00edguenos en Instagram y 5 pegatinas Instagram con un di\u00e1metro de 14,8 cm.<\/p>\n<p>Las tarjetas de visita est\u00e1n personalizadas con su logotipo, las pegatinas con su nombre de usuario y el c\u00f3digo QR conduce directamente a su perfil Instagram.<br \/>\n\u00a1Crearemos y vincularemos el c\u00f3digo QR por usted!<\/p>\n<p> e introduce tu nombre de usuario<\/p>\n<p>El set se compone de nuestros m\u00e1s vendidos:<\/p>\n<ul>\n<li>100 tarjetas de visita Instagram con logotipo y enlace de c\u00f3digo QR<\/li>\n<li>5 pegatinas Instagram con c\u00f3digo QR<\/li>\n<\/ul>\n<p><strong>Instagram Pegatinas<\/strong><\/p>\n<p>-Apto para uso interior y exterior<br \/>\n&#8211; Resistente a la intemperie<br \/>\n-Adecuado para cualquier superficie lisa<br \/>\n-Para tiendas, puertas o como adhesivo para coche Instagram<br \/>\n&#8211; Hecho individualmente para ti<\/p>\n<p>Los productos S\u00edguenos en Instagram son f\u00e1ciles de usar, y nos gustar\u00eda mostrarte a continuaci\u00f3n usando las pegatinas \u00abS\u00edguenos en Instagram\u00bb como ejemplo.<\/p>\n<\/p>\n<h3>Paso 1: El cliente escanea el c\u00f3digo QR<\/h3>\n<p>Para seguirte, el cliente s\u00f3lo tiene que escanear el c\u00f3digo QR. Todo lo que tienes que hacer es sostener la c\u00e1mara del tel\u00e9fono inteligente (no se necesita ninguna aplicaci\u00f3n de esc\u00e1ner adicional) sobre el producto.<\/p>\n<p><img decoding=\"async\" class=\"alignleft wp-image-22262 size-full\" src=\"https:\/\/www.truzzer.com\/wp-content\/uploads\/2026\/02\/how-to-use-the-product-truzzer.jpg.webp\" alt=\"\" width=\"1400\" height=\"933\" \/><\/p>\n<p>Luego aparecer\u00e1 una ventana emergente en la pantalla (iPhone) o aparecer\u00e1 un c\u00f3digo QR (tel\u00e9fonos inteligentes Android\/Google).<\/p>\n<h3>Paso 2: El cliente va directamente al perfil Instagram<\/h3>\n<p>Se abrir\u00e1 Instagram y el cliente podr\u00e1 seguirlo directamente. Muy f\u00e1cil Aviso:<br \/>\nTenga en cuenta que se requiere un perfil Instagram para obtener seguidores.<\/p><\/p>\n","protected":false},"excerpt":{"rendered":"<p><strong>\u00a1Consigue m\u00e1s seguidores reales de Instagram con tarjetas de visita Instagram con c\u00f3digo QR!<\/strong><\/p>\n<p>Ahorra dinero con el paquete Instagram compuesto por 100 tarjetas de visita con logo, c\u00f3digo y nombre QR y 5 pegatinas con c\u00f3digo QR y nombre de usuario en el color del dise\u00f1o.<br \/>\n\u00a1Vincularemos el c\u00f3digo QR a su perfil Instagram por usted!<br \/>\n e ingrese su nombre de usuario Instagram.<\/p>\n","protected":false},"featured_media":93908,"comment_status":"open","ping_status":"closed","template":"","meta":{"_acf_changed":false,"_yoast_wpseo_focuskw":"Instagram c\u00f3digo QR Pack","_yoast_wpseo_title":"Follow us on Instagram Package | truzzer","_yoast_wpseo_metadesc":"M\u00e1s seguidores en Instagram con Follow us on Instagram Package de truzzer. F\u00e1cil configuraci\u00f3n, listo para usar. \u00a1Pide ahora!"},"product_brand":[1660],"product_cat":[916],"product_tag":[],"class_list":{"0":"post-93907","1":"product","2":"type-product","3":"status-publish","4":"has-post-thumbnail","6":"product_brand-instagram","7":"product_cat-seguidores-de-instagram-tarjetas-de-visita-con-codigo-qr","8":"pa_industry-locales-diensten","9":"pa_industry-oficina-consultoria","10":"pa_industry-onroerend-goed","11":"pa_material-carton","12":"pa_placement-balie-receptie","13":"pa_placement-folleto","14":"pa_placement-portemonnee-personallijk","15":"pa_product-type-packages","16":"pa_technology-qr-code","18":"first","19":"instock","20":"taxable","21":"shipping-taxable","22":"product-type-simple"},"acf":[],"yoast_head":"<!-- This site is optimized with the Yoast SEO plugin v27.0 - https:\/\/yoast.com\/product\/yoast-seo-wordpress\/ -->\n<title>Follow us on Instagram Package | truzzer<\/title>\n<meta name=\"description\" content=\"M\u00e1s seguidores en Instagram con Follow us on Instagram Package de truzzer. F\u00e1cil configuraci\u00f3n, listo para usar. \u00a1Pide ahora!\" \/>\n<meta name=\"robots\" content=\"index, follow, max-snippet:-1, max-image-preview:large, max-video-preview:-1\" \/>\n<link rel=\"canonical\" href=\"https:\/\/www.truzzer.com\/es\/producto\/follow-us-on-instagram-package\/\" \/>\n<meta property=\"og:locale\" content=\"es_ES\" \/>\n<meta property=\"og:type\" content=\"article\" \/>\n<meta property=\"og:title\" content=\"Follow us on Instagram Package | truzzer\" \/>\n<meta property=\"og:description\" content=\"M\u00e1s seguidores en Instagram con Follow us on Instagram Package de truzzer. F\u00e1cil configuraci\u00f3n, listo para usar. \u00a1Pide ahora!\" \/>\n<meta property=\"og:url\" content=\"https:\/\/www.truzzer.com\/es\/producto\/follow-us-on-instagram-package\/\" \/>\n<meta property=\"og:site_name\" content=\"truzzer\" \/>\n<meta property=\"article:modified_time\" content=\"2026-02-13T08:04:13+00:00\" \/>\n<meta property=\"og:image\" content=\"https:\/\/www.truzzer.com\/wp-content\/uploads\/2026\/02\/instagram-follower-package-simple-business-front-qr-code-truzzer-1-von-11-1.jpg\" \/>\n\t<meta property=\"og:image:width\" content=\"1400\" \/>\n\t<meta property=\"og:image:height\" content=\"1400\" \/>\n\t<meta property=\"og:image:type\" content=\"image\/jpeg\" \/>\n<meta name=\"twitter:card\" content=\"summary_large_image\" \/>\n<meta name=\"twitter:label1\" content=\"Tiempo de lectura\" \/>\n\t<meta name=\"twitter:data1\" content=\"1 minuto\" \/>\n<script type=\"application\/ld+json\" class=\"yoast-schema-graph\">{\"@context\":\"https:\/\/schema.org\",\"@graph\":[{\"@type\":\"WebPage\",\"@id\":\"https:\/\/www.truzzer.com\/es\/producto\/follow-us-on-instagram-package\/\",\"url\":\"https:\/\/www.truzzer.com\/es\/producto\/follow-us-on-instagram-package\/\",\"name\":\"Follow us on Instagram Package | truzzer\",\"isPartOf\":{\"@id\":\"https:\/\/www.truzzer.com\/es\/#website\"},\"primaryImageOfPage\":{\"@id\":\"https:\/\/www.truzzer.com\/es\/producto\/follow-us-on-instagram-package\/#primaryimage\"},\"image\":{\"@id\":\"https:\/\/www.truzzer.com\/es\/producto\/follow-us-on-instagram-package\/#primaryimage\"},\"thumbnailUrl\":\"https:\/\/www.truzzer.com\/wp-content\/uploads\/2026\/02\/instagram-follower-package-simple-business-front-qr-code-truzzer-1-von-11-1.jpg\",\"datePublished\":\"2026-02-01T20:08:13+00:00\",\"dateModified\":\"2026-02-13T08:04:13+00:00\",\"description\":\"M\u00e1s seguidores en Instagram con Follow us on Instagram Package de truzzer. F\u00e1cil configuraci\u00f3n, listo para usar. \u00a1Pide ahora!\",\"breadcrumb\":{\"@id\":\"https:\/\/www.truzzer.com\/es\/producto\/follow-us-on-instagram-package\/#breadcrumb\"},\"inLanguage\":\"es\",\"potentialAction\":[{\"@type\":\"ReadAction\",\"target\":[\"https:\/\/www.truzzer.com\/es\/producto\/follow-us-on-instagram-package\/\"]}]},{\"@type\":\"ImageObject\",\"inLanguage\":\"es\",\"@id\":\"https:\/\/www.truzzer.com\/es\/producto\/follow-us-on-instagram-package\/#primaryimage\",\"url\":\"https:\/\/www.truzzer.com\/wp-content\/uploads\/2026\/02\/instagram-follower-package-simple-business-front-qr-code-truzzer-1-von-11-1.jpg\",\"contentUrl\":\"https:\/\/www.truzzer.com\/wp-content\/uploads\/2026\/02\/instagram-follower-package-simple-business-front-qr-code-truzzer-1-von-11-1.jpg\",\"width\":1400,\"height\":1400},{\"@type\":\"BreadcrumbList\",\"@id\":\"https:\/\/www.truzzer.com\/es\/producto\/follow-us-on-instagram-package\/#breadcrumb\",\"itemListElement\":[{\"@type\":\"ListItem\",\"position\":1,\"name\":\"Home\",\"item\":\"https:\/\/www.truzzer.com\/es\/\"},{\"@type\":\"ListItem\",\"position\":2,\"name\":\"Tienda\",\"item\":\"https:\/\/www.truzzer.com\/es\/tienda\/\"},{\"@type\":\"ListItem\",\"position\":3,\"name\":\"S\u00edguenos en el paquete Instagram\"}]},{\"@type\":\"WebSite\",\"@id\":\"https:\/\/www.truzzer.com\/es\/#website\",\"url\":\"https:\/\/www.truzzer.com\/es\/\",\"name\":\"truzzer\",\"description\":\"Experts for customer trust\",\"publisher\":{\"@id\":\"https:\/\/www.truzzer.com\/es\/#organization\"},\"potentialAction\":[{\"@type\":\"SearchAction\",\"target\":{\"@type\":\"EntryPoint\",\"urlTemplate\":\"https:\/\/www.truzzer.com\/es\/?s={search_term_string}\"},\"query-input\":{\"@type\":\"PropertyValueSpecification\",\"valueRequired\":true,\"valueName\":\"search_term_string\"}}],\"inLanguage\":\"es\"},{\"@type\":\"Organization\",\"@id\":\"https:\/\/www.truzzer.com\/es\/#organization\",\"name\":\"truzzer\",\"url\":\"https:\/\/www.truzzer.com\/es\/\",\"logo\":{\"@type\":\"ImageObject\",\"inLanguage\":\"es\",\"@id\":\"https:\/\/www.truzzer.com\/es\/#\/schema\/logo\/image\/\",\"url\":\"https:\/\/truzzer.com\/wp-content\/uploads\/2026\/01\/truzzer-logo-black-1.svg\",\"contentUrl\":\"https:\/\/truzzer.com\/wp-content\/uploads\/2026\/01\/truzzer-logo-black-1.svg\",\"width\":938,\"height\":199,\"caption\":\"truzzer\"},\"image\":{\"@id\":\"https:\/\/www.truzzer.com\/es\/#\/schema\/logo\/image\/\"}}]}<\/script>\n<!-- \/ Yoast SEO plugin. -->","yoast_head_json":{"title":"Follow us on Instagram Package | truzzer","description":"M\u00e1s seguidores en Instagram con Follow us on Instagram Package de truzzer. F\u00e1cil configuraci\u00f3n, listo para usar. \u00a1Pide ahora!","robots":{"index":"index","follow":"follow","max-snippet":"max-snippet:-1","max-image-preview":"max-image-preview:large","max-video-preview":"max-video-preview:-1"},"canonical":"https:\/\/www.truzzer.com\/es\/producto\/follow-us-on-instagram-package\/","og_locale":"es_ES","og_type":"article","og_title":"Follow us on Instagram Package | truzzer","og_description":"M\u00e1s seguidores en Instagram con Follow us on Instagram Package de truzzer. F\u00e1cil configuraci\u00f3n, listo para usar. \u00a1Pide ahora!","og_url":"https:\/\/www.truzzer.com\/es\/producto\/follow-us-on-instagram-package\/","og_site_name":"truzzer","article_modified_time":"2026-02-13T08:04:13+00:00","og_image":[{"width":1400,"height":1400,"url":"https:\/\/www.truzzer.com\/wp-content\/uploads\/2026\/02\/instagram-follower-package-simple-business-front-qr-code-truzzer-1-von-11-1.jpg","type":"image\/jpeg"}],"twitter_card":"summary_large_image","twitter_misc":{"Tiempo de lectura":"1 minuto"},"schema":{"@context":"https:\/\/schema.org","@graph":[{"@type":"WebPage","@id":"https:\/\/www.truzzer.com\/es\/producto\/follow-us-on-instagram-package\/","url":"https:\/\/www.truzzer.com\/es\/producto\/follow-us-on-instagram-package\/","name":"Follow us on Instagram Package | truzzer","isPartOf":{"@id":"https:\/\/www.truzzer.com\/es\/#website"},"primaryImageOfPage":{"@id":"https:\/\/www.truzzer.com\/es\/producto\/follow-us-on-instagram-package\/#primaryimage"},"image":{"@id":"https:\/\/www.truzzer.com\/es\/producto\/follow-us-on-instagram-package\/#primaryimage"},"thumbnailUrl":"https:\/\/www.truzzer.com\/wp-content\/uploads\/2026\/02\/instagram-follower-package-simple-business-front-qr-code-truzzer-1-von-11-1.jpg","datePublished":"2026-02-01T20:08:13+00:00","dateModified":"2026-02-13T08:04:13+00:00","description":"M\u00e1s seguidores en Instagram con Follow us on Instagram Package de truzzer. F\u00e1cil configuraci\u00f3n, listo para usar. \u00a1Pide ahora!","breadcrumb":{"@id":"https:\/\/www.truzzer.com\/es\/producto\/follow-us-on-instagram-package\/#breadcrumb"},"inLanguage":"es","potentialAction":[{"@type":"ReadAction","target":["https:\/\/www.truzzer.com\/es\/producto\/follow-us-on-instagram-package\/"]}]},{"@type":"ImageObject","inLanguage":"es","@id":"https:\/\/www.truzzer.com\/es\/producto\/follow-us-on-instagram-package\/#primaryimage","url":"https:\/\/www.truzzer.com\/wp-content\/uploads\/2026\/02\/instagram-follower-package-simple-business-front-qr-code-truzzer-1-von-11-1.jpg","contentUrl":"https:\/\/www.truzzer.com\/wp-content\/uploads\/2026\/02\/instagram-follower-package-simple-business-front-qr-code-truzzer-1-von-11-1.jpg","width":1400,"height":1400},{"@type":"BreadcrumbList","@id":"https:\/\/www.truzzer.com\/es\/producto\/follow-us-on-instagram-package\/#breadcrumb","itemListElement":[{"@type":"ListItem","position":1,"name":"Home","item":"https:\/\/www.truzzer.com\/es\/"},{"@type":"ListItem","position":2,"name":"Tienda","item":"https:\/\/www.truzzer.com\/es\/tienda\/"},{"@type":"ListItem","position":3,"name":"S\u00edguenos en el paquete Instagram"}]},{"@type":"WebSite","@id":"https:\/\/www.truzzer.com\/es\/#website","url":"https:\/\/www.truzzer.com\/es\/","name":"truzzer","description":"Experts for customer trust","publisher":{"@id":"https:\/\/www.truzzer.com\/es\/#organization"},"potentialAction":[{"@type":"SearchAction","target":{"@type":"EntryPoint","urlTemplate":"https:\/\/www.truzzer.com\/es\/?s={search_term_string}"},"query-input":{"@type":"PropertyValueSpecification","valueRequired":true,"valueName":"search_term_string"}}],"inLanguage":"es"},{"@type":"Organization","@id":"https:\/\/www.truzzer.com\/es\/#organization","name":"truzzer","url":"https:\/\/www.truzzer.com\/es\/","logo":{"@type":"ImageObject","inLanguage":"es","@id":"https:\/\/www.truzzer.com\/es\/#\/schema\/logo\/image\/","url":"https:\/\/truzzer.com\/wp-content\/uploads\/2026\/01\/truzzer-logo-black-1.svg","contentUrl":"https:\/\/truzzer.com\/wp-content\/uploads\/2026\/01\/truzzer-logo-black-1.svg","width":938,"height":199,"caption":"truzzer"},"image":{"@id":"https:\/\/www.truzzer.com\/es\/#\/schema\/logo\/image\/"}}]}},"tiered_pricing_type":"fixed","tiered_pricing_fixed_rules":[],"tiered_pricing_product_settings":{"layout":"default","base_unit_name":{"singular":null,"plural":null},"default_variation":null},"tiered_pricing_minimum_quantity":null,"tiered_pricing_roles_data":[],"tiered_pricing_percentage_rules":[],"tiered_pricing_maximum_quantity":null,"tiered_pricing_quantity_step":null,"_links":{"self":[{"href":"https:\/\/www.truzzer.com\/es\/wp-json\/wp\/v2\/product\/93907","targetHints":{"allow":["GET"]}}],"collection":[{"href":"https:\/\/www.truzzer.com\/es\/wp-json\/wp\/v2\/product"}],"about":[{"href":"https:\/\/www.truzzer.com\/es\/wp-json\/wp\/v2\/types\/product"}],"replies":[{"embeddable":true,"href":"https:\/\/www.truzzer.com\/es\/wp-json\/wp\/v2\/comments?post=93907"}],"wp:featuredmedia":[{"embeddable":true,"href":"https:\/\/www.truzzer.com\/es\/wp-json\/wp\/v2\/media\/93908"}],"wp:attachment":[{"href":"https:\/\/www.truzzer.com\/es\/wp-json\/wp\/v2\/media?parent=93907"}],"wp:term":[{"taxonomy":"product_brand","embeddable":true,"href":"https:\/\/www.truzzer.com\/es\/wp-json\/wp\/v2\/product_brand?post=93907"},{"taxonomy":"product_cat","embeddable":true,"href":"https:\/\/www.truzzer.com\/es\/wp-json\/wp\/v2\/product_cat?post=93907"},{"taxonomy":"product_tag","embeddable":true,"href":"https:\/\/www.truzzer.com\/es\/wp-json\/wp\/v2\/product_tag?post=93907"}],"curies":[{"name":"wp","href":"https:\/\/api.w.org\/{rel}","templated":true}]}}