{"id":93971,"date":"2026-02-01T20:08:05","date_gmt":"2026-02-01T20:08:05","guid":{"rendered":"https:\/\/beta.truzzer.com\/product\/review-us-on-google-package-simple-businesscards-and-stickers\/"},"modified":"2026-02-13T08:05:25","modified_gmt":"2026-02-13T08:05:25","slug":"review-us-on-google-package-simple-businesscards-and-stickers","status":"publish","type":"product","link":"https:\/\/www.truzzer.com\/es\/producto\/review-us-on-google-package-simple-businesscards-and-stickers\/","title":{"rendered":"Rese\u00f1anos sobre el Paquete Google \u00abSimple\u00bb &#8211; Tarjetas de Presentaci\u00f3n y Calcoman\u00edas"},"content":{"rendered":"<h2>Simplemente obtenga m\u00e1s rese\u00f1as de Google de los clientes<\/h2>\n<p>Con el paquete de rese\u00f1as truzzer Google, puede obtener rese\u00f1as positivas de sus clientes satisfechos m\u00e1s r\u00e1pidamente y mejorar su imagen y reputaci\u00f3n.<br \/>\nAdem\u00e1s, aumentas el v\u00ednculo con tu empresa y tu ranking SEO a trav\u00e9s de las cr\u00edticas positivas.<\/p>\n<p>El set se compone de nuestros bestsellers:<\/p>\n<ul>\n<li>100 tarjetas de presentaci\u00f3n de revisi\u00f3n Google m\u00ednimas con logotipo y enlace de c\u00f3digo QR<\/li>\n<li>5 pegatinas Google (dise\u00f1o minimalista) con logotipo y c\u00f3digo QR<\/li>\n<\/ul>\n<p><strong>Google Revisar tarjetas de visita m\u00ednimas<br \/>\n<\/strong>Con las tarjetas de visita \u201cMinimal\u201d de rese\u00f1as Google en un dise\u00f1o reducido y atractivo, que se adaptan a cualquier empresa, puedes ganar f\u00e1cilmente nuevas rese\u00f1as Google en todas partes.<br \/>\nEn un pr\u00e1ctico formato de tarjeta de presentaci\u00f3n, las tarjetas de presentaci\u00f3n \u201cRev\u00edsenos en Google\u201d son ideales para cualquiera que viaje mucho por trabajo, p. para artesanos y vendedores.<\/p>\n<p>\u00a1Crearemos y vincularemos el c\u00f3digo QR para una evaluaci\u00f3n directa en su perfil Google para usted! Tomamos esta informaci\u00f3n de la direcci\u00f3n de su empresa.<\/p>\n<p><strong>Google Revisi\u00f3n de pegatinas m\u00ednimas<br \/>\n<\/strong><\/p>\n<p>-Adecuado para uso en interiores y exteriores.<br \/>\n&#8211; Resistente a la intemperie<br \/>\n-Adecuado para cualquier superficie lisa.<br \/>\n-Para tiendas minoristas, puertas o como pegatina de coche Google<br \/>\n-Muestra a tus clientes que tambi\u00e9n pueden encontrarte en Google<br \/>\n&#8211; Hecho individualmente para ti<\/p>\n<p>Los productos Review us on Google son f\u00e1ciles de usar y nos gustar\u00eda mostrarle a continuaci\u00f3n usando el ejemplo de las pegatinas de rese\u00f1a.<\/p>\n<p>&nbsp;<\/p>\n<h3>Paso 1: El cliente escanea el c\u00f3digo QR<\/h3>\n<p>Para seguirte, el cliente s\u00f3lo tiene que escanear el c\u00f3digo QR. Todo lo que tiene que hacer es sostener la c\u00e1mara del tel\u00e9fono inteligente (no se necesita una aplicaci\u00f3n de esc\u00e1ner adicional) sobre el producto.<\/p>\n<p><img decoding=\"async\" src=\"https:\/\/www.truzzer.com\/wp-content\/uploads\/2026\/02\/how-to-use-the-product-truzzer-google.jpg.webp\" height=\"933\" width=\"1400\" class=\"alignnone wp-image-22402 size-full\" alt=\"Hand scanning a QR code for Google reviews on a smartphone.\"  > <\/p>\n<p>Luego aparecer\u00e1 una ventana emergente en la pantalla (iPhone) o aparecer\u00e1 un c\u00f3digo QR (tel\u00e9fonos inteligentes Android\/Google).<\/p>\n<h3>Paso 2: El cliente va directamente al formulario de revisi\u00f3n Google<\/h3>\n<p>El formulario de revisi\u00f3n se abrir\u00e1 en el navegador del tel\u00e9fono inteligente y el cliente podr\u00e1 revisarlo directamente.<\/p>\n<p>Aviso:<br \/>\nTenga en cuenta que se requiere un perfil Google My Business para obtener rese\u00f1as Google.<\/p>\n<p>&nbsp;<\/p>\n","protected":false},"excerpt":{"rendered":"<p><strong>Haga que la rese\u00f1a de Google sea tangible para sus clientes<\/strong><\/p>\n<p>El paquete de rese\u00f1as truzzer Google \u201cSimple\u201d que consta de los m\u00e1s vendidos de nuestra tienda: 100 tarjetas de visita Google con dise\u00f1o minimalista y 5 pegatinas Google con un di\u00e1metro de 14,8 cm \/ 5,8\u2033.<\/p>\n<p>Las tarjetas y pegatinas est\u00e1n personalizadas con su logotipo y el c\u00f3digo QR conduce directamente a su formulario de revisi\u00f3n en Google.<br \/>\n\u00a1Crearemos y vincularemos el c\u00f3digo QR para una evaluaci\u00f3n directa en su perfil Google para usted!<br \/>\nTomamos esta informaci\u00f3n de la direcci\u00f3n de su empresa.<\/p>\n<p>Puede encontrar m\u00e1s informaci\u00f3n sobre c\u00f3mo le ayudan las tarjetas aqu\u00ed:<\/p>\n<p>&nbsp;<\/p>\n","protected":false},"featured_media":93972,"comment_status":"open","ping_status":"closed","template":"","meta":{"_acf_changed":false,"_yoast_wpseo_focuskw":"Rese\u00f1a Google Pack","_yoast_wpseo_title":"Review us on Google Package \u00abSimple\u00bb- Businessc... | truzzer","_yoast_wpseo_metadesc":"M\u00e1s rese\u00f1as Google con Review us on Google Package \u00abSimple\u00bb- Businesscards and Stickers de truzzer. F\u00e1cil configuraci\u00f3n. \u00a1Pide ahora!"},"product_brand":[1654],"product_cat":[531,1101,1100,791],"product_tag":[],"class_list":{"0":"post-93971","1":"product","2":"type-product","3":"status-publish","4":"has-post-thumbnail","6":"product_brand-google","7":"product_cat-codigo-qr-productos","8":"product_cat-paquetes","9":"product_cat-resena-de-google-paquete","10":"product_cat-resena-de-google-productos","12":"first","13":"instock","14":"taxable","15":"shipping-taxable","16":"purchasable","17":"product-type-simple"},"acf":[],"yoast_head":"<!-- This site is optimized with the Yoast SEO plugin v27.0 - https:\/\/yoast.com\/product\/yoast-seo-wordpress\/ -->\n<title>Review us on Google Package \u00abSimple\u00bb- Businessc... | truzzer<\/title>\n<meta name=\"description\" content=\"M\u00e1s rese\u00f1as Google con Review us on Google Package \u00abSimple\u00bb- Businesscards and Stickers de truzzer. F\u00e1cil configuraci\u00f3n. \u00a1Pide ahora!\" \/>\n<meta name=\"robots\" content=\"index, follow, max-snippet:-1, max-image-preview:large, max-video-preview:-1\" \/>\n<link rel=\"canonical\" href=\"https:\/\/www.truzzer.com\/es\/producto\/review-us-on-google-package-simple-businesscards-and-stickers\/\" \/>\n<meta property=\"og:locale\" content=\"es_ES\" \/>\n<meta property=\"og:type\" content=\"article\" \/>\n<meta property=\"og:title\" content=\"Review us on Google Package \u00abSimple\u00bb- Businessc... | truzzer\" \/>\n<meta property=\"og:description\" content=\"M\u00e1s rese\u00f1as Google con Review us on Google Package \u00abSimple\u00bb- Businesscards and Stickers de truzzer. F\u00e1cil configuraci\u00f3n. \u00a1Pide ahora!\" \/>\n<meta property=\"og:url\" content=\"https:\/\/www.truzzer.com\/es\/producto\/review-us-on-google-package-simple-businesscards-and-stickers\/\" \/>\n<meta property=\"og:site_name\" content=\"truzzer\" \/>\n<meta property=\"article:modified_time\" content=\"2026-02-13T08:05:25+00:00\" \/>\n<meta property=\"og:image\" content=\"https:\/\/www.truzzer.com\/wp-content\/uploads\/2026\/02\/review-us-on-google-package-simple-business-front-qr-code-truzzer-1-von-11-1.jpg\" \/>\n\t<meta property=\"og:image:width\" content=\"1400\" \/>\n\t<meta property=\"og:image:height\" content=\"1400\" \/>\n\t<meta property=\"og:image:type\" content=\"image\/jpeg\" \/>\n<meta name=\"twitter:card\" content=\"summary_large_image\" \/>\n<meta name=\"twitter:label1\" content=\"Tiempo de lectura\" \/>\n\t<meta name=\"twitter:data1\" content=\"2 minutos\" \/>\n<script type=\"application\/ld+json\" class=\"yoast-schema-graph\">{\"@context\":\"https:\/\/schema.org\",\"@graph\":[{\"@type\":\"WebPage\",\"@id\":\"https:\/\/www.truzzer.com\/es\/producto\/review-us-on-google-package-simple-businesscards-and-stickers\/\",\"url\":\"https:\/\/www.truzzer.com\/es\/producto\/review-us-on-google-package-simple-businesscards-and-stickers\/\",\"name\":\"Review us on Google Package \u00abSimple\u00bb- Businessc... | truzzer\",\"isPartOf\":{\"@id\":\"https:\/\/www.truzzer.com\/es\/#website\"},\"primaryImageOfPage\":{\"@id\":\"https:\/\/www.truzzer.com\/es\/producto\/review-us-on-google-package-simple-businesscards-and-stickers\/#primaryimage\"},\"image\":{\"@id\":\"https:\/\/www.truzzer.com\/es\/producto\/review-us-on-google-package-simple-businesscards-and-stickers\/#primaryimage\"},\"thumbnailUrl\":\"https:\/\/www.truzzer.com\/wp-content\/uploads\/2026\/02\/review-us-on-google-package-simple-business-front-qr-code-truzzer-1-von-11-1.jpg\",\"datePublished\":\"2026-02-01T20:08:05+00:00\",\"dateModified\":\"2026-02-13T08:05:25+00:00\",\"description\":\"M\u00e1s rese\u00f1as Google con Review us on Google Package \u00abSimple\u00bb- Businesscards and Stickers de truzzer. F\u00e1cil configuraci\u00f3n. \u00a1Pide ahora!\",\"breadcrumb\":{\"@id\":\"https:\/\/www.truzzer.com\/es\/producto\/review-us-on-google-package-simple-businesscards-and-stickers\/#breadcrumb\"},\"inLanguage\":\"es\",\"potentialAction\":[{\"@type\":\"ReadAction\",\"target\":[\"https:\/\/www.truzzer.com\/es\/producto\/review-us-on-google-package-simple-businesscards-and-stickers\/\"]}]},{\"@type\":\"ImageObject\",\"inLanguage\":\"es\",\"@id\":\"https:\/\/www.truzzer.com\/es\/producto\/review-us-on-google-package-simple-businesscards-and-stickers\/#primaryimage\",\"url\":\"https:\/\/www.truzzer.com\/wp-content\/uploads\/2026\/02\/review-us-on-google-package-simple-business-front-qr-code-truzzer-1-von-11-1.jpg\",\"contentUrl\":\"https:\/\/www.truzzer.com\/wp-content\/uploads\/2026\/02\/review-us-on-google-package-simple-business-front-qr-code-truzzer-1-von-11-1.jpg\",\"width\":1400,\"height\":1400},{\"@type\":\"BreadcrumbList\",\"@id\":\"https:\/\/www.truzzer.com\/es\/producto\/review-us-on-google-package-simple-businesscards-and-stickers\/#breadcrumb\",\"itemListElement\":[{\"@type\":\"ListItem\",\"position\":1,\"name\":\"Home\",\"item\":\"https:\/\/www.truzzer.com\/es\/\"},{\"@type\":\"ListItem\",\"position\":2,\"name\":\"Tienda\",\"item\":\"https:\/\/www.truzzer.com\/es\/tienda\/\"},{\"@type\":\"ListItem\",\"position\":3,\"name\":\"Rese\u00f1anos sobre el Paquete Google \u00abSimple\u00bb &#8211; Tarjetas de Presentaci\u00f3n y Calcoman\u00edas\"}]},{\"@type\":\"WebSite\",\"@id\":\"https:\/\/www.truzzer.com\/es\/#website\",\"url\":\"https:\/\/www.truzzer.com\/es\/\",\"name\":\"truzzer\",\"description\":\"Experts for customer trust\",\"publisher\":{\"@id\":\"https:\/\/www.truzzer.com\/es\/#organization\"},\"potentialAction\":[{\"@type\":\"SearchAction\",\"target\":{\"@type\":\"EntryPoint\",\"urlTemplate\":\"https:\/\/www.truzzer.com\/es\/?s={search_term_string}\"},\"query-input\":{\"@type\":\"PropertyValueSpecification\",\"valueRequired\":true,\"valueName\":\"search_term_string\"}}],\"inLanguage\":\"es\"},{\"@type\":\"Organization\",\"@id\":\"https:\/\/www.truzzer.com\/es\/#organization\",\"name\":\"truzzer\",\"url\":\"https:\/\/www.truzzer.com\/es\/\",\"logo\":{\"@type\":\"ImageObject\",\"inLanguage\":\"es\",\"@id\":\"https:\/\/www.truzzer.com\/es\/#\/schema\/logo\/image\/\",\"url\":\"https:\/\/truzzer.com\/wp-content\/uploads\/2026\/01\/truzzer-logo-black-1.svg\",\"contentUrl\":\"https:\/\/truzzer.com\/wp-content\/uploads\/2026\/01\/truzzer-logo-black-1.svg\",\"width\":938,\"height\":199,\"caption\":\"truzzer\"},\"image\":{\"@id\":\"https:\/\/www.truzzer.com\/es\/#\/schema\/logo\/image\/\"}}]}<\/script>\n<!-- \/ Yoast SEO plugin. -->","yoast_head_json":{"title":"Review us on Google Package \u00abSimple\u00bb- Businessc... | truzzer","description":"M\u00e1s rese\u00f1as Google con Review us on Google Package \u00abSimple\u00bb- Businesscards and Stickers de truzzer. F\u00e1cil configuraci\u00f3n. \u00a1Pide ahora!","robots":{"index":"index","follow":"follow","max-snippet":"max-snippet:-1","max-image-preview":"max-image-preview:large","max-video-preview":"max-video-preview:-1"},"canonical":"https:\/\/www.truzzer.com\/es\/producto\/review-us-on-google-package-simple-businesscards-and-stickers\/","og_locale":"es_ES","og_type":"article","og_title":"Review us on Google Package \u00abSimple\u00bb- Businessc... | truzzer","og_description":"M\u00e1s rese\u00f1as Google con Review us on Google Package \u00abSimple\u00bb- Businesscards and Stickers de truzzer. F\u00e1cil configuraci\u00f3n. \u00a1Pide ahora!","og_url":"https:\/\/www.truzzer.com\/es\/producto\/review-us-on-google-package-simple-businesscards-and-stickers\/","og_site_name":"truzzer","article_modified_time":"2026-02-13T08:05:25+00:00","og_image":[{"width":1400,"height":1400,"url":"https:\/\/www.truzzer.com\/wp-content\/uploads\/2026\/02\/review-us-on-google-package-simple-business-front-qr-code-truzzer-1-von-11-1.jpg","type":"image\/jpeg"}],"twitter_card":"summary_large_image","twitter_misc":{"Tiempo de lectura":"2 minutos"},"schema":{"@context":"https:\/\/schema.org","@graph":[{"@type":"WebPage","@id":"https:\/\/www.truzzer.com\/es\/producto\/review-us-on-google-package-simple-businesscards-and-stickers\/","url":"https:\/\/www.truzzer.com\/es\/producto\/review-us-on-google-package-simple-businesscards-and-stickers\/","name":"Review us on Google Package \u00abSimple\u00bb- Businessc... | truzzer","isPartOf":{"@id":"https:\/\/www.truzzer.com\/es\/#website"},"primaryImageOfPage":{"@id":"https:\/\/www.truzzer.com\/es\/producto\/review-us-on-google-package-simple-businesscards-and-stickers\/#primaryimage"},"image":{"@id":"https:\/\/www.truzzer.com\/es\/producto\/review-us-on-google-package-simple-businesscards-and-stickers\/#primaryimage"},"thumbnailUrl":"https:\/\/www.truzzer.com\/wp-content\/uploads\/2026\/02\/review-us-on-google-package-simple-business-front-qr-code-truzzer-1-von-11-1.jpg","datePublished":"2026-02-01T20:08:05+00:00","dateModified":"2026-02-13T08:05:25+00:00","description":"M\u00e1s rese\u00f1as Google con Review us on Google Package \u00abSimple\u00bb- Businesscards and Stickers de truzzer. F\u00e1cil configuraci\u00f3n. \u00a1Pide ahora!","breadcrumb":{"@id":"https:\/\/www.truzzer.com\/es\/producto\/review-us-on-google-package-simple-businesscards-and-stickers\/#breadcrumb"},"inLanguage":"es","potentialAction":[{"@type":"ReadAction","target":["https:\/\/www.truzzer.com\/es\/producto\/review-us-on-google-package-simple-businesscards-and-stickers\/"]}]},{"@type":"ImageObject","inLanguage":"es","@id":"https:\/\/www.truzzer.com\/es\/producto\/review-us-on-google-package-simple-businesscards-and-stickers\/#primaryimage","url":"https:\/\/www.truzzer.com\/wp-content\/uploads\/2026\/02\/review-us-on-google-package-simple-business-front-qr-code-truzzer-1-von-11-1.jpg","contentUrl":"https:\/\/www.truzzer.com\/wp-content\/uploads\/2026\/02\/review-us-on-google-package-simple-business-front-qr-code-truzzer-1-von-11-1.jpg","width":1400,"height":1400},{"@type":"BreadcrumbList","@id":"https:\/\/www.truzzer.com\/es\/producto\/review-us-on-google-package-simple-businesscards-and-stickers\/#breadcrumb","itemListElement":[{"@type":"ListItem","position":1,"name":"Home","item":"https:\/\/www.truzzer.com\/es\/"},{"@type":"ListItem","position":2,"name":"Tienda","item":"https:\/\/www.truzzer.com\/es\/tienda\/"},{"@type":"ListItem","position":3,"name":"Rese\u00f1anos sobre el Paquete Google \u00abSimple\u00bb &#8211; Tarjetas de Presentaci\u00f3n y Calcoman\u00edas"}]},{"@type":"WebSite","@id":"https:\/\/www.truzzer.com\/es\/#website","url":"https:\/\/www.truzzer.com\/es\/","name":"truzzer","description":"Experts for customer trust","publisher":{"@id":"https:\/\/www.truzzer.com\/es\/#organization"},"potentialAction":[{"@type":"SearchAction","target":{"@type":"EntryPoint","urlTemplate":"https:\/\/www.truzzer.com\/es\/?s={search_term_string}"},"query-input":{"@type":"PropertyValueSpecification","valueRequired":true,"valueName":"search_term_string"}}],"inLanguage":"es"},{"@type":"Organization","@id":"https:\/\/www.truzzer.com\/es\/#organization","name":"truzzer","url":"https:\/\/www.truzzer.com\/es\/","logo":{"@type":"ImageObject","inLanguage":"es","@id":"https:\/\/www.truzzer.com\/es\/#\/schema\/logo\/image\/","url":"https:\/\/truzzer.com\/wp-content\/uploads\/2026\/01\/truzzer-logo-black-1.svg","contentUrl":"https:\/\/truzzer.com\/wp-content\/uploads\/2026\/01\/truzzer-logo-black-1.svg","width":938,"height":199,"caption":"truzzer"},"image":{"@id":"https:\/\/www.truzzer.com\/es\/#\/schema\/logo\/image\/"}}]}},"tiered_pricing_type":"fixed","tiered_pricing_fixed_rules":[],"tiered_pricing_product_settings":{"layout":"default","base_unit_name":{"singular":null,"plural":null},"default_variation":null},"tiered_pricing_minimum_quantity":null,"tiered_pricing_roles_data":[],"tiered_pricing_percentage_rules":[],"tiered_pricing_maximum_quantity":null,"tiered_pricing_quantity_step":null,"_links":{"self":[{"href":"https:\/\/www.truzzer.com\/es\/wp-json\/wp\/v2\/product\/93971","targetHints":{"allow":["GET"]}}],"collection":[{"href":"https:\/\/www.truzzer.com\/es\/wp-json\/wp\/v2\/product"}],"about":[{"href":"https:\/\/www.truzzer.com\/es\/wp-json\/wp\/v2\/types\/product"}],"replies":[{"embeddable":true,"href":"https:\/\/www.truzzer.com\/es\/wp-json\/wp\/v2\/comments?post=93971"}],"wp:featuredmedia":[{"embeddable":true,"href":"https:\/\/www.truzzer.com\/es\/wp-json\/wp\/v2\/media\/93972"}],"wp:attachment":[{"href":"https:\/\/www.truzzer.com\/es\/wp-json\/wp\/v2\/media?parent=93971"}],"wp:term":[{"taxonomy":"product_brand","embeddable":true,"href":"https:\/\/www.truzzer.com\/es\/wp-json\/wp\/v2\/product_brand?post=93971"},{"taxonomy":"product_cat","embeddable":true,"href":"https:\/\/www.truzzer.com\/es\/wp-json\/wp\/v2\/product_cat?post=93971"},{"taxonomy":"product_tag","embeddable":true,"href":"https:\/\/www.truzzer.com\/es\/wp-json\/wp\/v2\/product_tag?post=93971"}],"curies":[{"name":"wp","href":"https:\/\/api.w.org\/{rel}","templated":true}]}}