{"id":94027,"date":"2026-02-01T20:07:48","date_gmt":"2026-02-01T20:07:48","guid":{"rendered":"https:\/\/beta.truzzer.com\/product\/follow-us-on-tiktok-business-card-clean\/"},"modified":"2026-02-13T08:07:51","modified_gmt":"2026-02-13T08:07:51","slug":"follow-us-on-tiktok-business-card-clean","status":"publish","type":"product","link":"https:\/\/www.truzzer.com\/es\/producto\/follow-us-on-tiktok-business-card-clean\/","title":{"rendered":"S\u00edguenos en TikTok Tarjeta de Visita \u00abLimpia\u00bb"},"content":{"rendered":"<h2>Simplemente convierta a los clientes en seguidores<\/h2>\n<p>Con las tarjetas de visita truzzer TikTok, puede convertir f\u00e1cilmente a sus clientes en verdaderos seguidores de TikTok que est\u00e9n realmente interesados en su oferta y su contenido.<br \/>\nDe esta manera podr\u00e1 vincular eficazmente a su grupo objetivo.<\/p>\n<p>En un pr\u00e1ctico formato de tarjeta de presentaci\u00f3n, usted hace que su perfil TikTok sea accesible para sus clientes en cualquier momento y lugar.<br \/>\nColoque las tarjetas de visita truzzer TikTok en las bolsas de compras de sus clientes, entr\u00e9guelas en la factura o entr\u00e9guelas directamente a los clientes. Terminado.<\/p>\n<p>El c\u00f3digo QR lleva a los clientes directamente a su perfil TikTok sin tener que buscarlo.<\/p>\n<p>Puedes personalizar f\u00e1cilmente las tarjetas de visita TikTok con tu logo y adaptarlas a tu empresa.<\/p>\n<p>Los productos S\u00edguenos en TikTok son f\u00e1ciles de usar, y nos gustar\u00eda mostrarte a continuaci\u00f3n usando la etiqueta \u00abS\u00edguenos en Instagram\u00bb como ejemplo.<\/p>\n<\/p>\n<h3>Paso 1: El cliente escanea el c\u00f3digo QR<\/h3>\n<p>Para seguirte, el cliente s\u00f3lo tiene que escanear el c\u00f3digo QR. Todo lo que tienes que hacer es sostener la c\u00e1mara del tel\u00e9fono inteligente (no se necesita ninguna aplicaci\u00f3n de esc\u00e1ner adicional) sobre el producto.<\/p>\n<p><img decoding=\"async\" class=\"alignleft wp-image-22262 size-full\" src=\"https:\/\/www.truzzer.com\/wp-content\/uploads\/2026\/02\/how-to-use-the-product-truzzer.jpg.webp\" alt=\"\" width=\"1400\" height=\"933\" \/><\/p>\n<p>Luego aparecer\u00e1 una ventana emergente en la pantalla (iPhone) o aparecer\u00e1 un c\u00f3digo QR (tel\u00e9fonos inteligentes Android\/Google).<\/p>\n<h3>Paso 2: El cliente va directamente al perfil Instagram<\/h3>\n<p>Se abrir\u00e1 Instagram y el cliente podr\u00e1 seguirlo directamente. Muy f\u00e1cil Aviso:<br \/>\nTenga en cuenta que se requiere un perfil Instagram para obtener seguidores.<\/p><\/p>\n","protected":false},"excerpt":{"rendered":"<p>Facilite que sus clientes le sigan en TikTok con TikTok &#8220;Clean&#8221; Tarjetas de visita con un dise\u00f1o reducido y atractivo que se adapta a cualquier empresa.<br \/>\n\u00a1Vincularemos el c\u00f3digo QR a su perfil TikTok por usted!<br \/>\n e ingrese su nombre de usuario TikTok.<\/p>\n","protected":false},"featured_media":94028,"comment_status":"open","ping_status":"closed","template":"","meta":{"_acf_changed":false,"_yoast_wpseo_focuskw":"TikTok c\u00f3digo QR Tarjeta de visita","_yoast_wpseo_title":"Follow us on TikTok Business Card \u00abClean\u00bb | truzzer","_yoast_wpseo_metadesc":"Aumenta tu alcance en TikTok con Follow us on TikTok Business Card \u00abClean\u00bb de truzzer. F\u00e1cil configuraci\u00f3n, listo para usar. \u00a1Pide ahora!"},"product_brand":[1677],"product_cat":[531,612,628,1140,1141],"product_tag":[],"class_list":{"0":"post-94027","1":"product","2":"type-product","3":"status-publish","4":"has-post-thumbnail","6":"product_brand-tiktok","7":"product_cat-codigo-qr-productos","8":"product_cat-codigo-qr-tarjetas-de-visita","9":"product_cat-seguidores-de-tiktok-productos","10":"product_cat-seguidores-de-tiktok-tarjetas-de-visita","11":"product_cat-seguidores-de-tiktok-tarjetas-de-visita-con-codigo-qr","12":"pa_industry-locales-diensten","13":"pa_industry-oficina-consultoria","14":"pa_industry-onroerend-goed","15":"pa_material-carton","16":"pa_placement-balie-receptie","17":"pa_placement-folleto","18":"pa_placement-portemonnee-personallijk","19":"pa_product-type-visitekaartjes","20":"pa_technology-qr-code","22":"first","23":"instock","24":"taxable","25":"shipping-taxable","26":"purchasable","27":"product-type-simple"},"acf":[],"yoast_head":"<!-- This site is optimized with the Yoast SEO plugin v27.0 - https:\/\/yoast.com\/product\/yoast-seo-wordpress\/ -->\n<title>Follow us on TikTok Business Card \u00abClean\u00bb | truzzer<\/title>\n<meta name=\"description\" content=\"Aumenta tu alcance en TikTok con Follow us on TikTok Business Card \u00abClean\u00bb de truzzer. F\u00e1cil configuraci\u00f3n, listo para usar. \u00a1Pide ahora!\" \/>\n<meta name=\"robots\" content=\"index, follow, max-snippet:-1, max-image-preview:large, max-video-preview:-1\" \/>\n<link rel=\"canonical\" href=\"https:\/\/www.truzzer.com\/es\/producto\/follow-us-on-tiktok-business-card-clean\/\" \/>\n<meta property=\"og:locale\" content=\"es_ES\" \/>\n<meta property=\"og:type\" content=\"article\" \/>\n<meta property=\"og:title\" content=\"Follow us on TikTok Business Card \u00abClean\u00bb | truzzer\" \/>\n<meta property=\"og:description\" content=\"Aumenta tu alcance en TikTok con Follow us on TikTok Business Card \u00abClean\u00bb de truzzer. F\u00e1cil configuraci\u00f3n, listo para usar. \u00a1Pide ahora!\" \/>\n<meta property=\"og:url\" content=\"https:\/\/www.truzzer.com\/es\/producto\/follow-us-on-tiktok-business-card-clean\/\" \/>\n<meta property=\"og:site_name\" content=\"truzzer\" \/>\n<meta property=\"article:modified_time\" content=\"2026-02-13T08:07:51+00:00\" \/>\n<meta property=\"og:image\" content=\"https:\/\/www.truzzer.com\/wp-content\/uploads\/2026\/02\/follow-us-on-tiktok-business-card-front-truzzer-square-1.jpg\" \/>\n\t<meta property=\"og:image:width\" content=\"1061\" \/>\n\t<meta property=\"og:image:height\" content=\"1061\" \/>\n\t<meta property=\"og:image:type\" content=\"image\/jpeg\" \/>\n<meta name=\"twitter:card\" content=\"summary_large_image\" \/>\n<meta name=\"twitter:label1\" content=\"Tiempo de lectura\" \/>\n\t<meta name=\"twitter:data1\" content=\"1 minuto\" \/>\n<script type=\"application\/ld+json\" class=\"yoast-schema-graph\">{\"@context\":\"https:\/\/schema.org\",\"@graph\":[{\"@type\":\"WebPage\",\"@id\":\"https:\/\/www.truzzer.com\/es\/producto\/follow-us-on-tiktok-business-card-clean\/\",\"url\":\"https:\/\/www.truzzer.com\/es\/producto\/follow-us-on-tiktok-business-card-clean\/\",\"name\":\"Follow us on TikTok Business Card \u00abClean\u00bb | truzzer\",\"isPartOf\":{\"@id\":\"https:\/\/www.truzzer.com\/es\/#website\"},\"primaryImageOfPage\":{\"@id\":\"https:\/\/www.truzzer.com\/es\/producto\/follow-us-on-tiktok-business-card-clean\/#primaryimage\"},\"image\":{\"@id\":\"https:\/\/www.truzzer.com\/es\/producto\/follow-us-on-tiktok-business-card-clean\/#primaryimage\"},\"thumbnailUrl\":\"https:\/\/www.truzzer.com\/wp-content\/uploads\/2026\/02\/follow-us-on-tiktok-business-card-front-truzzer-square-1.jpg\",\"datePublished\":\"2026-02-01T20:07:48+00:00\",\"dateModified\":\"2026-02-13T08:07:51+00:00\",\"description\":\"Aumenta tu alcance en TikTok con Follow us on TikTok Business Card \u00abClean\u00bb de truzzer. F\u00e1cil configuraci\u00f3n, listo para usar. \u00a1Pide ahora!\",\"breadcrumb\":{\"@id\":\"https:\/\/www.truzzer.com\/es\/producto\/follow-us-on-tiktok-business-card-clean\/#breadcrumb\"},\"inLanguage\":\"es\",\"potentialAction\":[{\"@type\":\"ReadAction\",\"target\":[\"https:\/\/www.truzzer.com\/es\/producto\/follow-us-on-tiktok-business-card-clean\/\"]}]},{\"@type\":\"ImageObject\",\"inLanguage\":\"es\",\"@id\":\"https:\/\/www.truzzer.com\/es\/producto\/follow-us-on-tiktok-business-card-clean\/#primaryimage\",\"url\":\"https:\/\/www.truzzer.com\/wp-content\/uploads\/2026\/02\/follow-us-on-tiktok-business-card-front-truzzer-square-1.jpg\",\"contentUrl\":\"https:\/\/www.truzzer.com\/wp-content\/uploads\/2026\/02\/follow-us-on-tiktok-business-card-front-truzzer-square-1.jpg\",\"width\":1061,\"height\":1061},{\"@type\":\"BreadcrumbList\",\"@id\":\"https:\/\/www.truzzer.com\/es\/producto\/follow-us-on-tiktok-business-card-clean\/#breadcrumb\",\"itemListElement\":[{\"@type\":\"ListItem\",\"position\":1,\"name\":\"Home\",\"item\":\"https:\/\/www.truzzer.com\/es\/\"},{\"@type\":\"ListItem\",\"position\":2,\"name\":\"Tienda\",\"item\":\"https:\/\/www.truzzer.com\/es\/tienda\/\"},{\"@type\":\"ListItem\",\"position\":3,\"name\":\"S\u00edguenos en TikTok Tarjeta de Visita \u00abLimpia\u00bb\"}]},{\"@type\":\"WebSite\",\"@id\":\"https:\/\/www.truzzer.com\/es\/#website\",\"url\":\"https:\/\/www.truzzer.com\/es\/\",\"name\":\"truzzer\",\"description\":\"Experts for customer trust\",\"publisher\":{\"@id\":\"https:\/\/www.truzzer.com\/es\/#organization\"},\"potentialAction\":[{\"@type\":\"SearchAction\",\"target\":{\"@type\":\"EntryPoint\",\"urlTemplate\":\"https:\/\/www.truzzer.com\/es\/?s={search_term_string}\"},\"query-input\":{\"@type\":\"PropertyValueSpecification\",\"valueRequired\":true,\"valueName\":\"search_term_string\"}}],\"inLanguage\":\"es\"},{\"@type\":\"Organization\",\"@id\":\"https:\/\/www.truzzer.com\/es\/#organization\",\"name\":\"truzzer\",\"url\":\"https:\/\/www.truzzer.com\/es\/\",\"logo\":{\"@type\":\"ImageObject\",\"inLanguage\":\"es\",\"@id\":\"https:\/\/www.truzzer.com\/es\/#\/schema\/logo\/image\/\",\"url\":\"https:\/\/truzzer.com\/wp-content\/uploads\/2026\/01\/truzzer-logo-black-1.svg\",\"contentUrl\":\"https:\/\/truzzer.com\/wp-content\/uploads\/2026\/01\/truzzer-logo-black-1.svg\",\"width\":938,\"height\":199,\"caption\":\"truzzer\"},\"image\":{\"@id\":\"https:\/\/www.truzzer.com\/es\/#\/schema\/logo\/image\/\"}}]}<\/script>\n<!-- \/ Yoast SEO plugin. -->","yoast_head_json":{"title":"Follow us on TikTok Business Card \u00abClean\u00bb | truzzer","description":"Aumenta tu alcance en TikTok con Follow us on TikTok Business Card \u00abClean\u00bb de truzzer. F\u00e1cil configuraci\u00f3n, listo para usar. \u00a1Pide ahora!","robots":{"index":"index","follow":"follow","max-snippet":"max-snippet:-1","max-image-preview":"max-image-preview:large","max-video-preview":"max-video-preview:-1"},"canonical":"https:\/\/www.truzzer.com\/es\/producto\/follow-us-on-tiktok-business-card-clean\/","og_locale":"es_ES","og_type":"article","og_title":"Follow us on TikTok Business Card \u00abClean\u00bb | truzzer","og_description":"Aumenta tu alcance en TikTok con Follow us on TikTok Business Card \u00abClean\u00bb de truzzer. F\u00e1cil configuraci\u00f3n, listo para usar. \u00a1Pide ahora!","og_url":"https:\/\/www.truzzer.com\/es\/producto\/follow-us-on-tiktok-business-card-clean\/","og_site_name":"truzzer","article_modified_time":"2026-02-13T08:07:51+00:00","og_image":[{"width":1061,"height":1061,"url":"https:\/\/www.truzzer.com\/wp-content\/uploads\/2026\/02\/follow-us-on-tiktok-business-card-front-truzzer-square-1.jpg","type":"image\/jpeg"}],"twitter_card":"summary_large_image","twitter_misc":{"Tiempo de lectura":"1 minuto"},"schema":{"@context":"https:\/\/schema.org","@graph":[{"@type":"WebPage","@id":"https:\/\/www.truzzer.com\/es\/producto\/follow-us-on-tiktok-business-card-clean\/","url":"https:\/\/www.truzzer.com\/es\/producto\/follow-us-on-tiktok-business-card-clean\/","name":"Follow us on TikTok Business Card \u00abClean\u00bb | truzzer","isPartOf":{"@id":"https:\/\/www.truzzer.com\/es\/#website"},"primaryImageOfPage":{"@id":"https:\/\/www.truzzer.com\/es\/producto\/follow-us-on-tiktok-business-card-clean\/#primaryimage"},"image":{"@id":"https:\/\/www.truzzer.com\/es\/producto\/follow-us-on-tiktok-business-card-clean\/#primaryimage"},"thumbnailUrl":"https:\/\/www.truzzer.com\/wp-content\/uploads\/2026\/02\/follow-us-on-tiktok-business-card-front-truzzer-square-1.jpg","datePublished":"2026-02-01T20:07:48+00:00","dateModified":"2026-02-13T08:07:51+00:00","description":"Aumenta tu alcance en TikTok con Follow us on TikTok Business Card \u00abClean\u00bb de truzzer. F\u00e1cil configuraci\u00f3n, listo para usar. \u00a1Pide ahora!","breadcrumb":{"@id":"https:\/\/www.truzzer.com\/es\/producto\/follow-us-on-tiktok-business-card-clean\/#breadcrumb"},"inLanguage":"es","potentialAction":[{"@type":"ReadAction","target":["https:\/\/www.truzzer.com\/es\/producto\/follow-us-on-tiktok-business-card-clean\/"]}]},{"@type":"ImageObject","inLanguage":"es","@id":"https:\/\/www.truzzer.com\/es\/producto\/follow-us-on-tiktok-business-card-clean\/#primaryimage","url":"https:\/\/www.truzzer.com\/wp-content\/uploads\/2026\/02\/follow-us-on-tiktok-business-card-front-truzzer-square-1.jpg","contentUrl":"https:\/\/www.truzzer.com\/wp-content\/uploads\/2026\/02\/follow-us-on-tiktok-business-card-front-truzzer-square-1.jpg","width":1061,"height":1061},{"@type":"BreadcrumbList","@id":"https:\/\/www.truzzer.com\/es\/producto\/follow-us-on-tiktok-business-card-clean\/#breadcrumb","itemListElement":[{"@type":"ListItem","position":1,"name":"Home","item":"https:\/\/www.truzzer.com\/es\/"},{"@type":"ListItem","position":2,"name":"Tienda","item":"https:\/\/www.truzzer.com\/es\/tienda\/"},{"@type":"ListItem","position":3,"name":"S\u00edguenos en TikTok Tarjeta de Visita \u00abLimpia\u00bb"}]},{"@type":"WebSite","@id":"https:\/\/www.truzzer.com\/es\/#website","url":"https:\/\/www.truzzer.com\/es\/","name":"truzzer","description":"Experts for customer trust","publisher":{"@id":"https:\/\/www.truzzer.com\/es\/#organization"},"potentialAction":[{"@type":"SearchAction","target":{"@type":"EntryPoint","urlTemplate":"https:\/\/www.truzzer.com\/es\/?s={search_term_string}"},"query-input":{"@type":"PropertyValueSpecification","valueRequired":true,"valueName":"search_term_string"}}],"inLanguage":"es"},{"@type":"Organization","@id":"https:\/\/www.truzzer.com\/es\/#organization","name":"truzzer","url":"https:\/\/www.truzzer.com\/es\/","logo":{"@type":"ImageObject","inLanguage":"es","@id":"https:\/\/www.truzzer.com\/es\/#\/schema\/logo\/image\/","url":"https:\/\/truzzer.com\/wp-content\/uploads\/2026\/01\/truzzer-logo-black-1.svg","contentUrl":"https:\/\/truzzer.com\/wp-content\/uploads\/2026\/01\/truzzer-logo-black-1.svg","width":938,"height":199,"caption":"truzzer"},"image":{"@id":"https:\/\/www.truzzer.com\/es\/#\/schema\/logo\/image\/"}}]}},"tiered_pricing_type":"fixed","tiered_pricing_fixed_rules":[],"tiered_pricing_product_settings":{"layout":"default","base_unit_name":{"singular":null,"plural":null},"default_variation":null},"tiered_pricing_minimum_quantity":null,"tiered_pricing_roles_data":[],"tiered_pricing_percentage_rules":[],"tiered_pricing_maximum_quantity":null,"tiered_pricing_quantity_step":null,"_links":{"self":[{"href":"https:\/\/www.truzzer.com\/es\/wp-json\/wp\/v2\/product\/94027","targetHints":{"allow":["GET"]}}],"collection":[{"href":"https:\/\/www.truzzer.com\/es\/wp-json\/wp\/v2\/product"}],"about":[{"href":"https:\/\/www.truzzer.com\/es\/wp-json\/wp\/v2\/types\/product"}],"replies":[{"embeddable":true,"href":"https:\/\/www.truzzer.com\/es\/wp-json\/wp\/v2\/comments?post=94027"}],"wp:featuredmedia":[{"embeddable":true,"href":"https:\/\/www.truzzer.com\/es\/wp-json\/wp\/v2\/media\/94028"}],"wp:attachment":[{"href":"https:\/\/www.truzzer.com\/es\/wp-json\/wp\/v2\/media?parent=94027"}],"wp:term":[{"taxonomy":"product_brand","embeddable":true,"href":"https:\/\/www.truzzer.com\/es\/wp-json\/wp\/v2\/product_brand?post=94027"},{"taxonomy":"product_cat","embeddable":true,"href":"https:\/\/www.truzzer.com\/es\/wp-json\/wp\/v2\/product_cat?post=94027"},{"taxonomy":"product_tag","embeddable":true,"href":"https:\/\/www.truzzer.com\/es\/wp-json\/wp\/v2\/product_tag?post=94027"}],"curies":[{"name":"wp","href":"https:\/\/api.w.org\/{rel}","templated":true}]}}