{"id":94065,"date":"2026-02-01T20:07:39","date_gmt":"2026-02-01T20:07:39","guid":{"rendered":"https:\/\/beta.truzzer.com\/product\/google-review-card-minimal\/"},"modified":"2026-02-13T08:09:11","modified_gmt":"2026-02-13T08:09:11","slug":"google-review-card-minimal","status":"publish","type":"product","link":"https:\/\/www.truzzer.com\/es\/producto\/google-review-card-minimal\/","title":{"rendered":"Google Tarjeta de revisi\u00f3n \u00abM\u00ednimo\u00bb"},"content":{"rendered":"<h2>Simplemente obtenga m\u00e1s rese\u00f1as de Google de los clientes<\/h2>\n<p>Con las tarjetas de rese\u00f1as truzzer Google, puede obtener rese\u00f1as positivas Google de sus clientes satisfechos m\u00e1s r\u00e1pidamente y mejorar su imagen y reputaci\u00f3n.<br \/>\nAdem\u00e1s, aumentas el v\u00ednculo con tu empresa y tu ranking SEO a trav\u00e9s de las cr\u00edticas positivas.<\/p>\n<p>Con el pr\u00e1ctico y al mismo tiempo llamativo formato de postal DIN A6, la valoraci\u00f3n online ser\u00e1 tangible para sus clientes.<br \/>\nPon las tarjetas de rese\u00f1as truzzer Google en las bolsas de la compra de tus clientes, entr\u00e9galas en la cuenta, env\u00edalas junto con tus productos o col\u00f3calas en las mesas del restaurante. Terminado.<\/p>\n<p>El c\u00f3digo QR lleva a los clientes directamente a su rese\u00f1a de Google SIN tener que buscarlo primero en Google. As\u00ed se reducen los saltos en el proceso de revisi\u00f3n de Google.<\/p>\n<p>Puedes personalizar f\u00e1cilmente las tarjetas de revisi\u00f3n Google con tu logo y adaptarlas a tu empresa.<\/p>\n<\/p>\n<p>Los productos Opina sobre Google son f\u00e1ciles de usar, y nos gustar\u00eda mostrarte a continuaci\u00f3n usando el ejemplo de las pegatinas de rese\u00f1a.<\/p>\n<\/p>\n<h3>Paso 1: El cliente escanea el c\u00f3digo QR<\/h3>\n<p>Para seguirte, el cliente s\u00f3lo tiene que escanear el c\u00f3digo QR. Todo lo que tienes que hacer es sostener la c\u00e1mara del tel\u00e9fono inteligente (no se necesita ninguna aplicaci\u00f3n de esc\u00e1ner adicional) sobre el producto.<\/p>\n<p><img decoding=\"async\" src=\"https:\/\/www.truzzer.com\/wp-content\/uploads\/2026\/02\/how-to-use-the-product-truzzer-google.jpg.webp\" height=\"933\" width=\"1400\" class=\"alignnone wp-image-22402 size-full\" alt=\"Hand scanning a QR code for Google reviews on a smartphone.\"  > <\/p>\n<p>Luego aparecer\u00e1 una ventana emergente en la pantalla (iPhone) o aparecer\u00e1 un c\u00f3digo QR (tel\u00e9fonos inteligentes Android\/Google).<\/p>\n<h3>Paso 2: El cliente va directamente al formulario de revisi\u00f3n Google<\/h3>\n<p>El formulario de rese\u00f1a se abrir\u00e1 en el navegador del tel\u00e9fono inteligente y el cliente podr\u00e1 rese\u00f1arlo directamente.<\/p>\n<p>Aviso:<br \/>\nTenga en cuenta que se requiere un perfil Google My Business para obtener rese\u00f1as Google.<\/p><\/p>\n","protected":false},"excerpt":{"rendered":"<p><strong>La tarjeta de revisi\u00f3n Google con un dise\u00f1o m\u00e1s delgado<\/strong><\/p>\n<p>Con las tarjetas de revisi\u00f3n de Google, le ofrecemos la oportunidad de obtener m\u00e1s revisiones sobre Google de forma m\u00e1s r\u00e1pida y sencilla. No m\u00e1s preguntar y pedir rese\u00f1as. Simplemente entregue la tarjeta y reciba f\u00e1cilmente rese\u00f1as Google de los clientes.<\/p>\n<p>Las tarjetas de revisi\u00f3n son muy f\u00e1ciles de usar y hacen que la revisi\u00f3n de Google sea tangible para sus clientes<br \/>\nSimplemente entregue las tarjetas a sus clientes, mu\u00e9strelas en la tienda o p\u00f3ngalas en su bolsa de compras.<br \/>\nTus clientes ven la solicitud para revisarte y solo tienen que sostener la c\u00e1mara del tel\u00e9fono inteligente sobre el c\u00f3digo QR y revisarte directamente.<\/p>\n<p>Las tarjetas est\u00e1n personalizadas con su logotipo en el frente y en el reverso y el c\u00f3digo QR conduce directamente a su formulario de revisi\u00f3n en Google.<br \/>\n\u00a1Crearemos y vincularemos el c\u00f3digo QR para una evaluaci\u00f3n directa en su perfil Google!<br \/>\nTomamos esta informaci\u00f3n de la direcci\u00f3n de su empresa.<\/p>\n<\/p>\n<h3>Las tarjetas de revisi\u00f3n te ayudar\u00e1n si:<\/h3>\n<ul>\n<li><strong>Quieres obtener m\u00e1s rese\u00f1as sobre Google<\/strong><\/li>\n<li><strong>Quieres atraer m\u00e1s clientes y aumentar tus ventas<\/strong><\/li>\n<li><strong><\/strong><\/li>\n<li><strong><\/strong><\/li>\n<\/ul>\n<p>&nbsp;<\/p>\n","protected":false},"featured_media":94066,"comment_status":"open","ping_status":"closed","template":"","meta":{"_acf_changed":false,"_yoast_wpseo_focuskw":"Rese\u00f1a Google Tarjeta de visita","_yoast_wpseo_title":"Google Review Card \u00abMinimal\u00bb | truzzer","_yoast_wpseo_metadesc":"M\u00e1s rese\u00f1as de 5 estrellas en Google con Google Review Card \u00abMinimal\u00bb de truzzer. F\u00e1cil configuraci\u00f3n, listo para usar. \u00a1Pide ahora!"},"product_brand":[1654],"product_cat":[531,794,791,792,793],"product_tag":[],"class_list":{"0":"post-94065","1":"product","2":"type-product","3":"status-publish","4":"has-post-thumbnail","6":"product_brand-google","7":"product_cat-codigo-qr-productos","8":"product_cat-codigo-qr-tarjetas","9":"product_cat-resena-de-google-productos","10":"product_cat-resena-de-google-tarjetas","11":"product_cat-resena-de-google-tarjetas-de-resena-con-codigo-qr","12":"pa_industry-autodealer","13":"pa_industry-detailhandel","14":"pa_industry-schoonheidssalon","15":"pa_material-carton","16":"pa_placement-bon","17":"pa_placement-folleto","18":"pa_placement-verpakking","19":"pa_product-type-karten","20":"pa_shape-rechthoek","21":"pa_technology-codigo-qr","22":"pa_technology-qr-code","24":"first","25":"instock","26":"taxable","27":"shipping-taxable","28":"purchasable","29":"product-type-simple"},"acf":[],"yoast_head":"<!-- This site is optimized with the Yoast SEO plugin v27.0 - https:\/\/yoast.com\/product\/yoast-seo-wordpress\/ -->\n<title>Google Review Card \u00abMinimal\u00bb | truzzer<\/title>\n<meta name=\"description\" content=\"M\u00e1s rese\u00f1as de 5 estrellas en Google con Google Review Card \u00abMinimal\u00bb de truzzer. F\u00e1cil configuraci\u00f3n, listo para usar. \u00a1Pide ahora!\" \/>\n<meta name=\"robots\" content=\"index, follow, max-snippet:-1, max-image-preview:large, max-video-preview:-1\" \/>\n<link rel=\"canonical\" href=\"https:\/\/www.truzzer.com\/es\/producto\/google-review-card-minimal\/\" \/>\n<meta property=\"og:locale\" content=\"es_ES\" \/>\n<meta property=\"og:type\" content=\"article\" \/>\n<meta property=\"og:title\" content=\"Google Review Card \u00abMinimal\u00bb | truzzer\" \/>\n<meta property=\"og:description\" content=\"M\u00e1s rese\u00f1as de 5 estrellas en Google con Google Review Card \u00abMinimal\u00bb de truzzer. F\u00e1cil configuraci\u00f3n, listo para usar. \u00a1Pide ahora!\" \/>\n<meta property=\"og:url\" content=\"https:\/\/www.truzzer.com\/es\/producto\/google-review-card-minimal\/\" \/>\n<meta property=\"og:site_name\" content=\"truzzer\" \/>\n<meta property=\"article:modified_time\" content=\"2026-02-13T08:09:11+00:00\" \/>\n<meta property=\"og:image\" content=\"https:\/\/www.truzzer.com\/wp-content\/uploads\/2026\/02\/review-us-on-google-card-minimal-front-qr-code-truzzer-4-von-11-5.jpg\" \/>\n\t<meta property=\"og:image:width\" content=\"1400\" \/>\n\t<meta property=\"og:image:height\" content=\"1400\" \/>\n\t<meta property=\"og:image:type\" content=\"image\/jpeg\" \/>\n<meta name=\"twitter:card\" content=\"summary_large_image\" \/>\n<meta name=\"twitter:label1\" content=\"Tiempo de lectura\" \/>\n\t<meta name=\"twitter:data1\" content=\"2 minutos\" \/>\n<script type=\"application\/ld+json\" class=\"yoast-schema-graph\">{\"@context\":\"https:\/\/schema.org\",\"@graph\":[{\"@type\":\"WebPage\",\"@id\":\"https:\/\/www.truzzer.com\/es\/producto\/google-review-card-minimal\/\",\"url\":\"https:\/\/www.truzzer.com\/es\/producto\/google-review-card-minimal\/\",\"name\":\"Google Review Card \u00abMinimal\u00bb | truzzer\",\"isPartOf\":{\"@id\":\"https:\/\/www.truzzer.com\/es\/#website\"},\"primaryImageOfPage\":{\"@id\":\"https:\/\/www.truzzer.com\/es\/producto\/google-review-card-minimal\/#primaryimage\"},\"image\":{\"@id\":\"https:\/\/www.truzzer.com\/es\/producto\/google-review-card-minimal\/#primaryimage\"},\"thumbnailUrl\":\"https:\/\/www.truzzer.com\/wp-content\/uploads\/2026\/02\/review-us-on-google-card-minimal-front-qr-code-truzzer-4-von-11-5.jpg\",\"datePublished\":\"2026-02-01T20:07:39+00:00\",\"dateModified\":\"2026-02-13T08:09:11+00:00\",\"description\":\"M\u00e1s rese\u00f1as de 5 estrellas en Google con Google Review Card \u00abMinimal\u00bb de truzzer. F\u00e1cil configuraci\u00f3n, listo para usar. \u00a1Pide ahora!\",\"breadcrumb\":{\"@id\":\"https:\/\/www.truzzer.com\/es\/producto\/google-review-card-minimal\/#breadcrumb\"},\"inLanguage\":\"es\",\"potentialAction\":[{\"@type\":\"ReadAction\",\"target\":[\"https:\/\/www.truzzer.com\/es\/producto\/google-review-card-minimal\/\"]}]},{\"@type\":\"ImageObject\",\"inLanguage\":\"es\",\"@id\":\"https:\/\/www.truzzer.com\/es\/producto\/google-review-card-minimal\/#primaryimage\",\"url\":\"https:\/\/www.truzzer.com\/wp-content\/uploads\/2026\/02\/review-us-on-google-card-minimal-front-qr-code-truzzer-4-von-11-5.jpg\",\"contentUrl\":\"https:\/\/www.truzzer.com\/wp-content\/uploads\/2026\/02\/review-us-on-google-card-minimal-front-qr-code-truzzer-4-von-11-5.jpg\",\"width\":1400,\"height\":1400},{\"@type\":\"BreadcrumbList\",\"@id\":\"https:\/\/www.truzzer.com\/es\/producto\/google-review-card-minimal\/#breadcrumb\",\"itemListElement\":[{\"@type\":\"ListItem\",\"position\":1,\"name\":\"Home\",\"item\":\"https:\/\/www.truzzer.com\/es\/\"},{\"@type\":\"ListItem\",\"position\":2,\"name\":\"Tienda\",\"item\":\"https:\/\/www.truzzer.com\/es\/tienda\/\"},{\"@type\":\"ListItem\",\"position\":3,\"name\":\"Google Tarjeta de revisi\u00f3n &#8220;M\u00ednimo&#8221;\"}]},{\"@type\":\"WebSite\",\"@id\":\"https:\/\/www.truzzer.com\/es\/#website\",\"url\":\"https:\/\/www.truzzer.com\/es\/\",\"name\":\"truzzer\",\"description\":\"Experts for customer trust\",\"publisher\":{\"@id\":\"https:\/\/www.truzzer.com\/es\/#organization\"},\"potentialAction\":[{\"@type\":\"SearchAction\",\"target\":{\"@type\":\"EntryPoint\",\"urlTemplate\":\"https:\/\/www.truzzer.com\/es\/?s={search_term_string}\"},\"query-input\":{\"@type\":\"PropertyValueSpecification\",\"valueRequired\":true,\"valueName\":\"search_term_string\"}}],\"inLanguage\":\"es\"},{\"@type\":\"Organization\",\"@id\":\"https:\/\/www.truzzer.com\/es\/#organization\",\"name\":\"truzzer\",\"url\":\"https:\/\/www.truzzer.com\/es\/\",\"logo\":{\"@type\":\"ImageObject\",\"inLanguage\":\"es\",\"@id\":\"https:\/\/www.truzzer.com\/es\/#\/schema\/logo\/image\/\",\"url\":\"https:\/\/truzzer.com\/wp-content\/uploads\/2026\/01\/truzzer-logo-black-1.svg\",\"contentUrl\":\"https:\/\/truzzer.com\/wp-content\/uploads\/2026\/01\/truzzer-logo-black-1.svg\",\"width\":938,\"height\":199,\"caption\":\"truzzer\"},\"image\":{\"@id\":\"https:\/\/www.truzzer.com\/es\/#\/schema\/logo\/image\/\"}}]}<\/script>\n<!-- \/ Yoast SEO plugin. -->","yoast_head_json":{"title":"Google Review Card \u00abMinimal\u00bb | truzzer","description":"M\u00e1s rese\u00f1as de 5 estrellas en Google con Google Review Card \u00abMinimal\u00bb de truzzer. F\u00e1cil configuraci\u00f3n, listo para usar. \u00a1Pide ahora!","robots":{"index":"index","follow":"follow","max-snippet":"max-snippet:-1","max-image-preview":"max-image-preview:large","max-video-preview":"max-video-preview:-1"},"canonical":"https:\/\/www.truzzer.com\/es\/producto\/google-review-card-minimal\/","og_locale":"es_ES","og_type":"article","og_title":"Google Review Card \u00abMinimal\u00bb | truzzer","og_description":"M\u00e1s rese\u00f1as de 5 estrellas en Google con Google Review Card \u00abMinimal\u00bb de truzzer. F\u00e1cil configuraci\u00f3n, listo para usar. \u00a1Pide ahora!","og_url":"https:\/\/www.truzzer.com\/es\/producto\/google-review-card-minimal\/","og_site_name":"truzzer","article_modified_time":"2026-02-13T08:09:11+00:00","og_image":[{"width":1400,"height":1400,"url":"https:\/\/www.truzzer.com\/wp-content\/uploads\/2026\/02\/review-us-on-google-card-minimal-front-qr-code-truzzer-4-von-11-5.jpg","type":"image\/jpeg"}],"twitter_card":"summary_large_image","twitter_misc":{"Tiempo de lectura":"2 minutos"},"schema":{"@context":"https:\/\/schema.org","@graph":[{"@type":"WebPage","@id":"https:\/\/www.truzzer.com\/es\/producto\/google-review-card-minimal\/","url":"https:\/\/www.truzzer.com\/es\/producto\/google-review-card-minimal\/","name":"Google Review Card \u00abMinimal\u00bb | truzzer","isPartOf":{"@id":"https:\/\/www.truzzer.com\/es\/#website"},"primaryImageOfPage":{"@id":"https:\/\/www.truzzer.com\/es\/producto\/google-review-card-minimal\/#primaryimage"},"image":{"@id":"https:\/\/www.truzzer.com\/es\/producto\/google-review-card-minimal\/#primaryimage"},"thumbnailUrl":"https:\/\/www.truzzer.com\/wp-content\/uploads\/2026\/02\/review-us-on-google-card-minimal-front-qr-code-truzzer-4-von-11-5.jpg","datePublished":"2026-02-01T20:07:39+00:00","dateModified":"2026-02-13T08:09:11+00:00","description":"M\u00e1s rese\u00f1as de 5 estrellas en Google con Google Review Card \u00abMinimal\u00bb de truzzer. F\u00e1cil configuraci\u00f3n, listo para usar. \u00a1Pide ahora!","breadcrumb":{"@id":"https:\/\/www.truzzer.com\/es\/producto\/google-review-card-minimal\/#breadcrumb"},"inLanguage":"es","potentialAction":[{"@type":"ReadAction","target":["https:\/\/www.truzzer.com\/es\/producto\/google-review-card-minimal\/"]}]},{"@type":"ImageObject","inLanguage":"es","@id":"https:\/\/www.truzzer.com\/es\/producto\/google-review-card-minimal\/#primaryimage","url":"https:\/\/www.truzzer.com\/wp-content\/uploads\/2026\/02\/review-us-on-google-card-minimal-front-qr-code-truzzer-4-von-11-5.jpg","contentUrl":"https:\/\/www.truzzer.com\/wp-content\/uploads\/2026\/02\/review-us-on-google-card-minimal-front-qr-code-truzzer-4-von-11-5.jpg","width":1400,"height":1400},{"@type":"BreadcrumbList","@id":"https:\/\/www.truzzer.com\/es\/producto\/google-review-card-minimal\/#breadcrumb","itemListElement":[{"@type":"ListItem","position":1,"name":"Home","item":"https:\/\/www.truzzer.com\/es\/"},{"@type":"ListItem","position":2,"name":"Tienda","item":"https:\/\/www.truzzer.com\/es\/tienda\/"},{"@type":"ListItem","position":3,"name":"Google Tarjeta de revisi\u00f3n &#8220;M\u00ednimo&#8221;"}]},{"@type":"WebSite","@id":"https:\/\/www.truzzer.com\/es\/#website","url":"https:\/\/www.truzzer.com\/es\/","name":"truzzer","description":"Experts for customer trust","publisher":{"@id":"https:\/\/www.truzzer.com\/es\/#organization"},"potentialAction":[{"@type":"SearchAction","target":{"@type":"EntryPoint","urlTemplate":"https:\/\/www.truzzer.com\/es\/?s={search_term_string}"},"query-input":{"@type":"PropertyValueSpecification","valueRequired":true,"valueName":"search_term_string"}}],"inLanguage":"es"},{"@type":"Organization","@id":"https:\/\/www.truzzer.com\/es\/#organization","name":"truzzer","url":"https:\/\/www.truzzer.com\/es\/","logo":{"@type":"ImageObject","inLanguage":"es","@id":"https:\/\/www.truzzer.com\/es\/#\/schema\/logo\/image\/","url":"https:\/\/truzzer.com\/wp-content\/uploads\/2026\/01\/truzzer-logo-black-1.svg","contentUrl":"https:\/\/truzzer.com\/wp-content\/uploads\/2026\/01\/truzzer-logo-black-1.svg","width":938,"height":199,"caption":"truzzer"},"image":{"@id":"https:\/\/www.truzzer.com\/es\/#\/schema\/logo\/image\/"}}]}},"tiered_pricing_type":"fixed","tiered_pricing_fixed_rules":[],"tiered_pricing_product_settings":{"layout":"default","base_unit_name":{"singular":null,"plural":null},"default_variation":null},"tiered_pricing_minimum_quantity":null,"tiered_pricing_roles_data":[],"tiered_pricing_percentage_rules":[],"tiered_pricing_maximum_quantity":null,"tiered_pricing_quantity_step":null,"_links":{"self":[{"href":"https:\/\/www.truzzer.com\/es\/wp-json\/wp\/v2\/product\/94065","targetHints":{"allow":["GET"]}}],"collection":[{"href":"https:\/\/www.truzzer.com\/es\/wp-json\/wp\/v2\/product"}],"about":[{"href":"https:\/\/www.truzzer.com\/es\/wp-json\/wp\/v2\/types\/product"}],"replies":[{"embeddable":true,"href":"https:\/\/www.truzzer.com\/es\/wp-json\/wp\/v2\/comments?post=94065"}],"wp:featuredmedia":[{"embeddable":true,"href":"https:\/\/www.truzzer.com\/es\/wp-json\/wp\/v2\/media\/94066"}],"wp:attachment":[{"href":"https:\/\/www.truzzer.com\/es\/wp-json\/wp\/v2\/media?parent=94065"}],"wp:term":[{"taxonomy":"product_brand","embeddable":true,"href":"https:\/\/www.truzzer.com\/es\/wp-json\/wp\/v2\/product_brand?post=94065"},{"taxonomy":"product_cat","embeddable":true,"href":"https:\/\/www.truzzer.com\/es\/wp-json\/wp\/v2\/product_cat?post=94065"},{"taxonomy":"product_tag","embeddable":true,"href":"https:\/\/www.truzzer.com\/es\/wp-json\/wp\/v2\/product_tag?post=94065"}],"curies":[{"name":"wp","href":"https:\/\/api.w.org\/{rel}","templated":true}]}}