{"id":94473,"date":"2026-02-01T20:05:50","date_gmt":"2026-02-01T20:05:50","guid":{"rendered":"https:\/\/beta.truzzer.com\/product\/google-review-card-square\/"},"modified":"2026-02-13T08:24:24","modified_gmt":"2026-02-13T08:24:24","slug":"google-review-card-square","status":"publish","type":"product","link":"https:\/\/www.truzzer.com\/es\/producto\/google-review-card-square\/","title":{"rendered":"Google Tarjeta de revisi\u00f3n cuadrada"},"content":{"rendered":"<h2>Obtiene simplement plus d&#8217;avis Google de la parte de los clientes<\/h2>\n<p>Avec les cartes d&#8217;avis Google truzzer, tu peux obtenir plus rapidement des avis Google positivos de tus clientes satisfaits y mejoran su imagen y su reputaci\u00f3n.<br \/>\nAdem\u00e1s, aumentas el gravamen con una empresa y una clasificaci\u00f3n SEO gracias a las opiniones positivas.<\/p>\n<p>Dans le format carr\u00e9 pratique et en m\u00eame temps frappant, tu rends l&#8217;avis en ligne tangible pour tes client.<br \/>\nMets les cartes d&#8217;avis truzzer Google dans les sacs \u00e0 provisiones de estos clientes, donne-les \u00e0 l&#8217;addition, envoie-les avec tes produits ou place-les sur les table du restaurant. Fin.<\/p>\n<p>El c\u00f3digo QR est\u00e1 dirigido a los clientes con el aviso Google SANS que le permitir\u00e1 buscar acceso en Google. Esto tambi\u00e9n reduce los salteados en el proceso de revisi\u00f3n de Google.<\/p>\n<p>Puede personalizar f\u00e1cilmente las tarjetas de aviso Google con su logotipo y el adaptador a su empresa.<\/p>\n<\/p>\n<p>Les produits Review us sur Google sont easy \u00e0 utiliser, ce que we aimerions te montrer ci-dessous usando el ejemplo de autocollants de r\u00e9vision.<\/p>\n<\/p>\n<h3>Etapa 1: El cliente escanea el c\u00f3digo QR<\/h3>\n<p>Para seguir adelante, el cliente no puede escanear el c\u00f3digo QR. Todo lo que hagas es tener el dispositivo fotogr\u00e1fico del tel\u00e9fono inteligente (sin necesidad de una aplicaci\u00f3n de esc\u00e1ner complementaria) junto con el producto.<\/p>\n<p><img decoding=\"async\" src=\"https:\/\/www.truzzer.com\/wp-content\/uploads\/2026\/02\/how-to-use-the-product-truzzer-google.jpg.webp\" height=\"933\" width=\"1400\" class=\"alignnone wp-image-22402 size-full\" alt=\"Hand scanning a QR code for Google reviews on a smartphone.\"  > <\/p>\n<p>Un dispositivo emergente en la pantalla (iPhone) o un c\u00f3digo QR (tel\u00e9fonos inteligentes Android \/ Google).<\/p>\n<h3>\u00c9tape 2: El cliente se dirige directamente al formulario de aviso Google.<\/h3>\n<p>El formulario de evaluaci\u00f3n se realiza en el navegador de tel\u00e9fonos inteligentes y el cliente puede evaluarlo directamente.<\/p>\n<p>Opini\u00f3n:<br \/>\nEs necesario comprar un perfil Google My Business para obtener la opini\u00f3n de Google.<\/p><\/p>\n","protected":false},"excerpt":{"rendered":"<p>Rends l&#8217;avis Google tangible pour tes client y aide-les \u00e0 t&#8217;\u00e9valuer facilement sur Google avec les cartes d&#8217;avis Google &#8220;Square&#8221; au design r\u00e9duit et attrayant qui s&#8217;adaptent parfaitement \u00e0 toute entreprise.<br \/>\nEs suficiente donar las tarjetas a sus clientes, exponerlas en el cargador o meterlas en la bolsa de provisiones.<br \/>\nEstos clientes solicitan un aviso a todos y no quieren pasar la c\u00e1mara de su tel\u00e9fono inteligente al c\u00f3digo QR para evaluarlo directamente.<\/p>\n<p>Las tarjetas son personalizadas con el logotipo en el recto y en el reverso y el c\u00f3digo QR directamente al formulario de aviso en Google.<br \/>\nCreamos y leemos el c\u00f3digo QR para una evaluaci\u00f3n directa en el perfil Google para todos!<br \/>\nTenemos esta informaci\u00f3n desde la direcci\u00f3n de esa empresa.<\/p>\n<p>Agregue ese logotipo utilizando la funci\u00f3n de descarga.<\/p>\n","protected":false},"featured_media":94474,"comment_status":"open","ping_status":"closed","template":"","meta":{"_acf_changed":false,"_yoast_wpseo_focuskw":"Rese\u00f1a Google Tarjeta de visita","_yoast_wpseo_title":"Google Review Card Square | truzzer","_yoast_wpseo_metadesc":"M\u00e1s rese\u00f1as de 5 estrellas en Google con Google Review Card Square de truzzer. F\u00e1cil configuraci\u00f3n, listo para usar. \u00a1Pide ahora!"},"product_brand":[1654],"product_cat":[531,794,793],"product_tag":[],"class_list":{"0":"post-94473","1":"product","2":"type-product","3":"status-publish","4":"has-post-thumbnail","6":"product_brand-google","7":"product_cat-codigo-qr-productos","8":"product_cat-codigo-qr-tarjetas","9":"product_cat-resena-de-google-tarjetas-de-resena-con-codigo-qr","10":"pa_industry-autodealer","11":"pa_industry-detailhandel","12":"pa_industry-schoonheidssalon","13":"pa_material-carton","14":"pa_placement-bon","15":"pa_placement-folleto","16":"pa_placement-verpakking","17":"pa_product-type-karten","18":"pa_shape-rechthoek","19":"pa_technology-codigo-qr","20":"pa_technology-qr-code","22":"first","23":"instock","24":"taxable","25":"shipping-taxable","26":"purchasable","27":"product-type-simple"},"acf":[],"yoast_head":"<!-- This site is optimized with the Yoast SEO plugin v27.0 - https:\/\/yoast.com\/product\/yoast-seo-wordpress\/ -->\n<title>Google Review Card Square | truzzer<\/title>\n<meta name=\"description\" content=\"M\u00e1s rese\u00f1as de 5 estrellas en Google con Google Review Card Square de truzzer. F\u00e1cil configuraci\u00f3n, listo para usar. \u00a1Pide ahora!\" \/>\n<meta name=\"robots\" content=\"index, follow, max-snippet:-1, max-image-preview:large, max-video-preview:-1\" \/>\n<link rel=\"canonical\" href=\"https:\/\/www.truzzer.com\/es\/producto\/google-review-card-square\/\" \/>\n<meta property=\"og:locale\" content=\"es_ES\" \/>\n<meta property=\"og:type\" content=\"article\" \/>\n<meta property=\"og:title\" content=\"Google Review Card Square | truzzer\" \/>\n<meta property=\"og:description\" content=\"M\u00e1s rese\u00f1as de 5 estrellas en Google con Google Review Card Square de truzzer. F\u00e1cil configuraci\u00f3n, listo para usar. \u00a1Pide ahora!\" \/>\n<meta property=\"og:url\" content=\"https:\/\/www.truzzer.com\/es\/producto\/google-review-card-square\/\" \/>\n<meta property=\"og:site_name\" content=\"truzzer\" \/>\n<meta property=\"article:modified_time\" content=\"2026-02-13T08:24:24+00:00\" \/>\n<meta property=\"og:image\" content=\"https:\/\/www.truzzer.com\/wp-content\/uploads\/2026\/02\/google-karte-square-FR-mock2-1.jpg\" \/>\n\t<meta property=\"og:image:width\" content=\"1200\" \/>\n\t<meta property=\"og:image:height\" content=\"1200\" \/>\n\t<meta property=\"og:image:type\" content=\"image\/jpeg\" \/>\n<meta name=\"twitter:card\" content=\"summary_large_image\" \/>\n<meta name=\"twitter:label1\" content=\"Tiempo de lectura\" \/>\n\t<meta name=\"twitter:data1\" content=\"1 minuto\" \/>\n<script type=\"application\/ld+json\" class=\"yoast-schema-graph\">{\"@context\":\"https:\/\/schema.org\",\"@graph\":[{\"@type\":\"WebPage\",\"@id\":\"https:\/\/www.truzzer.com\/es\/producto\/google-review-card-square\/\",\"url\":\"https:\/\/www.truzzer.com\/es\/producto\/google-review-card-square\/\",\"name\":\"Google Review Card Square | truzzer\",\"isPartOf\":{\"@id\":\"https:\/\/www.truzzer.com\/es\/#website\"},\"primaryImageOfPage\":{\"@id\":\"https:\/\/www.truzzer.com\/es\/producto\/google-review-card-square\/#primaryimage\"},\"image\":{\"@id\":\"https:\/\/www.truzzer.com\/es\/producto\/google-review-card-square\/#primaryimage\"},\"thumbnailUrl\":\"https:\/\/www.truzzer.com\/wp-content\/uploads\/2026\/02\/google-karte-square-FR-mock2-1.jpg\",\"datePublished\":\"2026-02-01T20:05:50+00:00\",\"dateModified\":\"2026-02-13T08:24:24+00:00\",\"description\":\"M\u00e1s rese\u00f1as de 5 estrellas en Google con Google Review Card Square de truzzer. F\u00e1cil configuraci\u00f3n, listo para usar. \u00a1Pide ahora!\",\"breadcrumb\":{\"@id\":\"https:\/\/www.truzzer.com\/es\/producto\/google-review-card-square\/#breadcrumb\"},\"inLanguage\":\"es\",\"potentialAction\":[{\"@type\":\"ReadAction\",\"target\":[\"https:\/\/www.truzzer.com\/es\/producto\/google-review-card-square\/\"]}]},{\"@type\":\"ImageObject\",\"inLanguage\":\"es\",\"@id\":\"https:\/\/www.truzzer.com\/es\/producto\/google-review-card-square\/#primaryimage\",\"url\":\"https:\/\/www.truzzer.com\/wp-content\/uploads\/2026\/02\/google-karte-square-FR-mock2-1.jpg\",\"contentUrl\":\"https:\/\/www.truzzer.com\/wp-content\/uploads\/2026\/02\/google-karte-square-FR-mock2-1.jpg\",\"width\":1200,\"height\":1200},{\"@type\":\"BreadcrumbList\",\"@id\":\"https:\/\/www.truzzer.com\/es\/producto\/google-review-card-square\/#breadcrumb\",\"itemListElement\":[{\"@type\":\"ListItem\",\"position\":1,\"name\":\"Home\",\"item\":\"https:\/\/www.truzzer.com\/es\/\"},{\"@type\":\"ListItem\",\"position\":2,\"name\":\"Tienda\",\"item\":\"https:\/\/www.truzzer.com\/es\/tienda\/\"},{\"@type\":\"ListItem\",\"position\":3,\"name\":\"Google Tarjeta de revisi\u00f3n cuadrada\"}]},{\"@type\":\"WebSite\",\"@id\":\"https:\/\/www.truzzer.com\/es\/#website\",\"url\":\"https:\/\/www.truzzer.com\/es\/\",\"name\":\"truzzer\",\"description\":\"Experts for customer trust\",\"publisher\":{\"@id\":\"https:\/\/www.truzzer.com\/es\/#organization\"},\"potentialAction\":[{\"@type\":\"SearchAction\",\"target\":{\"@type\":\"EntryPoint\",\"urlTemplate\":\"https:\/\/www.truzzer.com\/es\/?s={search_term_string}\"},\"query-input\":{\"@type\":\"PropertyValueSpecification\",\"valueRequired\":true,\"valueName\":\"search_term_string\"}}],\"inLanguage\":\"es\"},{\"@type\":\"Organization\",\"@id\":\"https:\/\/www.truzzer.com\/es\/#organization\",\"name\":\"truzzer\",\"url\":\"https:\/\/www.truzzer.com\/es\/\",\"logo\":{\"@type\":\"ImageObject\",\"inLanguage\":\"es\",\"@id\":\"https:\/\/www.truzzer.com\/es\/#\/schema\/logo\/image\/\",\"url\":\"https:\/\/truzzer.com\/wp-content\/uploads\/2026\/01\/truzzer-logo-black-1.svg\",\"contentUrl\":\"https:\/\/truzzer.com\/wp-content\/uploads\/2026\/01\/truzzer-logo-black-1.svg\",\"width\":938,\"height\":199,\"caption\":\"truzzer\"},\"image\":{\"@id\":\"https:\/\/www.truzzer.com\/es\/#\/schema\/logo\/image\/\"}}]}<\/script>\n<!-- \/ Yoast SEO plugin. -->","yoast_head_json":{"title":"Google Review Card Square | truzzer","description":"M\u00e1s rese\u00f1as de 5 estrellas en Google con Google Review Card Square de truzzer. F\u00e1cil configuraci\u00f3n, listo para usar. \u00a1Pide ahora!","robots":{"index":"index","follow":"follow","max-snippet":"max-snippet:-1","max-image-preview":"max-image-preview:large","max-video-preview":"max-video-preview:-1"},"canonical":"https:\/\/www.truzzer.com\/es\/producto\/google-review-card-square\/","og_locale":"es_ES","og_type":"article","og_title":"Google Review Card Square | truzzer","og_description":"M\u00e1s rese\u00f1as de 5 estrellas en Google con Google Review Card Square de truzzer. F\u00e1cil configuraci\u00f3n, listo para usar. \u00a1Pide ahora!","og_url":"https:\/\/www.truzzer.com\/es\/producto\/google-review-card-square\/","og_site_name":"truzzer","article_modified_time":"2026-02-13T08:24:24+00:00","og_image":[{"width":1200,"height":1200,"url":"https:\/\/www.truzzer.com\/wp-content\/uploads\/2026\/02\/google-karte-square-FR-mock2-1.jpg","type":"image\/jpeg"}],"twitter_card":"summary_large_image","twitter_misc":{"Tiempo de lectura":"1 minuto"},"schema":{"@context":"https:\/\/schema.org","@graph":[{"@type":"WebPage","@id":"https:\/\/www.truzzer.com\/es\/producto\/google-review-card-square\/","url":"https:\/\/www.truzzer.com\/es\/producto\/google-review-card-square\/","name":"Google Review Card Square | truzzer","isPartOf":{"@id":"https:\/\/www.truzzer.com\/es\/#website"},"primaryImageOfPage":{"@id":"https:\/\/www.truzzer.com\/es\/producto\/google-review-card-square\/#primaryimage"},"image":{"@id":"https:\/\/www.truzzer.com\/es\/producto\/google-review-card-square\/#primaryimage"},"thumbnailUrl":"https:\/\/www.truzzer.com\/wp-content\/uploads\/2026\/02\/google-karte-square-FR-mock2-1.jpg","datePublished":"2026-02-01T20:05:50+00:00","dateModified":"2026-02-13T08:24:24+00:00","description":"M\u00e1s rese\u00f1as de 5 estrellas en Google con Google Review Card Square de truzzer. F\u00e1cil configuraci\u00f3n, listo para usar. \u00a1Pide ahora!","breadcrumb":{"@id":"https:\/\/www.truzzer.com\/es\/producto\/google-review-card-square\/#breadcrumb"},"inLanguage":"es","potentialAction":[{"@type":"ReadAction","target":["https:\/\/www.truzzer.com\/es\/producto\/google-review-card-square\/"]}]},{"@type":"ImageObject","inLanguage":"es","@id":"https:\/\/www.truzzer.com\/es\/producto\/google-review-card-square\/#primaryimage","url":"https:\/\/www.truzzer.com\/wp-content\/uploads\/2026\/02\/google-karte-square-FR-mock2-1.jpg","contentUrl":"https:\/\/www.truzzer.com\/wp-content\/uploads\/2026\/02\/google-karte-square-FR-mock2-1.jpg","width":1200,"height":1200},{"@type":"BreadcrumbList","@id":"https:\/\/www.truzzer.com\/es\/producto\/google-review-card-square\/#breadcrumb","itemListElement":[{"@type":"ListItem","position":1,"name":"Home","item":"https:\/\/www.truzzer.com\/es\/"},{"@type":"ListItem","position":2,"name":"Tienda","item":"https:\/\/www.truzzer.com\/es\/tienda\/"},{"@type":"ListItem","position":3,"name":"Google Tarjeta de revisi\u00f3n cuadrada"}]},{"@type":"WebSite","@id":"https:\/\/www.truzzer.com\/es\/#website","url":"https:\/\/www.truzzer.com\/es\/","name":"truzzer","description":"Experts for customer trust","publisher":{"@id":"https:\/\/www.truzzer.com\/es\/#organization"},"potentialAction":[{"@type":"SearchAction","target":{"@type":"EntryPoint","urlTemplate":"https:\/\/www.truzzer.com\/es\/?s={search_term_string}"},"query-input":{"@type":"PropertyValueSpecification","valueRequired":true,"valueName":"search_term_string"}}],"inLanguage":"es"},{"@type":"Organization","@id":"https:\/\/www.truzzer.com\/es\/#organization","name":"truzzer","url":"https:\/\/www.truzzer.com\/es\/","logo":{"@type":"ImageObject","inLanguage":"es","@id":"https:\/\/www.truzzer.com\/es\/#\/schema\/logo\/image\/","url":"https:\/\/truzzer.com\/wp-content\/uploads\/2026\/01\/truzzer-logo-black-1.svg","contentUrl":"https:\/\/truzzer.com\/wp-content\/uploads\/2026\/01\/truzzer-logo-black-1.svg","width":938,"height":199,"caption":"truzzer"},"image":{"@id":"https:\/\/www.truzzer.com\/es\/#\/schema\/logo\/image\/"}}]}},"tiered_pricing_type":"fixed","tiered_pricing_fixed_rules":[],"tiered_pricing_product_settings":{"layout":"default","base_unit_name":{"singular":null,"plural":null},"default_variation":null},"tiered_pricing_minimum_quantity":null,"tiered_pricing_roles_data":[],"tiered_pricing_percentage_rules":[],"tiered_pricing_maximum_quantity":null,"tiered_pricing_quantity_step":null,"_links":{"self":[{"href":"https:\/\/www.truzzer.com\/es\/wp-json\/wp\/v2\/product\/94473","targetHints":{"allow":["GET"]}}],"collection":[{"href":"https:\/\/www.truzzer.com\/es\/wp-json\/wp\/v2\/product"}],"about":[{"href":"https:\/\/www.truzzer.com\/es\/wp-json\/wp\/v2\/types\/product"}],"replies":[{"embeddable":true,"href":"https:\/\/www.truzzer.com\/es\/wp-json\/wp\/v2\/comments?post=94473"}],"wp:featuredmedia":[{"embeddable":true,"href":"https:\/\/www.truzzer.com\/es\/wp-json\/wp\/v2\/media\/94474"}],"wp:attachment":[{"href":"https:\/\/www.truzzer.com\/es\/wp-json\/wp\/v2\/media?parent=94473"}],"wp:term":[{"taxonomy":"product_brand","embeddable":true,"href":"https:\/\/www.truzzer.com\/es\/wp-json\/wp\/v2\/product_brand?post=94473"},{"taxonomy":"product_cat","embeddable":true,"href":"https:\/\/www.truzzer.com\/es\/wp-json\/wp\/v2\/product_cat?post=94473"},{"taxonomy":"product_tag","embeddable":true,"href":"https:\/\/www.truzzer.com\/es\/wp-json\/wp\/v2\/product_tag?post=94473"}],"curies":[{"name":"wp","href":"https:\/\/api.w.org\/{rel}","templated":true}]}}