{"id":94741,"date":"2026-02-01T20:04:30","date_gmt":"2026-02-01T20:04:30","guid":{"rendered":"https:\/\/beta.truzzer.com\/product\/instagram-sticker-labels-roll-clean\/"},"modified":"2026-02-13T08:32:07","modified_gmt":"2026-02-13T08:32:07","slug":"instagram-sticker-labels-roll-clean","status":"publish","type":"product","link":"https:\/\/www.truzzer.com\/es\/producto\/instagram-sticker-labels-roll-clean\/","title":{"rendered":"Instagram Rollo de etiquetas adhesivas limpias"},"content":{"rendered":"<h2>S\u00edguenos en pegatinas Instagram online como etiquetas en rollo con c\u00f3digo QR para embalaje de env\u00edo<\/h2>\n<p>Con las etiquetas truzzer \u201cS\u00edguenos en Instagram\u201d con el enlace del c\u00f3digo QR y tu propio nombre de usuario, \u00a1puedes ganar f\u00e1cilmente nuevos seguidores en Instagram! En el pr\u00e1ctico formato redondo, usted hace que su cuenta sea tangible para sus clientes. Pega las etiquetas en tus paquetes o en casi cualquier lugar donde tus clientes puedan verlas.<br \/>\n<strong>-Apto para cualquier superficie lisa<\/strong><br \/>\n<strong>-Para comercios, puertas o como pegatina de coche Instagram<\/strong><br \/>\n<strong>-Mu\u00e9strale a tus clientes que tambi\u00e9n pueden encontrarte en Instagram<\/strong><br \/>\nLas pegatinas \u00abS\u00edguenos en Instagram\u00bb con el enlace del c\u00f3digo QR llevan a sus clientes a su perfil cuando escanean el c\u00f3digo QR.<\/p>\n<p>Informaci\u00f3n para usarlos como adhesivos de esquina Instagram para cajas de env\u00edo:<br \/>\n\u00bfQuieres utilizar las pegatinas como pegatinas de esquina? \u00a1Ning\u00fan problema! Est\u00e1n hechos de manera que haya espacio libre para el \u00abpliegue\u00bb en el medio entre la llamada a la acci\u00f3n y el c\u00f3digo QR, de modo que ni la llamada a la acci\u00f3n ni el c\u00f3digo QR necesiten doblarse cuando se apliquen.<\/p>\n<p>Los productos \u00abS\u00edguenos en Instagram\u00bb son f\u00e1ciles de usar, y nos complace mostrarte a continuaci\u00f3n usando las pegatinas \u00abS\u00edguenos en Instagram\u00bb como ejemplo.<\/p>\n<h3>Paso 1: El cliente escanea el c\u00f3digo QR<\/h3>\n<p>Para seguirte, el cliente s\u00f3lo necesita escanear el c\u00f3digo QR. Todo lo que tienen que hacer es sostener la c\u00e1mara de su tel\u00e9fono inteligente (no se requiere una aplicaci\u00f3n de esc\u00e1ner adicional) sobre el producto.<br \/>\n<img decoding=\"async\" class=\"alignleft wp-image-22262 size-full\" src=\"https:\/\/www.truzzer.com\/wp-content\/uploads\/2026\/02\/how-to-use-the-product-truzzer.jpg.webp\" alt=\"\" width=\"1400\" height=\"933\" \/><br \/>\nLuego aparecer\u00e1 una ventana emergente en la pantalla (iPhone) o aparecer\u00e1 un c\u00f3digo QR (tel\u00e9fonos inteligentes Android\/Google).<\/p>\n<h3>Paso 2: El cliente va directamente al perfil Instagram<\/h3>\n<p>Luego se abre Instagram y el cliente puede seguirlo directamente. Es as\u00ed de simple.<br \/>\nTenga en cuenta: se requiere una cuenta Instagram para ganar seguidores.<\/p>\n","protected":false},"excerpt":{"rendered":"<p>\u00a1Las etiquetas \u201cS\u00edguenos en Instagram\u201d de truzzer! \u00a1El toque final perfecto para el embalaje y un atractivo en cualquier superficie! Convierta a sus clientes en seguidores de Instagram con etiquetas personalizadas \u00abS\u00edguenos en Instagram\u00bb que incluyen su propio nombre de perfil y un enlace QR escaneable a su perfil Instagram.<\/p>\n<p>\u2013 Ideal para cajas de env\u00edo<br \/>\n\u2013 Apto para cualquier superficie lisa<br \/>\n\u2013 Para embalajes, tiendas, puertas o como pegatina de coche Instagram<br \/>\n\u2013 Muestre a los clientes que tambi\u00e9n pueden encontrarlo en Instagram<br \/>\n\u2013 Hecho individualmente para usted<br \/>\n\u2013 Disponible en tres tama\u00f1os<\/p>\n<p>\u00a1Vinculamos el c\u00f3digo QR a su perfil Instagram por usted! Agregue su nombre de usuario m\u00e1s adelante en el proceso de pago, p. \u201c@TuNegocio\u201d.<\/p>\n","protected":false},"featured_media":94742,"comment_status":"open","ping_status":"closed","template":"","meta":{"_acf_changed":false,"_yoast_wpseo_focuskw":"Instagram c\u00f3digo QR Rollo de adhesivos","_yoast_wpseo_title":"Instagram Sticker Labels Roll Clean | truzzer","_yoast_wpseo_metadesc":"M\u00e1s seguidores en Instagram con Instagram Sticker Labels Roll Clean de truzzer. F\u00e1cil configuraci\u00f3n, listo para usar. \u00a1Pide ahora!"},"product_brand":[1660],"product_cat":[532,531,1237,845,846,831,1236],"product_tag":[],"class_list":{"0":"post-94741","1":"product","2":"type-product","3":"status-publish","4":"has-post-thumbnail","6":"product_brand-instagram","7":"product_cat-codigo-qr-pegatinas","8":"product_cat-codigo-qr-productos","9":"product_cat-codigo-qr-rollos-de-pegatinas","10":"product_cat-seguidores-de-instagram-pegatinas","11":"product_cat-seguidores-de-instagram-pegatinas-con-codigo-qr","12":"product_cat-seguidores-de-instagram-productos","13":"product_cat-seguidores-de-instagram-roll-ups-con-codigo-qr","14":"pa_industry-autodealer","15":"pa_industry-detailhandel","16":"pa_industry-events-entertainment","17":"pa_material-plastic","18":"pa_placement-balie-receptie","19":"pa_placement-events-entrance","20":"pa_placement-showroom-lobby","21":"pa_product-type-etiqueta-engomada","22":"pa_product-type-sticker-roll","23":"pa_shape-ronda","24":"pa_technology-codigo-qr","25":"pa_technology-qr-code","27":"first","28":"instock","29":"taxable","30":"shipping-taxable","31":"purchasable","32":"product-type-variable","33":"has-default-attributes"},"acf":[],"yoast_head":"<!-- This site is optimized with the Yoast SEO plugin v27.0 - https:\/\/yoast.com\/product\/yoast-seo-wordpress\/ -->\n<title>Instagram Sticker Labels Roll Clean | truzzer<\/title>\n<meta name=\"description\" content=\"M\u00e1s seguidores en Instagram con Instagram Sticker Labels Roll Clean de truzzer. F\u00e1cil configuraci\u00f3n, listo para usar. \u00a1Pide ahora!\" \/>\n<meta name=\"robots\" content=\"index, follow, max-snippet:-1, max-image-preview:large, max-video-preview:-1\" \/>\n<link rel=\"canonical\" href=\"https:\/\/www.truzzer.com\/es\/producto\/instagram-sticker-labels-roll-clean\/\" \/>\n<meta property=\"og:locale\" content=\"es_ES\" \/>\n<meta property=\"og:type\" content=\"article\" \/>\n<meta property=\"og:title\" content=\"Instagram Sticker Labels Roll Clean | truzzer\" \/>\n<meta property=\"og:description\" content=\"M\u00e1s seguidores en Instagram con Instagram Sticker Labels Roll Clean de truzzer. F\u00e1cil configuraci\u00f3n, listo para usar. \u00a1Pide ahora!\" \/>\n<meta property=\"og:url\" content=\"https:\/\/www.truzzer.com\/es\/producto\/instagram-sticker-labels-roll-clean\/\" \/>\n<meta property=\"og:site_name\" content=\"truzzer\" \/>\n<meta property=\"article:modified_time\" content=\"2026-02-13T08:32:07+00:00\" \/>\n<meta property=\"og:image\" content=\"https:\/\/www.truzzer.com\/wp-content\/uploads\/2026\/02\/Instagram-Sticker-roll-qr-code-link-truzzer-clean-2.jpg\" \/>\n\t<meta property=\"og:image:width\" content=\"1200\" \/>\n\t<meta property=\"og:image:height\" content=\"1200\" \/>\n\t<meta property=\"og:image:type\" content=\"image\/jpeg\" \/>\n<meta name=\"twitter:card\" content=\"summary_large_image\" \/>\n<meta name=\"twitter:label1\" content=\"Tiempo de lectura\" \/>\n\t<meta name=\"twitter:data1\" content=\"2 minutos\" \/>\n<script type=\"application\/ld+json\" class=\"yoast-schema-graph\">{\"@context\":\"https:\/\/schema.org\",\"@graph\":[{\"@type\":\"WebPage\",\"@id\":\"https:\/\/www.truzzer.com\/es\/producto\/instagram-sticker-labels-roll-clean\/\",\"url\":\"https:\/\/www.truzzer.com\/es\/producto\/instagram-sticker-labels-roll-clean\/\",\"name\":\"Instagram Sticker Labels Roll Clean | truzzer\",\"isPartOf\":{\"@id\":\"https:\/\/www.truzzer.com\/es\/#website\"},\"primaryImageOfPage\":{\"@id\":\"https:\/\/www.truzzer.com\/es\/producto\/instagram-sticker-labels-roll-clean\/#primaryimage\"},\"image\":{\"@id\":\"https:\/\/www.truzzer.com\/es\/producto\/instagram-sticker-labels-roll-clean\/#primaryimage\"},\"thumbnailUrl\":\"https:\/\/www.truzzer.com\/wp-content\/uploads\/2026\/02\/Instagram-Sticker-roll-qr-code-link-truzzer-clean-2.jpg\",\"datePublished\":\"2026-02-01T20:04:30+00:00\",\"dateModified\":\"2026-02-13T08:32:07+00:00\",\"description\":\"M\u00e1s seguidores en Instagram con Instagram Sticker Labels Roll Clean de truzzer. F\u00e1cil configuraci\u00f3n, listo para usar. \u00a1Pide ahora!\",\"breadcrumb\":{\"@id\":\"https:\/\/www.truzzer.com\/es\/producto\/instagram-sticker-labels-roll-clean\/#breadcrumb\"},\"inLanguage\":\"es\",\"potentialAction\":[{\"@type\":\"ReadAction\",\"target\":[\"https:\/\/www.truzzer.com\/es\/producto\/instagram-sticker-labels-roll-clean\/\"]}]},{\"@type\":\"ImageObject\",\"inLanguage\":\"es\",\"@id\":\"https:\/\/www.truzzer.com\/es\/producto\/instagram-sticker-labels-roll-clean\/#primaryimage\",\"url\":\"https:\/\/www.truzzer.com\/wp-content\/uploads\/2026\/02\/Instagram-Sticker-roll-qr-code-link-truzzer-clean-2.jpg\",\"contentUrl\":\"https:\/\/www.truzzer.com\/wp-content\/uploads\/2026\/02\/Instagram-Sticker-roll-qr-code-link-truzzer-clean-2.jpg\",\"width\":1200,\"height\":1200},{\"@type\":\"BreadcrumbList\",\"@id\":\"https:\/\/www.truzzer.com\/es\/producto\/instagram-sticker-labels-roll-clean\/#breadcrumb\",\"itemListElement\":[{\"@type\":\"ListItem\",\"position\":1,\"name\":\"Home\",\"item\":\"https:\/\/www.truzzer.com\/es\/\"},{\"@type\":\"ListItem\",\"position\":2,\"name\":\"Tienda\",\"item\":\"https:\/\/www.truzzer.com\/es\/tienda\/\"},{\"@type\":\"ListItem\",\"position\":3,\"name\":\"Instagram Rollo de etiquetas adhesivas limpias\"}]},{\"@type\":\"WebSite\",\"@id\":\"https:\/\/www.truzzer.com\/es\/#website\",\"url\":\"https:\/\/www.truzzer.com\/es\/\",\"name\":\"truzzer\",\"description\":\"Experts for customer trust\",\"publisher\":{\"@id\":\"https:\/\/www.truzzer.com\/es\/#organization\"},\"potentialAction\":[{\"@type\":\"SearchAction\",\"target\":{\"@type\":\"EntryPoint\",\"urlTemplate\":\"https:\/\/www.truzzer.com\/es\/?s={search_term_string}\"},\"query-input\":{\"@type\":\"PropertyValueSpecification\",\"valueRequired\":true,\"valueName\":\"search_term_string\"}}],\"inLanguage\":\"es\"},{\"@type\":\"Organization\",\"@id\":\"https:\/\/www.truzzer.com\/es\/#organization\",\"name\":\"truzzer\",\"url\":\"https:\/\/www.truzzer.com\/es\/\",\"logo\":{\"@type\":\"ImageObject\",\"inLanguage\":\"es\",\"@id\":\"https:\/\/www.truzzer.com\/es\/#\/schema\/logo\/image\/\",\"url\":\"https:\/\/truzzer.com\/wp-content\/uploads\/2026\/01\/truzzer-logo-black-1.svg\",\"contentUrl\":\"https:\/\/truzzer.com\/wp-content\/uploads\/2026\/01\/truzzer-logo-black-1.svg\",\"width\":938,\"height\":199,\"caption\":\"truzzer\"},\"image\":{\"@id\":\"https:\/\/www.truzzer.com\/es\/#\/schema\/logo\/image\/\"}}]}<\/script>\n<!-- \/ Yoast SEO plugin. -->","yoast_head_json":{"title":"Instagram Sticker Labels Roll Clean | truzzer","description":"M\u00e1s seguidores en Instagram con Instagram Sticker Labels Roll Clean de truzzer. F\u00e1cil configuraci\u00f3n, listo para usar. \u00a1Pide ahora!","robots":{"index":"index","follow":"follow","max-snippet":"max-snippet:-1","max-image-preview":"max-image-preview:large","max-video-preview":"max-video-preview:-1"},"canonical":"https:\/\/www.truzzer.com\/es\/producto\/instagram-sticker-labels-roll-clean\/","og_locale":"es_ES","og_type":"article","og_title":"Instagram Sticker Labels Roll Clean | truzzer","og_description":"M\u00e1s seguidores en Instagram con Instagram Sticker Labels Roll Clean de truzzer. F\u00e1cil configuraci\u00f3n, listo para usar. \u00a1Pide ahora!","og_url":"https:\/\/www.truzzer.com\/es\/producto\/instagram-sticker-labels-roll-clean\/","og_site_name":"truzzer","article_modified_time":"2026-02-13T08:32:07+00:00","og_image":[{"width":1200,"height":1200,"url":"https:\/\/www.truzzer.com\/wp-content\/uploads\/2026\/02\/Instagram-Sticker-roll-qr-code-link-truzzer-clean-2.jpg","type":"image\/jpeg"}],"twitter_card":"summary_large_image","twitter_misc":{"Tiempo de lectura":"2 minutos"},"schema":{"@context":"https:\/\/schema.org","@graph":[{"@type":"WebPage","@id":"https:\/\/www.truzzer.com\/es\/producto\/instagram-sticker-labels-roll-clean\/","url":"https:\/\/www.truzzer.com\/es\/producto\/instagram-sticker-labels-roll-clean\/","name":"Instagram Sticker Labels Roll Clean | truzzer","isPartOf":{"@id":"https:\/\/www.truzzer.com\/es\/#website"},"primaryImageOfPage":{"@id":"https:\/\/www.truzzer.com\/es\/producto\/instagram-sticker-labels-roll-clean\/#primaryimage"},"image":{"@id":"https:\/\/www.truzzer.com\/es\/producto\/instagram-sticker-labels-roll-clean\/#primaryimage"},"thumbnailUrl":"https:\/\/www.truzzer.com\/wp-content\/uploads\/2026\/02\/Instagram-Sticker-roll-qr-code-link-truzzer-clean-2.jpg","datePublished":"2026-02-01T20:04:30+00:00","dateModified":"2026-02-13T08:32:07+00:00","description":"M\u00e1s seguidores en Instagram con Instagram Sticker Labels Roll Clean de truzzer. F\u00e1cil configuraci\u00f3n, listo para usar. \u00a1Pide ahora!","breadcrumb":{"@id":"https:\/\/www.truzzer.com\/es\/producto\/instagram-sticker-labels-roll-clean\/#breadcrumb"},"inLanguage":"es","potentialAction":[{"@type":"ReadAction","target":["https:\/\/www.truzzer.com\/es\/producto\/instagram-sticker-labels-roll-clean\/"]}]},{"@type":"ImageObject","inLanguage":"es","@id":"https:\/\/www.truzzer.com\/es\/producto\/instagram-sticker-labels-roll-clean\/#primaryimage","url":"https:\/\/www.truzzer.com\/wp-content\/uploads\/2026\/02\/Instagram-Sticker-roll-qr-code-link-truzzer-clean-2.jpg","contentUrl":"https:\/\/www.truzzer.com\/wp-content\/uploads\/2026\/02\/Instagram-Sticker-roll-qr-code-link-truzzer-clean-2.jpg","width":1200,"height":1200},{"@type":"BreadcrumbList","@id":"https:\/\/www.truzzer.com\/es\/producto\/instagram-sticker-labels-roll-clean\/#breadcrumb","itemListElement":[{"@type":"ListItem","position":1,"name":"Home","item":"https:\/\/www.truzzer.com\/es\/"},{"@type":"ListItem","position":2,"name":"Tienda","item":"https:\/\/www.truzzer.com\/es\/tienda\/"},{"@type":"ListItem","position":3,"name":"Instagram Rollo de etiquetas adhesivas limpias"}]},{"@type":"WebSite","@id":"https:\/\/www.truzzer.com\/es\/#website","url":"https:\/\/www.truzzer.com\/es\/","name":"truzzer","description":"Experts for customer trust","publisher":{"@id":"https:\/\/www.truzzer.com\/es\/#organization"},"potentialAction":[{"@type":"SearchAction","target":{"@type":"EntryPoint","urlTemplate":"https:\/\/www.truzzer.com\/es\/?s={search_term_string}"},"query-input":{"@type":"PropertyValueSpecification","valueRequired":true,"valueName":"search_term_string"}}],"inLanguage":"es"},{"@type":"Organization","@id":"https:\/\/www.truzzer.com\/es\/#organization","name":"truzzer","url":"https:\/\/www.truzzer.com\/es\/","logo":{"@type":"ImageObject","inLanguage":"es","@id":"https:\/\/www.truzzer.com\/es\/#\/schema\/logo\/image\/","url":"https:\/\/truzzer.com\/wp-content\/uploads\/2026\/01\/truzzer-logo-black-1.svg","contentUrl":"https:\/\/truzzer.com\/wp-content\/uploads\/2026\/01\/truzzer-logo-black-1.svg","width":938,"height":199,"caption":"truzzer"},"image":{"@id":"https:\/\/www.truzzer.com\/es\/#\/schema\/logo\/image\/"}}]}},"tiered_pricing_type":"fixed","tiered_pricing_fixed_rules":[],"tiered_pricing_product_settings":{"layout":"default","base_unit_name":{"singular":null,"plural":null},"default_variation":null},"tiered_pricing_minimum_quantity":null,"tiered_pricing_roles_data":[],"tiered_pricing_percentage_rules":[],"tiered_pricing_maximum_quantity":null,"tiered_pricing_quantity_step":null,"_links":{"self":[{"href":"https:\/\/www.truzzer.com\/es\/wp-json\/wp\/v2\/product\/94741","targetHints":{"allow":["GET"]}}],"collection":[{"href":"https:\/\/www.truzzer.com\/es\/wp-json\/wp\/v2\/product"}],"about":[{"href":"https:\/\/www.truzzer.com\/es\/wp-json\/wp\/v2\/types\/product"}],"replies":[{"embeddable":true,"href":"https:\/\/www.truzzer.com\/es\/wp-json\/wp\/v2\/comments?post=94741"}],"wp:featuredmedia":[{"embeddable":true,"href":"https:\/\/www.truzzer.com\/es\/wp-json\/wp\/v2\/media\/94742"}],"wp:attachment":[{"href":"https:\/\/www.truzzer.com\/es\/wp-json\/wp\/v2\/media?parent=94741"}],"wp:term":[{"taxonomy":"product_brand","embeddable":true,"href":"https:\/\/www.truzzer.com\/es\/wp-json\/wp\/v2\/product_brand?post=94741"},{"taxonomy":"product_cat","embeddable":true,"href":"https:\/\/www.truzzer.com\/es\/wp-json\/wp\/v2\/product_cat?post=94741"},{"taxonomy":"product_tag","embeddable":true,"href":"https:\/\/www.truzzer.com\/es\/wp-json\/wp\/v2\/product_tag?post=94741"}],"curies":[{"name":"wp","href":"https:\/\/api.w.org\/{rel}","templated":true}]}}