{"id":94853,"date":"2026-02-01T20:04:13","date_gmt":"2026-02-01T20:04:13","guid":{"rendered":"https:\/\/beta.truzzer.com\/product\/instagram-qr-code-sticker-labels-roll-color\/"},"modified":"2026-02-13T08:34:48","modified_gmt":"2026-02-13T08:34:48","slug":"instagram-qr-code-sticker-labels-roll-color","status":"publish","type":"product","link":"https:\/\/www.truzzer.com\/es\/producto\/instagram-qr-code-sticker-labels-roll-color\/","title":{"rendered":"Instagram QR Color del rollo de etiquetas adhesivas de c\u00f3digo"},"content":{"rendered":"<h2>S\u00edguenos en Instagram Adhesivos online como etiquetas en rollo con c\u00f3digo QR para embalaje de env\u00edo<\/h2>\n<p>Con las etiquetas truzzer S\u00edguenos en Instagram con el enlace del c\u00f3digo QR y tu propio nombre de usuario, \u00a1puedes obtener f\u00e1cilmente nuevos seguidores en Instagram!<\/p>\n<p>Con el pr\u00e1ctico formato redondo, usted hace que su cuenta sea tangible para sus clientes.<br \/>\nColoque las pegatinas en sus paquetes o en cualquier lugar donde sus clientes puedan verlas.<\/p>\n<p><strong>-Apto para cualquier superficie lisa<\/strong><br \/>\n<strong>-Para tiendas, puertas o como adhesivo para coche Instagram<\/strong><br \/>\n<strong>-Muestra a tus clientes que tambi\u00e9n pueden encontrarte en Instagram<\/strong><\/p>\n<p>Las pegatinas S\u00edguenos en Instagram con el enlace del c\u00f3digo QR dirigen a tus clientes a tu perfil cuando escanean el c\u00f3digo QR.<\/p>\n<p>Informaci\u00f3n para usar como adhesivos de esquina Instagram para cajas de env\u00edo:<\/p>\n<p>\u00bfTe gustar\u00eda utilizar las pegatinas como pegatinas en las esquinas? \u00a1Ning\u00fan problema! Estos est\u00e1n hechos de tal manera que hay espacio libre para el \u00abpliegue\u00bb en el medio entre la llamada a la acci\u00f3n y el c\u00f3digo QR, de modo que ni la llamada a la acci\u00f3n ni el c\u00f3digo QR tengan que doblarse cuando se adjuntan.<\/p>\n<p>Los productos S\u00edguenos en Instagram son f\u00e1ciles de usar, y nos gustar\u00eda mostrarte a continuaci\u00f3n usando las pegatinas \u00abS\u00edguenos en Instagram\u00bb como ejemplo.<\/p>\n<h3>Paso 1: El cliente escanea el c\u00f3digo QR<\/h3>\n<p>Para seguirte, el cliente s\u00f3lo tiene que escanear el c\u00f3digo QR. Todo lo que tienes que hacer es sostener la c\u00e1mara del tel\u00e9fono inteligente (no se necesita ninguna aplicaci\u00f3n de esc\u00e1ner adicional) sobre el producto.<\/p>\n<p><img decoding=\"async\" class=\"alignleft wp-image-22262 size-full\" src=\"https:\/\/www.truzzer.com\/wp-content\/uploads\/2026\/02\/how-to-use-the-product-truzzer.jpg.webp\" alt=\"\" width=\"1400\" height=\"933\" \/><\/p>\n<p>Luego aparecer\u00e1 una ventana emergente en la pantalla (iPhone) o aparecer\u00e1 un c\u00f3digo QR (tel\u00e9fonos inteligentes Android\/Google).<\/p>\n<h3>Paso 2: El cliente va directamente al perfil Instagram<\/h3>\n<p>Se abrir\u00e1 Instagram y el cliente podr\u00e1 seguirlo directamente. Muy f\u00e1cil Aviso:<br \/>\nTenga en cuenta que se requiere un perfil Instagram para obtener seguidores.<\/p><\/p>\n","protected":false},"excerpt":{"rendered":"<p><strong>\u00a1La etiqueta \u00abS\u00edguenos en Instagram\u00bb se enrolla desde truzzer!<\/strong><\/p>\n<p>\u00a1Los paquetes de acabado ideales y un atractivo en cada superficie! Convierta a sus clientes en seguidores de Instagram con las etiquetas personalizadas S\u00edguenos en Instagram con su propio nombre de perfil y un enlace QR escaneable a su perfil Instagram.<\/p>\n<p>-Ideal para cajas de env\u00edo<br \/>\n-Adecuado para cualquier superficie lisa<br \/>\n-Para embalajes, almacenes, puertas o como adhesivo de coche Instagram<br \/>\n-Muestra a tus clientes que tambi\u00e9n pueden encontrarte en Instagram<br \/>\n&#8211; Hecho individualmente para usted<br \/>\n-Disponible en tres tama\u00f1os<\/p>\n<p>\u00a1Vincularemos el c\u00f3digo QR a su perfil Instagram por usted!<br \/>\nAgregue su nombre de usuario m\u00e1s abajo en el proceso de pedido, p. \u201c@SuEmpresa\u201d.<\/p>\n","protected":false},"featured_media":94854,"comment_status":"open","ping_status":"closed","template":"","meta":{"_acf_changed":false,"_yoast_wpseo_focuskw":"Instagram c\u00f3digo QR Rollo de adhesivos","_yoast_wpseo_title":"Instagram QR Code Sticker Labels Roll Color | truzzer","_yoast_wpseo_metadesc":"M\u00e1s seguidores en Instagram con Instagram QR Code Sticker Labels Roll Color de truzzer. F\u00e1cil configuraci\u00f3n, listo para usar. \u00a1Pide ahora!"},"product_brand":[1660],"product_cat":[532,531,1237,845,846,831,1236],"product_tag":[],"class_list":{"0":"post-94853","1":"product","2":"type-product","3":"status-publish","4":"has-post-thumbnail","6":"product_brand-instagram","7":"product_cat-codigo-qr-pegatinas","8":"product_cat-codigo-qr-productos","9":"product_cat-codigo-qr-rollos-de-pegatinas","10":"product_cat-seguidores-de-instagram-pegatinas","11":"product_cat-seguidores-de-instagram-pegatinas-con-codigo-qr","12":"product_cat-seguidores-de-instagram-productos","13":"product_cat-seguidores-de-instagram-roll-ups-con-codigo-qr","14":"pa_industry-autodealer","15":"pa_industry-detailhandel","16":"pa_industry-events-entertainment","17":"pa_material-plastic","18":"pa_placement-balie-receptie","19":"pa_placement-events-entrance","20":"pa_placement-showroom-lobby","21":"pa_product-type-etiqueta-engomada","22":"pa_product-type-sticker-roll","23":"pa_shape-ronda","24":"pa_technology-codigo-qr","25":"pa_technology-qr-code","27":"first","28":"instock","29":"taxable","30":"shipping-taxable","31":"purchasable","32":"product-type-variable","33":"has-default-attributes"},"acf":[],"yoast_head":"<!-- This site is optimized with the Yoast SEO plugin v27.0 - https:\/\/yoast.com\/product\/yoast-seo-wordpress\/ -->\n<title>Instagram QR Code Sticker Labels Roll Color | truzzer<\/title>\n<meta name=\"description\" content=\"M\u00e1s seguidores en Instagram con Instagram QR Code Sticker Labels Roll Color de truzzer. F\u00e1cil configuraci\u00f3n, listo para usar. \u00a1Pide ahora!\" \/>\n<meta name=\"robots\" content=\"index, follow, max-snippet:-1, max-image-preview:large, max-video-preview:-1\" \/>\n<link rel=\"canonical\" href=\"https:\/\/www.truzzer.com\/es\/producto\/instagram-qr-code-sticker-labels-roll-color\/\" \/>\n<meta property=\"og:locale\" content=\"es_ES\" \/>\n<meta property=\"og:type\" content=\"article\" \/>\n<meta property=\"og:title\" content=\"Instagram QR Code Sticker Labels Roll Color | truzzer\" \/>\n<meta property=\"og:description\" content=\"M\u00e1s seguidores en Instagram con Instagram QR Code Sticker Labels Roll Color de truzzer. F\u00e1cil configuraci\u00f3n, listo para usar. \u00a1Pide ahora!\" \/>\n<meta property=\"og:url\" content=\"https:\/\/www.truzzer.com\/es\/producto\/instagram-qr-code-sticker-labels-roll-color\/\" \/>\n<meta property=\"og:site_name\" content=\"truzzer\" \/>\n<meta property=\"article:modified_time\" content=\"2026-02-13T08:34:48+00:00\" \/>\n<meta property=\"og:image\" content=\"https:\/\/www.truzzer.com\/wp-content\/uploads\/2026\/02\/Instagram-Sticker-roll-qr-code-link-truzzer-color-1.jpg\" \/>\n\t<meta property=\"og:image:width\" content=\"1200\" \/>\n\t<meta property=\"og:image:height\" content=\"1200\" \/>\n\t<meta property=\"og:image:type\" content=\"image\/jpeg\" \/>\n<meta name=\"twitter:card\" content=\"summary_large_image\" \/>\n<meta name=\"twitter:label1\" content=\"Tiempo de lectura\" \/>\n\t<meta name=\"twitter:data1\" content=\"2 minutos\" \/>\n<script type=\"application\/ld+json\" class=\"yoast-schema-graph\">{\"@context\":\"https:\/\/schema.org\",\"@graph\":[{\"@type\":\"WebPage\",\"@id\":\"https:\/\/www.truzzer.com\/es\/producto\/instagram-qr-code-sticker-labels-roll-color\/\",\"url\":\"https:\/\/www.truzzer.com\/es\/producto\/instagram-qr-code-sticker-labels-roll-color\/\",\"name\":\"Instagram QR Code Sticker Labels Roll Color | truzzer\",\"isPartOf\":{\"@id\":\"https:\/\/www.truzzer.com\/es\/#website\"},\"primaryImageOfPage\":{\"@id\":\"https:\/\/www.truzzer.com\/es\/producto\/instagram-qr-code-sticker-labels-roll-color\/#primaryimage\"},\"image\":{\"@id\":\"https:\/\/www.truzzer.com\/es\/producto\/instagram-qr-code-sticker-labels-roll-color\/#primaryimage\"},\"thumbnailUrl\":\"https:\/\/www.truzzer.com\/wp-content\/uploads\/2026\/02\/Instagram-Sticker-roll-qr-code-link-truzzer-color-1.jpg\",\"datePublished\":\"2026-02-01T20:04:13+00:00\",\"dateModified\":\"2026-02-13T08:34:48+00:00\",\"description\":\"M\u00e1s seguidores en Instagram con Instagram QR Code Sticker Labels Roll Color de truzzer. F\u00e1cil configuraci\u00f3n, listo para usar. \u00a1Pide ahora!\",\"breadcrumb\":{\"@id\":\"https:\/\/www.truzzer.com\/es\/producto\/instagram-qr-code-sticker-labels-roll-color\/#breadcrumb\"},\"inLanguage\":\"es\",\"potentialAction\":[{\"@type\":\"ReadAction\",\"target\":[\"https:\/\/www.truzzer.com\/es\/producto\/instagram-qr-code-sticker-labels-roll-color\/\"]}]},{\"@type\":\"ImageObject\",\"inLanguage\":\"es\",\"@id\":\"https:\/\/www.truzzer.com\/es\/producto\/instagram-qr-code-sticker-labels-roll-color\/#primaryimage\",\"url\":\"https:\/\/www.truzzer.com\/wp-content\/uploads\/2026\/02\/Instagram-Sticker-roll-qr-code-link-truzzer-color-1.jpg\",\"contentUrl\":\"https:\/\/www.truzzer.com\/wp-content\/uploads\/2026\/02\/Instagram-Sticker-roll-qr-code-link-truzzer-color-1.jpg\",\"width\":1200,\"height\":1200},{\"@type\":\"BreadcrumbList\",\"@id\":\"https:\/\/www.truzzer.com\/es\/producto\/instagram-qr-code-sticker-labels-roll-color\/#breadcrumb\",\"itemListElement\":[{\"@type\":\"ListItem\",\"position\":1,\"name\":\"Home\",\"item\":\"https:\/\/www.truzzer.com\/es\/\"},{\"@type\":\"ListItem\",\"position\":2,\"name\":\"Tienda\",\"item\":\"https:\/\/www.truzzer.com\/es\/tienda\/\"},{\"@type\":\"ListItem\",\"position\":3,\"name\":\"Instagram QR Color del rollo de etiquetas adhesivas de c\u00f3digo\"}]},{\"@type\":\"WebSite\",\"@id\":\"https:\/\/www.truzzer.com\/es\/#website\",\"url\":\"https:\/\/www.truzzer.com\/es\/\",\"name\":\"truzzer\",\"description\":\"Experts for customer trust\",\"publisher\":{\"@id\":\"https:\/\/www.truzzer.com\/es\/#organization\"},\"potentialAction\":[{\"@type\":\"SearchAction\",\"target\":{\"@type\":\"EntryPoint\",\"urlTemplate\":\"https:\/\/www.truzzer.com\/es\/?s={search_term_string}\"},\"query-input\":{\"@type\":\"PropertyValueSpecification\",\"valueRequired\":true,\"valueName\":\"search_term_string\"}}],\"inLanguage\":\"es\"},{\"@type\":\"Organization\",\"@id\":\"https:\/\/www.truzzer.com\/es\/#organization\",\"name\":\"truzzer\",\"url\":\"https:\/\/www.truzzer.com\/es\/\",\"logo\":{\"@type\":\"ImageObject\",\"inLanguage\":\"es\",\"@id\":\"https:\/\/www.truzzer.com\/es\/#\/schema\/logo\/image\/\",\"url\":\"https:\/\/truzzer.com\/wp-content\/uploads\/2026\/01\/truzzer-logo-black-1.svg\",\"contentUrl\":\"https:\/\/truzzer.com\/wp-content\/uploads\/2026\/01\/truzzer-logo-black-1.svg\",\"width\":938,\"height\":199,\"caption\":\"truzzer\"},\"image\":{\"@id\":\"https:\/\/www.truzzer.com\/es\/#\/schema\/logo\/image\/\"}}]}<\/script>\n<!-- \/ Yoast SEO plugin. -->","yoast_head_json":{"title":"Instagram QR Code Sticker Labels Roll Color | truzzer","description":"M\u00e1s seguidores en Instagram con Instagram QR Code Sticker Labels Roll Color de truzzer. F\u00e1cil configuraci\u00f3n, listo para usar. \u00a1Pide ahora!","robots":{"index":"index","follow":"follow","max-snippet":"max-snippet:-1","max-image-preview":"max-image-preview:large","max-video-preview":"max-video-preview:-1"},"canonical":"https:\/\/www.truzzer.com\/es\/producto\/instagram-qr-code-sticker-labels-roll-color\/","og_locale":"es_ES","og_type":"article","og_title":"Instagram QR Code Sticker Labels Roll Color | truzzer","og_description":"M\u00e1s seguidores en Instagram con Instagram QR Code Sticker Labels Roll Color de truzzer. F\u00e1cil configuraci\u00f3n, listo para usar. \u00a1Pide ahora!","og_url":"https:\/\/www.truzzer.com\/es\/producto\/instagram-qr-code-sticker-labels-roll-color\/","og_site_name":"truzzer","article_modified_time":"2026-02-13T08:34:48+00:00","og_image":[{"width":1200,"height":1200,"url":"https:\/\/www.truzzer.com\/wp-content\/uploads\/2026\/02\/Instagram-Sticker-roll-qr-code-link-truzzer-color-1.jpg","type":"image\/jpeg"}],"twitter_card":"summary_large_image","twitter_misc":{"Tiempo de lectura":"2 minutos"},"schema":{"@context":"https:\/\/schema.org","@graph":[{"@type":"WebPage","@id":"https:\/\/www.truzzer.com\/es\/producto\/instagram-qr-code-sticker-labels-roll-color\/","url":"https:\/\/www.truzzer.com\/es\/producto\/instagram-qr-code-sticker-labels-roll-color\/","name":"Instagram QR Code Sticker Labels Roll Color | truzzer","isPartOf":{"@id":"https:\/\/www.truzzer.com\/es\/#website"},"primaryImageOfPage":{"@id":"https:\/\/www.truzzer.com\/es\/producto\/instagram-qr-code-sticker-labels-roll-color\/#primaryimage"},"image":{"@id":"https:\/\/www.truzzer.com\/es\/producto\/instagram-qr-code-sticker-labels-roll-color\/#primaryimage"},"thumbnailUrl":"https:\/\/www.truzzer.com\/wp-content\/uploads\/2026\/02\/Instagram-Sticker-roll-qr-code-link-truzzer-color-1.jpg","datePublished":"2026-02-01T20:04:13+00:00","dateModified":"2026-02-13T08:34:48+00:00","description":"M\u00e1s seguidores en Instagram con Instagram QR Code Sticker Labels Roll Color de truzzer. F\u00e1cil configuraci\u00f3n, listo para usar. \u00a1Pide ahora!","breadcrumb":{"@id":"https:\/\/www.truzzer.com\/es\/producto\/instagram-qr-code-sticker-labels-roll-color\/#breadcrumb"},"inLanguage":"es","potentialAction":[{"@type":"ReadAction","target":["https:\/\/www.truzzer.com\/es\/producto\/instagram-qr-code-sticker-labels-roll-color\/"]}]},{"@type":"ImageObject","inLanguage":"es","@id":"https:\/\/www.truzzer.com\/es\/producto\/instagram-qr-code-sticker-labels-roll-color\/#primaryimage","url":"https:\/\/www.truzzer.com\/wp-content\/uploads\/2026\/02\/Instagram-Sticker-roll-qr-code-link-truzzer-color-1.jpg","contentUrl":"https:\/\/www.truzzer.com\/wp-content\/uploads\/2026\/02\/Instagram-Sticker-roll-qr-code-link-truzzer-color-1.jpg","width":1200,"height":1200},{"@type":"BreadcrumbList","@id":"https:\/\/www.truzzer.com\/es\/producto\/instagram-qr-code-sticker-labels-roll-color\/#breadcrumb","itemListElement":[{"@type":"ListItem","position":1,"name":"Home","item":"https:\/\/www.truzzer.com\/es\/"},{"@type":"ListItem","position":2,"name":"Tienda","item":"https:\/\/www.truzzer.com\/es\/tienda\/"},{"@type":"ListItem","position":3,"name":"Instagram QR Color del rollo de etiquetas adhesivas de c\u00f3digo"}]},{"@type":"WebSite","@id":"https:\/\/www.truzzer.com\/es\/#website","url":"https:\/\/www.truzzer.com\/es\/","name":"truzzer","description":"Experts for customer trust","publisher":{"@id":"https:\/\/www.truzzer.com\/es\/#organization"},"potentialAction":[{"@type":"SearchAction","target":{"@type":"EntryPoint","urlTemplate":"https:\/\/www.truzzer.com\/es\/?s={search_term_string}"},"query-input":{"@type":"PropertyValueSpecification","valueRequired":true,"valueName":"search_term_string"}}],"inLanguage":"es"},{"@type":"Organization","@id":"https:\/\/www.truzzer.com\/es\/#organization","name":"truzzer","url":"https:\/\/www.truzzer.com\/es\/","logo":{"@type":"ImageObject","inLanguage":"es","@id":"https:\/\/www.truzzer.com\/es\/#\/schema\/logo\/image\/","url":"https:\/\/truzzer.com\/wp-content\/uploads\/2026\/01\/truzzer-logo-black-1.svg","contentUrl":"https:\/\/truzzer.com\/wp-content\/uploads\/2026\/01\/truzzer-logo-black-1.svg","width":938,"height":199,"caption":"truzzer"},"image":{"@id":"https:\/\/www.truzzer.com\/es\/#\/schema\/logo\/image\/"}}]}},"tiered_pricing_type":"fixed","tiered_pricing_fixed_rules":[],"tiered_pricing_product_settings":{"layout":"default","base_unit_name":{"singular":null,"plural":null},"default_variation":null},"tiered_pricing_minimum_quantity":null,"tiered_pricing_roles_data":[],"tiered_pricing_percentage_rules":[],"tiered_pricing_maximum_quantity":null,"tiered_pricing_quantity_step":null,"_links":{"self":[{"href":"https:\/\/www.truzzer.com\/es\/wp-json\/wp\/v2\/product\/94853","targetHints":{"allow":["GET"]}}],"collection":[{"href":"https:\/\/www.truzzer.com\/es\/wp-json\/wp\/v2\/product"}],"about":[{"href":"https:\/\/www.truzzer.com\/es\/wp-json\/wp\/v2\/types\/product"}],"replies":[{"embeddable":true,"href":"https:\/\/www.truzzer.com\/es\/wp-json\/wp\/v2\/comments?post=94853"}],"wp:featuredmedia":[{"embeddable":true,"href":"https:\/\/www.truzzer.com\/es\/wp-json\/wp\/v2\/media\/94854"}],"wp:attachment":[{"href":"https:\/\/www.truzzer.com\/es\/wp-json\/wp\/v2\/media?parent=94853"}],"wp:term":[{"taxonomy":"product_brand","embeddable":true,"href":"https:\/\/www.truzzer.com\/es\/wp-json\/wp\/v2\/product_brand?post=94853"},{"taxonomy":"product_cat","embeddable":true,"href":"https:\/\/www.truzzer.com\/es\/wp-json\/wp\/v2\/product_cat?post=94853"},{"taxonomy":"product_tag","embeddable":true,"href":"https:\/\/www.truzzer.com\/es\/wp-json\/wp\/v2\/product_tag?post=94853"}],"curies":[{"name":"wp","href":"https:\/\/api.w.org\/{rel}","templated":true}]}}