{"id":97841,"date":"2026-02-01T20:00:47","date_gmt":"2026-02-01T20:00:47","guid":{"rendered":"https:\/\/beta.truzzer.com\/product\/review-us-on-google-hotel-door-hanger-with-google-review-qr-code\/"},"modified":"2026-02-13T07:59:30","modified_gmt":"2026-02-13T07:59:30","slug":"review-us-on-google-hotel-door-hanger-with-google-review-qr-code","status":"publish","type":"product","link":"https:\/\/www.truzzer.com\/es\/producto\/review-us-on-google-hotel-door-hanger-with-google-review-qr-code\/","title":{"rendered":"Rese\u00f1anos sobre el colgador de puerta de hotel Google con el c\u00f3digo QR de revisi\u00f3n Google"},"content":{"rendered":"<h2>Soluci\u00f3n sencilla para generar m\u00e1s rese\u00f1as Google para su hotel<\/h2>\n<p>Para la industria hotelera, las opiniones de los hu\u00e9spedes son uno de los factores m\u00e1s influyentes que contribuyen a las decisiones de reserva, especialmente las opiniones sobre Google.<br \/>\nCon nuestros colgadores de puerta \u00abCalif\u00edcanos en Google\u00bb dise\u00f1ados para hoteles, facilitamos que las empresas hoteleras obtengan de forma r\u00e1pida y sin esfuerzo numerosas rese\u00f1as de Google.<br \/>\nEl proceso es incre\u00edblemente sencillo y la animaci\u00f3n de solicitud de rese\u00f1a en el sitio garantiza que los hu\u00e9spedes no se olviden de opinar sobre su hotel despu\u00e9s de su estad\u00eda.<br \/>\nLos colgadores de puerta de revisi\u00f3n Google se pueden personalizar con su logotipo.<\/p>\n","protected":false},"excerpt":{"rendered":"<h2>Rese\u00f1as de colgadores de puerta para Google<\/h2>\n<p>\u00a1Facilite a los hu\u00e9spedes de su hotel opinar sobre su hotel en Google con los colgadores de puerta para rese\u00f1as de Google de Truzzer!<br \/>\nLos carteles publicitarios en las puertas simplifican el proceso de rese\u00f1ar directamente su hotel al incluir un enlace de c\u00f3digo QR que lo lleva directamente al formulario de rese\u00f1a de su ficha de My Business Google.<br \/>\nEl anverso contiene un llamado a la acci\u00f3n que anima a sus invitados a opinar sobre nosotros en Google.<br \/>\nEn la parte posterior encontrar\u00e1 el c\u00f3digo QR junto con una breve explicaci\u00f3n de c\u00f3mo funciona el proceso de revisi\u00f3n.<br \/>\nD\u00e9 el siguiente paso en marketing de reputaci\u00f3n con la p\u00e1gina &#8220;Rev\u00edsenos en Google&#8221; colgadores de puertas para hoteles!<\/p>\n","protected":false},"featured_media":97845,"comment_status":"open","ping_status":"closed","template":"","meta":{"_acf_changed":false,"_yoast_wpseo_focuskw":"Rese\u00f1a Google Colgador de puerta","_yoast_wpseo_title":"Review us on Google hotel door hanger with Goog... | truzzer","_yoast_wpseo_metadesc":"M\u00e1s rese\u00f1as Google con Review us on Google hotel door hanger with Google review QR code de truzzer. F\u00e1cil configuraci\u00f3n. \u00a1Pide ahora!"},"product_brand":[1654],"product_cat":[1378,531,1379,791,792,793],"product_tag":[],"class_list":{"0":"post-97841","1":"product","2":"type-product","3":"status-publish","4":"has-post-thumbnail","6":"product_brand-google","7":"product_cat-codigo-qr-colgadores-de-puerta","8":"product_cat-codigo-qr-productos","9":"product_cat-resena-de-google-colgadores-de-puerta","10":"product_cat-resena-de-google-productos","11":"product_cat-resena-de-google-tarjetas","12":"product_cat-resena-de-google-tarjetas-de-resena-con-codigo-qr","13":"pa_industry-locales-diensten","14":"pa_industry-oficina-consultoria","15":"pa_industry-onroerend-goed","16":"pa_material-carton","17":"pa_placement-balie-receptie","18":"pa_placement-folleto","19":"pa_placement-portemonnee-personallijk","20":"pa_product-type-door-hangers","21":"pa_technology-qr-code","23":"first","24":"instock","25":"taxable","26":"shipping-taxable","27":"purchasable","28":"product-type-simple"},"acf":[],"yoast_head":"<!-- This site is optimized with the Yoast SEO plugin v27.0 - https:\/\/yoast.com\/product\/yoast-seo-wordpress\/ -->\n<title>Review us on Google hotel door hanger with Goog... | truzzer<\/title>\n<meta name=\"description\" content=\"M\u00e1s rese\u00f1as Google con Review us on Google hotel door hanger with Google review QR code de truzzer. F\u00e1cil configuraci\u00f3n. \u00a1Pide ahora!\" \/>\n<meta name=\"robots\" content=\"index, follow, max-snippet:-1, max-image-preview:large, max-video-preview:-1\" \/>\n<link rel=\"canonical\" href=\"https:\/\/www.truzzer.com\/es\/producto\/review-us-on-google-hotel-door-hanger-with-google-review-qr-code\/\" \/>\n<meta property=\"og:locale\" content=\"es_ES\" \/>\n<meta property=\"og:type\" content=\"article\" \/>\n<meta property=\"og:title\" content=\"Review us on Google hotel door hanger with Goog... | truzzer\" \/>\n<meta property=\"og:description\" content=\"M\u00e1s rese\u00f1as Google con Review us on Google hotel door hanger with Google review QR code de truzzer. F\u00e1cil configuraci\u00f3n. \u00a1Pide ahora!\" \/>\n<meta property=\"og:url\" content=\"https:\/\/www.truzzer.com\/es\/producto\/review-us-on-google-hotel-door-hanger-with-google-review-qr-code\/\" \/>\n<meta property=\"og:site_name\" content=\"truzzer\" \/>\n<meta property=\"article:modified_time\" content=\"2026-02-13T07:59:30+00:00\" \/>\n<meta property=\"og:image\" content=\"https:\/\/www.truzzer.com\/wp-content\/uploads\/2026\/02\/google-review-door-hanger-truzzer-s-1.jpg\" \/>\n\t<meta property=\"og:image:width\" content=\"1200\" \/>\n\t<meta property=\"og:image:height\" content=\"1200\" \/>\n\t<meta property=\"og:image:type\" content=\"image\/jpeg\" \/>\n<meta name=\"twitter:card\" content=\"summary_large_image\" \/>\n<meta name=\"twitter:label1\" content=\"Tiempo de lectura\" \/>\n\t<meta name=\"twitter:data1\" content=\"1 minuto\" \/>\n<script type=\"application\/ld+json\" class=\"yoast-schema-graph\">{\"@context\":\"https:\/\/schema.org\",\"@graph\":[{\"@type\":\"WebPage\",\"@id\":\"https:\/\/www.truzzer.com\/es\/producto\/review-us-on-google-hotel-door-hanger-with-google-review-qr-code\/\",\"url\":\"https:\/\/www.truzzer.com\/es\/producto\/review-us-on-google-hotel-door-hanger-with-google-review-qr-code\/\",\"name\":\"Review us on Google hotel door hanger with Goog... | truzzer\",\"isPartOf\":{\"@id\":\"https:\/\/www.truzzer.com\/es\/#website\"},\"primaryImageOfPage\":{\"@id\":\"https:\/\/www.truzzer.com\/es\/producto\/review-us-on-google-hotel-door-hanger-with-google-review-qr-code\/#primaryimage\"},\"image\":{\"@id\":\"https:\/\/www.truzzer.com\/es\/producto\/review-us-on-google-hotel-door-hanger-with-google-review-qr-code\/#primaryimage\"},\"thumbnailUrl\":\"https:\/\/www.truzzer.com\/wp-content\/uploads\/2026\/02\/google-review-door-hanger-truzzer-s-1.jpg\",\"datePublished\":\"2026-02-01T20:00:47+00:00\",\"dateModified\":\"2026-02-13T07:59:30+00:00\",\"description\":\"M\u00e1s rese\u00f1as Google con Review us on Google hotel door hanger with Google review QR code de truzzer. F\u00e1cil configuraci\u00f3n. \u00a1Pide ahora!\",\"breadcrumb\":{\"@id\":\"https:\/\/www.truzzer.com\/es\/producto\/review-us-on-google-hotel-door-hanger-with-google-review-qr-code\/#breadcrumb\"},\"inLanguage\":\"es\",\"potentialAction\":[{\"@type\":\"ReadAction\",\"target\":[\"https:\/\/www.truzzer.com\/es\/producto\/review-us-on-google-hotel-door-hanger-with-google-review-qr-code\/\"]}]},{\"@type\":\"ImageObject\",\"inLanguage\":\"es\",\"@id\":\"https:\/\/www.truzzer.com\/es\/producto\/review-us-on-google-hotel-door-hanger-with-google-review-qr-code\/#primaryimage\",\"url\":\"https:\/\/www.truzzer.com\/wp-content\/uploads\/2026\/02\/google-review-door-hanger-truzzer-s-1.jpg\",\"contentUrl\":\"https:\/\/www.truzzer.com\/wp-content\/uploads\/2026\/02\/google-review-door-hanger-truzzer-s-1.jpg\",\"width\":1200,\"height\":1200},{\"@type\":\"BreadcrumbList\",\"@id\":\"https:\/\/www.truzzer.com\/es\/producto\/review-us-on-google-hotel-door-hanger-with-google-review-qr-code\/#breadcrumb\",\"itemListElement\":[{\"@type\":\"ListItem\",\"position\":1,\"name\":\"Home\",\"item\":\"https:\/\/www.truzzer.com\/es\/\"},{\"@type\":\"ListItem\",\"position\":2,\"name\":\"Tienda\",\"item\":\"https:\/\/www.truzzer.com\/es\/tienda\/\"},{\"@type\":\"ListItem\",\"position\":3,\"name\":\"Rese\u00f1anos sobre el colgador de puerta de hotel Google con el c\u00f3digo QR de revisi\u00f3n Google\"}]},{\"@type\":\"WebSite\",\"@id\":\"https:\/\/www.truzzer.com\/es\/#website\",\"url\":\"https:\/\/www.truzzer.com\/es\/\",\"name\":\"truzzer\",\"description\":\"Experts for customer trust\",\"publisher\":{\"@id\":\"https:\/\/www.truzzer.com\/es\/#organization\"},\"potentialAction\":[{\"@type\":\"SearchAction\",\"target\":{\"@type\":\"EntryPoint\",\"urlTemplate\":\"https:\/\/www.truzzer.com\/es\/?s={search_term_string}\"},\"query-input\":{\"@type\":\"PropertyValueSpecification\",\"valueRequired\":true,\"valueName\":\"search_term_string\"}}],\"inLanguage\":\"es\"},{\"@type\":\"Organization\",\"@id\":\"https:\/\/www.truzzer.com\/es\/#organization\",\"name\":\"truzzer\",\"url\":\"https:\/\/www.truzzer.com\/es\/\",\"logo\":{\"@type\":\"ImageObject\",\"inLanguage\":\"es\",\"@id\":\"https:\/\/www.truzzer.com\/es\/#\/schema\/logo\/image\/\",\"url\":\"https:\/\/truzzer.com\/wp-content\/uploads\/2026\/01\/truzzer-logo-black-1.svg\",\"contentUrl\":\"https:\/\/truzzer.com\/wp-content\/uploads\/2026\/01\/truzzer-logo-black-1.svg\",\"width\":938,\"height\":199,\"caption\":\"truzzer\"},\"image\":{\"@id\":\"https:\/\/www.truzzer.com\/es\/#\/schema\/logo\/image\/\"}}]}<\/script>\n<!-- \/ Yoast SEO plugin. -->","yoast_head_json":{"title":"Review us on Google hotel door hanger with Goog... | truzzer","description":"M\u00e1s rese\u00f1as Google con Review us on Google hotel door hanger with Google review QR code de truzzer. F\u00e1cil configuraci\u00f3n. \u00a1Pide ahora!","robots":{"index":"index","follow":"follow","max-snippet":"max-snippet:-1","max-image-preview":"max-image-preview:large","max-video-preview":"max-video-preview:-1"},"canonical":"https:\/\/www.truzzer.com\/es\/producto\/review-us-on-google-hotel-door-hanger-with-google-review-qr-code\/","og_locale":"es_ES","og_type":"article","og_title":"Review us on Google hotel door hanger with Goog... | truzzer","og_description":"M\u00e1s rese\u00f1as Google con Review us on Google hotel door hanger with Google review QR code de truzzer. F\u00e1cil configuraci\u00f3n. \u00a1Pide ahora!","og_url":"https:\/\/www.truzzer.com\/es\/producto\/review-us-on-google-hotel-door-hanger-with-google-review-qr-code\/","og_site_name":"truzzer","article_modified_time":"2026-02-13T07:59:30+00:00","og_image":[{"width":1200,"height":1200,"url":"https:\/\/www.truzzer.com\/wp-content\/uploads\/2026\/02\/google-review-door-hanger-truzzer-s-1.jpg","type":"image\/jpeg"}],"twitter_card":"summary_large_image","twitter_misc":{"Tiempo de lectura":"1 minuto"},"schema":{"@context":"https:\/\/schema.org","@graph":[{"@type":"WebPage","@id":"https:\/\/www.truzzer.com\/es\/producto\/review-us-on-google-hotel-door-hanger-with-google-review-qr-code\/","url":"https:\/\/www.truzzer.com\/es\/producto\/review-us-on-google-hotel-door-hanger-with-google-review-qr-code\/","name":"Review us on Google hotel door hanger with Goog... | truzzer","isPartOf":{"@id":"https:\/\/www.truzzer.com\/es\/#website"},"primaryImageOfPage":{"@id":"https:\/\/www.truzzer.com\/es\/producto\/review-us-on-google-hotel-door-hanger-with-google-review-qr-code\/#primaryimage"},"image":{"@id":"https:\/\/www.truzzer.com\/es\/producto\/review-us-on-google-hotel-door-hanger-with-google-review-qr-code\/#primaryimage"},"thumbnailUrl":"https:\/\/www.truzzer.com\/wp-content\/uploads\/2026\/02\/google-review-door-hanger-truzzer-s-1.jpg","datePublished":"2026-02-01T20:00:47+00:00","dateModified":"2026-02-13T07:59:30+00:00","description":"M\u00e1s rese\u00f1as Google con Review us on Google hotel door hanger with Google review QR code de truzzer. F\u00e1cil configuraci\u00f3n. \u00a1Pide ahora!","breadcrumb":{"@id":"https:\/\/www.truzzer.com\/es\/producto\/review-us-on-google-hotel-door-hanger-with-google-review-qr-code\/#breadcrumb"},"inLanguage":"es","potentialAction":[{"@type":"ReadAction","target":["https:\/\/www.truzzer.com\/es\/producto\/review-us-on-google-hotel-door-hanger-with-google-review-qr-code\/"]}]},{"@type":"ImageObject","inLanguage":"es","@id":"https:\/\/www.truzzer.com\/es\/producto\/review-us-on-google-hotel-door-hanger-with-google-review-qr-code\/#primaryimage","url":"https:\/\/www.truzzer.com\/wp-content\/uploads\/2026\/02\/google-review-door-hanger-truzzer-s-1.jpg","contentUrl":"https:\/\/www.truzzer.com\/wp-content\/uploads\/2026\/02\/google-review-door-hanger-truzzer-s-1.jpg","width":1200,"height":1200},{"@type":"BreadcrumbList","@id":"https:\/\/www.truzzer.com\/es\/producto\/review-us-on-google-hotel-door-hanger-with-google-review-qr-code\/#breadcrumb","itemListElement":[{"@type":"ListItem","position":1,"name":"Home","item":"https:\/\/www.truzzer.com\/es\/"},{"@type":"ListItem","position":2,"name":"Tienda","item":"https:\/\/www.truzzer.com\/es\/tienda\/"},{"@type":"ListItem","position":3,"name":"Rese\u00f1anos sobre el colgador de puerta de hotel Google con el c\u00f3digo QR de revisi\u00f3n Google"}]},{"@type":"WebSite","@id":"https:\/\/www.truzzer.com\/es\/#website","url":"https:\/\/www.truzzer.com\/es\/","name":"truzzer","description":"Experts for customer trust","publisher":{"@id":"https:\/\/www.truzzer.com\/es\/#organization"},"potentialAction":[{"@type":"SearchAction","target":{"@type":"EntryPoint","urlTemplate":"https:\/\/www.truzzer.com\/es\/?s={search_term_string}"},"query-input":{"@type":"PropertyValueSpecification","valueRequired":true,"valueName":"search_term_string"}}],"inLanguage":"es"},{"@type":"Organization","@id":"https:\/\/www.truzzer.com\/es\/#organization","name":"truzzer","url":"https:\/\/www.truzzer.com\/es\/","logo":{"@type":"ImageObject","inLanguage":"es","@id":"https:\/\/www.truzzer.com\/es\/#\/schema\/logo\/image\/","url":"https:\/\/truzzer.com\/wp-content\/uploads\/2026\/01\/truzzer-logo-black-1.svg","contentUrl":"https:\/\/truzzer.com\/wp-content\/uploads\/2026\/01\/truzzer-logo-black-1.svg","width":938,"height":199,"caption":"truzzer"},"image":{"@id":"https:\/\/www.truzzer.com\/es\/#\/schema\/logo\/image\/"}}]}},"tiered_pricing_type":"fixed","tiered_pricing_fixed_rules":[],"tiered_pricing_product_settings":{"layout":"default","base_unit_name":{"singular":null,"plural":null},"default_variation":null},"tiered_pricing_minimum_quantity":null,"tiered_pricing_roles_data":[],"tiered_pricing_percentage_rules":[],"tiered_pricing_maximum_quantity":null,"tiered_pricing_quantity_step":null,"_links":{"self":[{"href":"https:\/\/www.truzzer.com\/es\/wp-json\/wp\/v2\/product\/97841","targetHints":{"allow":["GET"]}}],"collection":[{"href":"https:\/\/www.truzzer.com\/es\/wp-json\/wp\/v2\/product"}],"about":[{"href":"https:\/\/www.truzzer.com\/es\/wp-json\/wp\/v2\/types\/product"}],"replies":[{"embeddable":true,"href":"https:\/\/www.truzzer.com\/es\/wp-json\/wp\/v2\/comments?post=97841"}],"wp:featuredmedia":[{"embeddable":true,"href":"https:\/\/www.truzzer.com\/es\/wp-json\/wp\/v2\/media\/97845"}],"wp:attachment":[{"href":"https:\/\/www.truzzer.com\/es\/wp-json\/wp\/v2\/media?parent=97841"}],"wp:term":[{"taxonomy":"product_brand","embeddable":true,"href":"https:\/\/www.truzzer.com\/es\/wp-json\/wp\/v2\/product_brand?post=97841"},{"taxonomy":"product_cat","embeddable":true,"href":"https:\/\/www.truzzer.com\/es\/wp-json\/wp\/v2\/product_cat?post=97841"},{"taxonomy":"product_tag","embeddable":true,"href":"https:\/\/www.truzzer.com\/es\/wp-json\/wp\/v2\/product_tag?post=97841"}],"curies":[{"name":"wp","href":"https:\/\/api.w.org\/{rel}","templated":true}]}}