{"id":97847,"date":"2026-02-01T20:00:38","date_gmt":"2026-02-01T20:00:38","guid":{"rendered":"https:\/\/beta.truzzer.com\/product\/whatsapp-chat-nfc-business-card-tap\/"},"modified":"2026-02-13T08:00:48","modified_gmt":"2026-02-13T08:00:48","slug":"whatsapp-chat-nfc-business-card-tap","status":"publish","type":"product","link":"https:\/\/www.truzzer.com\/es\/producto\/whatsapp-chat-nfc-business-card-tap\/","title":{"rendered":"WhatsApp Chat NFC Tarjeta de visita \u201cToque\u201d"},"content":{"rendered":"","protected":false},"excerpt":{"rendered":"<h2>Ofrecemos m\u00e1s servicios con las tarjetas de visita sin contacto NFC WhatsApp.<\/h2>\n<p>Facilite que sus clientes se comuniquen con usted en WhatsApp con las tarjetas de visita sin contacto WhatsApp Chat NFC.<br \/>\nPersonalizado con su propio c\u00f3digo QR y enlace NFC que lleva directamente a sus clientes a su chat WhatsApp.<br \/>\nTodo lo que sus clientes deben hacer es acercar su tel\u00e9fono inteligente a la tarjeta. El chat WhatsApp contigo se abrir\u00e1 instant\u00e1neamente.<br \/>\nNos encargamos de la vinculaci\u00f3n del NFC &amp; \u00a1C\u00f3digos QR para tu perfil WhatsApp!<\/p>\n<h3><strong>C\u00f3mo las tarjetas NFC le ayudan a mejorar el servicio al cliente<\/strong><\/h3>\n<ul>\n<li>No m\u00e1s b\u00fasquedas ni dificultades: <strong>El enlace NFC y el c\u00f3digo WhatsApp QR conducen directamente a tu chat<\/strong> (lo creamos nosotros).<\/li>\n<li><strong>Tangible<\/strong>: Las tarjetas NFC hacen que su soporte WhatsApp sea f\u00e1cilmente accesible.<\/li>\n<li>No se requiere ninguna aplicaci\u00f3n adicional.<\/li>\n<li>Atraer todas las miradas: dise\u00f1o moderno.<\/li>\n<\/ul>\n<p><strong>\u00a1Nos encargamos de crear y vincular el enlace NFC, as\u00ed como el c\u00f3digo QR a tu perfil de chat WhatsApp!<\/strong><\/p>\n","protected":false},"featured_media":97855,"comment_status":"open","ping_status":"closed","template":"","meta":{"_acf_changed":false,"_yoast_wpseo_focuskw":"WhatsApp c\u00f3digo QR Tarjeta NFC","_yoast_wpseo_title":"WhatsApp Chat NFC Business Card \u201cTap\u201d | truzzer","_yoast_wpseo_metadesc":"Con\u00e9ctate por WhatsApp con WhatsApp Chat NFC Business Card \u201cTap\u201d de truzzer. F\u00e1cil configuraci\u00f3n, listo para usar. \u00a1Pide ahora!"},"product_brand":[1705],"product_cat":[934,950,1380,582,583],"product_tag":[],"class_list":{"0":"post-97847","1":"product","2":"type-product","3":"status-publish","4":"has-post-thumbnail","6":"product_brand-whatsapp","7":"product_cat-chat-de-whatsapp-productos","8":"product_cat-chat-de-whatsapp-tarjetas-de-visita","9":"product_cat-chat-de-whatsapp-tarjetas-de-visita-con-nfc","10":"product_cat-nfc-productos","11":"product_cat-nfc-tarjetas-de-visita","12":"pa_industry-locales-diensten","13":"pa_industry-oficina-consultoria","14":"pa_industry-onroerend-goed","15":"pa_material-carton","16":"pa_material-plastic","17":"pa_orientation-portrett","18":"pa_placement-balie-receptie","19":"pa_placement-folleto","20":"pa_placement-portemonnee-personallijk","21":"pa_product-type-visitekaartjes","22":"pa_shape-rechthoek","23":"pa_technology-nfc","24":"pa_technology-qrnfc","26":"first","27":"instock","28":"taxable","29":"shipping-taxable","30":"purchasable","31":"product-type-simple"},"acf":[],"yoast_head":"<!-- This site is optimized with the Yoast SEO plugin v27.0 - https:\/\/yoast.com\/product\/yoast-seo-wordpress\/ -->\n<title>WhatsApp Chat NFC Business Card \u201cTap\u201d | truzzer<\/title>\n<meta name=\"description\" content=\"Con\u00e9ctate por WhatsApp con WhatsApp Chat NFC Business Card \u201cTap\u201d de truzzer. F\u00e1cil configuraci\u00f3n, listo para usar. \u00a1Pide ahora!\" \/>\n<meta name=\"robots\" content=\"index, follow, max-snippet:-1, max-image-preview:large, max-video-preview:-1\" \/>\n<link rel=\"canonical\" href=\"https:\/\/www.truzzer.com\/es\/producto\/whatsapp-chat-nfc-business-card-tap\/\" \/>\n<meta property=\"og:locale\" content=\"es_ES\" \/>\n<meta property=\"og:type\" content=\"article\" \/>\n<meta property=\"og:title\" content=\"WhatsApp Chat NFC Business Card \u201cTap\u201d | truzzer\" \/>\n<meta property=\"og:description\" content=\"Con\u00e9ctate por WhatsApp con WhatsApp Chat NFC Business Card \u201cTap\u201d de truzzer. F\u00e1cil configuraci\u00f3n, listo para usar. \u00a1Pide ahora!\" \/>\n<meta property=\"og:url\" content=\"https:\/\/www.truzzer.com\/es\/producto\/whatsapp-chat-nfc-business-card-tap\/\" \/>\n<meta property=\"og:site_name\" content=\"truzzer\" \/>\n<meta property=\"article:modified_time\" content=\"2026-02-13T08:00:48+00:00\" \/>\n<meta property=\"og:image\" content=\"https:\/\/www.truzzer.com\/wp-content\/uploads\/2026\/02\/WHATSAPP-CHAT-NFC-VISITENKARTE-EMPFEHLIO-FRONT-1-1.jpg\" \/>\n\t<meta property=\"og:image:width\" content=\"1200\" \/>\n\t<meta property=\"og:image:height\" content=\"1200\" \/>\n\t<meta property=\"og:image:type\" content=\"image\/jpeg\" \/>\n<meta name=\"twitter:card\" content=\"summary_large_image\" \/>\n<script type=\"application\/ld+json\" class=\"yoast-schema-graph\">{\"@context\":\"https:\/\/schema.org\",\"@graph\":[{\"@type\":\"WebPage\",\"@id\":\"https:\/\/www.truzzer.com\/es\/producto\/whatsapp-chat-nfc-business-card-tap\/\",\"url\":\"https:\/\/www.truzzer.com\/es\/producto\/whatsapp-chat-nfc-business-card-tap\/\",\"name\":\"WhatsApp Chat NFC Business Card \u201cTap\u201d | truzzer\",\"isPartOf\":{\"@id\":\"https:\/\/www.truzzer.com\/es\/#website\"},\"primaryImageOfPage\":{\"@id\":\"https:\/\/www.truzzer.com\/es\/producto\/whatsapp-chat-nfc-business-card-tap\/#primaryimage\"},\"image\":{\"@id\":\"https:\/\/www.truzzer.com\/es\/producto\/whatsapp-chat-nfc-business-card-tap\/#primaryimage\"},\"thumbnailUrl\":\"https:\/\/www.truzzer.com\/wp-content\/uploads\/2026\/02\/WHATSAPP-CHAT-NFC-VISITENKARTE-EMPFEHLIO-FRONT-1-1.jpg\",\"datePublished\":\"2026-02-01T20:00:38+00:00\",\"dateModified\":\"2026-02-13T08:00:48+00:00\",\"description\":\"Con\u00e9ctate por WhatsApp con WhatsApp Chat NFC Business Card \u201cTap\u201d de truzzer. F\u00e1cil configuraci\u00f3n, listo para usar. \u00a1Pide ahora!\",\"breadcrumb\":{\"@id\":\"https:\/\/www.truzzer.com\/es\/producto\/whatsapp-chat-nfc-business-card-tap\/#breadcrumb\"},\"inLanguage\":\"es\",\"potentialAction\":[{\"@type\":\"ReadAction\",\"target\":[\"https:\/\/www.truzzer.com\/es\/producto\/whatsapp-chat-nfc-business-card-tap\/\"]}]},{\"@type\":\"ImageObject\",\"inLanguage\":\"es\",\"@id\":\"https:\/\/www.truzzer.com\/es\/producto\/whatsapp-chat-nfc-business-card-tap\/#primaryimage\",\"url\":\"https:\/\/www.truzzer.com\/wp-content\/uploads\/2026\/02\/WHATSAPP-CHAT-NFC-VISITENKARTE-EMPFEHLIO-FRONT-1-1.jpg\",\"contentUrl\":\"https:\/\/www.truzzer.com\/wp-content\/uploads\/2026\/02\/WHATSAPP-CHAT-NFC-VISITENKARTE-EMPFEHLIO-FRONT-1-1.jpg\",\"width\":1200,\"height\":1200},{\"@type\":\"BreadcrumbList\",\"@id\":\"https:\/\/www.truzzer.com\/es\/producto\/whatsapp-chat-nfc-business-card-tap\/#breadcrumb\",\"itemListElement\":[{\"@type\":\"ListItem\",\"position\":1,\"name\":\"Home\",\"item\":\"https:\/\/www.truzzer.com\/es\/\"},{\"@type\":\"ListItem\",\"position\":2,\"name\":\"Tienda\",\"item\":\"https:\/\/www.truzzer.com\/es\/tienda\/\"},{\"@type\":\"ListItem\",\"position\":3,\"name\":\"WhatsApp Chat NFC Tarjeta de visita \u201cToque\u201d\"}]},{\"@type\":\"WebSite\",\"@id\":\"https:\/\/www.truzzer.com\/es\/#website\",\"url\":\"https:\/\/www.truzzer.com\/es\/\",\"name\":\"truzzer\",\"description\":\"Experts for customer trust\",\"publisher\":{\"@id\":\"https:\/\/www.truzzer.com\/es\/#organization\"},\"potentialAction\":[{\"@type\":\"SearchAction\",\"target\":{\"@type\":\"EntryPoint\",\"urlTemplate\":\"https:\/\/www.truzzer.com\/es\/?s={search_term_string}\"},\"query-input\":{\"@type\":\"PropertyValueSpecification\",\"valueRequired\":true,\"valueName\":\"search_term_string\"}}],\"inLanguage\":\"es\"},{\"@type\":\"Organization\",\"@id\":\"https:\/\/www.truzzer.com\/es\/#organization\",\"name\":\"truzzer\",\"url\":\"https:\/\/www.truzzer.com\/es\/\",\"logo\":{\"@type\":\"ImageObject\",\"inLanguage\":\"es\",\"@id\":\"https:\/\/www.truzzer.com\/es\/#\/schema\/logo\/image\/\",\"url\":\"https:\/\/truzzer.com\/wp-content\/uploads\/2026\/01\/truzzer-logo-black-1.svg\",\"contentUrl\":\"https:\/\/truzzer.com\/wp-content\/uploads\/2026\/01\/truzzer-logo-black-1.svg\",\"width\":938,\"height\":199,\"caption\":\"truzzer\"},\"image\":{\"@id\":\"https:\/\/www.truzzer.com\/es\/#\/schema\/logo\/image\/\"}}]}<\/script>\n<!-- \/ Yoast SEO plugin. -->","yoast_head_json":{"title":"WhatsApp Chat NFC Business Card \u201cTap\u201d | truzzer","description":"Con\u00e9ctate por WhatsApp con WhatsApp Chat NFC Business Card \u201cTap\u201d de truzzer. F\u00e1cil configuraci\u00f3n, listo para usar. \u00a1Pide ahora!","robots":{"index":"index","follow":"follow","max-snippet":"max-snippet:-1","max-image-preview":"max-image-preview:large","max-video-preview":"max-video-preview:-1"},"canonical":"https:\/\/www.truzzer.com\/es\/producto\/whatsapp-chat-nfc-business-card-tap\/","og_locale":"es_ES","og_type":"article","og_title":"WhatsApp Chat NFC Business Card \u201cTap\u201d | truzzer","og_description":"Con\u00e9ctate por WhatsApp con WhatsApp Chat NFC Business Card \u201cTap\u201d de truzzer. F\u00e1cil configuraci\u00f3n, listo para usar. \u00a1Pide ahora!","og_url":"https:\/\/www.truzzer.com\/es\/producto\/whatsapp-chat-nfc-business-card-tap\/","og_site_name":"truzzer","article_modified_time":"2026-02-13T08:00:48+00:00","og_image":[{"width":1200,"height":1200,"url":"https:\/\/www.truzzer.com\/wp-content\/uploads\/2026\/02\/WHATSAPP-CHAT-NFC-VISITENKARTE-EMPFEHLIO-FRONT-1-1.jpg","type":"image\/jpeg"}],"twitter_card":"summary_large_image","schema":{"@context":"https:\/\/schema.org","@graph":[{"@type":"WebPage","@id":"https:\/\/www.truzzer.com\/es\/producto\/whatsapp-chat-nfc-business-card-tap\/","url":"https:\/\/www.truzzer.com\/es\/producto\/whatsapp-chat-nfc-business-card-tap\/","name":"WhatsApp Chat NFC Business Card \u201cTap\u201d | truzzer","isPartOf":{"@id":"https:\/\/www.truzzer.com\/es\/#website"},"primaryImageOfPage":{"@id":"https:\/\/www.truzzer.com\/es\/producto\/whatsapp-chat-nfc-business-card-tap\/#primaryimage"},"image":{"@id":"https:\/\/www.truzzer.com\/es\/producto\/whatsapp-chat-nfc-business-card-tap\/#primaryimage"},"thumbnailUrl":"https:\/\/www.truzzer.com\/wp-content\/uploads\/2026\/02\/WHATSAPP-CHAT-NFC-VISITENKARTE-EMPFEHLIO-FRONT-1-1.jpg","datePublished":"2026-02-01T20:00:38+00:00","dateModified":"2026-02-13T08:00:48+00:00","description":"Con\u00e9ctate por WhatsApp con WhatsApp Chat NFC Business Card \u201cTap\u201d de truzzer. F\u00e1cil configuraci\u00f3n, listo para usar. \u00a1Pide ahora!","breadcrumb":{"@id":"https:\/\/www.truzzer.com\/es\/producto\/whatsapp-chat-nfc-business-card-tap\/#breadcrumb"},"inLanguage":"es","potentialAction":[{"@type":"ReadAction","target":["https:\/\/www.truzzer.com\/es\/producto\/whatsapp-chat-nfc-business-card-tap\/"]}]},{"@type":"ImageObject","inLanguage":"es","@id":"https:\/\/www.truzzer.com\/es\/producto\/whatsapp-chat-nfc-business-card-tap\/#primaryimage","url":"https:\/\/www.truzzer.com\/wp-content\/uploads\/2026\/02\/WHATSAPP-CHAT-NFC-VISITENKARTE-EMPFEHLIO-FRONT-1-1.jpg","contentUrl":"https:\/\/www.truzzer.com\/wp-content\/uploads\/2026\/02\/WHATSAPP-CHAT-NFC-VISITENKARTE-EMPFEHLIO-FRONT-1-1.jpg","width":1200,"height":1200},{"@type":"BreadcrumbList","@id":"https:\/\/www.truzzer.com\/es\/producto\/whatsapp-chat-nfc-business-card-tap\/#breadcrumb","itemListElement":[{"@type":"ListItem","position":1,"name":"Home","item":"https:\/\/www.truzzer.com\/es\/"},{"@type":"ListItem","position":2,"name":"Tienda","item":"https:\/\/www.truzzer.com\/es\/tienda\/"},{"@type":"ListItem","position":3,"name":"WhatsApp Chat NFC Tarjeta de visita \u201cToque\u201d"}]},{"@type":"WebSite","@id":"https:\/\/www.truzzer.com\/es\/#website","url":"https:\/\/www.truzzer.com\/es\/","name":"truzzer","description":"Experts for customer trust","publisher":{"@id":"https:\/\/www.truzzer.com\/es\/#organization"},"potentialAction":[{"@type":"SearchAction","target":{"@type":"EntryPoint","urlTemplate":"https:\/\/www.truzzer.com\/es\/?s={search_term_string}"},"query-input":{"@type":"PropertyValueSpecification","valueRequired":true,"valueName":"search_term_string"}}],"inLanguage":"es"},{"@type":"Organization","@id":"https:\/\/www.truzzer.com\/es\/#organization","name":"truzzer","url":"https:\/\/www.truzzer.com\/es\/","logo":{"@type":"ImageObject","inLanguage":"es","@id":"https:\/\/www.truzzer.com\/es\/#\/schema\/logo\/image\/","url":"https:\/\/truzzer.com\/wp-content\/uploads\/2026\/01\/truzzer-logo-black-1.svg","contentUrl":"https:\/\/truzzer.com\/wp-content\/uploads\/2026\/01\/truzzer-logo-black-1.svg","width":938,"height":199,"caption":"truzzer"},"image":{"@id":"https:\/\/www.truzzer.com\/es\/#\/schema\/logo\/image\/"}}]}},"tiered_pricing_type":"fixed","tiered_pricing_fixed_rules":[],"tiered_pricing_product_settings":{"layout":"default","base_unit_name":{"singular":null,"plural":null},"default_variation":null},"tiered_pricing_minimum_quantity":null,"tiered_pricing_roles_data":[],"tiered_pricing_percentage_rules":[],"tiered_pricing_maximum_quantity":null,"tiered_pricing_quantity_step":null,"_links":{"self":[{"href":"https:\/\/www.truzzer.com\/es\/wp-json\/wp\/v2\/product\/97847","targetHints":{"allow":["GET"]}}],"collection":[{"href":"https:\/\/www.truzzer.com\/es\/wp-json\/wp\/v2\/product"}],"about":[{"href":"https:\/\/www.truzzer.com\/es\/wp-json\/wp\/v2\/types\/product"}],"replies":[{"embeddable":true,"href":"https:\/\/www.truzzer.com\/es\/wp-json\/wp\/v2\/comments?post=97847"}],"wp:featuredmedia":[{"embeddable":true,"href":"https:\/\/www.truzzer.com\/es\/wp-json\/wp\/v2\/media\/97855"}],"wp:attachment":[{"href":"https:\/\/www.truzzer.com\/es\/wp-json\/wp\/v2\/media?parent=97847"}],"wp:term":[{"taxonomy":"product_brand","embeddable":true,"href":"https:\/\/www.truzzer.com\/es\/wp-json\/wp\/v2\/product_brand?post=97847"},{"taxonomy":"product_cat","embeddable":true,"href":"https:\/\/www.truzzer.com\/es\/wp-json\/wp\/v2\/product_cat?post=97847"},{"taxonomy":"product_tag","embeddable":true,"href":"https:\/\/www.truzzer.com\/es\/wp-json\/wp\/v2\/product_tag?post=97847"}],"curies":[{"name":"wp","href":"https:\/\/api.w.org\/{rel}","templated":true}]}}