{"id":97869,"date":"2026-02-01T20:00:12","date_gmt":"2026-02-01T20:00:12","guid":{"rendered":"https:\/\/beta.truzzer.com\/product\/instagram-nfc-tag-action-button\/"},"modified":"2026-02-13T08:04:31","modified_gmt":"2026-02-13T08:04:31","slug":"instagram-nfc-tag-action-button","status":"publish","type":"product","link":"https:\/\/www.truzzer.com\/es\/producto\/instagram-nfc-tag-action-button\/","title":{"rendered":"Instagram NFC Bot\u00f3n de acci\u00f3n de etiqueta"},"content":{"rendered":"","protected":false},"excerpt":{"rendered":"<p>Descubre los botones de acci\u00f3n Truzzer NFC. Los botones de acci\u00f3n NFC de Truzzer son el impulso del marketing digital local para su negocio y facilitan que sus clientes se conecten con usted, ya que los botones de acci\u00f3n NFC eliminan la barrera entre lo offline y lo online.<\/p>\n<p>Todo lo que sus clientes deben hacer es sostener su tel\u00e9fono inteligente cerca del bot\u00f3n de acci\u00f3n y su perfil Instagram se abrir\u00e1 en la p\u00e1gina de sus clientes. tel\u00e9fonos inteligentes: sin b\u00fasquedas, sin solicitudes, sin preguntas.<\/p>\n<ul>\n<li>F\u00e1cil de usar, simplemente sostenga el tel\u00e9fono inteligente cerca del bot\u00f3n de acci\u00f3n y la acci\u00f3n se abrir\u00e1 en la ventana del cliente. tel\u00e9fonos inteligentes.<\/li>\n<li>Limpio: los botones de acci\u00f3n son resistentes al agua y se pueden limpiar con un pa\u00f1o.<\/li>\n<li>Duradero: el revestimiento adhesivo se adhiere a todas las superficies planas (mesas, ventanas, etc.).<\/li>\n<li>Llamativo y llamativo. Destacados: Con una altura de poco menos de 1 cent\u00edmetro, los botones de acci\u00f3n destacan y llaman la atenci\u00f3n.<\/li>\n<li>Conveniente para usted: proporcione su informaci\u00f3n en la configuraci\u00f3n siguiente y nosotros nos encargaremos del enlace.<\/li>\n<\/ul>\n","protected":false},"featured_media":97873,"comment_status":"open","ping_status":"closed","template":"","meta":{"_acf_changed":false,"_yoast_wpseo_focuskw":"Instagram c\u00f3digo QR NFC Tag","_yoast_wpseo_title":"Instagram NFC Tag Action Button | truzzer","_yoast_wpseo_metadesc":"M\u00e1s seguidores en Instagram con Instagram NFC Tag Action Button de truzzer. F\u00e1cil configuraci\u00f3n, listo para usar. \u00a1Pide ahora!"},"product_brand":[1660],"product_cat":[582,1385],"product_tag":[],"class_list":{"0":"post-97869","1":"product","2":"type-product","3":"status-publish","4":"has-post-thumbnail","6":"product_brand-instagram","7":"product_cat-nfc-productos","8":"product_cat-seguidores-de-instagram-otro-con-nfc","9":"pa_material-plastic","10":"pa_product-type-nfc-tags","11":"pa_technology-nfc","13":"first","14":"instock","15":"taxable","16":"shipping-taxable","17":"purchasable","18":"product-type-simple"},"acf":[],"yoast_head":"<!-- This site is optimized with the Yoast SEO plugin v27.0 - https:\/\/yoast.com\/product\/yoast-seo-wordpress\/ -->\n<title>Instagram NFC Tag Action Button | truzzer<\/title>\n<meta name=\"description\" content=\"M\u00e1s seguidores en Instagram con Instagram NFC Tag Action Button de truzzer. F\u00e1cil configuraci\u00f3n, listo para usar. \u00a1Pide ahora!\" \/>\n<meta name=\"robots\" content=\"index, follow, max-snippet:-1, max-image-preview:large, max-video-preview:-1\" \/>\n<link rel=\"canonical\" href=\"https:\/\/www.truzzer.com\/es\/producto\/instagram-nfc-tag-action-button\/\" \/>\n<meta property=\"og:locale\" content=\"es_ES\" \/>\n<meta property=\"og:type\" content=\"article\" \/>\n<meta property=\"og:title\" content=\"Instagram NFC Tag Action Button | truzzer\" \/>\n<meta property=\"og:description\" content=\"M\u00e1s seguidores en Instagram con Instagram NFC Tag Action Button de truzzer. F\u00e1cil configuraci\u00f3n, listo para usar. \u00a1Pide ahora!\" \/>\n<meta property=\"og:url\" content=\"https:\/\/www.truzzer.com\/es\/producto\/instagram-nfc-tag-action-button\/\" \/>\n<meta property=\"og:site_name\" content=\"truzzer\" \/>\n<meta property=\"article:modified_time\" content=\"2026-02-13T08:04:31+00:00\" \/>\n<meta property=\"og:image\" content=\"https:\/\/www.truzzer.com\/wp-content\/uploads\/2026\/02\/NFC-ACTION-BUTTON-INSTAGRAM-empfehlio-truzzer-1-1.jpg\" \/>\n\t<meta property=\"og:image:width\" content=\"1400\" \/>\n\t<meta property=\"og:image:height\" content=\"1400\" \/>\n\t<meta property=\"og:image:type\" content=\"image\/jpeg\" \/>\n<meta name=\"twitter:card\" content=\"summary_large_image\" \/>\n<script type=\"application\/ld+json\" class=\"yoast-schema-graph\">{\"@context\":\"https:\/\/schema.org\",\"@graph\":[{\"@type\":\"WebPage\",\"@id\":\"https:\/\/www.truzzer.com\/es\/producto\/instagram-nfc-tag-action-button\/\",\"url\":\"https:\/\/www.truzzer.com\/es\/producto\/instagram-nfc-tag-action-button\/\",\"name\":\"Instagram NFC Tag Action Button | truzzer\",\"isPartOf\":{\"@id\":\"https:\/\/www.truzzer.com\/es\/#website\"},\"primaryImageOfPage\":{\"@id\":\"https:\/\/www.truzzer.com\/es\/producto\/instagram-nfc-tag-action-button\/#primaryimage\"},\"image\":{\"@id\":\"https:\/\/www.truzzer.com\/es\/producto\/instagram-nfc-tag-action-button\/#primaryimage\"},\"thumbnailUrl\":\"https:\/\/www.truzzer.com\/wp-content\/uploads\/2026\/02\/NFC-ACTION-BUTTON-INSTAGRAM-empfehlio-truzzer-1-1.jpg\",\"datePublished\":\"2026-02-01T20:00:12+00:00\",\"dateModified\":\"2026-02-13T08:04:31+00:00\",\"description\":\"M\u00e1s seguidores en Instagram con Instagram NFC Tag Action Button de truzzer. F\u00e1cil configuraci\u00f3n, listo para usar. \u00a1Pide ahora!\",\"breadcrumb\":{\"@id\":\"https:\/\/www.truzzer.com\/es\/producto\/instagram-nfc-tag-action-button\/#breadcrumb\"},\"inLanguage\":\"es\",\"potentialAction\":[{\"@type\":\"ReadAction\",\"target\":[\"https:\/\/www.truzzer.com\/es\/producto\/instagram-nfc-tag-action-button\/\"]}]},{\"@type\":\"ImageObject\",\"inLanguage\":\"es\",\"@id\":\"https:\/\/www.truzzer.com\/es\/producto\/instagram-nfc-tag-action-button\/#primaryimage\",\"url\":\"https:\/\/www.truzzer.com\/wp-content\/uploads\/2026\/02\/NFC-ACTION-BUTTON-INSTAGRAM-empfehlio-truzzer-1-1.jpg\",\"contentUrl\":\"https:\/\/www.truzzer.com\/wp-content\/uploads\/2026\/02\/NFC-ACTION-BUTTON-INSTAGRAM-empfehlio-truzzer-1-1.jpg\",\"width\":1400,\"height\":1400},{\"@type\":\"BreadcrumbList\",\"@id\":\"https:\/\/www.truzzer.com\/es\/producto\/instagram-nfc-tag-action-button\/#breadcrumb\",\"itemListElement\":[{\"@type\":\"ListItem\",\"position\":1,\"name\":\"Home\",\"item\":\"https:\/\/www.truzzer.com\/es\/\"},{\"@type\":\"ListItem\",\"position\":2,\"name\":\"Tienda\",\"item\":\"https:\/\/www.truzzer.com\/es\/tienda\/\"},{\"@type\":\"ListItem\",\"position\":3,\"name\":\"Instagram NFC Bot\u00f3n de acci\u00f3n de etiqueta\"}]},{\"@type\":\"WebSite\",\"@id\":\"https:\/\/www.truzzer.com\/es\/#website\",\"url\":\"https:\/\/www.truzzer.com\/es\/\",\"name\":\"truzzer\",\"description\":\"Experts for customer trust\",\"publisher\":{\"@id\":\"https:\/\/www.truzzer.com\/es\/#organization\"},\"potentialAction\":[{\"@type\":\"SearchAction\",\"target\":{\"@type\":\"EntryPoint\",\"urlTemplate\":\"https:\/\/www.truzzer.com\/es\/?s={search_term_string}\"},\"query-input\":{\"@type\":\"PropertyValueSpecification\",\"valueRequired\":true,\"valueName\":\"search_term_string\"}}],\"inLanguage\":\"es\"},{\"@type\":\"Organization\",\"@id\":\"https:\/\/www.truzzer.com\/es\/#organization\",\"name\":\"truzzer\",\"url\":\"https:\/\/www.truzzer.com\/es\/\",\"logo\":{\"@type\":\"ImageObject\",\"inLanguage\":\"es\",\"@id\":\"https:\/\/www.truzzer.com\/es\/#\/schema\/logo\/image\/\",\"url\":\"https:\/\/truzzer.com\/wp-content\/uploads\/2026\/01\/truzzer-logo-black-1.svg\",\"contentUrl\":\"https:\/\/truzzer.com\/wp-content\/uploads\/2026\/01\/truzzer-logo-black-1.svg\",\"width\":938,\"height\":199,\"caption\":\"truzzer\"},\"image\":{\"@id\":\"https:\/\/www.truzzer.com\/es\/#\/schema\/logo\/image\/\"}}]}<\/script>\n<!-- \/ Yoast SEO plugin. -->","yoast_head_json":{"title":"Instagram NFC Tag Action Button | truzzer","description":"M\u00e1s seguidores en Instagram con Instagram NFC Tag Action Button de truzzer. F\u00e1cil configuraci\u00f3n, listo para usar. \u00a1Pide ahora!","robots":{"index":"index","follow":"follow","max-snippet":"max-snippet:-1","max-image-preview":"max-image-preview:large","max-video-preview":"max-video-preview:-1"},"canonical":"https:\/\/www.truzzer.com\/es\/producto\/instagram-nfc-tag-action-button\/","og_locale":"es_ES","og_type":"article","og_title":"Instagram NFC Tag Action Button | truzzer","og_description":"M\u00e1s seguidores en Instagram con Instagram NFC Tag Action Button de truzzer. F\u00e1cil configuraci\u00f3n, listo para usar. \u00a1Pide ahora!","og_url":"https:\/\/www.truzzer.com\/es\/producto\/instagram-nfc-tag-action-button\/","og_site_name":"truzzer","article_modified_time":"2026-02-13T08:04:31+00:00","og_image":[{"width":1400,"height":1400,"url":"https:\/\/www.truzzer.com\/wp-content\/uploads\/2026\/02\/NFC-ACTION-BUTTON-INSTAGRAM-empfehlio-truzzer-1-1.jpg","type":"image\/jpeg"}],"twitter_card":"summary_large_image","schema":{"@context":"https:\/\/schema.org","@graph":[{"@type":"WebPage","@id":"https:\/\/www.truzzer.com\/es\/producto\/instagram-nfc-tag-action-button\/","url":"https:\/\/www.truzzer.com\/es\/producto\/instagram-nfc-tag-action-button\/","name":"Instagram NFC Tag Action Button | truzzer","isPartOf":{"@id":"https:\/\/www.truzzer.com\/es\/#website"},"primaryImageOfPage":{"@id":"https:\/\/www.truzzer.com\/es\/producto\/instagram-nfc-tag-action-button\/#primaryimage"},"image":{"@id":"https:\/\/www.truzzer.com\/es\/producto\/instagram-nfc-tag-action-button\/#primaryimage"},"thumbnailUrl":"https:\/\/www.truzzer.com\/wp-content\/uploads\/2026\/02\/NFC-ACTION-BUTTON-INSTAGRAM-empfehlio-truzzer-1-1.jpg","datePublished":"2026-02-01T20:00:12+00:00","dateModified":"2026-02-13T08:04:31+00:00","description":"M\u00e1s seguidores en Instagram con Instagram NFC Tag Action Button de truzzer. F\u00e1cil configuraci\u00f3n, listo para usar. \u00a1Pide ahora!","breadcrumb":{"@id":"https:\/\/www.truzzer.com\/es\/producto\/instagram-nfc-tag-action-button\/#breadcrumb"},"inLanguage":"es","potentialAction":[{"@type":"ReadAction","target":["https:\/\/www.truzzer.com\/es\/producto\/instagram-nfc-tag-action-button\/"]}]},{"@type":"ImageObject","inLanguage":"es","@id":"https:\/\/www.truzzer.com\/es\/producto\/instagram-nfc-tag-action-button\/#primaryimage","url":"https:\/\/www.truzzer.com\/wp-content\/uploads\/2026\/02\/NFC-ACTION-BUTTON-INSTAGRAM-empfehlio-truzzer-1-1.jpg","contentUrl":"https:\/\/www.truzzer.com\/wp-content\/uploads\/2026\/02\/NFC-ACTION-BUTTON-INSTAGRAM-empfehlio-truzzer-1-1.jpg","width":1400,"height":1400},{"@type":"BreadcrumbList","@id":"https:\/\/www.truzzer.com\/es\/producto\/instagram-nfc-tag-action-button\/#breadcrumb","itemListElement":[{"@type":"ListItem","position":1,"name":"Home","item":"https:\/\/www.truzzer.com\/es\/"},{"@type":"ListItem","position":2,"name":"Tienda","item":"https:\/\/www.truzzer.com\/es\/tienda\/"},{"@type":"ListItem","position":3,"name":"Instagram NFC Bot\u00f3n de acci\u00f3n de etiqueta"}]},{"@type":"WebSite","@id":"https:\/\/www.truzzer.com\/es\/#website","url":"https:\/\/www.truzzer.com\/es\/","name":"truzzer","description":"Experts for customer trust","publisher":{"@id":"https:\/\/www.truzzer.com\/es\/#organization"},"potentialAction":[{"@type":"SearchAction","target":{"@type":"EntryPoint","urlTemplate":"https:\/\/www.truzzer.com\/es\/?s={search_term_string}"},"query-input":{"@type":"PropertyValueSpecification","valueRequired":true,"valueName":"search_term_string"}}],"inLanguage":"es"},{"@type":"Organization","@id":"https:\/\/www.truzzer.com\/es\/#organization","name":"truzzer","url":"https:\/\/www.truzzer.com\/es\/","logo":{"@type":"ImageObject","inLanguage":"es","@id":"https:\/\/www.truzzer.com\/es\/#\/schema\/logo\/image\/","url":"https:\/\/truzzer.com\/wp-content\/uploads\/2026\/01\/truzzer-logo-black-1.svg","contentUrl":"https:\/\/truzzer.com\/wp-content\/uploads\/2026\/01\/truzzer-logo-black-1.svg","width":938,"height":199,"caption":"truzzer"},"image":{"@id":"https:\/\/www.truzzer.com\/es\/#\/schema\/logo\/image\/"}}]}},"tiered_pricing_type":"fixed","tiered_pricing_fixed_rules":[],"tiered_pricing_product_settings":{"layout":"default","base_unit_name":{"singular":null,"plural":null},"default_variation":null},"tiered_pricing_minimum_quantity":null,"tiered_pricing_roles_data":[],"tiered_pricing_percentage_rules":[],"tiered_pricing_maximum_quantity":null,"tiered_pricing_quantity_step":null,"_links":{"self":[{"href":"https:\/\/www.truzzer.com\/es\/wp-json\/wp\/v2\/product\/97869","targetHints":{"allow":["GET"]}}],"collection":[{"href":"https:\/\/www.truzzer.com\/es\/wp-json\/wp\/v2\/product"}],"about":[{"href":"https:\/\/www.truzzer.com\/es\/wp-json\/wp\/v2\/types\/product"}],"replies":[{"embeddable":true,"href":"https:\/\/www.truzzer.com\/es\/wp-json\/wp\/v2\/comments?post=97869"}],"wp:featuredmedia":[{"embeddable":true,"href":"https:\/\/www.truzzer.com\/es\/wp-json\/wp\/v2\/media\/97873"}],"wp:attachment":[{"href":"https:\/\/www.truzzer.com\/es\/wp-json\/wp\/v2\/media?parent=97869"}],"wp:term":[{"taxonomy":"product_brand","embeddable":true,"href":"https:\/\/www.truzzer.com\/es\/wp-json\/wp\/v2\/product_brand?post=97869"},{"taxonomy":"product_cat","embeddable":true,"href":"https:\/\/www.truzzer.com\/es\/wp-json\/wp\/v2\/product_cat?post=97869"},{"taxonomy":"product_tag","embeddable":true,"href":"https:\/\/www.truzzer.com\/es\/wp-json\/wp\/v2\/product_tag?post=97869"}],"curies":[{"name":"wp","href":"https:\/\/api.w.org\/{rel}","templated":true}]}}