{"id":97895,"date":"2026-02-01T19:59:26","date_gmt":"2026-02-01T19:59:26","guid":{"rendered":"https:\/\/beta.truzzer.com\/product\/tripadvisor-recensie-nfc-tag-actieknop\/"},"modified":"2026-02-13T08:08:10","modified_gmt":"2026-02-13T08:08:10","slug":"tripadvisor-recensie-nfc-tag-actieknop","status":"publish","type":"product","link":"https:\/\/www.truzzer.com\/es\/producto\/tripadvisor-recensie-nfc-tag-actieknop\/","title":{"rendered":"TripAdvisor-recensie NFC-tag Actieknop"},"content":{"rendered":"","protected":false},"excerpt":{"rendered":"<p>Ontdek de NFC-actieknoppen van truzzer. Los contactos activos de NFC con truzzer incluyen marketing digital local e impulsan y crean un contacto con usted mismo. El NFC-actieknoppen nemen de barri\u00e8re tussen offline y online weg. Je klanten hoeven alleen maar hun smartphone bij de actieknop te houden en de TripAdvisor-recensie wordt direct op de smartphone van je klanten geopend \u2013 zonder zoeken, zonder verzoeken, zonder vragen.<\/p>\n<ul>\n<li> Gemakkelijk te gebruiken: houd de smartphone gewoon bij de actieknop y de actie wordt gestastart op de smartphones van de klanten.<\/li>\n<li> Schoon: De actieknoppen zijn waterdicht y kunnen worden schoongemaakt met een afwasmiddel.<\/li>\n<li> Duurzaam: De kleeflaag hecht op alle vlakke oppervlakken (tafels, ramen, enz.).<\/li>\n<li> Opvallend &amp; Destacado: Met een hoogte van iets minder dan 1 cent\u00edmetro vallen de Action Buttons op en zijn een echte blikvanger.<\/li>\n<li> Handig voor u: Vul hieronder uw gegevens in, dan zorgen wij voor de koppeling.<\/li>\n<\/ul>\n","protected":false},"featured_media":97897,"comment_status":"open","ping_status":"closed","template":"","meta":{"_acf_changed":false,"_yoast_wpseo_focuskw":"Rese\u00f1a TripAdvisor NFC Tag","_yoast_wpseo_title":"TripAdvisor-recensie NFC-tag Actieknop | truzzer","_yoast_wpseo_metadesc":"Refuerza tu reputaci\u00f3n en TripAdvisor con TripAdvisor-recensie NFC-tag Actieknop de truzzer. F\u00e1cil configuraci\u00f3n, listo para usar. \u00a1Pide ahora!"},"product_brand":[1691],"product_cat":[582,1390],"product_tag":[],"class_list":{"0":"post-97895","1":"product","2":"type-product","3":"status-publish","4":"has-post-thumbnail","6":"product_brand-tripadvisor","7":"product_cat-nfc-productos","8":"product_cat-resenas-de-tripadvisor-tarjetas-de-visita-con-nfc","9":"pa_industry-locales-diensten","10":"pa_industry-oficina-consultoria","11":"pa_industry-onroerend-goed","12":"pa_material-carton","13":"pa_placement-balie-receptie","14":"pa_placement-folleto","15":"pa_placement-portemonnee-personallijk","16":"pa_product-type-nfc-tags","17":"pa_technology-nfc","19":"first","20":"instock","21":"taxable","22":"shipping-taxable","23":"purchasable","24":"product-type-simple"},"acf":[],"yoast_head":"<!-- This site is optimized with the Yoast SEO plugin v27.0 - https:\/\/yoast.com\/product\/yoast-seo-wordpress\/ -->\n<title>TripAdvisor-recensie NFC-tag Actieknop | truzzer<\/title>\n<meta name=\"description\" content=\"Refuerza tu reputaci\u00f3n en TripAdvisor con TripAdvisor-recensie NFC-tag Actieknop de truzzer. F\u00e1cil configuraci\u00f3n, listo para usar. \u00a1Pide ahora!\" \/>\n<meta name=\"robots\" content=\"index, follow, max-snippet:-1, max-image-preview:large, max-video-preview:-1\" \/>\n<link rel=\"canonical\" href=\"https:\/\/www.truzzer.com\/es\/producto\/tripadvisor-recensie-nfc-tag-actieknop\/\" \/>\n<meta property=\"og:locale\" content=\"es_ES\" \/>\n<meta property=\"og:type\" content=\"article\" \/>\n<meta property=\"og:title\" content=\"TripAdvisor-recensie NFC-tag Actieknop | truzzer\" \/>\n<meta property=\"og:description\" content=\"Refuerza tu reputaci\u00f3n en TripAdvisor con TripAdvisor-recensie NFC-tag Actieknop de truzzer. F\u00e1cil configuraci\u00f3n, listo para usar. \u00a1Pide ahora!\" \/>\n<meta property=\"og:url\" content=\"https:\/\/www.truzzer.com\/es\/producto\/tripadvisor-recensie-nfc-tag-actieknop\/\" \/>\n<meta property=\"og:site_name\" content=\"truzzer\" \/>\n<meta property=\"article:modified_time\" content=\"2026-02-13T08:08:10+00:00\" \/>\n<meta property=\"og:image\" content=\"https:\/\/www.truzzer.com\/wp-content\/uploads\/2026\/02\/nfc-action-button-tripadvisor-bewertungen-empfehlio-truzzer-3.jpg\" \/>\n\t<meta property=\"og:image:width\" content=\"1400\" \/>\n\t<meta property=\"og:image:height\" content=\"1400\" \/>\n\t<meta property=\"og:image:type\" content=\"image\/jpeg\" \/>\n<meta name=\"twitter:card\" content=\"summary_large_image\" \/>\n<script type=\"application\/ld+json\" class=\"yoast-schema-graph\">{\"@context\":\"https:\/\/schema.org\",\"@graph\":[{\"@type\":\"WebPage\",\"@id\":\"https:\/\/www.truzzer.com\/es\/producto\/tripadvisor-recensie-nfc-tag-actieknop\/\",\"url\":\"https:\/\/www.truzzer.com\/es\/producto\/tripadvisor-recensie-nfc-tag-actieknop\/\",\"name\":\"TripAdvisor-recensie NFC-tag Actieknop | truzzer\",\"isPartOf\":{\"@id\":\"https:\/\/www.truzzer.com\/es\/#website\"},\"primaryImageOfPage\":{\"@id\":\"https:\/\/www.truzzer.com\/es\/producto\/tripadvisor-recensie-nfc-tag-actieknop\/#primaryimage\"},\"image\":{\"@id\":\"https:\/\/www.truzzer.com\/es\/producto\/tripadvisor-recensie-nfc-tag-actieknop\/#primaryimage\"},\"thumbnailUrl\":\"https:\/\/www.truzzer.com\/wp-content\/uploads\/2026\/02\/nfc-action-button-tripadvisor-bewertungen-empfehlio-truzzer-3.jpg\",\"datePublished\":\"2026-02-01T19:59:26+00:00\",\"dateModified\":\"2026-02-13T08:08:10+00:00\",\"description\":\"Refuerza tu reputaci\u00f3n en TripAdvisor con TripAdvisor-recensie NFC-tag Actieknop de truzzer. F\u00e1cil configuraci\u00f3n, listo para usar. \u00a1Pide ahora!\",\"breadcrumb\":{\"@id\":\"https:\/\/www.truzzer.com\/es\/producto\/tripadvisor-recensie-nfc-tag-actieknop\/#breadcrumb\"},\"inLanguage\":\"es\",\"potentialAction\":[{\"@type\":\"ReadAction\",\"target\":[\"https:\/\/www.truzzer.com\/es\/producto\/tripadvisor-recensie-nfc-tag-actieknop\/\"]}]},{\"@type\":\"ImageObject\",\"inLanguage\":\"es\",\"@id\":\"https:\/\/www.truzzer.com\/es\/producto\/tripadvisor-recensie-nfc-tag-actieknop\/#primaryimage\",\"url\":\"https:\/\/www.truzzer.com\/wp-content\/uploads\/2026\/02\/nfc-action-button-tripadvisor-bewertungen-empfehlio-truzzer-3.jpg\",\"contentUrl\":\"https:\/\/www.truzzer.com\/wp-content\/uploads\/2026\/02\/nfc-action-button-tripadvisor-bewertungen-empfehlio-truzzer-3.jpg\",\"width\":1400,\"height\":1400},{\"@type\":\"BreadcrumbList\",\"@id\":\"https:\/\/www.truzzer.com\/es\/producto\/tripadvisor-recensie-nfc-tag-actieknop\/#breadcrumb\",\"itemListElement\":[{\"@type\":\"ListItem\",\"position\":1,\"name\":\"Home\",\"item\":\"https:\/\/www.truzzer.com\/es\/\"},{\"@type\":\"ListItem\",\"position\":2,\"name\":\"Tienda\",\"item\":\"https:\/\/www.truzzer.com\/es\/tienda\/\"},{\"@type\":\"ListItem\",\"position\":3,\"name\":\"TripAdvisor-recensie NFC-tag Actieknop\"}]},{\"@type\":\"WebSite\",\"@id\":\"https:\/\/www.truzzer.com\/es\/#website\",\"url\":\"https:\/\/www.truzzer.com\/es\/\",\"name\":\"truzzer\",\"description\":\"Experts for customer trust\",\"publisher\":{\"@id\":\"https:\/\/www.truzzer.com\/es\/#organization\"},\"potentialAction\":[{\"@type\":\"SearchAction\",\"target\":{\"@type\":\"EntryPoint\",\"urlTemplate\":\"https:\/\/www.truzzer.com\/es\/?s={search_term_string}\"},\"query-input\":{\"@type\":\"PropertyValueSpecification\",\"valueRequired\":true,\"valueName\":\"search_term_string\"}}],\"inLanguage\":\"es\"},{\"@type\":\"Organization\",\"@id\":\"https:\/\/www.truzzer.com\/es\/#organization\",\"name\":\"truzzer\",\"url\":\"https:\/\/www.truzzer.com\/es\/\",\"logo\":{\"@type\":\"ImageObject\",\"inLanguage\":\"es\",\"@id\":\"https:\/\/www.truzzer.com\/es\/#\/schema\/logo\/image\/\",\"url\":\"https:\/\/truzzer.com\/wp-content\/uploads\/2026\/01\/truzzer-logo-black-1.svg\",\"contentUrl\":\"https:\/\/truzzer.com\/wp-content\/uploads\/2026\/01\/truzzer-logo-black-1.svg\",\"width\":938,\"height\":199,\"caption\":\"truzzer\"},\"image\":{\"@id\":\"https:\/\/www.truzzer.com\/es\/#\/schema\/logo\/image\/\"}}]}<\/script>\n<!-- \/ Yoast SEO plugin. -->","yoast_head_json":{"title":"TripAdvisor-recensie NFC-tag Actieknop | truzzer","description":"Refuerza tu reputaci\u00f3n en TripAdvisor con TripAdvisor-recensie NFC-tag Actieknop de truzzer. F\u00e1cil configuraci\u00f3n, listo para usar. \u00a1Pide ahora!","robots":{"index":"index","follow":"follow","max-snippet":"max-snippet:-1","max-image-preview":"max-image-preview:large","max-video-preview":"max-video-preview:-1"},"canonical":"https:\/\/www.truzzer.com\/es\/producto\/tripadvisor-recensie-nfc-tag-actieknop\/","og_locale":"es_ES","og_type":"article","og_title":"TripAdvisor-recensie NFC-tag Actieknop | truzzer","og_description":"Refuerza tu reputaci\u00f3n en TripAdvisor con TripAdvisor-recensie NFC-tag Actieknop de truzzer. F\u00e1cil configuraci\u00f3n, listo para usar. \u00a1Pide ahora!","og_url":"https:\/\/www.truzzer.com\/es\/producto\/tripadvisor-recensie-nfc-tag-actieknop\/","og_site_name":"truzzer","article_modified_time":"2026-02-13T08:08:10+00:00","og_image":[{"width":1400,"height":1400,"url":"https:\/\/www.truzzer.com\/wp-content\/uploads\/2026\/02\/nfc-action-button-tripadvisor-bewertungen-empfehlio-truzzer-3.jpg","type":"image\/jpeg"}],"twitter_card":"summary_large_image","schema":{"@context":"https:\/\/schema.org","@graph":[{"@type":"WebPage","@id":"https:\/\/www.truzzer.com\/es\/producto\/tripadvisor-recensie-nfc-tag-actieknop\/","url":"https:\/\/www.truzzer.com\/es\/producto\/tripadvisor-recensie-nfc-tag-actieknop\/","name":"TripAdvisor-recensie NFC-tag Actieknop | truzzer","isPartOf":{"@id":"https:\/\/www.truzzer.com\/es\/#website"},"primaryImageOfPage":{"@id":"https:\/\/www.truzzer.com\/es\/producto\/tripadvisor-recensie-nfc-tag-actieknop\/#primaryimage"},"image":{"@id":"https:\/\/www.truzzer.com\/es\/producto\/tripadvisor-recensie-nfc-tag-actieknop\/#primaryimage"},"thumbnailUrl":"https:\/\/www.truzzer.com\/wp-content\/uploads\/2026\/02\/nfc-action-button-tripadvisor-bewertungen-empfehlio-truzzer-3.jpg","datePublished":"2026-02-01T19:59:26+00:00","dateModified":"2026-02-13T08:08:10+00:00","description":"Refuerza tu reputaci\u00f3n en TripAdvisor con TripAdvisor-recensie NFC-tag Actieknop de truzzer. F\u00e1cil configuraci\u00f3n, listo para usar. \u00a1Pide ahora!","breadcrumb":{"@id":"https:\/\/www.truzzer.com\/es\/producto\/tripadvisor-recensie-nfc-tag-actieknop\/#breadcrumb"},"inLanguage":"es","potentialAction":[{"@type":"ReadAction","target":["https:\/\/www.truzzer.com\/es\/producto\/tripadvisor-recensie-nfc-tag-actieknop\/"]}]},{"@type":"ImageObject","inLanguage":"es","@id":"https:\/\/www.truzzer.com\/es\/producto\/tripadvisor-recensie-nfc-tag-actieknop\/#primaryimage","url":"https:\/\/www.truzzer.com\/wp-content\/uploads\/2026\/02\/nfc-action-button-tripadvisor-bewertungen-empfehlio-truzzer-3.jpg","contentUrl":"https:\/\/www.truzzer.com\/wp-content\/uploads\/2026\/02\/nfc-action-button-tripadvisor-bewertungen-empfehlio-truzzer-3.jpg","width":1400,"height":1400},{"@type":"BreadcrumbList","@id":"https:\/\/www.truzzer.com\/es\/producto\/tripadvisor-recensie-nfc-tag-actieknop\/#breadcrumb","itemListElement":[{"@type":"ListItem","position":1,"name":"Home","item":"https:\/\/www.truzzer.com\/es\/"},{"@type":"ListItem","position":2,"name":"Tienda","item":"https:\/\/www.truzzer.com\/es\/tienda\/"},{"@type":"ListItem","position":3,"name":"TripAdvisor-recensie NFC-tag Actieknop"}]},{"@type":"WebSite","@id":"https:\/\/www.truzzer.com\/es\/#website","url":"https:\/\/www.truzzer.com\/es\/","name":"truzzer","description":"Experts for customer trust","publisher":{"@id":"https:\/\/www.truzzer.com\/es\/#organization"},"potentialAction":[{"@type":"SearchAction","target":{"@type":"EntryPoint","urlTemplate":"https:\/\/www.truzzer.com\/es\/?s={search_term_string}"},"query-input":{"@type":"PropertyValueSpecification","valueRequired":true,"valueName":"search_term_string"}}],"inLanguage":"es"},{"@type":"Organization","@id":"https:\/\/www.truzzer.com\/es\/#organization","name":"truzzer","url":"https:\/\/www.truzzer.com\/es\/","logo":{"@type":"ImageObject","inLanguage":"es","@id":"https:\/\/www.truzzer.com\/es\/#\/schema\/logo\/image\/","url":"https:\/\/truzzer.com\/wp-content\/uploads\/2026\/01\/truzzer-logo-black-1.svg","contentUrl":"https:\/\/truzzer.com\/wp-content\/uploads\/2026\/01\/truzzer-logo-black-1.svg","width":938,"height":199,"caption":"truzzer"},"image":{"@id":"https:\/\/www.truzzer.com\/es\/#\/schema\/logo\/image\/"}}]}},"tiered_pricing_type":"fixed","tiered_pricing_fixed_rules":[],"tiered_pricing_product_settings":{"layout":"default","base_unit_name":{"singular":null,"plural":null},"default_variation":null},"tiered_pricing_minimum_quantity":null,"tiered_pricing_roles_data":[],"tiered_pricing_percentage_rules":[],"tiered_pricing_maximum_quantity":null,"tiered_pricing_quantity_step":null,"_links":{"self":[{"href":"https:\/\/www.truzzer.com\/es\/wp-json\/wp\/v2\/product\/97895","targetHints":{"allow":["GET"]}}],"collection":[{"href":"https:\/\/www.truzzer.com\/es\/wp-json\/wp\/v2\/product"}],"about":[{"href":"https:\/\/www.truzzer.com\/es\/wp-json\/wp\/v2\/types\/product"}],"replies":[{"embeddable":true,"href":"https:\/\/www.truzzer.com\/es\/wp-json\/wp\/v2\/comments?post=97895"}],"wp:featuredmedia":[{"embeddable":true,"href":"https:\/\/www.truzzer.com\/es\/wp-json\/wp\/v2\/media\/97897"}],"wp:attachment":[{"href":"https:\/\/www.truzzer.com\/es\/wp-json\/wp\/v2\/media?parent=97895"}],"wp:term":[{"taxonomy":"product_brand","embeddable":true,"href":"https:\/\/www.truzzer.com\/es\/wp-json\/wp\/v2\/product_brand?post=97895"},{"taxonomy":"product_cat","embeddable":true,"href":"https:\/\/www.truzzer.com\/es\/wp-json\/wp\/v2\/product_cat?post=97895"},{"taxonomy":"product_tag","embeddable":true,"href":"https:\/\/www.truzzer.com\/es\/wp-json\/wp\/v2\/product_tag?post=97895"}],"curies":[{"name":"wp","href":"https:\/\/api.w.org\/{rel}","templated":true}]}}