{"id":97912,"date":"2026-02-01T19:58:32","date_gmt":"2026-02-01T19:58:32","guid":{"rendered":"https:\/\/beta.truzzer.com\/product\/paypal-pay-qr-code-sticker\/"},"modified":"2026-02-13T08:15:25","modified_gmt":"2026-02-13T08:15:25","slug":"paypal-pay-qr-code-sticker","status":"publish","type":"product","link":"https:\/\/www.truzzer.com\/es\/producto\/paypal-pay-qr-code-sticker\/","title":{"rendered":"PayPal pagar QR pegatina c\u00f3digo"},"content":{"rendered":"<p><strong>Presentamos la etiqueta con c\u00f3digo PayPal QR: su soluci\u00f3n para pagos r\u00e1pidos y sin contacto<\/strong><\/p>\n<p>Simplifica y agiliza el proceso de pago para tus clientes con la pegatina del C\u00f3digo PayPal QR. Ideal para todo tipo de negocios, minoristas, hoteleros o eventos, este adhesivo facilita pagos seguros y sin contacto a trav\u00e9s de PayPal. Simplemente escanee el c\u00f3digo QR y el pago se procesar\u00e1 en segundos.<\/p>\n<p><strong>Caracter\u00edsticas del producto:<\/strong><\/p>\n<ul>\n<li><strong>Pago r\u00e1pido y sencillo:<\/strong> los clientes solo necesitan escanear el c\u00f3digo QR con su tel\u00e9fono inteligente, ingresar el monto y confirmar el pago. Sin dinero en efectivo ni tarjetas, este proceso es sencillo y eficiente.<\/li>\n<li><strong>Uso flexible:<\/strong> Ideal para usar en cajas, mostradores, mesas o puertas, la pegatina de c\u00f3digo PayPal QR se puede colocar tanto en interiores como en exteriores para una m\u00e1xima versatilidad.<\/li>\n<li><strong>Resistente al agua y a la intemperie:<\/strong> Fabricada con material de alta calidad, la pegatina es resistente al agua y a la intemperie, lo que garantiza que permanezca impecable en diferentes condiciones y para un uso prolongado.<\/li>\n<li><strong>Dise\u00f1o profesional y discreto:<\/strong> la pegatina minimalista con el c\u00f3digo PayPal QR se integra perfectamente en cualquier entorno, manteniendo una visibilidad clara para los clientes y una est\u00e9tica profesional.<\/li>\n<\/ul>\n<p><strong>Por qu\u00e9 su empresa necesita una etiqueta con c\u00f3digo PayPal QR<\/strong><\/p>\n<p>En nuestro mundo cada vez m\u00e1s digital, los pagos sin contacto son la nueva norma. La pegatina de c\u00f3digo PayPal QR proporciona un m\u00e9todo de pago elegante, higi\u00e9nico y sencillo para sus clientes. Permite pagos r\u00e1pidos y sencillos a trav\u00e9s de un tel\u00e9fono inteligente, eliminando la necesidad de efectivo o tarjetas. Especialmente en tiempos en los que la higiene y las interacciones sin contacto son primordiales, la pegatina de c\u00f3digo QR presenta la soluci\u00f3n perfecta.<\/p>\n<p><strong>Beneficios de la etiqueta de c\u00f3digo PayPal QR:<\/strong><\/p>\n<ul>\n<li><strong>Pago sin contacto:<\/strong> Minimiza la necesidad de efectivo y tarjetas, ofreciendo un m\u00e9todo de pago seguro e higi\u00e9nico.<\/li>\n<li><strong>Aplicaci\u00f3n sin esfuerzo:<\/strong> La pegatina autoadhesiva se puede aplicar r\u00e1pida y f\u00e1cilmente a cualquier superficie lisa, ya sea en el mostrador de caja, la puerta de entrada o directamente sobre las mesas.<\/li>\n<li><strong>Aumente la satisfacci\u00f3n del cliente:<\/strong> Ofrezca a sus clientes la posibilidad de pagar r\u00e1pida y f\u00e1cilmente utilizando su servicio digital preferido.<\/li>\n<li><strong>Soluci\u00f3n rentable:<\/strong> Olv\u00eddese de sistemas o dispositivos costosos adicionales: la etiqueta con el c\u00f3digo PayPal QR simplifica la aceptaci\u00f3n de pagos modernos.<\/li>\n<\/ul>\n<p><strong>Adecuado para restaurantes, comercio minorista, servicios y m\u00e1s<\/strong><\/p>\n<p>Independientemente de si gestiona un <strong>restaurante, cafeter\u00eda, tienda o puesto en el mercado<\/strong>, la pegatina del c\u00f3digo PayPal QR proporciona una soluci\u00f3n sencilla para aceptar pagos digitales a trav\u00e9s de PayPal. Tambi\u00e9n es ideal para proveedores de servicios o quioscos donde los pagos r\u00e1pidos y flexibles son clave.<\/p>\n<p><hora\/><\/p>\n<p>Al adoptar la <strong>etiqueta de c\u00f3digo PayPal QR<\/strong>, no solo ofrece a sus clientes un m\u00e9todo de pago moderno, sino que tambi\u00e9n garantiza un proceso de pago fluido y sin complicaciones. \u00a1Acepte el futuro de los pagos hoy!<\/p>\n","protected":false},"excerpt":{"rendered":"<p><strong>Presentamos la etiqueta con c\u00f3digo PayPal QR: agilizaci\u00f3n de los pagos sin contacto<\/strong><\/p>\n<p>Proporcione a sus clientes una opci\u00f3n de pago r\u00e1pida, sencilla y segura: la etiqueta de c\u00f3digo PayPal QR. Col\u00f3quelo en la caja, en los mostradores o en las puertas y transforme su negocio en un centro para pagos sin contacto a trav\u00e9s de un tel\u00e9fono inteligente. Solo un escaneo, ingreso del monto y el pago estar\u00e1 completo. Esta herramienta es ideal para restaurantes, establecimientos minoristas y proveedores de servicios. La pegatina duradera, resistente al agua y a la intemperie garantiza un proceso de pago sin esfuerzo, sin necesidad de efectivo ni tarjetas. Experimente el futuro de los pagos: \u00a1moderno, higi\u00e9nico y eficiente!<\/p>\n<ul>\n<li><strong>Pagos sin contacto:<\/strong> minimiza la necesidad de efectivo f\u00edsico y tarjetas, brindando a los clientes una alternativa de pago segura e higi\u00e9nica.<\/li>\n<li><strong>Aplicaci\u00f3n c\u00f3moda:<\/strong> La pegatina autoadhesiva se puede pegar r\u00e1pidamente a cualquier superficie lisa, ya sea el mostrador de caja, la puerta de entrada o directamente sobre las mesas.<\/li>\n<li><strong>Aumente la satisfacci\u00f3n del cliente:<\/strong> Ofrezca a su clientela la posibilidad de pagar f\u00e1cil y r\u00e1pidamente utilizando su servicio de pago digital preferido.<\/li>\n<li><strong>Soluci\u00f3n rentable:<\/strong> Evite gastos innecesarios en dispositivos adicionales o sistemas complejos: la etiqueta adhesiva con c\u00f3digo PayPal QR simplifica la aceptaci\u00f3n de m\u00e9todos de pago modernos.<\/li>\n<\/ul>\n","protected":false},"featured_media":97935,"comment_status":"open","ping_status":"closed","template":"","meta":{"_acf_changed":false,"_yoast_wpseo_focuskw":"PayPal c\u00f3digo QR Adhesivo","_yoast_wpseo_title":"PayPal pay QR code sticker | truzzer","_yoast_wpseo_metadesc":"Acepta pagos PayPal con PayPal pay QR code sticker de truzzer. F\u00e1cil configuraci\u00f3n, listo para usar. \u00a1Pide ahora!"},"product_brand":[1628],"product_cat":[532,531,1391],"product_tag":[],"class_list":{"0":"post-97912","1":"product","2":"type-product","3":"status-publish","4":"has-post-thumbnail","6":"product_brand-paypal","7":"product_cat-codigo-qr-pegatinas","8":"product_cat-codigo-qr-productos","9":"product_cat-pago-paypal-pegatinas-con-codigo-qr","10":"pa_industry-detailhandel","11":"pa_industry-fitness-gym","12":"pa_industry-restaurante-cafeteria","13":"pa_material-vinyl","14":"pa_placement-balie-receptie","15":"pa_placement-verpakking","16":"pa_placement-window-door","17":"pa_product-type-etiqueta-engomada","18":"pa_shape-rechthoek","19":"pa_technology-codigo-qr","20":"pa_technology-qr-code","22":"first","23":"instock","24":"taxable","25":"shipping-taxable","26":"purchasable","27":"product-type-variable","28":"has-default-attributes"},"acf":[],"yoast_head":"<!-- This site is optimized with the Yoast SEO plugin v27.0 - https:\/\/yoast.com\/product\/yoast-seo-wordpress\/ -->\n<title>PayPal pay QR code sticker | truzzer<\/title>\n<meta name=\"description\" content=\"Acepta pagos PayPal con PayPal pay QR code sticker de truzzer. F\u00e1cil configuraci\u00f3n, listo para usar. \u00a1Pide ahora!\" \/>\n<meta name=\"robots\" content=\"index, follow, max-snippet:-1, max-image-preview:large, max-video-preview:-1\" \/>\n<link rel=\"canonical\" href=\"https:\/\/www.truzzer.com\/es\/producto\/paypal-pay-qr-code-sticker\/\" \/>\n<meta property=\"og:locale\" content=\"es_ES\" \/>\n<meta property=\"og:type\" content=\"article\" \/>\n<meta property=\"og:title\" content=\"PayPal pay QR code sticker | truzzer\" \/>\n<meta property=\"og:description\" content=\"Acepta pagos PayPal con PayPal pay QR code sticker de truzzer. F\u00e1cil configuraci\u00f3n, listo para usar. \u00a1Pide ahora!\" \/>\n<meta property=\"og:url\" content=\"https:\/\/www.truzzer.com\/es\/producto\/paypal-pay-qr-code-sticker\/\" \/>\n<meta property=\"og:site_name\" content=\"truzzer\" \/>\n<meta property=\"article:modified_time\" content=\"2026-02-13T08:15:25+00:00\" \/>\n<meta property=\"og:image\" content=\"https:\/\/www.truzzer.com\/wp-content\/uploads\/2026\/02\/paypal-bezahlen-qr-code-sticker-old-design-empfehlio-truzzer-single-2.jpg\" \/>\n\t<meta property=\"og:image:width\" content=\"1600\" \/>\n\t<meta property=\"og:image:height\" content=\"1600\" \/>\n\t<meta property=\"og:image:type\" content=\"image\/jpeg\" \/>\n<meta name=\"twitter:card\" content=\"summary_large_image\" \/>\n<meta name=\"twitter:label1\" content=\"Tiempo de lectura\" \/>\n\t<meta name=\"twitter:data1\" content=\"3 minutos\" \/>\n<script type=\"application\/ld+json\" class=\"yoast-schema-graph\">{\"@context\":\"https:\/\/schema.org\",\"@graph\":[{\"@type\":\"WebPage\",\"@id\":\"https:\/\/www.truzzer.com\/es\/producto\/paypal-pay-qr-code-sticker\/\",\"url\":\"https:\/\/www.truzzer.com\/es\/producto\/paypal-pay-qr-code-sticker\/\",\"name\":\"PayPal pay QR code sticker | truzzer\",\"isPartOf\":{\"@id\":\"https:\/\/www.truzzer.com\/es\/#website\"},\"primaryImageOfPage\":{\"@id\":\"https:\/\/www.truzzer.com\/es\/producto\/paypal-pay-qr-code-sticker\/#primaryimage\"},\"image\":{\"@id\":\"https:\/\/www.truzzer.com\/es\/producto\/paypal-pay-qr-code-sticker\/#primaryimage\"},\"thumbnailUrl\":\"https:\/\/www.truzzer.com\/wp-content\/uploads\/2026\/02\/paypal-bezahlen-qr-code-sticker-old-design-empfehlio-truzzer-single-2.jpg\",\"datePublished\":\"2026-02-01T19:58:32+00:00\",\"dateModified\":\"2026-02-13T08:15:25+00:00\",\"description\":\"Acepta pagos PayPal con PayPal pay QR code sticker de truzzer. F\u00e1cil configuraci\u00f3n, listo para usar. \u00a1Pide ahora!\",\"breadcrumb\":{\"@id\":\"https:\/\/www.truzzer.com\/es\/producto\/paypal-pay-qr-code-sticker\/#breadcrumb\"},\"inLanguage\":\"es\",\"potentialAction\":[{\"@type\":\"ReadAction\",\"target\":[\"https:\/\/www.truzzer.com\/es\/producto\/paypal-pay-qr-code-sticker\/\"]}]},{\"@type\":\"ImageObject\",\"inLanguage\":\"es\",\"@id\":\"https:\/\/www.truzzer.com\/es\/producto\/paypal-pay-qr-code-sticker\/#primaryimage\",\"url\":\"https:\/\/www.truzzer.com\/wp-content\/uploads\/2026\/02\/paypal-bezahlen-qr-code-sticker-old-design-empfehlio-truzzer-single-2.jpg\",\"contentUrl\":\"https:\/\/www.truzzer.com\/wp-content\/uploads\/2026\/02\/paypal-bezahlen-qr-code-sticker-old-design-empfehlio-truzzer-single-2.jpg\",\"width\":1600,\"height\":1600},{\"@type\":\"BreadcrumbList\",\"@id\":\"https:\/\/www.truzzer.com\/es\/producto\/paypal-pay-qr-code-sticker\/#breadcrumb\",\"itemListElement\":[{\"@type\":\"ListItem\",\"position\":1,\"name\":\"Home\",\"item\":\"https:\/\/www.truzzer.com\/es\/\"},{\"@type\":\"ListItem\",\"position\":2,\"name\":\"Tienda\",\"item\":\"https:\/\/www.truzzer.com\/es\/tienda\/\"},{\"@type\":\"ListItem\",\"position\":3,\"name\":\"PayPal pagar QR pegatina c\u00f3digo\"}]},{\"@type\":\"WebSite\",\"@id\":\"https:\/\/www.truzzer.com\/es\/#website\",\"url\":\"https:\/\/www.truzzer.com\/es\/\",\"name\":\"truzzer\",\"description\":\"Experts for customer trust\",\"publisher\":{\"@id\":\"https:\/\/www.truzzer.com\/es\/#organization\"},\"potentialAction\":[{\"@type\":\"SearchAction\",\"target\":{\"@type\":\"EntryPoint\",\"urlTemplate\":\"https:\/\/www.truzzer.com\/es\/?s={search_term_string}\"},\"query-input\":{\"@type\":\"PropertyValueSpecification\",\"valueRequired\":true,\"valueName\":\"search_term_string\"}}],\"inLanguage\":\"es\"},{\"@type\":\"Organization\",\"@id\":\"https:\/\/www.truzzer.com\/es\/#organization\",\"name\":\"truzzer\",\"url\":\"https:\/\/www.truzzer.com\/es\/\",\"logo\":{\"@type\":\"ImageObject\",\"inLanguage\":\"es\",\"@id\":\"https:\/\/www.truzzer.com\/es\/#\/schema\/logo\/image\/\",\"url\":\"https:\/\/truzzer.com\/wp-content\/uploads\/2026\/01\/truzzer-logo-black-1.svg\",\"contentUrl\":\"https:\/\/truzzer.com\/wp-content\/uploads\/2026\/01\/truzzer-logo-black-1.svg\",\"width\":938,\"height\":199,\"caption\":\"truzzer\"},\"image\":{\"@id\":\"https:\/\/www.truzzer.com\/es\/#\/schema\/logo\/image\/\"}}]}<\/script>\n<!-- \/ Yoast SEO plugin. -->","yoast_head_json":{"title":"PayPal pay QR code sticker | truzzer","description":"Acepta pagos PayPal con PayPal pay QR code sticker de truzzer. F\u00e1cil configuraci\u00f3n, listo para usar. \u00a1Pide ahora!","robots":{"index":"index","follow":"follow","max-snippet":"max-snippet:-1","max-image-preview":"max-image-preview:large","max-video-preview":"max-video-preview:-1"},"canonical":"https:\/\/www.truzzer.com\/es\/producto\/paypal-pay-qr-code-sticker\/","og_locale":"es_ES","og_type":"article","og_title":"PayPal pay QR code sticker | truzzer","og_description":"Acepta pagos PayPal con PayPal pay QR code sticker de truzzer. F\u00e1cil configuraci\u00f3n, listo para usar. \u00a1Pide ahora!","og_url":"https:\/\/www.truzzer.com\/es\/producto\/paypal-pay-qr-code-sticker\/","og_site_name":"truzzer","article_modified_time":"2026-02-13T08:15:25+00:00","og_image":[{"width":1600,"height":1600,"url":"https:\/\/www.truzzer.com\/wp-content\/uploads\/2026\/02\/paypal-bezahlen-qr-code-sticker-old-design-empfehlio-truzzer-single-2.jpg","type":"image\/jpeg"}],"twitter_card":"summary_large_image","twitter_misc":{"Tiempo de lectura":"3 minutos"},"schema":{"@context":"https:\/\/schema.org","@graph":[{"@type":"WebPage","@id":"https:\/\/www.truzzer.com\/es\/producto\/paypal-pay-qr-code-sticker\/","url":"https:\/\/www.truzzer.com\/es\/producto\/paypal-pay-qr-code-sticker\/","name":"PayPal pay QR code sticker | truzzer","isPartOf":{"@id":"https:\/\/www.truzzer.com\/es\/#website"},"primaryImageOfPage":{"@id":"https:\/\/www.truzzer.com\/es\/producto\/paypal-pay-qr-code-sticker\/#primaryimage"},"image":{"@id":"https:\/\/www.truzzer.com\/es\/producto\/paypal-pay-qr-code-sticker\/#primaryimage"},"thumbnailUrl":"https:\/\/www.truzzer.com\/wp-content\/uploads\/2026\/02\/paypal-bezahlen-qr-code-sticker-old-design-empfehlio-truzzer-single-2.jpg","datePublished":"2026-02-01T19:58:32+00:00","dateModified":"2026-02-13T08:15:25+00:00","description":"Acepta pagos PayPal con PayPal pay QR code sticker de truzzer. F\u00e1cil configuraci\u00f3n, listo para usar. \u00a1Pide ahora!","breadcrumb":{"@id":"https:\/\/www.truzzer.com\/es\/producto\/paypal-pay-qr-code-sticker\/#breadcrumb"},"inLanguage":"es","potentialAction":[{"@type":"ReadAction","target":["https:\/\/www.truzzer.com\/es\/producto\/paypal-pay-qr-code-sticker\/"]}]},{"@type":"ImageObject","inLanguage":"es","@id":"https:\/\/www.truzzer.com\/es\/producto\/paypal-pay-qr-code-sticker\/#primaryimage","url":"https:\/\/www.truzzer.com\/wp-content\/uploads\/2026\/02\/paypal-bezahlen-qr-code-sticker-old-design-empfehlio-truzzer-single-2.jpg","contentUrl":"https:\/\/www.truzzer.com\/wp-content\/uploads\/2026\/02\/paypal-bezahlen-qr-code-sticker-old-design-empfehlio-truzzer-single-2.jpg","width":1600,"height":1600},{"@type":"BreadcrumbList","@id":"https:\/\/www.truzzer.com\/es\/producto\/paypal-pay-qr-code-sticker\/#breadcrumb","itemListElement":[{"@type":"ListItem","position":1,"name":"Home","item":"https:\/\/www.truzzer.com\/es\/"},{"@type":"ListItem","position":2,"name":"Tienda","item":"https:\/\/www.truzzer.com\/es\/tienda\/"},{"@type":"ListItem","position":3,"name":"PayPal pagar QR pegatina c\u00f3digo"}]},{"@type":"WebSite","@id":"https:\/\/www.truzzer.com\/es\/#website","url":"https:\/\/www.truzzer.com\/es\/","name":"truzzer","description":"Experts for customer trust","publisher":{"@id":"https:\/\/www.truzzer.com\/es\/#organization"},"potentialAction":[{"@type":"SearchAction","target":{"@type":"EntryPoint","urlTemplate":"https:\/\/www.truzzer.com\/es\/?s={search_term_string}"},"query-input":{"@type":"PropertyValueSpecification","valueRequired":true,"valueName":"search_term_string"}}],"inLanguage":"es"},{"@type":"Organization","@id":"https:\/\/www.truzzer.com\/es\/#organization","name":"truzzer","url":"https:\/\/www.truzzer.com\/es\/","logo":{"@type":"ImageObject","inLanguage":"es","@id":"https:\/\/www.truzzer.com\/es\/#\/schema\/logo\/image\/","url":"https:\/\/truzzer.com\/wp-content\/uploads\/2026\/01\/truzzer-logo-black-1.svg","contentUrl":"https:\/\/truzzer.com\/wp-content\/uploads\/2026\/01\/truzzer-logo-black-1.svg","width":938,"height":199,"caption":"truzzer"},"image":{"@id":"https:\/\/www.truzzer.com\/es\/#\/schema\/logo\/image\/"}}]}},"tiered_pricing_type":"fixed","tiered_pricing_fixed_rules":[],"tiered_pricing_product_settings":{"layout":"default","base_unit_name":{"singular":null,"plural":null},"default_variation":null},"tiered_pricing_minimum_quantity":null,"tiered_pricing_roles_data":[],"tiered_pricing_percentage_rules":[],"tiered_pricing_maximum_quantity":null,"tiered_pricing_quantity_step":null,"_links":{"self":[{"href":"https:\/\/www.truzzer.com\/es\/wp-json\/wp\/v2\/product\/97912","targetHints":{"allow":["GET"]}}],"collection":[{"href":"https:\/\/www.truzzer.com\/es\/wp-json\/wp\/v2\/product"}],"about":[{"href":"https:\/\/www.truzzer.com\/es\/wp-json\/wp\/v2\/types\/product"}],"replies":[{"embeddable":true,"href":"https:\/\/www.truzzer.com\/es\/wp-json\/wp\/v2\/comments?post=97912"}],"wp:featuredmedia":[{"embeddable":true,"href":"https:\/\/www.truzzer.com\/es\/wp-json\/wp\/v2\/media\/97935"}],"wp:attachment":[{"href":"https:\/\/www.truzzer.com\/es\/wp-json\/wp\/v2\/media?parent=97912"}],"wp:term":[{"taxonomy":"product_brand","embeddable":true,"href":"https:\/\/www.truzzer.com\/es\/wp-json\/wp\/v2\/product_brand?post=97912"},{"taxonomy":"product_cat","embeddable":true,"href":"https:\/\/www.truzzer.com\/es\/wp-json\/wp\/v2\/product_cat?post=97912"},{"taxonomy":"product_tag","embeddable":true,"href":"https:\/\/www.truzzer.com\/es\/wp-json\/wp\/v2\/product_tag?post=97912"}],"curies":[{"name":"wp","href":"https:\/\/api.w.org\/{rel}","templated":true}]}}