{"id":97955,"date":"2026-02-01T19:58:13","date_gmt":"2026-02-01T19:58:13","guid":{"rendered":"https:\/\/beta.truzzer.com\/product\/trustband-google-review-nfc-wristband\/"},"modified":"2026-02-13T08:17:53","modified_gmt":"2026-02-13T08:17:53","slug":"trustband-google-review-nfc-wristband","status":"publish","type":"product","link":"https:\/\/www.truzzer.com\/es\/producto\/trustband-google-review-nfc-wristband\/","title":{"rendered":"banda de confianza. &#8211; Google rese\u00f1a Pulsera NFC"},"content":{"rendered":"","protected":false},"excerpt":{"rendered":"<div class=\"woocommerce-product-details__short-description\">\n<div class=\"wp-video\" style=\"ancho: 1920px\"><video autoplay=\"\" class=\"wp-video-shortcode\" controles=\"controls\" height=\"1080\" id=\"video-0-1\" preload=\"metadata\" width=\"1920\"><a href=\"https:\/\/www.truzzer.com\/wp-content\/uploads\/2024\/03\/trustband-eng.mp4\">https:\/\/www.truzzer.com\/wp-content\/uploads\/2024\/03\/trustband-eng.mp4<\/a><\/video><\/div>\n<h2>\u00a1Simplemente reciba m\u00e1s rese\u00f1as de Google en contacto con el cliente con la banda de confianza NFC!<\/h2>\n<p>Aproveche la tecnolog\u00eda NFC y genere m\u00e1s rese\u00f1as sobre Google a trav\u00e9s de sus camareras y empleados con la banda de confianza empheilo. Con la pulsera de silicona NFC impermeable y el\u00e1stica con enlace de etiqueta NFC integrado para dirigir rese\u00f1as de Google, obtendr\u00e1 sin esfuerzo m\u00e1s rese\u00f1as de Google. Todo lo que sus clientes deben hacer es acercar su tel\u00e9fono inteligente a la pulsera y aparecer\u00e1 una ventana emergente con la rese\u00f1a Google en su tel\u00e9fono inteligente.<\/p>\n<p>De este modo, la rese\u00f1a se puede integrar f\u00e1cilmente en el proceso de pago y, con una solicitud amigable por parte del personal, los hu\u00e9spedes y clientes estar\u00e1n encantados de cumplirla.<\/p>\n<p><strong>Tus beneficios de un vistazo:<\/strong><\/p>\n<ul>\n<li>Obtenga r\u00e1pidamente m\u00e1s rese\u00f1as de Google<\/li>\n<li>Sin per\u00edodo m\u00ednimo de contrato<\/li>\n<li>Pulsera impermeable y chip<\/li>\n<li>Tama\u00f1o flexible, adecuado tanto para mujeres como para hombres<\/li>\n<li>Un sencillo icono Google blanco con 5 estrellas adorna la pulsera.<\/li>\n<li>Nosotros nos encargamos del enlace de revisi\u00f3n y la codificaci\u00f3n por usted<\/li>\n<\/ul>\n<p><strong>\u00a1Nos encargamos de la creaci\u00f3n y vinculaci\u00f3n del enlace NFC y el c\u00f3digo QR para revisiones directas en su perfil Google!<\/strong><strong><br \/>\n<\/strong><\/p>\n<\/div>\n","protected":false},"featured_media":97963,"comment_status":"open","ping_status":"closed","template":"","meta":{"_acf_changed":false,"_yoast_wpseo_focuskw":"Rese\u00f1a Google Pulsera NFC","_yoast_wpseo_title":"trustband. \u2013 Google review NFC wristband | truzzer","_yoast_wpseo_metadesc":"M\u00e1s rese\u00f1as de 5 estrellas en Google con trustband. \u2013 Google review NFC wristband de truzzer. F\u00e1cil configuraci\u00f3n, listo para usar. \u00a1Pide ahora!"},"product_brand":[1654],"product_cat":[582,1396,1394,1395,791],"product_tag":[],"class_list":{"0":"post-97955","1":"product","2":"type-product","3":"status-publish","4":"has-post-thumbnail","6":"product_brand-google","7":"product_cat-nfc-productos","8":"product_cat-nfc-pulseras","9":"product_cat-resena-de-google-otro","10":"product_cat-resena-de-google-otro-con-nfc","11":"product_cat-resena-de-google-productos","12":"pa_industry-locales-diensten","13":"pa_industry-oficina-consultoria","14":"pa_industry-onroerend-goed","15":"pa_material-carton","16":"pa_placement-balie-receptie","17":"pa_placement-folleto","18":"pa_placement-portemonnee-personallijk","19":"pa_product-type-wristbands","20":"pa_technology-nfc","22":"first","23":"instock","24":"taxable","25":"shipping-taxable","26":"purchasable","27":"product-type-simple"},"acf":[],"yoast_head":"<!-- This site is optimized with the Yoast SEO plugin v27.0 - https:\/\/yoast.com\/product\/yoast-seo-wordpress\/ -->\n<title>trustband. \u2013 Google review NFC wristband | truzzer<\/title>\n<meta name=\"description\" content=\"M\u00e1s rese\u00f1as de 5 estrellas en Google con trustband. \u2013 Google review NFC wristband de truzzer. F\u00e1cil configuraci\u00f3n, listo para usar. \u00a1Pide ahora!\" \/>\n<meta name=\"robots\" content=\"index, follow, max-snippet:-1, max-image-preview:large, max-video-preview:-1\" \/>\n<link rel=\"canonical\" href=\"https:\/\/www.truzzer.com\/es\/producto\/trustband-google-review-nfc-wristband\/\" \/>\n<meta property=\"og:locale\" content=\"es_ES\" \/>\n<meta property=\"og:type\" content=\"article\" \/>\n<meta property=\"og:title\" content=\"trustband. \u2013 Google review NFC wristband | truzzer\" \/>\n<meta property=\"og:description\" content=\"M\u00e1s rese\u00f1as de 5 estrellas en Google con trustband. \u2013 Google review NFC wristband de truzzer. F\u00e1cil configuraci\u00f3n, listo para usar. \u00a1Pide ahora!\" \/>\n<meta property=\"og:url\" content=\"https:\/\/www.truzzer.com\/es\/producto\/trustband-google-review-nfc-wristband\/\" \/>\n<meta property=\"og:site_name\" content=\"truzzer\" \/>\n<meta property=\"article:modified_time\" content=\"2026-02-13T08:17:53+00:00\" \/>\n<meta property=\"og:image\" content=\"https:\/\/www.truzzer.com\/wp-content\/uploads\/2026\/02\/trustband-nfc-google-review-wristband-truzzer-2-4.jpg\" \/>\n\t<meta property=\"og:image:width\" content=\"1200\" \/>\n\t<meta property=\"og:image:height\" content=\"1200\" \/>\n\t<meta property=\"og:image:type\" content=\"image\/jpeg\" \/>\n<meta name=\"twitter:card\" content=\"summary_large_image\" \/>\n<script type=\"application\/ld+json\" class=\"yoast-schema-graph\">{\"@context\":\"https:\/\/schema.org\",\"@graph\":[{\"@type\":\"WebPage\",\"@id\":\"https:\/\/www.truzzer.com\/es\/producto\/trustband-google-review-nfc-wristband\/\",\"url\":\"https:\/\/www.truzzer.com\/es\/producto\/trustband-google-review-nfc-wristband\/\",\"name\":\"trustband. \u2013 Google review NFC wristband | truzzer\",\"isPartOf\":{\"@id\":\"https:\/\/www.truzzer.com\/es\/#website\"},\"primaryImageOfPage\":{\"@id\":\"https:\/\/www.truzzer.com\/es\/producto\/trustband-google-review-nfc-wristband\/#primaryimage\"},\"image\":{\"@id\":\"https:\/\/www.truzzer.com\/es\/producto\/trustband-google-review-nfc-wristband\/#primaryimage\"},\"thumbnailUrl\":\"https:\/\/www.truzzer.com\/wp-content\/uploads\/2026\/02\/trustband-nfc-google-review-wristband-truzzer-2-4.jpg\",\"datePublished\":\"2026-02-01T19:58:13+00:00\",\"dateModified\":\"2026-02-13T08:17:53+00:00\",\"description\":\"M\u00e1s rese\u00f1as de 5 estrellas en Google con trustband. \u2013 Google review NFC wristband de truzzer. F\u00e1cil configuraci\u00f3n, listo para usar. \u00a1Pide ahora!\",\"breadcrumb\":{\"@id\":\"https:\/\/www.truzzer.com\/es\/producto\/trustband-google-review-nfc-wristband\/#breadcrumb\"},\"inLanguage\":\"es\",\"potentialAction\":[{\"@type\":\"ReadAction\",\"target\":[\"https:\/\/www.truzzer.com\/es\/producto\/trustband-google-review-nfc-wristband\/\"]}]},{\"@type\":\"ImageObject\",\"inLanguage\":\"es\",\"@id\":\"https:\/\/www.truzzer.com\/es\/producto\/trustband-google-review-nfc-wristband\/#primaryimage\",\"url\":\"https:\/\/www.truzzer.com\/wp-content\/uploads\/2026\/02\/trustband-nfc-google-review-wristband-truzzer-2-4.jpg\",\"contentUrl\":\"https:\/\/www.truzzer.com\/wp-content\/uploads\/2026\/02\/trustband-nfc-google-review-wristband-truzzer-2-4.jpg\",\"width\":1200,\"height\":1200},{\"@type\":\"BreadcrumbList\",\"@id\":\"https:\/\/www.truzzer.com\/es\/producto\/trustband-google-review-nfc-wristband\/#breadcrumb\",\"itemListElement\":[{\"@type\":\"ListItem\",\"position\":1,\"name\":\"Home\",\"item\":\"https:\/\/www.truzzer.com\/es\/\"},{\"@type\":\"ListItem\",\"position\":2,\"name\":\"Tienda\",\"item\":\"https:\/\/www.truzzer.com\/es\/tienda\/\"},{\"@type\":\"ListItem\",\"position\":3,\"name\":\"banda de confianza. &#8211; Google rese\u00f1a Pulsera NFC\"}]},{\"@type\":\"WebSite\",\"@id\":\"https:\/\/www.truzzer.com\/es\/#website\",\"url\":\"https:\/\/www.truzzer.com\/es\/\",\"name\":\"truzzer\",\"description\":\"Experts for customer trust\",\"publisher\":{\"@id\":\"https:\/\/www.truzzer.com\/es\/#organization\"},\"potentialAction\":[{\"@type\":\"SearchAction\",\"target\":{\"@type\":\"EntryPoint\",\"urlTemplate\":\"https:\/\/www.truzzer.com\/es\/?s={search_term_string}\"},\"query-input\":{\"@type\":\"PropertyValueSpecification\",\"valueRequired\":true,\"valueName\":\"search_term_string\"}}],\"inLanguage\":\"es\"},{\"@type\":\"Organization\",\"@id\":\"https:\/\/www.truzzer.com\/es\/#organization\",\"name\":\"truzzer\",\"url\":\"https:\/\/www.truzzer.com\/es\/\",\"logo\":{\"@type\":\"ImageObject\",\"inLanguage\":\"es\",\"@id\":\"https:\/\/www.truzzer.com\/es\/#\/schema\/logo\/image\/\",\"url\":\"https:\/\/truzzer.com\/wp-content\/uploads\/2026\/01\/truzzer-logo-black-1.svg\",\"contentUrl\":\"https:\/\/truzzer.com\/wp-content\/uploads\/2026\/01\/truzzer-logo-black-1.svg\",\"width\":938,\"height\":199,\"caption\":\"truzzer\"},\"image\":{\"@id\":\"https:\/\/www.truzzer.com\/es\/#\/schema\/logo\/image\/\"}}]}<\/script>\n<!-- \/ Yoast SEO plugin. -->","yoast_head_json":{"title":"trustband. \u2013 Google review NFC wristband | truzzer","description":"M\u00e1s rese\u00f1as de 5 estrellas en Google con trustband. \u2013 Google review NFC wristband de truzzer. F\u00e1cil configuraci\u00f3n, listo para usar. \u00a1Pide ahora!","robots":{"index":"index","follow":"follow","max-snippet":"max-snippet:-1","max-image-preview":"max-image-preview:large","max-video-preview":"max-video-preview:-1"},"canonical":"https:\/\/www.truzzer.com\/es\/producto\/trustband-google-review-nfc-wristband\/","og_locale":"es_ES","og_type":"article","og_title":"trustband. \u2013 Google review NFC wristband | truzzer","og_description":"M\u00e1s rese\u00f1as de 5 estrellas en Google con trustband. \u2013 Google review NFC wristband de truzzer. F\u00e1cil configuraci\u00f3n, listo para usar. \u00a1Pide ahora!","og_url":"https:\/\/www.truzzer.com\/es\/producto\/trustband-google-review-nfc-wristband\/","og_site_name":"truzzer","article_modified_time":"2026-02-13T08:17:53+00:00","og_image":[{"width":1200,"height":1200,"url":"https:\/\/www.truzzer.com\/wp-content\/uploads\/2026\/02\/trustband-nfc-google-review-wristband-truzzer-2-4.jpg","type":"image\/jpeg"}],"twitter_card":"summary_large_image","schema":{"@context":"https:\/\/schema.org","@graph":[{"@type":"WebPage","@id":"https:\/\/www.truzzer.com\/es\/producto\/trustband-google-review-nfc-wristband\/","url":"https:\/\/www.truzzer.com\/es\/producto\/trustband-google-review-nfc-wristband\/","name":"trustband. \u2013 Google review NFC wristband | truzzer","isPartOf":{"@id":"https:\/\/www.truzzer.com\/es\/#website"},"primaryImageOfPage":{"@id":"https:\/\/www.truzzer.com\/es\/producto\/trustband-google-review-nfc-wristband\/#primaryimage"},"image":{"@id":"https:\/\/www.truzzer.com\/es\/producto\/trustband-google-review-nfc-wristband\/#primaryimage"},"thumbnailUrl":"https:\/\/www.truzzer.com\/wp-content\/uploads\/2026\/02\/trustband-nfc-google-review-wristband-truzzer-2-4.jpg","datePublished":"2026-02-01T19:58:13+00:00","dateModified":"2026-02-13T08:17:53+00:00","description":"M\u00e1s rese\u00f1as de 5 estrellas en Google con trustband. \u2013 Google review NFC wristband de truzzer. F\u00e1cil configuraci\u00f3n, listo para usar. \u00a1Pide ahora!","breadcrumb":{"@id":"https:\/\/www.truzzer.com\/es\/producto\/trustband-google-review-nfc-wristband\/#breadcrumb"},"inLanguage":"es","potentialAction":[{"@type":"ReadAction","target":["https:\/\/www.truzzer.com\/es\/producto\/trustband-google-review-nfc-wristband\/"]}]},{"@type":"ImageObject","inLanguage":"es","@id":"https:\/\/www.truzzer.com\/es\/producto\/trustband-google-review-nfc-wristband\/#primaryimage","url":"https:\/\/www.truzzer.com\/wp-content\/uploads\/2026\/02\/trustband-nfc-google-review-wristband-truzzer-2-4.jpg","contentUrl":"https:\/\/www.truzzer.com\/wp-content\/uploads\/2026\/02\/trustband-nfc-google-review-wristband-truzzer-2-4.jpg","width":1200,"height":1200},{"@type":"BreadcrumbList","@id":"https:\/\/www.truzzer.com\/es\/producto\/trustband-google-review-nfc-wristband\/#breadcrumb","itemListElement":[{"@type":"ListItem","position":1,"name":"Home","item":"https:\/\/www.truzzer.com\/es\/"},{"@type":"ListItem","position":2,"name":"Tienda","item":"https:\/\/www.truzzer.com\/es\/tienda\/"},{"@type":"ListItem","position":3,"name":"banda de confianza. &#8211; Google rese\u00f1a Pulsera NFC"}]},{"@type":"WebSite","@id":"https:\/\/www.truzzer.com\/es\/#website","url":"https:\/\/www.truzzer.com\/es\/","name":"truzzer","description":"Experts for customer trust","publisher":{"@id":"https:\/\/www.truzzer.com\/es\/#organization"},"potentialAction":[{"@type":"SearchAction","target":{"@type":"EntryPoint","urlTemplate":"https:\/\/www.truzzer.com\/es\/?s={search_term_string}"},"query-input":{"@type":"PropertyValueSpecification","valueRequired":true,"valueName":"search_term_string"}}],"inLanguage":"es"},{"@type":"Organization","@id":"https:\/\/www.truzzer.com\/es\/#organization","name":"truzzer","url":"https:\/\/www.truzzer.com\/es\/","logo":{"@type":"ImageObject","inLanguage":"es","@id":"https:\/\/www.truzzer.com\/es\/#\/schema\/logo\/image\/","url":"https:\/\/truzzer.com\/wp-content\/uploads\/2026\/01\/truzzer-logo-black-1.svg","contentUrl":"https:\/\/truzzer.com\/wp-content\/uploads\/2026\/01\/truzzer-logo-black-1.svg","width":938,"height":199,"caption":"truzzer"},"image":{"@id":"https:\/\/www.truzzer.com\/es\/#\/schema\/logo\/image\/"}}]}},"tiered_pricing_type":"fixed","tiered_pricing_fixed_rules":[],"tiered_pricing_product_settings":{"layout":"default","base_unit_name":{"singular":null,"plural":null},"default_variation":null},"tiered_pricing_minimum_quantity":null,"tiered_pricing_roles_data":[],"tiered_pricing_percentage_rules":[],"tiered_pricing_maximum_quantity":null,"tiered_pricing_quantity_step":null,"_links":{"self":[{"href":"https:\/\/www.truzzer.com\/es\/wp-json\/wp\/v2\/product\/97955","targetHints":{"allow":["GET"]}}],"collection":[{"href":"https:\/\/www.truzzer.com\/es\/wp-json\/wp\/v2\/product"}],"about":[{"href":"https:\/\/www.truzzer.com\/es\/wp-json\/wp\/v2\/types\/product"}],"replies":[{"embeddable":true,"href":"https:\/\/www.truzzer.com\/es\/wp-json\/wp\/v2\/comments?post=97955"}],"wp:featuredmedia":[{"embeddable":true,"href":"https:\/\/www.truzzer.com\/es\/wp-json\/wp\/v2\/media\/97963"}],"wp:attachment":[{"href":"https:\/\/www.truzzer.com\/es\/wp-json\/wp\/v2\/media?parent=97955"}],"wp:term":[{"taxonomy":"product_brand","embeddable":true,"href":"https:\/\/www.truzzer.com\/es\/wp-json\/wp\/v2\/product_brand?post=97955"},{"taxonomy":"product_cat","embeddable":true,"href":"https:\/\/www.truzzer.com\/es\/wp-json\/wp\/v2\/product_cat?post=97955"},{"taxonomy":"product_tag","embeddable":true,"href":"https:\/\/www.truzzer.com\/es\/wp-json\/wp\/v2\/product_tag?post=97955"}],"curies":[{"name":"wp","href":"https:\/\/api.w.org\/{rel}","templated":true}]}}