{"id":97966,"date":"2026-02-01T19:56:08","date_gmt":"2026-02-01T19:56:08","guid":{"rendered":"https:\/\/beta.truzzer.com\/product\/wifi-qr-code-sticker-clean\/"},"modified":"2026-02-13T08:19:10","modified_gmt":"2026-02-13T08:19:10","slug":"wifi-qr-code-sticker-clean","status":"publish","type":"product","link":"https:\/\/www.truzzer.com\/es\/producto\/wifi-qr-code-sticker-clean\/","title":{"rendered":"WIFI QR Etiqueta de c\u00f3digo limpia"},"content":{"rendered":"<h3>WIFI QR Etiqueta adhesiva con c\u00f3digo: la forma f\u00e1cil e inteligente de acceder r\u00e1pidamente a WLAN<\/h3>\n<p>Con nuestra <strong>etiqueta de c\u00f3digo WIFI QR<\/strong>, proporciona a sus clientes un acceso perfecto y sin complicaciones a su WLAN. En lugar de ingresar contrase\u00f1as o solicitar credenciales de inicio de sesi\u00f3n, sus invitados pueden simplemente escanear el c\u00f3digo QR impreso con la c\u00e1mara de su tel\u00e9fono inteligente y estar en l\u00ednea en segundos. La pegatina se puede colocar de manera flexible en casi cualquier superficie lisa, lo que la hace ideal para todo tipo de empresas que buscan ofrecer a sus clientes una experiencia WLAN r\u00e1pida y f\u00e1cil de usar, desde restaurantes y cafeter\u00edas hasta hoteles, oficinas o salas de espera.<\/p>\n<p><hora\/><\/p>\n<h3><strong>\u00bfC\u00f3mo funciona la etiqueta de c\u00f3digo WIFI QR?<\/strong><\/h3>\n<p>El manejo no podr\u00eda ser m\u00e1s sencillo: coloque la pegatina en lugares destacados como mesas, mostradores o paredes. Sus clientes escanean el c\u00f3digo QR con la c\u00e1mara de su tel\u00e9fono inteligente, despu\u00e9s de lo cual se les ofrece inmediatamente la opci\u00f3n de conectarse a su WLAN. No es necesario introducir una contrase\u00f1a manualmente, lo que simplifica y acelera significativamente el acceso.<\/p>\n<p><hora\/><\/p>\n<h3>Beneficios de la etiqueta de c\u00f3digo WIFI QR<\/h3>\n<p><fuerte>1. Conexi\u00f3n WLAN instant\u00e1nea:<\/strong><\/p>\n<ul>\n<li>El c\u00f3digo QR permite a sus clientes conectarse a su WLAN en segundos. Simplemente escanee el c\u00f3digo y estar\u00e1n en l\u00ednea, sin tener que escribir contrase\u00f1as largas ni buscar credenciales.<\/li>\n<\/ul>\n<p><fuerte>2. Uso flexible:<\/strong><\/p>\n<ul>\n<li>La pegatina se adhiere a todas las superficies lisas, como mesas, paredes, puertas o mostradores. Esto le permite colocarlo donde sea m\u00e1s conveniente para sus clientes. Ya sea en una cafeter\u00eda, un restaurante, un hotel, un gimnasio, una sala de espera o una oficina, el adhesivo es universal.<\/li>\n<\/ul>\n<p><fuerte>3. Soluci\u00f3n rentable:<\/strong><\/p>\n<ul>\n<li>La pegatina de c\u00f3digo WIFI QR es una forma sencilla pero eficaz de ofrecer acceso WLAN sin necesidad de comprar hardware costoso o sistemas especiales. Simplemente utiliza su red WLAN existente sin costes adicionales ni instalaciones complicadas.<\/li>\n<\/ul>\n<p><fuerte>4. Dise\u00f1o discreto:<\/strong><\/p>\n<ul>\n<li>La pegatina es discreta y no altera el aspecto general de su espacio, mientras que el c\u00f3digo QR es claramente visible para sus clientes. Esto mantiene intacto su dise\u00f1o interior y al mismo tiempo brinda un valioso servicio.<\/li>\n<\/ul>\n<p><fuerte>5. Compatibilidad del dispositivo:<\/strong><\/p>\n<ul>\n<li>La pegatina de c\u00f3digo WIFI QR funciona con todos los dispositivos comunes. Ofrece acceso directo e integrado a WLAN para usuarios de Android e iOS. Los usuarios de computadoras port\u00e1tiles y tabletas tambi\u00e9n pueden escanear el c\u00f3digo QR y ver las credenciales para la entrada manual.<\/li>\n<\/ul>\n<p><fuerte>6. M\u00e1s comodidad para sus clientes:<\/strong><\/p>\n<ul>\n<li>Proporcione a sus invitados y clientes una experiencia WLAN c\u00f3moda y fluida. No tienen que lidiar con contrase\u00f1as largas ni solicitar detalles de la WLAN: todo es claro y de f\u00e1cil acceso.<\/li>\n<\/ul>\n<p><hora\/><\/p>\n<h3>Casos en los que se puede utilizar la etiqueta de c\u00f3digo WIFI QR<\/h3>\n<p>La pegatina C\u00f3digo WIFI QR es ideal para diversos tipos de empresas y entornos:<\/p>\n<ul>\n<li><strong>Restaurantes y cafeter\u00edas:<\/strong> coloque la pegatina en mesas o mostradores para permitir a sus invitados un acceso r\u00e1pido a Internet mientras disfrutan de su comida y bebida.<\/li>\n<li><strong>Hoteles y hostales:<\/strong> utilice la pegatina en vest\u00edbulos, habitaciones o \u00e1reas comunes para permitir que sus hu\u00e9spedes se conecten c\u00f3modamente sin necesidad de asistencia del personal.<\/li>\n<li><strong>Oficinas y espacios de trabajo conjunto:<\/strong> proporcione a los visitantes o socios comerciales un f\u00e1cil acceso a su WLAN sin que tengan que solicitar contrase\u00f1as.<\/li>\n<li><strong>Tiendas minoristas:<\/strong> aumente el tiempo de permanencia de sus clientes ofreci\u00e9ndoles f\u00e1cil acceso a su WLAN mientras est\u00e1n en su tienda.<\/li>\n<li><strong>Gimnasios y peluquer\u00edas:<\/strong> proporcione a sus clientes Internet r\u00e1pido durante su estad\u00eda sin sobrecargarlos con complicados procesos de inicio de sesi\u00f3n.<\/li>\n<\/ul>\n<p><hora\/><\/p>\n<h3>\u00bfPor qu\u00e9 la etiqueta con c\u00f3digo WIFI QR es la elecci\u00f3n correcta para su negocio?<\/h3>\n<p>En un mundo conectado digitalmente, los clientes esperan poder acceder r\u00e1pida y f\u00e1cilmente a Internet casi en cualquier lugar. Con la <strong>etiqueta de c\u00f3digo WIFI QR<\/strong>, ofrece precisamente eso, de una manera muy f\u00e1cil de usar. No solo permite una conexi\u00f3n WLAN sencilla, sino que tambi\u00e9n mejora la satisfacci\u00f3n del cliente al hacer que su experiencia en su negocio sea m\u00e1s placentera.<\/p>\n<p>Adem\u00e1s, obtendr\u00e1 clientes potenciales valiosos si combina la etiqueta con una soluci\u00f3n que requiere que los clientes proporcionen su direcci\u00f3n de correo electr\u00f3nico antes de acceder a la WLAN. Esto le permite fortalecer la participaci\u00f3n del cliente a trav\u00e9s de iniciativas de marketing espec\u00edficas.<\/p>\n","protected":false},"excerpt":{"rendered":"<h3>WIFI QR Etiqueta adhesiva con c\u00f3digo: acceso instant\u00e1neo a WLAN para sus clientes<\/h3>\n<p>Con nuestra <strong>etiqueta de c\u00f3digo WIFI QR<\/strong>, permite a sus clientes acceder a su WLAN en un instante, sin necesidad de introducir una contrase\u00f1a. Simplemente escanee el c\u00f3digo QR con la c\u00e1mara de un tel\u00e9fono inteligente y sus invitados estar\u00e1n en l\u00ednea. Este adhesivo pr\u00e1ctico y discreto se puede colocar en cualquier lugar, como mesas, mostradores o paredes, y es ideal para restaurantes, cafeter\u00edas, hoteles, oficinas o espacios p\u00fablicos.<\/p>\n<p><strong>Beneficios de la etiqueta de c\u00f3digo WIFI QR:<\/strong><\/p>\n<ul>\n<li><strong>Acceso WLAN r\u00e1pido:<\/strong> Simplemente escanee y con\u00e9ctese, no m\u00e1s tediosos ingresos de contrase\u00f1a.<\/li>\n<li><strong>Uso vers\u00e1til:<\/strong> Se adhiere a todas las superficies lisas, perfecto para mesas, puertas, paredes o mostradores.<\/li>\n<li><strong>Rentable y eficiente:<\/strong> una forma sencilla de ofrecer acceso WLAN sin hardware adicional ni sistemas costosos.<\/li>\n<li><strong>Dise\u00f1o discreto:<\/strong> Discreto pero f\u00e1cil de encontrar: el c\u00f3digo QR es claro y visible para sus clientes.<\/li>\n<li><strong>Compatible con todos los dispositivos:<\/strong> funciona con dispositivos Android e iOS, y los usuarios de port\u00e1tiles pueden introducir manualmente los datos de inicio de sesi\u00f3n.<\/li>\n<\/ul>\n<p>Coloque la pegatina del C\u00f3digo WIFI QR en puntos estrat\u00e9gicos de su negocio y facilite a sus clientes la conexi\u00f3n r\u00e1pida y sin esfuerzo a su WLAN.<\/p>\n","protected":false},"featured_media":97969,"comment_status":"open","ping_status":"closed","template":"","meta":{"_acf_changed":false,"_yoast_wpseo_focuskw":"WiFi c\u00f3digo QR Adhesivo","_yoast_wpseo_title":"WIFI QR Code Sticker Clean | truzzer","_yoast_wpseo_metadesc":"Acceso WiFi f\u00e1cil para tus clientes con WIFI QR Code Sticker Clean de truzzer. F\u00e1cil configuraci\u00f3n, listo para usar. \u00a1Pide ahora!"},"product_brand":[],"product_cat":[532,531,1397],"product_tag":[],"class_list":{"0":"post-97966","1":"product","2":"type-product","3":"status-publish","4":"has-post-thumbnail","6":"product_cat-codigo-qr-pegatinas","7":"product_cat-codigo-qr-productos","8":"product_cat-wifi-pegatinas-con-codigo-qr","9":"pa_industry-detailhandel","10":"pa_industry-fitness-gym","11":"pa_industry-restaurante-cafeteria","12":"pa_material-vinyl","13":"pa_placement-balie-receptie","14":"pa_placement-verpakking","15":"pa_placement-window-door","16":"pa_product-type-etiqueta-engomada","17":"pa_shape-vierkant","18":"pa_technology-codigo-qr","19":"pa_technology-qr-code","21":"first","22":"instock","23":"taxable","24":"shipping-taxable","25":"purchasable","26":"product-type-variable","27":"has-default-attributes"},"acf":[],"yoast_head":"<!-- This site is optimized with the Yoast SEO plugin v27.0 - https:\/\/yoast.com\/product\/yoast-seo-wordpress\/ -->\n<title>WIFI QR Code Sticker Clean | truzzer<\/title>\n<meta name=\"description\" content=\"Acceso WiFi f\u00e1cil para tus clientes con WIFI QR Code Sticker Clean de truzzer. F\u00e1cil configuraci\u00f3n, listo para usar. \u00a1Pide ahora!\" \/>\n<meta name=\"robots\" content=\"index, follow, max-snippet:-1, max-image-preview:large, max-video-preview:-1\" \/>\n<link rel=\"canonical\" href=\"https:\/\/www.truzzer.com\/es\/producto\/wifi-qr-code-sticker-clean\/\" \/>\n<meta property=\"og:locale\" content=\"es_ES\" \/>\n<meta property=\"og:type\" content=\"article\" \/>\n<meta property=\"og:title\" content=\"WIFI QR Code Sticker Clean | truzzer\" \/>\n<meta property=\"og:description\" content=\"Acceso WiFi f\u00e1cil para tus clientes con WIFI QR Code Sticker Clean de truzzer. F\u00e1cil configuraci\u00f3n, listo para usar. \u00a1Pide ahora!\" \/>\n<meta property=\"og:url\" content=\"https:\/\/www.truzzer.com\/es\/producto\/wifi-qr-code-sticker-clean\/\" \/>\n<meta property=\"og:site_name\" content=\"truzzer\" \/>\n<meta property=\"article:modified_time\" content=\"2026-02-13T08:19:10+00:00\" \/>\n<meta property=\"og:image\" content=\"https:\/\/www.truzzer.com\/wp-content\/uploads\/2026\/02\/sticker-wifi-regular-2.jpg\" \/>\n\t<meta property=\"og:image:width\" content=\"1400\" \/>\n\t<meta property=\"og:image:height\" content=\"1400\" \/>\n\t<meta property=\"og:image:type\" content=\"image\/jpeg\" \/>\n<meta name=\"twitter:card\" content=\"summary_large_image\" \/>\n<meta name=\"twitter:label1\" content=\"Tiempo de lectura\" \/>\n\t<meta name=\"twitter:data1\" content=\"4 minutos\" \/>\n<script type=\"application\/ld+json\" class=\"yoast-schema-graph\">{\"@context\":\"https:\/\/schema.org\",\"@graph\":[{\"@type\":\"WebPage\",\"@id\":\"https:\/\/www.truzzer.com\/es\/producto\/wifi-qr-code-sticker-clean\/\",\"url\":\"https:\/\/www.truzzer.com\/es\/producto\/wifi-qr-code-sticker-clean\/\",\"name\":\"WIFI QR Code Sticker Clean | truzzer\",\"isPartOf\":{\"@id\":\"https:\/\/www.truzzer.com\/es\/#website\"},\"primaryImageOfPage\":{\"@id\":\"https:\/\/www.truzzer.com\/es\/producto\/wifi-qr-code-sticker-clean\/#primaryimage\"},\"image\":{\"@id\":\"https:\/\/www.truzzer.com\/es\/producto\/wifi-qr-code-sticker-clean\/#primaryimage\"},\"thumbnailUrl\":\"https:\/\/www.truzzer.com\/wp-content\/uploads\/2026\/02\/sticker-wifi-regular-2.jpg\",\"datePublished\":\"2026-02-01T19:56:08+00:00\",\"dateModified\":\"2026-02-13T08:19:10+00:00\",\"description\":\"Acceso WiFi f\u00e1cil para tus clientes con WIFI QR Code Sticker Clean de truzzer. F\u00e1cil configuraci\u00f3n, listo para usar. \u00a1Pide ahora!\",\"breadcrumb\":{\"@id\":\"https:\/\/www.truzzer.com\/es\/producto\/wifi-qr-code-sticker-clean\/#breadcrumb\"},\"inLanguage\":\"es\",\"potentialAction\":[{\"@type\":\"ReadAction\",\"target\":[\"https:\/\/www.truzzer.com\/es\/producto\/wifi-qr-code-sticker-clean\/\"]}]},{\"@type\":\"ImageObject\",\"inLanguage\":\"es\",\"@id\":\"https:\/\/www.truzzer.com\/es\/producto\/wifi-qr-code-sticker-clean\/#primaryimage\",\"url\":\"https:\/\/www.truzzer.com\/wp-content\/uploads\/2026\/02\/sticker-wifi-regular-2.jpg\",\"contentUrl\":\"https:\/\/www.truzzer.com\/wp-content\/uploads\/2026\/02\/sticker-wifi-regular-2.jpg\",\"width\":1400,\"height\":1400},{\"@type\":\"BreadcrumbList\",\"@id\":\"https:\/\/www.truzzer.com\/es\/producto\/wifi-qr-code-sticker-clean\/#breadcrumb\",\"itemListElement\":[{\"@type\":\"ListItem\",\"position\":1,\"name\":\"Home\",\"item\":\"https:\/\/www.truzzer.com\/es\/\"},{\"@type\":\"ListItem\",\"position\":2,\"name\":\"Tienda\",\"item\":\"https:\/\/www.truzzer.com\/es\/tienda\/\"},{\"@type\":\"ListItem\",\"position\":3,\"name\":\"WIFI QR Etiqueta de c\u00f3digo limpia\"}]},{\"@type\":\"WebSite\",\"@id\":\"https:\/\/www.truzzer.com\/es\/#website\",\"url\":\"https:\/\/www.truzzer.com\/es\/\",\"name\":\"truzzer\",\"description\":\"Experts for customer trust\",\"publisher\":{\"@id\":\"https:\/\/www.truzzer.com\/es\/#organization\"},\"potentialAction\":[{\"@type\":\"SearchAction\",\"target\":{\"@type\":\"EntryPoint\",\"urlTemplate\":\"https:\/\/www.truzzer.com\/es\/?s={search_term_string}\"},\"query-input\":{\"@type\":\"PropertyValueSpecification\",\"valueRequired\":true,\"valueName\":\"search_term_string\"}}],\"inLanguage\":\"es\"},{\"@type\":\"Organization\",\"@id\":\"https:\/\/www.truzzer.com\/es\/#organization\",\"name\":\"truzzer\",\"url\":\"https:\/\/www.truzzer.com\/es\/\",\"logo\":{\"@type\":\"ImageObject\",\"inLanguage\":\"es\",\"@id\":\"https:\/\/www.truzzer.com\/es\/#\/schema\/logo\/image\/\",\"url\":\"https:\/\/truzzer.com\/wp-content\/uploads\/2026\/01\/truzzer-logo-black-1.svg\",\"contentUrl\":\"https:\/\/truzzer.com\/wp-content\/uploads\/2026\/01\/truzzer-logo-black-1.svg\",\"width\":938,\"height\":199,\"caption\":\"truzzer\"},\"image\":{\"@id\":\"https:\/\/www.truzzer.com\/es\/#\/schema\/logo\/image\/\"}}]}<\/script>\n<!-- \/ Yoast SEO plugin. -->","yoast_head_json":{"title":"WIFI QR Code Sticker Clean | truzzer","description":"Acceso WiFi f\u00e1cil para tus clientes con WIFI QR Code Sticker Clean de truzzer. F\u00e1cil configuraci\u00f3n, listo para usar. \u00a1Pide ahora!","robots":{"index":"index","follow":"follow","max-snippet":"max-snippet:-1","max-image-preview":"max-image-preview:large","max-video-preview":"max-video-preview:-1"},"canonical":"https:\/\/www.truzzer.com\/es\/producto\/wifi-qr-code-sticker-clean\/","og_locale":"es_ES","og_type":"article","og_title":"WIFI QR Code Sticker Clean | truzzer","og_description":"Acceso WiFi f\u00e1cil para tus clientes con WIFI QR Code Sticker Clean de truzzer. F\u00e1cil configuraci\u00f3n, listo para usar. \u00a1Pide ahora!","og_url":"https:\/\/www.truzzer.com\/es\/producto\/wifi-qr-code-sticker-clean\/","og_site_name":"truzzer","article_modified_time":"2026-02-13T08:19:10+00:00","og_image":[{"width":1400,"height":1400,"url":"https:\/\/www.truzzer.com\/wp-content\/uploads\/2026\/02\/sticker-wifi-regular-2.jpg","type":"image\/jpeg"}],"twitter_card":"summary_large_image","twitter_misc":{"Tiempo de lectura":"4 minutos"},"schema":{"@context":"https:\/\/schema.org","@graph":[{"@type":"WebPage","@id":"https:\/\/www.truzzer.com\/es\/producto\/wifi-qr-code-sticker-clean\/","url":"https:\/\/www.truzzer.com\/es\/producto\/wifi-qr-code-sticker-clean\/","name":"WIFI QR Code Sticker Clean | truzzer","isPartOf":{"@id":"https:\/\/www.truzzer.com\/es\/#website"},"primaryImageOfPage":{"@id":"https:\/\/www.truzzer.com\/es\/producto\/wifi-qr-code-sticker-clean\/#primaryimage"},"image":{"@id":"https:\/\/www.truzzer.com\/es\/producto\/wifi-qr-code-sticker-clean\/#primaryimage"},"thumbnailUrl":"https:\/\/www.truzzer.com\/wp-content\/uploads\/2026\/02\/sticker-wifi-regular-2.jpg","datePublished":"2026-02-01T19:56:08+00:00","dateModified":"2026-02-13T08:19:10+00:00","description":"Acceso WiFi f\u00e1cil para tus clientes con WIFI QR Code Sticker Clean de truzzer. F\u00e1cil configuraci\u00f3n, listo para usar. \u00a1Pide ahora!","breadcrumb":{"@id":"https:\/\/www.truzzer.com\/es\/producto\/wifi-qr-code-sticker-clean\/#breadcrumb"},"inLanguage":"es","potentialAction":[{"@type":"ReadAction","target":["https:\/\/www.truzzer.com\/es\/producto\/wifi-qr-code-sticker-clean\/"]}]},{"@type":"ImageObject","inLanguage":"es","@id":"https:\/\/www.truzzer.com\/es\/producto\/wifi-qr-code-sticker-clean\/#primaryimage","url":"https:\/\/www.truzzer.com\/wp-content\/uploads\/2026\/02\/sticker-wifi-regular-2.jpg","contentUrl":"https:\/\/www.truzzer.com\/wp-content\/uploads\/2026\/02\/sticker-wifi-regular-2.jpg","width":1400,"height":1400},{"@type":"BreadcrumbList","@id":"https:\/\/www.truzzer.com\/es\/producto\/wifi-qr-code-sticker-clean\/#breadcrumb","itemListElement":[{"@type":"ListItem","position":1,"name":"Home","item":"https:\/\/www.truzzer.com\/es\/"},{"@type":"ListItem","position":2,"name":"Tienda","item":"https:\/\/www.truzzer.com\/es\/tienda\/"},{"@type":"ListItem","position":3,"name":"WIFI QR Etiqueta de c\u00f3digo limpia"}]},{"@type":"WebSite","@id":"https:\/\/www.truzzer.com\/es\/#website","url":"https:\/\/www.truzzer.com\/es\/","name":"truzzer","description":"Experts for customer trust","publisher":{"@id":"https:\/\/www.truzzer.com\/es\/#organization"},"potentialAction":[{"@type":"SearchAction","target":{"@type":"EntryPoint","urlTemplate":"https:\/\/www.truzzer.com\/es\/?s={search_term_string}"},"query-input":{"@type":"PropertyValueSpecification","valueRequired":true,"valueName":"search_term_string"}}],"inLanguage":"es"},{"@type":"Organization","@id":"https:\/\/www.truzzer.com\/es\/#organization","name":"truzzer","url":"https:\/\/www.truzzer.com\/es\/","logo":{"@type":"ImageObject","inLanguage":"es","@id":"https:\/\/www.truzzer.com\/es\/#\/schema\/logo\/image\/","url":"https:\/\/truzzer.com\/wp-content\/uploads\/2026\/01\/truzzer-logo-black-1.svg","contentUrl":"https:\/\/truzzer.com\/wp-content\/uploads\/2026\/01\/truzzer-logo-black-1.svg","width":938,"height":199,"caption":"truzzer"},"image":{"@id":"https:\/\/www.truzzer.com\/es\/#\/schema\/logo\/image\/"}}]}},"tiered_pricing_type":"fixed","tiered_pricing_fixed_rules":[],"tiered_pricing_product_settings":{"layout":"default","base_unit_name":{"singular":null,"plural":null},"default_variation":null},"tiered_pricing_minimum_quantity":null,"tiered_pricing_roles_data":[],"tiered_pricing_percentage_rules":[],"tiered_pricing_maximum_quantity":null,"tiered_pricing_quantity_step":null,"_links":{"self":[{"href":"https:\/\/www.truzzer.com\/es\/wp-json\/wp\/v2\/product\/97966","targetHints":{"allow":["GET"]}}],"collection":[{"href":"https:\/\/www.truzzer.com\/es\/wp-json\/wp\/v2\/product"}],"about":[{"href":"https:\/\/www.truzzer.com\/es\/wp-json\/wp\/v2\/types\/product"}],"replies":[{"embeddable":true,"href":"https:\/\/www.truzzer.com\/es\/wp-json\/wp\/v2\/comments?post=97966"}],"wp:featuredmedia":[{"embeddable":true,"href":"https:\/\/www.truzzer.com\/es\/wp-json\/wp\/v2\/media\/97969"}],"wp:attachment":[{"href":"https:\/\/www.truzzer.com\/es\/wp-json\/wp\/v2\/media?parent=97966"}],"wp:term":[{"taxonomy":"product_brand","embeddable":true,"href":"https:\/\/www.truzzer.com\/es\/wp-json\/wp\/v2\/product_brand?post=97966"},{"taxonomy":"product_cat","embeddable":true,"href":"https:\/\/www.truzzer.com\/es\/wp-json\/wp\/v2\/product_cat?post=97966"},{"taxonomy":"product_tag","embeddable":true,"href":"https:\/\/www.truzzer.com\/es\/wp-json\/wp\/v2\/product_tag?post=97966"}],"curies":[{"name":"wp","href":"https:\/\/api.w.org\/{rel}","templated":true}]}}