{"id":97992,"date":"2026-02-01T19:55:47","date_gmt":"2026-02-01T19:55:47","guid":{"rendered":"https:\/\/beta.truzzer.com\/product\/paypal-pay-nfc-tag-and-qr-code-table-stand\/"},"modified":"2026-02-13T08:21:39","modified_gmt":"2026-02-13T08:21:39","slug":"paypal-pay-nfc-tag-and-qr-code-table-stand","status":"publish","type":"product","link":"https:\/\/www.truzzer.com\/es\/producto\/paypal-pay-nfc-tag-and-qr-code-table-stand\/","title":{"rendered":"PayPal pago NFC etiqueta y soporte de mesa de c\u00f3digos QR"},"content":{"rendered":"<h3>PayPal NFC Soporte de mesa de acr\u00edlico para pagos: la soluci\u00f3n moderna para pagos sin contacto<\/h3>\n<p>Mejore la experiencia de pago sin contacto en su negocio con el nuevo soporte para mesa de pago PayPal NFC fabricado en acr\u00edlico de alta resistencia. Este soporte de mesa combina un dise\u00f1o moderno, facilidad de uso y tecnolog\u00eda innovadora para que los pagos sean lo m\u00e1s convenientes posible para sus clientes. Tras la actualizaci\u00f3n de la marca PayPal este oto\u00f1o, el dise\u00f1o se ha renovado para ofrecer una apariencia fresca y contempor\u00e1nea que se integra perfectamente en cualquier entorno empresarial.<\/p>\n<p><strong>Construcci\u00f3n acr\u00edlica de primera calidad<\/strong><\/p>\n<p>Elaborado con acr\u00edlico s\u00f3lido de alta calidad, el soporte de mesa garantiza no solo la longevidad sino que tambi\u00e9n proporciona una apariencia profesional que complementa cualquier entorno. El material robusto es resistente a los ara\u00f1azos, f\u00e1cil de limpiar y mantiene su claridad incluso con un uso intensivo. Esto hace que el stand sea ideal para \u00e1reas de mucho tr\u00e1fico como restaurantes, cafeter\u00edas, bares y tiendas minoristas.<\/p>\n<p><strong>Opciones de pago innovadoras: c\u00f3digo NFC y QR<\/strong><\/p>\n<p>El soporte de mesa PayPal ofrece dos modernos m\u00e9todos de pago para satisfacer las necesidades de sus clientes: tecnolog\u00eda NFC y c\u00f3digo QR. Estas caracter\u00edsticas hacen que el proceso de pago no s\u00f3lo sea simple sino incre\u00edblemente r\u00e1pido.<\/p>\n<ul>\n<li><strong>Tecnolog\u00eda NFC f\u00e1cil de usar:<\/strong> Los clientes pueden simplemente sostener su tel\u00e9fono inteligente sobre el sensor NFC y el proceso de pago comienza de inmediato. La tecnolog\u00eda NFC es particularmente f\u00e1cil de usar y requiere una interacci\u00f3n m\u00ednima. Un toque r\u00e1pido con un tel\u00e9fono inteligente compatible con NFC es suficiente para iniciar el pago, ideal para transacciones r\u00e1pidas y sin complicaciones en entornos de hosteler\u00eda o comercio minorista concurridos.<\/li>\n<li><strong>Funcionalidad de c\u00f3digo QR flexible:<\/strong> Para los clientes que no pueden usar NFC, la funci\u00f3n de c\u00f3digo QR ofrece una opci\u00f3n igualmente flexible. Simplemente escanee el c\u00f3digo QR con la c\u00e1mara del tel\u00e9fono inteligente para completar un pago seguro a trav\u00e9s de la aplicaci\u00f3n PayPal. Ambas opciones proporcionan un m\u00e9todo seguro y confiable para procesar pagos sin contacto y de manera eficiente.<\/li>\n<\/ul>\n<p><strong>Dise\u00f1o contempor\u00e1neo con el nuevo look PayPal<\/strong><\/p>\n<p>El soporte de mesa presenta el nuevo y modernizado dise\u00f1o PayPal introducido durante la actualizaci\u00f3n de la marca. Esta est\u00e9tica fresca y limpia garantiza una apariencia profesional pero moderna. Los colores llamativos y el logotipo PayPal redise\u00f1ado hacen del soporte de mesa un elemento llamativo que encaja bien en cualquier entorno sin resultar intrusivo.<\/p>\n<p>Su dise\u00f1o compacto y minimalista le permite colocar el soporte de mesa sin esfuerzo en mostradores, mesas o \u00e1reas de caja sin ocupar demasiado espacio. Esto mantiene el foco en el proceso de pago mientras agrega un toque de elegancia y profesionalismo a su negocio.<\/p>\n<p><strong>Aplicaciones vers\u00e1tiles del soporte de mesa PayPal NFC<\/strong><\/p>\n<p>Este soporte de mesa es adecuado para una amplia gama de sectores comerciales y es particularmente ideal para restaurantes, cafeter\u00edas, bares y tiendas minoristas donde se requieren procesos de pago r\u00e1pidos y sencillos. Tambi\u00e9n es una herramienta valiosa en ferias o eventos comerciales, ya que ofrece a los clientes opciones de pago sin contacto sin necesidad de hardware o terminales adicionales.<\/p>\n<p>Gracias a su tama\u00f1o compacto y construcci\u00f3n robusta, el soporte de mesa se puede colocar en varios lugares sin ocupar mucho espacio. Ya sea en las mesas de los restaurantes o en las cajas de las tiendas, el soporte para mesa de pago PayPal NFC es vers\u00e1til y garantiza una impresi\u00f3n profesional.<\/p>\n<p><strong>Conclusi\u00f3n<\/strong><\/p>\n<p>El soporte de mesa de acr\u00edlico para pagos PayPal NFC es la soluci\u00f3n perfecta para empresas que desean ofrecer a sus clientes una opci\u00f3n de pago r\u00e1pida, f\u00e1cil y moderna. Con la combinaci\u00f3n de la tecnolog\u00eda NFC y el c\u00f3digo QR, el soporte de mesa proporciona la m\u00e1xima flexibilidad y eficiencia. Su dise\u00f1o moderno con el nuevo aspecto PayPal y su construcci\u00f3n duradera lo convierten en un complemento ideal para cualquier negocio que adopte los pagos sin contacto.<\/p>\n<p>Para las empresas que buscan una soluci\u00f3n sencilla y de implementaci\u00f3n inmediata para pagos sin contacto, el soporte de mesa de pago PayPal NFC es la opci\u00f3n ideal. Benef\u00edciate de la eficiencia y facilidad de uso de este moderno m\u00e9todo de pago y ofrece a tus clientes la experiencia de pago c\u00f3moda y r\u00e1pida que esperan.<\/p>\n","protected":false},"excerpt":{"rendered":"<h3>Ventajas para tu negocio<\/h3>\n<p>La <strong>Pantalla de tabla de pagos PayPal NFC<\/strong> es una valiosa incorporaci\u00f3n para cualquier empresa que busque ofrecer a sus clientes una experiencia de pago moderna y fluida. Estas son algunas de las <strong>ventajas clave<\/strong> que ofrece esta visualizaci\u00f3n de tabla:<\/p>\n<ul>\n<li><strong>Pagos sin contacto:<\/strong> Con las capacidades de c\u00f3digo NFC y QR, sus clientes pueden pagar de forma r\u00e1pida y segura sin contacto f\u00edsico. Esto no s\u00f3lo es pr\u00e1ctico sino tambi\u00e9n higi\u00e9nico, un factor crucial en el mundo actual.<\/li>\n<li><strong>Velocidad y Eficiencia:<\/strong> Gracias a la tecnolog\u00eda NFC, los pagos se completan en cuesti\u00f3n de segundos. Esto ahorra tiempo y reduce los tiempos de espera tanto para usted como para sus clientes.<\/li>\n<li><strong>Robusto y duradero:<\/strong> el expositor de mesa est\u00e1 hecho de acr\u00edlico de alta resistencia, lo que garantiza una larga vida \u00fatil, incluso con un uso diario e intensivo.<\/li>\n<li><strong>Flexibilidad:<\/strong> dado que las opciones de c\u00f3digo NFC y QR est\u00e1n disponibles, sus clientes pueden elegir el m\u00e9todo que mejor les convenga.<\/li>\n<li><strong>F\u00e1cil de usar:<\/strong> No es necesaria ninguna personalizaci\u00f3n ni configuraci\u00f3n. La mesa expositora est\u00e1 lista para usar inmediatamente y puede colocarse directamente en su negocio.<\/li>\n<\/ul>\n","protected":false},"featured_media":97996,"comment_status":"open","ping_status":"closed","template":"","meta":{"_acf_changed":false,"_yoast_wpseo_focuskw":"PayPal c\u00f3digo QR Soporte de mesa","_yoast_wpseo_title":"PayPal pay NFC tag and QR code table stand | truzzer","_yoast_wpseo_metadesc":"Acepta pagos PayPal con PayPal pay NFC tag and QR code table stand de truzzer. F\u00e1cil configuraci\u00f3n, listo para usar. \u00a1Pide ahora!"},"product_brand":[1628],"product_cat":[582,1400],"product_tag":[],"class_list":{"0":"post-97992","1":"product","2":"type-product","3":"status-publish","4":"has-post-thumbnail","6":"product_brand-paypal","7":"product_cat-nfc-productos","8":"product_cat-pago-paypal-expositores-de-mesa-con-qr-nfc","9":"pa_industry-hotel","10":"pa_industry-practica-medica","11":"pa_industry-restaurante-cafeteria","12":"pa_material-acrylic","13":"pa_placement-balie-receptie","14":"pa_placement-kassa-pos","15":"pa_placement-tafel","16":"pa_product-type-displays-y-stands","17":"pa_technology-nfc","18":"pa_technology-qr-nfc","20":"first","21":"instock","22":"taxable","23":"shipping-taxable","24":"purchasable","25":"product-type-simple"},"acf":[],"yoast_head":"<!-- This site is optimized with the Yoast SEO plugin v27.0 - https:\/\/yoast.com\/product\/yoast-seo-wordpress\/ -->\n<title>PayPal pay NFC tag and QR code table stand | truzzer<\/title>\n<meta name=\"description\" content=\"Acepta pagos PayPal con PayPal pay NFC tag and QR code table stand de truzzer. F\u00e1cil configuraci\u00f3n, listo para usar. \u00a1Pide ahora!\" \/>\n<meta name=\"robots\" content=\"index, follow, max-snippet:-1, max-image-preview:large, max-video-preview:-1\" \/>\n<link rel=\"canonical\" href=\"https:\/\/www.truzzer.com\/es\/producto\/paypal-pay-nfc-tag-and-qr-code-table-stand\/\" \/>\n<meta property=\"og:locale\" content=\"es_ES\" \/>\n<meta property=\"og:type\" content=\"article\" \/>\n<meta property=\"og:title\" content=\"PayPal pay NFC tag and QR code table stand | truzzer\" \/>\n<meta property=\"og:description\" content=\"Acepta pagos PayPal con PayPal pay NFC tag and QR code table stand de truzzer. F\u00e1cil configuraci\u00f3n, listo para usar. \u00a1Pide ahora!\" \/>\n<meta property=\"og:url\" content=\"https:\/\/www.truzzer.com\/es\/producto\/paypal-pay-nfc-tag-and-qr-code-table-stand\/\" \/>\n<meta property=\"og:site_name\" content=\"truzzer\" \/>\n<meta property=\"article:modified_time\" content=\"2026-02-13T08:21:39+00:00\" \/>\n<meta property=\"og:image\" content=\"https:\/\/www.truzzer.com\/wp-content\/uploads\/2026\/02\/paypapl-payment-qr-code-nfc-aufsteller-empfehlio-truzzer-iso-2.jpg\" \/>\n\t<meta property=\"og:image:width\" content=\"1200\" \/>\n\t<meta property=\"og:image:height\" content=\"1200\" \/>\n\t<meta property=\"og:image:type\" content=\"image\/jpeg\" \/>\n<meta name=\"twitter:card\" content=\"summary_large_image\" \/>\n<meta name=\"twitter:label1\" content=\"Tiempo de lectura\" \/>\n\t<meta name=\"twitter:data1\" content=\"4 minutos\" \/>\n<script type=\"application\/ld+json\" class=\"yoast-schema-graph\">{\"@context\":\"https:\/\/schema.org\",\"@graph\":[{\"@type\":\"WebPage\",\"@id\":\"https:\/\/www.truzzer.com\/es\/producto\/paypal-pay-nfc-tag-and-qr-code-table-stand\/\",\"url\":\"https:\/\/www.truzzer.com\/es\/producto\/paypal-pay-nfc-tag-and-qr-code-table-stand\/\",\"name\":\"PayPal pay NFC tag and QR code table stand | truzzer\",\"isPartOf\":{\"@id\":\"https:\/\/www.truzzer.com\/es\/#website\"},\"primaryImageOfPage\":{\"@id\":\"https:\/\/www.truzzer.com\/es\/producto\/paypal-pay-nfc-tag-and-qr-code-table-stand\/#primaryimage\"},\"image\":{\"@id\":\"https:\/\/www.truzzer.com\/es\/producto\/paypal-pay-nfc-tag-and-qr-code-table-stand\/#primaryimage\"},\"thumbnailUrl\":\"https:\/\/www.truzzer.com\/wp-content\/uploads\/2026\/02\/paypapl-payment-qr-code-nfc-aufsteller-empfehlio-truzzer-iso-2.jpg\",\"datePublished\":\"2026-02-01T19:55:47+00:00\",\"dateModified\":\"2026-02-13T08:21:39+00:00\",\"description\":\"Acepta pagos PayPal con PayPal pay NFC tag and QR code table stand de truzzer. F\u00e1cil configuraci\u00f3n, listo para usar. \u00a1Pide ahora!\",\"breadcrumb\":{\"@id\":\"https:\/\/www.truzzer.com\/es\/producto\/paypal-pay-nfc-tag-and-qr-code-table-stand\/#breadcrumb\"},\"inLanguage\":\"es\",\"potentialAction\":[{\"@type\":\"ReadAction\",\"target\":[\"https:\/\/www.truzzer.com\/es\/producto\/paypal-pay-nfc-tag-and-qr-code-table-stand\/\"]}]},{\"@type\":\"ImageObject\",\"inLanguage\":\"es\",\"@id\":\"https:\/\/www.truzzer.com\/es\/producto\/paypal-pay-nfc-tag-and-qr-code-table-stand\/#primaryimage\",\"url\":\"https:\/\/www.truzzer.com\/wp-content\/uploads\/2026\/02\/paypapl-payment-qr-code-nfc-aufsteller-empfehlio-truzzer-iso-2.jpg\",\"contentUrl\":\"https:\/\/www.truzzer.com\/wp-content\/uploads\/2026\/02\/paypapl-payment-qr-code-nfc-aufsteller-empfehlio-truzzer-iso-2.jpg\",\"width\":1200,\"height\":1200},{\"@type\":\"BreadcrumbList\",\"@id\":\"https:\/\/www.truzzer.com\/es\/producto\/paypal-pay-nfc-tag-and-qr-code-table-stand\/#breadcrumb\",\"itemListElement\":[{\"@type\":\"ListItem\",\"position\":1,\"name\":\"Home\",\"item\":\"https:\/\/www.truzzer.com\/es\/\"},{\"@type\":\"ListItem\",\"position\":2,\"name\":\"Tienda\",\"item\":\"https:\/\/www.truzzer.com\/es\/tienda\/\"},{\"@type\":\"ListItem\",\"position\":3,\"name\":\"PayPal pago NFC etiqueta y soporte de mesa de c\u00f3digos QR\"}]},{\"@type\":\"WebSite\",\"@id\":\"https:\/\/www.truzzer.com\/es\/#website\",\"url\":\"https:\/\/www.truzzer.com\/es\/\",\"name\":\"truzzer\",\"description\":\"Experts for customer trust\",\"publisher\":{\"@id\":\"https:\/\/www.truzzer.com\/es\/#organization\"},\"potentialAction\":[{\"@type\":\"SearchAction\",\"target\":{\"@type\":\"EntryPoint\",\"urlTemplate\":\"https:\/\/www.truzzer.com\/es\/?s={search_term_string}\"},\"query-input\":{\"@type\":\"PropertyValueSpecification\",\"valueRequired\":true,\"valueName\":\"search_term_string\"}}],\"inLanguage\":\"es\"},{\"@type\":\"Organization\",\"@id\":\"https:\/\/www.truzzer.com\/es\/#organization\",\"name\":\"truzzer\",\"url\":\"https:\/\/www.truzzer.com\/es\/\",\"logo\":{\"@type\":\"ImageObject\",\"inLanguage\":\"es\",\"@id\":\"https:\/\/www.truzzer.com\/es\/#\/schema\/logo\/image\/\",\"url\":\"https:\/\/truzzer.com\/wp-content\/uploads\/2026\/01\/truzzer-logo-black-1.svg\",\"contentUrl\":\"https:\/\/truzzer.com\/wp-content\/uploads\/2026\/01\/truzzer-logo-black-1.svg\",\"width\":938,\"height\":199,\"caption\":\"truzzer\"},\"image\":{\"@id\":\"https:\/\/www.truzzer.com\/es\/#\/schema\/logo\/image\/\"}}]}<\/script>\n<!-- \/ Yoast SEO plugin. -->","yoast_head_json":{"title":"PayPal pay NFC tag and QR code table stand | truzzer","description":"Acepta pagos PayPal con PayPal pay NFC tag and QR code table stand de truzzer. F\u00e1cil configuraci\u00f3n, listo para usar. \u00a1Pide ahora!","robots":{"index":"index","follow":"follow","max-snippet":"max-snippet:-1","max-image-preview":"max-image-preview:large","max-video-preview":"max-video-preview:-1"},"canonical":"https:\/\/www.truzzer.com\/es\/producto\/paypal-pay-nfc-tag-and-qr-code-table-stand\/","og_locale":"es_ES","og_type":"article","og_title":"PayPal pay NFC tag and QR code table stand | truzzer","og_description":"Acepta pagos PayPal con PayPal pay NFC tag and QR code table stand de truzzer. F\u00e1cil configuraci\u00f3n, listo para usar. \u00a1Pide ahora!","og_url":"https:\/\/www.truzzer.com\/es\/producto\/paypal-pay-nfc-tag-and-qr-code-table-stand\/","og_site_name":"truzzer","article_modified_time":"2026-02-13T08:21:39+00:00","og_image":[{"width":1200,"height":1200,"url":"https:\/\/www.truzzer.com\/wp-content\/uploads\/2026\/02\/paypapl-payment-qr-code-nfc-aufsteller-empfehlio-truzzer-iso-2.jpg","type":"image\/jpeg"}],"twitter_card":"summary_large_image","twitter_misc":{"Tiempo de lectura":"4 minutos"},"schema":{"@context":"https:\/\/schema.org","@graph":[{"@type":"WebPage","@id":"https:\/\/www.truzzer.com\/es\/producto\/paypal-pay-nfc-tag-and-qr-code-table-stand\/","url":"https:\/\/www.truzzer.com\/es\/producto\/paypal-pay-nfc-tag-and-qr-code-table-stand\/","name":"PayPal pay NFC tag and QR code table stand | truzzer","isPartOf":{"@id":"https:\/\/www.truzzer.com\/es\/#website"},"primaryImageOfPage":{"@id":"https:\/\/www.truzzer.com\/es\/producto\/paypal-pay-nfc-tag-and-qr-code-table-stand\/#primaryimage"},"image":{"@id":"https:\/\/www.truzzer.com\/es\/producto\/paypal-pay-nfc-tag-and-qr-code-table-stand\/#primaryimage"},"thumbnailUrl":"https:\/\/www.truzzer.com\/wp-content\/uploads\/2026\/02\/paypapl-payment-qr-code-nfc-aufsteller-empfehlio-truzzer-iso-2.jpg","datePublished":"2026-02-01T19:55:47+00:00","dateModified":"2026-02-13T08:21:39+00:00","description":"Acepta pagos PayPal con PayPal pay NFC tag and QR code table stand de truzzer. F\u00e1cil configuraci\u00f3n, listo para usar. \u00a1Pide ahora!","breadcrumb":{"@id":"https:\/\/www.truzzer.com\/es\/producto\/paypal-pay-nfc-tag-and-qr-code-table-stand\/#breadcrumb"},"inLanguage":"es","potentialAction":[{"@type":"ReadAction","target":["https:\/\/www.truzzer.com\/es\/producto\/paypal-pay-nfc-tag-and-qr-code-table-stand\/"]}]},{"@type":"ImageObject","inLanguage":"es","@id":"https:\/\/www.truzzer.com\/es\/producto\/paypal-pay-nfc-tag-and-qr-code-table-stand\/#primaryimage","url":"https:\/\/www.truzzer.com\/wp-content\/uploads\/2026\/02\/paypapl-payment-qr-code-nfc-aufsteller-empfehlio-truzzer-iso-2.jpg","contentUrl":"https:\/\/www.truzzer.com\/wp-content\/uploads\/2026\/02\/paypapl-payment-qr-code-nfc-aufsteller-empfehlio-truzzer-iso-2.jpg","width":1200,"height":1200},{"@type":"BreadcrumbList","@id":"https:\/\/www.truzzer.com\/es\/producto\/paypal-pay-nfc-tag-and-qr-code-table-stand\/#breadcrumb","itemListElement":[{"@type":"ListItem","position":1,"name":"Home","item":"https:\/\/www.truzzer.com\/es\/"},{"@type":"ListItem","position":2,"name":"Tienda","item":"https:\/\/www.truzzer.com\/es\/tienda\/"},{"@type":"ListItem","position":3,"name":"PayPal pago NFC etiqueta y soporte de mesa de c\u00f3digos QR"}]},{"@type":"WebSite","@id":"https:\/\/www.truzzer.com\/es\/#website","url":"https:\/\/www.truzzer.com\/es\/","name":"truzzer","description":"Experts for customer trust","publisher":{"@id":"https:\/\/www.truzzer.com\/es\/#organization"},"potentialAction":[{"@type":"SearchAction","target":{"@type":"EntryPoint","urlTemplate":"https:\/\/www.truzzer.com\/es\/?s={search_term_string}"},"query-input":{"@type":"PropertyValueSpecification","valueRequired":true,"valueName":"search_term_string"}}],"inLanguage":"es"},{"@type":"Organization","@id":"https:\/\/www.truzzer.com\/es\/#organization","name":"truzzer","url":"https:\/\/www.truzzer.com\/es\/","logo":{"@type":"ImageObject","inLanguage":"es","@id":"https:\/\/www.truzzer.com\/es\/#\/schema\/logo\/image\/","url":"https:\/\/truzzer.com\/wp-content\/uploads\/2026\/01\/truzzer-logo-black-1.svg","contentUrl":"https:\/\/truzzer.com\/wp-content\/uploads\/2026\/01\/truzzer-logo-black-1.svg","width":938,"height":199,"caption":"truzzer"},"image":{"@id":"https:\/\/www.truzzer.com\/es\/#\/schema\/logo\/image\/"}}]}},"tiered_pricing_type":"fixed","tiered_pricing_fixed_rules":[],"tiered_pricing_product_settings":{"layout":"default","base_unit_name":{"singular":null,"plural":null},"default_variation":null},"tiered_pricing_minimum_quantity":null,"tiered_pricing_roles_data":[],"tiered_pricing_percentage_rules":[],"tiered_pricing_maximum_quantity":null,"tiered_pricing_quantity_step":null,"_links":{"self":[{"href":"https:\/\/www.truzzer.com\/es\/wp-json\/wp\/v2\/product\/97992","targetHints":{"allow":["GET"]}}],"collection":[{"href":"https:\/\/www.truzzer.com\/es\/wp-json\/wp\/v2\/product"}],"about":[{"href":"https:\/\/www.truzzer.com\/es\/wp-json\/wp\/v2\/types\/product"}],"replies":[{"embeddable":true,"href":"https:\/\/www.truzzer.com\/es\/wp-json\/wp\/v2\/comments?post=97992"}],"wp:featuredmedia":[{"embeddable":true,"href":"https:\/\/www.truzzer.com\/es\/wp-json\/wp\/v2\/media\/97996"}],"wp:attachment":[{"href":"https:\/\/www.truzzer.com\/es\/wp-json\/wp\/v2\/media?parent=97992"}],"wp:term":[{"taxonomy":"product_brand","embeddable":true,"href":"https:\/\/www.truzzer.com\/es\/wp-json\/wp\/v2\/product_brand?post=97992"},{"taxonomy":"product_cat","embeddable":true,"href":"https:\/\/www.truzzer.com\/es\/wp-json\/wp\/v2\/product_cat?post=97992"},{"taxonomy":"product_tag","embeddable":true,"href":"https:\/\/www.truzzer.com\/es\/wp-json\/wp\/v2\/product_tag?post=97992"}],"curies":[{"name":"wp","href":"https:\/\/api.w.org\/{rel}","templated":true}]}}