{"id":97999,"date":"2026-02-01T19:55:27","date_gmt":"2026-02-01T19:55:27","guid":{"rendered":"https:\/\/beta.truzzer.com\/product\/wifi-qr-code-table-stand-fancy\/"},"modified":"2026-02-13T08:22:48","modified_gmt":"2026-02-13T08:22:48","slug":"wifi-qr-code-table-stand-fancy","status":"publish","type":"product","link":"https:\/\/www.truzzer.com\/es\/producto\/wifi-qr-code-table-stand-fancy\/","title":{"rendered":"WIFI QR Soporte de mesa Code Fancy"},"content":{"rendered":"<h3>Soporte de mesa con c\u00f3digo WIFI QR: la forma m\u00e1s sencilla de proporcionar Wi-Fi a sus clientes<\/h3>\n<p><strong>Ofrece a tus clientes el acceso m\u00e1s sencillo y r\u00e1pido a tu WiFi con nuestro pr\u00e1ctico soporte de mesa con c\u00f3digo WIFI QR<\/strong>. Sin engorrosa introducci\u00f3n de contrase\u00f1as ni obst\u00e1culos innecesarios: sus clientes simplemente escanean el c\u00f3digo QR con la c\u00e1mara de su tel\u00e9fono inteligente y est\u00e1n en l\u00ednea en segundos. Este stand es la soluci\u00f3n perfecta para empresas que buscan brindar a sus invitados o clientes una experiencia Wi-Fi f\u00e1cil de usar y de acceso instant\u00e1neo.<\/p>\n<p><hora\/><\/p>\n<h3>\u00bfQu\u00e9 es el soporte de mesa con c\u00f3digo WIFI QR?<\/h3>\n<p>El soporte de mesa con c\u00f3digo WIFI QR es un producto innovador y sencillo dise\u00f1ado para brindar a sus clientes o invitados un acceso r\u00e1pido a su red Wi-Fi. Es ideal para restaurantes, cafeter\u00edas, hoteles, oficinas, salas de espera, gimnasios, peluquer\u00edas y cualquier otro tipo de negocios que quieran brindar a sus visitantes una agradable experiencia Wi-Fi. El soporte de mesa muestra claramente un c\u00f3digo QR que los clientes pueden escanear f\u00e1cilmente con sus tel\u00e9fonos inteligentes para conectarse autom\u00e1ticamente a su Wi-Fi, \u00a1no se requiere contrase\u00f1a!<\/p>\n<p><hora\/><\/p>\n<h3>Ventajas del Soporte de Mesa con C\u00f3digo WIFI QR<\/h3>\n<p><fuerte>1. Acceso Wi-Fi inmediato:<\/strong><\/p>\n<ul>\n<li>Tus clientes podr\u00e1n conectarse a tu Wi-Fi al instante y sin obst\u00e1culos. Al escanear el c\u00f3digo QR en el soporte de mesa con la c\u00e1mara de su tel\u00e9fono inteligente, eliminan la necesidad de ingresar manualmente contrase\u00f1as largas y complicadas. Esto no s\u00f3lo mejora la experiencia del cliente sino que tambi\u00e9n aumenta la probabilidad de que sus clientes permanezcan m\u00e1s tiempo en su establecimiento y utilicen sus servicios.<\/li>\n<\/ul>\n<p><fuerte>2. Operaci\u00f3n sencilla para todos los dispositivos:<\/strong><\/p>\n<ul>\n<li>El c\u00f3digo QR funciona con dispositivos Android e iOS (iPhone). Los usuarios simplemente necesitan abrir la aplicaci\u00f3n de la c\u00e1mara y escanear el c\u00f3digo. Esto les pedir\u00e1 inmediatamente que se conecten a la red Wi-Fi, lo cual s\u00f3lo tendr\u00e1n que confirmar. Los usuarios de port\u00e1tiles y tabletas tambi\u00e9n se benefician, ya que los detalles de acceso se mostrar\u00e1n para su introducci\u00f3n manual despu\u00e9s del escaneo.<\/li>\n<\/ul>\n<p><fuerte>3. F\u00e1cil de usar y ahorra tiempo:<\/strong><\/p>\n<ul>\n<li>El soporte de mesa elimina los procesos de inicio de sesi\u00f3n innecesarios y reduce el esfuerzo de sus clientes al brindar una transici\u00f3n perfecta a Wi-Fi. Esto no solo ahorra tiempo, sino que tambi\u00e9n facilita que su personal se centre en lo que importa, ya que no es necesario gestionar solicitudes individuales de detalles de acceso a Wi-Fi.<\/li>\n<\/ul>\n<p><fuerte>4. Dise\u00f1o Profesional y Moderno:<\/strong><\/p>\n<ul>\n<li>El soporte de mesa no solo es funcional sino tambi\u00e9n visualmente atractivo. Su dise\u00f1o sencillo y moderno encaja perfectamente en la est\u00e9tica de cualquier negocio o restaurante a la vez que parece profesional. El c\u00f3digo QR es claro y f\u00e1cilmente visible, lo que facilita a los clientes encontrarlo y escanearlo.<\/li>\n<\/ul>\n<p><fuerte>5. Material robusto para uso diario:<\/strong><\/p>\n<ul>\n<li>El soporte de mesa est\u00e1 fabricado con materiales duraderos y de alta calidad que son perfectos para el uso diario en entornos de mucho tr\u00e1fico. Ya sea en mesas de restaurante, mostradores de recepci\u00f3n o escritorios, el soporte es robusto y resistente.<\/li>\n<\/ul>\n<p><fuerte>6. No se requiere hardware adicional ni configuraci\u00f3n complicada:<\/strong><\/p>\n<ul>\n<li>El soporte de mesa con c\u00f3digo WIFI QR funciona con su red Wi-Fi existente. No necesita comprar hardware adicional ni realizar configuraciones de red complicadas. El c\u00f3digo QR simplemente est\u00e1 impreso en el soporte, lo que permite a sus clientes acceder a su red de inmediato.<\/li>\n<\/ul>\n<p><hora\/><\/p>\n<h2>\u00bfPor qu\u00e9 deber\u00eda utilizar el soporte de mesa con el c\u00f3digo WIFI QR?<\/h2>\n<p>En un mundo cada vez m\u00e1s digital, los clientes esperan un acceso r\u00e1pido y f\u00e1cil a Internet en todas partes. Al ofrecer Wi-Fi gratuito en su negocio, no s\u00f3lo crea una experiencia agradable para el cliente, sino que tambi\u00e9n aumenta el tiempo de permanencia y la satisfacci\u00f3n del cliente. El soporte de mesa de c\u00f3digos WIFI QR de Truzzer es la soluci\u00f3n \u00f3ptima para brindar este servicio de la manera m\u00e1s eficiente.<\/p>\n<p><strong>\u00bfQu\u00e9 empresas son ideales para el soporte de mesa con c\u00f3digo WIFI QR?<\/strong><\/p>\n<ul>\n<li><strong>Restaurantes y cafeter\u00edas:<\/strong> los clientes pueden conectarse r\u00e1pidamente a Wi-Fi mientras esperan sus pedidos, lo que mejora la satisfacci\u00f3n del cliente.<\/li>\n<li><strong>Hoteles:<\/strong> Ofrezca a sus hu\u00e9spedes un f\u00e1cil acceso a Internet en el vest\u00edbulo o en la zona de desayuno.<\/li>\n<li><strong>Oficinas y Salas de Espera:<\/strong> Cree un ambiente agradable para los visitantes o clientes que esperan citas o reuniones.<\/li>\n<li><strong>Tiendas minoristas:<\/strong> permita que sus clientes permanezcan c\u00f3modamente en l\u00ednea mientras navegan en su tienda.<\/li>\n<li><strong>Peluquer\u00edas y gimnasios:<\/strong> aseg\u00farese de que sus clientes puedan navegar por Internet sin problemas durante su visita.<\/li>\n<\/ul>\n<p><hora\/><\/p>\n<h2><strong>\u00bfC\u00f3mo funciona el soporte de mesa con c\u00f3digo WIFI QR?<\/strong><\/h2>\n<ol>\n<li><strong>Configuraci\u00f3n sencilla:<\/strong>\n<p>Coloque el soporte de mesa en un lugar visible de su negocio, como en una mesa, mostrador o \u00e1rea de recepci\u00f3n.<\/li>\n<li><strong>Escanee el c\u00f3digo QR:<\/strong>\n<p>Sus clientes simplemente abren la aplicaci\u00f3n de la c\u00e1mara en su tel\u00e9fono inteligente, apuntan al c\u00f3digo QR en el soporte y hacen clic en la notificaci\u00f3n que aparece para conectarse a Wi-Fi.<\/li>\n<li><strong>Conexi\u00f3n instant\u00e1nea:<\/strong>\n<p>Despu\u00e9s del escaneo, sus clientes se conectan autom\u00e1ticamente a su red Wi-Fi, sin necesidad de ingresar una contrase\u00f1a o navegar a trav\u00e9s de un largo formulario de inicio de sesi\u00f3n.<\/li>\n<li><strong>Acceso Wi-Fi para todos los dispositivos:<\/strong>\n<p>Para dispositivos Android e iOS, la conexi\u00f3n se establece instant\u00e1neamente. Los usuarios de computadoras port\u00e1tiles y tabletas tambi\u00e9n pueden escanear el c\u00f3digo QR para ingresar manualmente los detalles de acceso.<\/li>\n<\/ol>\n","protected":false},"excerpt":{"rendered":"<h3>Soporte de mesa con c\u00f3digo WIFI QR: Wi-Fi sencillo para sus clientes<\/h3>\n<p><strong>Asegure una experiencia Wi-Fi perfecta en su negocio con nuestro soporte de mesa con un c\u00f3digo WIFI QR.<\/strong><\/p>\n<p>Con este elegante y pr\u00e1ctico soporte, permitir\u00e1 a sus clientes acceder instant\u00e1neamente a su Wi-Fi. Todo lo que necesitan hacer es escanear el c\u00f3digo QR claramente visible con la c\u00e1mara de su tel\u00e9fono inteligente. \u00a1No m\u00e1s tediosos ingresos de contrase\u00f1as ni complicados procesos de inicio de sesi\u00f3n! Tus clientes estar\u00e1n en l\u00ednea en segundos.<\/p>\n<p><strong>Caracter\u00edsticas:<\/strong><\/p>\n<ul>\n<li><strong>Conexi\u00f3n Wi-Fi instant\u00e1nea:<\/strong> Conexi\u00f3n sencilla escaneando el c\u00f3digo QR con la c\u00e1mara del smartphone.<\/li>\n<li><strong>Dise\u00f1o delgado y moderno:<\/strong> el stand se integra perfectamente en cualquier entorno: ideal para cafeter\u00edas, restaurantes, oficinas, hoteles y tiendas.<\/li>\n<li><strong>F\u00e1cil de usar:<\/strong> No se requiere contrase\u00f1a; el c\u00f3digo QR conduce directamente a la conexi\u00f3n Wi-Fi.<\/li>\n<li><strong>Materiales duraderos:<\/strong> El soporte de mesa es duradero y robusto, perfecto para el uso diario.<\/li>\n<li><strong>Uso vers\u00e1til:<\/strong> Perfecto para mesas, mostradores o \u00e1reas de recepci\u00f3n.<\/li>\n<\/ul>\n<p><strong>C\u00f3mo funciona:<\/strong><\/p>\n<ol>\n<li>Coloque el soporte de mesa en un lugar visible.<\/li>\n<li>Tus clientes escanean el c\u00f3digo QR con la c\u00e1mara de su tel\u00e9fono inteligente.<\/li>\n<li>Despu\u00e9s de escanear, se conectan instant\u00e1neamente a su Wi-Fi: r\u00e1pido, seguro y conveniente.<\/li>\n<\/ol>\n","protected":false},"featured_media":98007,"comment_status":"open","ping_status":"closed","template":"","meta":{"_acf_changed":false,"_yoast_wpseo_focuskw":"WiFi c\u00f3digo QR Soporte de mesa","_yoast_wpseo_title":"WIFI QR Code Table Stand Fancy | truzzer","_yoast_wpseo_metadesc":"Acceso WiFi f\u00e1cil para tus clientes con WIFI QR Code Table Stand Fancy de truzzer. F\u00e1cil configuraci\u00f3n, listo para usar. \u00a1Pide ahora!"},"product_brand":[],"product_cat":[1401],"product_tag":[],"class_list":{"0":"post-97999","1":"product","2":"type-product","3":"status-publish","4":"has-post-thumbnail","6":"product_cat-wifi-expositores-de-mesa-con-codigo-qr","7":"pa_industry-hotel","8":"pa_industry-practica-medica","9":"pa_industry-restaurante-cafeteria","10":"pa_material-carton","11":"pa_placement-balie-receptie","12":"pa_placement-kassa-pos","13":"pa_placement-tafel","14":"pa_product-type-displays-y-stands","15":"pa_technology-qr-code","17":"first","18":"instock","19":"taxable","20":"shipping-taxable","21":"product-type-simple"},"acf":[],"yoast_head":"<!-- This site is optimized with the Yoast SEO plugin v27.0 - https:\/\/yoast.com\/product\/yoast-seo-wordpress\/ -->\n<title>WIFI QR Code Table Stand Fancy | truzzer<\/title>\n<meta name=\"description\" content=\"Acceso WiFi f\u00e1cil para tus clientes con WIFI QR Code Table Stand Fancy de truzzer. F\u00e1cil configuraci\u00f3n, listo para usar. \u00a1Pide ahora!\" \/>\n<meta name=\"robots\" content=\"index, follow, max-snippet:-1, max-image-preview:large, max-video-preview:-1\" \/>\n<link rel=\"canonical\" href=\"https:\/\/www.truzzer.com\/es\/producto\/wifi-qr-code-table-stand-fancy\/\" \/>\n<meta property=\"og:locale\" content=\"es_ES\" \/>\n<meta property=\"og:type\" content=\"article\" \/>\n<meta property=\"og:title\" content=\"WIFI QR Code Table Stand Fancy | truzzer\" \/>\n<meta property=\"og:description\" content=\"Acceso WiFi f\u00e1cil para tus clientes con WIFI QR Code Table Stand Fancy de truzzer. F\u00e1cil configuraci\u00f3n, listo para usar. \u00a1Pide ahora!\" \/>\n<meta property=\"og:url\" content=\"https:\/\/www.truzzer.com\/es\/producto\/wifi-qr-code-table-stand-fancy\/\" \/>\n<meta property=\"og:site_name\" content=\"truzzer\" \/>\n<meta property=\"article:modified_time\" content=\"2026-02-13T08:22:48+00:00\" \/>\n<meta property=\"og:image\" content=\"https:\/\/www.truzzer.com\/wp-content\/uploads\/2026\/02\/empfehlio-truzzer-wifi-stand-future-3-jpg-2.webp\" \/>\n\t<meta property=\"og:image:width\" content=\"1400\" \/>\n\t<meta property=\"og:image:height\" content=\"1400\" \/>\n\t<meta property=\"og:image:type\" content=\"image\/webp\" \/>\n<meta name=\"twitter:card\" content=\"summary_large_image\" \/>\n<meta name=\"twitter:label1\" content=\"Tiempo de lectura\" \/>\n\t<meta name=\"twitter:data1\" content=\"5 minutos\" \/>\n<script type=\"application\/ld+json\" class=\"yoast-schema-graph\">{\"@context\":\"https:\/\/schema.org\",\"@graph\":[{\"@type\":\"WebPage\",\"@id\":\"https:\/\/www.truzzer.com\/es\/producto\/wifi-qr-code-table-stand-fancy\/\",\"url\":\"https:\/\/www.truzzer.com\/es\/producto\/wifi-qr-code-table-stand-fancy\/\",\"name\":\"WIFI QR Code Table Stand Fancy | truzzer\",\"isPartOf\":{\"@id\":\"https:\/\/www.truzzer.com\/es\/#website\"},\"primaryImageOfPage\":{\"@id\":\"https:\/\/www.truzzer.com\/es\/producto\/wifi-qr-code-table-stand-fancy\/#primaryimage\"},\"image\":{\"@id\":\"https:\/\/www.truzzer.com\/es\/producto\/wifi-qr-code-table-stand-fancy\/#primaryimage\"},\"thumbnailUrl\":\"https:\/\/www.truzzer.com\/wp-content\/uploads\/2026\/02\/empfehlio-truzzer-wifi-stand-future-3-jpg-2.webp\",\"datePublished\":\"2026-02-01T19:55:27+00:00\",\"dateModified\":\"2026-02-13T08:22:48+00:00\",\"description\":\"Acceso WiFi f\u00e1cil para tus clientes con WIFI QR Code Table Stand Fancy de truzzer. F\u00e1cil configuraci\u00f3n, listo para usar. \u00a1Pide ahora!\",\"breadcrumb\":{\"@id\":\"https:\/\/www.truzzer.com\/es\/producto\/wifi-qr-code-table-stand-fancy\/#breadcrumb\"},\"inLanguage\":\"es\",\"potentialAction\":[{\"@type\":\"ReadAction\",\"target\":[\"https:\/\/www.truzzer.com\/es\/producto\/wifi-qr-code-table-stand-fancy\/\"]}]},{\"@type\":\"ImageObject\",\"inLanguage\":\"es\",\"@id\":\"https:\/\/www.truzzer.com\/es\/producto\/wifi-qr-code-table-stand-fancy\/#primaryimage\",\"url\":\"https:\/\/www.truzzer.com\/wp-content\/uploads\/2026\/02\/empfehlio-truzzer-wifi-stand-future-3-jpg-2.webp\",\"contentUrl\":\"https:\/\/www.truzzer.com\/wp-content\/uploads\/2026\/02\/empfehlio-truzzer-wifi-stand-future-3-jpg-2.webp\",\"width\":1400,\"height\":1400},{\"@type\":\"BreadcrumbList\",\"@id\":\"https:\/\/www.truzzer.com\/es\/producto\/wifi-qr-code-table-stand-fancy\/#breadcrumb\",\"itemListElement\":[{\"@type\":\"ListItem\",\"position\":1,\"name\":\"Home\",\"item\":\"https:\/\/www.truzzer.com\/es\/\"},{\"@type\":\"ListItem\",\"position\":2,\"name\":\"Tienda\",\"item\":\"https:\/\/www.truzzer.com\/es\/tienda\/\"},{\"@type\":\"ListItem\",\"position\":3,\"name\":\"WIFI QR Soporte de mesa Code Fancy\"}]},{\"@type\":\"WebSite\",\"@id\":\"https:\/\/www.truzzer.com\/es\/#website\",\"url\":\"https:\/\/www.truzzer.com\/es\/\",\"name\":\"truzzer\",\"description\":\"Experts for customer trust\",\"publisher\":{\"@id\":\"https:\/\/www.truzzer.com\/es\/#organization\"},\"potentialAction\":[{\"@type\":\"SearchAction\",\"target\":{\"@type\":\"EntryPoint\",\"urlTemplate\":\"https:\/\/www.truzzer.com\/es\/?s={search_term_string}\"},\"query-input\":{\"@type\":\"PropertyValueSpecification\",\"valueRequired\":true,\"valueName\":\"search_term_string\"}}],\"inLanguage\":\"es\"},{\"@type\":\"Organization\",\"@id\":\"https:\/\/www.truzzer.com\/es\/#organization\",\"name\":\"truzzer\",\"url\":\"https:\/\/www.truzzer.com\/es\/\",\"logo\":{\"@type\":\"ImageObject\",\"inLanguage\":\"es\",\"@id\":\"https:\/\/www.truzzer.com\/es\/#\/schema\/logo\/image\/\",\"url\":\"https:\/\/truzzer.com\/wp-content\/uploads\/2026\/01\/truzzer-logo-black-1.svg\",\"contentUrl\":\"https:\/\/truzzer.com\/wp-content\/uploads\/2026\/01\/truzzer-logo-black-1.svg\",\"width\":938,\"height\":199,\"caption\":\"truzzer\"},\"image\":{\"@id\":\"https:\/\/www.truzzer.com\/es\/#\/schema\/logo\/image\/\"}}]}<\/script>\n<!-- \/ Yoast SEO plugin. -->","yoast_head_json":{"title":"WIFI QR Code Table Stand Fancy | truzzer","description":"Acceso WiFi f\u00e1cil para tus clientes con WIFI QR Code Table Stand Fancy de truzzer. F\u00e1cil configuraci\u00f3n, listo para usar. \u00a1Pide ahora!","robots":{"index":"index","follow":"follow","max-snippet":"max-snippet:-1","max-image-preview":"max-image-preview:large","max-video-preview":"max-video-preview:-1"},"canonical":"https:\/\/www.truzzer.com\/es\/producto\/wifi-qr-code-table-stand-fancy\/","og_locale":"es_ES","og_type":"article","og_title":"WIFI QR Code Table Stand Fancy | truzzer","og_description":"Acceso WiFi f\u00e1cil para tus clientes con WIFI QR Code Table Stand Fancy de truzzer. F\u00e1cil configuraci\u00f3n, listo para usar. \u00a1Pide ahora!","og_url":"https:\/\/www.truzzer.com\/es\/producto\/wifi-qr-code-table-stand-fancy\/","og_site_name":"truzzer","article_modified_time":"2026-02-13T08:22:48+00:00","og_image":[{"width":1400,"height":1400,"url":"https:\/\/www.truzzer.com\/wp-content\/uploads\/2026\/02\/empfehlio-truzzer-wifi-stand-future-3-jpg-2.webp","type":"image\/webp"}],"twitter_card":"summary_large_image","twitter_misc":{"Tiempo de lectura":"5 minutos"},"schema":{"@context":"https:\/\/schema.org","@graph":[{"@type":"WebPage","@id":"https:\/\/www.truzzer.com\/es\/producto\/wifi-qr-code-table-stand-fancy\/","url":"https:\/\/www.truzzer.com\/es\/producto\/wifi-qr-code-table-stand-fancy\/","name":"WIFI QR Code Table Stand Fancy | truzzer","isPartOf":{"@id":"https:\/\/www.truzzer.com\/es\/#website"},"primaryImageOfPage":{"@id":"https:\/\/www.truzzer.com\/es\/producto\/wifi-qr-code-table-stand-fancy\/#primaryimage"},"image":{"@id":"https:\/\/www.truzzer.com\/es\/producto\/wifi-qr-code-table-stand-fancy\/#primaryimage"},"thumbnailUrl":"https:\/\/www.truzzer.com\/wp-content\/uploads\/2026\/02\/empfehlio-truzzer-wifi-stand-future-3-jpg-2.webp","datePublished":"2026-02-01T19:55:27+00:00","dateModified":"2026-02-13T08:22:48+00:00","description":"Acceso WiFi f\u00e1cil para tus clientes con WIFI QR Code Table Stand Fancy de truzzer. F\u00e1cil configuraci\u00f3n, listo para usar. \u00a1Pide ahora!","breadcrumb":{"@id":"https:\/\/www.truzzer.com\/es\/producto\/wifi-qr-code-table-stand-fancy\/#breadcrumb"},"inLanguage":"es","potentialAction":[{"@type":"ReadAction","target":["https:\/\/www.truzzer.com\/es\/producto\/wifi-qr-code-table-stand-fancy\/"]}]},{"@type":"ImageObject","inLanguage":"es","@id":"https:\/\/www.truzzer.com\/es\/producto\/wifi-qr-code-table-stand-fancy\/#primaryimage","url":"https:\/\/www.truzzer.com\/wp-content\/uploads\/2026\/02\/empfehlio-truzzer-wifi-stand-future-3-jpg-2.webp","contentUrl":"https:\/\/www.truzzer.com\/wp-content\/uploads\/2026\/02\/empfehlio-truzzer-wifi-stand-future-3-jpg-2.webp","width":1400,"height":1400},{"@type":"BreadcrumbList","@id":"https:\/\/www.truzzer.com\/es\/producto\/wifi-qr-code-table-stand-fancy\/#breadcrumb","itemListElement":[{"@type":"ListItem","position":1,"name":"Home","item":"https:\/\/www.truzzer.com\/es\/"},{"@type":"ListItem","position":2,"name":"Tienda","item":"https:\/\/www.truzzer.com\/es\/tienda\/"},{"@type":"ListItem","position":3,"name":"WIFI QR Soporte de mesa Code Fancy"}]},{"@type":"WebSite","@id":"https:\/\/www.truzzer.com\/es\/#website","url":"https:\/\/www.truzzer.com\/es\/","name":"truzzer","description":"Experts for customer trust","publisher":{"@id":"https:\/\/www.truzzer.com\/es\/#organization"},"potentialAction":[{"@type":"SearchAction","target":{"@type":"EntryPoint","urlTemplate":"https:\/\/www.truzzer.com\/es\/?s={search_term_string}"},"query-input":{"@type":"PropertyValueSpecification","valueRequired":true,"valueName":"search_term_string"}}],"inLanguage":"es"},{"@type":"Organization","@id":"https:\/\/www.truzzer.com\/es\/#organization","name":"truzzer","url":"https:\/\/www.truzzer.com\/es\/","logo":{"@type":"ImageObject","inLanguage":"es","@id":"https:\/\/www.truzzer.com\/es\/#\/schema\/logo\/image\/","url":"https:\/\/truzzer.com\/wp-content\/uploads\/2026\/01\/truzzer-logo-black-1.svg","contentUrl":"https:\/\/truzzer.com\/wp-content\/uploads\/2026\/01\/truzzer-logo-black-1.svg","width":938,"height":199,"caption":"truzzer"},"image":{"@id":"https:\/\/www.truzzer.com\/es\/#\/schema\/logo\/image\/"}}]}},"tiered_pricing_type":"fixed","tiered_pricing_fixed_rules":[],"tiered_pricing_product_settings":{"layout":"default","base_unit_name":{"singular":null,"plural":null},"default_variation":null},"tiered_pricing_minimum_quantity":null,"tiered_pricing_roles_data":[],"tiered_pricing_percentage_rules":[],"tiered_pricing_maximum_quantity":null,"tiered_pricing_quantity_step":null,"_links":{"self":[{"href":"https:\/\/www.truzzer.com\/es\/wp-json\/wp\/v2\/product\/97999","targetHints":{"allow":["GET"]}}],"collection":[{"href":"https:\/\/www.truzzer.com\/es\/wp-json\/wp\/v2\/product"}],"about":[{"href":"https:\/\/www.truzzer.com\/es\/wp-json\/wp\/v2\/types\/product"}],"replies":[{"embeddable":true,"href":"https:\/\/www.truzzer.com\/es\/wp-json\/wp\/v2\/comments?post=97999"}],"wp:featuredmedia":[{"embeddable":true,"href":"https:\/\/www.truzzer.com\/es\/wp-json\/wp\/v2\/media\/98007"}],"wp:attachment":[{"href":"https:\/\/www.truzzer.com\/es\/wp-json\/wp\/v2\/media?parent=97999"}],"wp:term":[{"taxonomy":"product_brand","embeddable":true,"href":"https:\/\/www.truzzer.com\/es\/wp-json\/wp\/v2\/product_brand?post=97999"},{"taxonomy":"product_cat","embeddable":true,"href":"https:\/\/www.truzzer.com\/es\/wp-json\/wp\/v2\/product_cat?post=97999"},{"taxonomy":"product_tag","embeddable":true,"href":"https:\/\/www.truzzer.com\/es\/wp-json\/wp\/v2\/product_tag?post=97999"}],"curies":[{"name":"wp","href":"https:\/\/api.w.org\/{rel}","templated":true}]}}