{"id":98011,"date":"2026-02-01T19:55:19","date_gmt":"2026-02-01T19:55:19","guid":{"rendered":"https:\/\/beta.truzzer.com\/product\/tiktok-follower-nfc-tag-and-qr-code-table-stand\/"},"modified":"2026-02-13T08:24:02","modified_gmt":"2026-02-13T08:24:02","slug":"tiktok-follower-nfc-tag-and-qr-code-table-stand","status":"publish","type":"product","link":"https:\/\/www.truzzer.com\/es\/producto\/tiktok-follower-nfc-tag-and-qr-code-table-stand\/","title":{"rendered":"TikTok Seguidor NFC Etiqueta y soporte de mesa de c\u00f3digos QR"},"content":{"rendered":"<p><strong>Etiqueta TikTok NFC y soporte de mesa de c\u00f3digos QR: la soluci\u00f3n inteligente para promocionar su perfil TikTok<\/strong><\/p>\n<p>En el mundo digital actual, es cada vez m\u00e1s importante utilizar m\u00e9todos innovadores y eficientes para fortalecer su presencia en l\u00ednea. La <strong>etiqueta TikTok NFC y el soporte de mesa de c\u00f3digos QR<\/strong>\u00a0ofrecen una forma sencilla pero eficaz de compartir r\u00e1pidamente su perfil TikTok con seguidores y clientes potenciales.<\/p>\n<h3>\u00bfQu\u00e9 es un soporte de mesa con etiquetas TikTok NFC?<\/h3>\n<p>Nuestro soporte de mesa para etiquetas TikTok NFC es una soluci\u00f3n moderna e interactiva que facilita la comunicaci\u00f3n entre su ubicaci\u00f3n f\u00edsica y su perfil digital TikTok. Combina los beneficios de la tecnolog\u00eda NFC (Near Field Communication) con un c\u00f3digo QR, brindando a los usuarios dos formas diferentes de acceder a su perfil al instante. Todo lo que un cliente tiene que hacer es sostener su tel\u00e9fono inteligente cerca del chip NFC o escanear el c\u00f3digo QR impreso. En ambos casos, ser\u00e1n dirigidos directamente a su perfil TikTok; no se requieren aplicaciones adicionales ni pasos complicados.<\/p>\n<h3>\u00bfC\u00f3mo funciona el soporte de mesa con etiquetas TikTok NFC?<\/h3>\n<p>La funcionalidad es simple y f\u00e1cil de usar:<\/p>\n<ol>\n<li><strong>Tecnolog\u00eda NFC:<\/strong> Los tel\u00e9fonos inteligentes compatibles con NFC solo necesitan sostenerse cerca del soporte para comenzar a redirigir a su perfil TikTok. No se necesita ninguna aplicaci\u00f3n ni equipo adicional. Los clientes reciben acceso inmediato a su informaci\u00f3n o son dirigidos directamente a su perfil.<\/li>\n<li><strong>Integraci\u00f3n del c\u00f3digo QR:<\/strong> Para dispositivos que no son compatibles con NFC o si el cliente prefiere una opci\u00f3n diferente, simplemente puede escanear el c\u00f3digo QR integrado. Este c\u00f3digo QR tambi\u00e9n conduce directamente a su perfil TikTok.<\/li>\n<\/ol>\n<p>Con esta combinaci\u00f3n, cubre todas las bases y hace que sea extremadamente f\u00e1cil para sus clientes conectarse con usted.<\/p>\n<h3>Por qu\u00e9 el soporte de mesa con etiquetas TikTok NFC es imprescindible para su estrategia de marketing<\/h3>\n<p>En el mundo de TikTok, la velocidad y la simplicidad son clave. La gente quiere un acceso inmediato y sin complicaciones al contenido. Aqu\u00ed es donde brilla el soporte de mesa Tag TikTok NFC. Con su f\u00e1cil operaci\u00f3n y acceso instant\u00e1neo a su perfil TikTok, puede:<\/p>\n<ul>\n<li><strong>Gana m\u00e1s seguidores:<\/strong> al facilitar que los clientes te encuentren, aumentas la probabilidad de que te sigan e interact\u00faen con tu contenido.<\/li>\n<li><strong>Aumente la participaci\u00f3n:<\/strong> con un escaneo r\u00e1pido o un toque NFC, sus clientes pueden acceder a sus videos e interactuar con usted inmediatamente, ya sea a trav\u00e9s de comentarios, me gusta o compartiendo su contenido.<\/li>\n<li><strong>Fortalece tu marca:<\/strong> Presenta tu perfil TikTok de manera profesional y muestra a tus clientes que est\u00e1s actualizado en el mundo digital.<\/li>\n<\/ul>\n<h3>Perfecto para empresas, eventos e influencers<\/h3>\n<p>Ya sea que dirijas un negocio, est\u00e9s presente en una feria o evento comercial, o simplemente quieras aumentar tu alcance como influencer, el <strong>soporte de mesa para etiquetas TikTok NFC<\/strong>\u00a0es el compa\u00f1ero ideal. Col\u00f3calo en tu stand de ventas, en tu tienda o en tu evento y brinda a tus clientes la oportunidad de interactuar contigo de inmediato. La combinaci\u00f3n del c\u00f3digo NFC y QR llega a una amplia audiencia, independientemente de sus capacidades t\u00e9cnicas.<\/p>\n<h3>Beneficios del soporte de mesa Tag TikTok NFC de un vistazo:<\/h3>\n<ul>\n<li><strong>Acceso instant\u00e1neo a su perfil TikTok:<\/strong> Con solo un clic o escaneo, sus clientes son dirigidos a su perfil TikTok.<\/li>\n<li><strong>Sin problemas de instalaci\u00f3n:<\/strong> los clientes no necesitan instalar aplicaciones adicionales: esta tecnolog\u00eda est\u00e1 lista para usarse de inmediato.<\/li>\n<li><strong>Ahorro de tiempo para tus clientes:<\/strong> Acceso r\u00e1pido y f\u00e1cil a tu contenido sin largas b\u00fasquedas ni escritura.<\/li>\n<li><strong>Tecnolog\u00eda dual:<\/strong> los c\u00f3digos NFC y QR proporcionan dos formas de garantizar que todos puedan acceder a \u00e9l.<\/li>\n<li><strong>Flexible y vers\u00e1til:<\/strong> Perfecto para usar en tiendas, ferias, eventos o como parte de tu estrategia de marketing digital.<\/li>\n<\/ul>\n<h3>Conclusi\u00f3n: El soporte de mesa Tag TikTok NFC: su clave para un mayor alcance y \u00e9xito<\/h3>\n<p>En la era digital actual, donde TikTok est\u00e1 ganando cada vez m\u00e1s importancia, es esencial utilizar formas simples y efectivas de promocionar su perfil. Con el <strong>soporte de mesa para etiquetas TikTok NFC<\/strong> con un c\u00f3digo QR integrado, ofrece a sus clientes una forma moderna y r\u00e1pida de encontrarlo e interactuar con usted en TikTok. Ya sea para minoristas, eventos o personas influyentes, este stand es la herramienta ideal para elevar su presencia en l\u00ednea.<\/p>\n<p>Invierta en el <strong>soporte de mesa para etiquetas TikTok NFC<\/strong>\u00a0ahora y compruebe lo f\u00e1cil que puede ser ganar m\u00e1s seguidores y promocionar con \u00e9xito su perfil TikTok.<\/p>\n","protected":false},"excerpt":{"rendered":"<p><strong>Descubra el soporte TikTok NFC: \u00a1su enlace directo a su perfil TikTok!<\/strong><\/p>\n<p>Con nuestro stand TikTok NFC, nunca ha sido tan f\u00e1cil para tus clientes descubrir tu perfil. Todo lo que necesitan hacer es sostener su tel\u00e9fono inteligente contra el soporte o escanear el c\u00f3digo QR integrado y ser\u00e1n llevados directamente a su perfil TikTok. Sin escribir ni buscar, solo una forma r\u00e1pida e inteligente de ganar m\u00e1s seguidores y participaci\u00f3n.<\/p>\n<p>Perfecto para empresas, eventos o cualquiera que busque promocionar su presencia en TikTok sin esfuerzo. \u00a1Simplemente col\u00f3calo y listo!<\/p>\n","protected":false},"featured_media":98021,"comment_status":"open","ping_status":"closed","template":"","meta":{"_acf_changed":false,"_yoast_wpseo_focuskw":"TikTok c\u00f3digo QR Soporte de mesa","_yoast_wpseo_title":"TikTok Follower NFC Tag and QR Code Table Stand | truzzer","_yoast_wpseo_metadesc":"Aumenta tu alcance en TikTok con TikTok Follower NFC Tag and QR Code Table Stand de truzzer. F\u00e1cil configuraci\u00f3n, listo para usar. \u00a1Pide ahora!"},"product_brand":[1677],"product_cat":[582,1404,1402,1403,628],"product_tag":[],"class_list":{"0":"post-98011","1":"product","2":"type-product","3":"status-publish","4":"has-post-thumbnail","6":"product_brand-tiktok","7":"product_cat-nfc-productos","8":"product_cat-nfc-soportes","9":"product_cat-seguidores-de-tiktok-expositores-de-mesa","10":"product_cat-seguidores-de-tiktok-expositores-de-mesa-con-qr-nfc","11":"product_cat-seguidores-de-tiktok-productos","12":"pa_industry-hotel","13":"pa_industry-practica-medica","14":"pa_industry-restaurante-cafeteria","15":"pa_material-acrylic","16":"pa_placement-balie-receptie","17":"pa_placement-kassa-pos","18":"pa_placement-tafel","19":"pa_product-type-displays-y-stands","20":"pa_technology-nfc","21":"pa_technology-qr-nfc","23":"first","24":"instock","25":"taxable","26":"shipping-taxable","27":"purchasable","28":"product-type-simple"},"acf":[],"yoast_head":"<!-- This site is optimized with the Yoast SEO plugin v27.0 - https:\/\/yoast.com\/product\/yoast-seo-wordpress\/ -->\n<title>TikTok Follower NFC Tag and QR Code Table Stand | truzzer<\/title>\n<meta name=\"description\" content=\"Aumenta tu alcance en TikTok con TikTok Follower NFC Tag and QR Code Table Stand de truzzer. F\u00e1cil configuraci\u00f3n, listo para usar. \u00a1Pide ahora!\" \/>\n<meta name=\"robots\" content=\"index, follow, max-snippet:-1, max-image-preview:large, max-video-preview:-1\" \/>\n<link rel=\"canonical\" href=\"https:\/\/www.truzzer.com\/es\/producto\/tiktok-follower-nfc-tag-and-qr-code-table-stand\/\" \/>\n<meta property=\"og:locale\" content=\"es_ES\" \/>\n<meta property=\"og:type\" content=\"article\" \/>\n<meta property=\"og:title\" content=\"TikTok Follower NFC Tag and QR Code Table Stand | truzzer\" \/>\n<meta property=\"og:description\" content=\"Aumenta tu alcance en TikTok con TikTok Follower NFC Tag and QR Code Table Stand de truzzer. F\u00e1cil configuraci\u00f3n, listo para usar. \u00a1Pide ahora!\" \/>\n<meta property=\"og:url\" content=\"https:\/\/www.truzzer.com\/es\/producto\/tiktok-follower-nfc-tag-and-qr-code-table-stand\/\" \/>\n<meta property=\"og:site_name\" content=\"truzzer\" \/>\n<meta property=\"article:modified_time\" content=\"2026-02-13T08:24:02+00:00\" \/>\n<meta property=\"og:image\" content=\"https:\/\/www.truzzer.com\/wp-content\/uploads\/2026\/02\/tiktok-nfc-qr-stand-silver-s-jpg-8.webp\" \/>\n\t<meta property=\"og:image:width\" content=\"1400\" \/>\n\t<meta property=\"og:image:height\" content=\"1400\" \/>\n\t<meta property=\"og:image:type\" content=\"image\/webp\" \/>\n<meta name=\"twitter:card\" content=\"summary_large_image\" \/>\n<meta name=\"twitter:label1\" content=\"Tiempo de lectura\" \/>\n\t<meta name=\"twitter:data1\" content=\"4 minutos\" \/>\n<script type=\"application\/ld+json\" class=\"yoast-schema-graph\">{\"@context\":\"https:\/\/schema.org\",\"@graph\":[{\"@type\":\"WebPage\",\"@id\":\"https:\/\/www.truzzer.com\/es\/producto\/tiktok-follower-nfc-tag-and-qr-code-table-stand\/\",\"url\":\"https:\/\/www.truzzer.com\/es\/producto\/tiktok-follower-nfc-tag-and-qr-code-table-stand\/\",\"name\":\"TikTok Follower NFC Tag and QR Code Table Stand | truzzer\",\"isPartOf\":{\"@id\":\"https:\/\/www.truzzer.com\/es\/#website\"},\"primaryImageOfPage\":{\"@id\":\"https:\/\/www.truzzer.com\/es\/producto\/tiktok-follower-nfc-tag-and-qr-code-table-stand\/#primaryimage\"},\"image\":{\"@id\":\"https:\/\/www.truzzer.com\/es\/producto\/tiktok-follower-nfc-tag-and-qr-code-table-stand\/#primaryimage\"},\"thumbnailUrl\":\"https:\/\/www.truzzer.com\/wp-content\/uploads\/2026\/02\/tiktok-nfc-qr-stand-silver-s-jpg-8.webp\",\"datePublished\":\"2026-02-01T19:55:19+00:00\",\"dateModified\":\"2026-02-13T08:24:02+00:00\",\"description\":\"Aumenta tu alcance en TikTok con TikTok Follower NFC Tag and QR Code Table Stand de truzzer. F\u00e1cil configuraci\u00f3n, listo para usar. \u00a1Pide ahora!\",\"breadcrumb\":{\"@id\":\"https:\/\/www.truzzer.com\/es\/producto\/tiktok-follower-nfc-tag-and-qr-code-table-stand\/#breadcrumb\"},\"inLanguage\":\"es\",\"potentialAction\":[{\"@type\":\"ReadAction\",\"target\":[\"https:\/\/www.truzzer.com\/es\/producto\/tiktok-follower-nfc-tag-and-qr-code-table-stand\/\"]}]},{\"@type\":\"ImageObject\",\"inLanguage\":\"es\",\"@id\":\"https:\/\/www.truzzer.com\/es\/producto\/tiktok-follower-nfc-tag-and-qr-code-table-stand\/#primaryimage\",\"url\":\"https:\/\/www.truzzer.com\/wp-content\/uploads\/2026\/02\/tiktok-nfc-qr-stand-silver-s-jpg-8.webp\",\"contentUrl\":\"https:\/\/www.truzzer.com\/wp-content\/uploads\/2026\/02\/tiktok-nfc-qr-stand-silver-s-jpg-8.webp\",\"width\":1400,\"height\":1400},{\"@type\":\"BreadcrumbList\",\"@id\":\"https:\/\/www.truzzer.com\/es\/producto\/tiktok-follower-nfc-tag-and-qr-code-table-stand\/#breadcrumb\",\"itemListElement\":[{\"@type\":\"ListItem\",\"position\":1,\"name\":\"Home\",\"item\":\"https:\/\/www.truzzer.com\/es\/\"},{\"@type\":\"ListItem\",\"position\":2,\"name\":\"Tienda\",\"item\":\"https:\/\/www.truzzer.com\/es\/tienda\/\"},{\"@type\":\"ListItem\",\"position\":3,\"name\":\"TikTok Seguidor NFC Etiqueta y soporte de mesa de c\u00f3digos QR\"}]},{\"@type\":\"WebSite\",\"@id\":\"https:\/\/www.truzzer.com\/es\/#website\",\"url\":\"https:\/\/www.truzzer.com\/es\/\",\"name\":\"truzzer\",\"description\":\"Experts for customer trust\",\"publisher\":{\"@id\":\"https:\/\/www.truzzer.com\/es\/#organization\"},\"potentialAction\":[{\"@type\":\"SearchAction\",\"target\":{\"@type\":\"EntryPoint\",\"urlTemplate\":\"https:\/\/www.truzzer.com\/es\/?s={search_term_string}\"},\"query-input\":{\"@type\":\"PropertyValueSpecification\",\"valueRequired\":true,\"valueName\":\"search_term_string\"}}],\"inLanguage\":\"es\"},{\"@type\":\"Organization\",\"@id\":\"https:\/\/www.truzzer.com\/es\/#organization\",\"name\":\"truzzer\",\"url\":\"https:\/\/www.truzzer.com\/es\/\",\"logo\":{\"@type\":\"ImageObject\",\"inLanguage\":\"es\",\"@id\":\"https:\/\/www.truzzer.com\/es\/#\/schema\/logo\/image\/\",\"url\":\"https:\/\/truzzer.com\/wp-content\/uploads\/2026\/01\/truzzer-logo-black-1.svg\",\"contentUrl\":\"https:\/\/truzzer.com\/wp-content\/uploads\/2026\/01\/truzzer-logo-black-1.svg\",\"width\":938,\"height\":199,\"caption\":\"truzzer\"},\"image\":{\"@id\":\"https:\/\/www.truzzer.com\/es\/#\/schema\/logo\/image\/\"}}]}<\/script>\n<!-- \/ Yoast SEO plugin. -->","yoast_head_json":{"title":"TikTok Follower NFC Tag and QR Code Table Stand | truzzer","description":"Aumenta tu alcance en TikTok con TikTok Follower NFC Tag and QR Code Table Stand de truzzer. F\u00e1cil configuraci\u00f3n, listo para usar. \u00a1Pide ahora!","robots":{"index":"index","follow":"follow","max-snippet":"max-snippet:-1","max-image-preview":"max-image-preview:large","max-video-preview":"max-video-preview:-1"},"canonical":"https:\/\/www.truzzer.com\/es\/producto\/tiktok-follower-nfc-tag-and-qr-code-table-stand\/","og_locale":"es_ES","og_type":"article","og_title":"TikTok Follower NFC Tag and QR Code Table Stand | truzzer","og_description":"Aumenta tu alcance en TikTok con TikTok Follower NFC Tag and QR Code Table Stand de truzzer. F\u00e1cil configuraci\u00f3n, listo para usar. \u00a1Pide ahora!","og_url":"https:\/\/www.truzzer.com\/es\/producto\/tiktok-follower-nfc-tag-and-qr-code-table-stand\/","og_site_name":"truzzer","article_modified_time":"2026-02-13T08:24:02+00:00","og_image":[{"width":1400,"height":1400,"url":"https:\/\/www.truzzer.com\/wp-content\/uploads\/2026\/02\/tiktok-nfc-qr-stand-silver-s-jpg-8.webp","type":"image\/webp"}],"twitter_card":"summary_large_image","twitter_misc":{"Tiempo de lectura":"4 minutos"},"schema":{"@context":"https:\/\/schema.org","@graph":[{"@type":"WebPage","@id":"https:\/\/www.truzzer.com\/es\/producto\/tiktok-follower-nfc-tag-and-qr-code-table-stand\/","url":"https:\/\/www.truzzer.com\/es\/producto\/tiktok-follower-nfc-tag-and-qr-code-table-stand\/","name":"TikTok Follower NFC Tag and QR Code Table Stand | truzzer","isPartOf":{"@id":"https:\/\/www.truzzer.com\/es\/#website"},"primaryImageOfPage":{"@id":"https:\/\/www.truzzer.com\/es\/producto\/tiktok-follower-nfc-tag-and-qr-code-table-stand\/#primaryimage"},"image":{"@id":"https:\/\/www.truzzer.com\/es\/producto\/tiktok-follower-nfc-tag-and-qr-code-table-stand\/#primaryimage"},"thumbnailUrl":"https:\/\/www.truzzer.com\/wp-content\/uploads\/2026\/02\/tiktok-nfc-qr-stand-silver-s-jpg-8.webp","datePublished":"2026-02-01T19:55:19+00:00","dateModified":"2026-02-13T08:24:02+00:00","description":"Aumenta tu alcance en TikTok con TikTok Follower NFC Tag and QR Code Table Stand de truzzer. F\u00e1cil configuraci\u00f3n, listo para usar. \u00a1Pide ahora!","breadcrumb":{"@id":"https:\/\/www.truzzer.com\/es\/producto\/tiktok-follower-nfc-tag-and-qr-code-table-stand\/#breadcrumb"},"inLanguage":"es","potentialAction":[{"@type":"ReadAction","target":["https:\/\/www.truzzer.com\/es\/producto\/tiktok-follower-nfc-tag-and-qr-code-table-stand\/"]}]},{"@type":"ImageObject","inLanguage":"es","@id":"https:\/\/www.truzzer.com\/es\/producto\/tiktok-follower-nfc-tag-and-qr-code-table-stand\/#primaryimage","url":"https:\/\/www.truzzer.com\/wp-content\/uploads\/2026\/02\/tiktok-nfc-qr-stand-silver-s-jpg-8.webp","contentUrl":"https:\/\/www.truzzer.com\/wp-content\/uploads\/2026\/02\/tiktok-nfc-qr-stand-silver-s-jpg-8.webp","width":1400,"height":1400},{"@type":"BreadcrumbList","@id":"https:\/\/www.truzzer.com\/es\/producto\/tiktok-follower-nfc-tag-and-qr-code-table-stand\/#breadcrumb","itemListElement":[{"@type":"ListItem","position":1,"name":"Home","item":"https:\/\/www.truzzer.com\/es\/"},{"@type":"ListItem","position":2,"name":"Tienda","item":"https:\/\/www.truzzer.com\/es\/tienda\/"},{"@type":"ListItem","position":3,"name":"TikTok Seguidor NFC Etiqueta y soporte de mesa de c\u00f3digos QR"}]},{"@type":"WebSite","@id":"https:\/\/www.truzzer.com\/es\/#website","url":"https:\/\/www.truzzer.com\/es\/","name":"truzzer","description":"Experts for customer trust","publisher":{"@id":"https:\/\/www.truzzer.com\/es\/#organization"},"potentialAction":[{"@type":"SearchAction","target":{"@type":"EntryPoint","urlTemplate":"https:\/\/www.truzzer.com\/es\/?s={search_term_string}"},"query-input":{"@type":"PropertyValueSpecification","valueRequired":true,"valueName":"search_term_string"}}],"inLanguage":"es"},{"@type":"Organization","@id":"https:\/\/www.truzzer.com\/es\/#organization","name":"truzzer","url":"https:\/\/www.truzzer.com\/es\/","logo":{"@type":"ImageObject","inLanguage":"es","@id":"https:\/\/www.truzzer.com\/es\/#\/schema\/logo\/image\/","url":"https:\/\/truzzer.com\/wp-content\/uploads\/2026\/01\/truzzer-logo-black-1.svg","contentUrl":"https:\/\/truzzer.com\/wp-content\/uploads\/2026\/01\/truzzer-logo-black-1.svg","width":938,"height":199,"caption":"truzzer"},"image":{"@id":"https:\/\/www.truzzer.com\/es\/#\/schema\/logo\/image\/"}}]}},"tiered_pricing_type":"fixed","tiered_pricing_fixed_rules":[],"tiered_pricing_product_settings":{"layout":"default","base_unit_name":{"singular":null,"plural":null},"default_variation":null},"tiered_pricing_minimum_quantity":null,"tiered_pricing_roles_data":[],"tiered_pricing_percentage_rules":[],"tiered_pricing_maximum_quantity":null,"tiered_pricing_quantity_step":null,"_links":{"self":[{"href":"https:\/\/www.truzzer.com\/es\/wp-json\/wp\/v2\/product\/98011","targetHints":{"allow":["GET"]}}],"collection":[{"href":"https:\/\/www.truzzer.com\/es\/wp-json\/wp\/v2\/product"}],"about":[{"href":"https:\/\/www.truzzer.com\/es\/wp-json\/wp\/v2\/types\/product"}],"replies":[{"embeddable":true,"href":"https:\/\/www.truzzer.com\/es\/wp-json\/wp\/v2\/comments?post=98011"}],"wp:featuredmedia":[{"embeddable":true,"href":"https:\/\/www.truzzer.com\/es\/wp-json\/wp\/v2\/media\/98021"}],"wp:attachment":[{"href":"https:\/\/www.truzzer.com\/es\/wp-json\/wp\/v2\/media?parent=98011"}],"wp:term":[{"taxonomy":"product_brand","embeddable":true,"href":"https:\/\/www.truzzer.com\/es\/wp-json\/wp\/v2\/product_brand?post=98011"},{"taxonomy":"product_cat","embeddable":true,"href":"https:\/\/www.truzzer.com\/es\/wp-json\/wp\/v2\/product_cat?post=98011"},{"taxonomy":"product_tag","embeddable":true,"href":"https:\/\/www.truzzer.com\/es\/wp-json\/wp\/v2\/product_tag?post=98011"}],"curies":[{"name":"wp","href":"https:\/\/api.w.org\/{rel}","templated":true}]}}