{"id":98024,"date":"2026-02-01T19:55:10","date_gmt":"2026-02-01T19:55:10","guid":{"rendered":"https:\/\/beta.truzzer.com\/product\/wifi-qr-code-table-stand-clean\/"},"modified":"2026-02-13T08:25:16","modified_gmt":"2026-02-13T08:25:16","slug":"wifi-qr-code-table-stand-clean","status":"publish","type":"product","link":"https:\/\/www.truzzer.com\/es\/producto\/wifi-qr-code-table-stand-clean\/","title":{"rendered":"WIFI QR C\u00f3digo Mesa Soporte Limpio"},"content":{"rendered":"<h3>Soporte de mesa \u00abClean\u00bb con c\u00f3digo WIFI QR: el acceso Wi-Fi sencillo para sus clientes<\/h3>\n<p><strong>Proporcione a sus clientes un acceso r\u00e1pido y fluido a su Wi-Fi con el soporte de mesa minimalista \u00abClean\u00bb.<\/strong> Sin contrase\u00f1as elaboradas ni pasos innecesarios: sus clientes simplemente escanean el c\u00f3digo QR claramente dise\u00f1ado y est\u00e1n en l\u00ednea instant\u00e1neamente. El stand \u00abClean\u00bb se caracteriza por su dise\u00f1o especialmente sencillo y moderno, que se adapta perfectamente a cualquier entorno garantizando al mismo tiempo una gran facilidad de uso.<\/p>\n<p><hora\/><\/p>\n<h3>\u00bfQu\u00e9 es el soporte de mesa \u00ablimpio\u00bb con c\u00f3digo WIFI QR?<\/h3>\n<p>El soporte de mesa \u00abClean\u00bb ofrece una forma elegante y sencilla de brindar a sus clientes o invitados un acceso r\u00e1pido a su Wi-Fi. Este soporte minimalista se integra perfectamente en cualquier entorno e impresiona con un dise\u00f1o discreto pero funcional. El c\u00f3digo QR claramente colocado permite a sus clientes acceder a su Wi-Fi inmediatamente sin complicadas entradas de contrase\u00f1a. Ideal para restaurantes, cafeter\u00edas, hoteles, oficinas y otros negocios que valoran una apariencia elegante y amigable para el cliente.<\/p>\n<p><hora\/><\/p>\n<h3>Ventajas del Soporte de Mesa \u00abClean\u00bb con C\u00f3digo WIFI QR<\/h3>\n<p><fuerte>1. Acceso Wi-Fi r\u00e1pido y c\u00f3modo:<\/strong><\/p>\n<ul>\n<li>Sus clientes simplemente escanean el c\u00f3digo claro QR con la c\u00e1mara de su tel\u00e9fono inteligente y se conectan directamente a la red Wi-Fi. Sin contrase\u00f1as ni procesos de inicio de sesi\u00f3n complicados: solo conexiones instant\u00e1neas.<\/li>\n<\/ul>\n<p><fuerte>2. Dise\u00f1o Reducido y Elegante:<\/strong><\/p>\n<ul>\n<li>El soporte de mesa \u00abClean\u00bb se integra discretamente en su entorno. Su dise\u00f1o minimalista es perfecto para negocios que priorizan una apariencia clara y moderna. El c\u00f3digo QR es claramente visible y no est\u00e1 oscurecido por elementos de dise\u00f1o innecesarios.<\/li>\n<\/ul>\n<p><fuerte>3. Ahorro de tiempo para usted y sus clientes:<\/strong><\/p>\n<ul>\n<li>Con su manejo claro y f\u00e1cil de usar, evita consultas o solicitudes de soporte de clientes que necesitan ayuda con el acceso a Wi-Fi. Todo est\u00e1 dise\u00f1ado para ofrecer simplicidad y eficiencia.<\/li>\n<\/ul>\n<p><fuerte>4. Duradero y Robusto:<\/strong><\/p>\n<ul>\n<li>El soporte de mesa \u00abClean\u00bb est\u00e1 fabricado con materiales de alta calidad que no solo tienen un aspecto elegante sino que tambi\u00e9n son lo suficientemente resistentes para el uso diario. Ya sea en mesas, mostradores de recepci\u00f3n o estaciones de trabajo, est\u00e1 dise\u00f1ado para un uso continuo.<\/li>\n<\/ul>\n<p><fuerte>5. No se requiere hardware adicional:<\/strong><\/p>\n<ul>\n<li>El soporte \u00abClean\u00bb funciona con su red Wi-Fi existente. No necesita dispositivos ni enrutadores adicionales. El c\u00f3digo QR dirige a sus clientes directamente a su red existente, sin obst\u00e1culos t\u00e9cnicos.<\/li>\n<\/ul>\n<p><hora\/><\/p>\n<h2>\u00bfPor qu\u00e9 deber\u00eda utilizar el soporte de mesa \u00ablimpio\u00bb con el c\u00f3digo WIFI QR?<\/h2>\n<p>En el mundo actual, los clientes esperan un acceso r\u00e1pido y sencillo a Wi-Fi, especialmente en restaurantes, cafeter\u00edas o instalaciones p\u00fablicas. Con el soporte de mesa \u00abClean\u00bb, no s\u00f3lo podr\u00e1 ofrecer este servicio sino tambi\u00e9n asegurarse de que su negocio siga siendo elegante y profesional. El stand \u00abClean\u00bb combina funcionalidad y est\u00e9tica, proporcionando una experiencia de cliente totalmente positiva.<\/p>\n<p><strong>Ideal para Negocios Como:<\/strong><\/p>\n<ul>\n<li><strong>Restaurantes y restaurantes Cafeter\u00edas:<\/strong> Perfecto para colocar en mesas o mostradores para brindar a sus invitados un f\u00e1cil acceso a Wi-Fi.<\/li>\n<li><strong>Hoteles y servicios Hostales:<\/strong> Ideal para recepciones o salas de estar para ofrecer a los hu\u00e9spedes acceso inmediato a Internet.<\/li>\n<li><strong>Oficinas y oficinas Espacios de trabajo conjunto:<\/strong> brinde a los visitantes y socios comerciales un acceso r\u00e1pido a Internet, de manera elegante y profesional.<\/li>\n<li><strong>Venta minorista:<\/strong> aumente el tiempo de permanencia de sus clientes ofreci\u00e9ndoles Wi-Fi gratuito directamente.<\/li>\n<\/ul>\n<p><hora\/><\/p>\n<h3>\u00bfC\u00f3mo funciona el soporte de mesa con c\u00f3digo WIFI QR?<\/h3>\n<p><fuerte>1. Configuraci\u00f3n sencilla:<\/strong><\/p>\n<ul>\n<li>Coloque el soporte de mesa en un lugar visible de su negocio, como una mesa, un mostrador o un \u00e1rea de recepci\u00f3n.<\/li>\n<\/ul>\n<p><fuerte>2. Escanee el c\u00f3digo QR:<\/strong><\/p>\n<ul>\n<li>Sus clientes simplemente abren la aplicaci\u00f3n de la c\u00e1mara en su tel\u00e9fono inteligente, apuntan al c\u00f3digo QR en el soporte y hacen clic en la notificaci\u00f3n para conectarse a Wi-Fi.<\/li>\n<\/ul>\n<p><fuerte>3. Conexi\u00f3n instant\u00e1nea:<\/strong><\/p>\n<ul>\n<li>Despu\u00e9s del escaneo, sus clientes se conectan autom\u00e1ticamente a su red Wi-Fi sin necesidad de ingresar una contrase\u00f1a ni pasar por largos formularios de registro.<\/li>\n<\/ul>\n<p><fuerte>4. Acceso Wi-Fi para todos los dispositivos:<\/strong><\/p>\n<ul>\n<li>Para dispositivos Android e iOS, la conexi\u00f3n se realiza al instante. Los usuarios de computadoras port\u00e1tiles y tabletas tambi\u00e9n pueden escanear el c\u00f3digo QR para ingresar manualmente las credenciales de Wi-Fi.<\/li>\n<\/ul>\n","protected":false},"excerpt":{"rendered":"<p><strong>Soporte de mesa &#8220;Clean&#8221; con c\u00f3digo WIFI QR: dise\u00f1o elegante, acceso Wi-Fi sencillo<\/strong><\/p>\n<p>Con la opci\u00f3n &#8220;Clean&#8221; soporte de mesa, ofrece a sus clientes un acceso r\u00e1pido y f\u00e1cil a su Wi-Fi. El c\u00f3digo claro QR permite a sus invitados conectarse directamente a Wi-Fi sin procesos de inicio de sesi\u00f3n complicados. Simplemente escanee con la c\u00e1mara de un tel\u00e9fono inteligente y est\u00e9 en l\u00ednea al instante, sin necesidad de contrase\u00f1a. Este stand presenta un dise\u00f1o minimalista y moderno que encaja perfectamente en cualquier entorno, ya sea en cafeter\u00edas, restaurantes, hoteles u oficinas.<\/p>\n<p><strong>Ventajas del sistema &#8220;limpio&#8221; Soporte de mesa:<\/strong><\/p>\n<ul>\n<li><strong>Acceso Wi-Fi instant\u00e1neo:<\/strong> Simplemente escanee el c\u00f3digo QR y con\u00e9ctese directamente a Wi-Fi, sin necesidad de ingresar una contrase\u00f1a.<\/li>\n<li><strong>Dise\u00f1o elegante y minimalista:<\/strong> Se adapta perfectamente a cualquier entorno, brindando una apariencia ordenada y profesional.<\/li>\n<li><strong>Ahorro de tiempo:<\/strong> Ya no tendr\u00e1s que explicar los detalles de Wi-Fi: tus clientes podr\u00e1n conectarse de forma independiente y r\u00e1pida.<\/li>\n<li><strong>Robusto y duradero:<\/strong> Los materiales de alta calidad hacen que el soporte sea ideal para el uso diario.<\/li>\n<li><strong>Compatible con todos los dispositivos:<\/strong> funciona con Android, iOS y muestra detalles de Wi-Fi para port\u00e1tiles.<\/li>\n<\/ul>\n<p>Con la opci\u00f3n &#8220;Clean&#8221; soporte de mesa, no solo proporciona una soluci\u00f3n pr\u00e1ctica para el acceso Wi-Fi, sino que tambi\u00e9n crea una experiencia de cliente elegante y f\u00e1cil de usar.<\/p>\n","protected":false},"featured_media":98032,"comment_status":"open","ping_status":"closed","template":"","meta":{"_acf_changed":false,"_yoast_wpseo_focuskw":"WiFi c\u00f3digo QR Soporte de mesa","_yoast_wpseo_title":"WIFI QR Code Table Stand Clean | truzzer","_yoast_wpseo_metadesc":"Acceso WiFi f\u00e1cil para tus clientes con WIFI QR Code Table Stand Clean de truzzer. F\u00e1cil configuraci\u00f3n, listo para usar. \u00a1Pide ahora!"},"product_brand":[],"product_cat":[1001,531,1401],"product_tag":[],"class_list":{"0":"post-98024","1":"product","2":"type-product","3":"status-publish","4":"has-post-thumbnail","6":"product_cat-codigo-qr-expositores-y-soportes","7":"product_cat-codigo-qr-productos","8":"product_cat-wifi-expositores-de-mesa-con-codigo-qr","9":"pa_industry-hotel","10":"pa_industry-practica-medica","11":"pa_industry-restaurante-cafeteria","12":"pa_material-carton","13":"pa_placement-balie-receptie","14":"pa_placement-kassa-pos","15":"pa_placement-tafel","16":"pa_product-type-displays-y-stands","17":"pa_technology-codigo-qr","18":"pa_technology-qr-code","20":"first","21":"instock","22":"taxable","23":"shipping-taxable","24":"product-type-simple"},"acf":[],"yoast_head":"<!-- This site is optimized with the Yoast SEO plugin v27.0 - https:\/\/yoast.com\/product\/yoast-seo-wordpress\/ -->\n<title>WIFI QR Code Table Stand Clean | truzzer<\/title>\n<meta name=\"description\" content=\"Acceso WiFi f\u00e1cil para tus clientes con WIFI QR Code Table Stand Clean de truzzer. F\u00e1cil configuraci\u00f3n, listo para usar. \u00a1Pide ahora!\" \/>\n<meta name=\"robots\" content=\"index, follow, max-snippet:-1, max-image-preview:large, max-video-preview:-1\" \/>\n<link rel=\"canonical\" href=\"https:\/\/www.truzzer.com\/es\/producto\/wifi-qr-code-table-stand-clean\/\" \/>\n<meta property=\"og:locale\" content=\"es_ES\" \/>\n<meta property=\"og:type\" content=\"article\" \/>\n<meta property=\"og:title\" content=\"WIFI QR Code Table Stand Clean | truzzer\" \/>\n<meta property=\"og:description\" content=\"Acceso WiFi f\u00e1cil para tus clientes con WIFI QR Code Table Stand Clean de truzzer. F\u00e1cil configuraci\u00f3n, listo para usar. \u00a1Pide ahora!\" \/>\n<meta property=\"og:url\" content=\"https:\/\/www.truzzer.com\/es\/producto\/wifi-qr-code-table-stand-clean\/\" \/>\n<meta property=\"og:site_name\" content=\"truzzer\" \/>\n<meta property=\"article:modified_time\" content=\"2026-02-13T08:25:16+00:00\" \/>\n<meta property=\"og:image\" content=\"https:\/\/www.truzzer.com\/wp-content\/uploads\/2026\/02\/empfehlio-truzzer-wifi-stand-clean-5-1200x1200-1-jpg-2.webp\" \/>\n\t<meta property=\"og:image:width\" content=\"1200\" \/>\n\t<meta property=\"og:image:height\" content=\"1200\" \/>\n\t<meta property=\"og:image:type\" content=\"image\/webp\" \/>\n<meta name=\"twitter:card\" content=\"summary_large_image\" \/>\n<meta name=\"twitter:label1\" content=\"Tiempo de lectura\" \/>\n\t<meta name=\"twitter:data1\" content=\"4 minutos\" \/>\n<script type=\"application\/ld+json\" class=\"yoast-schema-graph\">{\"@context\":\"https:\/\/schema.org\",\"@graph\":[{\"@type\":\"WebPage\",\"@id\":\"https:\/\/www.truzzer.com\/es\/producto\/wifi-qr-code-table-stand-clean\/\",\"url\":\"https:\/\/www.truzzer.com\/es\/producto\/wifi-qr-code-table-stand-clean\/\",\"name\":\"WIFI QR Code Table Stand Clean | truzzer\",\"isPartOf\":{\"@id\":\"https:\/\/www.truzzer.com\/es\/#website\"},\"primaryImageOfPage\":{\"@id\":\"https:\/\/www.truzzer.com\/es\/producto\/wifi-qr-code-table-stand-clean\/#primaryimage\"},\"image\":{\"@id\":\"https:\/\/www.truzzer.com\/es\/producto\/wifi-qr-code-table-stand-clean\/#primaryimage\"},\"thumbnailUrl\":\"https:\/\/www.truzzer.com\/wp-content\/uploads\/2026\/02\/empfehlio-truzzer-wifi-stand-clean-5-1200x1200-1-jpg-2.webp\",\"datePublished\":\"2026-02-01T19:55:10+00:00\",\"dateModified\":\"2026-02-13T08:25:16+00:00\",\"description\":\"Acceso WiFi f\u00e1cil para tus clientes con WIFI QR Code Table Stand Clean de truzzer. F\u00e1cil configuraci\u00f3n, listo para usar. \u00a1Pide ahora!\",\"breadcrumb\":{\"@id\":\"https:\/\/www.truzzer.com\/es\/producto\/wifi-qr-code-table-stand-clean\/#breadcrumb\"},\"inLanguage\":\"es\",\"potentialAction\":[{\"@type\":\"ReadAction\",\"target\":[\"https:\/\/www.truzzer.com\/es\/producto\/wifi-qr-code-table-stand-clean\/\"]}]},{\"@type\":\"ImageObject\",\"inLanguage\":\"es\",\"@id\":\"https:\/\/www.truzzer.com\/es\/producto\/wifi-qr-code-table-stand-clean\/#primaryimage\",\"url\":\"https:\/\/www.truzzer.com\/wp-content\/uploads\/2026\/02\/empfehlio-truzzer-wifi-stand-clean-5-1200x1200-1-jpg-2.webp\",\"contentUrl\":\"https:\/\/www.truzzer.com\/wp-content\/uploads\/2026\/02\/empfehlio-truzzer-wifi-stand-clean-5-1200x1200-1-jpg-2.webp\",\"width\":1200,\"height\":1200},{\"@type\":\"BreadcrumbList\",\"@id\":\"https:\/\/www.truzzer.com\/es\/producto\/wifi-qr-code-table-stand-clean\/#breadcrumb\",\"itemListElement\":[{\"@type\":\"ListItem\",\"position\":1,\"name\":\"Home\",\"item\":\"https:\/\/www.truzzer.com\/es\/\"},{\"@type\":\"ListItem\",\"position\":2,\"name\":\"Tienda\",\"item\":\"https:\/\/www.truzzer.com\/es\/tienda\/\"},{\"@type\":\"ListItem\",\"position\":3,\"name\":\"WIFI QR C\u00f3digo Mesa Soporte Limpio\"}]},{\"@type\":\"WebSite\",\"@id\":\"https:\/\/www.truzzer.com\/es\/#website\",\"url\":\"https:\/\/www.truzzer.com\/es\/\",\"name\":\"truzzer\",\"description\":\"Experts for customer trust\",\"publisher\":{\"@id\":\"https:\/\/www.truzzer.com\/es\/#organization\"},\"potentialAction\":[{\"@type\":\"SearchAction\",\"target\":{\"@type\":\"EntryPoint\",\"urlTemplate\":\"https:\/\/www.truzzer.com\/es\/?s={search_term_string}\"},\"query-input\":{\"@type\":\"PropertyValueSpecification\",\"valueRequired\":true,\"valueName\":\"search_term_string\"}}],\"inLanguage\":\"es\"},{\"@type\":\"Organization\",\"@id\":\"https:\/\/www.truzzer.com\/es\/#organization\",\"name\":\"truzzer\",\"url\":\"https:\/\/www.truzzer.com\/es\/\",\"logo\":{\"@type\":\"ImageObject\",\"inLanguage\":\"es\",\"@id\":\"https:\/\/www.truzzer.com\/es\/#\/schema\/logo\/image\/\",\"url\":\"https:\/\/truzzer.com\/wp-content\/uploads\/2026\/01\/truzzer-logo-black-1.svg\",\"contentUrl\":\"https:\/\/truzzer.com\/wp-content\/uploads\/2026\/01\/truzzer-logo-black-1.svg\",\"width\":938,\"height\":199,\"caption\":\"truzzer\"},\"image\":{\"@id\":\"https:\/\/www.truzzer.com\/es\/#\/schema\/logo\/image\/\"}}]}<\/script>\n<!-- \/ Yoast SEO plugin. -->","yoast_head_json":{"title":"WIFI QR Code Table Stand Clean | truzzer","description":"Acceso WiFi f\u00e1cil para tus clientes con WIFI QR Code Table Stand Clean de truzzer. F\u00e1cil configuraci\u00f3n, listo para usar. \u00a1Pide ahora!","robots":{"index":"index","follow":"follow","max-snippet":"max-snippet:-1","max-image-preview":"max-image-preview:large","max-video-preview":"max-video-preview:-1"},"canonical":"https:\/\/www.truzzer.com\/es\/producto\/wifi-qr-code-table-stand-clean\/","og_locale":"es_ES","og_type":"article","og_title":"WIFI QR Code Table Stand Clean | truzzer","og_description":"Acceso WiFi f\u00e1cil para tus clientes con WIFI QR Code Table Stand Clean de truzzer. F\u00e1cil configuraci\u00f3n, listo para usar. \u00a1Pide ahora!","og_url":"https:\/\/www.truzzer.com\/es\/producto\/wifi-qr-code-table-stand-clean\/","og_site_name":"truzzer","article_modified_time":"2026-02-13T08:25:16+00:00","og_image":[{"width":1200,"height":1200,"url":"https:\/\/www.truzzer.com\/wp-content\/uploads\/2026\/02\/empfehlio-truzzer-wifi-stand-clean-5-1200x1200-1-jpg-2.webp","type":"image\/webp"}],"twitter_card":"summary_large_image","twitter_misc":{"Tiempo de lectura":"4 minutos"},"schema":{"@context":"https:\/\/schema.org","@graph":[{"@type":"WebPage","@id":"https:\/\/www.truzzer.com\/es\/producto\/wifi-qr-code-table-stand-clean\/","url":"https:\/\/www.truzzer.com\/es\/producto\/wifi-qr-code-table-stand-clean\/","name":"WIFI QR Code Table Stand Clean | truzzer","isPartOf":{"@id":"https:\/\/www.truzzer.com\/es\/#website"},"primaryImageOfPage":{"@id":"https:\/\/www.truzzer.com\/es\/producto\/wifi-qr-code-table-stand-clean\/#primaryimage"},"image":{"@id":"https:\/\/www.truzzer.com\/es\/producto\/wifi-qr-code-table-stand-clean\/#primaryimage"},"thumbnailUrl":"https:\/\/www.truzzer.com\/wp-content\/uploads\/2026\/02\/empfehlio-truzzer-wifi-stand-clean-5-1200x1200-1-jpg-2.webp","datePublished":"2026-02-01T19:55:10+00:00","dateModified":"2026-02-13T08:25:16+00:00","description":"Acceso WiFi f\u00e1cil para tus clientes con WIFI QR Code Table Stand Clean de truzzer. F\u00e1cil configuraci\u00f3n, listo para usar. \u00a1Pide ahora!","breadcrumb":{"@id":"https:\/\/www.truzzer.com\/es\/producto\/wifi-qr-code-table-stand-clean\/#breadcrumb"},"inLanguage":"es","potentialAction":[{"@type":"ReadAction","target":["https:\/\/www.truzzer.com\/es\/producto\/wifi-qr-code-table-stand-clean\/"]}]},{"@type":"ImageObject","inLanguage":"es","@id":"https:\/\/www.truzzer.com\/es\/producto\/wifi-qr-code-table-stand-clean\/#primaryimage","url":"https:\/\/www.truzzer.com\/wp-content\/uploads\/2026\/02\/empfehlio-truzzer-wifi-stand-clean-5-1200x1200-1-jpg-2.webp","contentUrl":"https:\/\/www.truzzer.com\/wp-content\/uploads\/2026\/02\/empfehlio-truzzer-wifi-stand-clean-5-1200x1200-1-jpg-2.webp","width":1200,"height":1200},{"@type":"BreadcrumbList","@id":"https:\/\/www.truzzer.com\/es\/producto\/wifi-qr-code-table-stand-clean\/#breadcrumb","itemListElement":[{"@type":"ListItem","position":1,"name":"Home","item":"https:\/\/www.truzzer.com\/es\/"},{"@type":"ListItem","position":2,"name":"Tienda","item":"https:\/\/www.truzzer.com\/es\/tienda\/"},{"@type":"ListItem","position":3,"name":"WIFI QR C\u00f3digo Mesa Soporte Limpio"}]},{"@type":"WebSite","@id":"https:\/\/www.truzzer.com\/es\/#website","url":"https:\/\/www.truzzer.com\/es\/","name":"truzzer","description":"Experts for customer trust","publisher":{"@id":"https:\/\/www.truzzer.com\/es\/#organization"},"potentialAction":[{"@type":"SearchAction","target":{"@type":"EntryPoint","urlTemplate":"https:\/\/www.truzzer.com\/es\/?s={search_term_string}"},"query-input":{"@type":"PropertyValueSpecification","valueRequired":true,"valueName":"search_term_string"}}],"inLanguage":"es"},{"@type":"Organization","@id":"https:\/\/www.truzzer.com\/es\/#organization","name":"truzzer","url":"https:\/\/www.truzzer.com\/es\/","logo":{"@type":"ImageObject","inLanguage":"es","@id":"https:\/\/www.truzzer.com\/es\/#\/schema\/logo\/image\/","url":"https:\/\/truzzer.com\/wp-content\/uploads\/2026\/01\/truzzer-logo-black-1.svg","contentUrl":"https:\/\/truzzer.com\/wp-content\/uploads\/2026\/01\/truzzer-logo-black-1.svg","width":938,"height":199,"caption":"truzzer"},"image":{"@id":"https:\/\/www.truzzer.com\/es\/#\/schema\/logo\/image\/"}}]}},"tiered_pricing_type":"fixed","tiered_pricing_fixed_rules":[],"tiered_pricing_product_settings":{"layout":"default","base_unit_name":{"singular":null,"plural":null},"default_variation":null},"tiered_pricing_minimum_quantity":null,"tiered_pricing_roles_data":[],"tiered_pricing_percentage_rules":[],"tiered_pricing_maximum_quantity":null,"tiered_pricing_quantity_step":null,"_links":{"self":[{"href":"https:\/\/www.truzzer.com\/es\/wp-json\/wp\/v2\/product\/98024","targetHints":{"allow":["GET"]}}],"collection":[{"href":"https:\/\/www.truzzer.com\/es\/wp-json\/wp\/v2\/product"}],"about":[{"href":"https:\/\/www.truzzer.com\/es\/wp-json\/wp\/v2\/types\/product"}],"replies":[{"embeddable":true,"href":"https:\/\/www.truzzer.com\/es\/wp-json\/wp\/v2\/comments?post=98024"}],"wp:featuredmedia":[{"embeddable":true,"href":"https:\/\/www.truzzer.com\/es\/wp-json\/wp\/v2\/media\/98032"}],"wp:attachment":[{"href":"https:\/\/www.truzzer.com\/es\/wp-json\/wp\/v2\/media?parent=98024"}],"wp:term":[{"taxonomy":"product_brand","embeddable":true,"href":"https:\/\/www.truzzer.com\/es\/wp-json\/wp\/v2\/product_brand?post=98024"},{"taxonomy":"product_cat","embeddable":true,"href":"https:\/\/www.truzzer.com\/es\/wp-json\/wp\/v2\/product_cat?post=98024"},{"taxonomy":"product_tag","embeddable":true,"href":"https:\/\/www.truzzer.com\/es\/wp-json\/wp\/v2\/product_tag?post=98024"}],"curies":[{"name":"wp","href":"https:\/\/api.w.org\/{rel}","templated":true}]}}