{"id":98036,"date":"2026-02-01T19:55:02","date_gmt":"2026-02-01T19:55:02","guid":{"rendered":"https:\/\/beta.truzzer.com\/product\/wifi-qr-code-table-stand-bold\/"},"modified":"2026-02-13T08:26:28","modified_gmt":"2026-02-13T08:26:28","slug":"wifi-qr-code-table-stand-bold","status":"publish","type":"product","link":"https:\/\/www.truzzer.com\/es\/producto\/wifi-qr-code-table-stand-bold\/","title":{"rendered":"WIFI QR Soporte de mesa Code Negrita"},"content":{"rendered":"<h3>Soporte de mesa con c\u00f3digo WIFI QR: la forma m\u00e1s sencilla de proporcionar Wi-Fi a sus clientes<\/h3>\n<p><strong>Ofrezca a sus clientes el acceso m\u00e1s f\u00e1cil y r\u00e1pido a su Wi-Fi con nuestro pr\u00e1ctico soporte de mesa que incluye un c\u00f3digo WIFI QR.<\/strong> Sin necesidad de escribir contrase\u00f1as ni obst\u00e1culos innecesarios: sus clientes simplemente escanean el c\u00f3digo QR con la c\u00e1mara de su tel\u00e9fono inteligente y est\u00e1n en l\u00ednea en segundos. Este stand es la soluci\u00f3n perfecta para las empresas que desean ofrecer a sus invitados o clientes una experiencia Wi-Fi f\u00e1cil de usar y de acceso instant\u00e1neo.<\/p>\n<p><hora\/><\/p>\n<h3>\u00bfQu\u00e9 es el soporte de mesa con c\u00f3digo WIFI QR?<\/h3>\n<p>El soporte de mesa con c\u00f3digo WIFI QR es un producto innovador y sencillo dise\u00f1ado para brindar a sus clientes o invitados un acceso r\u00e1pido a su red Wi-Fi. Es ideal para restaurantes, cafeter\u00edas, hoteles, oficinas, salas de espera, gimnasios, peluquer\u00edas y otro tipo de negocios que quieran ofrecer a sus visitantes una agradable experiencia Wi-Fi. El soporte muestra claramente un c\u00f3digo QR que los clientes pueden simplemente escanear con sus tel\u00e9fonos inteligentes para conectarse autom\u00e1ticamente a su Wi-Fi, \u00a1no se requiere contrase\u00f1a!<\/p>\n<p><hora\/><\/p>\n<h3>Beneficios del Soporte de Mesa con C\u00f3digo WIFI QR<\/h3>\n<p><fuerte>1. Acceso Wi-Fi instant\u00e1neo:<\/strong><\/p>\n<ul>\n<li>Tus clientes pueden conectarse a tu Wi-Fi inmediatamente y sin ning\u00fan problema. Al escanear el c\u00f3digo QR en el soporte de mesa con la c\u00e1mara de su tel\u00e9fono inteligente, evitan la necesidad de ingresar manualmente contrase\u00f1as largas y complicadas. Esto no solo mejora la experiencia del cliente, sino que tambi\u00e9n aumenta la probabilidad de que sus clientes permanezcan m\u00e1s tiempo y utilicen m\u00e1s sus servicios.<\/li>\n<\/ul>\n<p><fuerte>2. Uso sencillo en todos los dispositivos:<\/strong><\/p>\n<ul>\n<li>El c\u00f3digo QR funciona con dispositivos Android e iOS (iPhone). Los usuarios simplemente necesitan abrir la aplicaci\u00f3n de su c\u00e1mara y escanear el c\u00f3digo. Esto les ofrece instant\u00e1neamente una conexi\u00f3n a Wi-Fi, que pueden confirmar con un clic. Los usuarios de port\u00e1tiles y tabletas tambi\u00e9n pueden beneficiarse escaneando el c\u00f3digo para introducir manualmente las credenciales de Wi-Fi.<\/li>\n<\/ul>\n<p><fuerte>3. F\u00e1cil de usar y ahorra tiempo:<\/strong><\/p>\n<ul>\n<li>El soporte de mesa elimina procesos de inicio de sesi\u00f3n innecesarios y reduce el esfuerzo de sus clientes al proporcionar una conexi\u00f3n Wi-Fi perfecta. Esto no solo ahorra tiempo sino que tambi\u00e9n permite que su personal se concentre en sus tareas principales, ya que ya no necesitan responder a solicitudes individuales de acceso a Wi-Fi.<\/li>\n<\/ul>\n<p><fuerte>4. Dise\u00f1o Profesional y Moderno:<\/strong><\/p>\n<ul>\n<li>El soporte de mesa no solo es funcional sino tambi\u00e9n visualmente atractivo. Su dise\u00f1o elegante y moderno encaja perfectamente con la est\u00e9tica de cualquier negocio o restaurante manteniendo un aspecto profesional. El c\u00f3digo QR es claramente visible, lo que facilita a los clientes encontrarlo y escanearlo.<\/li>\n<\/ul>\n<p><fuerte>5. Material duradero para uso diario:<\/strong><\/p>\n<ul>\n<li>El soporte de mesa est\u00e1 fabricado con materiales duraderos y de alta calidad, lo que lo hace perfecto para el uso diario en entornos de mucho tr\u00e1fico. Ya sea en mesas de restaurante, mostradores de recepci\u00f3n o escritorios de oficina, el soporte es robusto y duradero.<\/li>\n<\/ul>\n<p><fuerte>6. No se requiere hardware adicional ni configuraci\u00f3n complicada:<\/strong><\/p>\n<ul>\n<li>El soporte de mesa con c\u00f3digo WIFI QR funciona con su red Wi-Fi existente. No es necesario comprar hardware adicional ni ajustar configuraciones de red complicadas. El c\u00f3digo QR simplemente est\u00e1 impreso en el soporte y sus clientes pueden conectarse a su red de inmediato.<\/li>\n<\/ul>\n<p><hora\/><\/p>\n<h3>\u00bfPor qu\u00e9 utilizar el soporte de mesa con el c\u00f3digo WIFI QR?<\/h3>\n<p>En un mundo cada vez m\u00e1s digital, los clientes esperan un acceso r\u00e1pido y f\u00e1cil a Internet dondequiera que vayan. Al ofrecer Wi-Fi gratuito en su negocio, no solo crea una experiencia agradable para el cliente, sino que tambi\u00e9n aumenta la retenci\u00f3n y satisfacci\u00f3n del cliente. El soporte de mesa con C\u00f3digo WIFI QR de Truzzer es la soluci\u00f3n perfecta para ofrecer este servicio de la forma m\u00e1s eficaz posible.<\/p>\n<p><strong>\u00bfNegocios ideales para el soporte de mesa con c\u00f3digo WIFI QR?<\/strong><\/p>\n<ul>\n<li><strong>Restaurantes y cafeter\u00edas:<\/strong> los clientes pueden acceder r\u00e1pidamente a Wi-Fi mientras esperan su pedido, lo que genera una mayor satisfacci\u00f3n del cliente.<\/li>\n<li><strong>Hoteles:<\/strong> Ofrezca a sus hu\u00e9spedes un f\u00e1cil acceso a Internet en el vest\u00edbulo o en el \u00e1rea de desayuno.<\/li>\n<li><strong>Oficinas y salas de espera:<\/strong> cree un ambiente acogedor para los visitantes o clientes que esperan citas o reuniones.<\/li>\n<li><strong>Tiendas minoristas:<\/strong> permita que sus clientes permanezcan conectados mientras navegan por su tienda.<\/li>\n<li><strong>Peluquer\u00edas y gimnasios:<\/strong> aseg\u00farese de que sus clientes puedan navegar por Internet con facilidad durante su visita.<\/li>\n<\/ul>\n<p><hora\/><\/p>\n<h3>\u00bfC\u00f3mo funciona el soporte de mesa con c\u00f3digo WIFI QR?<\/h3>\n<p><fuerte>1. Configuraci\u00f3n sencilla:<\/strong><\/p>\n<ul>\n<li>Coloque el soporte de mesa en un lugar visible de su negocio, como una mesa, un mostrador o un \u00e1rea de recepci\u00f3n.<\/li>\n<\/ul>\n<p><fuerte>2. Escanee el c\u00f3digo QR:<\/strong><\/p>\n<ul>\n<li>Sus clientes simplemente abren la aplicaci\u00f3n de la c\u00e1mara en su tel\u00e9fono inteligente, apuntan al c\u00f3digo QR en el soporte y hacen clic en la notificaci\u00f3n para conectarse a Wi-Fi.<\/li>\n<\/ul>\n<p><fuerte>3. Conexi\u00f3n instant\u00e1nea:<\/strong><\/p>\n<ul>\n<li>Despu\u00e9s del escaneo, sus clientes se conectan autom\u00e1ticamente a su red Wi-Fi sin necesidad de ingresar una contrase\u00f1a ni pasar por largos formularios de registro.<\/li>\n<\/ul>\n<p><fuerte>4. Acceso Wi-Fi para todos los dispositivos:<\/strong><\/p>\n<ul>\n<li>Para dispositivos Android e iOS, la conexi\u00f3n se realiza al instante. Los usuarios de computadoras port\u00e1tiles y tabletas tambi\u00e9n pueden escanear el c\u00f3digo QR para ingresar manualmente las credenciales de Wi-Fi.<\/li>\n<\/ul>\n","protected":false},"excerpt":{"rendered":"<h3>Soporte de mesa con c\u00f3digo WIFI QR: Wi-Fi sencillo para sus clientes<\/h3>\n<p><strong>Asegure una experiencia Wi-Fi perfecta en su negocio con nuestro soporte de mesa con un c\u00f3digo WIFI QR.<\/strong><\/p>\n<p>Con este elegante y pr\u00e1ctico soporte, permitir\u00e1 a sus clientes acceder instant\u00e1neamente a su Wi-Fi. Todo lo que necesitan hacer es escanear el c\u00f3digo QR claramente visible con la c\u00e1mara de su tel\u00e9fono inteligente. \u00a1No m\u00e1s tediosos ingresos de contrase\u00f1as ni complicados procesos de inicio de sesi\u00f3n! Tus clientes estar\u00e1n en l\u00ednea en segundos.<\/p>\n<p><strong>Caracter\u00edsticas:<\/strong><\/p>\n<ul>\n<li><strong>Conexi\u00f3n Wi-Fi instant\u00e1nea:<\/strong> Conexi\u00f3n sencilla escaneando el c\u00f3digo QR con la c\u00e1mara del smartphone.<\/li>\n<li><strong>Dise\u00f1o delgado y moderno:<\/strong> el stand se integra perfectamente en cualquier entorno: ideal para cafeter\u00edas, restaurantes, oficinas, hoteles y tiendas.<\/li>\n<li><strong>F\u00e1cil de usar:<\/strong> No se requiere contrase\u00f1a; el c\u00f3digo QR conduce directamente a la conexi\u00f3n Wi-Fi.<\/li>\n<li><strong>Materiales duraderos:<\/strong> El soporte de mesa es duradero y robusto, perfecto para el uso diario.<\/li>\n<li><strong>Uso vers\u00e1til:<\/strong> Perfecto para mesas, mostradores o \u00e1reas de recepci\u00f3n.<\/li>\n<\/ul>\n<p><strong>C\u00f3mo funciona:<\/strong><\/p>\n<ol>\n<li>Coloque el soporte de mesa en un lugar visible.<\/li>\n<li>Tus clientes escanean el c\u00f3digo QR con la c\u00e1mara de su tel\u00e9fono inteligente.<\/li>\n<li>Despu\u00e9s de escanear, se conectan instant\u00e1neamente a su Wi-Fi: r\u00e1pido, seguro y conveniente.<\/li>\n<\/ol>\n","protected":false},"featured_media":98044,"comment_status":"open","ping_status":"closed","template":"","meta":{"_acf_changed":false,"_yoast_wpseo_focuskw":"WiFi c\u00f3digo QR Soporte de mesa","_yoast_wpseo_title":"WIFI QR Code Table Stand Bold | truzzer","_yoast_wpseo_metadesc":"Acceso WiFi f\u00e1cil para tus clientes con WIFI QR Code Table Stand Bold de truzzer. F\u00e1cil configuraci\u00f3n, listo para usar. \u00a1Pide ahora!"},"product_brand":[],"product_cat":[1001,531,1401],"product_tag":[],"class_list":{"0":"post-98036","1":"product","2":"type-product","3":"status-publish","4":"has-post-thumbnail","6":"product_cat-codigo-qr-expositores-y-soportes","7":"product_cat-codigo-qr-productos","8":"product_cat-wifi-expositores-de-mesa-con-codigo-qr","9":"pa_industry-hotel","10":"pa_industry-practica-medica","11":"pa_industry-restaurante-cafeteria","12":"pa_material-carton","13":"pa_placement-balie-receptie","14":"pa_placement-kassa-pos","15":"pa_placement-tafel","16":"pa_product-type-displays-y-stands","17":"pa_technology-codigo-qr","18":"pa_technology-qr-code","20":"first","21":"instock","22":"taxable","23":"shipping-taxable","24":"product-type-simple"},"acf":[],"yoast_head":"<!-- This site is optimized with the Yoast SEO plugin v27.0 - https:\/\/yoast.com\/product\/yoast-seo-wordpress\/ -->\n<title>WIFI QR Code Table Stand Bold | truzzer<\/title>\n<meta name=\"description\" content=\"Acceso WiFi f\u00e1cil para tus clientes con WIFI QR Code Table Stand Bold de truzzer. F\u00e1cil configuraci\u00f3n, listo para usar. \u00a1Pide ahora!\" \/>\n<meta name=\"robots\" content=\"index, follow, max-snippet:-1, max-image-preview:large, max-video-preview:-1\" \/>\n<link rel=\"canonical\" href=\"https:\/\/www.truzzer.com\/es\/producto\/wifi-qr-code-table-stand-bold\/\" \/>\n<meta property=\"og:locale\" content=\"es_ES\" \/>\n<meta property=\"og:type\" content=\"article\" \/>\n<meta property=\"og:title\" content=\"WIFI QR Code Table Stand Bold | truzzer\" \/>\n<meta property=\"og:description\" content=\"Acceso WiFi f\u00e1cil para tus clientes con WIFI QR Code Table Stand Bold de truzzer. F\u00e1cil configuraci\u00f3n, listo para usar. \u00a1Pide ahora!\" \/>\n<meta property=\"og:url\" content=\"https:\/\/www.truzzer.com\/es\/producto\/wifi-qr-code-table-stand-bold\/\" \/>\n<meta property=\"og:site_name\" content=\"truzzer\" \/>\n<meta property=\"article:modified_time\" content=\"2026-02-13T08:26:28+00:00\" \/>\n<meta property=\"og:image\" content=\"https:\/\/www.truzzer.com\/wp-content\/uploads\/2026\/02\/empfehlio-truzzer-wifi-stand-bold-5-jpg-3.webp\" \/>\n\t<meta property=\"og:image:width\" content=\"1400\" \/>\n\t<meta property=\"og:image:height\" content=\"1400\" \/>\n\t<meta property=\"og:image:type\" content=\"image\/webp\" \/>\n<meta name=\"twitter:card\" content=\"summary_large_image\" \/>\n<meta name=\"twitter:label1\" content=\"Tiempo de lectura\" \/>\n\t<meta name=\"twitter:data1\" content=\"5 minutos\" \/>\n<script type=\"application\/ld+json\" class=\"yoast-schema-graph\">{\"@context\":\"https:\/\/schema.org\",\"@graph\":[{\"@type\":\"WebPage\",\"@id\":\"https:\/\/www.truzzer.com\/es\/producto\/wifi-qr-code-table-stand-bold\/\",\"url\":\"https:\/\/www.truzzer.com\/es\/producto\/wifi-qr-code-table-stand-bold\/\",\"name\":\"WIFI QR Code Table Stand Bold | truzzer\",\"isPartOf\":{\"@id\":\"https:\/\/www.truzzer.com\/es\/#website\"},\"primaryImageOfPage\":{\"@id\":\"https:\/\/www.truzzer.com\/es\/producto\/wifi-qr-code-table-stand-bold\/#primaryimage\"},\"image\":{\"@id\":\"https:\/\/www.truzzer.com\/es\/producto\/wifi-qr-code-table-stand-bold\/#primaryimage\"},\"thumbnailUrl\":\"https:\/\/www.truzzer.com\/wp-content\/uploads\/2026\/02\/empfehlio-truzzer-wifi-stand-bold-5-jpg-3.webp\",\"datePublished\":\"2026-02-01T19:55:02+00:00\",\"dateModified\":\"2026-02-13T08:26:28+00:00\",\"description\":\"Acceso WiFi f\u00e1cil para tus clientes con WIFI QR Code Table Stand Bold de truzzer. F\u00e1cil configuraci\u00f3n, listo para usar. \u00a1Pide ahora!\",\"breadcrumb\":{\"@id\":\"https:\/\/www.truzzer.com\/es\/producto\/wifi-qr-code-table-stand-bold\/#breadcrumb\"},\"inLanguage\":\"es\",\"potentialAction\":[{\"@type\":\"ReadAction\",\"target\":[\"https:\/\/www.truzzer.com\/es\/producto\/wifi-qr-code-table-stand-bold\/\"]}]},{\"@type\":\"ImageObject\",\"inLanguage\":\"es\",\"@id\":\"https:\/\/www.truzzer.com\/es\/producto\/wifi-qr-code-table-stand-bold\/#primaryimage\",\"url\":\"https:\/\/www.truzzer.com\/wp-content\/uploads\/2026\/02\/empfehlio-truzzer-wifi-stand-bold-5-jpg-3.webp\",\"contentUrl\":\"https:\/\/www.truzzer.com\/wp-content\/uploads\/2026\/02\/empfehlio-truzzer-wifi-stand-bold-5-jpg-3.webp\",\"width\":1400,\"height\":1400},{\"@type\":\"BreadcrumbList\",\"@id\":\"https:\/\/www.truzzer.com\/es\/producto\/wifi-qr-code-table-stand-bold\/#breadcrumb\",\"itemListElement\":[{\"@type\":\"ListItem\",\"position\":1,\"name\":\"Home\",\"item\":\"https:\/\/www.truzzer.com\/es\/\"},{\"@type\":\"ListItem\",\"position\":2,\"name\":\"Tienda\",\"item\":\"https:\/\/www.truzzer.com\/es\/tienda\/\"},{\"@type\":\"ListItem\",\"position\":3,\"name\":\"WIFI QR Soporte de mesa Code Negrita\"}]},{\"@type\":\"WebSite\",\"@id\":\"https:\/\/www.truzzer.com\/es\/#website\",\"url\":\"https:\/\/www.truzzer.com\/es\/\",\"name\":\"truzzer\",\"description\":\"Experts for customer trust\",\"publisher\":{\"@id\":\"https:\/\/www.truzzer.com\/es\/#organization\"},\"potentialAction\":[{\"@type\":\"SearchAction\",\"target\":{\"@type\":\"EntryPoint\",\"urlTemplate\":\"https:\/\/www.truzzer.com\/es\/?s={search_term_string}\"},\"query-input\":{\"@type\":\"PropertyValueSpecification\",\"valueRequired\":true,\"valueName\":\"search_term_string\"}}],\"inLanguage\":\"es\"},{\"@type\":\"Organization\",\"@id\":\"https:\/\/www.truzzer.com\/es\/#organization\",\"name\":\"truzzer\",\"url\":\"https:\/\/www.truzzer.com\/es\/\",\"logo\":{\"@type\":\"ImageObject\",\"inLanguage\":\"es\",\"@id\":\"https:\/\/www.truzzer.com\/es\/#\/schema\/logo\/image\/\",\"url\":\"https:\/\/truzzer.com\/wp-content\/uploads\/2026\/01\/truzzer-logo-black-1.svg\",\"contentUrl\":\"https:\/\/truzzer.com\/wp-content\/uploads\/2026\/01\/truzzer-logo-black-1.svg\",\"width\":938,\"height\":199,\"caption\":\"truzzer\"},\"image\":{\"@id\":\"https:\/\/www.truzzer.com\/es\/#\/schema\/logo\/image\/\"}}]}<\/script>\n<!-- \/ Yoast SEO plugin. -->","yoast_head_json":{"title":"WIFI QR Code Table Stand Bold | truzzer","description":"Acceso WiFi f\u00e1cil para tus clientes con WIFI QR Code Table Stand Bold de truzzer. F\u00e1cil configuraci\u00f3n, listo para usar. \u00a1Pide ahora!","robots":{"index":"index","follow":"follow","max-snippet":"max-snippet:-1","max-image-preview":"max-image-preview:large","max-video-preview":"max-video-preview:-1"},"canonical":"https:\/\/www.truzzer.com\/es\/producto\/wifi-qr-code-table-stand-bold\/","og_locale":"es_ES","og_type":"article","og_title":"WIFI QR Code Table Stand Bold | truzzer","og_description":"Acceso WiFi f\u00e1cil para tus clientes con WIFI QR Code Table Stand Bold de truzzer. F\u00e1cil configuraci\u00f3n, listo para usar. \u00a1Pide ahora!","og_url":"https:\/\/www.truzzer.com\/es\/producto\/wifi-qr-code-table-stand-bold\/","og_site_name":"truzzer","article_modified_time":"2026-02-13T08:26:28+00:00","og_image":[{"width":1400,"height":1400,"url":"https:\/\/www.truzzer.com\/wp-content\/uploads\/2026\/02\/empfehlio-truzzer-wifi-stand-bold-5-jpg-3.webp","type":"image\/webp"}],"twitter_card":"summary_large_image","twitter_misc":{"Tiempo de lectura":"5 minutos"},"schema":{"@context":"https:\/\/schema.org","@graph":[{"@type":"WebPage","@id":"https:\/\/www.truzzer.com\/es\/producto\/wifi-qr-code-table-stand-bold\/","url":"https:\/\/www.truzzer.com\/es\/producto\/wifi-qr-code-table-stand-bold\/","name":"WIFI QR Code Table Stand Bold | truzzer","isPartOf":{"@id":"https:\/\/www.truzzer.com\/es\/#website"},"primaryImageOfPage":{"@id":"https:\/\/www.truzzer.com\/es\/producto\/wifi-qr-code-table-stand-bold\/#primaryimage"},"image":{"@id":"https:\/\/www.truzzer.com\/es\/producto\/wifi-qr-code-table-stand-bold\/#primaryimage"},"thumbnailUrl":"https:\/\/www.truzzer.com\/wp-content\/uploads\/2026\/02\/empfehlio-truzzer-wifi-stand-bold-5-jpg-3.webp","datePublished":"2026-02-01T19:55:02+00:00","dateModified":"2026-02-13T08:26:28+00:00","description":"Acceso WiFi f\u00e1cil para tus clientes con WIFI QR Code Table Stand Bold de truzzer. F\u00e1cil configuraci\u00f3n, listo para usar. \u00a1Pide ahora!","breadcrumb":{"@id":"https:\/\/www.truzzer.com\/es\/producto\/wifi-qr-code-table-stand-bold\/#breadcrumb"},"inLanguage":"es","potentialAction":[{"@type":"ReadAction","target":["https:\/\/www.truzzer.com\/es\/producto\/wifi-qr-code-table-stand-bold\/"]}]},{"@type":"ImageObject","inLanguage":"es","@id":"https:\/\/www.truzzer.com\/es\/producto\/wifi-qr-code-table-stand-bold\/#primaryimage","url":"https:\/\/www.truzzer.com\/wp-content\/uploads\/2026\/02\/empfehlio-truzzer-wifi-stand-bold-5-jpg-3.webp","contentUrl":"https:\/\/www.truzzer.com\/wp-content\/uploads\/2026\/02\/empfehlio-truzzer-wifi-stand-bold-5-jpg-3.webp","width":1400,"height":1400},{"@type":"BreadcrumbList","@id":"https:\/\/www.truzzer.com\/es\/producto\/wifi-qr-code-table-stand-bold\/#breadcrumb","itemListElement":[{"@type":"ListItem","position":1,"name":"Home","item":"https:\/\/www.truzzer.com\/es\/"},{"@type":"ListItem","position":2,"name":"Tienda","item":"https:\/\/www.truzzer.com\/es\/tienda\/"},{"@type":"ListItem","position":3,"name":"WIFI QR Soporte de mesa Code Negrita"}]},{"@type":"WebSite","@id":"https:\/\/www.truzzer.com\/es\/#website","url":"https:\/\/www.truzzer.com\/es\/","name":"truzzer","description":"Experts for customer trust","publisher":{"@id":"https:\/\/www.truzzer.com\/es\/#organization"},"potentialAction":[{"@type":"SearchAction","target":{"@type":"EntryPoint","urlTemplate":"https:\/\/www.truzzer.com\/es\/?s={search_term_string}"},"query-input":{"@type":"PropertyValueSpecification","valueRequired":true,"valueName":"search_term_string"}}],"inLanguage":"es"},{"@type":"Organization","@id":"https:\/\/www.truzzer.com\/es\/#organization","name":"truzzer","url":"https:\/\/www.truzzer.com\/es\/","logo":{"@type":"ImageObject","inLanguage":"es","@id":"https:\/\/www.truzzer.com\/es\/#\/schema\/logo\/image\/","url":"https:\/\/truzzer.com\/wp-content\/uploads\/2026\/01\/truzzer-logo-black-1.svg","contentUrl":"https:\/\/truzzer.com\/wp-content\/uploads\/2026\/01\/truzzer-logo-black-1.svg","width":938,"height":199,"caption":"truzzer"},"image":{"@id":"https:\/\/www.truzzer.com\/es\/#\/schema\/logo\/image\/"}}]}},"tiered_pricing_type":"fixed","tiered_pricing_fixed_rules":[],"tiered_pricing_product_settings":{"layout":"default","base_unit_name":{"singular":null,"plural":null},"default_variation":null},"tiered_pricing_minimum_quantity":null,"tiered_pricing_roles_data":[],"tiered_pricing_percentage_rules":[],"tiered_pricing_maximum_quantity":null,"tiered_pricing_quantity_step":null,"_links":{"self":[{"href":"https:\/\/www.truzzer.com\/es\/wp-json\/wp\/v2\/product\/98036","targetHints":{"allow":["GET"]}}],"collection":[{"href":"https:\/\/www.truzzer.com\/es\/wp-json\/wp\/v2\/product"}],"about":[{"href":"https:\/\/www.truzzer.com\/es\/wp-json\/wp\/v2\/types\/product"}],"replies":[{"embeddable":true,"href":"https:\/\/www.truzzer.com\/es\/wp-json\/wp\/v2\/comments?post=98036"}],"wp:featuredmedia":[{"embeddable":true,"href":"https:\/\/www.truzzer.com\/es\/wp-json\/wp\/v2\/media\/98044"}],"wp:attachment":[{"href":"https:\/\/www.truzzer.com\/es\/wp-json\/wp\/v2\/media?parent=98036"}],"wp:term":[{"taxonomy":"product_brand","embeddable":true,"href":"https:\/\/www.truzzer.com\/es\/wp-json\/wp\/v2\/product_brand?post=98036"},{"taxonomy":"product_cat","embeddable":true,"href":"https:\/\/www.truzzer.com\/es\/wp-json\/wp\/v2\/product_cat?post=98036"},{"taxonomy":"product_tag","embeddable":true,"href":"https:\/\/www.truzzer.com\/es\/wp-json\/wp\/v2\/product_tag?post=98036"}],"curies":[{"name":"wp","href":"https:\/\/api.w.org\/{rel}","templated":true}]}}