{"id":98057,"date":"2026-02-01T19:54:34","date_gmt":"2026-02-01T19:54:34","guid":{"rendered":"https:\/\/beta.truzzer.com\/product\/google-review-qr-code-sticker-roll-with-google-review-qr-code\/"},"modified":"2026-02-13T08:28:53","modified_gmt":"2026-02-13T08:28:53","slug":"google-review-qr-code-sticker-roll-with-google-review-qr-code","status":"publish","type":"product","link":"https:\/\/www.truzzer.com\/es\/producto\/google-review-qr-code-sticker-roll-with-google-review-qr-code\/","title":{"rendered":"Google Revisi\u00f3n QR Rollo de pegatinas de c\u00f3digo con Google Revisi\u00f3n C\u00f3digo QR"},"content":{"rendered":"<p data-start=\"0\" data-end=\"80\"><strong data-start=\"0\" data-end=\"80\">Calif\u00edquenos con pegatinas Google como etiquetas en rollo con c\u00f3digo QR para paquetes de env\u00edo<\/strong><\/p>\n<p data-start=\"82\" data-end=\"206\">Con las etiquetas \u00abCalif\u00edquenos en Google\u00bb de truzzer que incluyen un enlace de rese\u00f1a-c\u00f3digo QR, podr\u00e1 recopilar f\u00e1cilmente nuevas rese\u00f1as de Google.<\/p>\n<ul datos-inicio=\"208\" datos-end=\"374\">\n<li datos-inicio=\"208\" datos-end=\"289\">\n<p data-start=\"210\" data-end=\"289\">En un pr\u00e1ctico formato redondo, puedes hacer que las rese\u00f1as de Google sean tangibles para tus clientes.<\/p>\n<\/li>\n<li datos-inicio=\"290\" datos-end=\"374\">\n<p data-start=\"292\" data-end=\"374\">Coloque las pegatinas en sus paquetes o en cualquier lugar donde sus clientes las noten.<\/p>\n<\/li>\n<\/ul>\n<hr datos-start=\"376\" data-end=\"379\" \/>\n<h3 data-start=\"381\" data-end=\"432\">Usarlos como adhesivos en las esquinas de las cajas de env\u00edo<\/h3>\n<p data-start=\"434\" data-end=\"654\">\u00bfQuieres aplicar las pegatinas en las esquinas de tus cajas? \u00a1Ning\u00fan problema! Est\u00e1n dise\u00f1ados para que haya suficiente espacio en blanco entre el llamado a la acci\u00f3n y el c\u00f3digo QR para permitir ese \u00abpliegue\u00bb sin doblar ninguno de los elementos.<\/p>\n<hr datos-start=\"656\" datos-end=\"659\" \/>\n<p data-start=\"661\" data-end=\"753\">Nuestros productos \u00abCalif\u00edquenos en Google\u00bb son f\u00e1ciles de usar. As\u00ed es como funciona con nuestras tarjetas de revisi\u00f3n:<\/p>\n<p data-start=\"755\" data-end=\"895\"><strong data-start=\"755\" data-end=\"793\">Paso 1: el cliente escanea el c\u00f3digo QR<\/strong><br data-start=\"793\" data-end=\"796\" \/>Para dejar una rese\u00f1a, el cliente simplemente apunta con la c\u00e1mara de su tel\u00e9fono inteligente al c\u00f3digo en la etiqueta.<\/p>\n<blockquote datos-start=\"897\" data-end=\"1004\">\n<p data-start=\"899\" data-end=\"1004\">\u2022 En iPhone, aparece una ventana emergente en la pantalla.<br data-start=\"943\" data-end=\"946\" \/>\u2022 En tel\u00e9fonos Android\/Google, aparecer\u00e1 un icono de c\u00f3digo QR.<\/p>\n<\/blockquote>\n<p data-start=\"1006\" data-end=\"1159\"><strong data-start=\"1006\" data-end=\"1063\">Paso 2: el cliente es llevado directamente al formulario de revisi\u00f3n<\/strong><br data-start=\"1063\" data-end=\"1066\" \/>El formulario de revisi\u00f3n se abre inmediatamente y el cliente puede enviar sus comentarios, \u00a1as\u00ed de f\u00e1cil!<\/p>\n<p><hora inicio-datos=\"1161\" fin-datos=\"1164\" \/><\/p>\n<blockquote data-start=\"1166\" data-end=\"1377\" data-is-last-node=\"\" data-is-only-node=\"\">\n<p data-start=\"1168\" data-end=\"1377\" data-is-last-node=\"\"><strong data-start=\"1168\" data-end=\"1177\">Nota:<\/strong><br data-start=\"1177\" data-end=\"1180\" \/>Necesita su propio perfil Google My Business para recibir rese\u00f1as.<br data-start=\"1246\" data-end=\"1249\" \/>Si a\u00fan no tiene uno, nuestros expertos pueden configurarlo por usted; simplemente haga clic aqu\u00ed despu\u00e9s de agregar su tarjeta de revisi\u00f3n Google al carrito.<\/p>\n<\/blockquote>\n","protected":false},"excerpt":{"rendered":"<p><strong>Llenas de estilo: las etiquetas \u00abCalif\u00edcanos en Google\u00bb de truzzer, \u00a1completas con un c\u00f3digo Google Review QR!<\/strong><\/p>\n<p>\u00a1El toque final perfecto para tus paquetes y un atractivo en cualquier superficie! Obtenga m\u00e1s rese\u00f1as de Google de sus clientes con etiquetas personalizadas \u00abCalif\u00edquenos en Google\u00bb que incluyen un enlace QR para rese\u00f1as directas de Google.<\/p>\n<ul>\n<li>Ideal para cajas de env\u00edo<\/li>\n<li>Adecuado para cualquier superficie lisa<\/li>\n<li>Perfecto para embalajes, tiendas minoristas, pegatinas de facturas o donde quepa<\/li>\n<li>Muestra a tus clientes lo f\u00e1cil que es opinar sobre ti en Google<\/li>\n<li>Hecho a medida solo para ti<\/li>\n<li>Disponible en tres tama\u00f1os<\/li>\n<\/ul>\n<p>\u00a1Crearemos y vincularemos el c\u00f3digo QR para revisiones directas en su perfil Google!<\/p>\n","protected":false},"featured_media":98059,"comment_status":"open","ping_status":"closed","template":"","meta":{"_acf_changed":false,"_yoast_wpseo_focuskw":"Rese\u00f1a Google Rollo de adhesivos","_yoast_wpseo_title":"Google Review QR Code Sticker Roll with Google ... | truzzer","_yoast_wpseo_metadesc":"M\u00e1s rese\u00f1as Google con Google Review QR Code Sticker Roll with Google Review QR Code de truzzer. F\u00e1cil configuraci\u00f3n. \u00a1Pide ahora!"},"product_brand":[1654],"product_cat":[532,531,1237,1386,896,791,1405],"product_tag":[],"class_list":{"0":"post-98057","1":"product","2":"type-product","3":"status-publish","4":"has-post-thumbnail","6":"product_brand-google","7":"product_cat-codigo-qr-pegatinas","8":"product_cat-codigo-qr-productos","9":"product_cat-codigo-qr-rollos-de-pegatinas","10":"product_cat-resena-de-google-pegatinas","11":"product_cat-resena-de-google-pegatinas-con-codigo-qr","12":"product_cat-resena-de-google-productos","13":"product_cat-resena-de-google-roll-ups-con-codigo-qr","14":"pa_industry-detailhandel","15":"pa_industry-events-entertainment","16":"pa_industry-restaurante-cafeteria","17":"pa_material-carton","18":"pa_placement-bon","19":"pa_placement-folleto","20":"pa_placement-verpakking","21":"pa_product-type-etiqueta-engomada","22":"pa_product-type-sticker-roll","23":"pa_shape-ronda","24":"pa_technology-codigo-qr","25":"pa_technology-qr-code","27":"first","28":"instock","29":"taxable","30":"shipping-taxable","31":"purchasable","32":"product-type-variable","33":"has-default-attributes"},"acf":[],"yoast_head":"<!-- This site is optimized with the Yoast SEO plugin v27.0 - https:\/\/yoast.com\/product\/yoast-seo-wordpress\/ -->\n<title>Google Review QR Code Sticker Roll with Google ... | truzzer<\/title>\n<meta name=\"description\" content=\"M\u00e1s rese\u00f1as Google con Google Review QR Code Sticker Roll with Google Review QR Code de truzzer. F\u00e1cil configuraci\u00f3n. \u00a1Pide ahora!\" \/>\n<meta name=\"robots\" content=\"index, follow, max-snippet:-1, max-image-preview:large, max-video-preview:-1\" \/>\n<link rel=\"canonical\" href=\"https:\/\/www.truzzer.com\/es\/producto\/google-review-qr-code-sticker-roll-with-google-review-qr-code\/\" \/>\n<meta property=\"og:locale\" content=\"es_ES\" \/>\n<meta property=\"og:type\" content=\"article\" \/>\n<meta property=\"og:title\" content=\"Google Review QR Code Sticker Roll with Google ... | truzzer\" \/>\n<meta property=\"og:description\" content=\"M\u00e1s rese\u00f1as Google con Google Review QR Code Sticker Roll with Google Review QR Code de truzzer. F\u00e1cil configuraci\u00f3n. \u00a1Pide ahora!\" \/>\n<meta property=\"og:url\" content=\"https:\/\/www.truzzer.com\/es\/producto\/google-review-qr-code-sticker-roll-with-google-review-qr-code\/\" \/>\n<meta property=\"og:site_name\" content=\"truzzer\" \/>\n<meta property=\"article:modified_time\" content=\"2026-02-13T08:28:53+00:00\" \/>\n<meta property=\"og:image\" content=\"https:\/\/www.truzzer.com\/wp-content\/uploads\/2026\/02\/review-us-on-google-sticker-roll-with-qr-code-eng-s-5.jpg\" \/>\n\t<meta property=\"og:image:width\" content=\"1200\" \/>\n\t<meta property=\"og:image:height\" content=\"1200\" \/>\n\t<meta property=\"og:image:type\" content=\"image\/jpeg\" \/>\n<meta name=\"twitter:card\" content=\"summary_large_image\" \/>\n<meta name=\"twitter:label1\" content=\"Tiempo de lectura\" \/>\n\t<meta name=\"twitter:data1\" content=\"1 minuto\" \/>\n<script type=\"application\/ld+json\" class=\"yoast-schema-graph\">{\"@context\":\"https:\/\/schema.org\",\"@graph\":[{\"@type\":\"WebPage\",\"@id\":\"https:\/\/www.truzzer.com\/es\/producto\/google-review-qr-code-sticker-roll-with-google-review-qr-code\/\",\"url\":\"https:\/\/www.truzzer.com\/es\/producto\/google-review-qr-code-sticker-roll-with-google-review-qr-code\/\",\"name\":\"Google Review QR Code Sticker Roll with Google ... | truzzer\",\"isPartOf\":{\"@id\":\"https:\/\/www.truzzer.com\/es\/#website\"},\"primaryImageOfPage\":{\"@id\":\"https:\/\/www.truzzer.com\/es\/producto\/google-review-qr-code-sticker-roll-with-google-review-qr-code\/#primaryimage\"},\"image\":{\"@id\":\"https:\/\/www.truzzer.com\/es\/producto\/google-review-qr-code-sticker-roll-with-google-review-qr-code\/#primaryimage\"},\"thumbnailUrl\":\"https:\/\/www.truzzer.com\/wp-content\/uploads\/2026\/02\/review-us-on-google-sticker-roll-with-qr-code-eng-s-5.jpg\",\"datePublished\":\"2026-02-01T19:54:34+00:00\",\"dateModified\":\"2026-02-13T08:28:53+00:00\",\"description\":\"M\u00e1s rese\u00f1as Google con Google Review QR Code Sticker Roll with Google Review QR Code de truzzer. F\u00e1cil configuraci\u00f3n. \u00a1Pide ahora!\",\"breadcrumb\":{\"@id\":\"https:\/\/www.truzzer.com\/es\/producto\/google-review-qr-code-sticker-roll-with-google-review-qr-code\/#breadcrumb\"},\"inLanguage\":\"es\",\"potentialAction\":[{\"@type\":\"ReadAction\",\"target\":[\"https:\/\/www.truzzer.com\/es\/producto\/google-review-qr-code-sticker-roll-with-google-review-qr-code\/\"]}]},{\"@type\":\"ImageObject\",\"inLanguage\":\"es\",\"@id\":\"https:\/\/www.truzzer.com\/es\/producto\/google-review-qr-code-sticker-roll-with-google-review-qr-code\/#primaryimage\",\"url\":\"https:\/\/www.truzzer.com\/wp-content\/uploads\/2026\/02\/review-us-on-google-sticker-roll-with-qr-code-eng-s-5.jpg\",\"contentUrl\":\"https:\/\/www.truzzer.com\/wp-content\/uploads\/2026\/02\/review-us-on-google-sticker-roll-with-qr-code-eng-s-5.jpg\",\"width\":1200,\"height\":1200},{\"@type\":\"BreadcrumbList\",\"@id\":\"https:\/\/www.truzzer.com\/es\/producto\/google-review-qr-code-sticker-roll-with-google-review-qr-code\/#breadcrumb\",\"itemListElement\":[{\"@type\":\"ListItem\",\"position\":1,\"name\":\"Home\",\"item\":\"https:\/\/www.truzzer.com\/es\/\"},{\"@type\":\"ListItem\",\"position\":2,\"name\":\"Tienda\",\"item\":\"https:\/\/www.truzzer.com\/es\/tienda\/\"},{\"@type\":\"ListItem\",\"position\":3,\"name\":\"Google Revisi\u00f3n QR Rollo de pegatinas de c\u00f3digo con Google Revisi\u00f3n C\u00f3digo QR\"}]},{\"@type\":\"WebSite\",\"@id\":\"https:\/\/www.truzzer.com\/es\/#website\",\"url\":\"https:\/\/www.truzzer.com\/es\/\",\"name\":\"truzzer\",\"description\":\"Experts for customer trust\",\"publisher\":{\"@id\":\"https:\/\/www.truzzer.com\/es\/#organization\"},\"potentialAction\":[{\"@type\":\"SearchAction\",\"target\":{\"@type\":\"EntryPoint\",\"urlTemplate\":\"https:\/\/www.truzzer.com\/es\/?s={search_term_string}\"},\"query-input\":{\"@type\":\"PropertyValueSpecification\",\"valueRequired\":true,\"valueName\":\"search_term_string\"}}],\"inLanguage\":\"es\"},{\"@type\":\"Organization\",\"@id\":\"https:\/\/www.truzzer.com\/es\/#organization\",\"name\":\"truzzer\",\"url\":\"https:\/\/www.truzzer.com\/es\/\",\"logo\":{\"@type\":\"ImageObject\",\"inLanguage\":\"es\",\"@id\":\"https:\/\/www.truzzer.com\/es\/#\/schema\/logo\/image\/\",\"url\":\"https:\/\/truzzer.com\/wp-content\/uploads\/2026\/01\/truzzer-logo-black-1.svg\",\"contentUrl\":\"https:\/\/truzzer.com\/wp-content\/uploads\/2026\/01\/truzzer-logo-black-1.svg\",\"width\":938,\"height\":199,\"caption\":\"truzzer\"},\"image\":{\"@id\":\"https:\/\/www.truzzer.com\/es\/#\/schema\/logo\/image\/\"}}]}<\/script>\n<!-- \/ Yoast SEO plugin. -->","yoast_head_json":{"title":"Google Review QR Code Sticker Roll with Google ... | truzzer","description":"M\u00e1s rese\u00f1as Google con Google Review QR Code Sticker Roll with Google Review QR Code de truzzer. F\u00e1cil configuraci\u00f3n. \u00a1Pide ahora!","robots":{"index":"index","follow":"follow","max-snippet":"max-snippet:-1","max-image-preview":"max-image-preview:large","max-video-preview":"max-video-preview:-1"},"canonical":"https:\/\/www.truzzer.com\/es\/producto\/google-review-qr-code-sticker-roll-with-google-review-qr-code\/","og_locale":"es_ES","og_type":"article","og_title":"Google Review QR Code Sticker Roll with Google ... | truzzer","og_description":"M\u00e1s rese\u00f1as Google con Google Review QR Code Sticker Roll with Google Review QR Code de truzzer. F\u00e1cil configuraci\u00f3n. \u00a1Pide ahora!","og_url":"https:\/\/www.truzzer.com\/es\/producto\/google-review-qr-code-sticker-roll-with-google-review-qr-code\/","og_site_name":"truzzer","article_modified_time":"2026-02-13T08:28:53+00:00","og_image":[{"width":1200,"height":1200,"url":"https:\/\/www.truzzer.com\/wp-content\/uploads\/2026\/02\/review-us-on-google-sticker-roll-with-qr-code-eng-s-5.jpg","type":"image\/jpeg"}],"twitter_card":"summary_large_image","twitter_misc":{"Tiempo de lectura":"1 minuto"},"schema":{"@context":"https:\/\/schema.org","@graph":[{"@type":"WebPage","@id":"https:\/\/www.truzzer.com\/es\/producto\/google-review-qr-code-sticker-roll-with-google-review-qr-code\/","url":"https:\/\/www.truzzer.com\/es\/producto\/google-review-qr-code-sticker-roll-with-google-review-qr-code\/","name":"Google Review QR Code Sticker Roll with Google ... | truzzer","isPartOf":{"@id":"https:\/\/www.truzzer.com\/es\/#website"},"primaryImageOfPage":{"@id":"https:\/\/www.truzzer.com\/es\/producto\/google-review-qr-code-sticker-roll-with-google-review-qr-code\/#primaryimage"},"image":{"@id":"https:\/\/www.truzzer.com\/es\/producto\/google-review-qr-code-sticker-roll-with-google-review-qr-code\/#primaryimage"},"thumbnailUrl":"https:\/\/www.truzzer.com\/wp-content\/uploads\/2026\/02\/review-us-on-google-sticker-roll-with-qr-code-eng-s-5.jpg","datePublished":"2026-02-01T19:54:34+00:00","dateModified":"2026-02-13T08:28:53+00:00","description":"M\u00e1s rese\u00f1as Google con Google Review QR Code Sticker Roll with Google Review QR Code de truzzer. F\u00e1cil configuraci\u00f3n. \u00a1Pide ahora!","breadcrumb":{"@id":"https:\/\/www.truzzer.com\/es\/producto\/google-review-qr-code-sticker-roll-with-google-review-qr-code\/#breadcrumb"},"inLanguage":"es","potentialAction":[{"@type":"ReadAction","target":["https:\/\/www.truzzer.com\/es\/producto\/google-review-qr-code-sticker-roll-with-google-review-qr-code\/"]}]},{"@type":"ImageObject","inLanguage":"es","@id":"https:\/\/www.truzzer.com\/es\/producto\/google-review-qr-code-sticker-roll-with-google-review-qr-code\/#primaryimage","url":"https:\/\/www.truzzer.com\/wp-content\/uploads\/2026\/02\/review-us-on-google-sticker-roll-with-qr-code-eng-s-5.jpg","contentUrl":"https:\/\/www.truzzer.com\/wp-content\/uploads\/2026\/02\/review-us-on-google-sticker-roll-with-qr-code-eng-s-5.jpg","width":1200,"height":1200},{"@type":"BreadcrumbList","@id":"https:\/\/www.truzzer.com\/es\/producto\/google-review-qr-code-sticker-roll-with-google-review-qr-code\/#breadcrumb","itemListElement":[{"@type":"ListItem","position":1,"name":"Home","item":"https:\/\/www.truzzer.com\/es\/"},{"@type":"ListItem","position":2,"name":"Tienda","item":"https:\/\/www.truzzer.com\/es\/tienda\/"},{"@type":"ListItem","position":3,"name":"Google Revisi\u00f3n QR Rollo de pegatinas de c\u00f3digo con Google Revisi\u00f3n C\u00f3digo QR"}]},{"@type":"WebSite","@id":"https:\/\/www.truzzer.com\/es\/#website","url":"https:\/\/www.truzzer.com\/es\/","name":"truzzer","description":"Experts for customer trust","publisher":{"@id":"https:\/\/www.truzzer.com\/es\/#organization"},"potentialAction":[{"@type":"SearchAction","target":{"@type":"EntryPoint","urlTemplate":"https:\/\/www.truzzer.com\/es\/?s={search_term_string}"},"query-input":{"@type":"PropertyValueSpecification","valueRequired":true,"valueName":"search_term_string"}}],"inLanguage":"es"},{"@type":"Organization","@id":"https:\/\/www.truzzer.com\/es\/#organization","name":"truzzer","url":"https:\/\/www.truzzer.com\/es\/","logo":{"@type":"ImageObject","inLanguage":"es","@id":"https:\/\/www.truzzer.com\/es\/#\/schema\/logo\/image\/","url":"https:\/\/truzzer.com\/wp-content\/uploads\/2026\/01\/truzzer-logo-black-1.svg","contentUrl":"https:\/\/truzzer.com\/wp-content\/uploads\/2026\/01\/truzzer-logo-black-1.svg","width":938,"height":199,"caption":"truzzer"},"image":{"@id":"https:\/\/www.truzzer.com\/es\/#\/schema\/logo\/image\/"}}]}},"tiered_pricing_type":"fixed","tiered_pricing_fixed_rules":[],"tiered_pricing_product_settings":{"layout":"default","base_unit_name":{"singular":null,"plural":null},"default_variation":null},"tiered_pricing_minimum_quantity":null,"tiered_pricing_roles_data":[],"tiered_pricing_percentage_rules":[],"tiered_pricing_maximum_quantity":null,"tiered_pricing_quantity_step":null,"_links":{"self":[{"href":"https:\/\/www.truzzer.com\/es\/wp-json\/wp\/v2\/product\/98057","targetHints":{"allow":["GET"]}}],"collection":[{"href":"https:\/\/www.truzzer.com\/es\/wp-json\/wp\/v2\/product"}],"about":[{"href":"https:\/\/www.truzzer.com\/es\/wp-json\/wp\/v2\/types\/product"}],"replies":[{"embeddable":true,"href":"https:\/\/www.truzzer.com\/es\/wp-json\/wp\/v2\/comments?post=98057"}],"wp:featuredmedia":[{"embeddable":true,"href":"https:\/\/www.truzzer.com\/es\/wp-json\/wp\/v2\/media\/98059"}],"wp:attachment":[{"href":"https:\/\/www.truzzer.com\/es\/wp-json\/wp\/v2\/media?parent=98057"}],"wp:term":[{"taxonomy":"product_brand","embeddable":true,"href":"https:\/\/www.truzzer.com\/es\/wp-json\/wp\/v2\/product_brand?post=98057"},{"taxonomy":"product_cat","embeddable":true,"href":"https:\/\/www.truzzer.com\/es\/wp-json\/wp\/v2\/product_cat?post=98057"},{"taxonomy":"product_tag","embeddable":true,"href":"https:\/\/www.truzzer.com\/es\/wp-json\/wp\/v2\/product_tag?post=98057"}],"curies":[{"name":"wp","href":"https:\/\/api.w.org\/{rel}","templated":true}]}}