{"id":98075,"date":"2026-02-01T19:53:32","date_gmt":"2026-02-01T19:53:32","guid":{"rendered":"https:\/\/beta.truzzer.com\/product\/paypal-pay-qr-code-sticker-brand-refresh\/"},"modified":"2026-02-13T08:31:27","modified_gmt":"2026-02-13T08:31:27","slug":"paypal-pay-qr-code-sticker-brand-refresh","status":"publish","type":"product","link":"https:\/\/www.truzzer.com\/es\/producto\/paypal-pay-qr-code-sticker-brand-refresh\/","title":{"rendered":"PayPal pagar QR actualizaci\u00f3n de marca de etiqueta de c\u00f3digo"},"content":{"rendered":"<p><strong>Presentamos la etiqueta con c\u00f3digo PayPal QR: su puerta de entrada a pagos sin contacto sencillos<\/strong><\/p>\n<p>Acelere y simplifique los pagos para sus clientes con la pegatina del C\u00f3digo PayPal QR. Esta pegatina es la soluci\u00f3n perfecta para todo tipo de empresas, desde comercio minorista y hosteler\u00eda hasta eventos. Facilita pagos r\u00e1pidos, seguros y sin contacto a trav\u00e9s de PayPal. Un simple escaneo del c\u00f3digo QR y la transacci\u00f3n se realiza en segundos.<\/p>\n<h3><strong>Caracter\u00edsticas del producto:<\/strong><\/h3>\n<ul>\n<li><strong>Pago r\u00e1pido y sin complicaciones:<\/strong> los clientes simplemente necesitan escanear el c\u00f3digo QR con sus tel\u00e9fonos inteligentes, ingresar el monto y confirmar el pago. Es eficiente y elimina la necesidad de efectivo o tarjetas.<\/li>\n<li><strong>Uso vers\u00e1til:<\/strong> La pegatina de c\u00f3digo PayPal QR encaja perfectamente en las cajas, mostradores, mesas o puertas. Su adaptabilidad se extiende tanto al uso interior como exterior.<\/li>\n<li><strong>Resistente a la intemperie y al agua:<\/strong> el material de alta calidad del adhesivo lo hace resistente al agua y a la intemperie, ideal para uso prolongado incluso en condiciones dif\u00edciles.<\/li>\n<li><strong>Est\u00e9tica sutil y profesional:<\/strong> la sencilla pegatina que presenta el c\u00f3digo PayPal QR se integra perfectamente en cualquier entorno sin resultar intrusiva, ofreciendo una apariencia profesional y manteniendo la visibilidad para sus clientes.<\/li>\n<\/ul>\n<h3><strong>Por qu\u00e9 su empresa necesita una etiqueta con c\u00f3digo PayPal QR<\/strong><\/h3>\n<p>A medida que navegamos por un mundo cada vez m\u00e1s digital, la importancia de los <strong>pagos sin contacto<\/strong> sigue creciendo. La pegatina de c\u00f3digo PayPal QR ofrece a sus clientes una opci\u00f3n de pago contempor\u00e1nea, higi\u00e9nica y c\u00f3moda. Con sus tel\u00e9fonos inteligentes, pueden realizar transacciones f\u00e1cilmente sin depender del efectivo ni de las tarjetas. En una \u00e9poca en la que la higiene y las interacciones sin contacto son de suma importancia, la pegatina de c\u00f3digo QR es la soluci\u00f3n ideal.<\/p>\n<h3><strong>Beneficios de la etiqueta de c\u00f3digo PayPal QR:<\/strong><\/h3>\n<ul>\n<li><strong>Pago sin contacto:<\/strong> Minimiza el uso de efectivo y tarjetas ofreciendo una soluci\u00f3n de pago segura e higi\u00e9nica.<\/li>\n<li><strong>F\u00e1cil de instalar:<\/strong> La pegatina autoadhesiva se puede colocar c\u00f3modamente en cualquier superficie lisa, ya sea en la caja registradora, la puerta de entrada o directamente sobre las mesas.<\/li>\n<li><strong>Aumente la satisfacci\u00f3n del cliente:<\/strong> brinde a sus clientes la posibilidad de pagar f\u00e1cil y r\u00e1pidamente utilizando su servicio de pago digital favorito.<\/li>\n<li><strong>Soluci\u00f3n rentable:<\/strong> Evite la necesidad de dispositivos adicionales o sistemas costosos: la etiqueta adhesiva con c\u00f3digo PayPal QR simplifica la aceptaci\u00f3n de m\u00e9todos de pago modernos.<\/li>\n<\/ul>\n<h3><strong>Perfecto para restaurantes, comercio minorista, servicios y m\u00e1s<\/strong><\/h3>\n<p>La pegatina de c\u00f3digo PayPal QR es adecuada para diversas aplicaciones. Ya sea que dirija un <strong>restaurante, cafeter\u00eda, tienda o puesto en el mercado,<\/strong> la etiqueta le permite aceptar pagos digitales a trav\u00e9s de PayPal directamente. Tambi\u00e9n es ideal para <strong>proveedores de servicios<\/strong> o <strong>quioscos<\/strong> que requieren opciones de pago r\u00e1pidas y flexibles.<\/p>\n<p><hora\/><\/p>\n<p>Al implementar la etiqueta de c\u00f3digo <strong>PayPal QR<\/strong>, no solo proporciona una opci\u00f3n de pago moderna a sus clientes, sino que tambi\u00e9n garantiza un proceso de pago c\u00f3modo y sin inconvenientes. \u00a1Empiece a abrazar el futuro de los pagos hoy!<\/p>\n","protected":false},"excerpt":{"rendered":"<p><strong>PayPal QR Etiqueta adhesiva con c\u00f3digo: facilita los pagos sin contacto<\/strong><\/p>\n<p>Presente a sus clientes un modo de pago r\u00e1pido, sencillo y seguro con la pegatina del C\u00f3digo PayPal QR. Simplemente col\u00f3quelo en las cajas, mostradores o puertas; esta pegatina permite realizar pagos sin contacto sin problemas a trav\u00e9s de tel\u00e9fonos inteligentes. Escanee, ingrese el monto y se procesar\u00e1 el pago. Es perfecto para diversos establecimientos, incluidos restaurantes, tiendas minoristas y proveedores de servicios. La pegatina, resistente al agua y a la intemperie, es adaptable y garantiza un proceso de pago sin fricciones, sin necesidad de efectivo ni tarjetas. \u00a1Experimenta modernidad, higiene y eficiencia en los pagos!<\/p>\n<ul>\n<li><strong>Pago sin contacto:<\/strong> reduce la necesidad de efectivo y tarjetas y, al mismo tiempo, ofrece una alternativa de pago segura e higi\u00e9nica.<\/li>\n<li><strong>Aplicaci\u00f3n sencilla:<\/strong> La pegatina autoadhesiva se puede adherir sin esfuerzo a cualquier superficie lisa, ya sea en la caja registradora, la puerta de entrada o directamente sobre las mesas.<\/li>\n<li><strong>Satisfacci\u00f3n del cliente mejorada:<\/strong> Ofrezca a sus clientes la oportunidad de pagar r\u00e1pida y f\u00e1cilmente utilizando el servicio de pago digital elegido.<\/li>\n<li><strong>Soluci\u00f3n rentable:<\/strong> Evite la necesidad de dispositivos adicionales o sistemas complejos: la etiqueta con el c\u00f3digo PayPal QR simplifica la aceptaci\u00f3n de formas de pago modernas.<\/li>\n<\/ul>\n","protected":false},"featured_media":98078,"comment_status":"open","ping_status":"closed","template":"","meta":{"_acf_changed":false,"_yoast_wpseo_focuskw":"PayPal c\u00f3digo QR Adhesivo","_yoast_wpseo_title":"PayPal pay QR code sticker brand refresh | truzzer","_yoast_wpseo_metadesc":"Acepta pagos PayPal con PayPal pay QR code sticker brand refresh de truzzer. F\u00e1cil configuraci\u00f3n, listo para usar. \u00a1Pide ahora!"},"product_brand":[1628],"product_cat":[532,531,1391],"product_tag":[],"class_list":{"0":"post-98075","1":"product","2":"type-product","3":"status-publish","4":"has-post-thumbnail","6":"product_brand-paypal","7":"product_cat-codigo-qr-pegatinas","8":"product_cat-codigo-qr-productos","9":"product_cat-pago-paypal-pegatinas-con-codigo-qr","10":"pa_material-vinyl","11":"pa_product-type-etiqueta-engomada","12":"pa_shape-rechthoek","13":"pa_technology-codigo-qr","14":"pa_technology-qr-code","16":"first","17":"instock","18":"taxable","19":"shipping-taxable","20":"purchasable","21":"product-type-variable","22":"has-default-attributes"},"acf":[],"yoast_head":"<!-- This site is optimized with the Yoast SEO plugin v27.0 - https:\/\/yoast.com\/product\/yoast-seo-wordpress\/ -->\n<title>PayPal pay QR code sticker brand refresh | truzzer<\/title>\n<meta name=\"description\" content=\"Acepta pagos PayPal con PayPal pay QR code sticker brand refresh de truzzer. F\u00e1cil configuraci\u00f3n, listo para usar. \u00a1Pide ahora!\" \/>\n<meta name=\"robots\" content=\"index, follow, max-snippet:-1, max-image-preview:large, max-video-preview:-1\" \/>\n<link rel=\"canonical\" href=\"https:\/\/www.truzzer.com\/es\/producto\/paypal-pay-qr-code-sticker-brand-refresh\/\" \/>\n<meta property=\"og:locale\" content=\"es_ES\" \/>\n<meta property=\"og:type\" content=\"article\" \/>\n<meta property=\"og:title\" content=\"PayPal pay QR code sticker brand refresh | truzzer\" \/>\n<meta property=\"og:description\" content=\"Acepta pagos PayPal con PayPal pay QR code sticker brand refresh de truzzer. F\u00e1cil configuraci\u00f3n, listo para usar. \u00a1Pide ahora!\" \/>\n<meta property=\"og:url\" content=\"https:\/\/www.truzzer.com\/es\/producto\/paypal-pay-qr-code-sticker-brand-refresh\/\" \/>\n<meta property=\"og:site_name\" content=\"truzzer\" \/>\n<meta property=\"article:modified_time\" content=\"2026-02-13T08:31:27+00:00\" \/>\n<meta property=\"og:image\" content=\"https:\/\/www.truzzer.com\/wp-content\/uploads\/2026\/02\/paypal-bezahlen-qr-code-sticker-new-design-empfehlio-truzzer-single-2.jpg\" \/>\n\t<meta property=\"og:image:width\" content=\"1600\" \/>\n\t<meta property=\"og:image:height\" content=\"1600\" \/>\n\t<meta property=\"og:image:type\" content=\"image\/jpeg\" \/>\n<meta name=\"twitter:card\" content=\"summary_large_image\" \/>\n<meta name=\"twitter:label1\" content=\"Tiempo de lectura\" \/>\n\t<meta name=\"twitter:data1\" content=\"3 minutos\" \/>\n<script type=\"application\/ld+json\" class=\"yoast-schema-graph\">{\"@context\":\"https:\/\/schema.org\",\"@graph\":[{\"@type\":\"WebPage\",\"@id\":\"https:\/\/www.truzzer.com\/es\/producto\/paypal-pay-qr-code-sticker-brand-refresh\/\",\"url\":\"https:\/\/www.truzzer.com\/es\/producto\/paypal-pay-qr-code-sticker-brand-refresh\/\",\"name\":\"PayPal pay QR code sticker brand refresh | truzzer\",\"isPartOf\":{\"@id\":\"https:\/\/www.truzzer.com\/es\/#website\"},\"primaryImageOfPage\":{\"@id\":\"https:\/\/www.truzzer.com\/es\/producto\/paypal-pay-qr-code-sticker-brand-refresh\/#primaryimage\"},\"image\":{\"@id\":\"https:\/\/www.truzzer.com\/es\/producto\/paypal-pay-qr-code-sticker-brand-refresh\/#primaryimage\"},\"thumbnailUrl\":\"https:\/\/www.truzzer.com\/wp-content\/uploads\/2026\/02\/paypal-bezahlen-qr-code-sticker-new-design-empfehlio-truzzer-single-2.jpg\",\"datePublished\":\"2026-02-01T19:53:32+00:00\",\"dateModified\":\"2026-02-13T08:31:27+00:00\",\"description\":\"Acepta pagos PayPal con PayPal pay QR code sticker brand refresh de truzzer. F\u00e1cil configuraci\u00f3n, listo para usar. \u00a1Pide ahora!\",\"breadcrumb\":{\"@id\":\"https:\/\/www.truzzer.com\/es\/producto\/paypal-pay-qr-code-sticker-brand-refresh\/#breadcrumb\"},\"inLanguage\":\"es\",\"potentialAction\":[{\"@type\":\"ReadAction\",\"target\":[\"https:\/\/www.truzzer.com\/es\/producto\/paypal-pay-qr-code-sticker-brand-refresh\/\"]}]},{\"@type\":\"ImageObject\",\"inLanguage\":\"es\",\"@id\":\"https:\/\/www.truzzer.com\/es\/producto\/paypal-pay-qr-code-sticker-brand-refresh\/#primaryimage\",\"url\":\"https:\/\/www.truzzer.com\/wp-content\/uploads\/2026\/02\/paypal-bezahlen-qr-code-sticker-new-design-empfehlio-truzzer-single-2.jpg\",\"contentUrl\":\"https:\/\/www.truzzer.com\/wp-content\/uploads\/2026\/02\/paypal-bezahlen-qr-code-sticker-new-design-empfehlio-truzzer-single-2.jpg\",\"width\":1600,\"height\":1600},{\"@type\":\"BreadcrumbList\",\"@id\":\"https:\/\/www.truzzer.com\/es\/producto\/paypal-pay-qr-code-sticker-brand-refresh\/#breadcrumb\",\"itemListElement\":[{\"@type\":\"ListItem\",\"position\":1,\"name\":\"Home\",\"item\":\"https:\/\/www.truzzer.com\/es\/\"},{\"@type\":\"ListItem\",\"position\":2,\"name\":\"Tienda\",\"item\":\"https:\/\/www.truzzer.com\/es\/tienda\/\"},{\"@type\":\"ListItem\",\"position\":3,\"name\":\"PayPal pagar QR actualizaci\u00f3n de marca de etiqueta de c\u00f3digo\"}]},{\"@type\":\"WebSite\",\"@id\":\"https:\/\/www.truzzer.com\/es\/#website\",\"url\":\"https:\/\/www.truzzer.com\/es\/\",\"name\":\"truzzer\",\"description\":\"Experts for customer trust\",\"publisher\":{\"@id\":\"https:\/\/www.truzzer.com\/es\/#organization\"},\"potentialAction\":[{\"@type\":\"SearchAction\",\"target\":{\"@type\":\"EntryPoint\",\"urlTemplate\":\"https:\/\/www.truzzer.com\/es\/?s={search_term_string}\"},\"query-input\":{\"@type\":\"PropertyValueSpecification\",\"valueRequired\":true,\"valueName\":\"search_term_string\"}}],\"inLanguage\":\"es\"},{\"@type\":\"Organization\",\"@id\":\"https:\/\/www.truzzer.com\/es\/#organization\",\"name\":\"truzzer\",\"url\":\"https:\/\/www.truzzer.com\/es\/\",\"logo\":{\"@type\":\"ImageObject\",\"inLanguage\":\"es\",\"@id\":\"https:\/\/www.truzzer.com\/es\/#\/schema\/logo\/image\/\",\"url\":\"https:\/\/truzzer.com\/wp-content\/uploads\/2026\/01\/truzzer-logo-black-1.svg\",\"contentUrl\":\"https:\/\/truzzer.com\/wp-content\/uploads\/2026\/01\/truzzer-logo-black-1.svg\",\"width\":938,\"height\":199,\"caption\":\"truzzer\"},\"image\":{\"@id\":\"https:\/\/www.truzzer.com\/es\/#\/schema\/logo\/image\/\"}}]}<\/script>\n<!-- \/ Yoast SEO plugin. -->","yoast_head_json":{"title":"PayPal pay QR code sticker brand refresh | truzzer","description":"Acepta pagos PayPal con PayPal pay QR code sticker brand refresh de truzzer. F\u00e1cil configuraci\u00f3n, listo para usar. \u00a1Pide ahora!","robots":{"index":"index","follow":"follow","max-snippet":"max-snippet:-1","max-image-preview":"max-image-preview:large","max-video-preview":"max-video-preview:-1"},"canonical":"https:\/\/www.truzzer.com\/es\/producto\/paypal-pay-qr-code-sticker-brand-refresh\/","og_locale":"es_ES","og_type":"article","og_title":"PayPal pay QR code sticker brand refresh | truzzer","og_description":"Acepta pagos PayPal con PayPal pay QR code sticker brand refresh de truzzer. F\u00e1cil configuraci\u00f3n, listo para usar. \u00a1Pide ahora!","og_url":"https:\/\/www.truzzer.com\/es\/producto\/paypal-pay-qr-code-sticker-brand-refresh\/","og_site_name":"truzzer","article_modified_time":"2026-02-13T08:31:27+00:00","og_image":[{"width":1600,"height":1600,"url":"https:\/\/www.truzzer.com\/wp-content\/uploads\/2026\/02\/paypal-bezahlen-qr-code-sticker-new-design-empfehlio-truzzer-single-2.jpg","type":"image\/jpeg"}],"twitter_card":"summary_large_image","twitter_misc":{"Tiempo de lectura":"3 minutos"},"schema":{"@context":"https:\/\/schema.org","@graph":[{"@type":"WebPage","@id":"https:\/\/www.truzzer.com\/es\/producto\/paypal-pay-qr-code-sticker-brand-refresh\/","url":"https:\/\/www.truzzer.com\/es\/producto\/paypal-pay-qr-code-sticker-brand-refresh\/","name":"PayPal pay QR code sticker brand refresh | truzzer","isPartOf":{"@id":"https:\/\/www.truzzer.com\/es\/#website"},"primaryImageOfPage":{"@id":"https:\/\/www.truzzer.com\/es\/producto\/paypal-pay-qr-code-sticker-brand-refresh\/#primaryimage"},"image":{"@id":"https:\/\/www.truzzer.com\/es\/producto\/paypal-pay-qr-code-sticker-brand-refresh\/#primaryimage"},"thumbnailUrl":"https:\/\/www.truzzer.com\/wp-content\/uploads\/2026\/02\/paypal-bezahlen-qr-code-sticker-new-design-empfehlio-truzzer-single-2.jpg","datePublished":"2026-02-01T19:53:32+00:00","dateModified":"2026-02-13T08:31:27+00:00","description":"Acepta pagos PayPal con PayPal pay QR code sticker brand refresh de truzzer. F\u00e1cil configuraci\u00f3n, listo para usar. \u00a1Pide ahora!","breadcrumb":{"@id":"https:\/\/www.truzzer.com\/es\/producto\/paypal-pay-qr-code-sticker-brand-refresh\/#breadcrumb"},"inLanguage":"es","potentialAction":[{"@type":"ReadAction","target":["https:\/\/www.truzzer.com\/es\/producto\/paypal-pay-qr-code-sticker-brand-refresh\/"]}]},{"@type":"ImageObject","inLanguage":"es","@id":"https:\/\/www.truzzer.com\/es\/producto\/paypal-pay-qr-code-sticker-brand-refresh\/#primaryimage","url":"https:\/\/www.truzzer.com\/wp-content\/uploads\/2026\/02\/paypal-bezahlen-qr-code-sticker-new-design-empfehlio-truzzer-single-2.jpg","contentUrl":"https:\/\/www.truzzer.com\/wp-content\/uploads\/2026\/02\/paypal-bezahlen-qr-code-sticker-new-design-empfehlio-truzzer-single-2.jpg","width":1600,"height":1600},{"@type":"BreadcrumbList","@id":"https:\/\/www.truzzer.com\/es\/producto\/paypal-pay-qr-code-sticker-brand-refresh\/#breadcrumb","itemListElement":[{"@type":"ListItem","position":1,"name":"Home","item":"https:\/\/www.truzzer.com\/es\/"},{"@type":"ListItem","position":2,"name":"Tienda","item":"https:\/\/www.truzzer.com\/es\/tienda\/"},{"@type":"ListItem","position":3,"name":"PayPal pagar QR actualizaci\u00f3n de marca de etiqueta de c\u00f3digo"}]},{"@type":"WebSite","@id":"https:\/\/www.truzzer.com\/es\/#website","url":"https:\/\/www.truzzer.com\/es\/","name":"truzzer","description":"Experts for customer trust","publisher":{"@id":"https:\/\/www.truzzer.com\/es\/#organization"},"potentialAction":[{"@type":"SearchAction","target":{"@type":"EntryPoint","urlTemplate":"https:\/\/www.truzzer.com\/es\/?s={search_term_string}"},"query-input":{"@type":"PropertyValueSpecification","valueRequired":true,"valueName":"search_term_string"}}],"inLanguage":"es"},{"@type":"Organization","@id":"https:\/\/www.truzzer.com\/es\/#organization","name":"truzzer","url":"https:\/\/www.truzzer.com\/es\/","logo":{"@type":"ImageObject","inLanguage":"es","@id":"https:\/\/www.truzzer.com\/es\/#\/schema\/logo\/image\/","url":"https:\/\/truzzer.com\/wp-content\/uploads\/2026\/01\/truzzer-logo-black-1.svg","contentUrl":"https:\/\/truzzer.com\/wp-content\/uploads\/2026\/01\/truzzer-logo-black-1.svg","width":938,"height":199,"caption":"truzzer"},"image":{"@id":"https:\/\/www.truzzer.com\/es\/#\/schema\/logo\/image\/"}}]}},"tiered_pricing_type":"fixed","tiered_pricing_fixed_rules":[],"tiered_pricing_product_settings":{"layout":"default","base_unit_name":{"singular":null,"plural":null},"default_variation":null},"tiered_pricing_minimum_quantity":null,"tiered_pricing_roles_data":[],"tiered_pricing_percentage_rules":[],"tiered_pricing_maximum_quantity":null,"tiered_pricing_quantity_step":null,"_links":{"self":[{"href":"https:\/\/www.truzzer.com\/es\/wp-json\/wp\/v2\/product\/98075","targetHints":{"allow":["GET"]}}],"collection":[{"href":"https:\/\/www.truzzer.com\/es\/wp-json\/wp\/v2\/product"}],"about":[{"href":"https:\/\/www.truzzer.com\/es\/wp-json\/wp\/v2\/types\/product"}],"replies":[{"embeddable":true,"href":"https:\/\/www.truzzer.com\/es\/wp-json\/wp\/v2\/comments?post=98075"}],"wp:featuredmedia":[{"embeddable":true,"href":"https:\/\/www.truzzer.com\/es\/wp-json\/wp\/v2\/media\/98078"}],"wp:attachment":[{"href":"https:\/\/www.truzzer.com\/es\/wp-json\/wp\/v2\/media?parent=98075"}],"wp:term":[{"taxonomy":"product_brand","embeddable":true,"href":"https:\/\/www.truzzer.com\/es\/wp-json\/wp\/v2\/product_brand?post=98075"},{"taxonomy":"product_cat","embeddable":true,"href":"https:\/\/www.truzzer.com\/es\/wp-json\/wp\/v2\/product_cat?post=98075"},{"taxonomy":"product_tag","embeddable":true,"href":"https:\/\/www.truzzer.com\/es\/wp-json\/wp\/v2\/product_tag?post=98075"}],"curies":[{"name":"wp","href":"https:\/\/api.w.org\/{rel}","templated":true}]}}