{"id":98111,"date":"2026-02-01T19:49:10","date_gmt":"2026-02-01T19:49:10","guid":{"rendered":"https:\/\/beta.truzzer.com\/product\/smart-nfc-vcard-business-card-personal-2\/"},"modified":"2026-02-13T08:38:20","modified_gmt":"2026-02-13T08:38:20","slug":"smart-nfc-vcard-business-card-personal-2","status":"publish","type":"product","link":"https:\/\/www.truzzer.com\/es\/producto\/smart-nfc-vcard-business-card-personal-2\/","title":{"rendered":"Tarjeta de visita inteligente NFC VCARD personal"},"content":{"rendered":"<p><strong>Presentamos las tarjetas de visita Truzzer NFC: el futuro inteligente de las redes<\/strong><\/p>\n<p data-pm-slice=\"1 1 []\">En un mundo cada vez m\u00e1s digital, presentarse de manera moderna y profesional es esencial. Las nuevas tarjetas de visita <strong>Truzzer NFC<\/strong> ofrecen exactamente eso: una forma innovadora, sostenible y sencilla de compartir su informaci\u00f3n de contacto. Diga adi\u00f3s a las voluminosas pilas de papel o a la tediosa tarea de escribir detalles; en su lugar, transfiera su tarjeta de presentaci\u00f3n digital con un simple toque y deje una impresi\u00f3n duradera.<\/p>\n<h3>\u00bfPor qu\u00e9 elegir las tarjetas de visita Truzzer NFC?<\/h3>\n<p>Las tarjetas de visita tradicionales han sido un elemento b\u00e1sico en el mundo empresarial durante siglos, pero existe una soluci\u00f3n m\u00e1s inteligente, eficiente y ecol\u00f3gica: la tecnolog\u00eda NFC. NFC significa Near Field Communication y permite un intercambio de datos r\u00e1pido e inal\u00e1mbrico al permitir que dos dispositivos muy pr\u00f3ximos se comuniquen. Truzzer integra esta tecnolog\u00eda avanzada en sus tarjetas de presentaci\u00f3n, llevando su informaci\u00f3n de contacto directamente al tel\u00e9fono inteligente del destinatario, en segundos y sin ning\u00fan esfuerzo manual.<\/p>\n<p>Con las <strong>tarjetas de visita Truzzer NFC<\/strong>, no solo est\u00e1s contribuyendo a la digitalizaci\u00f3n de tu red, sino que tambi\u00e9n est\u00e1s haciendo una declaraci\u00f3n clara a favor de la sostenibilidad. Elimina el desperdicio de papel y reduce su huella ecol\u00f3gica ya que las tarjetas se pueden utilizar varias veces sin necesidad de reimpresiones.<\/p>\n<h3>Su perfil vCard personalizado: un reflejo de su profesionalismo<\/h3>\n<p>Las tarjetas de visita Truzzer NFC le ofrecen la oportunidad de crear un perfil vCard adaptado espec\u00edficamente a sus necesidades. Su vCard contiene toda la informaci\u00f3n importante que desea compartir, en un formato atractivo y de f\u00e1cil acceso. Ya sea su n\u00famero de tel\u00e9fono, direcci\u00f3n de correo electr\u00f3nico, enlaces a sitios web, perfiles de redes sociales o informaci\u00f3n de la empresa, su vCard lo agrupa todo en un solo lugar.<\/p>\n<p>En Truzzer, individual realmente significa individual: tienes la libertad de personalizar el dise\u00f1o y el contenido de tu vCard como desees. Esto garantiza que su tarjeta de presentaci\u00f3n digital no solo sea funcional sino que tambi\u00e9n refleje su estilo personal o corporativo. Cada toque de su tarjeta de presentaci\u00f3n NFC no es solo un intercambio de informaci\u00f3n, sino una declaraci\u00f3n de su marca o personalidad.<\/p>\n<h3>Es as\u00ed de simple<\/h3>\n<p>Usar las tarjetas de visita Truzzer NFC no podr\u00eda ser m\u00e1s f\u00e1cil: simplemente toque la tarjeta en un tel\u00e9fono inteligente compatible con NFC y su vCard se abrir\u00e1 autom\u00e1ticamente. El destinatario puede guardar su informaci\u00f3n en su libreta de direcciones con un solo clic, sin tener que escribir ni escanear c\u00f3digos QR. Esto ahorra un tiempo valioso y hace que el intercambio de contactos sea m\u00e1s eficiente y fluido que nunca.<\/p>\n<ul>\n<li>\n<p data-pm-slice=\"1 1 []\"><strong>Transferencia r\u00e1pida de contactos:<\/strong> Tus datos de contacto se transfieren al tel\u00e9fono inteligente del destinatario en tan solo unos segundos.<\/p>\n<\/li>\n<li>\n<p data-pm-slice=\"1 1 []\"><strong>Compatible con la mayor\u00eda de los dispositivos:<\/strong> la tecnolog\u00eda NFC funciona en todos los tel\u00e9fonos inteligentes modernos, ya sean Android o iOS.<\/p>\n<\/li>\n<li>\n<p data-pm-slice=\"1 1 []\"><strong>No m\u00e1s problemas con el papel:<\/strong> Diga adi\u00f3s a las tarjetas de presentaci\u00f3n olvidadas o extraviadas: su vCard digital est\u00e1 siempre a su alcance y se mantiene actualizada.<\/p>\n<\/li>\n<\/ul>\n<h3>Sostenibilidad y Reutilizaci\u00f3n<\/h3>\n<p>Otro fuerte argumento a favor de las tarjetas de visita Truzzer NFC es su respeto al medio ambiente. El papel es un recurso finito y las tarjetas de visita tradicionales suelen desecharse despu\u00e9s de un solo uso. Con nuestra opci\u00f3n NFC, puedes evitar este desperdicio innecesario. Dado que las tarjetas se pueden reutilizar varias veces y no hay costos continuos por las reimpresiones, usted ahorra recursos y dinero.<\/p>\n<p>Adem\u00e1s, puede actualizar su tarjeta de presentaci\u00f3n NFC en cualquier momento. \u00bfCambios en su puesto, empresa o nueva informaci\u00f3n de contacto? \u00a1Ning\u00fan problema! Su perfil de vCard se puede ajustar en tiempo real sin necesidad de una tarjeta nueva. Esto significa que una vez creada, su tarjeta de visita Truzzer NFC siempre estar\u00e1 actualizada.<\/p>\n<h3>Dar una impresi\u00f3n profesional en ferias y eventos<\/h3>\n<p>Ya sea en ferias, conferencias o reuniones de negocios, con la tarjeta de visita Truzzer NFC destacar\u00e1 entre la multitud. Demuestra no solo su conocimiento t\u00e9cnico sino tambi\u00e9n su voluntad de conectarse utilizando soluciones digitales modernas. Con un solo gesto, comparte sus datos de forma profesional y sostenible, dejando una impresi\u00f3n duradera en los socios comerciales potenciales.<\/p>\n<p>En un mundo donde las primeras impresiones cuentan, Truzzer le ofrece la manera perfecta de optimizar esa impresi\u00f3n. Nuestras Tarjetas de Visita NFC son m\u00e1s que una simple herramienta pr\u00e1ctica: subrayan su profesionalismo, innovaci\u00f3n y responsabilidad ambiental.<\/p>\n","protected":false},"excerpt":{"rendered":"<p><strong>Presentamos las tarjetas de visita Truzzer NFC: la tarjeta inteligente con perfil vCard personalizado<\/strong><\/p>\n<p data-pm-slice=\"1 1 []\">Pres\u00e9ntese usted y su empresa de la forma m\u00e1s moderna posible &#8211; con las nuevas <strong>Tarjetas de Visita Truzzer NFC<\/strong>. Esta innovadora tarjeta le permite transferir su informaci\u00f3n de contacto directamente al tel\u00e9fono inteligente de su contraparte a trav\u00e9s de NFC (Near Field Communication). Sin papel, sin escanear, sin escribir: simplemente toque y su tarjeta de presentaci\u00f3n digital aparecer\u00e1 al instante.<\/p>\n<h3>Sus ventajas de un vistazo:<\/h3>\n<ul>\n<li><strong>Perfil vCard personalizado: <\/strong>Personalice su tarjeta de presentaci\u00f3n NFC con sus datos de contacto personales o profesionales, desde n\u00famero de tel\u00e9fono y direcci\u00f3n de correo electr\u00f3nico hasta redes sociales y enlaces a sitios web.<\/li>\n<li><strong>F\u00e1cil de usar: <\/strong>solo un toque r\u00e1pido y su informaci\u00f3n de contacto se guarda autom\u00e1ticamente en el tel\u00e9fono inteligente del destinatario.<\/li>\n<li><strong>Ecol\u00f3gico y sostenible: <\/strong>Ahorre papel y recursos optando por esta alternativa digital preparada para el futuro.<\/li>\n<li><strong>Reutilizable: <\/strong>una vez creada, puede utilizar su tarjeta de presentaci\u00f3n NFC repetidamente, ideal para eventos de networking, reuniones o ferias comerciales.<\/li>\n<li><strong>Apariencia profesional: <\/strong>muestre a sus socios comerciales y clientes que adopta tecnolog\u00edas innovadoras y que siempre est\u00e1 un paso por delante.<\/li>\n<\/ul>\n<h3>C\u00f3mo funciona:<\/h3>\n<ol>\n<li>\n<p data-pm-slice=\"1 1 []\">Acerque la tarjeta de visita NFC al tel\u00e9fono inteligente del destinatario: la tecnolog\u00eda NFC inicia instant\u00e1neamente la transferencia.<\/p>\n<\/li>\n<li>\n<p data-pm-slice=\"1 1 []\">Los detalles del contacto aparecen autom\u00e1ticamente: su informaci\u00f3n aparece como una vCard en la pantalla del destinatario.<\/p>\n<\/li>\n<li>\n<p data-pm-slice=\"1 1 []\">Guardar sin esfuerzo: el destinatario puede guardar c\u00f3modamente sus datos en su libreta de direcciones, sin necesidad de ingresarlos manualmente.<\/p>\n<\/li>\n<\/ol>\n<p data-pm-slice=\"1 1 []\">\u00a1Experimente la creaci\u00f3n de redes a un nuevo nivel y d\u00e9 una impresi\u00f3n duradera con las <strong>tarjetas de visita Truzzer NFC<\/strong>!<\/p>\n<p data-pm-slice=\"1 1 []\">Puedes personalizar tu perfil vCard inmediatamente despu\u00e9s de recibirlo, justo despu\u00e9s del primer escaneo.<\/p>\n<p data-pm-slice=\"1 1 []\">Descubra los diferentes tipos de perfiles que puede elegir a continuaci\u00f3n:<\/p>\n<p><a href=\"https:\/\/truzzer.ekomiapps.de\/test_personal\" target=\"_blank\" rel=\"noopener\">Personal &gt;<\/a><br \/>\n<a href=\"https:\/\/truzzer.ekomiapps.de\/test_restaurant\" target=\"_blank\" rel=\"noopener\">Restaurante &gt;<\/a><br \/>\n<a href=\"https:\/\/truzzer.ekomiapps.de\/test_real_estate\" target=\"_blank\" rel=\"noopener\">Agente inmobiliario &gt;<\/a><br \/>\n<a href=\"https:\/\/truzzer.ekomiapps.de\/test_shop\" target=\"_blank\" rel=\"noopener\">Tienda &gt;<\/a><br \/>\n<a href=\"https:\/\/truzzer.ekomiapps.de\/test_appointment\" target=\"_blank\" rel=\"noopener\">Programaci\u00f3n de citas &gt;<\/a><\/p>\n","protected":false},"featured_media":98112,"comment_status":"open","ping_status":"closed","template":"","meta":{"_acf_changed":false,"_yoast_wpseo_focuskw":"","_yoast_wpseo_title":"Smart NFC VCARD Business Card Personal | truzzer","_yoast_wpseo_metadesc":"Comparte tus datos de contacto digitalmente con Smart NFC VCARD Business Card Personal de truzzer. F\u00e1cil configuraci\u00f3n. \u00a1Pide ahora!"},"product_brand":[],"product_cat":[582,333],"product_tag":[],"class_list":{"0":"post-98111","1":"product","2":"type-product","3":"status-publish","4":"has-post-thumbnail","6":"product_cat-nfc-productos","7":"product_cat-sin-categoria","8":"pa_material-plastic","9":"pa_product-type-visitekaartjes","10":"pa_technology-nfc","12":"first","13":"instock","14":"taxable","15":"shipping-taxable","16":"product-type-simple"},"acf":[],"yoast_head":"<!-- This site is optimized with the Yoast SEO plugin v27.0 - https:\/\/yoast.com\/product\/yoast-seo-wordpress\/ -->\n<title>Smart NFC VCARD Business Card Personal | truzzer<\/title>\n<meta name=\"description\" content=\"Comparte tus datos de contacto digitalmente con Smart NFC VCARD Business Card Personal de truzzer. F\u00e1cil configuraci\u00f3n. \u00a1Pide ahora!\" \/>\n<meta name=\"robots\" content=\"index, follow, max-snippet:-1, max-image-preview:large, max-video-preview:-1\" \/>\n<link rel=\"canonical\" href=\"https:\/\/www.truzzer.com\/es\/producto\/smart-nfc-vcard-business-card-personal-2\/\" \/>\n<meta property=\"og:locale\" content=\"es_ES\" \/>\n<meta property=\"og:type\" content=\"article\" \/>\n<meta property=\"og:title\" content=\"Smart NFC VCARD Business Card Personal | truzzer\" \/>\n<meta property=\"og:description\" content=\"Comparte tus datos de contacto digitalmente con Smart NFC VCARD Business Card Personal de truzzer. F\u00e1cil configuraci\u00f3n. \u00a1Pide ahora!\" \/>\n<meta property=\"og:url\" content=\"https:\/\/www.truzzer.com\/es\/producto\/smart-nfc-vcard-business-card-personal-2\/\" \/>\n<meta property=\"og:site_name\" content=\"truzzer\" \/>\n<meta property=\"article:modified_time\" content=\"2026-02-13T08:38:20+00:00\" \/>\n<meta property=\"og:image\" content=\"https:\/\/www.truzzer.com\/wp-content\/uploads\/2026\/02\/smart-nfc-vcard-placeholder-back.jpg\" \/>\n\t<meta property=\"og:image:width\" content=\"1400\" \/>\n\t<meta property=\"og:image:height\" content=\"1400\" \/>\n\t<meta property=\"og:image:type\" content=\"image\/jpeg\" \/>\n<meta name=\"twitter:card\" content=\"summary_large_image\" \/>\n<meta name=\"twitter:label1\" content=\"Tiempo de lectura\" \/>\n\t<meta name=\"twitter:data1\" content=\"4 minutos\" \/>\n<script type=\"application\/ld+json\" class=\"yoast-schema-graph\">{\"@context\":\"https:\/\/schema.org\",\"@graph\":[{\"@type\":\"WebPage\",\"@id\":\"https:\/\/www.truzzer.com\/es\/producto\/smart-nfc-vcard-business-card-personal-2\/\",\"url\":\"https:\/\/www.truzzer.com\/es\/producto\/smart-nfc-vcard-business-card-personal-2\/\",\"name\":\"Smart NFC VCARD Business Card Personal | truzzer\",\"isPartOf\":{\"@id\":\"https:\/\/www.truzzer.com\/es\/#website\"},\"primaryImageOfPage\":{\"@id\":\"https:\/\/www.truzzer.com\/es\/producto\/smart-nfc-vcard-business-card-personal-2\/#primaryimage\"},\"image\":{\"@id\":\"https:\/\/www.truzzer.com\/es\/producto\/smart-nfc-vcard-business-card-personal-2\/#primaryimage\"},\"thumbnailUrl\":\"https:\/\/www.truzzer.com\/wp-content\/uploads\/2026\/02\/smart-nfc-vcard-placeholder-back.jpg\",\"datePublished\":\"2026-02-01T19:49:10+00:00\",\"dateModified\":\"2026-02-13T08:38:20+00:00\",\"description\":\"Comparte tus datos de contacto digitalmente con Smart NFC VCARD Business Card Personal de truzzer. F\u00e1cil configuraci\u00f3n. \u00a1Pide ahora!\",\"breadcrumb\":{\"@id\":\"https:\/\/www.truzzer.com\/es\/producto\/smart-nfc-vcard-business-card-personal-2\/#breadcrumb\"},\"inLanguage\":\"es\",\"potentialAction\":[{\"@type\":\"ReadAction\",\"target\":[\"https:\/\/www.truzzer.com\/es\/producto\/smart-nfc-vcard-business-card-personal-2\/\"]}]},{\"@type\":\"ImageObject\",\"inLanguage\":\"es\",\"@id\":\"https:\/\/www.truzzer.com\/es\/producto\/smart-nfc-vcard-business-card-personal-2\/#primaryimage\",\"url\":\"https:\/\/www.truzzer.com\/wp-content\/uploads\/2026\/02\/smart-nfc-vcard-placeholder-back.jpg\",\"contentUrl\":\"https:\/\/www.truzzer.com\/wp-content\/uploads\/2026\/02\/smart-nfc-vcard-placeholder-back.jpg\",\"width\":1400,\"height\":1400},{\"@type\":\"BreadcrumbList\",\"@id\":\"https:\/\/www.truzzer.com\/es\/producto\/smart-nfc-vcard-business-card-personal-2\/#breadcrumb\",\"itemListElement\":[{\"@type\":\"ListItem\",\"position\":1,\"name\":\"Home\",\"item\":\"https:\/\/www.truzzer.com\/es\/\"},{\"@type\":\"ListItem\",\"position\":2,\"name\":\"Tienda\",\"item\":\"https:\/\/www.truzzer.com\/es\/tienda\/\"},{\"@type\":\"ListItem\",\"position\":3,\"name\":\"Tarjeta de visita inteligente NFC VCARD personal\"}]},{\"@type\":\"WebSite\",\"@id\":\"https:\/\/www.truzzer.com\/es\/#website\",\"url\":\"https:\/\/www.truzzer.com\/es\/\",\"name\":\"truzzer\",\"description\":\"Experts for customer trust\",\"publisher\":{\"@id\":\"https:\/\/www.truzzer.com\/es\/#organization\"},\"potentialAction\":[{\"@type\":\"SearchAction\",\"target\":{\"@type\":\"EntryPoint\",\"urlTemplate\":\"https:\/\/www.truzzer.com\/es\/?s={search_term_string}\"},\"query-input\":{\"@type\":\"PropertyValueSpecification\",\"valueRequired\":true,\"valueName\":\"search_term_string\"}}],\"inLanguage\":\"es\"},{\"@type\":\"Organization\",\"@id\":\"https:\/\/www.truzzer.com\/es\/#organization\",\"name\":\"truzzer\",\"url\":\"https:\/\/www.truzzer.com\/es\/\",\"logo\":{\"@type\":\"ImageObject\",\"inLanguage\":\"es\",\"@id\":\"https:\/\/www.truzzer.com\/es\/#\/schema\/logo\/image\/\",\"url\":\"https:\/\/truzzer.com\/wp-content\/uploads\/2026\/01\/truzzer-logo-black-1.svg\",\"contentUrl\":\"https:\/\/truzzer.com\/wp-content\/uploads\/2026\/01\/truzzer-logo-black-1.svg\",\"width\":938,\"height\":199,\"caption\":\"truzzer\"},\"image\":{\"@id\":\"https:\/\/www.truzzer.com\/es\/#\/schema\/logo\/image\/\"}}]}<\/script>\n<!-- \/ Yoast SEO plugin. -->","yoast_head_json":{"title":"Smart NFC VCARD Business Card Personal | truzzer","description":"Comparte tus datos de contacto digitalmente con Smart NFC VCARD Business Card Personal de truzzer. F\u00e1cil configuraci\u00f3n. \u00a1Pide ahora!","robots":{"index":"index","follow":"follow","max-snippet":"max-snippet:-1","max-image-preview":"max-image-preview:large","max-video-preview":"max-video-preview:-1"},"canonical":"https:\/\/www.truzzer.com\/es\/producto\/smart-nfc-vcard-business-card-personal-2\/","og_locale":"es_ES","og_type":"article","og_title":"Smart NFC VCARD Business Card Personal | truzzer","og_description":"Comparte tus datos de contacto digitalmente con Smart NFC VCARD Business Card Personal de truzzer. F\u00e1cil configuraci\u00f3n. \u00a1Pide ahora!","og_url":"https:\/\/www.truzzer.com\/es\/producto\/smart-nfc-vcard-business-card-personal-2\/","og_site_name":"truzzer","article_modified_time":"2026-02-13T08:38:20+00:00","og_image":[{"width":1400,"height":1400,"url":"https:\/\/www.truzzer.com\/wp-content\/uploads\/2026\/02\/smart-nfc-vcard-placeholder-back.jpg","type":"image\/jpeg"}],"twitter_card":"summary_large_image","twitter_misc":{"Tiempo de lectura":"4 minutos"},"schema":{"@context":"https:\/\/schema.org","@graph":[{"@type":"WebPage","@id":"https:\/\/www.truzzer.com\/es\/producto\/smart-nfc-vcard-business-card-personal-2\/","url":"https:\/\/www.truzzer.com\/es\/producto\/smart-nfc-vcard-business-card-personal-2\/","name":"Smart NFC VCARD Business Card Personal | truzzer","isPartOf":{"@id":"https:\/\/www.truzzer.com\/es\/#website"},"primaryImageOfPage":{"@id":"https:\/\/www.truzzer.com\/es\/producto\/smart-nfc-vcard-business-card-personal-2\/#primaryimage"},"image":{"@id":"https:\/\/www.truzzer.com\/es\/producto\/smart-nfc-vcard-business-card-personal-2\/#primaryimage"},"thumbnailUrl":"https:\/\/www.truzzer.com\/wp-content\/uploads\/2026\/02\/smart-nfc-vcard-placeholder-back.jpg","datePublished":"2026-02-01T19:49:10+00:00","dateModified":"2026-02-13T08:38:20+00:00","description":"Comparte tus datos de contacto digitalmente con Smart NFC VCARD Business Card Personal de truzzer. F\u00e1cil configuraci\u00f3n. \u00a1Pide ahora!","breadcrumb":{"@id":"https:\/\/www.truzzer.com\/es\/producto\/smart-nfc-vcard-business-card-personal-2\/#breadcrumb"},"inLanguage":"es","potentialAction":[{"@type":"ReadAction","target":["https:\/\/www.truzzer.com\/es\/producto\/smart-nfc-vcard-business-card-personal-2\/"]}]},{"@type":"ImageObject","inLanguage":"es","@id":"https:\/\/www.truzzer.com\/es\/producto\/smart-nfc-vcard-business-card-personal-2\/#primaryimage","url":"https:\/\/www.truzzer.com\/wp-content\/uploads\/2026\/02\/smart-nfc-vcard-placeholder-back.jpg","contentUrl":"https:\/\/www.truzzer.com\/wp-content\/uploads\/2026\/02\/smart-nfc-vcard-placeholder-back.jpg","width":1400,"height":1400},{"@type":"BreadcrumbList","@id":"https:\/\/www.truzzer.com\/es\/producto\/smart-nfc-vcard-business-card-personal-2\/#breadcrumb","itemListElement":[{"@type":"ListItem","position":1,"name":"Home","item":"https:\/\/www.truzzer.com\/es\/"},{"@type":"ListItem","position":2,"name":"Tienda","item":"https:\/\/www.truzzer.com\/es\/tienda\/"},{"@type":"ListItem","position":3,"name":"Tarjeta de visita inteligente NFC VCARD personal"}]},{"@type":"WebSite","@id":"https:\/\/www.truzzer.com\/es\/#website","url":"https:\/\/www.truzzer.com\/es\/","name":"truzzer","description":"Experts for customer trust","publisher":{"@id":"https:\/\/www.truzzer.com\/es\/#organization"},"potentialAction":[{"@type":"SearchAction","target":{"@type":"EntryPoint","urlTemplate":"https:\/\/www.truzzer.com\/es\/?s={search_term_string}"},"query-input":{"@type":"PropertyValueSpecification","valueRequired":true,"valueName":"search_term_string"}}],"inLanguage":"es"},{"@type":"Organization","@id":"https:\/\/www.truzzer.com\/es\/#organization","name":"truzzer","url":"https:\/\/www.truzzer.com\/es\/","logo":{"@type":"ImageObject","inLanguage":"es","@id":"https:\/\/www.truzzer.com\/es\/#\/schema\/logo\/image\/","url":"https:\/\/truzzer.com\/wp-content\/uploads\/2026\/01\/truzzer-logo-black-1.svg","contentUrl":"https:\/\/truzzer.com\/wp-content\/uploads\/2026\/01\/truzzer-logo-black-1.svg","width":938,"height":199,"caption":"truzzer"},"image":{"@id":"https:\/\/www.truzzer.com\/es\/#\/schema\/logo\/image\/"}}]}},"tiered_pricing_type":"fixed","tiered_pricing_fixed_rules":[],"tiered_pricing_product_settings":{"layout":"default","base_unit_name":{"singular":null,"plural":null},"default_variation":null},"tiered_pricing_minimum_quantity":null,"tiered_pricing_roles_data":[],"tiered_pricing_percentage_rules":[],"tiered_pricing_maximum_quantity":null,"tiered_pricing_quantity_step":null,"_links":{"self":[{"href":"https:\/\/www.truzzer.com\/es\/wp-json\/wp\/v2\/product\/98111","targetHints":{"allow":["GET"]}}],"collection":[{"href":"https:\/\/www.truzzer.com\/es\/wp-json\/wp\/v2\/product"}],"about":[{"href":"https:\/\/www.truzzer.com\/es\/wp-json\/wp\/v2\/types\/product"}],"replies":[{"embeddable":true,"href":"https:\/\/www.truzzer.com\/es\/wp-json\/wp\/v2\/comments?post=98111"}],"wp:featuredmedia":[{"embeddable":true,"href":"https:\/\/www.truzzer.com\/es\/wp-json\/wp\/v2\/media\/98112"}],"wp:attachment":[{"href":"https:\/\/www.truzzer.com\/es\/wp-json\/wp\/v2\/media?parent=98111"}],"wp:term":[{"taxonomy":"product_brand","embeddable":true,"href":"https:\/\/www.truzzer.com\/es\/wp-json\/wp\/v2\/product_brand?post=98111"},{"taxonomy":"product_cat","embeddable":true,"href":"https:\/\/www.truzzer.com\/es\/wp-json\/wp\/v2\/product_cat?post=98111"},{"taxonomy":"product_tag","embeddable":true,"href":"https:\/\/www.truzzer.com\/es\/wp-json\/wp\/v2\/product_tag?post=98111"}],"curies":[{"name":"wp","href":"https:\/\/api.w.org\/{rel}","templated":true}]}}