{"id":98113,"date":"2026-02-01T19:48:52","date_gmt":"2026-02-01T19:48:52","guid":{"rendered":"https:\/\/beta.truzzer.com\/product\/paypal-pay-qr-code-table-tent-brand-refresh\/"},"modified":"2026-02-13T08:39:37","modified_gmt":"2026-02-13T08:39:37","slug":"paypal-pay-qr-code-table-tent-brand-refresh","status":"publish","type":"product","link":"https:\/\/www.truzzer.com\/es\/producto\/paypal-pay-qr-code-table-tent-brand-refresh\/","title":{"rendered":"PayPal Pagar QR Tabla de c\u00f3digos Actualizaci\u00f3n de marca de tienda"},"content":{"rendered":"<p><strong>Presentamos su carpa de mesa con c\u00f3digo PayPal QR personalizada con logotipo personalizado<br \/>\n<\/strong><\/p>\n<p data-pm-slice=\"1 1 []\">Haga que el proceso de pago sea muy sencillo para sus clientes con nuestra carpa de mesa de c\u00f3digos personalizable PayPal QR. Dise\u00f1ado para ofrecer una c\u00f3moda opci\u00f3n de pago sin efectivo ni tarjeta, mejora la experiencia del cliente en su establecimiento.<\/p>\n<p><strong>Caracter\u00edsticas del producto:<\/strong><\/p>\n<ul>\n<li><strong>Personalizaci\u00f3n de logotipo personalizado:<\/strong> su carpa de mesa puede incluir su propio logotipo, lo que garantiza una apariencia profesional y uniforme en todo su negocio.<\/li>\n<li><strong>Pago f\u00e1cil<\/strong>: los clientes pueden simplemente escanear el c\u00f3digo PayPal QR con su tel\u00e9fono inteligente para transferir instant\u00e1neamente el pago deseado, ofreciendo una forma de pago segura, r\u00e1pida y sencilla.<\/li>\n<li><strong>Cart\u00f3n de alta calidad<\/strong>: Fabricada con cart\u00f3n resistente y de alta calidad, la carpa de mesa est\u00e1 dise\u00f1ada para soportar el desgaste diario, lo que la convierte en el accesorio perfecto para restaurantes, cafeter\u00edas, tiendas o ferias comerciales.<\/li>\n<li><strong>Dise\u00f1o moderno<\/strong>: su dise\u00f1o minimalista pero moderno se integrar\u00e1 perfectamente en cualquier ambiente y se convertir\u00e1 en una atractiva pieza central en cualquier mesa.<\/li>\n<li><strong>Uso vers\u00e1til<\/strong>: es una soluci\u00f3n ideal para la industria hotelera, el comercio minorista o eventos donde se desea una opci\u00f3n de pago conveniente y r\u00e1pida.<\/li>\n<\/ul>\n<p><strong>Beneficios:<\/strong><\/p>\n<ul>\n<li>Diga adi\u00f3s a los largos tiempos de espera y a las molestias de manejar efectivo.<\/li>\n<li>Dale a tu negocio una ventaja moderna e innovadora.<\/li>\n<li>Genere confianza con los clientes incorporando el logotipo de su marca en el proceso de pago.<\/li>\n<\/ul>\n<p>Invierta hoy en una tienda de campa\u00f1a con mesa de c\u00f3digos PayPal QR personalizada y equipe a sus clientes con la soluci\u00f3n de pago sencilla y moderna del futuro.<\/p>\n","protected":false},"excerpt":{"rendered":"<p>Haga que el proceso de pago sea muy sencillo para sus clientes con nuestra carpa de mesa personalizable PayPal QR Code. Dise\u00f1ado para ofrecer una c\u00f3moda opci\u00f3n de pago sin efectivo ni tarjeta, mejora la experiencia del cliente en su establecimiento.<\/p>\n<p><strong>Caracter\u00edsticas del producto:<\/strong><\/p>\n<ul>\n<li><strong>Personalizaci\u00f3n de logotipo personalizado:<\/strong> su carpa de mesa puede incluir su propio logotipo, lo que garantiza una apariencia profesional y uniforme en todo su negocio.<\/li>\n<li><strong>Pago f\u00e1cil<\/strong>: los clientes pueden simplemente escanear el c\u00f3digo PayPal QR con su tel\u00e9fono inteligente para transferir instant\u00e1neamente el pago deseado, ofreciendo una forma de pago segura, r\u00e1pida y sencilla.<\/li>\n<li><strong>Cart\u00f3n de alta calidad<\/strong>: Fabricada con cart\u00f3n resistente y de alta calidad, la carpa de mesa est\u00e1 dise\u00f1ada para soportar el desgaste diario, lo que la convierte en el accesorio perfecto para restaurantes, cafeter\u00edas, tiendas o ferias comerciales.<\/li>\n<li><strong>Dise\u00f1o moderno<\/strong>: su dise\u00f1o minimalista pero moderno se integrar\u00e1 perfectamente en cualquier ambiente y se convertir\u00e1 en una atractiva pieza central en cualquier mesa.<\/li>\n<li><strong>Uso vers\u00e1til<\/strong>: es una soluci\u00f3n ideal para la industria hotelera, el comercio minorista o eventos donde se desea una opci\u00f3n de pago conveniente y r\u00e1pida.<\/li>\n<\/ul>\n<p><strong>Beneficios:<\/strong><\/p>\n<ul>\n<li>Diga adi\u00f3s a los largos tiempos de espera y a las molestias de manejar efectivo.<\/li>\n<li>Dale a tu negocio una ventaja moderna e innovadora.<\/li>\n<li>Genere confianza con los clientes incorporando el logotipo de su marca en el proceso de pago.<\/li>\n<\/ul>\n<p>Invierta hoy en una tienda de campa\u00f1a con mesa de c\u00f3digos PayPal QR personalizada y equipe a sus clientes con la soluci\u00f3n de pago sencilla y moderna del futuro.<\/p>\n","protected":false},"featured_media":98119,"comment_status":"open","ping_status":"closed","template":"","meta":{"_acf_changed":false,"_yoast_wpseo_focuskw":"","_yoast_wpseo_title":"PayPal Pay QR Code Table Tent Brand Refresh | truzzer","_yoast_wpseo_metadesc":"Acepta pagos PayPal con PayPal Pay QR Code Table Tent Brand Refresh de truzzer. F\u00e1cil configuraci\u00f3n, listo para usar. \u00a1Pide ahora!"},"product_brand":[1628],"product_cat":[1001,531,1408],"product_tag":[],"class_list":{"0":"post-98113","1":"product","2":"type-product","3":"status-publish","4":"has-post-thumbnail","6":"product_brand-paypal","7":"product_cat-codigo-qr-expositores-y-soportes","8":"product_cat-codigo-qr-productos","9":"product_cat-pago-paypal-expositores-de-mesa-con-codigo-qr","10":"pa_material-carton","11":"pa_product-type-displays-y-stands","12":"pa_technology-codigo-qr","13":"pa_technology-qr-code","15":"first","16":"instock","17":"taxable","18":"shipping-taxable","19":"purchasable","20":"product-type-simple"},"acf":[],"yoast_head":"<!-- This site is optimized with the Yoast SEO plugin v27.0 - https:\/\/yoast.com\/product\/yoast-seo-wordpress\/ -->\n<title>PayPal Pay QR Code Table Tent Brand Refresh | truzzer<\/title>\n<meta name=\"description\" content=\"Acepta pagos PayPal con PayPal Pay QR Code Table Tent Brand Refresh de truzzer. F\u00e1cil configuraci\u00f3n, listo para usar. \u00a1Pide ahora!\" \/>\n<meta name=\"robots\" content=\"index, follow, max-snippet:-1, max-image-preview:large, max-video-preview:-1\" \/>\n<link rel=\"canonical\" href=\"https:\/\/www.truzzer.com\/es\/producto\/paypal-pay-qr-code-table-tent-brand-refresh\/\" \/>\n<meta property=\"og:locale\" content=\"es_ES\" \/>\n<meta property=\"og:type\" content=\"article\" \/>\n<meta property=\"og:title\" content=\"PayPal Pay QR Code Table Tent Brand Refresh | truzzer\" \/>\n<meta property=\"og:description\" content=\"Acepta pagos PayPal con PayPal Pay QR Code Table Tent Brand Refresh de truzzer. F\u00e1cil configuraci\u00f3n, listo para usar. \u00a1Pide ahora!\" \/>\n<meta property=\"og:url\" content=\"https:\/\/www.truzzer.com\/es\/producto\/paypal-pay-qr-code-table-tent-brand-refresh\/\" \/>\n<meta property=\"og:site_name\" content=\"truzzer\" \/>\n<meta property=\"article:modified_time\" content=\"2026-02-13T08:39:37+00:00\" \/>\n<meta property=\"og:image\" content=\"https:\/\/www.truzzer.com\/wp-content\/uploads\/2026\/02\/paypal-pay-bezahlen-qr-code-table-tent-new-design-empfehlio-truzzer-a-iso-2.jpg\" \/>\n\t<meta property=\"og:image:width\" content=\"1400\" \/>\n\t<meta property=\"og:image:height\" content=\"1400\" \/>\n\t<meta property=\"og:image:type\" content=\"image\/jpeg\" \/>\n<meta name=\"twitter:card\" content=\"summary_large_image\" \/>\n<meta name=\"twitter:label1\" content=\"Tiempo de lectura\" \/>\n\t<meta name=\"twitter:data1\" content=\"1 minuto\" \/>\n<script type=\"application\/ld+json\" class=\"yoast-schema-graph\">{\"@context\":\"https:\/\/schema.org\",\"@graph\":[{\"@type\":\"WebPage\",\"@id\":\"https:\/\/www.truzzer.com\/es\/producto\/paypal-pay-qr-code-table-tent-brand-refresh\/\",\"url\":\"https:\/\/www.truzzer.com\/es\/producto\/paypal-pay-qr-code-table-tent-brand-refresh\/\",\"name\":\"PayPal Pay QR Code Table Tent Brand Refresh | truzzer\",\"isPartOf\":{\"@id\":\"https:\/\/www.truzzer.com\/es\/#website\"},\"primaryImageOfPage\":{\"@id\":\"https:\/\/www.truzzer.com\/es\/producto\/paypal-pay-qr-code-table-tent-brand-refresh\/#primaryimage\"},\"image\":{\"@id\":\"https:\/\/www.truzzer.com\/es\/producto\/paypal-pay-qr-code-table-tent-brand-refresh\/#primaryimage\"},\"thumbnailUrl\":\"https:\/\/www.truzzer.com\/wp-content\/uploads\/2026\/02\/paypal-pay-bezahlen-qr-code-table-tent-new-design-empfehlio-truzzer-a-iso-2.jpg\",\"datePublished\":\"2026-02-01T19:48:52+00:00\",\"dateModified\":\"2026-02-13T08:39:37+00:00\",\"description\":\"Acepta pagos PayPal con PayPal Pay QR Code Table Tent Brand Refresh de truzzer. F\u00e1cil configuraci\u00f3n, listo para usar. \u00a1Pide ahora!\",\"breadcrumb\":{\"@id\":\"https:\/\/www.truzzer.com\/es\/producto\/paypal-pay-qr-code-table-tent-brand-refresh\/#breadcrumb\"},\"inLanguage\":\"es\",\"potentialAction\":[{\"@type\":\"ReadAction\",\"target\":[\"https:\/\/www.truzzer.com\/es\/producto\/paypal-pay-qr-code-table-tent-brand-refresh\/\"]}]},{\"@type\":\"ImageObject\",\"inLanguage\":\"es\",\"@id\":\"https:\/\/www.truzzer.com\/es\/producto\/paypal-pay-qr-code-table-tent-brand-refresh\/#primaryimage\",\"url\":\"https:\/\/www.truzzer.com\/wp-content\/uploads\/2026\/02\/paypal-pay-bezahlen-qr-code-table-tent-new-design-empfehlio-truzzer-a-iso-2.jpg\",\"contentUrl\":\"https:\/\/www.truzzer.com\/wp-content\/uploads\/2026\/02\/paypal-pay-bezahlen-qr-code-table-tent-new-design-empfehlio-truzzer-a-iso-2.jpg\",\"width\":1400,\"height\":1400},{\"@type\":\"BreadcrumbList\",\"@id\":\"https:\/\/www.truzzer.com\/es\/producto\/paypal-pay-qr-code-table-tent-brand-refresh\/#breadcrumb\",\"itemListElement\":[{\"@type\":\"ListItem\",\"position\":1,\"name\":\"Home\",\"item\":\"https:\/\/www.truzzer.com\/es\/\"},{\"@type\":\"ListItem\",\"position\":2,\"name\":\"Tienda\",\"item\":\"https:\/\/www.truzzer.com\/es\/tienda\/\"},{\"@type\":\"ListItem\",\"position\":3,\"name\":\"PayPal Pagar QR Tabla de c\u00f3digos Actualizaci\u00f3n de marca de tienda\"}]},{\"@type\":\"WebSite\",\"@id\":\"https:\/\/www.truzzer.com\/es\/#website\",\"url\":\"https:\/\/www.truzzer.com\/es\/\",\"name\":\"truzzer\",\"description\":\"Experts for customer trust\",\"publisher\":{\"@id\":\"https:\/\/www.truzzer.com\/es\/#organization\"},\"potentialAction\":[{\"@type\":\"SearchAction\",\"target\":{\"@type\":\"EntryPoint\",\"urlTemplate\":\"https:\/\/www.truzzer.com\/es\/?s={search_term_string}\"},\"query-input\":{\"@type\":\"PropertyValueSpecification\",\"valueRequired\":true,\"valueName\":\"search_term_string\"}}],\"inLanguage\":\"es\"},{\"@type\":\"Organization\",\"@id\":\"https:\/\/www.truzzer.com\/es\/#organization\",\"name\":\"truzzer\",\"url\":\"https:\/\/www.truzzer.com\/es\/\",\"logo\":{\"@type\":\"ImageObject\",\"inLanguage\":\"es\",\"@id\":\"https:\/\/www.truzzer.com\/es\/#\/schema\/logo\/image\/\",\"url\":\"https:\/\/truzzer.com\/wp-content\/uploads\/2026\/01\/truzzer-logo-black-1.svg\",\"contentUrl\":\"https:\/\/truzzer.com\/wp-content\/uploads\/2026\/01\/truzzer-logo-black-1.svg\",\"width\":938,\"height\":199,\"caption\":\"truzzer\"},\"image\":{\"@id\":\"https:\/\/www.truzzer.com\/es\/#\/schema\/logo\/image\/\"}}]}<\/script>\n<!-- \/ Yoast SEO plugin. -->","yoast_head_json":{"title":"PayPal Pay QR Code Table Tent Brand Refresh | truzzer","description":"Acepta pagos PayPal con PayPal Pay QR Code Table Tent Brand Refresh de truzzer. F\u00e1cil configuraci\u00f3n, listo para usar. \u00a1Pide ahora!","robots":{"index":"index","follow":"follow","max-snippet":"max-snippet:-1","max-image-preview":"max-image-preview:large","max-video-preview":"max-video-preview:-1"},"canonical":"https:\/\/www.truzzer.com\/es\/producto\/paypal-pay-qr-code-table-tent-brand-refresh\/","og_locale":"es_ES","og_type":"article","og_title":"PayPal Pay QR Code Table Tent Brand Refresh | truzzer","og_description":"Acepta pagos PayPal con PayPal Pay QR Code Table Tent Brand Refresh de truzzer. F\u00e1cil configuraci\u00f3n, listo para usar. \u00a1Pide ahora!","og_url":"https:\/\/www.truzzer.com\/es\/producto\/paypal-pay-qr-code-table-tent-brand-refresh\/","og_site_name":"truzzer","article_modified_time":"2026-02-13T08:39:37+00:00","og_image":[{"width":1400,"height":1400,"url":"https:\/\/www.truzzer.com\/wp-content\/uploads\/2026\/02\/paypal-pay-bezahlen-qr-code-table-tent-new-design-empfehlio-truzzer-a-iso-2.jpg","type":"image\/jpeg"}],"twitter_card":"summary_large_image","twitter_misc":{"Tiempo de lectura":"1 minuto"},"schema":{"@context":"https:\/\/schema.org","@graph":[{"@type":"WebPage","@id":"https:\/\/www.truzzer.com\/es\/producto\/paypal-pay-qr-code-table-tent-brand-refresh\/","url":"https:\/\/www.truzzer.com\/es\/producto\/paypal-pay-qr-code-table-tent-brand-refresh\/","name":"PayPal Pay QR Code Table Tent Brand Refresh | truzzer","isPartOf":{"@id":"https:\/\/www.truzzer.com\/es\/#website"},"primaryImageOfPage":{"@id":"https:\/\/www.truzzer.com\/es\/producto\/paypal-pay-qr-code-table-tent-brand-refresh\/#primaryimage"},"image":{"@id":"https:\/\/www.truzzer.com\/es\/producto\/paypal-pay-qr-code-table-tent-brand-refresh\/#primaryimage"},"thumbnailUrl":"https:\/\/www.truzzer.com\/wp-content\/uploads\/2026\/02\/paypal-pay-bezahlen-qr-code-table-tent-new-design-empfehlio-truzzer-a-iso-2.jpg","datePublished":"2026-02-01T19:48:52+00:00","dateModified":"2026-02-13T08:39:37+00:00","description":"Acepta pagos PayPal con PayPal Pay QR Code Table Tent Brand Refresh de truzzer. F\u00e1cil configuraci\u00f3n, listo para usar. \u00a1Pide ahora!","breadcrumb":{"@id":"https:\/\/www.truzzer.com\/es\/producto\/paypal-pay-qr-code-table-tent-brand-refresh\/#breadcrumb"},"inLanguage":"es","potentialAction":[{"@type":"ReadAction","target":["https:\/\/www.truzzer.com\/es\/producto\/paypal-pay-qr-code-table-tent-brand-refresh\/"]}]},{"@type":"ImageObject","inLanguage":"es","@id":"https:\/\/www.truzzer.com\/es\/producto\/paypal-pay-qr-code-table-tent-brand-refresh\/#primaryimage","url":"https:\/\/www.truzzer.com\/wp-content\/uploads\/2026\/02\/paypal-pay-bezahlen-qr-code-table-tent-new-design-empfehlio-truzzer-a-iso-2.jpg","contentUrl":"https:\/\/www.truzzer.com\/wp-content\/uploads\/2026\/02\/paypal-pay-bezahlen-qr-code-table-tent-new-design-empfehlio-truzzer-a-iso-2.jpg","width":1400,"height":1400},{"@type":"BreadcrumbList","@id":"https:\/\/www.truzzer.com\/es\/producto\/paypal-pay-qr-code-table-tent-brand-refresh\/#breadcrumb","itemListElement":[{"@type":"ListItem","position":1,"name":"Home","item":"https:\/\/www.truzzer.com\/es\/"},{"@type":"ListItem","position":2,"name":"Tienda","item":"https:\/\/www.truzzer.com\/es\/tienda\/"},{"@type":"ListItem","position":3,"name":"PayPal Pagar QR Tabla de c\u00f3digos Actualizaci\u00f3n de marca de tienda"}]},{"@type":"WebSite","@id":"https:\/\/www.truzzer.com\/es\/#website","url":"https:\/\/www.truzzer.com\/es\/","name":"truzzer","description":"Experts for customer trust","publisher":{"@id":"https:\/\/www.truzzer.com\/es\/#organization"},"potentialAction":[{"@type":"SearchAction","target":{"@type":"EntryPoint","urlTemplate":"https:\/\/www.truzzer.com\/es\/?s={search_term_string}"},"query-input":{"@type":"PropertyValueSpecification","valueRequired":true,"valueName":"search_term_string"}}],"inLanguage":"es"},{"@type":"Organization","@id":"https:\/\/www.truzzer.com\/es\/#organization","name":"truzzer","url":"https:\/\/www.truzzer.com\/es\/","logo":{"@type":"ImageObject","inLanguage":"es","@id":"https:\/\/www.truzzer.com\/es\/#\/schema\/logo\/image\/","url":"https:\/\/truzzer.com\/wp-content\/uploads\/2026\/01\/truzzer-logo-black-1.svg","contentUrl":"https:\/\/truzzer.com\/wp-content\/uploads\/2026\/01\/truzzer-logo-black-1.svg","width":938,"height":199,"caption":"truzzer"},"image":{"@id":"https:\/\/www.truzzer.com\/es\/#\/schema\/logo\/image\/"}}]}},"tiered_pricing_type":"fixed","tiered_pricing_fixed_rules":[],"tiered_pricing_product_settings":{"layout":"default","base_unit_name":{"singular":null,"plural":null},"default_variation":null},"tiered_pricing_minimum_quantity":null,"tiered_pricing_roles_data":[],"tiered_pricing_percentage_rules":[],"tiered_pricing_maximum_quantity":null,"tiered_pricing_quantity_step":null,"_links":{"self":[{"href":"https:\/\/www.truzzer.com\/es\/wp-json\/wp\/v2\/product\/98113","targetHints":{"allow":["GET"]}}],"collection":[{"href":"https:\/\/www.truzzer.com\/es\/wp-json\/wp\/v2\/product"}],"about":[{"href":"https:\/\/www.truzzer.com\/es\/wp-json\/wp\/v2\/types\/product"}],"replies":[{"embeddable":true,"href":"https:\/\/www.truzzer.com\/es\/wp-json\/wp\/v2\/comments?post=98113"}],"wp:featuredmedia":[{"embeddable":true,"href":"https:\/\/www.truzzer.com\/es\/wp-json\/wp\/v2\/media\/98119"}],"wp:attachment":[{"href":"https:\/\/www.truzzer.com\/es\/wp-json\/wp\/v2\/media?parent=98113"}],"wp:term":[{"taxonomy":"product_brand","embeddable":true,"href":"https:\/\/www.truzzer.com\/es\/wp-json\/wp\/v2\/product_brand?post=98113"},{"taxonomy":"product_cat","embeddable":true,"href":"https:\/\/www.truzzer.com\/es\/wp-json\/wp\/v2\/product_cat?post=98113"},{"taxonomy":"product_tag","embeddable":true,"href":"https:\/\/www.truzzer.com\/es\/wp-json\/wp\/v2\/product_tag?post=98113"}],"curies":[{"name":"wp","href":"https:\/\/api.w.org\/{rel}","templated":true}]}}