{"id":98135,"date":"2026-02-01T20:03:47","date_gmt":"2026-02-01T20:03:47","guid":{"rendered":"https:\/\/beta.truzzer.com\/product\/whatsapp-business-card-iconic-with-whatsapp-chat-qr-code\/"},"modified":"2026-02-13T09:45:32","modified_gmt":"2026-02-13T09:45:32","slug":"whatsapp-business-card-iconic-with-whatsapp-chat-qr-code","status":"publish","type":"product","link":"https:\/\/www.truzzer.com\/es\/producto\/whatsapp-business-card-iconic-with-whatsapp-chat-qr-code\/","title":{"rendered":"Tarjeta de visita WhatsApp Ic\u00f3nica con c\u00f3digo WhatsApp Chat QR"},"content":{"rendered":"<h2>\u00a1Haz tangible WhatsApp!<\/h2>\n<p>Con las tarjetas de visita truzzer WhatsApp, puede animar f\u00e1cilmente a sus clientes a que se pongan en contacto con usted a trav\u00e9s de WhatsApp. Puede programar citas, intercambiar ideas o informar a los clientes sobre cambios f\u00e1cilmente.<\/p>\n<p>En el pr\u00e1ctico formato de tarjeta de presentaci\u00f3n, usted pone su contacto WhatsApp a disposici\u00f3n de sus clientes en cualquier momento y en cualquier lugar, sin que ellos tengan que guardar laboriosamente su n\u00famero primero.<br \/>\nColoque las tarjetas de visita truzzer WhatsApp en las bolsas de compras de sus clientes, entr\u00e9guelas en la factura o entr\u00e9guelas directamente al cliente. Terminado.<\/p>\n<p>Los clientes pueden usar el c\u00f3digo QR para ir directamente a su chat WhatsApp.<\/p>\n<p>Puedes personalizar f\u00e1cilmente las tarjetas de visita WhatsApp con tu logo y adaptarlas a tu empresa.<\/p>\n<p><strong>Aviso:<\/strong><br \/>\nTenga en cuenta que se requiere su propio perfil WhatsApp para que los clientes puedan comunicarse con usted a trav\u00e9s de WhatsApp.<\/p><\/p>\n","protected":false},"excerpt":{"rendered":"<p><strong>\u00a1Comun\u00edcate m\u00e1s f\u00e1cilmente con tus clientes con las Tarjetas de Visita WhatsApp con C\u00f3digo QR!<\/strong><\/p>\n<p>Facilite que sus clientes se comuniquen con usted en WhatsApp con las tarjetas de presentaci\u00f3n WhatsApp de atractivo dise\u00f1o.<br \/>\nPersonalizado con su propio c\u00f3digo QR, que lleva a sus clientes directamente a su chat WhatsApp, su n\u00famero de tel\u00e9fono WhatsApp y su propio logotipo.<br \/>\n\u00a1Vincularemos el c\u00f3digo QR a su perfil WhatsApp por usted!<br \/>\nAgregue su logotipo usando la funci\u00f3n de carga e ingrese su n\u00famero de tel\u00e9fono.<\/p>\n","protected":false},"featured_media":98136,"comment_status":"open","ping_status":"closed","template":"","meta":{"_acf_changed":false,"_yoast_wpseo_focuskw":"WhatsApp c\u00f3digo QR Tarjeta de visita","_yoast_wpseo_title":"WhatsApp business card Iconic with WhatsApp Cha... | truzzer","_yoast_wpseo_metadesc":"Con\u00e9ctate por WhatsApp con WhatsApp business card Iconic with WhatsApp Chat QR code de truzzer. F\u00e1cil configuraci\u00f3n, listo para usar. \u00a1Pide ahora!"},"product_brand":[1705],"product_cat":[951,531,612,613],"product_tag":[],"class_list":{"0":"post-98135","1":"product","2":"type-product","3":"status-publish","4":"has-post-thumbnail","6":"product_brand-whatsapp","7":"product_cat-chat-de-whatsapp-tarjetas-de-visita-con-codigo-qr","8":"product_cat-codigo-qr-productos","9":"product_cat-codigo-qr-tarjetas-de-visita","10":"product_cat-codigo-qr-tarjetas-de-visita-con-informacion-de-contacto","11":"pa_industry-locales-diensten","12":"pa_industry-oficina-consultoria","13":"pa_industry-onroerend-goed","14":"pa_material-carton","15":"pa_placement-balie-receptie","16":"pa_placement-folleto","17":"pa_placement-portemonnee-personallijk","18":"pa_product-type-visitekaartjes","19":"pa_technology-codigo-qr","20":"pa_technology-qr-code","22":"first","23":"instock","24":"taxable","25":"shipping-taxable","26":"purchasable","27":"product-type-simple"},"acf":[],"yoast_head":"<!-- This site is optimized with the Yoast SEO plugin v27.0 - https:\/\/yoast.com\/product\/yoast-seo-wordpress\/ -->\n<title>WhatsApp business card Iconic with WhatsApp Cha... | truzzer<\/title>\n<meta name=\"description\" content=\"Con\u00e9ctate por WhatsApp con WhatsApp business card Iconic with WhatsApp Chat QR code de truzzer. F\u00e1cil configuraci\u00f3n, listo para usar. \u00a1Pide ahora!\" \/>\n<meta name=\"robots\" content=\"index, follow, max-snippet:-1, max-image-preview:large, max-video-preview:-1\" \/>\n<link rel=\"canonical\" href=\"https:\/\/www.truzzer.com\/es\/producto\/whatsapp-business-card-iconic-with-whatsapp-chat-qr-code\/\" \/>\n<meta property=\"og:locale\" content=\"es_ES\" \/>\n<meta property=\"og:type\" content=\"article\" \/>\n<meta property=\"og:title\" content=\"WhatsApp business card Iconic with WhatsApp Cha... | truzzer\" \/>\n<meta property=\"og:description\" content=\"Con\u00e9ctate por WhatsApp con WhatsApp business card Iconic with WhatsApp Chat QR code de truzzer. F\u00e1cil configuraci\u00f3n, listo para usar. \u00a1Pide ahora!\" \/>\n<meta property=\"og:url\" content=\"https:\/\/www.truzzer.com\/es\/producto\/whatsapp-business-card-iconic-with-whatsapp-chat-qr-code\/\" \/>\n<meta property=\"og:site_name\" content=\"truzzer\" \/>\n<meta property=\"article:modified_time\" content=\"2026-02-13T09:45:32+00:00\" \/>\n<meta property=\"og:image\" content=\"https:\/\/www.truzzer.com\/wp-content\/uploads\/2026\/02\/whatsapp-business-card-with-chat-qr-code-iconic-truzzer-3.jpg\" \/>\n\t<meta property=\"og:image:width\" content=\"1200\" \/>\n\t<meta property=\"og:image:height\" content=\"1200\" \/>\n\t<meta property=\"og:image:type\" content=\"image\/jpeg\" \/>\n<meta name=\"twitter:card\" content=\"summary_large_image\" \/>\n<meta name=\"twitter:label1\" content=\"Tiempo de lectura\" \/>\n\t<meta name=\"twitter:data1\" content=\"1 minuto\" \/>\n<script type=\"application\/ld+json\" class=\"yoast-schema-graph\">{\"@context\":\"https:\/\/schema.org\",\"@graph\":[{\"@type\":\"WebPage\",\"@id\":\"https:\/\/www.truzzer.com\/es\/producto\/whatsapp-business-card-iconic-with-whatsapp-chat-qr-code\/\",\"url\":\"https:\/\/www.truzzer.com\/es\/producto\/whatsapp-business-card-iconic-with-whatsapp-chat-qr-code\/\",\"name\":\"WhatsApp business card Iconic with WhatsApp Cha... | truzzer\",\"isPartOf\":{\"@id\":\"https:\/\/www.truzzer.com\/es\/#website\"},\"primaryImageOfPage\":{\"@id\":\"https:\/\/www.truzzer.com\/es\/producto\/whatsapp-business-card-iconic-with-whatsapp-chat-qr-code\/#primaryimage\"},\"image\":{\"@id\":\"https:\/\/www.truzzer.com\/es\/producto\/whatsapp-business-card-iconic-with-whatsapp-chat-qr-code\/#primaryimage\"},\"thumbnailUrl\":\"https:\/\/www.truzzer.com\/wp-content\/uploads\/2026\/02\/whatsapp-business-card-with-chat-qr-code-iconic-truzzer-3.jpg\",\"datePublished\":\"2026-02-01T20:03:47+00:00\",\"dateModified\":\"2026-02-13T09:45:32+00:00\",\"description\":\"Con\u00e9ctate por WhatsApp con WhatsApp business card Iconic with WhatsApp Chat QR code de truzzer. F\u00e1cil configuraci\u00f3n, listo para usar. \u00a1Pide ahora!\",\"breadcrumb\":{\"@id\":\"https:\/\/www.truzzer.com\/es\/producto\/whatsapp-business-card-iconic-with-whatsapp-chat-qr-code\/#breadcrumb\"},\"inLanguage\":\"es\",\"potentialAction\":[{\"@type\":\"ReadAction\",\"target\":[\"https:\/\/www.truzzer.com\/es\/producto\/whatsapp-business-card-iconic-with-whatsapp-chat-qr-code\/\"]}]},{\"@type\":\"ImageObject\",\"inLanguage\":\"es\",\"@id\":\"https:\/\/www.truzzer.com\/es\/producto\/whatsapp-business-card-iconic-with-whatsapp-chat-qr-code\/#primaryimage\",\"url\":\"https:\/\/www.truzzer.com\/wp-content\/uploads\/2026\/02\/whatsapp-business-card-with-chat-qr-code-iconic-truzzer-3.jpg\",\"contentUrl\":\"https:\/\/www.truzzer.com\/wp-content\/uploads\/2026\/02\/whatsapp-business-card-with-chat-qr-code-iconic-truzzer-3.jpg\",\"width\":1200,\"height\":1200},{\"@type\":\"BreadcrumbList\",\"@id\":\"https:\/\/www.truzzer.com\/es\/producto\/whatsapp-business-card-iconic-with-whatsapp-chat-qr-code\/#breadcrumb\",\"itemListElement\":[{\"@type\":\"ListItem\",\"position\":1,\"name\":\"Home\",\"item\":\"https:\/\/www.truzzer.com\/es\/\"},{\"@type\":\"ListItem\",\"position\":2,\"name\":\"Tienda\",\"item\":\"https:\/\/www.truzzer.com\/es\/tienda\/\"},{\"@type\":\"ListItem\",\"position\":3,\"name\":\"Tarjeta de visita WhatsApp Ic\u00f3nica con c\u00f3digo WhatsApp Chat QR\"}]},{\"@type\":\"WebSite\",\"@id\":\"https:\/\/www.truzzer.com\/es\/#website\",\"url\":\"https:\/\/www.truzzer.com\/es\/\",\"name\":\"truzzer\",\"description\":\"Experts for customer trust\",\"publisher\":{\"@id\":\"https:\/\/www.truzzer.com\/es\/#organization\"},\"potentialAction\":[{\"@type\":\"SearchAction\",\"target\":{\"@type\":\"EntryPoint\",\"urlTemplate\":\"https:\/\/www.truzzer.com\/es\/?s={search_term_string}\"},\"query-input\":{\"@type\":\"PropertyValueSpecification\",\"valueRequired\":true,\"valueName\":\"search_term_string\"}}],\"inLanguage\":\"es\"},{\"@type\":\"Organization\",\"@id\":\"https:\/\/www.truzzer.com\/es\/#organization\",\"name\":\"truzzer\",\"url\":\"https:\/\/www.truzzer.com\/es\/\",\"logo\":{\"@type\":\"ImageObject\",\"inLanguage\":\"es\",\"@id\":\"https:\/\/www.truzzer.com\/es\/#\/schema\/logo\/image\/\",\"url\":\"https:\/\/truzzer.com\/wp-content\/uploads\/2026\/01\/truzzer-logo-black-1.svg\",\"contentUrl\":\"https:\/\/truzzer.com\/wp-content\/uploads\/2026\/01\/truzzer-logo-black-1.svg\",\"width\":938,\"height\":199,\"caption\":\"truzzer\"},\"image\":{\"@id\":\"https:\/\/www.truzzer.com\/es\/#\/schema\/logo\/image\/\"}}]}<\/script>\n<!-- \/ Yoast SEO plugin. -->","yoast_head_json":{"title":"WhatsApp business card Iconic with WhatsApp Cha... | truzzer","description":"Con\u00e9ctate por WhatsApp con WhatsApp business card Iconic with WhatsApp Chat QR code de truzzer. F\u00e1cil configuraci\u00f3n, listo para usar. \u00a1Pide ahora!","robots":{"index":"index","follow":"follow","max-snippet":"max-snippet:-1","max-image-preview":"max-image-preview:large","max-video-preview":"max-video-preview:-1"},"canonical":"https:\/\/www.truzzer.com\/es\/producto\/whatsapp-business-card-iconic-with-whatsapp-chat-qr-code\/","og_locale":"es_ES","og_type":"article","og_title":"WhatsApp business card Iconic with WhatsApp Cha... | truzzer","og_description":"Con\u00e9ctate por WhatsApp con WhatsApp business card Iconic with WhatsApp Chat QR code de truzzer. F\u00e1cil configuraci\u00f3n, listo para usar. \u00a1Pide ahora!","og_url":"https:\/\/www.truzzer.com\/es\/producto\/whatsapp-business-card-iconic-with-whatsapp-chat-qr-code\/","og_site_name":"truzzer","article_modified_time":"2026-02-13T09:45:32+00:00","og_image":[{"width":1200,"height":1200,"url":"https:\/\/www.truzzer.com\/wp-content\/uploads\/2026\/02\/whatsapp-business-card-with-chat-qr-code-iconic-truzzer-3.jpg","type":"image\/jpeg"}],"twitter_card":"summary_large_image","twitter_misc":{"Tiempo de lectura":"1 minuto"},"schema":{"@context":"https:\/\/schema.org","@graph":[{"@type":"WebPage","@id":"https:\/\/www.truzzer.com\/es\/producto\/whatsapp-business-card-iconic-with-whatsapp-chat-qr-code\/","url":"https:\/\/www.truzzer.com\/es\/producto\/whatsapp-business-card-iconic-with-whatsapp-chat-qr-code\/","name":"WhatsApp business card Iconic with WhatsApp Cha... | truzzer","isPartOf":{"@id":"https:\/\/www.truzzer.com\/es\/#website"},"primaryImageOfPage":{"@id":"https:\/\/www.truzzer.com\/es\/producto\/whatsapp-business-card-iconic-with-whatsapp-chat-qr-code\/#primaryimage"},"image":{"@id":"https:\/\/www.truzzer.com\/es\/producto\/whatsapp-business-card-iconic-with-whatsapp-chat-qr-code\/#primaryimage"},"thumbnailUrl":"https:\/\/www.truzzer.com\/wp-content\/uploads\/2026\/02\/whatsapp-business-card-with-chat-qr-code-iconic-truzzer-3.jpg","datePublished":"2026-02-01T20:03:47+00:00","dateModified":"2026-02-13T09:45:32+00:00","description":"Con\u00e9ctate por WhatsApp con WhatsApp business card Iconic with WhatsApp Chat QR code de truzzer. F\u00e1cil configuraci\u00f3n, listo para usar. \u00a1Pide ahora!","breadcrumb":{"@id":"https:\/\/www.truzzer.com\/es\/producto\/whatsapp-business-card-iconic-with-whatsapp-chat-qr-code\/#breadcrumb"},"inLanguage":"es","potentialAction":[{"@type":"ReadAction","target":["https:\/\/www.truzzer.com\/es\/producto\/whatsapp-business-card-iconic-with-whatsapp-chat-qr-code\/"]}]},{"@type":"ImageObject","inLanguage":"es","@id":"https:\/\/www.truzzer.com\/es\/producto\/whatsapp-business-card-iconic-with-whatsapp-chat-qr-code\/#primaryimage","url":"https:\/\/www.truzzer.com\/wp-content\/uploads\/2026\/02\/whatsapp-business-card-with-chat-qr-code-iconic-truzzer-3.jpg","contentUrl":"https:\/\/www.truzzer.com\/wp-content\/uploads\/2026\/02\/whatsapp-business-card-with-chat-qr-code-iconic-truzzer-3.jpg","width":1200,"height":1200},{"@type":"BreadcrumbList","@id":"https:\/\/www.truzzer.com\/es\/producto\/whatsapp-business-card-iconic-with-whatsapp-chat-qr-code\/#breadcrumb","itemListElement":[{"@type":"ListItem","position":1,"name":"Home","item":"https:\/\/www.truzzer.com\/es\/"},{"@type":"ListItem","position":2,"name":"Tienda","item":"https:\/\/www.truzzer.com\/es\/tienda\/"},{"@type":"ListItem","position":3,"name":"Tarjeta de visita WhatsApp Ic\u00f3nica con c\u00f3digo WhatsApp Chat QR"}]},{"@type":"WebSite","@id":"https:\/\/www.truzzer.com\/es\/#website","url":"https:\/\/www.truzzer.com\/es\/","name":"truzzer","description":"Experts for customer trust","publisher":{"@id":"https:\/\/www.truzzer.com\/es\/#organization"},"potentialAction":[{"@type":"SearchAction","target":{"@type":"EntryPoint","urlTemplate":"https:\/\/www.truzzer.com\/es\/?s={search_term_string}"},"query-input":{"@type":"PropertyValueSpecification","valueRequired":true,"valueName":"search_term_string"}}],"inLanguage":"es"},{"@type":"Organization","@id":"https:\/\/www.truzzer.com\/es\/#organization","name":"truzzer","url":"https:\/\/www.truzzer.com\/es\/","logo":{"@type":"ImageObject","inLanguage":"es","@id":"https:\/\/www.truzzer.com\/es\/#\/schema\/logo\/image\/","url":"https:\/\/truzzer.com\/wp-content\/uploads\/2026\/01\/truzzer-logo-black-1.svg","contentUrl":"https:\/\/truzzer.com\/wp-content\/uploads\/2026\/01\/truzzer-logo-black-1.svg","width":938,"height":199,"caption":"truzzer"},"image":{"@id":"https:\/\/www.truzzer.com\/es\/#\/schema\/logo\/image\/"}}]}},"tiered_pricing_type":"fixed","tiered_pricing_fixed_rules":[],"tiered_pricing_product_settings":{"layout":"default","base_unit_name":{"singular":null,"plural":null},"default_variation":null},"tiered_pricing_minimum_quantity":null,"tiered_pricing_roles_data":[],"tiered_pricing_percentage_rules":[],"tiered_pricing_maximum_quantity":null,"tiered_pricing_quantity_step":null,"_links":{"self":[{"href":"https:\/\/www.truzzer.com\/es\/wp-json\/wp\/v2\/product\/98135","targetHints":{"allow":["GET"]}}],"collection":[{"href":"https:\/\/www.truzzer.com\/es\/wp-json\/wp\/v2\/product"}],"about":[{"href":"https:\/\/www.truzzer.com\/es\/wp-json\/wp\/v2\/types\/product"}],"replies":[{"embeddable":true,"href":"https:\/\/www.truzzer.com\/es\/wp-json\/wp\/v2\/comments?post=98135"}],"wp:featuredmedia":[{"embeddable":true,"href":"https:\/\/www.truzzer.com\/es\/wp-json\/wp\/v2\/media\/98136"}],"wp:attachment":[{"href":"https:\/\/www.truzzer.com\/es\/wp-json\/wp\/v2\/media?parent=98135"}],"wp:term":[{"taxonomy":"product_brand","embeddable":true,"href":"https:\/\/www.truzzer.com\/es\/wp-json\/wp\/v2\/product_brand?post=98135"},{"taxonomy":"product_cat","embeddable":true,"href":"https:\/\/www.truzzer.com\/es\/wp-json\/wp\/v2\/product_cat?post=98135"},{"taxonomy":"product_tag","embeddable":true,"href":"https:\/\/www.truzzer.com\/es\/wp-json\/wp\/v2\/product_tag?post=98135"}],"curies":[{"name":"wp","href":"https:\/\/api.w.org\/{rel}","templated":true}]}}