{"id":98143,"date":"2026-02-01T20:03:29","date_gmt":"2026-02-01T20:03:29","guid":{"rendered":"https:\/\/beta.truzzer.com\/product\/follow-us-on-instagram-table-tent-icon\/"},"modified":"2026-02-13T09:48:04","modified_gmt":"2026-02-13T09:48:04","slug":"follow-us-on-instagram-table-tent-icon","status":"publish","type":"product","link":"https:\/\/www.truzzer.com\/es\/producto\/follow-us-on-instagram-table-tent-icon\/","title":{"rendered":"S\u00edguenos en Instagram Icono de carpa de mesa"},"content":{"rendered":"<h2><strong>Carpa de mesa para m\u00e1s seguidores de Instagram<\/strong><\/h2>\n<p>Con los displays de mesa truzzer \u00abS\u00edguenos en Instagram\u00bb en formato de tienda de campa\u00f1a, puedes conseguir r\u00e1pidamente nuevos seguidores en Instagram sin tener que hacer mucho por ello.<\/p>\n<p>Hay un c\u00f3digo QR en la parte posterior de la pantalla de la tabla Instagram que conduce directamente a su perfil Instagram.<\/p>\n<p>El c\u00f3digo QR lleva a los clientes directamente a su perfil sin tener que buscarlo. As\u00ed garantizas que los clientes te encontrar\u00e1n.<\/p>\n<p>Puedes personalizar f\u00e1cilmente las pantallas de la tabla \u00abS\u00edguenos en Instagram\u00bb con tu logotipo.<\/p>\n<p>Los productos S\u00edguenos en Instagram son f\u00e1ciles de usar, y nos gustar\u00eda mostrarte a continuaci\u00f3n usando las pegatinas \u00abS\u00edguenos en Instagram\u00bb como ejemplo.<\/p>\n<\/p>\n<h3>Paso 1: El cliente escanea el c\u00f3digo QR<\/h3>\n<p>Para seguirte, el cliente s\u00f3lo tiene que escanear el c\u00f3digo QR. Todo lo que tienes que hacer es sostener la c\u00e1mara del tel\u00e9fono inteligente (no se necesita ninguna aplicaci\u00f3n de esc\u00e1ner adicional) sobre el producto.<\/p>\n<p><img decoding=\"async\" class=\"alignleft wp-image-22262 size-full\" src=\"https:\/\/www.truzzer.com\/wp-content\/uploads\/2026\/02\/how-to-use-the-product-truzzer.jpg.webp\" alt=\"\" width=\"1400\" height=\"933\" \/><\/p>\n<p>Luego aparecer\u00e1 una ventana emergente en la pantalla (iPhone) o aparecer\u00e1 un c\u00f3digo QR (tel\u00e9fonos inteligentes Android\/Google).<\/p>\n<h3>Paso 2: El cliente va directamente al perfil Instagram<\/h3>\n<p>Se abrir\u00e1 Instagram y el cliente podr\u00e1 seguirlo directamente. Muy f\u00e1cil Aviso:<br \/>\nTenga en cuenta que se requiere un perfil Instagram para obtener seguidores.<\/p><\/p>\n","protected":false},"excerpt":{"rendered":"<p>Convierta a sus clientes en seguidores de Instagram con la funci\u00f3n &#8220;<strong>S\u00edguenos en Instagram Iconic<\/strong>&#8221; Expositores de mesa en formato de tienda de campa\u00f1a. Facilite a sus clientes seguirle en Instagram con los displays de mesa Instagram en el atractivo y atractivo formato &#8220;Ic\u00f3nico&#8221; dise\u00f1o con ambos lados dise\u00f1ados id\u00e9nticamente.<br \/>\n\u00a1Crearemos y vincularemos el c\u00f3digo QR a su perfil Instagram por usted!<br \/>\nPor favor introduce tu nombre de perfil.<\/p>\n","protected":false},"featured_media":98144,"comment_status":"open","ping_status":"closed","template":"","meta":{"_acf_changed":false,"_yoast_wpseo_focuskw":"Instagram c\u00f3digo QR Expositor de mesa","_yoast_wpseo_title":"Follow us on Instagram Table Tent Icon | truzzer","_yoast_wpseo_metadesc":"M\u00e1s seguidores en Instagram con Follow us on Instagram Table Tent Icon de truzzer. F\u00e1cil configuraci\u00f3n, listo para usar. \u00a1Pide ahora!"},"product_brand":[1660],"product_cat":[1001,531,1000],"product_tag":[],"class_list":{"0":"post-98143","1":"product","2":"type-product","3":"status-publish","4":"has-post-thumbnail","6":"product_brand-instagram","7":"product_cat-codigo-qr-expositores-y-soportes","8":"product_cat-codigo-qr-productos","9":"product_cat-seguidores-de-instagram-expositores-de-mesa-con-codigo-qr","10":"pa_industry-hotel","11":"pa_industry-practica-medica","12":"pa_industry-restaurante-cafeteria","13":"pa_material-carton","14":"pa_placement-balie-receptie","15":"pa_placement-kassa-pos","16":"pa_placement-tafel","17":"pa_product-type-displays-y-stands","18":"pa_technology-codigo-qr","19":"pa_technology-qr-code","21":"first","22":"instock","23":"taxable","24":"shipping-taxable","25":"purchasable","26":"product-type-simple"},"acf":[],"yoast_head":"<!-- This site is optimized with the Yoast SEO plugin v27.0 - https:\/\/yoast.com\/product\/yoast-seo-wordpress\/ -->\n<title>Follow us on Instagram Table Tent Icon | truzzer<\/title>\n<meta name=\"description\" content=\"M\u00e1s seguidores en Instagram con Follow us on Instagram Table Tent Icon de truzzer. F\u00e1cil configuraci\u00f3n, listo para usar. \u00a1Pide ahora!\" \/>\n<meta name=\"robots\" content=\"index, follow, max-snippet:-1, max-image-preview:large, max-video-preview:-1\" \/>\n<link rel=\"canonical\" href=\"https:\/\/www.truzzer.com\/es\/producto\/follow-us-on-instagram-table-tent-icon\/\" \/>\n<meta property=\"og:locale\" content=\"es_ES\" \/>\n<meta property=\"og:type\" content=\"article\" \/>\n<meta property=\"og:title\" content=\"Follow us on Instagram Table Tent Icon | truzzer\" \/>\n<meta property=\"og:description\" content=\"M\u00e1s seguidores en Instagram con Follow us on Instagram Table Tent Icon de truzzer. F\u00e1cil configuraci\u00f3n, listo para usar. \u00a1Pide ahora!\" \/>\n<meta property=\"og:url\" content=\"https:\/\/www.truzzer.com\/es\/producto\/follow-us-on-instagram-table-tent-icon\/\" \/>\n<meta property=\"og:site_name\" content=\"truzzer\" \/>\n<meta property=\"article:modified_time\" content=\"2026-02-13T09:48:04+00:00\" \/>\n<meta property=\"og:image\" content=\"https:\/\/www.truzzer.com\/wp-content\/uploads\/2026\/02\/follow-us-on-instagram-table-tent-display-iconic-with-instagram-qr-code-truzzer-2.jpg\" \/>\n\t<meta property=\"og:image:width\" content=\"1200\" \/>\n\t<meta property=\"og:image:height\" content=\"1200\" \/>\n\t<meta property=\"og:image:type\" content=\"image\/jpeg\" \/>\n<meta name=\"twitter:card\" content=\"summary_large_image\" \/>\n<meta name=\"twitter:label1\" content=\"Tiempo de lectura\" \/>\n\t<meta name=\"twitter:data1\" content=\"1 minuto\" \/>\n<script type=\"application\/ld+json\" class=\"yoast-schema-graph\">{\"@context\":\"https:\/\/schema.org\",\"@graph\":[{\"@type\":\"WebPage\",\"@id\":\"https:\/\/www.truzzer.com\/es\/producto\/follow-us-on-instagram-table-tent-icon\/\",\"url\":\"https:\/\/www.truzzer.com\/es\/producto\/follow-us-on-instagram-table-tent-icon\/\",\"name\":\"Follow us on Instagram Table Tent Icon | truzzer\",\"isPartOf\":{\"@id\":\"https:\/\/www.truzzer.com\/es\/#website\"},\"primaryImageOfPage\":{\"@id\":\"https:\/\/www.truzzer.com\/es\/producto\/follow-us-on-instagram-table-tent-icon\/#primaryimage\"},\"image\":{\"@id\":\"https:\/\/www.truzzer.com\/es\/producto\/follow-us-on-instagram-table-tent-icon\/#primaryimage\"},\"thumbnailUrl\":\"https:\/\/www.truzzer.com\/wp-content\/uploads\/2026\/02\/follow-us-on-instagram-table-tent-display-iconic-with-instagram-qr-code-truzzer-2.jpg\",\"datePublished\":\"2026-02-01T20:03:29+00:00\",\"dateModified\":\"2026-02-13T09:48:04+00:00\",\"description\":\"M\u00e1s seguidores en Instagram con Follow us on Instagram Table Tent Icon de truzzer. F\u00e1cil configuraci\u00f3n, listo para usar. \u00a1Pide ahora!\",\"breadcrumb\":{\"@id\":\"https:\/\/www.truzzer.com\/es\/producto\/follow-us-on-instagram-table-tent-icon\/#breadcrumb\"},\"inLanguage\":\"es\",\"potentialAction\":[{\"@type\":\"ReadAction\",\"target\":[\"https:\/\/www.truzzer.com\/es\/producto\/follow-us-on-instagram-table-tent-icon\/\"]}]},{\"@type\":\"ImageObject\",\"inLanguage\":\"es\",\"@id\":\"https:\/\/www.truzzer.com\/es\/producto\/follow-us-on-instagram-table-tent-icon\/#primaryimage\",\"url\":\"https:\/\/www.truzzer.com\/wp-content\/uploads\/2026\/02\/follow-us-on-instagram-table-tent-display-iconic-with-instagram-qr-code-truzzer-2.jpg\",\"contentUrl\":\"https:\/\/www.truzzer.com\/wp-content\/uploads\/2026\/02\/follow-us-on-instagram-table-tent-display-iconic-with-instagram-qr-code-truzzer-2.jpg\",\"width\":1200,\"height\":1200},{\"@type\":\"BreadcrumbList\",\"@id\":\"https:\/\/www.truzzer.com\/es\/producto\/follow-us-on-instagram-table-tent-icon\/#breadcrumb\",\"itemListElement\":[{\"@type\":\"ListItem\",\"position\":1,\"name\":\"Home\",\"item\":\"https:\/\/www.truzzer.com\/es\/\"},{\"@type\":\"ListItem\",\"position\":2,\"name\":\"Tienda\",\"item\":\"https:\/\/www.truzzer.com\/es\/tienda\/\"},{\"@type\":\"ListItem\",\"position\":3,\"name\":\"S\u00edguenos en Instagram Icono de carpa de mesa\"}]},{\"@type\":\"WebSite\",\"@id\":\"https:\/\/www.truzzer.com\/es\/#website\",\"url\":\"https:\/\/www.truzzer.com\/es\/\",\"name\":\"truzzer\",\"description\":\"Experts for customer trust\",\"publisher\":{\"@id\":\"https:\/\/www.truzzer.com\/es\/#organization\"},\"potentialAction\":[{\"@type\":\"SearchAction\",\"target\":{\"@type\":\"EntryPoint\",\"urlTemplate\":\"https:\/\/www.truzzer.com\/es\/?s={search_term_string}\"},\"query-input\":{\"@type\":\"PropertyValueSpecification\",\"valueRequired\":true,\"valueName\":\"search_term_string\"}}],\"inLanguage\":\"es\"},{\"@type\":\"Organization\",\"@id\":\"https:\/\/www.truzzer.com\/es\/#organization\",\"name\":\"truzzer\",\"url\":\"https:\/\/www.truzzer.com\/es\/\",\"logo\":{\"@type\":\"ImageObject\",\"inLanguage\":\"es\",\"@id\":\"https:\/\/www.truzzer.com\/es\/#\/schema\/logo\/image\/\",\"url\":\"https:\/\/truzzer.com\/wp-content\/uploads\/2026\/01\/truzzer-logo-black-1.svg\",\"contentUrl\":\"https:\/\/truzzer.com\/wp-content\/uploads\/2026\/01\/truzzer-logo-black-1.svg\",\"width\":938,\"height\":199,\"caption\":\"truzzer\"},\"image\":{\"@id\":\"https:\/\/www.truzzer.com\/es\/#\/schema\/logo\/image\/\"}}]}<\/script>\n<!-- \/ Yoast SEO plugin. -->","yoast_head_json":{"title":"Follow us on Instagram Table Tent Icon | truzzer","description":"M\u00e1s seguidores en Instagram con Follow us on Instagram Table Tent Icon de truzzer. F\u00e1cil configuraci\u00f3n, listo para usar. \u00a1Pide ahora!","robots":{"index":"index","follow":"follow","max-snippet":"max-snippet:-1","max-image-preview":"max-image-preview:large","max-video-preview":"max-video-preview:-1"},"canonical":"https:\/\/www.truzzer.com\/es\/producto\/follow-us-on-instagram-table-tent-icon\/","og_locale":"es_ES","og_type":"article","og_title":"Follow us on Instagram Table Tent Icon | truzzer","og_description":"M\u00e1s seguidores en Instagram con Follow us on Instagram Table Tent Icon de truzzer. F\u00e1cil configuraci\u00f3n, listo para usar. \u00a1Pide ahora!","og_url":"https:\/\/www.truzzer.com\/es\/producto\/follow-us-on-instagram-table-tent-icon\/","og_site_name":"truzzer","article_modified_time":"2026-02-13T09:48:04+00:00","og_image":[{"width":1200,"height":1200,"url":"https:\/\/www.truzzer.com\/wp-content\/uploads\/2026\/02\/follow-us-on-instagram-table-tent-display-iconic-with-instagram-qr-code-truzzer-2.jpg","type":"image\/jpeg"}],"twitter_card":"summary_large_image","twitter_misc":{"Tiempo de lectura":"1 minuto"},"schema":{"@context":"https:\/\/schema.org","@graph":[{"@type":"WebPage","@id":"https:\/\/www.truzzer.com\/es\/producto\/follow-us-on-instagram-table-tent-icon\/","url":"https:\/\/www.truzzer.com\/es\/producto\/follow-us-on-instagram-table-tent-icon\/","name":"Follow us on Instagram Table Tent Icon | truzzer","isPartOf":{"@id":"https:\/\/www.truzzer.com\/es\/#website"},"primaryImageOfPage":{"@id":"https:\/\/www.truzzer.com\/es\/producto\/follow-us-on-instagram-table-tent-icon\/#primaryimage"},"image":{"@id":"https:\/\/www.truzzer.com\/es\/producto\/follow-us-on-instagram-table-tent-icon\/#primaryimage"},"thumbnailUrl":"https:\/\/www.truzzer.com\/wp-content\/uploads\/2026\/02\/follow-us-on-instagram-table-tent-display-iconic-with-instagram-qr-code-truzzer-2.jpg","datePublished":"2026-02-01T20:03:29+00:00","dateModified":"2026-02-13T09:48:04+00:00","description":"M\u00e1s seguidores en Instagram con Follow us on Instagram Table Tent Icon de truzzer. F\u00e1cil configuraci\u00f3n, listo para usar. \u00a1Pide ahora!","breadcrumb":{"@id":"https:\/\/www.truzzer.com\/es\/producto\/follow-us-on-instagram-table-tent-icon\/#breadcrumb"},"inLanguage":"es","potentialAction":[{"@type":"ReadAction","target":["https:\/\/www.truzzer.com\/es\/producto\/follow-us-on-instagram-table-tent-icon\/"]}]},{"@type":"ImageObject","inLanguage":"es","@id":"https:\/\/www.truzzer.com\/es\/producto\/follow-us-on-instagram-table-tent-icon\/#primaryimage","url":"https:\/\/www.truzzer.com\/wp-content\/uploads\/2026\/02\/follow-us-on-instagram-table-tent-display-iconic-with-instagram-qr-code-truzzer-2.jpg","contentUrl":"https:\/\/www.truzzer.com\/wp-content\/uploads\/2026\/02\/follow-us-on-instagram-table-tent-display-iconic-with-instagram-qr-code-truzzer-2.jpg","width":1200,"height":1200},{"@type":"BreadcrumbList","@id":"https:\/\/www.truzzer.com\/es\/producto\/follow-us-on-instagram-table-tent-icon\/#breadcrumb","itemListElement":[{"@type":"ListItem","position":1,"name":"Home","item":"https:\/\/www.truzzer.com\/es\/"},{"@type":"ListItem","position":2,"name":"Tienda","item":"https:\/\/www.truzzer.com\/es\/tienda\/"},{"@type":"ListItem","position":3,"name":"S\u00edguenos en Instagram Icono de carpa de mesa"}]},{"@type":"WebSite","@id":"https:\/\/www.truzzer.com\/es\/#website","url":"https:\/\/www.truzzer.com\/es\/","name":"truzzer","description":"Experts for customer trust","publisher":{"@id":"https:\/\/www.truzzer.com\/es\/#organization"},"potentialAction":[{"@type":"SearchAction","target":{"@type":"EntryPoint","urlTemplate":"https:\/\/www.truzzer.com\/es\/?s={search_term_string}"},"query-input":{"@type":"PropertyValueSpecification","valueRequired":true,"valueName":"search_term_string"}}],"inLanguage":"es"},{"@type":"Organization","@id":"https:\/\/www.truzzer.com\/es\/#organization","name":"truzzer","url":"https:\/\/www.truzzer.com\/es\/","logo":{"@type":"ImageObject","inLanguage":"es","@id":"https:\/\/www.truzzer.com\/es\/#\/schema\/logo\/image\/","url":"https:\/\/truzzer.com\/wp-content\/uploads\/2026\/01\/truzzer-logo-black-1.svg","contentUrl":"https:\/\/truzzer.com\/wp-content\/uploads\/2026\/01\/truzzer-logo-black-1.svg","width":938,"height":199,"caption":"truzzer"},"image":{"@id":"https:\/\/www.truzzer.com\/es\/#\/schema\/logo\/image\/"}}]}},"tiered_pricing_type":"fixed","tiered_pricing_fixed_rules":[],"tiered_pricing_product_settings":{"layout":"default","base_unit_name":{"singular":null,"plural":null},"default_variation":null},"tiered_pricing_minimum_quantity":null,"tiered_pricing_roles_data":[],"tiered_pricing_percentage_rules":[],"tiered_pricing_maximum_quantity":null,"tiered_pricing_quantity_step":null,"_links":{"self":[{"href":"https:\/\/www.truzzer.com\/es\/wp-json\/wp\/v2\/product\/98143","targetHints":{"allow":["GET"]}}],"collection":[{"href":"https:\/\/www.truzzer.com\/es\/wp-json\/wp\/v2\/product"}],"about":[{"href":"https:\/\/www.truzzer.com\/es\/wp-json\/wp\/v2\/types\/product"}],"replies":[{"embeddable":true,"href":"https:\/\/www.truzzer.com\/es\/wp-json\/wp\/v2\/comments?post=98143"}],"wp:featuredmedia":[{"embeddable":true,"href":"https:\/\/www.truzzer.com\/es\/wp-json\/wp\/v2\/media\/98144"}],"wp:attachment":[{"href":"https:\/\/www.truzzer.com\/es\/wp-json\/wp\/v2\/media?parent=98143"}],"wp:term":[{"taxonomy":"product_brand","embeddable":true,"href":"https:\/\/www.truzzer.com\/es\/wp-json\/wp\/v2\/product_brand?post=98143"},{"taxonomy":"product_cat","embeddable":true,"href":"https:\/\/www.truzzer.com\/es\/wp-json\/wp\/v2\/product_cat?post=98143"},{"taxonomy":"product_tag","embeddable":true,"href":"https:\/\/www.truzzer.com\/es\/wp-json\/wp\/v2\/product_tag?post=98143"}],"curies":[{"name":"wp","href":"https:\/\/api.w.org\/{rel}","templated":true}]}}