{"id":98230,"date":"2026-02-01T20:02:07","date_gmt":"2026-02-01T20:02:07","guid":{"rendered":"https:\/\/beta.truzzer.com\/product\/wifi-nfc-sticker-square-with-qr-code\/"},"modified":"2026-02-13T09:56:40","modified_gmt":"2026-02-13T09:56:40","slug":"wifi-nfc-sticker-square-with-qr-code","status":"publish","type":"product","link":"https:\/\/www.truzzer.com\/es\/producto\/wifi-nfc-sticker-square-with-qr-code\/","title":{"rendered":"WIFI NFC Adhesivo \u00abCuadrado\u00bb con C\u00f3digo QR"},"content":{"rendered":"<p>En el acelerado mundo actual, las empresas buscan formas nuevas e innovadoras de atraer y retener clientes. Una forma de hacerlo es mediante el uso de tecnolog\u00eda para mejorar la experiencia del cliente. Truzzer WIFI NFC Las pegatinas son un gran ejemplo de c\u00f3mo las empresas pueden aprovechar la tecnolog\u00eda para impulsar la participaci\u00f3n del cliente e impulsar las ventas.<\/p>\n<p>Las pegatinas Truzzer WIFI NFC son pegatinas adhesivas peque\u00f1as que se pueden colocar en cualquier lugar de una empresa, como una mesa, una pared o un expositor de productos. Contienen tecnolog\u00eda WIFI y NFC, que permite a los clientes conectarse r\u00e1pida y f\u00e1cilmente a la red WIFI de la empresa o acceder a informaci\u00f3n relevante sobre productos o servicios. Las pegatinas est\u00e1n dise\u00f1adas para ser f\u00e1ciles de usar y los clientes pueden simplemente tocar su tel\u00e9fono inteligente compatible con NFC o escanear el c\u00f3digo QR en la pegatina para conectarse a la red o acceder a la informaci\u00f3n.<\/p>\n<p>Los beneficios de usar pegatinas Truzzer WIFI NFC son numerosos. Por un lado, facilitan que los clientes se conecten a la red WIFI de la empresa, que es un factor clave en la satisfacci\u00f3n del cliente. Hoy en d\u00eda, los clientes esperan que las empresas proporcionen WIFI gratis, y las pegatinas Truzzer facilitan la conexi\u00f3n de los clientes sin tener que pasar por un proceso largo.<\/p>\n<p>Adem\u00e1s, las pegatinas Truzzer WIFI NFC pueden ayudar a las empresas a promocionar sus productos y servicios de forma m\u00e1s eficaz. Al incluir informaci\u00f3n relevante sobre un producto o servicio en la etiqueta, las empresas pueden brindar a los clientes m\u00e1s informaci\u00f3n sobre lo que ofrecen. Esto puede ayudar a los clientes a tomar decisiones de compra informadas, lo que puede generar mayores ventas para la empresa.<\/p>\n<p>Otro beneficio de las pegatinas Truzzer WIFI NFC es que son vers\u00e1tiles y se pueden utilizar en una variedad de entornos. Se pueden utilizar en restaurantes, cafeter\u00edas, tiendas minoristas e incluso en oficinas. Esto los convierte en una gran inversi\u00f3n para las empresas que buscan mejorar la experiencia del cliente y aumentar las ventas.<\/p>\n<p>Tambi\u00e9n vale la pena se\u00f1alar que las pegatinas Truzzer WIFI NFC incluyen un c\u00f3digo QR alternativo para los clientes que no tienen tel\u00e9fonos inteligentes habilitados para NFC. Esto asegura que todos los clientes puedan acceder a la informaci\u00f3n o conectarse a la red WIFI, independientemente del tipo de smartphone que tengan.<\/p>\n<p>En conclusi\u00f3n, las pegatinas Truzzer WIFI NFC son una excelente inversi\u00f3n para las empresas que buscan mejorar la experiencia del cliente y aumentar las ventas. Son f\u00e1ciles de usar, vers\u00e1tiles y brindan a los clientes informaci\u00f3n relevante sobre productos y servicios. La inclusi\u00f3n de un c\u00f3digo alternativo QR garantiza que todos los clientes puedan acceder a la informaci\u00f3n o conectarse a la red WIFI, independientemente del tipo de smartphone que tengan. Las empresas que invierten en pegatinas Truzzer WIFI NFC pueden esperar ver una mayor satisfacci\u00f3n del cliente y ventas, lo que las convierte en una valiosa adici\u00f3n a cualquier negocio.<\/p>\n","protected":false},"excerpt":{"rendered":"<h2>\u00a1Descubre los nuevos stickers WLAN NFC!<\/h2>\n<p>Ofrezca a sus clientes e invitados una mejor experiencia en su tienda, consultorio, sal\u00f3n o restaurante brind\u00e1ndoles un acceso f\u00e1cil y sencillo a su WiFi.<\/p>\n<p>Las pegatinas WLAN NFC permiten a sus clientes acceder f\u00e1cilmente a su WIFI. Simplemente acerque su tel\u00e9fono inteligente a la pegatina y los clientes podr\u00e1n conectarse a su WiFi. Si el tel\u00e9fono inteligente del cliente no tiene la funci\u00f3n NFC, hay un c\u00f3digo QR alternativo en la etiqueta, que se puede escanear directamente con la c\u00e1mara del tel\u00e9fono inteligente <strong>&#8211; \u00a1En ambos casos no es necesaria ninguna aplicaci\u00f3n independiente!<\/strong><\/p>\n<p><strong><\/strong><\/p>\n<p><strong>As\u00ed te ayudan los stickers WLAN NFC<\/strong><\/p>\n<\/p>\n<ul>\n<li>Sin b\u00fasquedas ni dificultades: <strong>El enlace NFC y el c\u00f3digo QR conectan a los clientes directamente a la WLAN <\/strong>(creamos el c\u00f3digo QR para usted en funci\u00f3n de su informaci\u00f3n)<\/li>\n<li><strong>Tocable<\/strong>: Las pegatinas hacen que tu WiFi sea tangible.<\/li>\n<li>No se requiere ninguna aplicaci\u00f3n adicional.<\/li>\n<li>Llamativo: dise\u00f1o moderno<\/li>\n<li>Permanencia m\u00e1s larga en tienda gracias a WIFI<\/li>\n<\/ul>\n<p><strong>\u00a1Crearemos y vincularemos el enlace NFC y el c\u00f3digo QR para usted!<\/strong><\/p><\/p>\n","protected":false},"featured_media":98258,"comment_status":"open","ping_status":"closed","template":"","meta":{"_acf_changed":false,"_yoast_wpseo_focuskw":"WiFi c\u00f3digo QR NFC Adhesivo","_yoast_wpseo_title":"WIFI NFC Sticker \u00abSquare\u00bb with QR Code | truzzer","_yoast_wpseo_metadesc":"Acceso WiFi f\u00e1cil para tus clientes con WIFI NFC Sticker \u00abSquare\u00bb with QR Code de truzzer. F\u00e1cil configuraci\u00f3n, listo para usar. \u00a1Pide ahora!"},"product_brand":[],"product_cat":[1388,582,1414],"product_tag":[],"class_list":{"0":"post-98230","1":"product","2":"type-product","3":"status-publish","4":"has-post-thumbnail","6":"product_cat-nfc-pegatinas","7":"product_cat-nfc-productos","8":"product_cat-wifi-pegatinas-con-qr-nfc","9":"pa_industry-detailhandel","10":"pa_industry-fitness-gym","11":"pa_industry-restaurante-cafeteria","12":"pa_material-vinyl","13":"pa_placement-balie-receptie","14":"pa_placement-verpakking","15":"pa_placement-window-door","16":"pa_product-type-etiqueta-engomada","17":"pa_shape-vierkant","18":"pa_technology-nfc","19":"pa_technology-qr-nfc","21":"first","22":"instock","23":"taxable","24":"shipping-taxable","25":"product-type-simple"},"acf":[],"yoast_head":"<!-- This site is optimized with the Yoast SEO plugin v27.0 - https:\/\/yoast.com\/product\/yoast-seo-wordpress\/ -->\n<title>WIFI NFC Sticker \u00abSquare\u00bb with QR Code | truzzer<\/title>\n<meta name=\"description\" content=\"Acceso WiFi f\u00e1cil para tus clientes con WIFI NFC Sticker \u00abSquare\u00bb with QR Code de truzzer. F\u00e1cil configuraci\u00f3n, listo para usar. \u00a1Pide ahora!\" \/>\n<meta name=\"robots\" content=\"index, follow, max-snippet:-1, max-image-preview:large, max-video-preview:-1\" \/>\n<link rel=\"canonical\" href=\"https:\/\/www.truzzer.com\/es\/producto\/wifi-nfc-sticker-square-with-qr-code\/\" \/>\n<meta property=\"og:locale\" content=\"es_ES\" \/>\n<meta property=\"og:type\" content=\"article\" \/>\n<meta property=\"og:title\" content=\"WIFI NFC Sticker \u00abSquare\u00bb with QR Code | truzzer\" \/>\n<meta property=\"og:description\" content=\"Acceso WiFi f\u00e1cil para tus clientes con WIFI NFC Sticker \u00abSquare\u00bb with QR Code de truzzer. F\u00e1cil configuraci\u00f3n, listo para usar. \u00a1Pide ahora!\" \/>\n<meta property=\"og:url\" content=\"https:\/\/www.truzzer.com\/es\/producto\/wifi-nfc-sticker-square-with-qr-code\/\" \/>\n<meta property=\"og:site_name\" content=\"truzzer\" \/>\n<meta property=\"article:modified_time\" content=\"2026-02-13T09:56:40+00:00\" \/>\n<meta property=\"og:image\" content=\"https:\/\/www.truzzer.com\/wp-content\/uploads\/2026\/02\/nfc-wifi-sticker-wlan-aufkleber-empfehlio-truzzer-social-wave-mit-wlan-qr-code-white-1.jpg\" \/>\n\t<meta property=\"og:image:width\" content=\"1200\" \/>\n\t<meta property=\"og:image:height\" content=\"1200\" \/>\n\t<meta property=\"og:image:type\" content=\"image\/jpeg\" \/>\n<meta name=\"twitter:card\" content=\"summary_large_image\" \/>\n<meta name=\"twitter:label1\" content=\"Tiempo de lectura\" \/>\n\t<meta name=\"twitter:data1\" content=\"3 minutos\" \/>\n<script type=\"application\/ld+json\" class=\"yoast-schema-graph\">{\"@context\":\"https:\/\/schema.org\",\"@graph\":[{\"@type\":\"WebPage\",\"@id\":\"https:\/\/www.truzzer.com\/es\/producto\/wifi-nfc-sticker-square-with-qr-code\/\",\"url\":\"https:\/\/www.truzzer.com\/es\/producto\/wifi-nfc-sticker-square-with-qr-code\/\",\"name\":\"WIFI NFC Sticker \u00abSquare\u00bb with QR Code | truzzer\",\"isPartOf\":{\"@id\":\"https:\/\/www.truzzer.com\/es\/#website\"},\"primaryImageOfPage\":{\"@id\":\"https:\/\/www.truzzer.com\/es\/producto\/wifi-nfc-sticker-square-with-qr-code\/#primaryimage\"},\"image\":{\"@id\":\"https:\/\/www.truzzer.com\/es\/producto\/wifi-nfc-sticker-square-with-qr-code\/#primaryimage\"},\"thumbnailUrl\":\"https:\/\/www.truzzer.com\/wp-content\/uploads\/2026\/02\/nfc-wifi-sticker-wlan-aufkleber-empfehlio-truzzer-social-wave-mit-wlan-qr-code-white-1.jpg\",\"datePublished\":\"2026-02-01T20:02:07+00:00\",\"dateModified\":\"2026-02-13T09:56:40+00:00\",\"description\":\"Acceso WiFi f\u00e1cil para tus clientes con WIFI NFC Sticker \u00abSquare\u00bb with QR Code de truzzer. F\u00e1cil configuraci\u00f3n, listo para usar. \u00a1Pide ahora!\",\"breadcrumb\":{\"@id\":\"https:\/\/www.truzzer.com\/es\/producto\/wifi-nfc-sticker-square-with-qr-code\/#breadcrumb\"},\"inLanguage\":\"es\",\"potentialAction\":[{\"@type\":\"ReadAction\",\"target\":[\"https:\/\/www.truzzer.com\/es\/producto\/wifi-nfc-sticker-square-with-qr-code\/\"]}]},{\"@type\":\"ImageObject\",\"inLanguage\":\"es\",\"@id\":\"https:\/\/www.truzzer.com\/es\/producto\/wifi-nfc-sticker-square-with-qr-code\/#primaryimage\",\"url\":\"https:\/\/www.truzzer.com\/wp-content\/uploads\/2026\/02\/nfc-wifi-sticker-wlan-aufkleber-empfehlio-truzzer-social-wave-mit-wlan-qr-code-white-1.jpg\",\"contentUrl\":\"https:\/\/www.truzzer.com\/wp-content\/uploads\/2026\/02\/nfc-wifi-sticker-wlan-aufkleber-empfehlio-truzzer-social-wave-mit-wlan-qr-code-white-1.jpg\",\"width\":1200,\"height\":1200},{\"@type\":\"BreadcrumbList\",\"@id\":\"https:\/\/www.truzzer.com\/es\/producto\/wifi-nfc-sticker-square-with-qr-code\/#breadcrumb\",\"itemListElement\":[{\"@type\":\"ListItem\",\"position\":1,\"name\":\"Home\",\"item\":\"https:\/\/www.truzzer.com\/es\/\"},{\"@type\":\"ListItem\",\"position\":2,\"name\":\"Tienda\",\"item\":\"https:\/\/www.truzzer.com\/es\/tienda\/\"},{\"@type\":\"ListItem\",\"position\":3,\"name\":\"WIFI NFC Adhesivo &#8220;Cuadrado&#8221; con C\u00f3digo QR\"}]},{\"@type\":\"WebSite\",\"@id\":\"https:\/\/www.truzzer.com\/es\/#website\",\"url\":\"https:\/\/www.truzzer.com\/es\/\",\"name\":\"truzzer\",\"description\":\"Experts for customer trust\",\"publisher\":{\"@id\":\"https:\/\/www.truzzer.com\/es\/#organization\"},\"potentialAction\":[{\"@type\":\"SearchAction\",\"target\":{\"@type\":\"EntryPoint\",\"urlTemplate\":\"https:\/\/www.truzzer.com\/es\/?s={search_term_string}\"},\"query-input\":{\"@type\":\"PropertyValueSpecification\",\"valueRequired\":true,\"valueName\":\"search_term_string\"}}],\"inLanguage\":\"es\"},{\"@type\":\"Organization\",\"@id\":\"https:\/\/www.truzzer.com\/es\/#organization\",\"name\":\"truzzer\",\"url\":\"https:\/\/www.truzzer.com\/es\/\",\"logo\":{\"@type\":\"ImageObject\",\"inLanguage\":\"es\",\"@id\":\"https:\/\/www.truzzer.com\/es\/#\/schema\/logo\/image\/\",\"url\":\"https:\/\/truzzer.com\/wp-content\/uploads\/2026\/01\/truzzer-logo-black-1.svg\",\"contentUrl\":\"https:\/\/truzzer.com\/wp-content\/uploads\/2026\/01\/truzzer-logo-black-1.svg\",\"width\":938,\"height\":199,\"caption\":\"truzzer\"},\"image\":{\"@id\":\"https:\/\/www.truzzer.com\/es\/#\/schema\/logo\/image\/\"}}]}<\/script>\n<!-- \/ Yoast SEO plugin. -->","yoast_head_json":{"title":"WIFI NFC Sticker \u00abSquare\u00bb with QR Code | truzzer","description":"Acceso WiFi f\u00e1cil para tus clientes con WIFI NFC Sticker \u00abSquare\u00bb with QR Code de truzzer. F\u00e1cil configuraci\u00f3n, listo para usar. \u00a1Pide ahora!","robots":{"index":"index","follow":"follow","max-snippet":"max-snippet:-1","max-image-preview":"max-image-preview:large","max-video-preview":"max-video-preview:-1"},"canonical":"https:\/\/www.truzzer.com\/es\/producto\/wifi-nfc-sticker-square-with-qr-code\/","og_locale":"es_ES","og_type":"article","og_title":"WIFI NFC Sticker \u00abSquare\u00bb with QR Code | truzzer","og_description":"Acceso WiFi f\u00e1cil para tus clientes con WIFI NFC Sticker \u00abSquare\u00bb with QR Code de truzzer. F\u00e1cil configuraci\u00f3n, listo para usar. \u00a1Pide ahora!","og_url":"https:\/\/www.truzzer.com\/es\/producto\/wifi-nfc-sticker-square-with-qr-code\/","og_site_name":"truzzer","article_modified_time":"2026-02-13T09:56:40+00:00","og_image":[{"width":1200,"height":1200,"url":"https:\/\/www.truzzer.com\/wp-content\/uploads\/2026\/02\/nfc-wifi-sticker-wlan-aufkleber-empfehlio-truzzer-social-wave-mit-wlan-qr-code-white-1.jpg","type":"image\/jpeg"}],"twitter_card":"summary_large_image","twitter_misc":{"Tiempo de lectura":"3 minutos"},"schema":{"@context":"https:\/\/schema.org","@graph":[{"@type":"WebPage","@id":"https:\/\/www.truzzer.com\/es\/producto\/wifi-nfc-sticker-square-with-qr-code\/","url":"https:\/\/www.truzzer.com\/es\/producto\/wifi-nfc-sticker-square-with-qr-code\/","name":"WIFI NFC Sticker \u00abSquare\u00bb with QR Code | truzzer","isPartOf":{"@id":"https:\/\/www.truzzer.com\/es\/#website"},"primaryImageOfPage":{"@id":"https:\/\/www.truzzer.com\/es\/producto\/wifi-nfc-sticker-square-with-qr-code\/#primaryimage"},"image":{"@id":"https:\/\/www.truzzer.com\/es\/producto\/wifi-nfc-sticker-square-with-qr-code\/#primaryimage"},"thumbnailUrl":"https:\/\/www.truzzer.com\/wp-content\/uploads\/2026\/02\/nfc-wifi-sticker-wlan-aufkleber-empfehlio-truzzer-social-wave-mit-wlan-qr-code-white-1.jpg","datePublished":"2026-02-01T20:02:07+00:00","dateModified":"2026-02-13T09:56:40+00:00","description":"Acceso WiFi f\u00e1cil para tus clientes con WIFI NFC Sticker \u00abSquare\u00bb with QR Code de truzzer. F\u00e1cil configuraci\u00f3n, listo para usar. \u00a1Pide ahora!","breadcrumb":{"@id":"https:\/\/www.truzzer.com\/es\/producto\/wifi-nfc-sticker-square-with-qr-code\/#breadcrumb"},"inLanguage":"es","potentialAction":[{"@type":"ReadAction","target":["https:\/\/www.truzzer.com\/es\/producto\/wifi-nfc-sticker-square-with-qr-code\/"]}]},{"@type":"ImageObject","inLanguage":"es","@id":"https:\/\/www.truzzer.com\/es\/producto\/wifi-nfc-sticker-square-with-qr-code\/#primaryimage","url":"https:\/\/www.truzzer.com\/wp-content\/uploads\/2026\/02\/nfc-wifi-sticker-wlan-aufkleber-empfehlio-truzzer-social-wave-mit-wlan-qr-code-white-1.jpg","contentUrl":"https:\/\/www.truzzer.com\/wp-content\/uploads\/2026\/02\/nfc-wifi-sticker-wlan-aufkleber-empfehlio-truzzer-social-wave-mit-wlan-qr-code-white-1.jpg","width":1200,"height":1200},{"@type":"BreadcrumbList","@id":"https:\/\/www.truzzer.com\/es\/producto\/wifi-nfc-sticker-square-with-qr-code\/#breadcrumb","itemListElement":[{"@type":"ListItem","position":1,"name":"Home","item":"https:\/\/www.truzzer.com\/es\/"},{"@type":"ListItem","position":2,"name":"Tienda","item":"https:\/\/www.truzzer.com\/es\/tienda\/"},{"@type":"ListItem","position":3,"name":"WIFI NFC Adhesivo &#8220;Cuadrado&#8221; con C\u00f3digo QR"}]},{"@type":"WebSite","@id":"https:\/\/www.truzzer.com\/es\/#website","url":"https:\/\/www.truzzer.com\/es\/","name":"truzzer","description":"Experts for customer trust","publisher":{"@id":"https:\/\/www.truzzer.com\/es\/#organization"},"potentialAction":[{"@type":"SearchAction","target":{"@type":"EntryPoint","urlTemplate":"https:\/\/www.truzzer.com\/es\/?s={search_term_string}"},"query-input":{"@type":"PropertyValueSpecification","valueRequired":true,"valueName":"search_term_string"}}],"inLanguage":"es"},{"@type":"Organization","@id":"https:\/\/www.truzzer.com\/es\/#organization","name":"truzzer","url":"https:\/\/www.truzzer.com\/es\/","logo":{"@type":"ImageObject","inLanguage":"es","@id":"https:\/\/www.truzzer.com\/es\/#\/schema\/logo\/image\/","url":"https:\/\/truzzer.com\/wp-content\/uploads\/2026\/01\/truzzer-logo-black-1.svg","contentUrl":"https:\/\/truzzer.com\/wp-content\/uploads\/2026\/01\/truzzer-logo-black-1.svg","width":938,"height":199,"caption":"truzzer"},"image":{"@id":"https:\/\/www.truzzer.com\/es\/#\/schema\/logo\/image\/"}}]}},"tiered_pricing_type":"fixed","tiered_pricing_fixed_rules":[],"tiered_pricing_product_settings":{"layout":"default","base_unit_name":{"singular":null,"plural":null},"default_variation":null},"tiered_pricing_minimum_quantity":null,"tiered_pricing_roles_data":[],"tiered_pricing_percentage_rules":[],"tiered_pricing_maximum_quantity":null,"tiered_pricing_quantity_step":null,"_links":{"self":[{"href":"https:\/\/www.truzzer.com\/es\/wp-json\/wp\/v2\/product\/98230","targetHints":{"allow":["GET"]}}],"collection":[{"href":"https:\/\/www.truzzer.com\/es\/wp-json\/wp\/v2\/product"}],"about":[{"href":"https:\/\/www.truzzer.com\/es\/wp-json\/wp\/v2\/types\/product"}],"replies":[{"embeddable":true,"href":"https:\/\/www.truzzer.com\/es\/wp-json\/wp\/v2\/comments?post=98230"}],"wp:featuredmedia":[{"embeddable":true,"href":"https:\/\/www.truzzer.com\/es\/wp-json\/wp\/v2\/media\/98258"}],"wp:attachment":[{"href":"https:\/\/www.truzzer.com\/es\/wp-json\/wp\/v2\/media?parent=98230"}],"wp:term":[{"taxonomy":"product_brand","embeddable":true,"href":"https:\/\/www.truzzer.com\/es\/wp-json\/wp\/v2\/product_brand?post=98230"},{"taxonomy":"product_cat","embeddable":true,"href":"https:\/\/www.truzzer.com\/es\/wp-json\/wp\/v2\/product_cat?post=98230"},{"taxonomy":"product_tag","embeddable":true,"href":"https:\/\/www.truzzer.com\/es\/wp-json\/wp\/v2\/product_tag?post=98230"}],"curies":[{"name":"wp","href":"https:\/\/api.w.org\/{rel}","templated":true}]}}