{"id":98262,"date":"2026-02-01T20:01:58","date_gmt":"2026-02-01T20:01:58","guid":{"rendered":"https:\/\/beta.truzzer.com\/product\/google-review-nfc-sticker-square-with-google-review-qr-code\/"},"modified":"2026-02-13T09:57:54","modified_gmt":"2026-02-13T09:57:54","slug":"google-review-nfc-sticker-square-with-google-review-qr-code","status":"publish","type":"product","link":"https:\/\/www.truzzer.com\/es\/producto\/google-review-nfc-sticker-square-with-google-review-qr-code\/","title":{"rendered":"Google Review NFC Adhesivo \u00abCuadrado\u00bb con Google Review QR C\u00f3digo"},"content":{"rendered":"<h2>\u00a1Obtenga m\u00e1s rese\u00f1as de Google con las etiquetas adhesivas con c\u00f3digos Google Review NFC QR de truzzer!<\/h2>\n<p>Con las <strong>pegatinas de rese\u00f1as truzzer Google<\/strong> con enlace NFC, puedes obtener rese\u00f1as positivas m\u00e1s r\u00e1pidamente de tus clientes satisfechos directamente en tu tienda.<\/p>\n<p>Coloque las pegatinas en un lugar destacado en el \u00e1rea de pago, en la puerta principal o en cualquier lugar donde sus clientes puedan verlas.<\/p>\n<p>-Apto para uso interior y exterior<br \/>\n&#8211; Resistente a la intemperie<br \/>\n-Adecuado para cualquier superficie lisa<br \/>\n-Para tiendas, puertas o como adhesivo para coche Google<br \/>\n-Muestra a tus clientes que tambi\u00e9n pueden encontrarte en Google<br \/>\n&#8211; Hecho individualmente para ti<\/p><\/p>\n","protected":false},"excerpt":{"rendered":"<h2>Obtenga rese\u00f1as de Google con NFC<\/h2>\n<p><strong>\u00a1Obtener rese\u00f1as de Google de los clientes nunca ha sido tan f\u00e1cil!<\/strong><br \/>\nCon las pegatinas \/ pegatinas Google reviews NFC sin contacto, puedes ganar f\u00e1cilmente nuevas rese\u00f1as Google directamente en el sitio.<br \/>\nCon su atractivo dise\u00f1o, la pegatina de calificaci\u00f3n Google despierta el inter\u00e9s de los clientes y la llamada a la acci\u00f3n anima a sus clientes a calificarlo en Google.<\/p>\n<p>Todo lo que tus clientes tienen que hacer es acercar su tel\u00e9fono inteligente a la pegatina y se abrir\u00e1 una ventana emergente en su tel\u00e9fono, que los conducir\u00e1 directamente a tu formulario de revisi\u00f3n.<\/p>\n<p>Si el tel\u00e9fono inteligente del cliente no tiene la funci\u00f3n NFC, hay un c\u00f3digo QR alternativo en la etiqueta que se puede escanear directamente con la c\u00e1mara del tel\u00e9fono inteligente <strong>&#8211; \u00a1En ambos casos no es necesaria ninguna aplicaci\u00f3n independiente!<\/strong><\/p>\n<h3><strong>As\u00ed es como los stickers de NFC te ayudan a obtener m\u00e1s calificaciones de Google<br \/><\/strong><\/h3>\n<p>Las pegatinas NFC le permiten a usted y a sus clientes superar los mayores obst\u00e1culos en la clasificaci\u00f3n Google:<\/p>\n<ul>\n<li>Sin preguntas y comentarios inc\u00f3modos. Pregunte, solo col\u00f3quelo en el sitio. El <strong>llamado a la acci\u00f3n<\/strong> se hace cargo de la solicitud de calificaci\u00f3n Google por usted<\/li>\n<li>No lo olvides, porque a los clientes se les recordar\u00e1 la calificaci\u00f3n Google.<\/li>\n<li>Sin b\u00fasquedas ni complicaciones: <strong>El enlace NFC y el C\u00f3digo QR de revisi\u00f3n Google conducen directamente a su formulario de revisi\u00f3n<\/strong> (lo crearemos para usted)<strong><br \/><\/strong><\/li>\n<li><strong>Tocable<\/strong>: las pegatinas hacen que la calificaci\u00f3n se pueda tocar.<\/li>\n<li>No se requiere ninguna aplicaci\u00f3n adicional.<\/li>\n<li>Llamativo: dise\u00f1o moderno<\/li>\n<\/ul>\n<p><strong>\u00a1Crearemos y vincularemos el enlace NFC y el c\u00f3digo QR para una evaluaci\u00f3n directa en su perfil Google!<\/strong><strong><br \/><\/strong><\/p>\n","protected":false},"featured_media":98265,"comment_status":"open","ping_status":"closed","template":"","meta":{"_acf_changed":false,"_yoast_wpseo_focuskw":"Rese\u00f1a Google NFC Adhesivo","_yoast_wpseo_title":"Google Review NFC Sticker \u00abSquare\u00bb with Google ... | truzzer","_yoast_wpseo_metadesc":"M\u00e1s rese\u00f1as Google con Google Review NFC Sticker \u00abSquare\u00bb with Google Review QR Code de truzzer. F\u00e1cil configuraci\u00f3n. \u00a1Pide ahora!"},"product_brand":[1654],"product_cat":[1388,582,1412],"product_tag":[],"class_list":{"0":"post-98262","1":"product","2":"type-product","3":"status-publish","4":"has-post-thumbnail","6":"product_brand-google","7":"product_cat-nfc-pegatinas","8":"product_cat-nfc-productos","9":"product_cat-resena-de-google-pegatinas-con-qr-nfc","10":"pa_industry-detailhandel","11":"pa_industry-fitness-gym","12":"pa_industry-restaurante-cafeteria","13":"pa_material-vinyl","14":"pa_placement-balie-receptie","15":"pa_placement-verpakking","16":"pa_placement-window-door","17":"pa_product-type-etiqueta-engomada","18":"pa_shape-vierkant","19":"pa_technology-nfc","20":"pa_technology-qr-nfc","22":"first","23":"instock","24":"taxable","25":"shipping-taxable","26":"purchasable","27":"product-type-simple"},"acf":[],"yoast_head":"<!-- This site is optimized with the Yoast SEO plugin v27.0 - https:\/\/yoast.com\/product\/yoast-seo-wordpress\/ -->\n<title>Google Review NFC Sticker \u00abSquare\u00bb with Google ... | truzzer<\/title>\n<meta name=\"description\" content=\"M\u00e1s rese\u00f1as Google con Google Review NFC Sticker \u00abSquare\u00bb with Google Review QR Code de truzzer. F\u00e1cil configuraci\u00f3n. \u00a1Pide ahora!\" \/>\n<meta name=\"robots\" content=\"index, follow, max-snippet:-1, max-image-preview:large, max-video-preview:-1\" \/>\n<link rel=\"canonical\" href=\"https:\/\/www.truzzer.com\/es\/producto\/google-review-nfc-sticker-square-with-google-review-qr-code\/\" \/>\n<meta property=\"og:locale\" content=\"es_ES\" \/>\n<meta property=\"og:type\" content=\"article\" \/>\n<meta property=\"og:title\" content=\"Google Review NFC Sticker \u00abSquare\u00bb with Google ... | truzzer\" \/>\n<meta property=\"og:description\" content=\"M\u00e1s rese\u00f1as Google con Google Review NFC Sticker \u00abSquare\u00bb with Google Review QR Code de truzzer. F\u00e1cil configuraci\u00f3n. \u00a1Pide ahora!\" \/>\n<meta property=\"og:url\" content=\"https:\/\/www.truzzer.com\/es\/producto\/google-review-nfc-sticker-square-with-google-review-qr-code\/\" \/>\n<meta property=\"og:site_name\" content=\"truzzer\" \/>\n<meta property=\"article:modified_time\" content=\"2026-02-13T09:57:54+00:00\" \/>\n<meta property=\"og:image\" content=\"https:\/\/www.truzzer.com\/wp-content\/uploads\/2026\/02\/google-review-nfc-sticker-google-qr-code-truzzer-1-2.jpg\" \/>\n\t<meta property=\"og:image:width\" content=\"1200\" \/>\n\t<meta property=\"og:image:height\" content=\"1200\" \/>\n\t<meta property=\"og:image:type\" content=\"image\/jpeg\" \/>\n<meta name=\"twitter:card\" content=\"summary_large_image\" \/>\n<meta name=\"twitter:label1\" content=\"Tiempo de lectura\" \/>\n\t<meta name=\"twitter:data1\" content=\"1 minuto\" \/>\n<script type=\"application\/ld+json\" class=\"yoast-schema-graph\">{\"@context\":\"https:\/\/schema.org\",\"@graph\":[{\"@type\":\"WebPage\",\"@id\":\"https:\/\/www.truzzer.com\/es\/producto\/google-review-nfc-sticker-square-with-google-review-qr-code\/\",\"url\":\"https:\/\/www.truzzer.com\/es\/producto\/google-review-nfc-sticker-square-with-google-review-qr-code\/\",\"name\":\"Google Review NFC Sticker \u00abSquare\u00bb with Google ... | truzzer\",\"isPartOf\":{\"@id\":\"https:\/\/www.truzzer.com\/es\/#website\"},\"primaryImageOfPage\":{\"@id\":\"https:\/\/www.truzzer.com\/es\/producto\/google-review-nfc-sticker-square-with-google-review-qr-code\/#primaryimage\"},\"image\":{\"@id\":\"https:\/\/www.truzzer.com\/es\/producto\/google-review-nfc-sticker-square-with-google-review-qr-code\/#primaryimage\"},\"thumbnailUrl\":\"https:\/\/www.truzzer.com\/wp-content\/uploads\/2026\/02\/google-review-nfc-sticker-google-qr-code-truzzer-1-2.jpg\",\"datePublished\":\"2026-02-01T20:01:58+00:00\",\"dateModified\":\"2026-02-13T09:57:54+00:00\",\"description\":\"M\u00e1s rese\u00f1as Google con Google Review NFC Sticker \u00abSquare\u00bb with Google Review QR Code de truzzer. F\u00e1cil configuraci\u00f3n. \u00a1Pide ahora!\",\"breadcrumb\":{\"@id\":\"https:\/\/www.truzzer.com\/es\/producto\/google-review-nfc-sticker-square-with-google-review-qr-code\/#breadcrumb\"},\"inLanguage\":\"es\",\"potentialAction\":[{\"@type\":\"ReadAction\",\"target\":[\"https:\/\/www.truzzer.com\/es\/producto\/google-review-nfc-sticker-square-with-google-review-qr-code\/\"]}]},{\"@type\":\"ImageObject\",\"inLanguage\":\"es\",\"@id\":\"https:\/\/www.truzzer.com\/es\/producto\/google-review-nfc-sticker-square-with-google-review-qr-code\/#primaryimage\",\"url\":\"https:\/\/www.truzzer.com\/wp-content\/uploads\/2026\/02\/google-review-nfc-sticker-google-qr-code-truzzer-1-2.jpg\",\"contentUrl\":\"https:\/\/www.truzzer.com\/wp-content\/uploads\/2026\/02\/google-review-nfc-sticker-google-qr-code-truzzer-1-2.jpg\",\"width\":1200,\"height\":1200},{\"@type\":\"BreadcrumbList\",\"@id\":\"https:\/\/www.truzzer.com\/es\/producto\/google-review-nfc-sticker-square-with-google-review-qr-code\/#breadcrumb\",\"itemListElement\":[{\"@type\":\"ListItem\",\"position\":1,\"name\":\"Home\",\"item\":\"https:\/\/www.truzzer.com\/es\/\"},{\"@type\":\"ListItem\",\"position\":2,\"name\":\"Tienda\",\"item\":\"https:\/\/www.truzzer.com\/es\/tienda\/\"},{\"@type\":\"ListItem\",\"position\":3,\"name\":\"Google Review NFC Adhesivo \u00abCuadrado\u00bb con Google Review QR C\u00f3digo\"}]},{\"@type\":\"WebSite\",\"@id\":\"https:\/\/www.truzzer.com\/es\/#website\",\"url\":\"https:\/\/www.truzzer.com\/es\/\",\"name\":\"truzzer\",\"description\":\"Experts for customer trust\",\"publisher\":{\"@id\":\"https:\/\/www.truzzer.com\/es\/#organization\"},\"potentialAction\":[{\"@type\":\"SearchAction\",\"target\":{\"@type\":\"EntryPoint\",\"urlTemplate\":\"https:\/\/www.truzzer.com\/es\/?s={search_term_string}\"},\"query-input\":{\"@type\":\"PropertyValueSpecification\",\"valueRequired\":true,\"valueName\":\"search_term_string\"}}],\"inLanguage\":\"es\"},{\"@type\":\"Organization\",\"@id\":\"https:\/\/www.truzzer.com\/es\/#organization\",\"name\":\"truzzer\",\"url\":\"https:\/\/www.truzzer.com\/es\/\",\"logo\":{\"@type\":\"ImageObject\",\"inLanguage\":\"es\",\"@id\":\"https:\/\/www.truzzer.com\/es\/#\/schema\/logo\/image\/\",\"url\":\"https:\/\/truzzer.com\/wp-content\/uploads\/2026\/01\/truzzer-logo-black-1.svg\",\"contentUrl\":\"https:\/\/truzzer.com\/wp-content\/uploads\/2026\/01\/truzzer-logo-black-1.svg\",\"width\":938,\"height\":199,\"caption\":\"truzzer\"},\"image\":{\"@id\":\"https:\/\/www.truzzer.com\/es\/#\/schema\/logo\/image\/\"}}]}<\/script>\n<!-- \/ Yoast SEO plugin. -->","yoast_head_json":{"title":"Google Review NFC Sticker \u00abSquare\u00bb with Google ... | truzzer","description":"M\u00e1s rese\u00f1as Google con Google Review NFC Sticker \u00abSquare\u00bb with Google Review QR Code de truzzer. F\u00e1cil configuraci\u00f3n. \u00a1Pide ahora!","robots":{"index":"index","follow":"follow","max-snippet":"max-snippet:-1","max-image-preview":"max-image-preview:large","max-video-preview":"max-video-preview:-1"},"canonical":"https:\/\/www.truzzer.com\/es\/producto\/google-review-nfc-sticker-square-with-google-review-qr-code\/","og_locale":"es_ES","og_type":"article","og_title":"Google Review NFC Sticker \u00abSquare\u00bb with Google ... | truzzer","og_description":"M\u00e1s rese\u00f1as Google con Google Review NFC Sticker \u00abSquare\u00bb with Google Review QR Code de truzzer. F\u00e1cil configuraci\u00f3n. \u00a1Pide ahora!","og_url":"https:\/\/www.truzzer.com\/es\/producto\/google-review-nfc-sticker-square-with-google-review-qr-code\/","og_site_name":"truzzer","article_modified_time":"2026-02-13T09:57:54+00:00","og_image":[{"width":1200,"height":1200,"url":"https:\/\/www.truzzer.com\/wp-content\/uploads\/2026\/02\/google-review-nfc-sticker-google-qr-code-truzzer-1-2.jpg","type":"image\/jpeg"}],"twitter_card":"summary_large_image","twitter_misc":{"Tiempo de lectura":"1 minuto"},"schema":{"@context":"https:\/\/schema.org","@graph":[{"@type":"WebPage","@id":"https:\/\/www.truzzer.com\/es\/producto\/google-review-nfc-sticker-square-with-google-review-qr-code\/","url":"https:\/\/www.truzzer.com\/es\/producto\/google-review-nfc-sticker-square-with-google-review-qr-code\/","name":"Google Review NFC Sticker \u00abSquare\u00bb with Google ... | truzzer","isPartOf":{"@id":"https:\/\/www.truzzer.com\/es\/#website"},"primaryImageOfPage":{"@id":"https:\/\/www.truzzer.com\/es\/producto\/google-review-nfc-sticker-square-with-google-review-qr-code\/#primaryimage"},"image":{"@id":"https:\/\/www.truzzer.com\/es\/producto\/google-review-nfc-sticker-square-with-google-review-qr-code\/#primaryimage"},"thumbnailUrl":"https:\/\/www.truzzer.com\/wp-content\/uploads\/2026\/02\/google-review-nfc-sticker-google-qr-code-truzzer-1-2.jpg","datePublished":"2026-02-01T20:01:58+00:00","dateModified":"2026-02-13T09:57:54+00:00","description":"M\u00e1s rese\u00f1as Google con Google Review NFC Sticker \u00abSquare\u00bb with Google Review QR Code de truzzer. F\u00e1cil configuraci\u00f3n. \u00a1Pide ahora!","breadcrumb":{"@id":"https:\/\/www.truzzer.com\/es\/producto\/google-review-nfc-sticker-square-with-google-review-qr-code\/#breadcrumb"},"inLanguage":"es","potentialAction":[{"@type":"ReadAction","target":["https:\/\/www.truzzer.com\/es\/producto\/google-review-nfc-sticker-square-with-google-review-qr-code\/"]}]},{"@type":"ImageObject","inLanguage":"es","@id":"https:\/\/www.truzzer.com\/es\/producto\/google-review-nfc-sticker-square-with-google-review-qr-code\/#primaryimage","url":"https:\/\/www.truzzer.com\/wp-content\/uploads\/2026\/02\/google-review-nfc-sticker-google-qr-code-truzzer-1-2.jpg","contentUrl":"https:\/\/www.truzzer.com\/wp-content\/uploads\/2026\/02\/google-review-nfc-sticker-google-qr-code-truzzer-1-2.jpg","width":1200,"height":1200},{"@type":"BreadcrumbList","@id":"https:\/\/www.truzzer.com\/es\/producto\/google-review-nfc-sticker-square-with-google-review-qr-code\/#breadcrumb","itemListElement":[{"@type":"ListItem","position":1,"name":"Home","item":"https:\/\/www.truzzer.com\/es\/"},{"@type":"ListItem","position":2,"name":"Tienda","item":"https:\/\/www.truzzer.com\/es\/tienda\/"},{"@type":"ListItem","position":3,"name":"Google Review NFC Adhesivo \u00abCuadrado\u00bb con Google Review QR C\u00f3digo"}]},{"@type":"WebSite","@id":"https:\/\/www.truzzer.com\/es\/#website","url":"https:\/\/www.truzzer.com\/es\/","name":"truzzer","description":"Experts for customer trust","publisher":{"@id":"https:\/\/www.truzzer.com\/es\/#organization"},"potentialAction":[{"@type":"SearchAction","target":{"@type":"EntryPoint","urlTemplate":"https:\/\/www.truzzer.com\/es\/?s={search_term_string}"},"query-input":{"@type":"PropertyValueSpecification","valueRequired":true,"valueName":"search_term_string"}}],"inLanguage":"es"},{"@type":"Organization","@id":"https:\/\/www.truzzer.com\/es\/#organization","name":"truzzer","url":"https:\/\/www.truzzer.com\/es\/","logo":{"@type":"ImageObject","inLanguage":"es","@id":"https:\/\/www.truzzer.com\/es\/#\/schema\/logo\/image\/","url":"https:\/\/truzzer.com\/wp-content\/uploads\/2026\/01\/truzzer-logo-black-1.svg","contentUrl":"https:\/\/truzzer.com\/wp-content\/uploads\/2026\/01\/truzzer-logo-black-1.svg","width":938,"height":199,"caption":"truzzer"},"image":{"@id":"https:\/\/www.truzzer.com\/es\/#\/schema\/logo\/image\/"}}]}},"tiered_pricing_type":"fixed","tiered_pricing_fixed_rules":[],"tiered_pricing_product_settings":{"layout":"default","base_unit_name":{"singular":null,"plural":null},"default_variation":null},"tiered_pricing_minimum_quantity":null,"tiered_pricing_roles_data":[],"tiered_pricing_percentage_rules":[],"tiered_pricing_maximum_quantity":null,"tiered_pricing_quantity_step":null,"_links":{"self":[{"href":"https:\/\/www.truzzer.com\/es\/wp-json\/wp\/v2\/product\/98262","targetHints":{"allow":["GET"]}}],"collection":[{"href":"https:\/\/www.truzzer.com\/es\/wp-json\/wp\/v2\/product"}],"about":[{"href":"https:\/\/www.truzzer.com\/es\/wp-json\/wp\/v2\/types\/product"}],"replies":[{"embeddable":true,"href":"https:\/\/www.truzzer.com\/es\/wp-json\/wp\/v2\/comments?post=98262"}],"wp:featuredmedia":[{"embeddable":true,"href":"https:\/\/www.truzzer.com\/es\/wp-json\/wp\/v2\/media\/98265"}],"wp:attachment":[{"href":"https:\/\/www.truzzer.com\/es\/wp-json\/wp\/v2\/media?parent=98262"}],"wp:term":[{"taxonomy":"product_brand","embeddable":true,"href":"https:\/\/www.truzzer.com\/es\/wp-json\/wp\/v2\/product_brand?post=98262"},{"taxonomy":"product_cat","embeddable":true,"href":"https:\/\/www.truzzer.com\/es\/wp-json\/wp\/v2\/product_cat?post=98262"},{"taxonomy":"product_tag","embeddable":true,"href":"https:\/\/www.truzzer.com\/es\/wp-json\/wp\/v2\/product_tag?post=98262"}],"curies":[{"name":"wp","href":"https:\/\/api.w.org\/{rel}","templated":true}]}}