{"id":98267,"date":"2026-02-01T20:01:49","date_gmt":"2026-02-01T20:01:49","guid":{"rendered":"https:\/\/beta.truzzer.com\/product\/follow-us-on-instagram-nfc-business-card-tap\/"},"modified":"2026-02-13T07:59:38","modified_gmt":"2026-02-13T07:59:38","slug":"follow-us-on-instagram-nfc-business-card-tap","status":"publish","type":"product","link":"https:\/\/www.truzzer.com\/es\/producto\/follow-us-on-instagram-nfc-business-card-tap\/","title":{"rendered":"S\u00edganos en Instagram NFC Tarjeta de presentaci\u00f3n \u00abTap\u00bb"},"content":{"rendered":"<div style=\"ancho: 1280px\" class=\"wp-video\"><video class=\"wp-video-shortcode\" id=\"video-0-1\" width=\"1280\" height=\"720\" preload=\"metadatos\" controles=\"controles\"><a href=\"https:\/\/www.truzzer.de\/wp-content\/uploads\/2023\/05\/ig-card.mp4\">https:\/\/www.truzzer.de\/wp-content\/uploads\/2023\/05\/ig-card.mp4<\/a><\/video><\/div>\n<p>Las redes sociales se han convertido en una parte importante de nuestra vida diaria. Instagram es una de las plataformas m\u00e1s utilizadas, con m\u00e1s de mil millones de usuarios activos en todo el mundo. Tener presencia en Instagram es vital para que las empresas obtengan mayor alcance y visibilidad. Una forma de lograrlo es utilizando las tarjetas S\u00edguenos en Instagram NFC recomendadas.<\/p>\n<p>Estas tarjetas NFC son una forma efectiva de lograr que sus clientes sigan su cuenta Instagram. Las tarjetas se pueden colocar f\u00e1cilmente en mesas o mostradores para que los clientes las vean. Si un cliente tiene un tel\u00e9fono inteligente compatible con NFC, simplemente puede acercar el tel\u00e9fono a la tarjeta y ser\u00e1 llevado directamente a su perfil Instagram sin tener que buscarlo manualmente. Esta es una manera f\u00e1cil y conveniente para que los clientes lo sigan en Instagram.<\/p>\n<p>Pero \u00bfqu\u00e9 pasa si el cliente no tiene un tel\u00e9fono inteligente compatible con NFC? Ning\u00fan problema. Cada tarjeta tambi\u00e9n contiene un c\u00f3digo QR que el cliente puede simplemente escanear con su tel\u00e9fono inteligente para ser redirigido a su perfil Instagram. Esta es una excelente opci\u00f3n para los clientes que no tienen un tel\u00e9fono inteligente compatible con NFC o no desean utilizar la funci\u00f3n NFC.<\/p>\n<p>Al utilizar las tarjetas S\u00edguenos en Instagram NFC recomendadas, las empresas pueden obtener r\u00e1pida y f\u00e1cilmente m\u00e1s seguidores en Instagram. Estas tarjetas ofrecen una manera conveniente y efectiva de impulsar su presencia en las redes sociales y aumentar su alcance. Adem\u00e1s, son f\u00e1ciles de implementar y no requieren ning\u00fan conocimiento t\u00e9cnico especial.<\/p>\n<p>En general, usar las tarjetas recomendadas S\u00edguenos en Instagram NFC es una excelente manera para que las empresas aumenten su presencia en las redes sociales y obtengan m\u00e1s seguidores en Instagram. Incorporar la tecnolog\u00eda NFC a su estrategia de marketing puede ayudar a que su empresa se destaque de la competencia y atraiga m\u00e1s clientes.<\/p><\/p>\n","protected":false},"excerpt":{"rendered":"<h2>\u00a1Gana seguidores Instagram con tarjetas NFC!<\/h2>\n<p><strong>\u00a1Convertir clientes en seguidores de Instagram nunca ha sido tan f\u00e1cil!<\/strong><br \/>\nCon las tarjetas sin contacto Instagram NFC, puede ganar f\u00e1cilmente nuevos seguidores Instagram directamente en el sitio.<br \/>\nCon su atractivo dise\u00f1o, las Tarjetas Instagram NFC despiertan el inter\u00e9s de los clientes y la llamada a la acci\u00f3n anima a sus clientes a seguirle en Instagram.<\/p>\n<p>Todo lo que sus clientes tienen que hacer es acercar su tel\u00e9fono inteligente a la tarjeta y se abrir\u00e1 una ventana emergente en su tel\u00e9fono, que los llevar\u00e1 directamente a su perfil Instagram.<\/p>\n<p>Si el tel\u00e9fono inteligente del cliente no tiene la funci\u00f3n NFC, hay un c\u00f3digo QR alternativo en el expositor, que se puede escanear directamente con la c\u00e1mara del tel\u00e9fono inteligente <strong>&#8211; \u00a1En ambos casos no es necesaria ninguna aplicaci\u00f3n independiente!<\/strong><\/p>\n<h3><strong>As\u00ed te ayudan las tarjetas NFC a ganar m\u00e1s seguidores<br \/>\n<\/strong><\/h3>\n<\/p>\n<ul>\n<li>Sin preguntas y comentarios inc\u00f3modos. Pedido. El <strong>Call-To-Action<\/strong> anima a tus clientes a seguirte<\/li>\n<li>No lo olvides, porque los clientes conocer\u00e1n tu perfil Instagram<\/li>\n<li>Sin b\u00fasquedas ni dificultades: <strong>El enlace NFC y el c\u00f3digo Instagram QR conducen directamente a tu perfil<\/strong>(lo creamos nosotros)<strong><br \/>\n<\/strong><\/li>\n<li><strong>Accesible<\/strong>: Las tarjetas NFC hacen tangible su perfil Instagram.<\/li>\n<li>No se requiere ninguna aplicaci\u00f3n adicional.<\/li>\n<li>Llamativo: dise\u00f1o moderno<\/li>\n<\/ul>\n<p><strong>\u00a1Crearemos y vincularemos el enlace NFC y el c\u00f3digo QR a su perfil Instagram!<\/strong><strong><br \/>\n<\/strong><\/p>\n","protected":false},"featured_media":98274,"comment_status":"open","ping_status":"closed","template":"","meta":{"_acf_changed":false,"_yoast_wpseo_focuskw":"Instagram c\u00f3digo QR NFC Tag","_yoast_wpseo_title":"Follow Us On Instagram NFC Business Card \u00abTap\u00bb | truzzer","_yoast_wpseo_metadesc":"M\u00e1s seguidores en Instagram con Follow Us On Instagram NFC Business Card \u00abTap\u00bb de truzzer. F\u00e1cil configuraci\u00f3n, listo para usar. \u00a1Pide ahora!"},"product_brand":[1660],"product_cat":[582,1392],"product_tag":[],"class_list":{"0":"post-98267","1":"product","2":"type-product","3":"status-publish","4":"has-post-thumbnail","6":"product_brand-instagram","7":"product_cat-nfc-productos","8":"product_cat-seguidores-de-instagram-tarjetas-de-visita-con-nfc","9":"pa_industry-locales-diensten","10":"pa_industry-oficina-consultoria","11":"pa_industry-onroerend-goed","12":"pa_material-plastic","13":"pa_placement-balie-receptie","14":"pa_placement-folleto","15":"pa_placement-portemonnee-personallijk","16":"pa_product-type-visitekaartjes","17":"pa_technology-nfc","19":"first","20":"instock","21":"taxable","22":"shipping-taxable","23":"purchasable","24":"product-type-simple"},"acf":[],"yoast_head":"<!-- This site is optimized with the Yoast SEO plugin v27.0 - https:\/\/yoast.com\/product\/yoast-seo-wordpress\/ -->\n<title>Follow Us On Instagram NFC Business Card \u00abTap\u00bb | truzzer<\/title>\n<meta name=\"description\" content=\"M\u00e1s seguidores en Instagram con Follow Us On Instagram NFC Business Card \u00abTap\u00bb de truzzer. F\u00e1cil configuraci\u00f3n, listo para usar. \u00a1Pide ahora!\" \/>\n<meta name=\"robots\" content=\"index, follow, max-snippet:-1, max-image-preview:large, max-video-preview:-1\" \/>\n<link rel=\"canonical\" href=\"https:\/\/www.truzzer.com\/es\/producto\/follow-us-on-instagram-nfc-business-card-tap\/\" \/>\n<meta property=\"og:locale\" content=\"es_ES\" \/>\n<meta property=\"og:type\" content=\"article\" \/>\n<meta property=\"og:title\" content=\"Follow Us On Instagram NFC Business Card \u00abTap\u00bb | truzzer\" \/>\n<meta property=\"og:description\" content=\"M\u00e1s seguidores en Instagram con Follow Us On Instagram NFC Business Card \u00abTap\u00bb de truzzer. F\u00e1cil configuraci\u00f3n, listo para usar. \u00a1Pide ahora!\" \/>\n<meta property=\"og:url\" content=\"https:\/\/www.truzzer.com\/es\/producto\/follow-us-on-instagram-nfc-business-card-tap\/\" \/>\n<meta property=\"og:site_name\" content=\"truzzer\" \/>\n<meta property=\"article:modified_time\" content=\"2026-02-13T07:59:38+00:00\" \/>\n<meta property=\"og:image\" content=\"https:\/\/www.truzzer.com\/wp-content\/uploads\/2026\/02\/instagram-nfc-business-card-visitenkarte-smartcard-empfehlio-truzzer-1.jpg\" \/>\n\t<meta property=\"og:image:width\" content=\"1200\" \/>\n\t<meta property=\"og:image:height\" content=\"1200\" \/>\n\t<meta property=\"og:image:type\" content=\"image\/jpeg\" \/>\n<meta name=\"twitter:card\" content=\"summary_large_image\" \/>\n<meta name=\"twitter:label1\" content=\"Tiempo de lectura\" \/>\n\t<meta name=\"twitter:data1\" content=\"2 minutos\" \/>\n<script type=\"application\/ld+json\" class=\"yoast-schema-graph\">{\"@context\":\"https:\/\/schema.org\",\"@graph\":[{\"@type\":\"WebPage\",\"@id\":\"https:\/\/www.truzzer.com\/es\/producto\/follow-us-on-instagram-nfc-business-card-tap\/\",\"url\":\"https:\/\/www.truzzer.com\/es\/producto\/follow-us-on-instagram-nfc-business-card-tap\/\",\"name\":\"Follow Us On Instagram NFC Business Card \u00abTap\u00bb | truzzer\",\"isPartOf\":{\"@id\":\"https:\/\/www.truzzer.com\/es\/#website\"},\"primaryImageOfPage\":{\"@id\":\"https:\/\/www.truzzer.com\/es\/producto\/follow-us-on-instagram-nfc-business-card-tap\/#primaryimage\"},\"image\":{\"@id\":\"https:\/\/www.truzzer.com\/es\/producto\/follow-us-on-instagram-nfc-business-card-tap\/#primaryimage\"},\"thumbnailUrl\":\"https:\/\/www.truzzer.com\/wp-content\/uploads\/2026\/02\/instagram-nfc-business-card-visitenkarte-smartcard-empfehlio-truzzer-1.jpg\",\"datePublished\":\"2026-02-01T20:01:49+00:00\",\"dateModified\":\"2026-02-13T07:59:38+00:00\",\"description\":\"M\u00e1s seguidores en Instagram con Follow Us On Instagram NFC Business Card \u00abTap\u00bb de truzzer. F\u00e1cil configuraci\u00f3n, listo para usar. \u00a1Pide ahora!\",\"breadcrumb\":{\"@id\":\"https:\/\/www.truzzer.com\/es\/producto\/follow-us-on-instagram-nfc-business-card-tap\/#breadcrumb\"},\"inLanguage\":\"es\",\"potentialAction\":[{\"@type\":\"ReadAction\",\"target\":[\"https:\/\/www.truzzer.com\/es\/producto\/follow-us-on-instagram-nfc-business-card-tap\/\"]}]},{\"@type\":\"ImageObject\",\"inLanguage\":\"es\",\"@id\":\"https:\/\/www.truzzer.com\/es\/producto\/follow-us-on-instagram-nfc-business-card-tap\/#primaryimage\",\"url\":\"https:\/\/www.truzzer.com\/wp-content\/uploads\/2026\/02\/instagram-nfc-business-card-visitenkarte-smartcard-empfehlio-truzzer-1.jpg\",\"contentUrl\":\"https:\/\/www.truzzer.com\/wp-content\/uploads\/2026\/02\/instagram-nfc-business-card-visitenkarte-smartcard-empfehlio-truzzer-1.jpg\",\"width\":1200,\"height\":1200},{\"@type\":\"BreadcrumbList\",\"@id\":\"https:\/\/www.truzzer.com\/es\/producto\/follow-us-on-instagram-nfc-business-card-tap\/#breadcrumb\",\"itemListElement\":[{\"@type\":\"ListItem\",\"position\":1,\"name\":\"Home\",\"item\":\"https:\/\/www.truzzer.com\/es\/\"},{\"@type\":\"ListItem\",\"position\":2,\"name\":\"Tienda\",\"item\":\"https:\/\/www.truzzer.com\/es\/tienda\/\"},{\"@type\":\"ListItem\",\"position\":3,\"name\":\"S\u00edganos en Instagram NFC Tarjeta de presentaci\u00f3n \u00abTap\u00bb\"}]},{\"@type\":\"WebSite\",\"@id\":\"https:\/\/www.truzzer.com\/es\/#website\",\"url\":\"https:\/\/www.truzzer.com\/es\/\",\"name\":\"truzzer\",\"description\":\"Experts for customer trust\",\"publisher\":{\"@id\":\"https:\/\/www.truzzer.com\/es\/#organization\"},\"potentialAction\":[{\"@type\":\"SearchAction\",\"target\":{\"@type\":\"EntryPoint\",\"urlTemplate\":\"https:\/\/www.truzzer.com\/es\/?s={search_term_string}\"},\"query-input\":{\"@type\":\"PropertyValueSpecification\",\"valueRequired\":true,\"valueName\":\"search_term_string\"}}],\"inLanguage\":\"es\"},{\"@type\":\"Organization\",\"@id\":\"https:\/\/www.truzzer.com\/es\/#organization\",\"name\":\"truzzer\",\"url\":\"https:\/\/www.truzzer.com\/es\/\",\"logo\":{\"@type\":\"ImageObject\",\"inLanguage\":\"es\",\"@id\":\"https:\/\/www.truzzer.com\/es\/#\/schema\/logo\/image\/\",\"url\":\"https:\/\/truzzer.com\/wp-content\/uploads\/2026\/01\/truzzer-logo-black-1.svg\",\"contentUrl\":\"https:\/\/truzzer.com\/wp-content\/uploads\/2026\/01\/truzzer-logo-black-1.svg\",\"width\":938,\"height\":199,\"caption\":\"truzzer\"},\"image\":{\"@id\":\"https:\/\/www.truzzer.com\/es\/#\/schema\/logo\/image\/\"}}]}<\/script>\n<!-- \/ Yoast SEO plugin. -->","yoast_head_json":{"title":"Follow Us On Instagram NFC Business Card \u00abTap\u00bb | truzzer","description":"M\u00e1s seguidores en Instagram con Follow Us On Instagram NFC Business Card \u00abTap\u00bb de truzzer. F\u00e1cil configuraci\u00f3n, listo para usar. \u00a1Pide ahora!","robots":{"index":"index","follow":"follow","max-snippet":"max-snippet:-1","max-image-preview":"max-image-preview:large","max-video-preview":"max-video-preview:-1"},"canonical":"https:\/\/www.truzzer.com\/es\/producto\/follow-us-on-instagram-nfc-business-card-tap\/","og_locale":"es_ES","og_type":"article","og_title":"Follow Us On Instagram NFC Business Card \u00abTap\u00bb | truzzer","og_description":"M\u00e1s seguidores en Instagram con Follow Us On Instagram NFC Business Card \u00abTap\u00bb de truzzer. F\u00e1cil configuraci\u00f3n, listo para usar. \u00a1Pide ahora!","og_url":"https:\/\/www.truzzer.com\/es\/producto\/follow-us-on-instagram-nfc-business-card-tap\/","og_site_name":"truzzer","article_modified_time":"2026-02-13T07:59:38+00:00","og_image":[{"width":1200,"height":1200,"url":"https:\/\/www.truzzer.com\/wp-content\/uploads\/2026\/02\/instagram-nfc-business-card-visitenkarte-smartcard-empfehlio-truzzer-1.jpg","type":"image\/jpeg"}],"twitter_card":"summary_large_image","twitter_misc":{"Tiempo de lectura":"2 minutos"},"schema":{"@context":"https:\/\/schema.org","@graph":[{"@type":"WebPage","@id":"https:\/\/www.truzzer.com\/es\/producto\/follow-us-on-instagram-nfc-business-card-tap\/","url":"https:\/\/www.truzzer.com\/es\/producto\/follow-us-on-instagram-nfc-business-card-tap\/","name":"Follow Us On Instagram NFC Business Card \u00abTap\u00bb | truzzer","isPartOf":{"@id":"https:\/\/www.truzzer.com\/es\/#website"},"primaryImageOfPage":{"@id":"https:\/\/www.truzzer.com\/es\/producto\/follow-us-on-instagram-nfc-business-card-tap\/#primaryimage"},"image":{"@id":"https:\/\/www.truzzer.com\/es\/producto\/follow-us-on-instagram-nfc-business-card-tap\/#primaryimage"},"thumbnailUrl":"https:\/\/www.truzzer.com\/wp-content\/uploads\/2026\/02\/instagram-nfc-business-card-visitenkarte-smartcard-empfehlio-truzzer-1.jpg","datePublished":"2026-02-01T20:01:49+00:00","dateModified":"2026-02-13T07:59:38+00:00","description":"M\u00e1s seguidores en Instagram con Follow Us On Instagram NFC Business Card \u00abTap\u00bb de truzzer. F\u00e1cil configuraci\u00f3n, listo para usar. \u00a1Pide ahora!","breadcrumb":{"@id":"https:\/\/www.truzzer.com\/es\/producto\/follow-us-on-instagram-nfc-business-card-tap\/#breadcrumb"},"inLanguage":"es","potentialAction":[{"@type":"ReadAction","target":["https:\/\/www.truzzer.com\/es\/producto\/follow-us-on-instagram-nfc-business-card-tap\/"]}]},{"@type":"ImageObject","inLanguage":"es","@id":"https:\/\/www.truzzer.com\/es\/producto\/follow-us-on-instagram-nfc-business-card-tap\/#primaryimage","url":"https:\/\/www.truzzer.com\/wp-content\/uploads\/2026\/02\/instagram-nfc-business-card-visitenkarte-smartcard-empfehlio-truzzer-1.jpg","contentUrl":"https:\/\/www.truzzer.com\/wp-content\/uploads\/2026\/02\/instagram-nfc-business-card-visitenkarte-smartcard-empfehlio-truzzer-1.jpg","width":1200,"height":1200},{"@type":"BreadcrumbList","@id":"https:\/\/www.truzzer.com\/es\/producto\/follow-us-on-instagram-nfc-business-card-tap\/#breadcrumb","itemListElement":[{"@type":"ListItem","position":1,"name":"Home","item":"https:\/\/www.truzzer.com\/es\/"},{"@type":"ListItem","position":2,"name":"Tienda","item":"https:\/\/www.truzzer.com\/es\/tienda\/"},{"@type":"ListItem","position":3,"name":"S\u00edganos en Instagram NFC Tarjeta de presentaci\u00f3n \u00abTap\u00bb"}]},{"@type":"WebSite","@id":"https:\/\/www.truzzer.com\/es\/#website","url":"https:\/\/www.truzzer.com\/es\/","name":"truzzer","description":"Experts for customer trust","publisher":{"@id":"https:\/\/www.truzzer.com\/es\/#organization"},"potentialAction":[{"@type":"SearchAction","target":{"@type":"EntryPoint","urlTemplate":"https:\/\/www.truzzer.com\/es\/?s={search_term_string}"},"query-input":{"@type":"PropertyValueSpecification","valueRequired":true,"valueName":"search_term_string"}}],"inLanguage":"es"},{"@type":"Organization","@id":"https:\/\/www.truzzer.com\/es\/#organization","name":"truzzer","url":"https:\/\/www.truzzer.com\/es\/","logo":{"@type":"ImageObject","inLanguage":"es","@id":"https:\/\/www.truzzer.com\/es\/#\/schema\/logo\/image\/","url":"https:\/\/truzzer.com\/wp-content\/uploads\/2026\/01\/truzzer-logo-black-1.svg","contentUrl":"https:\/\/truzzer.com\/wp-content\/uploads\/2026\/01\/truzzer-logo-black-1.svg","width":938,"height":199,"caption":"truzzer"},"image":{"@id":"https:\/\/www.truzzer.com\/es\/#\/schema\/logo\/image\/"}}]}},"tiered_pricing_type":"fixed","tiered_pricing_fixed_rules":[],"tiered_pricing_product_settings":{"layout":"default","base_unit_name":{"singular":null,"plural":null},"default_variation":null},"tiered_pricing_minimum_quantity":null,"tiered_pricing_roles_data":[],"tiered_pricing_percentage_rules":[],"tiered_pricing_maximum_quantity":null,"tiered_pricing_quantity_step":null,"_links":{"self":[{"href":"https:\/\/www.truzzer.com\/es\/wp-json\/wp\/v2\/product\/98267","targetHints":{"allow":["GET"]}}],"collection":[{"href":"https:\/\/www.truzzer.com\/es\/wp-json\/wp\/v2\/product"}],"about":[{"href":"https:\/\/www.truzzer.com\/es\/wp-json\/wp\/v2\/types\/product"}],"replies":[{"embeddable":true,"href":"https:\/\/www.truzzer.com\/es\/wp-json\/wp\/v2\/comments?post=98267"}],"wp:featuredmedia":[{"embeddable":true,"href":"https:\/\/www.truzzer.com\/es\/wp-json\/wp\/v2\/media\/98274"}],"wp:attachment":[{"href":"https:\/\/www.truzzer.com\/es\/wp-json\/wp\/v2\/media?parent=98267"}],"wp:term":[{"taxonomy":"product_brand","embeddable":true,"href":"https:\/\/www.truzzer.com\/es\/wp-json\/wp\/v2\/product_brand?post=98267"},{"taxonomy":"product_cat","embeddable":true,"href":"https:\/\/www.truzzer.com\/es\/wp-json\/wp\/v2\/product_cat?post=98267"},{"taxonomy":"product_tag","embeddable":true,"href":"https:\/\/www.truzzer.com\/es\/wp-json\/wp\/v2\/product_tag?post=98267"}],"curies":[{"name":"wp","href":"https:\/\/api.w.org\/{rel}","templated":true}]}}