{"id":98280,"date":"2026-02-01T20:01:40","date_gmt":"2026-02-01T20:01:40","guid":{"rendered":"https:\/\/beta.truzzer.com\/product\/google-review-trust-stand\/"},"modified":"2026-02-13T08:00:52","modified_gmt":"2026-02-13T08:00:52","slug":"google-review-trust-stand","status":"publish","type":"product","link":"https:\/\/www.truzzer.com\/es\/producto\/google-review-trust-stand\/","title":{"rendered":"Google Soporte de confianza de revisi\u00f3n"},"content":{"rendered":"<div style=\"ancho: 848px\" class=\"wp-video\"><video class=\"wp-video-shortcode\" id=\"video-0-1\" width=\"848\" height=\"480\" preload=\"metadatos\" controles=\"controles\"><a href=\"https:\/\/www.truzzer.de\/wp-content\/uploads\/2023\/07\/google-bewertung-trust-stand-aufsteller-trophaee.mp4\">https :\/\/www.truzzer.de\/wp-content\/uploads\/2023\/07\/google-bewertung-trust-stand-aufsteller-trophaee.mp4<\/a><\/video><\/div>\n","protected":false},"excerpt":{"rendered":"<p>Obtenga m\u00e1s confianza de sus clientes, invitados y pacientes con nuestras exhibiciones\/trofeos de confianza con su puntuaci\u00f3n de calificaci\u00f3n.<\/p>\n<p>Simplemente ingrese su puntaje de calificaci\u00f3n y ordene su visualizaci\u00f3n.<\/p>\n<p>Las pantallas est\u00e1n hechas de vidrio real y la partitura est\u00e1 grabada con l\u00e1ser.<\/p>\n","protected":false},"featured_media":98284,"comment_status":"open","ping_status":"closed","template":"","meta":{"_acf_changed":false,"_yoast_wpseo_focuskw":"Rese\u00f1a Google Expositor de confianza","_yoast_wpseo_title":"Google Review Trust Stand | truzzer","_yoast_wpseo_metadesc":"M\u00e1s rese\u00f1as de 5 estrellas en Google con Google Review Trust Stand de truzzer. F\u00e1cil configuraci\u00f3n, listo para usar. \u00a1Pide ahora!"},"product_brand":[1654],"product_cat":[1415,1023,791],"product_tag":[],"class_list":{"0":"post-98280","1":"product","2":"type-product","3":"status-publish","4":"has-post-thumbnail","6":"product_brand-google","7":"product_cat-productos-trust","8":"product_cat-resena-de-google-expositores-de-mesa","9":"product_cat-resena-de-google-productos","10":"pa_industry-hotel","11":"pa_industry-practica-medica","12":"pa_industry-restaurante-cafeteria","13":"pa_material-carton","14":"pa_placement-balie-receptie","15":"pa_placement-kassa-pos","16":"pa_placement-tafel","17":"pa_product-type-displays-y-stands","18":"pa_technology-qr-code","20":"first","21":"instock","22":"taxable","23":"shipping-taxable","24":"purchasable","25":"product-type-simple"},"acf":[],"yoast_head":"<!-- This site is optimized with the Yoast SEO plugin v27.0 - https:\/\/yoast.com\/product\/yoast-seo-wordpress\/ -->\n<title>Google Review Trust Stand | truzzer<\/title>\n<meta name=\"description\" content=\"M\u00e1s rese\u00f1as de 5 estrellas en Google con Google Review Trust Stand de truzzer. F\u00e1cil configuraci\u00f3n, listo para usar. \u00a1Pide ahora!\" \/>\n<meta name=\"robots\" content=\"index, follow, max-snippet:-1, max-image-preview:large, max-video-preview:-1\" \/>\n<link rel=\"canonical\" href=\"https:\/\/www.truzzer.com\/es\/producto\/google-review-trust-stand\/\" \/>\n<meta property=\"og:locale\" content=\"es_ES\" \/>\n<meta property=\"og:type\" content=\"article\" \/>\n<meta property=\"og:title\" content=\"Google Review Trust Stand | truzzer\" \/>\n<meta property=\"og:description\" content=\"M\u00e1s rese\u00f1as de 5 estrellas en Google con Google Review Trust Stand de truzzer. F\u00e1cil configuraci\u00f3n, listo para usar. \u00a1Pide ahora!\" \/>\n<meta property=\"og:url\" content=\"https:\/\/www.truzzer.com\/es\/producto\/google-review-trust-stand\/\" \/>\n<meta property=\"og:site_name\" content=\"truzzer\" \/>\n<meta property=\"article:modified_time\" content=\"2026-02-13T08:00:52+00:00\" \/>\n<meta property=\"og:image\" content=\"https:\/\/www.truzzer.com\/wp-content\/uploads\/2026\/02\/google-trophae-1-empfehlio-full-2.png\" \/>\n\t<meta property=\"og:image:width\" content=\"1341\" \/>\n\t<meta property=\"og:image:height\" content=\"1341\" \/>\n\t<meta property=\"og:image:type\" content=\"image\/png\" \/>\n<meta name=\"twitter:card\" content=\"summary_large_image\" \/>\n<script type=\"application\/ld+json\" class=\"yoast-schema-graph\">{\"@context\":\"https:\/\/schema.org\",\"@graph\":[{\"@type\":\"WebPage\",\"@id\":\"https:\/\/www.truzzer.com\/es\/producto\/google-review-trust-stand\/\",\"url\":\"https:\/\/www.truzzer.com\/es\/producto\/google-review-trust-stand\/\",\"name\":\"Google Review Trust Stand | truzzer\",\"isPartOf\":{\"@id\":\"https:\/\/www.truzzer.com\/es\/#website\"},\"primaryImageOfPage\":{\"@id\":\"https:\/\/www.truzzer.com\/es\/producto\/google-review-trust-stand\/#primaryimage\"},\"image\":{\"@id\":\"https:\/\/www.truzzer.com\/es\/producto\/google-review-trust-stand\/#primaryimage\"},\"thumbnailUrl\":\"https:\/\/www.truzzer.com\/wp-content\/uploads\/2026\/02\/google-trophae-1-empfehlio-full-2.png\",\"datePublished\":\"2026-02-01T20:01:40+00:00\",\"dateModified\":\"2026-02-13T08:00:52+00:00\",\"description\":\"M\u00e1s rese\u00f1as de 5 estrellas en Google con Google Review Trust Stand de truzzer. F\u00e1cil configuraci\u00f3n, listo para usar. \u00a1Pide ahora!\",\"breadcrumb\":{\"@id\":\"https:\/\/www.truzzer.com\/es\/producto\/google-review-trust-stand\/#breadcrumb\"},\"inLanguage\":\"es\",\"potentialAction\":[{\"@type\":\"ReadAction\",\"target\":[\"https:\/\/www.truzzer.com\/es\/producto\/google-review-trust-stand\/\"]}]},{\"@type\":\"ImageObject\",\"inLanguage\":\"es\",\"@id\":\"https:\/\/www.truzzer.com\/es\/producto\/google-review-trust-stand\/#primaryimage\",\"url\":\"https:\/\/www.truzzer.com\/wp-content\/uploads\/2026\/02\/google-trophae-1-empfehlio-full-2.png\",\"contentUrl\":\"https:\/\/www.truzzer.com\/wp-content\/uploads\/2026\/02\/google-trophae-1-empfehlio-full-2.png\",\"width\":1341,\"height\":1341},{\"@type\":\"BreadcrumbList\",\"@id\":\"https:\/\/www.truzzer.com\/es\/producto\/google-review-trust-stand\/#breadcrumb\",\"itemListElement\":[{\"@type\":\"ListItem\",\"position\":1,\"name\":\"Home\",\"item\":\"https:\/\/www.truzzer.com\/es\/\"},{\"@type\":\"ListItem\",\"position\":2,\"name\":\"Tienda\",\"item\":\"https:\/\/www.truzzer.com\/es\/tienda\/\"},{\"@type\":\"ListItem\",\"position\":3,\"name\":\"Google Soporte de confianza de revisi\u00f3n\"}]},{\"@type\":\"WebSite\",\"@id\":\"https:\/\/www.truzzer.com\/es\/#website\",\"url\":\"https:\/\/www.truzzer.com\/es\/\",\"name\":\"truzzer\",\"description\":\"Experts for customer trust\",\"publisher\":{\"@id\":\"https:\/\/www.truzzer.com\/es\/#organization\"},\"potentialAction\":[{\"@type\":\"SearchAction\",\"target\":{\"@type\":\"EntryPoint\",\"urlTemplate\":\"https:\/\/www.truzzer.com\/es\/?s={search_term_string}\"},\"query-input\":{\"@type\":\"PropertyValueSpecification\",\"valueRequired\":true,\"valueName\":\"search_term_string\"}}],\"inLanguage\":\"es\"},{\"@type\":\"Organization\",\"@id\":\"https:\/\/www.truzzer.com\/es\/#organization\",\"name\":\"truzzer\",\"url\":\"https:\/\/www.truzzer.com\/es\/\",\"logo\":{\"@type\":\"ImageObject\",\"inLanguage\":\"es\",\"@id\":\"https:\/\/www.truzzer.com\/es\/#\/schema\/logo\/image\/\",\"url\":\"https:\/\/truzzer.com\/wp-content\/uploads\/2026\/01\/truzzer-logo-black-1.svg\",\"contentUrl\":\"https:\/\/truzzer.com\/wp-content\/uploads\/2026\/01\/truzzer-logo-black-1.svg\",\"width\":938,\"height\":199,\"caption\":\"truzzer\"},\"image\":{\"@id\":\"https:\/\/www.truzzer.com\/es\/#\/schema\/logo\/image\/\"}}]}<\/script>\n<!-- \/ Yoast SEO plugin. -->","yoast_head_json":{"title":"Google Review Trust Stand | truzzer","description":"M\u00e1s rese\u00f1as de 5 estrellas en Google con Google Review Trust Stand de truzzer. F\u00e1cil configuraci\u00f3n, listo para usar. \u00a1Pide ahora!","robots":{"index":"index","follow":"follow","max-snippet":"max-snippet:-1","max-image-preview":"max-image-preview:large","max-video-preview":"max-video-preview:-1"},"canonical":"https:\/\/www.truzzer.com\/es\/producto\/google-review-trust-stand\/","og_locale":"es_ES","og_type":"article","og_title":"Google Review Trust Stand | truzzer","og_description":"M\u00e1s rese\u00f1as de 5 estrellas en Google con Google Review Trust Stand de truzzer. F\u00e1cil configuraci\u00f3n, listo para usar. \u00a1Pide ahora!","og_url":"https:\/\/www.truzzer.com\/es\/producto\/google-review-trust-stand\/","og_site_name":"truzzer","article_modified_time":"2026-02-13T08:00:52+00:00","og_image":[{"width":1341,"height":1341,"url":"https:\/\/www.truzzer.com\/wp-content\/uploads\/2026\/02\/google-trophae-1-empfehlio-full-2.png","type":"image\/png"}],"twitter_card":"summary_large_image","schema":{"@context":"https:\/\/schema.org","@graph":[{"@type":"WebPage","@id":"https:\/\/www.truzzer.com\/es\/producto\/google-review-trust-stand\/","url":"https:\/\/www.truzzer.com\/es\/producto\/google-review-trust-stand\/","name":"Google Review Trust Stand | truzzer","isPartOf":{"@id":"https:\/\/www.truzzer.com\/es\/#website"},"primaryImageOfPage":{"@id":"https:\/\/www.truzzer.com\/es\/producto\/google-review-trust-stand\/#primaryimage"},"image":{"@id":"https:\/\/www.truzzer.com\/es\/producto\/google-review-trust-stand\/#primaryimage"},"thumbnailUrl":"https:\/\/www.truzzer.com\/wp-content\/uploads\/2026\/02\/google-trophae-1-empfehlio-full-2.png","datePublished":"2026-02-01T20:01:40+00:00","dateModified":"2026-02-13T08:00:52+00:00","description":"M\u00e1s rese\u00f1as de 5 estrellas en Google con Google Review Trust Stand de truzzer. F\u00e1cil configuraci\u00f3n, listo para usar. \u00a1Pide ahora!","breadcrumb":{"@id":"https:\/\/www.truzzer.com\/es\/producto\/google-review-trust-stand\/#breadcrumb"},"inLanguage":"es","potentialAction":[{"@type":"ReadAction","target":["https:\/\/www.truzzer.com\/es\/producto\/google-review-trust-stand\/"]}]},{"@type":"ImageObject","inLanguage":"es","@id":"https:\/\/www.truzzer.com\/es\/producto\/google-review-trust-stand\/#primaryimage","url":"https:\/\/www.truzzer.com\/wp-content\/uploads\/2026\/02\/google-trophae-1-empfehlio-full-2.png","contentUrl":"https:\/\/www.truzzer.com\/wp-content\/uploads\/2026\/02\/google-trophae-1-empfehlio-full-2.png","width":1341,"height":1341},{"@type":"BreadcrumbList","@id":"https:\/\/www.truzzer.com\/es\/producto\/google-review-trust-stand\/#breadcrumb","itemListElement":[{"@type":"ListItem","position":1,"name":"Home","item":"https:\/\/www.truzzer.com\/es\/"},{"@type":"ListItem","position":2,"name":"Tienda","item":"https:\/\/www.truzzer.com\/es\/tienda\/"},{"@type":"ListItem","position":3,"name":"Google Soporte de confianza de revisi\u00f3n"}]},{"@type":"WebSite","@id":"https:\/\/www.truzzer.com\/es\/#website","url":"https:\/\/www.truzzer.com\/es\/","name":"truzzer","description":"Experts for customer trust","publisher":{"@id":"https:\/\/www.truzzer.com\/es\/#organization"},"potentialAction":[{"@type":"SearchAction","target":{"@type":"EntryPoint","urlTemplate":"https:\/\/www.truzzer.com\/es\/?s={search_term_string}"},"query-input":{"@type":"PropertyValueSpecification","valueRequired":true,"valueName":"search_term_string"}}],"inLanguage":"es"},{"@type":"Organization","@id":"https:\/\/www.truzzer.com\/es\/#organization","name":"truzzer","url":"https:\/\/www.truzzer.com\/es\/","logo":{"@type":"ImageObject","inLanguage":"es","@id":"https:\/\/www.truzzer.com\/es\/#\/schema\/logo\/image\/","url":"https:\/\/truzzer.com\/wp-content\/uploads\/2026\/01\/truzzer-logo-black-1.svg","contentUrl":"https:\/\/truzzer.com\/wp-content\/uploads\/2026\/01\/truzzer-logo-black-1.svg","width":938,"height":199,"caption":"truzzer"},"image":{"@id":"https:\/\/www.truzzer.com\/es\/#\/schema\/logo\/image\/"}}]}},"tiered_pricing_type":"fixed","tiered_pricing_fixed_rules":[],"tiered_pricing_product_settings":{"layout":"default","base_unit_name":{"singular":null,"plural":null},"default_variation":null},"tiered_pricing_minimum_quantity":null,"tiered_pricing_roles_data":[],"tiered_pricing_percentage_rules":[],"tiered_pricing_maximum_quantity":null,"tiered_pricing_quantity_step":null,"_links":{"self":[{"href":"https:\/\/www.truzzer.com\/es\/wp-json\/wp\/v2\/product\/98280","targetHints":{"allow":["GET"]}}],"collection":[{"href":"https:\/\/www.truzzer.com\/es\/wp-json\/wp\/v2\/product"}],"about":[{"href":"https:\/\/www.truzzer.com\/es\/wp-json\/wp\/v2\/types\/product"}],"replies":[{"embeddable":true,"href":"https:\/\/www.truzzer.com\/es\/wp-json\/wp\/v2\/comments?post=98280"}],"wp:featuredmedia":[{"embeddable":true,"href":"https:\/\/www.truzzer.com\/es\/wp-json\/wp\/v2\/media\/98284"}],"wp:attachment":[{"href":"https:\/\/www.truzzer.com\/es\/wp-json\/wp\/v2\/media?parent=98280"}],"wp:term":[{"taxonomy":"product_brand","embeddable":true,"href":"https:\/\/www.truzzer.com\/es\/wp-json\/wp\/v2\/product_brand?post=98280"},{"taxonomy":"product_cat","embeddable":true,"href":"https:\/\/www.truzzer.com\/es\/wp-json\/wp\/v2\/product_cat?post=98280"},{"taxonomy":"product_tag","embeddable":true,"href":"https:\/\/www.truzzer.com\/es\/wp-json\/wp\/v2\/product_tag?post=98280"}],"curies":[{"name":"wp","href":"https:\/\/api.w.org\/{rel}","templated":true}]}}