{"id":98301,"date":"2026-02-01T20:01:13","date_gmt":"2026-02-01T20:01:13","guid":{"rendered":"https:\/\/beta.truzzer.com\/product\/tripadvisor-review-nfc-card-tap-with-tripadvisor-review-qr-code\/"},"modified":"2026-02-13T08:04:39","modified_gmt":"2026-02-13T08:04:39","slug":"tripadvisor-review-nfc-card-tap-with-tripadvisor-review-qr-code","status":"publish","type":"product","link":"https:\/\/www.truzzer.com\/es\/producto\/tripadvisor-review-nfc-card-tap-with-tripadvisor-review-qr-code\/","title":{"rendered":"TripAdvisor Revisar NFC Tarjeta \u00abTap\u00bb con TripAdvisor Revisar C\u00f3digo QR"},"content":{"rendered":"<h2>\u00a1Obtenga m\u00e1s rese\u00f1as de TripAdvisor con las tarjetas de c\u00f3digos \u00abToque\u00bb de truzzer de revisi\u00f3n NFC QR!<\/h2>\n<p>Con las <strong>Tarjetas de rese\u00f1as truzzer TripAdvisor<\/strong> con enlaces NFC, puede recibir r\u00e1pidamente rese\u00f1as positivas de sus clientes satisfechos directamente en la ubicaci\u00f3n de su empresa.<br \/>\n-Resistente a la intemperie<br \/>\n-Muestra a tus clientes que tambi\u00e9n pueden encontrarte en TripAdvisor<br \/>\n-Hecho a medida espec\u00edficamente para ti<\/p>\n","protected":false},"excerpt":{"rendered":"<div class=\"woocommerce-product-details__short-description\">\n<h2>Obtenga m\u00e1s rese\u00f1as de TripAdvisor con las tarjetas de rese\u00f1a NFC<\/h2>\n<p><strong>\u00a1Obtener rese\u00f1as de TripAdvisor de los clientes nunca ha sido tan f\u00e1cil!<\/strong><br \/>\nCon las tarjetas TripAdvisor Reviews NFC sin contacto, puede obtener f\u00e1cilmente nuevas revisiones TripAdvisor directamente en el sitio.<br \/>\nEl llamativo dise\u00f1o de las tarjetas TripAdvisor Review NFC despierta la atenci\u00f3n de los clientes. inter\u00e9s y el llamado a la acci\u00f3n los alienta a revisar su negocio en TripAdvisor.<br \/>\nTodo lo que sus clientes deben hacer es sostener su tel\u00e9fono inteligente cerca de las tarjetas NFC y se abrir\u00e1 una ventana emergente en su tel\u00e9fono que los llevar\u00e1 directamente a su formulario de revisi\u00f3n.<\/p>\n<p>Si los clientes&#8217; Los tel\u00e9fonos inteligentes no tienen la funcionalidad NFC, hay un c\u00f3digo QR alternativo disponible en la parte posterior de las tarjetas NFC, que se puede escanear directamente usando la c\u00e1mara del tel\u00e9fono inteligente <strong>&#8211; \u00a1En ambos casos, no se requiere ninguna aplicaci\u00f3n independiente!<\/strong><\/p>\n<h3><strong>C\u00f3mo las tarjetas NFC le ayudan a obtener m\u00e1s rese\u00f1as de TripAdvisor<\/strong><\/h3>\n<p>Las tarjetas NFC eliminan los mayores obst\u00e1culos tanto para usted como para sus clientes cuando se trata de revisiones de TripAdvisor:<\/p>\n<ul>\n<li>No m\u00e1s preguntas o s\u00faplicas inc\u00f3modas. El <strong>Llamado a la acci\u00f3n<\/strong> se encarga de solicitar revisiones de TripAdvisor por usted.<\/li>\n<li>No m\u00e1s olvidos, ya que se recuerda a los clientes que dejen una rese\u00f1a de TripAdvisor.<\/li>\n<li>Sin b\u00fasqueda ni dificultad: <strong>El enlace NFC y el c\u00f3digo TripAdvisor Review QR conducen directamente a su formulario de revisi\u00f3n<\/strong> (que creamos para usted)<strong><br \/>\n<\/strong><\/li>\n<li><strong>Tangible:<\/strong> Las tarjetas NFC hacen que el proceso de revisi\u00f3n sea m\u00e1s tangible.<\/li>\n<li>No se requiere ninguna aplicaci\u00f3n adicional.<\/li>\n<li>Atraer todas las miradas: dise\u00f1o moderno<\/li>\n<\/ul>\n<p><strong>\u00a1Nos encargamos de la creaci\u00f3n y vinculaci\u00f3n del enlace NFC y el c\u00f3digo QR para revisiones directas en su perfil TripAdvisor!<\/strong><strong><br \/>\n<\/strong><\/p>\n<\/div>\n","protected":false},"featured_media":98311,"comment_status":"open","ping_status":"closed","template":"","meta":{"_acf_changed":false,"_yoast_wpseo_focuskw":"Rese\u00f1a TripAdvisor Tarjeta NFC","_yoast_wpseo_title":"TripAdvisor Review NFC Card \u00abTap\u00bb with TripAdvi... | truzzer","_yoast_wpseo_metadesc":"M\u00e1s rese\u00f1as TripAdvisor con TripAdvisor Review NFC Card \u00abTap\u00bb with TripAdvisor Review QR Code de truzzer. F\u00e1cil configuraci\u00f3n. \u00a1Pide ahora!"},"product_brand":[1691],"product_cat":[582,583,1381,1417,1418],"product_tag":[],"class_list":{"0":"post-98301","1":"product","2":"type-product","3":"status-publish","4":"has-post-thumbnail","6":"product_brand-tripadvisor","7":"product_cat-nfc-productos","8":"product_cat-nfc-tarjetas-de-visita","9":"product_cat-resenas-de-tripadvisor-productos","10":"product_cat-resenas-de-tripadvisor-tarjetas-de-visita","11":"product_cat-resenas-de-tripadvisor-tarjetas-de-visita-con-qr-nfc","12":"pa_industry-locales-diensten","13":"pa_industry-oficina-consultoria","14":"pa_industry-onroerend-goed","15":"pa_material-carton","16":"pa_material-plastic","17":"pa_orientation-portrett","18":"pa_placement-balie-receptie","19":"pa_placement-folleto","20":"pa_placement-portemonnee-personallijk","21":"pa_product-type-visitekaartjes","22":"pa_shape-rechthoek","23":"pa_technology-nfc","24":"pa_technology-qr-nfc","25":"pa_technology-qrnfc","27":"first","28":"instock","29":"taxable","30":"shipping-taxable","31":"purchasable","32":"product-type-simple"},"acf":[],"yoast_head":"<!-- This site is optimized with the Yoast SEO plugin v27.0 - https:\/\/yoast.com\/product\/yoast-seo-wordpress\/ -->\n<title>TripAdvisor Review NFC Card \u00abTap\u00bb with TripAdvi... | truzzer<\/title>\n<meta name=\"description\" content=\"M\u00e1s rese\u00f1as TripAdvisor con TripAdvisor Review NFC Card \u00abTap\u00bb with TripAdvisor Review QR Code de truzzer. F\u00e1cil configuraci\u00f3n. \u00a1Pide ahora!\" \/>\n<meta name=\"robots\" content=\"index, follow, max-snippet:-1, max-image-preview:large, max-video-preview:-1\" \/>\n<link rel=\"canonical\" href=\"https:\/\/www.truzzer.com\/es\/producto\/tripadvisor-review-nfc-card-tap-with-tripadvisor-review-qr-code\/\" \/>\n<meta property=\"og:locale\" content=\"es_ES\" \/>\n<meta property=\"og:type\" content=\"article\" \/>\n<meta property=\"og:title\" content=\"TripAdvisor Review NFC Card \u00abTap\u00bb with TripAdvi... | truzzer\" \/>\n<meta property=\"og:description\" content=\"M\u00e1s rese\u00f1as TripAdvisor con TripAdvisor Review NFC Card \u00abTap\u00bb with TripAdvisor Review QR Code de truzzer. F\u00e1cil configuraci\u00f3n. \u00a1Pide ahora!\" \/>\n<meta property=\"og:url\" content=\"https:\/\/www.truzzer.com\/es\/producto\/tripadvisor-review-nfc-card-tap-with-tripadvisor-review-qr-code\/\" \/>\n<meta property=\"og:site_name\" content=\"truzzer\" \/>\n<meta property=\"article:modified_time\" content=\"2026-02-13T08:04:39+00:00\" \/>\n<meta property=\"og:image\" content=\"https:\/\/www.truzzer.com\/wp-content\/uploads\/2026\/02\/tripadvisor-review-nfc-card-s-2.jpg\" \/>\n\t<meta property=\"og:image:width\" content=\"1200\" \/>\n\t<meta property=\"og:image:height\" content=\"1200\" \/>\n\t<meta property=\"og:image:type\" content=\"image\/jpeg\" \/>\n<meta name=\"twitter:card\" content=\"summary_large_image\" \/>\n<script type=\"application\/ld+json\" class=\"yoast-schema-graph\">{\"@context\":\"https:\/\/schema.org\",\"@graph\":[{\"@type\":\"WebPage\",\"@id\":\"https:\/\/www.truzzer.com\/es\/producto\/tripadvisor-review-nfc-card-tap-with-tripadvisor-review-qr-code\/\",\"url\":\"https:\/\/www.truzzer.com\/es\/producto\/tripadvisor-review-nfc-card-tap-with-tripadvisor-review-qr-code\/\",\"name\":\"TripAdvisor Review NFC Card \u00abTap\u00bb with TripAdvi... | truzzer\",\"isPartOf\":{\"@id\":\"https:\/\/www.truzzer.com\/es\/#website\"},\"primaryImageOfPage\":{\"@id\":\"https:\/\/www.truzzer.com\/es\/producto\/tripadvisor-review-nfc-card-tap-with-tripadvisor-review-qr-code\/#primaryimage\"},\"image\":{\"@id\":\"https:\/\/www.truzzer.com\/es\/producto\/tripadvisor-review-nfc-card-tap-with-tripadvisor-review-qr-code\/#primaryimage\"},\"thumbnailUrl\":\"https:\/\/www.truzzer.com\/wp-content\/uploads\/2026\/02\/tripadvisor-review-nfc-card-s-2.jpg\",\"datePublished\":\"2026-02-01T20:01:13+00:00\",\"dateModified\":\"2026-02-13T08:04:39+00:00\",\"description\":\"M\u00e1s rese\u00f1as TripAdvisor con TripAdvisor Review NFC Card \u00abTap\u00bb with TripAdvisor Review QR Code de truzzer. F\u00e1cil configuraci\u00f3n. \u00a1Pide ahora!\",\"breadcrumb\":{\"@id\":\"https:\/\/www.truzzer.com\/es\/producto\/tripadvisor-review-nfc-card-tap-with-tripadvisor-review-qr-code\/#breadcrumb\"},\"inLanguage\":\"es\",\"potentialAction\":[{\"@type\":\"ReadAction\",\"target\":[\"https:\/\/www.truzzer.com\/es\/producto\/tripadvisor-review-nfc-card-tap-with-tripadvisor-review-qr-code\/\"]}]},{\"@type\":\"ImageObject\",\"inLanguage\":\"es\",\"@id\":\"https:\/\/www.truzzer.com\/es\/producto\/tripadvisor-review-nfc-card-tap-with-tripadvisor-review-qr-code\/#primaryimage\",\"url\":\"https:\/\/www.truzzer.com\/wp-content\/uploads\/2026\/02\/tripadvisor-review-nfc-card-s-2.jpg\",\"contentUrl\":\"https:\/\/www.truzzer.com\/wp-content\/uploads\/2026\/02\/tripadvisor-review-nfc-card-s-2.jpg\",\"width\":1200,\"height\":1200},{\"@type\":\"BreadcrumbList\",\"@id\":\"https:\/\/www.truzzer.com\/es\/producto\/tripadvisor-review-nfc-card-tap-with-tripadvisor-review-qr-code\/#breadcrumb\",\"itemListElement\":[{\"@type\":\"ListItem\",\"position\":1,\"name\":\"Home\",\"item\":\"https:\/\/www.truzzer.com\/es\/\"},{\"@type\":\"ListItem\",\"position\":2,\"name\":\"Tienda\",\"item\":\"https:\/\/www.truzzer.com\/es\/tienda\/\"},{\"@type\":\"ListItem\",\"position\":3,\"name\":\"TripAdvisor Revisar NFC Tarjeta &#8220;Tap&#8221; con TripAdvisor Revisar C\u00f3digo QR\"}]},{\"@type\":\"WebSite\",\"@id\":\"https:\/\/www.truzzer.com\/es\/#website\",\"url\":\"https:\/\/www.truzzer.com\/es\/\",\"name\":\"truzzer\",\"description\":\"Experts for customer trust\",\"publisher\":{\"@id\":\"https:\/\/www.truzzer.com\/es\/#organization\"},\"potentialAction\":[{\"@type\":\"SearchAction\",\"target\":{\"@type\":\"EntryPoint\",\"urlTemplate\":\"https:\/\/www.truzzer.com\/es\/?s={search_term_string}\"},\"query-input\":{\"@type\":\"PropertyValueSpecification\",\"valueRequired\":true,\"valueName\":\"search_term_string\"}}],\"inLanguage\":\"es\"},{\"@type\":\"Organization\",\"@id\":\"https:\/\/www.truzzer.com\/es\/#organization\",\"name\":\"truzzer\",\"url\":\"https:\/\/www.truzzer.com\/es\/\",\"logo\":{\"@type\":\"ImageObject\",\"inLanguage\":\"es\",\"@id\":\"https:\/\/www.truzzer.com\/es\/#\/schema\/logo\/image\/\",\"url\":\"https:\/\/truzzer.com\/wp-content\/uploads\/2026\/01\/truzzer-logo-black-1.svg\",\"contentUrl\":\"https:\/\/truzzer.com\/wp-content\/uploads\/2026\/01\/truzzer-logo-black-1.svg\",\"width\":938,\"height\":199,\"caption\":\"truzzer\"},\"image\":{\"@id\":\"https:\/\/www.truzzer.com\/es\/#\/schema\/logo\/image\/\"}}]}<\/script>\n<!-- \/ Yoast SEO plugin. -->","yoast_head_json":{"title":"TripAdvisor Review NFC Card \u00abTap\u00bb with TripAdvi... | truzzer","description":"M\u00e1s rese\u00f1as TripAdvisor con TripAdvisor Review NFC Card \u00abTap\u00bb with TripAdvisor Review QR Code de truzzer. F\u00e1cil configuraci\u00f3n. \u00a1Pide ahora!","robots":{"index":"index","follow":"follow","max-snippet":"max-snippet:-1","max-image-preview":"max-image-preview:large","max-video-preview":"max-video-preview:-1"},"canonical":"https:\/\/www.truzzer.com\/es\/producto\/tripadvisor-review-nfc-card-tap-with-tripadvisor-review-qr-code\/","og_locale":"es_ES","og_type":"article","og_title":"TripAdvisor Review NFC Card \u00abTap\u00bb with TripAdvi... | truzzer","og_description":"M\u00e1s rese\u00f1as TripAdvisor con TripAdvisor Review NFC Card \u00abTap\u00bb with TripAdvisor Review QR Code de truzzer. F\u00e1cil configuraci\u00f3n. \u00a1Pide ahora!","og_url":"https:\/\/www.truzzer.com\/es\/producto\/tripadvisor-review-nfc-card-tap-with-tripadvisor-review-qr-code\/","og_site_name":"truzzer","article_modified_time":"2026-02-13T08:04:39+00:00","og_image":[{"width":1200,"height":1200,"url":"https:\/\/www.truzzer.com\/wp-content\/uploads\/2026\/02\/tripadvisor-review-nfc-card-s-2.jpg","type":"image\/jpeg"}],"twitter_card":"summary_large_image","schema":{"@context":"https:\/\/schema.org","@graph":[{"@type":"WebPage","@id":"https:\/\/www.truzzer.com\/es\/producto\/tripadvisor-review-nfc-card-tap-with-tripadvisor-review-qr-code\/","url":"https:\/\/www.truzzer.com\/es\/producto\/tripadvisor-review-nfc-card-tap-with-tripadvisor-review-qr-code\/","name":"TripAdvisor Review NFC Card \u00abTap\u00bb with TripAdvi... | truzzer","isPartOf":{"@id":"https:\/\/www.truzzer.com\/es\/#website"},"primaryImageOfPage":{"@id":"https:\/\/www.truzzer.com\/es\/producto\/tripadvisor-review-nfc-card-tap-with-tripadvisor-review-qr-code\/#primaryimage"},"image":{"@id":"https:\/\/www.truzzer.com\/es\/producto\/tripadvisor-review-nfc-card-tap-with-tripadvisor-review-qr-code\/#primaryimage"},"thumbnailUrl":"https:\/\/www.truzzer.com\/wp-content\/uploads\/2026\/02\/tripadvisor-review-nfc-card-s-2.jpg","datePublished":"2026-02-01T20:01:13+00:00","dateModified":"2026-02-13T08:04:39+00:00","description":"M\u00e1s rese\u00f1as TripAdvisor con TripAdvisor Review NFC Card \u00abTap\u00bb with TripAdvisor Review QR Code de truzzer. F\u00e1cil configuraci\u00f3n. \u00a1Pide ahora!","breadcrumb":{"@id":"https:\/\/www.truzzer.com\/es\/producto\/tripadvisor-review-nfc-card-tap-with-tripadvisor-review-qr-code\/#breadcrumb"},"inLanguage":"es","potentialAction":[{"@type":"ReadAction","target":["https:\/\/www.truzzer.com\/es\/producto\/tripadvisor-review-nfc-card-tap-with-tripadvisor-review-qr-code\/"]}]},{"@type":"ImageObject","inLanguage":"es","@id":"https:\/\/www.truzzer.com\/es\/producto\/tripadvisor-review-nfc-card-tap-with-tripadvisor-review-qr-code\/#primaryimage","url":"https:\/\/www.truzzer.com\/wp-content\/uploads\/2026\/02\/tripadvisor-review-nfc-card-s-2.jpg","contentUrl":"https:\/\/www.truzzer.com\/wp-content\/uploads\/2026\/02\/tripadvisor-review-nfc-card-s-2.jpg","width":1200,"height":1200},{"@type":"BreadcrumbList","@id":"https:\/\/www.truzzer.com\/es\/producto\/tripadvisor-review-nfc-card-tap-with-tripadvisor-review-qr-code\/#breadcrumb","itemListElement":[{"@type":"ListItem","position":1,"name":"Home","item":"https:\/\/www.truzzer.com\/es\/"},{"@type":"ListItem","position":2,"name":"Tienda","item":"https:\/\/www.truzzer.com\/es\/tienda\/"},{"@type":"ListItem","position":3,"name":"TripAdvisor Revisar NFC Tarjeta &#8220;Tap&#8221; con TripAdvisor Revisar C\u00f3digo QR"}]},{"@type":"WebSite","@id":"https:\/\/www.truzzer.com\/es\/#website","url":"https:\/\/www.truzzer.com\/es\/","name":"truzzer","description":"Experts for customer trust","publisher":{"@id":"https:\/\/www.truzzer.com\/es\/#organization"},"potentialAction":[{"@type":"SearchAction","target":{"@type":"EntryPoint","urlTemplate":"https:\/\/www.truzzer.com\/es\/?s={search_term_string}"},"query-input":{"@type":"PropertyValueSpecification","valueRequired":true,"valueName":"search_term_string"}}],"inLanguage":"es"},{"@type":"Organization","@id":"https:\/\/www.truzzer.com\/es\/#organization","name":"truzzer","url":"https:\/\/www.truzzer.com\/es\/","logo":{"@type":"ImageObject","inLanguage":"es","@id":"https:\/\/www.truzzer.com\/es\/#\/schema\/logo\/image\/","url":"https:\/\/truzzer.com\/wp-content\/uploads\/2026\/01\/truzzer-logo-black-1.svg","contentUrl":"https:\/\/truzzer.com\/wp-content\/uploads\/2026\/01\/truzzer-logo-black-1.svg","width":938,"height":199,"caption":"truzzer"},"image":{"@id":"https:\/\/www.truzzer.com\/es\/#\/schema\/logo\/image\/"}}]}},"tiered_pricing_type":"fixed","tiered_pricing_fixed_rules":[],"tiered_pricing_product_settings":{"layout":"default","base_unit_name":{"singular":null,"plural":null},"default_variation":null},"tiered_pricing_minimum_quantity":null,"tiered_pricing_roles_data":[],"tiered_pricing_percentage_rules":[],"tiered_pricing_maximum_quantity":null,"tiered_pricing_quantity_step":null,"_links":{"self":[{"href":"https:\/\/www.truzzer.com\/es\/wp-json\/wp\/v2\/product\/98301","targetHints":{"allow":["GET"]}}],"collection":[{"href":"https:\/\/www.truzzer.com\/es\/wp-json\/wp\/v2\/product"}],"about":[{"href":"https:\/\/www.truzzer.com\/es\/wp-json\/wp\/v2\/types\/product"}],"replies":[{"embeddable":true,"href":"https:\/\/www.truzzer.com\/es\/wp-json\/wp\/v2\/comments?post=98301"}],"wp:featuredmedia":[{"embeddable":true,"href":"https:\/\/www.truzzer.com\/es\/wp-json\/wp\/v2\/media\/98311"}],"wp:attachment":[{"href":"https:\/\/www.truzzer.com\/es\/wp-json\/wp\/v2\/media?parent=98301"}],"wp:term":[{"taxonomy":"product_brand","embeddable":true,"href":"https:\/\/www.truzzer.com\/es\/wp-json\/wp\/v2\/product_brand?post=98301"},{"taxonomy":"product_cat","embeddable":true,"href":"https:\/\/www.truzzer.com\/es\/wp-json\/wp\/v2\/product_cat?post=98301"},{"taxonomy":"product_tag","embeddable":true,"href":"https:\/\/www.truzzer.com\/es\/wp-json\/wp\/v2\/product_tag?post=98301"}],"curies":[{"name":"wp","href":"https:\/\/api.w.org\/{rel}","templated":true}]}}