{"id":98315,"date":"2026-02-01T20:00:56","date_gmt":"2026-02-01T20:00:56","guid":{"rendered":"https:\/\/beta.truzzer.com\/product\/review-us-on-tripadvisor-nfc-stand-display\/"},"modified":"2026-02-13T08:05:51","modified_gmt":"2026-02-13T08:05:51","slug":"review-us-on-tripadvisor-nfc-stand-display","status":"publish","type":"product","link":"https:\/\/www.truzzer.com\/es\/producto\/review-us-on-tripadvisor-nfc-stand-display\/","title":{"rendered":"Rese\u00f1anos en TripAdvisor NFC Soporte\/Pantalla"},"content":{"rendered":"","protected":false},"excerpt":{"rendered":"<h2>Obtenga rese\u00f1as de TripAdvisor con NFC<\/h2>\n<p><strong>\u00a1Obtener opiniones de clientes sobre TripAdvisor nunca ha sido tan f\u00e1cil!<\/strong><br \/>\nCon los soportes\/expositores TripAdvisor reviews NFC sin contacto, puedes ganar f\u00e1cilmente nuevos reviews TripAdvisor directamente en el sitio.<br \/>\nCon su atractivo dise\u00f1o, la tabla de calificaci\u00f3n Google despierta el inter\u00e9s de los clientes y el llamado a la acci\u00f3n anima a sus clientes a opinar sobre usted en TripAdvisor.<\/p>\n<p>Todo lo que sus clientes tienen que hacer es acercar su tel\u00e9fono inteligente al usuario de pie y se abrir\u00e1 una ventana emergente en su tel\u00e9fono, que los conducir\u00e1 directamente a su formulario de revisi\u00f3n.<\/p>\n<p>Si el tel\u00e9fono inteligente del cliente no tiene la funci\u00f3n NFC, hay un c\u00f3digo QR alternativo en el expositor, que se puede escanear directamente con la c\u00e1mara del tel\u00e9fono inteligente <strong>&#8211; \u00a1En ambos casos no es necesaria ninguna aplicaci\u00f3n independiente!<\/strong><\/p>\n<h3><strong>As\u00ed es como los expositores de NFC le ayudan a obtener m\u00e1s calificaciones de TripAdvisor<br \/>\n<\/strong><\/h3>\n<p>Las pantallas NFC superan a usted y a sus clientes los mayores obst\u00e1culos en la clasificaci\u00f3n TripAdvisor:<\/p>\n<ul>\n<li>Sin preguntas y comentarios inc\u00f3modos. Pregunte, solo col\u00f3quelo en el sitio. El <strong>Llamado a la acci\u00f3n<\/strong> se hace cargo de la solicitud de revisi\u00f3n de TripAdvisor por usted<\/li>\n<li>No lo olvides, porque a los clientes se les recordar\u00e1 la calificaci\u00f3n TripAdvisor.<\/li>\n<li>Sin b\u00fasquedas ni complicaciones: <strong>El enlace NFC y el C\u00f3digo QR de revisi\u00f3n TripAdvisor conducen directamente a su formulario de revisi\u00f3n<\/strong> (lo crearemos para usted)<strong><br \/>\n<\/strong><\/li>\n<li><strong>Tocable<\/strong>: las pantallas hacen que la rese\u00f1a sea tangible.<\/li>\n<li>No se requiere ninguna aplicaci\u00f3n adicional.<\/li>\n<li>Llamativo: dise\u00f1o moderno<\/li>\n<\/ul>\n<p><strong>\u00a1Crearemos y vincularemos el enlace NFC y el c\u00f3digo QR para una evaluaci\u00f3n directa en su perfil TripAdvisor!<\/strong><strong><br \/>\n<\/strong><\/p>\n","protected":false},"featured_media":98317,"comment_status":"open","ping_status":"closed","template":"","meta":{"_acf_changed":false,"_yoast_wpseo_focuskw":"Rese\u00f1a TripAdvisor NFC Stand","_yoast_wpseo_title":"Review us on TripAdvisor NFC Stand \/ Display | truzzer","_yoast_wpseo_metadesc":"Refuerza tu reputaci\u00f3n en TripAdvisor con Review us on TripAdvisor NFC Stand \/ Display de truzzer. F\u00e1cil configuraci\u00f3n, listo para usar. \u00a1Pide ahora!"},"product_brand":[1691],"product_cat":[582,1419],"product_tag":[],"class_list":{"0":"post-98315","1":"product","2":"type-product","3":"status-publish","4":"has-post-thumbnail","6":"product_brand-tripadvisor","7":"product_cat-nfc-productos","8":"product_cat-resenas-de-tripadvisor-expositores-de-mesa-con-nfc","9":"pa_industry-hotel","10":"pa_industry-practica-medica","11":"pa_industry-restaurante-cafeteria","12":"pa_material-acrylic","13":"pa_placement-balie-receptie","14":"pa_placement-kassa-pos","15":"pa_placement-tafel","16":"pa_product-type-displays-y-stands","17":"pa_technology-nfc","19":"first","20":"instock","21":"taxable","22":"shipping-taxable","23":"purchasable","24":"product-type-simple"},"acf":[],"yoast_head":"<!-- This site is optimized with the Yoast SEO plugin v27.0 - https:\/\/yoast.com\/product\/yoast-seo-wordpress\/ -->\n<title>Review us on TripAdvisor NFC Stand \/ Display | truzzer<\/title>\n<meta name=\"description\" content=\"Refuerza tu reputaci\u00f3n en TripAdvisor con Review us on TripAdvisor NFC Stand \/ Display de truzzer. F\u00e1cil configuraci\u00f3n, listo para usar. \u00a1Pide ahora!\" \/>\n<meta name=\"robots\" content=\"index, follow, max-snippet:-1, max-image-preview:large, max-video-preview:-1\" \/>\n<link rel=\"canonical\" href=\"https:\/\/www.truzzer.com\/es\/producto\/review-us-on-tripadvisor-nfc-stand-display\/\" \/>\n<meta property=\"og:locale\" content=\"es_ES\" \/>\n<meta property=\"og:type\" content=\"article\" \/>\n<meta property=\"og:title\" content=\"Review us on TripAdvisor NFC Stand \/ Display | truzzer\" \/>\n<meta property=\"og:description\" content=\"Refuerza tu reputaci\u00f3n en TripAdvisor con Review us on TripAdvisor NFC Stand \/ Display de truzzer. F\u00e1cil configuraci\u00f3n, listo para usar. \u00a1Pide ahora!\" \/>\n<meta property=\"og:url\" content=\"https:\/\/www.truzzer.com\/es\/producto\/review-us-on-tripadvisor-nfc-stand-display\/\" \/>\n<meta property=\"og:site_name\" content=\"truzzer\" \/>\n<meta property=\"article:modified_time\" content=\"2026-02-13T08:05:51+00:00\" \/>\n<meta property=\"og:image\" content=\"https:\/\/www.truzzer.com\/wp-content\/uploads\/2026\/02\/review-us-on-tripadvisor-nfc-stand-1.jpg\" \/>\n\t<meta property=\"og:image:width\" content=\"1200\" \/>\n\t<meta property=\"og:image:height\" content=\"1200\" \/>\n\t<meta property=\"og:image:type\" content=\"image\/jpeg\" \/>\n<meta name=\"twitter:card\" content=\"summary_large_image\" \/>\n<script type=\"application\/ld+json\" class=\"yoast-schema-graph\">{\"@context\":\"https:\/\/schema.org\",\"@graph\":[{\"@type\":\"WebPage\",\"@id\":\"https:\/\/www.truzzer.com\/es\/producto\/review-us-on-tripadvisor-nfc-stand-display\/\",\"url\":\"https:\/\/www.truzzer.com\/es\/producto\/review-us-on-tripadvisor-nfc-stand-display\/\",\"name\":\"Review us on TripAdvisor NFC Stand \/ Display | truzzer\",\"isPartOf\":{\"@id\":\"https:\/\/www.truzzer.com\/es\/#website\"},\"primaryImageOfPage\":{\"@id\":\"https:\/\/www.truzzer.com\/es\/producto\/review-us-on-tripadvisor-nfc-stand-display\/#primaryimage\"},\"image\":{\"@id\":\"https:\/\/www.truzzer.com\/es\/producto\/review-us-on-tripadvisor-nfc-stand-display\/#primaryimage\"},\"thumbnailUrl\":\"https:\/\/www.truzzer.com\/wp-content\/uploads\/2026\/02\/review-us-on-tripadvisor-nfc-stand-1.jpg\",\"datePublished\":\"2026-02-01T20:00:56+00:00\",\"dateModified\":\"2026-02-13T08:05:51+00:00\",\"description\":\"Refuerza tu reputaci\u00f3n en TripAdvisor con Review us on TripAdvisor NFC Stand \/ Display de truzzer. F\u00e1cil configuraci\u00f3n, listo para usar. \u00a1Pide ahora!\",\"breadcrumb\":{\"@id\":\"https:\/\/www.truzzer.com\/es\/producto\/review-us-on-tripadvisor-nfc-stand-display\/#breadcrumb\"},\"inLanguage\":\"es\",\"potentialAction\":[{\"@type\":\"ReadAction\",\"target\":[\"https:\/\/www.truzzer.com\/es\/producto\/review-us-on-tripadvisor-nfc-stand-display\/\"]}]},{\"@type\":\"ImageObject\",\"inLanguage\":\"es\",\"@id\":\"https:\/\/www.truzzer.com\/es\/producto\/review-us-on-tripadvisor-nfc-stand-display\/#primaryimage\",\"url\":\"https:\/\/www.truzzer.com\/wp-content\/uploads\/2026\/02\/review-us-on-tripadvisor-nfc-stand-1.jpg\",\"contentUrl\":\"https:\/\/www.truzzer.com\/wp-content\/uploads\/2026\/02\/review-us-on-tripadvisor-nfc-stand-1.jpg\",\"width\":1200,\"height\":1200},{\"@type\":\"BreadcrumbList\",\"@id\":\"https:\/\/www.truzzer.com\/es\/producto\/review-us-on-tripadvisor-nfc-stand-display\/#breadcrumb\",\"itemListElement\":[{\"@type\":\"ListItem\",\"position\":1,\"name\":\"Home\",\"item\":\"https:\/\/www.truzzer.com\/es\/\"},{\"@type\":\"ListItem\",\"position\":2,\"name\":\"Tienda\",\"item\":\"https:\/\/www.truzzer.com\/es\/tienda\/\"},{\"@type\":\"ListItem\",\"position\":3,\"name\":\"Rese\u00f1anos en TripAdvisor NFC Soporte\/Pantalla\"}]},{\"@type\":\"WebSite\",\"@id\":\"https:\/\/www.truzzer.com\/es\/#website\",\"url\":\"https:\/\/www.truzzer.com\/es\/\",\"name\":\"truzzer\",\"description\":\"Experts for customer trust\",\"publisher\":{\"@id\":\"https:\/\/www.truzzer.com\/es\/#organization\"},\"potentialAction\":[{\"@type\":\"SearchAction\",\"target\":{\"@type\":\"EntryPoint\",\"urlTemplate\":\"https:\/\/www.truzzer.com\/es\/?s={search_term_string}\"},\"query-input\":{\"@type\":\"PropertyValueSpecification\",\"valueRequired\":true,\"valueName\":\"search_term_string\"}}],\"inLanguage\":\"es\"},{\"@type\":\"Organization\",\"@id\":\"https:\/\/www.truzzer.com\/es\/#organization\",\"name\":\"truzzer\",\"url\":\"https:\/\/www.truzzer.com\/es\/\",\"logo\":{\"@type\":\"ImageObject\",\"inLanguage\":\"es\",\"@id\":\"https:\/\/www.truzzer.com\/es\/#\/schema\/logo\/image\/\",\"url\":\"https:\/\/truzzer.com\/wp-content\/uploads\/2026\/01\/truzzer-logo-black-1.svg\",\"contentUrl\":\"https:\/\/truzzer.com\/wp-content\/uploads\/2026\/01\/truzzer-logo-black-1.svg\",\"width\":938,\"height\":199,\"caption\":\"truzzer\"},\"image\":{\"@id\":\"https:\/\/www.truzzer.com\/es\/#\/schema\/logo\/image\/\"}}]}<\/script>\n<!-- \/ Yoast SEO plugin. -->","yoast_head_json":{"title":"Review us on TripAdvisor NFC Stand \/ Display | truzzer","description":"Refuerza tu reputaci\u00f3n en TripAdvisor con Review us on TripAdvisor NFC Stand \/ Display de truzzer. F\u00e1cil configuraci\u00f3n, listo para usar. \u00a1Pide ahora!","robots":{"index":"index","follow":"follow","max-snippet":"max-snippet:-1","max-image-preview":"max-image-preview:large","max-video-preview":"max-video-preview:-1"},"canonical":"https:\/\/www.truzzer.com\/es\/producto\/review-us-on-tripadvisor-nfc-stand-display\/","og_locale":"es_ES","og_type":"article","og_title":"Review us on TripAdvisor NFC Stand \/ Display | truzzer","og_description":"Refuerza tu reputaci\u00f3n en TripAdvisor con Review us on TripAdvisor NFC Stand \/ Display de truzzer. F\u00e1cil configuraci\u00f3n, listo para usar. \u00a1Pide ahora!","og_url":"https:\/\/www.truzzer.com\/es\/producto\/review-us-on-tripadvisor-nfc-stand-display\/","og_site_name":"truzzer","article_modified_time":"2026-02-13T08:05:51+00:00","og_image":[{"width":1200,"height":1200,"url":"https:\/\/www.truzzer.com\/wp-content\/uploads\/2026\/02\/review-us-on-tripadvisor-nfc-stand-1.jpg","type":"image\/jpeg"}],"twitter_card":"summary_large_image","schema":{"@context":"https:\/\/schema.org","@graph":[{"@type":"WebPage","@id":"https:\/\/www.truzzer.com\/es\/producto\/review-us-on-tripadvisor-nfc-stand-display\/","url":"https:\/\/www.truzzer.com\/es\/producto\/review-us-on-tripadvisor-nfc-stand-display\/","name":"Review us on TripAdvisor NFC Stand \/ Display | truzzer","isPartOf":{"@id":"https:\/\/www.truzzer.com\/es\/#website"},"primaryImageOfPage":{"@id":"https:\/\/www.truzzer.com\/es\/producto\/review-us-on-tripadvisor-nfc-stand-display\/#primaryimage"},"image":{"@id":"https:\/\/www.truzzer.com\/es\/producto\/review-us-on-tripadvisor-nfc-stand-display\/#primaryimage"},"thumbnailUrl":"https:\/\/www.truzzer.com\/wp-content\/uploads\/2026\/02\/review-us-on-tripadvisor-nfc-stand-1.jpg","datePublished":"2026-02-01T20:00:56+00:00","dateModified":"2026-02-13T08:05:51+00:00","description":"Refuerza tu reputaci\u00f3n en TripAdvisor con Review us on TripAdvisor NFC Stand \/ Display de truzzer. F\u00e1cil configuraci\u00f3n, listo para usar. \u00a1Pide ahora!","breadcrumb":{"@id":"https:\/\/www.truzzer.com\/es\/producto\/review-us-on-tripadvisor-nfc-stand-display\/#breadcrumb"},"inLanguage":"es","potentialAction":[{"@type":"ReadAction","target":["https:\/\/www.truzzer.com\/es\/producto\/review-us-on-tripadvisor-nfc-stand-display\/"]}]},{"@type":"ImageObject","inLanguage":"es","@id":"https:\/\/www.truzzer.com\/es\/producto\/review-us-on-tripadvisor-nfc-stand-display\/#primaryimage","url":"https:\/\/www.truzzer.com\/wp-content\/uploads\/2026\/02\/review-us-on-tripadvisor-nfc-stand-1.jpg","contentUrl":"https:\/\/www.truzzer.com\/wp-content\/uploads\/2026\/02\/review-us-on-tripadvisor-nfc-stand-1.jpg","width":1200,"height":1200},{"@type":"BreadcrumbList","@id":"https:\/\/www.truzzer.com\/es\/producto\/review-us-on-tripadvisor-nfc-stand-display\/#breadcrumb","itemListElement":[{"@type":"ListItem","position":1,"name":"Home","item":"https:\/\/www.truzzer.com\/es\/"},{"@type":"ListItem","position":2,"name":"Tienda","item":"https:\/\/www.truzzer.com\/es\/tienda\/"},{"@type":"ListItem","position":3,"name":"Rese\u00f1anos en TripAdvisor NFC Soporte\/Pantalla"}]},{"@type":"WebSite","@id":"https:\/\/www.truzzer.com\/es\/#website","url":"https:\/\/www.truzzer.com\/es\/","name":"truzzer","description":"Experts for customer trust","publisher":{"@id":"https:\/\/www.truzzer.com\/es\/#organization"},"potentialAction":[{"@type":"SearchAction","target":{"@type":"EntryPoint","urlTemplate":"https:\/\/www.truzzer.com\/es\/?s={search_term_string}"},"query-input":{"@type":"PropertyValueSpecification","valueRequired":true,"valueName":"search_term_string"}}],"inLanguage":"es"},{"@type":"Organization","@id":"https:\/\/www.truzzer.com\/es\/#organization","name":"truzzer","url":"https:\/\/www.truzzer.com\/es\/","logo":{"@type":"ImageObject","inLanguage":"es","@id":"https:\/\/www.truzzer.com\/es\/#\/schema\/logo\/image\/","url":"https:\/\/truzzer.com\/wp-content\/uploads\/2026\/01\/truzzer-logo-black-1.svg","contentUrl":"https:\/\/truzzer.com\/wp-content\/uploads\/2026\/01\/truzzer-logo-black-1.svg","width":938,"height":199,"caption":"truzzer"},"image":{"@id":"https:\/\/www.truzzer.com\/es\/#\/schema\/logo\/image\/"}}]}},"tiered_pricing_type":"fixed","tiered_pricing_fixed_rules":[],"tiered_pricing_product_settings":{"layout":"default","base_unit_name":{"singular":null,"plural":null},"default_variation":null},"tiered_pricing_minimum_quantity":null,"tiered_pricing_roles_data":[],"tiered_pricing_percentage_rules":[],"tiered_pricing_maximum_quantity":null,"tiered_pricing_quantity_step":null,"_links":{"self":[{"href":"https:\/\/www.truzzer.com\/es\/wp-json\/wp\/v2\/product\/98315","targetHints":{"allow":["GET"]}}],"collection":[{"href":"https:\/\/www.truzzer.com\/es\/wp-json\/wp\/v2\/product"}],"about":[{"href":"https:\/\/www.truzzer.com\/es\/wp-json\/wp\/v2\/types\/product"}],"replies":[{"embeddable":true,"href":"https:\/\/www.truzzer.com\/es\/wp-json\/wp\/v2\/comments?post=98315"}],"wp:featuredmedia":[{"embeddable":true,"href":"https:\/\/www.truzzer.com\/es\/wp-json\/wp\/v2\/media\/98317"}],"wp:attachment":[{"href":"https:\/\/www.truzzer.com\/es\/wp-json\/wp\/v2\/media?parent=98315"}],"wp:term":[{"taxonomy":"product_brand","embeddable":true,"href":"https:\/\/www.truzzer.com\/es\/wp-json\/wp\/v2\/product_brand?post=98315"},{"taxonomy":"product_cat","embeddable":true,"href":"https:\/\/www.truzzer.com\/es\/wp-json\/wp\/v2\/product_cat?post=98315"},{"taxonomy":"product_tag","embeddable":true,"href":"https:\/\/www.truzzer.com\/es\/wp-json\/wp\/v2\/product_tag?post=98315"}],"curies":[{"name":"wp","href":"https:\/\/api.w.org\/{rel}","templated":true}]}}